{"id":1000518,"date":"2024-09-18T16:24:46","date_gmt":"2024-09-18T14:24:46","guid":{"rendered":"https:\/\/colmadosingular.com\/llibres\/amor-y-grasa\/"},"modified":"2026-02-19T12:29:29","modified_gmt":"2026-02-19T11:29:29","slug":"amor-y-grasa","status":"publish","type":"page","link":"https:\/\/colmadosingular.com\/ca\/llibres\/amor-y-grasa\/","title":{"rendered":"&#8220;AMOR Y GRASA&#8221;"},"content":{"rendered":"\t\t<div data-elementor-type=\"wp-page\" data-elementor-id=\"1000518\" class=\"elementor elementor-1000518 elementor-4415\" data-elementor-post-type=\"page\">\n\t\t\t\t<div class=\"elementor-element elementor-element-40cafe9 e-con-full e-flex e-con e-parent\" data-id=\"40cafe9\" data-element_type=\"container\" data-e-type=\"container\">\n\t\t<div class=\"elementor-element elementor-element-7600d0e e-con-full e-flex e-con e-child\" data-id=\"7600d0e\" data-element_type=\"container\" data-e-type=\"container\">\n\t\t\t\t<div class=\"elementor-element elementor-element-0203618 elementor-widget elementor-widget-image\" data-id=\"0203618\" data-element_type=\"widget\" data-e-type=\"widget\" data-widget_type=\"image.default\">\n\t\t\t\t<div class=\"elementor-widget-container\">\n\t\t\t\t\t\t\t\t\t\t\t\t\t\t\t<img fetchpriority=\"high\" decoding=\"async\" width=\"800\" height=\"800\" src=\"https:\/\/colmadosingular.com\/wp-content\/uploads\/2024\/09\/LIBRO_AG_23630138.jpg\" class=\"attachment-large size-large wp-image-6133\" alt=\"\" srcset=\"https:\/\/colmadosingular.com\/wp-content\/uploads\/2024\/09\/LIBRO_AG_23630138.jpg 800w, https:\/\/colmadosingular.com\/wp-content\/uploads\/2024\/09\/LIBRO_AG_23630138-300x300.jpg 300w, https:\/\/colmadosingular.com\/wp-content\/uploads\/2024\/09\/LIBRO_AG_23630138-100x100.jpg 100w, https:\/\/colmadosingular.com\/wp-content\/uploads\/2024\/09\/LIBRO_AG_23630138-600x600.jpg 600w, https:\/\/colmadosingular.com\/wp-content\/uploads\/2024\/09\/LIBRO_AG_23630138-150x150.jpg 150w, https:\/\/colmadosingular.com\/wp-content\/uploads\/2024\/09\/LIBRO_AG_23630138-768x768.jpg 768w, https:\/\/colmadosingular.com\/wp-content\/uploads\/2024\/09\/LIBRO_AG_23630138-12x12.jpg 12w\" sizes=\"(max-width: 800px) 100vw, 800px\" \/>\t\t\t\t\t\t\t\t\t\t\t\t\t\t\t<\/div>\n\t\t\t\t<\/div>\n\t\t\t\t<\/div>\n\t\t<div class=\"elementor-element elementor-element-7a277c9 e-con-full e-flex e-con e-child\" data-id=\"7a277c9\" data-element_type=\"container\" data-e-type=\"container\">\n\t\t\t\t<div class=\"elementor-element elementor-element-9365c34 elementor-widget elementor-widget-image\" data-id=\"9365c34\" data-element_type=\"widget\" data-e-type=\"widget\" data-widget_type=\"image.default\">\n\t\t\t\t<div class=\"elementor-widget-container\">\n\t\t\t\t\t\t\t\t\t\t\t\t\t\t\t<img decoding=\"async\" width=\"800\" height=\"800\" src=\"https:\/\/colmadosingular.com\/wp-content\/uploads\/2024\/09\/LIBRO_AG_23630139.jpg\" class=\"attachment-large size-large wp-image-6134\" alt=\"\" srcset=\"https:\/\/colmadosingular.com\/wp-content\/uploads\/2024\/09\/LIBRO_AG_23630139.jpg 800w, https:\/\/colmadosingular.com\/wp-content\/uploads\/2024\/09\/LIBRO_AG_23630139-300x300.jpg 300w, https:\/\/colmadosingular.com\/wp-content\/uploads\/2024\/09\/LIBRO_AG_23630139-100x100.jpg 100w, https:\/\/colmadosingular.com\/wp-content\/uploads\/2024\/09\/LIBRO_AG_23630139-600x600.jpg 600w, https:\/\/colmadosingular.com\/wp-content\/uploads\/2024\/09\/LIBRO_AG_23630139-150x150.jpg 150w, https:\/\/colmadosingular.com\/wp-content\/uploads\/2024\/09\/LIBRO_AG_23630139-768x768.jpg 768w, https:\/\/colmadosingular.com\/wp-content\/uploads\/2024\/09\/LIBRO_AG_23630139-12x12.jpg 12w\" sizes=\"(max-width: 800px) 100vw, 800px\" \/>\t\t\t\t\t\t\t\t\t\t\t\t\t\t\t<\/div>\n\t\t\t\t<\/div>\n\t\t\t\t<\/div>\n\t\t\t\t<\/div>\n\t\t<div class=\"elementor-element elementor-element-9defff8 e-flex e-con-boxed e-con e-parent\" data-id=\"9defff8\" data-element_type=\"container\" data-e-type=\"container\">\n\t\t\t\t\t<div class=\"e-con-inner\">\n\t\t<div class=\"elementor-element elementor-element-10da3d8 e-con-full e-flex e-con e-child\" data-id=\"10da3d8\" data-element_type=\"container\" data-e-type=\"container\">\n\t\t\t\t<div class=\"elementor-element elementor-element-2b43bec elementor-widget elementor-widget-heading\" data-id=\"2b43bec\" data-element_type=\"widget\" data-e-type=\"widget\" data-widget_type=\"heading.default\">\n\t\t\t\t<div class=\"elementor-widget-container\">\n\t\t\t\t\t<h2 class=\"elementor-heading-title elementor-size-default\">\"AMOR Y GRASA\"<br><span lang=\"ES-TRAD\">Ainhoa \u200b\u200bAguirregoitia<\/span><\/h2>\t\t\t\t<\/div>\n\t\t\t\t<\/div>\n\t\t\t\t<\/div>\n\t\t<div class=\"elementor-element elementor-element-f5bd58f e-con-full e-flex e-con e-child\" data-id=\"f5bd58f\" data-element_type=\"container\" data-e-type=\"container\">\n\t\t\t\t<div class=\"elementor-element elementor-element-fe840f9 elementor-widget elementor-widget-text-editor\" data-id=\"fe840f9\" data-element_type=\"widget\" data-e-type=\"widget\" data-widget_type=\"text-editor.default\">\n\t\t\t\t<div class=\"elementor-widget-container\">\n\t\t\t\t\t\t\t\t\t<p><span style=\"color: #333333;\">&#8220;Amor y Grasa&#8221; \u00e9s el reflex, a trav\u00e9s de 115 receptes, de la hist\u00f2ria entre Colmado Singular i Ainhoa \u200b\u200bAguirregoitia.<\/span><\/p><p><span style=\"color: #333333;\">\u00c9s un receptari ple de sabors, aromes i productes; un reflex de diversi\u00f3 i flexibilitat a la cuina, on els lectors tindran la darrera paraula a l&#8217;hora de reinterpretar les nostres elaboracions.<\/span><\/p><p><span style=\"color: #333333;\">Algunes receptes s\u00f3n r\u00e0pides, instant\u00e0nies i fins i tot susceptibles d&#8217;executar-se fora d&#8217;una cuina.<\/span><\/p><p><span style=\"color: #333333;\">D&#8217;altres, m\u00e9s calmades, requereixen temps i paci\u00e8ncia.<\/span><\/p><p><span style=\"color: #333333;\">Totes estan escrites en un llenguatge informal i directe, amb el qual es pret\u00e9n mantenir un vincle proper amb els lectors.<\/span><\/p><p><span style=\"color: #333333;\">A &#8220;Amor Y Grasa&#8221; hi ha alguna cosa m\u00e9s que receptes; hi ha una mica d&#8217;humor, uns quants trucs, aplicacions diverses d&#8217;un mateix producte i tamb\u00e9 dreceres culin\u00e0ries que potser et poden ajudar a treballar a la teva cuina des d&#8217;una perspectiva diferent.<\/span><\/p>\t\t\t\t\t\t\t\t<\/div>\n\t\t\t\t<\/div>\n\t\t\t\t<\/div>\n\t\t\t\t\t<\/div>\n\t\t\t\t<\/div>\n\t\t<div class=\"elementor-element elementor-element-9a1d791 e-con-full e-flex e-con e-parent\" data-id=\"9a1d791\" data-element_type=\"container\" data-e-type=\"container\">\n\t\t<div class=\"elementor-element elementor-element-5e4a10e e-flex e-con-boxed e-con e-child\" data-id=\"5e4a10e\" data-element_type=\"container\" data-e-type=\"container\">\n\t\t\t\t\t<div class=\"e-con-inner\">\n\t\t\t\t<div class=\"elementor-element elementor-element-a67ee49 elementor-widget elementor-widget-spacer\" data-id=\"a67ee49\" data-element_type=\"widget\" data-e-type=\"widget\" data-widget_type=\"spacer.default\">\n\t\t\t\t<div class=\"elementor-widget-container\">\n\t\t\t\t\t\t\t<div class=\"elementor-spacer\">\n\t\t\t<div class=\"elementor-spacer-inner\"><\/div>\n\t\t<\/div>\n\t\t\t\t\t\t<\/div>\n\t\t\t\t<\/div>\n\t\t\t\t\t<\/div>\n\t\t\t\t<\/div>\n\t\t\t\t<\/div>\n\t\t<div class=\"elementor-element elementor-element-46af3f4 e-con-full e-flex e-con e-parent\" data-id=\"46af3f4\" data-element_type=\"container\" data-e-type=\"container\">\n\t\t<div class=\"elementor-element elementor-element-86d122a e-con-full e-flex e-con e-child\" data-id=\"86d122a\" data-element_type=\"container\" data-e-type=\"container\">\n\t\t<div class=\"elementor-element elementor-element-04f38f0 e-flex e-con-boxed e-con e-child\" data-id=\"04f38f0\" data-element_type=\"container\" data-e-type=\"container\">\n\t\t\t\t\t<div class=\"e-con-inner\">\n\t\t\t\t<div class=\"elementor-element elementor-element-964e222 elementor-widget elementor-widget-image\" data-id=\"964e222\" data-element_type=\"widget\" data-e-type=\"widget\" data-widget_type=\"image.default\">\n\t\t\t\t<div class=\"elementor-widget-container\">\n\t\t\t\t\t\t\t\t\t\t\t\t\t\t\t<img decoding=\"async\" width=\"800\" height=\"533\" src=\"https:\/\/colmadosingular.com\/wp-content\/uploads\/2024\/10\/Libro_AmoryGrasa_23630161.jpg\" class=\"attachment-large size-large wp-image-7878\" alt=\"\" srcset=\"https:\/\/colmadosingular.com\/wp-content\/uploads\/2024\/10\/Libro_AmoryGrasa_23630161.jpg 800w, https:\/\/colmadosingular.com\/wp-content\/uploads\/2024\/10\/Libro_AmoryGrasa_23630161-300x200.jpg 300w, https:\/\/colmadosingular.com\/wp-content\/uploads\/2024\/10\/Libro_AmoryGrasa_23630161-768x512.jpg 768w\" sizes=\"(max-width: 800px) 100vw, 800px\" \/>\t\t\t\t\t\t\t\t\t\t\t\t\t\t\t<\/div>\n\t\t\t\t<\/div>\n\t\t\t\t<div class=\"elementor-element elementor-element-b77af5b elementor-widget elementor-widget-spacer\" data-id=\"b77af5b\" data-element_type=\"widget\" data-e-type=\"widget\" data-widget_type=\"spacer.default\">\n\t\t\t\t<div class=\"elementor-widget-container\">\n\t\t\t\t\t\t\t<div class=\"elementor-spacer\">\n\t\t\t<div class=\"elementor-spacer-inner\"><\/div>\n\t\t<\/div>\n\t\t\t\t\t\t<\/div>\n\t\t\t\t<\/div>\n\t\t\t\t\t<\/div>\n\t\t\t\t<\/div>\n\t\t\t\t<\/div>\n\t\t\t\t<\/div>\n\t\t<div class=\"elementor-element elementor-element-5eef875 e-con-full e-flex e-con e-parent\" data-id=\"5eef875\" data-element_type=\"container\" data-e-type=\"container\">\n\t\t<div class=\"elementor-element elementor-element-ce534ae e-con-full e-flex e-con e-child\" data-id=\"ce534ae\" data-element_type=\"container\" data-e-type=\"container\">\n\t\t\t\t<div class=\"elementor-element elementor-element-487f55b elementor-widget elementor-widget-image\" data-id=\"487f55b\" data-element_type=\"widget\" data-e-type=\"widget\" data-widget_type=\"image.default\">\n\t\t\t\t<div class=\"elementor-widget-container\">\n\t\t\t\t\t\t\t\t\t\t\t\t\t\t\t<img loading=\"lazy\" decoding=\"async\" width=\"800\" height=\"533\" src=\"https:\/\/colmadosingular.com\/wp-content\/uploads\/2024\/10\/Libro_AmoryGrasa_23630155.jpg\" class=\"attachment-large size-large wp-image-7876\" alt=\"\" srcset=\"https:\/\/colmadosingular.com\/wp-content\/uploads\/2024\/10\/Libro_AmoryGrasa_23630155.jpg 800w, https:\/\/colmadosingular.com\/wp-content\/uploads\/2024\/10\/Libro_AmoryGrasa_23630155-300x200.jpg 300w, https:\/\/colmadosingular.com\/wp-content\/uploads\/2024\/10\/Libro_AmoryGrasa_23630155-768x512.jpg 768w\" sizes=\"(max-width: 800px) 100vw, 800px\" \/>\t\t\t\t\t\t\t\t\t\t\t\t\t\t\t<\/div>\n\t\t\t\t<\/div>\n\t\t\t\t<\/div>\n\t\t<div class=\"elementor-element elementor-element-05ff952 e-con-full e-flex e-con e-child\" data-id=\"05ff952\" data-element_type=\"container\" data-e-type=\"container\">\n\t\t\t\t<div class=\"elementor-element elementor-element-0f3f698 elementor-widget elementor-widget-image\" data-id=\"0f3f698\" data-element_type=\"widget\" data-e-type=\"widget\" data-widget_type=\"image.default\">\n\t\t\t\t<div class=\"elementor-widget-container\">\n\t\t\t\t\t\t\t\t\t\t\t\t\t\t\t<img loading=\"lazy\" decoding=\"async\" width=\"800\" height=\"533\" src=\"https:\/\/colmadosingular.com\/wp-content\/uploads\/2024\/10\/Libro_AmoryGrasa_23630153.jpg\" class=\"attachment-large size-large wp-image-7874\" alt=\"\" srcset=\"https:\/\/colmadosingular.com\/wp-content\/uploads\/2024\/10\/Libro_AmoryGrasa_23630153.jpg 800w, https:\/\/colmadosingular.com\/wp-content\/uploads\/2024\/10\/Libro_AmoryGrasa_23630153-300x200.jpg 300w, https:\/\/colmadosingular.com\/wp-content\/uploads\/2024\/10\/Libro_AmoryGrasa_23630153-768x512.jpg 768w\" sizes=\"(max-width: 800px) 100vw, 800px\" \/>\t\t\t\t\t\t\t\t\t\t\t\t\t\t\t<\/div>\n\t\t\t\t<\/div>\n\t\t\t\t<\/div>\n\t\t\t\t<\/div>\n\t\t\t\t<div class=\"elementor-section elementor-top-section elementor-element elementor-element-20caf2b elementor-section-stretched elementor-section-full_width elementor-section-height-default elementor-section-height-default\" data-id=\"20caf2b\" data-element_type=\"section\" data-e-type=\"section\" data-settings=\"{&quot;stretch_section&quot;:&quot;section-stretched&quot;}\">\n\t\t\t\t\t\t<div class=\"elementor-container elementor-column-gap-no\">\n\t\t\t\t\t<div class=\"elementor-column elementor-col-100 elementor-top-column elementor-element elementor-element-a0ec9c4\" data-id=\"a0ec9c4\" data-element_type=\"column\" data-e-type=\"column\">\n\t\t\t<div class=\"elementor-widget-wrap elementor-element-populated\">\n\t\t\t\t\t\t<div class=\"elementor-element elementor-element-7fa34bf elementor-widget elementor-widget-heading\" data-id=\"7fa34bf\" data-element_type=\"widget\" data-e-type=\"widget\" data-widget_type=\"heading.default\">\n\t\t\t\t<div class=\"elementor-widget-container\">\n\t\t\t\t\t<h2 class=\"elementor-heading-title elementor-size-default\">productes<\/h2>\t\t\t\t<\/div>\n\t\t\t\t<\/div>\n\t\t\t\t<div class=\"elementor-element elementor-element-50baeed elementor-widget elementor-widget-lastudio-products\" data-id=\"50baeed\" data-element_type=\"widget\" data-e-type=\"widget\" data-widget_type=\"lastudio-products.default\">\n\t\t\t\t<div class=\"elementor-widget-container\">\n\t\t\t\t\t<div class=\"js-el woocommerce columns-3  elementor_wc_widget_50baeed_0\" data-la_component=\"InfiniteScroll\" data-pagination=\".elementor_wc_widget_50baeed_0 .la-pagination\"><div class=\"row\"><div class=\"col-xs-12\"><ul class=\"products ul_products grid-items block-grid-3 mobile-block-grid-2 products-grid products-grid-1\" data-grid_layout=\"products-grid-1\"><\/ul><\/div><\/div><nav class=\"woocommerce-pagination la-pagination clearfix la-ajax-pagination is-ajax-pagination la-ajax-load-first with-wp-ajax\" data-parent-container=\".elementor_wc_widget_50baeed_0\" data-container=\".elementor_wc_widget_50baeed_0 ul.ul_products\" data-item-selector=\".product_item\" data-ajax_request_id=\"50baeed_0\" data-queryArgs=\"{&quot;columns&quot;:3,&quot;limit&quot;:16,&quot;loadmore_text&quot;:false,&quot;grid_style&quot;:&quot;1&quot;,&quot;enable_ajax_load&quot;:&quot;yes&quot;,&quot;layout&quot;:&quot;grid&quot;,&quot;masonry_style&quot;:false,&quot;list_style&quot;:false,&quot;columns_laptop&quot;:false,&quot;columns_tablet&quot;:false,&quot;columns_mobile_extra&quot;:2,&quot;columns_mobile&quot;:false,&quot;enable_custom_image_size&quot;:&quot;&quot;,&quot;image_size&quot;:false,&quot;disable_alt_image&quot;:&quot;&quot;,&quot;paginate&quot;:&quot;yes&quot;,&quot;paginate_as_loadmore&quot;:&quot;&quot;,&quot;query_post_type&quot;:&quot;by_id&quot;,&quot;query_posts_ids&quot;:[&quot;602&quot;],&quot;query_include&quot;:false,&quot;query_include_term_ids&quot;:false,&quot;query_include_authors&quot;:false,&quot;query_exclude&quot;:false,&quot;query_exclude_ids&quot;:false,&quot;query_exclude_term_ids&quot;:false,&quot;query_avoid_duplicates&quot;:false,&quot;query_select_date&quot;:false,&quot;query_date_before&quot;:false,&quot;query_date_after&quot;:false,&quot;query_orderby&quot;:&quot;date&quot;,&quot;query_order&quot;:&quot;desc&quot;,&quot;masonry_item_sizes&quot;:false,&quot;enable_custom_masonry_layout&quot;:false,&quot;masonry_container_width&quot;:false,&quot;masonry_item_base_width&quot;:false,&quot;masonry_item_base_height&quot;:false,&quot;carousel_setting&quot;:&quot;&quot;,&quot;carousel_enabled&quot;:&quot;&quot;,&quot;unique_id&quot;:&quot;50baeed&quot;,&quot;el_id&quot;:0}\" data-queryAction=\"lastudio_get_products\"><div class=\"la-ajax-loading-outer\"><div class=\"la-loader spinner3\"><div class=\"dot1\"><\/div><div class=\"dot2\"><\/div><div class=\"bounce1\"><\/div><div class=\"bounce2\"><\/div><div class=\"bounce3\"><\/div><div class=\"cube1\"><\/div><div class=\"cube2\"><\/div><div class=\"cube3\"><\/div><div class=\"cube4\"><\/div><\/div><\/div><div class=\"products__loadmore_ajax pagination_ajax_loadmore\"><a href=\"javascript:;\"><span><\/span><\/a><\/div><ul class=\"page-numbers\"><li><a class=\"next page-numbers\" href=\"https:\/\/colmadosingular.com\/ca\/wp-json\/wp\/v2\/pages\/1000518?products50baeed_0=1\"><\/a><\/li><\/ul><\/nav><\/div>\t\t\t\t<\/div>\n\t\t\t\t<\/div>\n\t\t\t\t<div class=\"elementor-element elementor-element-c06f8da elementor-widget elementor-widget-spacer\" data-id=\"c06f8da\" data-element_type=\"widget\" data-e-type=\"widget\" data-widget_type=\"spacer.default\">\n\t\t\t\t<div class=\"elementor-widget-container\">\n\t\t\t\t\t\t\t<div class=\"elementor-spacer\">\n\t\t\t<div class=\"elementor-spacer-inner\"><\/div>\n\t\t<\/div>\n\t\t\t\t\t\t<\/div>\n\t\t\t\t<\/div>\n\t\t\t\t\t<\/div>\n\t\t<\/div>\n\t\t\t\t\t<\/div>\n\t\t<\/div>\n\t\t\t\t<\/div>\n\t\t","protected":false},"excerpt":{"rendered":"<p>&#8220;AMOR Y GRASA&#8221;Ainhoa \u200b\u200bAguirregoitia &#8220;Amor y Grasa&#8221; \u00e9s el reflex, a trav\u00e9s de 115 receptes, de la hist\u00f2ria entre Colmado Singular i Ainhoa \u200b\u200bAguirregoitia. \u00c9s un receptari ple de sabors, [&hellip;]<\/p>\n","protected":false},"author":4,"featured_media":6133,"parent":1000515,"menu_order":0,"comment_status":"closed","ping_status":"closed","template":"elementor_header_footer","meta":{"_acf_changed":false,"_monsterinsights_skip_tracking":false,"_monsterinsights_sitenote_active":false,"_monsterinsights_sitenote_note":"","_monsterinsights_sitenote_category":0,"_joinchat":[],"footnotes":""},"class_list":["post-1000518","page","type-page","status-publish","has-post-thumbnail","hentry"],"acf":[],"yoast_head":"<!-- This site is optimized with the Yoast SEO plugin v24.8.1 - https:\/\/yoast.com\/wordpress\/plugins\/seo\/ -->\n<title>&quot;AMOR Y GRASA&quot; - Colmado Singular<\/title>\n<meta name=\"robots\" content=\"index, follow, max-snippet:-1, max-image-preview:large, max-video-preview:-1\" \/>\n<link rel=\"canonical\" href=\"https:\/\/colmadosingular.com\/ca\/llibres\/amor-y-grasa\/\" \/>\n<meta property=\"og:locale\" content=\"ca_ES\" \/>\n<meta property=\"og:type\" content=\"article\" \/>\n<meta property=\"og:title\" content=\"&quot;AMOR Y GRASA&quot; - Colmado Singular\" \/>\n<meta property=\"og:description\" content=\"&#8220;AMOR Y GRASA&#8221;Ainhoa \u200b\u200bAguirregoitia &#8220;Amor y Grasa&#8221; \u00e9s el reflex, a trav\u00e9s de 115 receptes, de la hist\u00f2ria entre Colmado Singular i Ainhoa \u200b\u200bAguirregoitia. \u00c9s un receptari ple de sabors, [&hellip;]\" \/>\n<meta property=\"og:url\" content=\"https:\/\/colmadosingular.com\/ca\/llibres\/amor-y-grasa\/\" \/>\n<meta property=\"og:site_name\" content=\"Colmado Singular\" \/>\n<meta property=\"article:modified_time\" content=\"2026-02-19T11:29:29+00:00\" \/>\n<meta property=\"og:image\" content=\"https:\/\/colmadosingular.com\/wp-content\/uploads\/2024\/09\/LIBRO_AG_23630138.jpg\" \/>\n\t<meta property=\"og:image:width\" content=\"800\" \/>\n\t<meta property=\"og:image:height\" content=\"800\" \/>\n\t<meta property=\"og:image:type\" content=\"image\/jpeg\" \/>\n<meta name=\"twitter:card\" content=\"summary_large_image\" \/>\n<meta name=\"twitter:label1\" content=\"Temps estimat de lectura\" \/>\n\t<meta name=\"twitter:data1\" content=\"1 minut\" \/>\n<script type=\"application\/ld+json\" class=\"yoast-schema-graph\">{\"@context\":\"https:\/\/schema.org\",\"@graph\":[{\"@type\":\"WebPage\",\"@id\":\"https:\/\/colmadosingular.com\/ca\/llibres\/amor-y-grasa\/\",\"url\":\"https:\/\/colmadosingular.com\/ca\/llibres\/amor-y-grasa\/\",\"name\":\"\\\"AMOR Y GRASA\\\" - Colmado Singular\",\"isPartOf\":{\"@id\":\"https:\/\/colmadosingular.com\/ca\/#website\"},\"primaryImageOfPage\":{\"@id\":\"https:\/\/colmadosingular.com\/ca\/llibres\/amor-y-grasa\/#primaryimage\"},\"image\":{\"@id\":\"https:\/\/colmadosingular.com\/ca\/llibres\/amor-y-grasa\/#primaryimage\"},\"thumbnailUrl\":\"https:\/\/colmadosingular.com\/wp-content\/uploads\/2024\/09\/LIBRO_AG_23630138.jpg\",\"datePublished\":\"2024-09-18T14:24:46+00:00\",\"dateModified\":\"2026-02-19T11:29:29+00:00\",\"breadcrumb\":{\"@id\":\"https:\/\/colmadosingular.com\/ca\/llibres\/amor-y-grasa\/#breadcrumb\"},\"inLanguage\":\"ca\",\"potentialAction\":[{\"@type\":\"ReadAction\",\"target\":[\"https:\/\/colmadosingular.com\/ca\/llibres\/amor-y-grasa\/\"]}]},{\"@type\":\"ImageObject\",\"inLanguage\":\"ca\",\"@id\":\"https:\/\/colmadosingular.com\/ca\/llibres\/amor-y-grasa\/#primaryimage\",\"url\":\"https:\/\/colmadosingular.com\/wp-content\/uploads\/2024\/09\/LIBRO_AG_23630138.jpg\",\"contentUrl\":\"https:\/\/colmadosingular.com\/wp-content\/uploads\/2024\/09\/LIBRO_AG_23630138.jpg\",\"width\":800,\"height\":800},{\"@type\":\"BreadcrumbList\",\"@id\":\"https:\/\/colmadosingular.com\/ca\/llibres\/amor-y-grasa\/#breadcrumb\",\"itemListElement\":[{\"@type\":\"ListItem\",\"position\":1,\"name\":\"Portada\",\"item\":\"https:\/\/colmadosingular.com\/ca\/inici\/\"},{\"@type\":\"ListItem\",\"position\":2,\"name\":\"Llibres\",\"item\":\"https:\/\/colmadosingular.com\/ca\/llibres\/\"},{\"@type\":\"ListItem\",\"position\":3,\"name\":\"&#8220;AMOR Y GRASA&#8221;\"}]},{\"@type\":\"WebSite\",\"@id\":\"https:\/\/colmadosingular.com\/ca\/#website\",\"url\":\"https:\/\/colmadosingular.com\/ca\/\",\"name\":\"Colmado Singular\",\"description\":\"\",\"publisher\":{\"@id\":\"https:\/\/colmadosingular.com\/ca\/#organization\"},\"potentialAction\":[{\"@type\":\"SearchAction\",\"target\":{\"@type\":\"EntryPoint\",\"urlTemplate\":\"https:\/\/colmadosingular.com\/ca\/?s={search_term_string}\"},\"query-input\":{\"@type\":\"PropertyValueSpecification\",\"valueRequired\":true,\"valueName\":\"search_term_string\"}}],\"inLanguage\":\"ca\"},{\"@type\":\"Organization\",\"@id\":\"https:\/\/colmadosingular.com\/ca\/#organization\",\"name\":\"Colmado Singular\",\"url\":\"https:\/\/colmadosingular.com\/ca\/\",\"logo\":{\"@type\":\"ImageObject\",\"inLanguage\":\"ca\",\"@id\":\"https:\/\/colmadosingular.com\/ca\/#\/schema\/logo\/image\/\",\"url\":\"https:\/\/colmadosingular.com\/wp-content\/uploads\/2024\/08\/logo-colmado.svg\",\"contentUrl\":\"https:\/\/colmadosingular.com\/wp-content\/uploads\/2024\/08\/logo-colmado.svg\",\"width\":620,\"height\":50,\"caption\":\"Colmado Singular\"},\"image\":{\"@id\":\"https:\/\/colmadosingular.com\/ca\/#\/schema\/logo\/image\/\"}}]}<\/script>\n<!-- \/ Yoast SEO plugin. -->","yoast_head_json":{"title":"\"AMOR Y GRASA\" - Colmado Singular","robots":{"index":"index","follow":"follow","max-snippet":"max-snippet:-1","max-image-preview":"max-image-preview:large","max-video-preview":"max-video-preview:-1"},"canonical":"https:\/\/colmadosingular.com\/ca\/llibres\/amor-y-grasa\/","og_locale":"ca_ES","og_type":"article","og_title":"\"AMOR Y GRASA\" - Colmado Singular","og_description":"&#8220;AMOR Y GRASA&#8221;Ainhoa \u200b\u200bAguirregoitia &#8220;Amor y Grasa&#8221; \u00e9s el reflex, a trav\u00e9s de 115 receptes, de la hist\u00f2ria entre Colmado Singular i Ainhoa \u200b\u200bAguirregoitia. \u00c9s un receptari ple de sabors, [&hellip;]","og_url":"https:\/\/colmadosingular.com\/ca\/llibres\/amor-y-grasa\/","og_site_name":"Colmado Singular","article_modified_time":"2026-02-19T11:29:29+00:00","og_image":[{"width":800,"height":800,"url":"https:\/\/colmadosingular.com\/wp-content\/uploads\/2024\/09\/LIBRO_AG_23630138.jpg","type":"image\/jpeg"}],"twitter_card":"summary_large_image","twitter_misc":{"Temps estimat de lectura":"1 minut"},"schema":{"@context":"https:\/\/schema.org","@graph":[{"@type":"WebPage","@id":"https:\/\/colmadosingular.com\/ca\/llibres\/amor-y-grasa\/","url":"https:\/\/colmadosingular.com\/ca\/llibres\/amor-y-grasa\/","name":"\"AMOR Y GRASA\" - Colmado Singular","isPartOf":{"@id":"https:\/\/colmadosingular.com\/ca\/#website"},"primaryImageOfPage":{"@id":"https:\/\/colmadosingular.com\/ca\/llibres\/amor-y-grasa\/#primaryimage"},"image":{"@id":"https:\/\/colmadosingular.com\/ca\/llibres\/amor-y-grasa\/#primaryimage"},"thumbnailUrl":"https:\/\/colmadosingular.com\/wp-content\/uploads\/2024\/09\/LIBRO_AG_23630138.jpg","datePublished":"2024-09-18T14:24:46+00:00","dateModified":"2026-02-19T11:29:29+00:00","breadcrumb":{"@id":"https:\/\/colmadosingular.com\/ca\/llibres\/amor-y-grasa\/#breadcrumb"},"inLanguage":"ca","potentialAction":[{"@type":"ReadAction","target":["https:\/\/colmadosingular.com\/ca\/llibres\/amor-y-grasa\/"]}]},{"@type":"ImageObject","inLanguage":"ca","@id":"https:\/\/colmadosingular.com\/ca\/llibres\/amor-y-grasa\/#primaryimage","url":"https:\/\/colmadosingular.com\/wp-content\/uploads\/2024\/09\/LIBRO_AG_23630138.jpg","contentUrl":"https:\/\/colmadosingular.com\/wp-content\/uploads\/2024\/09\/LIBRO_AG_23630138.jpg","width":800,"height":800},{"@type":"BreadcrumbList","@id":"https:\/\/colmadosingular.com\/ca\/llibres\/amor-y-grasa\/#breadcrumb","itemListElement":[{"@type":"ListItem","position":1,"name":"Portada","item":"https:\/\/colmadosingular.com\/ca\/inici\/"},{"@type":"ListItem","position":2,"name":"Llibres","item":"https:\/\/colmadosingular.com\/ca\/llibres\/"},{"@type":"ListItem","position":3,"name":"&#8220;AMOR Y GRASA&#8221;"}]},{"@type":"WebSite","@id":"https:\/\/colmadosingular.com\/ca\/#website","url":"https:\/\/colmadosingular.com\/ca\/","name":"Colmado Singular","description":"","publisher":{"@id":"https:\/\/colmadosingular.com\/ca\/#organization"},"potentialAction":[{"@type":"SearchAction","target":{"@type":"EntryPoint","urlTemplate":"https:\/\/colmadosingular.com\/ca\/?s={search_term_string}"},"query-input":{"@type":"PropertyValueSpecification","valueRequired":true,"valueName":"search_term_string"}}],"inLanguage":"ca"},{"@type":"Organization","@id":"https:\/\/colmadosingular.com\/ca\/#organization","name":"Colmado Singular","url":"https:\/\/colmadosingular.com\/ca\/","logo":{"@type":"ImageObject","inLanguage":"ca","@id":"https:\/\/colmadosingular.com\/ca\/#\/schema\/logo\/image\/","url":"https:\/\/colmadosingular.com\/wp-content\/uploads\/2024\/08\/logo-colmado.svg","contentUrl":"https:\/\/colmadosingular.com\/wp-content\/uploads\/2024\/08\/logo-colmado.svg","width":620,"height":50,"caption":"Colmado Singular"},"image":{"@id":"https:\/\/colmadosingular.com\/ca\/#\/schema\/logo\/image\/"}}]}},"_links":{"self":[{"href":"https:\/\/colmadosingular.com\/ca\/wp-json\/wp\/v2\/pages\/1000518","targetHints":{"allow":["GET"]}}],"collection":[{"href":"https:\/\/colmadosingular.com\/ca\/wp-json\/wp\/v2\/pages"}],"about":[{"href":"https:\/\/colmadosingular.com\/ca\/wp-json\/wp\/v2\/types\/page"}],"author":[{"embeddable":true,"href":"https:\/\/colmadosingular.com\/ca\/wp-json\/wp\/v2\/users\/4"}],"replies":[{"embeddable":true,"href":"https:\/\/colmadosingular.com\/ca\/wp-json\/wp\/v2\/comments?post=1000518"}],"version-history":[{"count":3,"href":"https:\/\/colmadosingular.com\/ca\/wp-json\/wp\/v2\/pages\/1000518\/revisions"}],"predecessor-version":[{"id":1000521,"href":"https:\/\/colmadosingular.com\/ca\/wp-json\/wp\/v2\/pages\/1000518\/revisions\/1000521"}],"up":[{"embeddable":true,"href":"https:\/\/colmadosingular.com\/ca\/wp-json\/wp\/v2\/pages\/1000515"}],"wp:featuredmedia":[{"embeddable":true,"href":"https:\/\/colmadosingular.com\/ca\/wp-json\/wp\/v2\/media\/6133"}],"wp:attachment":[{"href":"https:\/\/colmadosingular.com\/ca\/wp-json\/wp\/v2\/media?parent=1000518"}],"curies":[{"name":"wp","href":"https:\/\/api.w.org\/{rel}","templated":true}]}}