{"id":1000522,"date":"2024-08-28T15:26:44","date_gmt":"2024-08-28T13:26:44","guid":{"rendered":"https:\/\/colmadosingular.com\/avis-legal\/"},"modified":"2026-02-19T12:31:23","modified_gmt":"2026-02-19T11:31:23","slug":"avis-legal","status":"publish","type":"page","link":"https:\/\/colmadosingular.com\/ca\/avis-legal\/","title":{"rendered":"Av\u00eds legal"},"content":{"rendered":"\t\t<div data-elementor-type=\"wp-page\" data-elementor-id=\"1000522\" class=\"elementor elementor-1000522 elementor-3269\" data-elementor-post-type=\"page\">\n\t\t\t\t<div class=\"elementor-element elementor-element-72f788d e-flex e-con-boxed e-con e-parent\" data-id=\"72f788d\" data-element_type=\"container\" data-e-type=\"container\">\n\t\t\t\t\t<div class=\"e-con-inner\">\n\t\t\t\t<div class=\"elementor-element elementor-element-d577742 elementor-widget elementor-widget-text-editor\" data-id=\"d577742\" data-element_type=\"widget\" data-e-type=\"widget\" data-widget_type=\"text-editor.default\">\n\t\t\t\t<div class=\"elementor-widget-container\">\n\t\t\t\t\t\t\t\t\t<p><span style=\"color: #000000;\"><strong>AV\u00cdS LEGAL<\/strong><\/span><\/p><p><span style=\"color: #000000;\"><strong>1. Dades identificatives del &#8216;Prestador de Serveis de la Societat de la Informaci\u00f3&#8217;<\/strong><\/span><\/p><p><span style=\"color: #000000;\">De conformitat amb l&#8217;article 10 de la Llei 34\/2002, de Serveis de la Societat de la Informaci\u00f3 i Comer\u00e7 Electr\u00f2nic, es posa en el seu coneixement que Francesc Collell SL (d&#8217;ara endavant, COLMADO SINGULAR), amb CIF B64659410, \u00e9s el titular de l&#8217;activitat desplegada a trav\u00e9s del lloc web <a style=\"color: #000000;\" href=\"https:\/\/www.colmadosingular.com\/\">www.colmadosingular2.com<\/a> . 3,6, 17857 Sant Joan les Fonts, Girona. <\/span><\/p><p><span style=\"color: #000000;\">COLMADO SINGULAR (Francesc Collell SL) \u00e9s una empresa inscrita al Registre Mercantil de Girona, volum 2691, foli 146, secci\u00f3 8, full GI-47176.<\/span><\/p><p><span style=\"color: #000000;\">En cas de voler posar-se en contacte amb nosaltres, podeu adre\u00e7ar-vos al domicili a dalt indicat, aix\u00ed com al Tel\u00e8fon: (+34) 972 591 901 i Correu-e: <a style=\"color: #000000;\" href=\"mailto:info@colmadosingular.com\">info@colmadosingular.com<\/a> .<\/span><\/p><p><span style=\"color: #000000;\"><strong>2. Car\u00e0cter de la informaci\u00f3 publicada a la web\/blog<\/strong><\/span><\/p><p><span style=\"color: #000000;\">Les informacions ofertes mitjan\u00e7ant aquest mitj\u00e0 tenen exclusivament car\u00e0cter il\u00b7lustratiu i informatiu i no es fa responsable dels continguts accessibles mitjan\u00e7ant enlla\u00e7os o documents existents en altres dominis.<\/span><\/p><p><span style=\"color: #000000;\">COLMADO SINGULAR procura que aquesta informaci\u00f3 sigui exacta i precisa, i procedeix a la seva actualitzaci\u00f3 amb la m\u00e0xima celeritat possible, intentant evitar errors i corregint-los tan aviat com els detecta. No obstant aix\u00f2, COLMADO SINGULAR no pot garantir la inexist\u00e8ncia d&#8217;errors ni que el contingut de la informaci\u00f3 estigui permanentment actualitzat. <\/span><\/p><p><span style=\"color: #000000;\">La informaci\u00f3 continguda a la web pot ser modificada i actualitzada per COLMADO SINGULAR, sense necessitat d&#8217;av\u00eds previ, tant pel que fa al contingut com al disseny i presentaci\u00f3.<\/span><\/p><p><span style=\"color: #000000;\">La informaci\u00f3 proporcionada com a resposta a qualsevol consulta o petici\u00f3 d&#8217;informaci\u00f3 t\u00e9 car\u00e0cter merament orientatiu.<\/span><\/p><p><span style=\"color: #000000;\">COLMADO SINGULAR procura que la informaci\u00f3 sigui exacta i precisa, i procediran a la seva actualitzaci\u00f3 amb la m\u00e0xima celeritat possible, tractant d&#8217;evitar errors i corregint-los tan aviat com els detectin. COLMADO SINGULAR no pot garantir la inexist\u00e8ncia d&#8217;errors, ni que el contingut de la informaci\u00f3 es trobe, permanentment, actualitzat. <\/span><\/p><p><span style=\"color: #000000;\"><strong>3. Condicions i termes generals d\u00fas de la web<\/strong><\/span><\/p><p><span style=\"color: #000000;\">Per l&#8217;acc\u00e9s, navegaci\u00f3 per la p\u00e0gina web de COLMADO SINGULAR i\/o per la utilitzaci\u00f3 dels serveis inclosos en aquesta, vost\u00e8 adquireix la condici\u00f3 d&#8217;Usuari, sense reserves de cap classe, a totes i cadascuna de les presents Condicions i Termes Generals d&#8217;\u00das i de les Condicions Particulars, que si escau regeixin la prestaci\u00f3 dels serveis que es regeixin per la prestaci\u00f3 dels serveis Usuari, si escau, de les condicions fixades i previstes pels llocs web hipervinculats des de www.colmadosingular.com.<\/span><\/p><p><span style=\"color: #000000;\">COLMADO SINGULAR podr\u00e0, en tot moment i sense av\u00eds previ, modificar les Condicions i Termes Generals d&#8217;\u00das, aix\u00ed com les Condicions Particulars, que s&#8217;establissin.<\/span><\/p><p><span style=\"color: #000000;\">En tot cas, l&#8217;Usuari es compromet a fer un \u00fas adequat dels continguts i serveis que el COLMADO SINGULAR ofereix a trav\u00e9s de la p\u00e0gina web i, amb car\u00e0cter enunciatiu, per\u00f2 no limitatiu:<\/span><\/p><p><span style=\"color: #000000;\">(i) inc\u00f3rrer en activitats il\u00b7l\u00edcites, il\u00b7legals o contr\u00e0ries a la bona fe ia l&#8217;ordre p\u00fablic.<\/span><\/p><p><span style=\"color: #000000;\">(ii) No introduir, emmagatzemar o difondre en o des de la web, qualsevol informaci\u00f3 o material que, expl\u00edcitament o impl\u00edcitament, fos difamatori, injuri\u00f3s, obsc\u00e8, amena\u00e7ador, xen\u00f2fob, d&#8217;apologia del terrorisme, pornogr\u00e0fic o inciti a la viol\u00e8ncia, a la discriminaci\u00f3 per ra\u00f3 de ra\u00e7a, sexe, contra la moral, ideologia, religi\u00f3 fonamentals, les llibertats p\u00fabliques, amb una atenci\u00f3 especial a l&#8217;honor, la intimitat o la imatge de tercers i, en general, contra els drets humans.<\/span><\/p><p><span style=\"color: #000000;\">(iii) No utilitzar identitats falses, ni suplantar la identitat d&#8217;altres en la utilitzaci\u00f3 de la web o en la utilitzaci\u00f3 de qualsevol dels serveis disposats, incloent-hi la utilitzaci\u00f3 si \u00e9s el cas de contrasenyes o claus d&#8217;acc\u00e9s de tercers o de qualsevol altra forma.<\/span><\/p><p><span style=\"color: #000000;\">(iv) No introduir, emmagatzemar o difondre mitjan\u00e7ant el Portal cap programa d&#8217;ordinador, dades, virus, codi, equip de maquinari o de telecomunicacions o qualsevol altre instrument o dispositiu electr\u00f2nic o f\u00edsic que sigui susceptible de causar danys al Portal, en qualsevol dels serveis, o en qualsevol dels equips, sistemes o xarxes de qualsevol o de qualsevol, o general, o en general tipus d&#8217;alteraci\u00f3 o impedir-ne el funcionament normal.<\/span><\/p><p><span style=\"color: #000000;\">(v) No destruir, alterar, utilitzar per al seu \u00fas, inutilitzar o fer malb\u00e9 les dades, informacions, programes o documents electr\u00f2nics de COLMADO SINGULAR o qualssevol tercers.<\/span><\/p><p><span style=\"color: #000000;\">(vi) No introduir, emmagatzemar o difondre mitjan\u00e7ant el Portal qualsevol contingut que infringeixi drets de propietat intel\u00b7lectual, industrial o secrets empresarials de tercers, ni en general cap contingut del qual no tingui, de conformitat amb la llei, el dret a posar-lo a disposici\u00f3 de tercer.<\/span><\/p><p><span style=\"color: #000000;\">(vii) No utilitzar els serveis oferts al Portal amb l&#8217;objectiu de promocionar empreses i serveis externs, altres p\u00e0gines web i fer campanyes de publicitat o comercials, ni per actuar en benefici de persones jur\u00eddiques.<\/span><\/p><p><span style=\"color: #000000;\">En cas de contravenir les condicions anteriors, COLMADO SINGULAR es reserva la facultat i estar\u00e0 legitimat per bloquejar, suspendre o cancel\u00b7lar, de forma immediata i sense av\u00eds previ, l&#8217;acc\u00e9s i l&#8217;\u00fas de la p\u00e0gina web i, si escau, per retirar els continguts presumpta o declaradament il\u00b7legals, ja ho faci al seu exclusiu criteri, ia petici\u00f3 de tercer.<\/span><\/p><p><span style=\"color: #000000;\"><strong>4. Responsabilitat<\/strong><\/span><\/p><p><span style=\"color: #000000;\">COLMADO SINGULAR no es fa responsable dels danys i perjudicis que es poguessin derivar de, amb car\u00e0cter merament enunciatiu i no limitatiu:<\/span><\/p><p><span style=\"color: #000000;\">(i) Infer\u00e8ncies, omissions, interrupcions, virus inform\u00e0tics, avaries i\/o desconnexions en el funcionament operatiu d&#8217;aquest sistema electr\u00f2nic o als aparells i equips inform\u00e0tics dels Usuaris, motivades per causes alienes a COLMADO SINGULAR, que impedeixin o retardin la prestaci\u00f3 dels serveis o la navegaci\u00f3 pel Sistema.<\/span><\/p><p><span style=\"color: #000000;\">(ii) Retards o bloquejos en l\u00fas causats per defici\u00e8ncies o sobrec\u00e0rregues dInternet o en altres sistemes electr\u00f2nics.<\/span><\/p><p><span style=\"color: #000000;\">(iii) Que puguin ser causats per terceres persones mitjan\u00e7ant intromissions il\u00b7leg\u00edtimes fora del control i que no siguin atribu\u00efbles a COLMADO SINGULAR.<\/span><\/p><p><span style=\"color: #000000;\">(iv) De la impossibilitat de donar el servei o permetre l&#8217;acc\u00e9s per causes no imputables a COLMADO SINGULAR, degudes a l&#8217;Usuari, a tercers, oa sup\u00f2sits de for\u00e7a major.<\/span><\/p><p><span style=\"color: #000000;\"><strong>5. Propietat intel\u00b7lectual i industrial<\/strong><\/span><\/p><p><span style=\"color: #000000;\">El codi font, els dissenys gr\u00e0fics, les imatges, les fotografies, els sons, les animacions, el programari, els textos, els noms de domini, les marques, aix\u00ed com la informaci\u00f3 i els continguts recollits al llarg de tot el Portal estan protegits per la legislaci\u00f3 espanyola, a favor de COLMADO SINGULAR o dels titulars que s&#8217;hi indiquin.<\/span><\/p><p><span style=\"color: #000000;\">El seu \u00fas, reproducci\u00f3, distribuci\u00f3, comunicaci\u00f3 p\u00fablica, transformaci\u00f3 o qualsevol altra activitat similar o an\u00e0loga, queda totalment prohibida llevat que hi hagi autoritzaci\u00f3 expressa de COLMADO SINGULAR.<\/span><\/p><p><span style=\"color: #000000;\"><strong>6. Utilitzaci\u00f3 d&#8217;hiperenlla\u00e7os<\/strong><\/span><\/p><p><span style=\"color: #000000;\">L&#8217;usuari d&#8217;Internet que vulgui introduir enlla\u00e7os des de les seves pr\u00f2pies Webs a la P\u00e0gina Web haur\u00e0 de complir les condicions que es detallen a continuaci\u00f3 sense que el desconeixement eviti les responsabilitats derivades de la Llei.<\/span><\/p><p><span style=\"color: #000000;\">L&#8217;enlla\u00e7 \u00fanicament vincular\u00e0 amb l&#8217;home page o p\u00e0gina principal de la p\u00e0gina web per\u00f2 no la podr\u00e0 reproduir de cap manera (inline links, c\u00f2pia dels textos, gr\u00e0fics, etc). Quedar\u00e0 en tot cas prohibit, d&#8217;acord amb la legislaci\u00f3 aplicable i vigent a cada moment, establir frames o marcs de qualsevol tipus que emboliquin a la p\u00e0gina web o permetin la visualitzaci\u00f3 dels continguts a trav\u00e9s d&#8217;adreces d&#8217;Internet diferents de les de la p\u00e0gina web i, en qualsevol cas, quan es visualitzin conjuntament amb continguts aliens a la p\u00e0gina web de manera que: (I) produeixi sobre, veritable proced\u00e8ncia del servei o Continguts; (II) suposi un acte de comparaci\u00f3 o imitaci\u00f3 deslleial; (III) serveixi per aprofitar la reputaci\u00f3 de la marca i prestigi de COLMADO SINGULAR; o (IV) de qualsevol altra forma resulti prohibit per la legislaci\u00f3 vigent.     <\/span><\/p><p><span style=\"color: #000000;\">No es realitzaran des de la p\u00e0gina que introdueix l&#8217;enlla\u00e7 cap tipus de manifestaci\u00f3 falsa, inexacta o incorrecta sobre COLMADO SINGULAR, adre\u00e7a, empleats, clients o sobre la qualitat dels serveis que presta.<\/span><\/p><p><span style=\"color: #000000;\">En cap cas, no s&#8217;expressar\u00e0 a la p\u00e0gina on s&#8217;ubiqui l&#8217;enlla\u00e7 que COLMADO SINGULAR ha prestat el seu consentiment per a la inserci\u00f3 de l&#8217;enlla\u00e7 o que d&#8217;una altra manera patrocina, col\u00b7labora, verifica o supervisa els serveis del remitent.<\/span><\/p><p><span style=\"color: #000000;\">Est\u00e0 prohibida la utilitzaci\u00f3 de qualsevol marca denominativa, gr\u00e0fica o mixta o qualsevol altre signe distintiu de COLMADO SINGULAR dins de la p\u00e0gina del remitent excepte en els casos permesos per la llei o expressament autoritzats per COLMADO SINGULAR i sempre que es permeti, en aquests casos, un enlla\u00e7 directe amb la p\u00e0gina web en la forma establerta en aquesta cl\u00e0usula.<\/span><\/p><p><span style=\"color: #000000;\">La p\u00e0gina que estableixi l&#8217;enlla\u00e7 haur\u00e0 de complir fidelment amb la llei i no podr\u00e0 en cap cas disposar o enlla\u00e7ar amb continguts propis o de tercers que: (I) siguin il\u00b7l\u00edcits, nocius o contraris a la moral i als bons costums (pornogr\u00e0fics, violents, racistes, etc.); (II) indueixin o puguin induir a l&#8217;Usuari la falsa concepci\u00f3 que COLMADO SINGULAR subscriu, recolza, s&#8217;adhereix o de qualsevol manera recolza, les idees, manifestacions o expressions, l\u00edcites o il\u00b7l\u00edcites, del remitent; (III) resultin inapropiats o no pertinents amb l&#8217;activitat de COLMADO SINGULAR en atenci\u00f3 al lloc, continguts i tem\u00e0tica de la p\u00e0gina web del remitent. Igualment, l&#8217;Usuari s&#8217;abstindr\u00e0 d&#8217;incloure a la p\u00e0gina web qualsevol hiperenlla\u00e7 (d&#8217;ara endavant, \u201clink\u201d) dirigit a una p\u00e0gina web que contingui informaci\u00f3 o continguts il\u00b7l\u00edcits, contraris a la moral i als bons costums generalment acceptats, ia l&#8217;ordre p\u00fablic.    <\/span><\/p><p><span style=\"color: #000000;\"><strong>7. Legislaci\u00f3 aplicable i fur competent<\/strong><\/span><\/p><p><span style=\"color: #000000;\">Qualsevol controv\u00e8rsia relativa a aquest lloc Web es regir\u00e0 per la legislaci\u00f3 espanyola, renunciant expressament les parts al fur que els correspongui, i sotmetent-se als Jutjats i Tribunals de la ciutat de Girona, excepte fur imperatiu aplicable, com ara el domicili del consumidor.<\/span><\/p>\t\t\t\t\t\t\t\t<\/div>\n\t\t\t\t<\/div>\n\t\t\t\t\t<\/div>\n\t\t\t\t<\/div>\n\t\t<div class=\"elementor-element elementor-element-33f6918 e-flex e-con-boxed e-con e-parent\" data-id=\"33f6918\" data-element_type=\"container\" data-e-type=\"container\">\n\t\t\t\t\t<div class=\"e-con-inner\">\n\t\t\t\t<div class=\"elementor-element elementor-element-ce40678 elementor-widget elementor-widget-spacer\" data-id=\"ce40678\" data-element_type=\"widget\" data-e-type=\"widget\" data-widget_type=\"spacer.default\">\n\t\t\t\t<div class=\"elementor-widget-container\">\n\t\t\t\t\t\t\t<div class=\"elementor-spacer\">\n\t\t\t<div class=\"elementor-spacer-inner\"><\/div>\n\t\t<\/div>\n\t\t\t\t\t\t<\/div>\n\t\t\t\t<\/div>\n\t\t\t\t\t<\/div>\n\t\t\t\t<\/div>\n\t\t\t\t<\/div>\n\t\t","protected":false},"excerpt":{"rendered":"<p>AV\u00cdS LEGAL 1. Dades identificatives del &#8216;Prestador de Serveis de la Societat de la Informaci\u00f3&#8217; De conformitat amb l&#8217;article 10 de la Llei 34\/2002, de Serveis de la Societat de [&hellip;]<\/p>\n","protected":false},"author":2,"featured_media":0,"parent":0,"menu_order":0,"comment_status":"closed","ping_status":"closed","template":"","meta":{"_acf_changed":false,"_monsterinsights_skip_tracking":false,"_monsterinsights_sitenote_active":false,"_monsterinsights_sitenote_note":"","_monsterinsights_sitenote_category":0,"_joinchat":[],"footnotes":""},"class_list":["post-1000522","page","type-page","status-publish","hentry"],"acf":[],"yoast_head":"<!-- This site is optimized with the Yoast SEO plugin v24.8.1 - https:\/\/yoast.com\/wordpress\/plugins\/seo\/ -->\n<title>Av\u00eds legal - Colmado Singular<\/title>\n<meta name=\"robots\" content=\"index, follow, max-snippet:-1, max-image-preview:large, max-video-preview:-1\" \/>\n<link rel=\"canonical\" href=\"https:\/\/colmadosingular.com\/ca\/avis-legal\/\" \/>\n<meta property=\"og:locale\" content=\"ca_ES\" \/>\n<meta property=\"og:type\" content=\"article\" \/>\n<meta property=\"og:title\" content=\"Av\u00eds legal - Colmado Singular\" \/>\n<meta property=\"og:description\" content=\"AV\u00cdS LEGAL 1. Dades identificatives del &#8216;Prestador de Serveis de la Societat de la Informaci\u00f3&#8217; De conformitat amb l&#8217;article 10 de la Llei 34\/2002, de Serveis de la Societat de [&hellip;]\" \/>\n<meta property=\"og:url\" content=\"https:\/\/colmadosingular.com\/ca\/avis-legal\/\" \/>\n<meta property=\"og:site_name\" content=\"Colmado Singular\" \/>\n<meta property=\"article:modified_time\" content=\"2026-02-19T11:31:23+00:00\" \/>\n<meta name=\"twitter:card\" content=\"summary_large_image\" \/>\n<meta name=\"twitter:label1\" content=\"Temps estimat de lectura\" \/>\n\t<meta name=\"twitter:data1\" content=\"8 minuts\" \/>\n<script type=\"application\/ld+json\" class=\"yoast-schema-graph\">{\"@context\":\"https:\/\/schema.org\",\"@graph\":[{\"@type\":\"WebPage\",\"@id\":\"https:\/\/colmadosingular.com\/ca\/avis-legal\/\",\"url\":\"https:\/\/colmadosingular.com\/ca\/avis-legal\/\",\"name\":\"Av\u00eds legal - Colmado Singular\",\"isPartOf\":{\"@id\":\"https:\/\/colmadosingular.com\/ca\/#website\"},\"datePublished\":\"2024-08-28T13:26:44+00:00\",\"dateModified\":\"2026-02-19T11:31:23+00:00\",\"breadcrumb\":{\"@id\":\"https:\/\/colmadosingular.com\/ca\/avis-legal\/#breadcrumb\"},\"inLanguage\":\"ca\",\"potentialAction\":[{\"@type\":\"ReadAction\",\"target\":[\"https:\/\/colmadosingular.com\/ca\/avis-legal\/\"]}]},{\"@type\":\"BreadcrumbList\",\"@id\":\"https:\/\/colmadosingular.com\/ca\/avis-legal\/#breadcrumb\",\"itemListElement\":[{\"@type\":\"ListItem\",\"position\":1,\"name\":\"Portada\",\"item\":\"https:\/\/colmadosingular.com\/ca\/inici\/\"},{\"@type\":\"ListItem\",\"position\":2,\"name\":\"Av\u00eds legal\"}]},{\"@type\":\"WebSite\",\"@id\":\"https:\/\/colmadosingular.com\/ca\/#website\",\"url\":\"https:\/\/colmadosingular.com\/ca\/\",\"name\":\"Colmado Singular\",\"description\":\"\",\"publisher\":{\"@id\":\"https:\/\/colmadosingular.com\/ca\/#organization\"},\"potentialAction\":[{\"@type\":\"SearchAction\",\"target\":{\"@type\":\"EntryPoint\",\"urlTemplate\":\"https:\/\/colmadosingular.com\/ca\/?s={search_term_string}\"},\"query-input\":{\"@type\":\"PropertyValueSpecification\",\"valueRequired\":true,\"valueName\":\"search_term_string\"}}],\"inLanguage\":\"ca\"},{\"@type\":\"Organization\",\"@id\":\"https:\/\/colmadosingular.com\/ca\/#organization\",\"name\":\"Colmado Singular\",\"url\":\"https:\/\/colmadosingular.com\/ca\/\",\"logo\":{\"@type\":\"ImageObject\",\"inLanguage\":\"ca\",\"@id\":\"https:\/\/colmadosingular.com\/ca\/#\/schema\/logo\/image\/\",\"url\":\"https:\/\/colmadosingular.com\/wp-content\/uploads\/2024\/08\/logo-colmado.svg\",\"contentUrl\":\"https:\/\/colmadosingular.com\/wp-content\/uploads\/2024\/08\/logo-colmado.svg\",\"width\":620,\"height\":50,\"caption\":\"Colmado Singular\"},\"image\":{\"@id\":\"https:\/\/colmadosingular.com\/ca\/#\/schema\/logo\/image\/\"}}]}<\/script>\n<!-- \/ Yoast SEO plugin. -->","yoast_head_json":{"title":"Av\u00eds legal - Colmado Singular","robots":{"index":"index","follow":"follow","max-snippet":"max-snippet:-1","max-image-preview":"max-image-preview:large","max-video-preview":"max-video-preview:-1"},"canonical":"https:\/\/colmadosingular.com\/ca\/avis-legal\/","og_locale":"ca_ES","og_type":"article","og_title":"Av\u00eds legal - Colmado Singular","og_description":"AV\u00cdS LEGAL 1. Dades identificatives del &#8216;Prestador de Serveis de la Societat de la Informaci\u00f3&#8217; De conformitat amb l&#8217;article 10 de la Llei 34\/2002, de Serveis de la Societat de [&hellip;]","og_url":"https:\/\/colmadosingular.com\/ca\/avis-legal\/","og_site_name":"Colmado Singular","article_modified_time":"2026-02-19T11:31:23+00:00","twitter_card":"summary_large_image","twitter_misc":{"Temps estimat de lectura":"8 minuts"},"schema":{"@context":"https:\/\/schema.org","@graph":[{"@type":"WebPage","@id":"https:\/\/colmadosingular.com\/ca\/avis-legal\/","url":"https:\/\/colmadosingular.com\/ca\/avis-legal\/","name":"Av\u00eds legal - Colmado Singular","isPartOf":{"@id":"https:\/\/colmadosingular.com\/ca\/#website"},"datePublished":"2024-08-28T13:26:44+00:00","dateModified":"2026-02-19T11:31:23+00:00","breadcrumb":{"@id":"https:\/\/colmadosingular.com\/ca\/avis-legal\/#breadcrumb"},"inLanguage":"ca","potentialAction":[{"@type":"ReadAction","target":["https:\/\/colmadosingular.com\/ca\/avis-legal\/"]}]},{"@type":"BreadcrumbList","@id":"https:\/\/colmadosingular.com\/ca\/avis-legal\/#breadcrumb","itemListElement":[{"@type":"ListItem","position":1,"name":"Portada","item":"https:\/\/colmadosingular.com\/ca\/inici\/"},{"@type":"ListItem","position":2,"name":"Av\u00eds legal"}]},{"@type":"WebSite","@id":"https:\/\/colmadosingular.com\/ca\/#website","url":"https:\/\/colmadosingular.com\/ca\/","name":"Colmado Singular","description":"","publisher":{"@id":"https:\/\/colmadosingular.com\/ca\/#organization"},"potentialAction":[{"@type":"SearchAction","target":{"@type":"EntryPoint","urlTemplate":"https:\/\/colmadosingular.com\/ca\/?s={search_term_string}"},"query-input":{"@type":"PropertyValueSpecification","valueRequired":true,"valueName":"search_term_string"}}],"inLanguage":"ca"},{"@type":"Organization","@id":"https:\/\/colmadosingular.com\/ca\/#organization","name":"Colmado Singular","url":"https:\/\/colmadosingular.com\/ca\/","logo":{"@type":"ImageObject","inLanguage":"ca","@id":"https:\/\/colmadosingular.com\/ca\/#\/schema\/logo\/image\/","url":"https:\/\/colmadosingular.com\/wp-content\/uploads\/2024\/08\/logo-colmado.svg","contentUrl":"https:\/\/colmadosingular.com\/wp-content\/uploads\/2024\/08\/logo-colmado.svg","width":620,"height":50,"caption":"Colmado Singular"},"image":{"@id":"https:\/\/colmadosingular.com\/ca\/#\/schema\/logo\/image\/"}}]}},"_links":{"self":[{"href":"https:\/\/colmadosingular.com\/ca\/wp-json\/wp\/v2\/pages\/1000522","targetHints":{"allow":["GET"]}}],"collection":[{"href":"https:\/\/colmadosingular.com\/ca\/wp-json\/wp\/v2\/pages"}],"about":[{"href":"https:\/\/colmadosingular.com\/ca\/wp-json\/wp\/v2\/types\/page"}],"author":[{"embeddable":true,"href":"https:\/\/colmadosingular.com\/ca\/wp-json\/wp\/v2\/users\/2"}],"replies":[{"embeddable":true,"href":"https:\/\/colmadosingular.com\/ca\/wp-json\/wp\/v2\/comments?post=1000522"}],"version-history":[{"count":1,"href":"https:\/\/colmadosingular.com\/ca\/wp-json\/wp\/v2\/pages\/1000522\/revisions"}],"predecessor-version":[{"id":1000523,"href":"https:\/\/colmadosingular.com\/ca\/wp-json\/wp\/v2\/pages\/1000522\/revisions\/1000523"}],"wp:attachment":[{"href":"https:\/\/colmadosingular.com\/ca\/wp-json\/wp\/v2\/media?parent=1000522"}],"curies":[{"name":"wp","href":"https:\/\/api.w.org\/{rel}","templated":true}]}}