{"id":1000538,"date":"2024-08-19T10:50:44","date_gmt":"2024-08-19T08:50:44","guid":{"rendered":"https:\/\/colmadosingular.com\/llibres\/copia-original\/"},"modified":"2026-02-19T13:18:36","modified_gmt":"2026-02-19T12:18:36","slug":"copia-original","status":"publish","type":"page","link":"https:\/\/colmadosingular.com\/ca\/llibres\/copia-original\/","title":{"rendered":"C\u00f2pia Original"},"content":{"rendered":"\t\t<div data-elementor-type=\"wp-page\" data-elementor-id=\"1000538\" class=\"elementor elementor-1000538 elementor-2177\" data-elementor-post-type=\"page\">\n\t\t\t\t<div class=\"elementor-element elementor-element-40cafe9 e-con-full e-flex e-con e-parent\" data-id=\"40cafe9\" data-element_type=\"container\" data-e-type=\"container\">\n\t\t<div class=\"elementor-element elementor-element-7600d0e e-con-full e-flex e-con e-child\" data-id=\"7600d0e\" data-element_type=\"container\" data-e-type=\"container\">\n\t\t\t\t<div class=\"elementor-element elementor-element-0203618 elementor-widget elementor-widget-image\" data-id=\"0203618\" data-element_type=\"widget\" data-e-type=\"widget\" data-widget_type=\"image.default\">\n\t\t\t\t<div class=\"elementor-widget-container\">\n\t\t\t\t\t\t\t\t\t\t\t\t\t\t\t<img fetchpriority=\"high\" decoding=\"async\" width=\"800\" height=\"800\" src=\"https:\/\/colmadosingular.com\/wp-content\/uploads\/2024\/10\/Libros_CopiaOriginal_23630124.jpg\" class=\"attachment-large size-large wp-image-7855\" alt=\"\" srcset=\"https:\/\/colmadosingular.com\/wp-content\/uploads\/2024\/10\/Libros_CopiaOriginal_23630124.jpg 800w, https:\/\/colmadosingular.com\/wp-content\/uploads\/2024\/10\/Libros_CopiaOriginal_23630124-300x300.jpg 300w, https:\/\/colmadosingular.com\/wp-content\/uploads\/2024\/10\/Libros_CopiaOriginal_23630124-100x100.jpg 100w, https:\/\/colmadosingular.com\/wp-content\/uploads\/2024\/10\/Libros_CopiaOriginal_23630124-600x600.jpg 600w, https:\/\/colmadosingular.com\/wp-content\/uploads\/2024\/10\/Libros_CopiaOriginal_23630124-150x150.jpg 150w, https:\/\/colmadosingular.com\/wp-content\/uploads\/2024\/10\/Libros_CopiaOriginal_23630124-768x768.jpg 768w\" sizes=\"(max-width: 800px) 100vw, 800px\" \/>\t\t\t\t\t\t\t\t\t\t\t\t\t\t\t<\/div>\n\t\t\t\t<\/div>\n\t\t\t\t<\/div>\n\t\t<div class=\"elementor-element elementor-element-7a277c9 e-con-full e-flex e-con e-child\" data-id=\"7a277c9\" data-element_type=\"container\" data-e-type=\"container\">\n\t\t\t\t<div class=\"elementor-element elementor-element-9365c34 elementor-widget elementor-widget-image\" data-id=\"9365c34\" data-element_type=\"widget\" data-e-type=\"widget\" data-widget_type=\"image.default\">\n\t\t\t\t<div class=\"elementor-widget-container\">\n\t\t\t\t\t\t\t\t\t\t\t\t\t\t\t<img decoding=\"async\" width=\"800\" height=\"800\" src=\"https:\/\/colmadosingular.com\/wp-content\/uploads\/2024\/09\/LIBRO_CO_23630126.jpg\" class=\"attachment-large size-large wp-image-6148\" alt=\"\" srcset=\"https:\/\/colmadosingular.com\/wp-content\/uploads\/2024\/09\/LIBRO_CO_23630126.jpg 800w, https:\/\/colmadosingular.com\/wp-content\/uploads\/2024\/09\/LIBRO_CO_23630126-300x300.jpg 300w, https:\/\/colmadosingular.com\/wp-content\/uploads\/2024\/09\/LIBRO_CO_23630126-100x100.jpg 100w, https:\/\/colmadosingular.com\/wp-content\/uploads\/2024\/09\/LIBRO_CO_23630126-600x600.jpg 600w, https:\/\/colmadosingular.com\/wp-content\/uploads\/2024\/09\/LIBRO_CO_23630126-150x150.jpg 150w, https:\/\/colmadosingular.com\/wp-content\/uploads\/2024\/09\/LIBRO_CO_23630126-768x768.jpg 768w, https:\/\/colmadosingular.com\/wp-content\/uploads\/2024\/09\/LIBRO_CO_23630126-12x12.jpg 12w\" sizes=\"(max-width: 800px) 100vw, 800px\" \/>\t\t\t\t\t\t\t\t\t\t\t\t\t\t\t<\/div>\n\t\t\t\t<\/div>\n\t\t\t\t<\/div>\n\t\t\t\t<\/div>\n\t\t<div class=\"elementor-element elementor-element-9defff8 e-flex e-con-boxed e-con e-parent\" data-id=\"9defff8\" data-element_type=\"container\" data-e-type=\"container\">\n\t\t\t\t\t<div class=\"e-con-inner\">\n\t\t<div class=\"elementor-element elementor-element-10da3d8 e-con-full e-flex e-con e-child\" data-id=\"10da3d8\" data-element_type=\"container\" data-e-type=\"container\">\n\t\t\t\t<div class=\"elementor-element elementor-element-2b43bec elementor-widget elementor-widget-heading\" data-id=\"2b43bec\" data-element_type=\"widget\" data-e-type=\"widget\" data-widget_type=\"heading.default\">\n\t\t\t\t<div class=\"elementor-widget-container\">\n\t\t\t\t\t<h2 class=\"elementor-heading-title elementor-size-default\">C\u00d2PIA ORIGINAL<br> <span lang=\"ES-TRAD\">Ainhoa \u200b\u200bAguirregoitia<\/span><\/h2>\t\t\t\t<\/div>\n\t\t\t\t<\/div>\n\t\t\t\t<\/div>\n\t\t<div class=\"elementor-element elementor-element-f5bd58f e-con-full e-flex e-con e-child\" data-id=\"f5bd58f\" data-element_type=\"container\" data-e-type=\"container\">\n\t\t\t\t<div class=\"elementor-element elementor-element-fe840f9 elementor-widget elementor-widget-text-editor\" data-id=\"fe840f9\" data-element_type=\"widget\" data-e-type=\"widget\" data-widget_type=\"text-editor.default\">\n\t\t\t\t<div class=\"elementor-widget-container\">\n\t\t\t\t\t\t\t\t\t<p><span style=\"color: #333333;\">C\u00f2pia original \u00e9s un homenatge a la cuina italiana i la seva tradici\u00f3 per\u00f2 amb personalitat pr\u00f2pia. Cont\u00e9 m\u00e9s de seixanta receptes d&#8217;antipasti, pasta i pizzes en versions agosarades que poden incloure ingredients i esp\u00e8cies d&#8217;altres llocs del m\u00f3n que, tanmateix, no alteren la forma cl\u00e0ssica d&#8217;elaboraci\u00f3. Perqu\u00e8 aquesta no \u00e9s una c\u00f2pia qualsevol. \u00c9s una c\u00f2pia original, tal com ho entenen els imitadors de moda napolitans: la c\u00f2pia digna de col\u00b7lecci\u00f3.   <\/span><\/p><p><span style=\"color: #333333;\">Els viatges, les visites a restaurants i els \u00e0pats en fam\u00edlia han inspirat aquesta magn\u00edfica selecci\u00f3 de receptes, elaborades amb productes de la millor qualitat.<br>Aquest llibre no nom\u00e9s ofereix un receptari, sin\u00f3 tamb\u00e9 conceptes, t\u00e8cniques i trucs per aconseguir les textures, els punts de cocci\u00f3 i els sabors m\u00e9s elogiats de la cuina italiana. <\/span><\/p><p><span style=\"color: #333333;\">C\u00f2pia original us convida a apropar-vos a la gastronomia italiana amb una lleugera gosadia, que us ajudar\u00e0 a crear les vostres pr\u00f2pies versions, coneixent l&#8217;origen i el valor de la tradici\u00f3.<\/span><\/p><p><span style=\"color: #333333;\">\u00abSi t&#8217;agraden els sabors potents, les receptes expr\u00e9s i la &#8220;cuina sense cuina&#8221; -com ella mateixa la flama-, \u00e9s possible que visitis sovint el compte d&#8217;Instagram d&#8217;Ainhoa \u200b\u200bAguirregoitia, i si no, ho hauries de fer.\u00bb El Comidista<\/span><\/p>\t\t\t\t\t\t\t\t<\/div>\n\t\t\t\t<\/div>\n\t\t\t\t<\/div>\n\t\t\t\t\t<\/div>\n\t\t\t\t<\/div>\n\t\t<div class=\"elementor-element elementor-element-bb32acb e-flex e-con-boxed e-con e-parent\" data-id=\"bb32acb\" data-element_type=\"container\" data-e-type=\"container\">\n\t\t\t\t\t<div class=\"e-con-inner\">\n\t\t\t\t<div class=\"elementor-element elementor-element-89c6629 elementor-widget elementor-widget-spacer\" data-id=\"89c6629\" data-element_type=\"widget\" data-e-type=\"widget\" data-widget_type=\"spacer.default\">\n\t\t\t\t<div class=\"elementor-widget-container\">\n\t\t\t\t\t\t\t<div class=\"elementor-spacer\">\n\t\t\t<div class=\"elementor-spacer-inner\"><\/div>\n\t\t<\/div>\n\t\t\t\t\t\t<\/div>\n\t\t\t\t<\/div>\n\t\t\t\t\t<\/div>\n\t\t\t\t<\/div>\n\t\t<div class=\"elementor-element elementor-element-6bdead0 e-flex e-con-boxed e-con e-parent\" data-id=\"6bdead0\" data-element_type=\"container\" data-e-type=\"container\">\n\t\t\t\t\t<div class=\"e-con-inner\">\n\t\t\t\t<div class=\"elementor-element elementor-element-e06f7c1 elementor-widget elementor-widget-image\" data-id=\"e06f7c1\" data-element_type=\"widget\" data-e-type=\"widget\" data-widget_type=\"image.default\">\n\t\t\t\t<div class=\"elementor-widget-container\">\n\t\t\t\t\t\t\t\t\t\t\t\t\t\t\t<img decoding=\"async\" width=\"800\" height=\"533\" src=\"https:\/\/colmadosingular.com\/wp-content\/uploads\/2024\/09\/LIBRO_CO_23630186.jpg\" class=\"attachment-large size-large wp-image-6157\" alt=\"\" srcset=\"https:\/\/colmadosingular.com\/wp-content\/uploads\/2024\/09\/LIBRO_CO_23630186.jpg 800w, https:\/\/colmadosingular.com\/wp-content\/uploads\/2024\/09\/LIBRO_CO_23630186-300x200.jpg 300w, https:\/\/colmadosingular.com\/wp-content\/uploads\/2024\/09\/LIBRO_CO_23630186-768x512.jpg 768w, https:\/\/colmadosingular.com\/wp-content\/uploads\/2024\/09\/LIBRO_CO_23630186-18x12.jpg 18w\" sizes=\"(max-width: 800px) 100vw, 800px\" \/>\t\t\t\t\t\t\t\t\t\t\t\t\t\t\t<\/div>\n\t\t\t\t<\/div>\n\t\t\t\t\t<\/div>\n\t\t\t\t<\/div>\n\t\t<div class=\"elementor-element elementor-element-9a6c9e6 e-con-full e-flex e-con e-parent\" data-id=\"9a6c9e6\" data-element_type=\"container\" data-e-type=\"container\">\n\t\t<div class=\"elementor-element elementor-element-09b41e9 e-con-full e-flex e-con e-child\" data-id=\"09b41e9\" data-element_type=\"container\" data-e-type=\"container\">\n\t\t\t\t<div class=\"elementor-element elementor-element-e0871ae elementor-widget elementor-widget-image\" data-id=\"e0871ae\" data-element_type=\"widget\" data-e-type=\"widget\" data-widget_type=\"image.default\">\n\t\t\t\t<div class=\"elementor-widget-container\">\n\t\t\t\t\t\t\t\t\t\t\t\t\t\t\t<img loading=\"lazy\" decoding=\"async\" width=\"800\" height=\"533\" src=\"https:\/\/colmadosingular.com\/wp-content\/uploads\/2024\/09\/LIBRO_CO_23630200.jpg\" class=\"attachment-large size-large wp-image-6163\" alt=\"\" srcset=\"https:\/\/colmadosingular.com\/wp-content\/uploads\/2024\/09\/LIBRO_CO_23630200.jpg 800w, https:\/\/colmadosingular.com\/wp-content\/uploads\/2024\/09\/LIBRO_CO_23630200-300x200.jpg 300w, https:\/\/colmadosingular.com\/wp-content\/uploads\/2024\/09\/LIBRO_CO_23630200-768x512.jpg 768w, https:\/\/colmadosingular.com\/wp-content\/uploads\/2024\/09\/LIBRO_CO_23630200-18x12.jpg 18w\" sizes=\"(max-width: 800px) 100vw, 800px\" \/>\t\t\t\t\t\t\t\t\t\t\t\t\t\t\t<\/div>\n\t\t\t\t<\/div>\n\t\t\t\t<\/div>\n\t\t<div class=\"elementor-element elementor-element-6671df1 e-con-full e-flex e-con e-child\" data-id=\"6671df1\" data-element_type=\"container\" data-e-type=\"container\">\n\t\t\t\t<div class=\"elementor-element elementor-element-7adfe7f elementor-widget elementor-widget-image\" data-id=\"7adfe7f\" data-element_type=\"widget\" data-e-type=\"widget\" data-widget_type=\"image.default\">\n\t\t\t\t<div class=\"elementor-widget-container\">\n\t\t\t\t\t\t\t\t\t\t\t\t\t\t\t<img loading=\"lazy\" decoding=\"async\" width=\"800\" height=\"533\" src=\"https:\/\/colmadosingular.com\/wp-content\/uploads\/2024\/09\/LIBRO_CO_23630184.jpg\" class=\"attachment-large size-large wp-image-6155\" alt=\"\" srcset=\"https:\/\/colmadosingular.com\/wp-content\/uploads\/2024\/09\/LIBRO_CO_23630184.jpg 800w, https:\/\/colmadosingular.com\/wp-content\/uploads\/2024\/09\/LIBRO_CO_23630184-300x200.jpg 300w, https:\/\/colmadosingular.com\/wp-content\/uploads\/2024\/09\/LIBRO_CO_23630184-768x512.jpg 768w, https:\/\/colmadosingular.com\/wp-content\/uploads\/2024\/09\/LIBRO_CO_23630184-18x12.jpg 18w\" sizes=\"(max-width: 800px) 100vw, 800px\" \/>\t\t\t\t\t\t\t\t\t\t\t\t\t\t\t<\/div>\n\t\t\t\t<\/div>\n\t\t\t\t<\/div>\n\t\t\t\t<\/div>\n\t\t\t\t<div class=\"elementor-section elementor-top-section elementor-element elementor-element-20caf2b elementor-section-stretched elementor-section-full_width elementor-section-height-default elementor-section-height-default\" data-id=\"20caf2b\" data-element_type=\"section\" data-e-type=\"section\" data-settings=\"{&quot;stretch_section&quot;:&quot;section-stretched&quot;}\">\n\t\t\t\t\t\t<div class=\"elementor-container elementor-column-gap-no\">\n\t\t\t\t\t<div class=\"elementor-column elementor-col-100 elementor-top-column elementor-element elementor-element-a0ec9c4\" data-id=\"a0ec9c4\" data-element_type=\"column\" data-e-type=\"column\">\n\t\t\t<div class=\"elementor-widget-wrap elementor-element-populated\">\n\t\t\t\t\t\t<div class=\"elementor-element elementor-element-7fa34bf elementor-widget elementor-widget-heading\" data-id=\"7fa34bf\" data-element_type=\"widget\" data-e-type=\"widget\" data-widget_type=\"heading.default\">\n\t\t\t\t<div class=\"elementor-widget-container\">\n\t\t\t\t\t<h2 class=\"elementor-heading-title elementor-size-default\">productes<\/h2>\t\t\t\t<\/div>\n\t\t\t\t<\/div>\n\t\t\t\t<div class=\"elementor-element elementor-element-50baeed elementor-widget elementor-widget-lastudio-products\" data-id=\"50baeed\" data-element_type=\"widget\" data-e-type=\"widget\" data-widget_type=\"lastudio-products.default\">\n\t\t\t\t<div class=\"elementor-widget-container\">\n\t\t\t\t\t<div class=\"js-el woocommerce columns-3  elementor_wc_widget_50baeed_0\" data-la_component=\"InfiniteScroll\" data-pagination=\".elementor_wc_widget_50baeed_0 .la-pagination\"><div class=\"row\"><div class=\"col-xs-12\"><ul class=\"products ul_products grid-items block-grid-3 mobile-block-grid-2 products-grid products-grid-1\" data-grid_layout=\"products-grid-1\"><\/ul><\/div><\/div><nav class=\"woocommerce-pagination la-pagination clearfix la-ajax-pagination is-ajax-pagination la-ajax-load-first with-wp-ajax\" data-parent-container=\".elementor_wc_widget_50baeed_0\" data-container=\".elementor_wc_widget_50baeed_0 ul.ul_products\" data-item-selector=\".product_item\" data-ajax_request_id=\"50baeed_0\" data-queryArgs=\"{&quot;columns&quot;:3,&quot;limit&quot;:16,&quot;loadmore_text&quot;:false,&quot;grid_style&quot;:&quot;1&quot;,&quot;enable_ajax_load&quot;:&quot;yes&quot;,&quot;layout&quot;:&quot;grid&quot;,&quot;masonry_style&quot;:false,&quot;list_style&quot;:false,&quot;columns_laptop&quot;:false,&quot;columns_tablet&quot;:false,&quot;columns_mobile_extra&quot;:2,&quot;columns_mobile&quot;:false,&quot;enable_custom_image_size&quot;:&quot;&quot;,&quot;image_size&quot;:false,&quot;disable_alt_image&quot;:&quot;&quot;,&quot;paginate&quot;:&quot;yes&quot;,&quot;paginate_as_loadmore&quot;:&quot;&quot;,&quot;query_post_type&quot;:&quot;by_id&quot;,&quot;query_posts_ids&quot;:[&quot;1101&quot;],&quot;query_include&quot;:false,&quot;query_include_term_ids&quot;:false,&quot;query_include_authors&quot;:false,&quot;query_exclude&quot;:false,&quot;query_exclude_ids&quot;:false,&quot;query_exclude_term_ids&quot;:false,&quot;query_avoid_duplicates&quot;:false,&quot;query_select_date&quot;:false,&quot;query_date_before&quot;:false,&quot;query_date_after&quot;:false,&quot;query_orderby&quot;:&quot;date&quot;,&quot;query_order&quot;:&quot;desc&quot;,&quot;masonry_item_sizes&quot;:false,&quot;enable_custom_masonry_layout&quot;:false,&quot;masonry_container_width&quot;:false,&quot;masonry_item_base_width&quot;:false,&quot;masonry_item_base_height&quot;:false,&quot;carousel_setting&quot;:&quot;&quot;,&quot;carousel_enabled&quot;:&quot;&quot;,&quot;unique_id&quot;:&quot;50baeed&quot;,&quot;el_id&quot;:0}\" data-queryAction=\"lastudio_get_products\"><div class=\"la-ajax-loading-outer\"><div class=\"la-loader spinner3\"><div class=\"dot1\"><\/div><div class=\"dot2\"><\/div><div class=\"bounce1\"><\/div><div class=\"bounce2\"><\/div><div class=\"bounce3\"><\/div><div class=\"cube1\"><\/div><div class=\"cube2\"><\/div><div class=\"cube3\"><\/div><div class=\"cube4\"><\/div><\/div><\/div><div class=\"products__loadmore_ajax pagination_ajax_loadmore\"><a href=\"javascript:;\"><span><\/span><\/a><\/div><ul class=\"page-numbers\"><li><a class=\"next page-numbers\" href=\"https:\/\/colmadosingular.com\/ca\/wp-json\/wp\/v2\/pages\/1000538?products50baeed_0=1\"><\/a><\/li><\/ul><\/nav><\/div>\t\t\t\t<\/div>\n\t\t\t\t<\/div>\n\t\t\t\t<div class=\"elementor-element elementor-element-c06f8da elementor-widget elementor-widget-spacer\" data-id=\"c06f8da\" data-element_type=\"widget\" data-e-type=\"widget\" data-widget_type=\"spacer.default\">\n\t\t\t\t<div class=\"elementor-widget-container\">\n\t\t\t\t\t\t\t<div class=\"elementor-spacer\">\n\t\t\t<div class=\"elementor-spacer-inner\"><\/div>\n\t\t<\/div>\n\t\t\t\t\t\t<\/div>\n\t\t\t\t<\/div>\n\t\t\t\t\t<\/div>\n\t\t<\/div>\n\t\t\t\t\t<\/div>\n\t\t<\/div>\n\t\t\t\t<\/div>\n\t\t","protected":false},"excerpt":{"rendered":"<p>C\u00d2PIA ORIGINAL Ainhoa \u200b\u200bAguirregoitia C\u00f2pia original \u00e9s un homenatge a la cuina italiana i la seva tradici\u00f3 per\u00f2 amb personalitat pr\u00f2pia. Cont\u00e9 m\u00e9s de seixanta receptes d&#8217;antipasti, pasta i pizzes [&hellip;]<\/p>\n","protected":false},"author":2,"featured_media":0,"parent":1000515,"menu_order":0,"comment_status":"closed","ping_status":"closed","template":"elementor_header_footer","meta":{"_acf_changed":false,"_monsterinsights_skip_tracking":false,"_monsterinsights_sitenote_active":false,"_monsterinsights_sitenote_note":"","_monsterinsights_sitenote_category":0,"_joinchat":[],"footnotes":""},"class_list":["post-1000538","page","type-page","status-publish","hentry"],"acf":[],"yoast_head":"<!-- This site is optimized with the Yoast SEO plugin v24.8.1 - https:\/\/yoast.com\/wordpress\/plugins\/seo\/ -->\n<title>C\u00f2pia Original - Colmado Singular<\/title>\n<meta name=\"robots\" content=\"index, follow, max-snippet:-1, max-image-preview:large, max-video-preview:-1\" \/>\n<link rel=\"canonical\" href=\"https:\/\/colmadosingular.com\/ca\/llibres\/copia-original\/\" \/>\n<meta property=\"og:locale\" content=\"ca_ES\" \/>\n<meta property=\"og:type\" content=\"article\" \/>\n<meta property=\"og:title\" content=\"C\u00f2pia Original - Colmado Singular\" \/>\n<meta property=\"og:description\" content=\"C\u00d2PIA ORIGINAL Ainhoa \u200b\u200bAguirregoitia C\u00f2pia original \u00e9s un homenatge a la cuina italiana i la seva tradici\u00f3 per\u00f2 amb personalitat pr\u00f2pia. Cont\u00e9 m\u00e9s de seixanta receptes d&#8217;antipasti, pasta i pizzes [&hellip;]\" \/>\n<meta property=\"og:url\" content=\"https:\/\/colmadosingular.com\/ca\/llibres\/copia-original\/\" \/>\n<meta property=\"og:site_name\" content=\"Colmado Singular\" \/>\n<meta property=\"article:modified_time\" content=\"2026-02-19T12:18:36+00:00\" \/>\n<meta property=\"og:image\" content=\"https:\/\/colmadosingular.com\/wp-content\/uploads\/2024\/10\/Libros_CopiaOriginal_23630124.jpg\" \/>\n\t<meta property=\"og:image:width\" content=\"800\" \/>\n\t<meta property=\"og:image:height\" content=\"800\" \/>\n\t<meta property=\"og:image:type\" content=\"image\/jpeg\" \/>\n<meta name=\"twitter:card\" content=\"summary_large_image\" \/>\n<meta name=\"twitter:label1\" content=\"Temps estimat de lectura\" \/>\n\t<meta name=\"twitter:data1\" content=\"1 minut\" \/>\n<script type=\"application\/ld+json\" class=\"yoast-schema-graph\">{\"@context\":\"https:\/\/schema.org\",\"@graph\":[{\"@type\":\"WebPage\",\"@id\":\"https:\/\/colmadosingular.com\/ca\/llibres\/copia-original\/\",\"url\":\"https:\/\/colmadosingular.com\/ca\/llibres\/copia-original\/\",\"name\":\"C\u00f2pia Original - Colmado Singular\",\"isPartOf\":{\"@id\":\"https:\/\/colmadosingular.com\/ca\/#website\"},\"primaryImageOfPage\":{\"@id\":\"https:\/\/colmadosingular.com\/ca\/llibres\/copia-original\/#primaryimage\"},\"image\":{\"@id\":\"https:\/\/colmadosingular.com\/ca\/llibres\/copia-original\/#primaryimage\"},\"thumbnailUrl\":\"https:\/\/colmadosingular.com\/wp-content\/uploads\/2024\/10\/Libros_CopiaOriginal_23630124.jpg\",\"datePublished\":\"2024-08-19T08:50:44+00:00\",\"dateModified\":\"2026-02-19T12:18:36+00:00\",\"breadcrumb\":{\"@id\":\"https:\/\/colmadosingular.com\/ca\/llibres\/copia-original\/#breadcrumb\"},\"inLanguage\":\"ca\",\"potentialAction\":[{\"@type\":\"ReadAction\",\"target\":[\"https:\/\/colmadosingular.com\/ca\/llibres\/copia-original\/\"]}]},{\"@type\":\"ImageObject\",\"inLanguage\":\"ca\",\"@id\":\"https:\/\/colmadosingular.com\/ca\/llibres\/copia-original\/#primaryimage\",\"url\":\"https:\/\/colmadosingular.com\/wp-content\/uploads\/2024\/10\/Libros_CopiaOriginal_23630124.jpg\",\"contentUrl\":\"https:\/\/colmadosingular.com\/wp-content\/uploads\/2024\/10\/Libros_CopiaOriginal_23630124.jpg\"},{\"@type\":\"BreadcrumbList\",\"@id\":\"https:\/\/colmadosingular.com\/ca\/llibres\/copia-original\/#breadcrumb\",\"itemListElement\":[{\"@type\":\"ListItem\",\"position\":1,\"name\":\"Portada\",\"item\":\"https:\/\/colmadosingular.com\/ca\/inici\/\"},{\"@type\":\"ListItem\",\"position\":2,\"name\":\"Llibres\",\"item\":\"https:\/\/colmadosingular.com\/ca\/llibres\/\"},{\"@type\":\"ListItem\",\"position\":3,\"name\":\"C\u00f2pia Original\"}]},{\"@type\":\"WebSite\",\"@id\":\"https:\/\/colmadosingular.com\/ca\/#website\",\"url\":\"https:\/\/colmadosingular.com\/ca\/\",\"name\":\"Colmado Singular\",\"description\":\"\",\"publisher\":{\"@id\":\"https:\/\/colmadosingular.com\/ca\/#organization\"},\"potentialAction\":[{\"@type\":\"SearchAction\",\"target\":{\"@type\":\"EntryPoint\",\"urlTemplate\":\"https:\/\/colmadosingular.com\/ca\/?s={search_term_string}\"},\"query-input\":{\"@type\":\"PropertyValueSpecification\",\"valueRequired\":true,\"valueName\":\"search_term_string\"}}],\"inLanguage\":\"ca\"},{\"@type\":\"Organization\",\"@id\":\"https:\/\/colmadosingular.com\/ca\/#organization\",\"name\":\"Colmado Singular\",\"url\":\"https:\/\/colmadosingular.com\/ca\/\",\"logo\":{\"@type\":\"ImageObject\",\"inLanguage\":\"ca\",\"@id\":\"https:\/\/colmadosingular.com\/ca\/#\/schema\/logo\/image\/\",\"url\":\"https:\/\/colmadosingular.com\/wp-content\/uploads\/2024\/08\/logo-colmado.svg\",\"contentUrl\":\"https:\/\/colmadosingular.com\/wp-content\/uploads\/2024\/08\/logo-colmado.svg\",\"width\":620,\"height\":50,\"caption\":\"Colmado Singular\"},\"image\":{\"@id\":\"https:\/\/colmadosingular.com\/ca\/#\/schema\/logo\/image\/\"}}]}<\/script>\n<!-- \/ Yoast SEO plugin. -->","yoast_head_json":{"title":"C\u00f2pia Original - Colmado Singular","robots":{"index":"index","follow":"follow","max-snippet":"max-snippet:-1","max-image-preview":"max-image-preview:large","max-video-preview":"max-video-preview:-1"},"canonical":"https:\/\/colmadosingular.com\/ca\/llibres\/copia-original\/","og_locale":"ca_ES","og_type":"article","og_title":"C\u00f2pia Original - Colmado Singular","og_description":"C\u00d2PIA ORIGINAL Ainhoa \u200b\u200bAguirregoitia C\u00f2pia original \u00e9s un homenatge a la cuina italiana i la seva tradici\u00f3 per\u00f2 amb personalitat pr\u00f2pia. Cont\u00e9 m\u00e9s de seixanta receptes d&#8217;antipasti, pasta i pizzes [&hellip;]","og_url":"https:\/\/colmadosingular.com\/ca\/llibres\/copia-original\/","og_site_name":"Colmado Singular","article_modified_time":"2026-02-19T12:18:36+00:00","og_image":[{"width":800,"height":800,"url":"https:\/\/colmadosingular.com\/wp-content\/uploads\/2024\/10\/Libros_CopiaOriginal_23630124.jpg","type":"image\/jpeg"}],"twitter_card":"summary_large_image","twitter_misc":{"Temps estimat de lectura":"1 minut"},"schema":{"@context":"https:\/\/schema.org","@graph":[{"@type":"WebPage","@id":"https:\/\/colmadosingular.com\/ca\/llibres\/copia-original\/","url":"https:\/\/colmadosingular.com\/ca\/llibres\/copia-original\/","name":"C\u00f2pia Original - Colmado Singular","isPartOf":{"@id":"https:\/\/colmadosingular.com\/ca\/#website"},"primaryImageOfPage":{"@id":"https:\/\/colmadosingular.com\/ca\/llibres\/copia-original\/#primaryimage"},"image":{"@id":"https:\/\/colmadosingular.com\/ca\/llibres\/copia-original\/#primaryimage"},"thumbnailUrl":"https:\/\/colmadosingular.com\/wp-content\/uploads\/2024\/10\/Libros_CopiaOriginal_23630124.jpg","datePublished":"2024-08-19T08:50:44+00:00","dateModified":"2026-02-19T12:18:36+00:00","breadcrumb":{"@id":"https:\/\/colmadosingular.com\/ca\/llibres\/copia-original\/#breadcrumb"},"inLanguage":"ca","potentialAction":[{"@type":"ReadAction","target":["https:\/\/colmadosingular.com\/ca\/llibres\/copia-original\/"]}]},{"@type":"ImageObject","inLanguage":"ca","@id":"https:\/\/colmadosingular.com\/ca\/llibres\/copia-original\/#primaryimage","url":"https:\/\/colmadosingular.com\/wp-content\/uploads\/2024\/10\/Libros_CopiaOriginal_23630124.jpg","contentUrl":"https:\/\/colmadosingular.com\/wp-content\/uploads\/2024\/10\/Libros_CopiaOriginal_23630124.jpg"},{"@type":"BreadcrumbList","@id":"https:\/\/colmadosingular.com\/ca\/llibres\/copia-original\/#breadcrumb","itemListElement":[{"@type":"ListItem","position":1,"name":"Portada","item":"https:\/\/colmadosingular.com\/ca\/inici\/"},{"@type":"ListItem","position":2,"name":"Llibres","item":"https:\/\/colmadosingular.com\/ca\/llibres\/"},{"@type":"ListItem","position":3,"name":"C\u00f2pia Original"}]},{"@type":"WebSite","@id":"https:\/\/colmadosingular.com\/ca\/#website","url":"https:\/\/colmadosingular.com\/ca\/","name":"Colmado Singular","description":"","publisher":{"@id":"https:\/\/colmadosingular.com\/ca\/#organization"},"potentialAction":[{"@type":"SearchAction","target":{"@type":"EntryPoint","urlTemplate":"https:\/\/colmadosingular.com\/ca\/?s={search_term_string}"},"query-input":{"@type":"PropertyValueSpecification","valueRequired":true,"valueName":"search_term_string"}}],"inLanguage":"ca"},{"@type":"Organization","@id":"https:\/\/colmadosingular.com\/ca\/#organization","name":"Colmado Singular","url":"https:\/\/colmadosingular.com\/ca\/","logo":{"@type":"ImageObject","inLanguage":"ca","@id":"https:\/\/colmadosingular.com\/ca\/#\/schema\/logo\/image\/","url":"https:\/\/colmadosingular.com\/wp-content\/uploads\/2024\/08\/logo-colmado.svg","contentUrl":"https:\/\/colmadosingular.com\/wp-content\/uploads\/2024\/08\/logo-colmado.svg","width":620,"height":50,"caption":"Colmado Singular"},"image":{"@id":"https:\/\/colmadosingular.com\/ca\/#\/schema\/logo\/image\/"}}]}},"_links":{"self":[{"href":"https:\/\/colmadosingular.com\/ca\/wp-json\/wp\/v2\/pages\/1000538","targetHints":{"allow":["GET"]}}],"collection":[{"href":"https:\/\/colmadosingular.com\/ca\/wp-json\/wp\/v2\/pages"}],"about":[{"href":"https:\/\/colmadosingular.com\/ca\/wp-json\/wp\/v2\/types\/page"}],"author":[{"embeddable":true,"href":"https:\/\/colmadosingular.com\/ca\/wp-json\/wp\/v2\/users\/2"}],"replies":[{"embeddable":true,"href":"https:\/\/colmadosingular.com\/ca\/wp-json\/wp\/v2\/comments?post=1000538"}],"version-history":[{"count":1,"href":"https:\/\/colmadosingular.com\/ca\/wp-json\/wp\/v2\/pages\/1000538\/revisions"}],"predecessor-version":[{"id":1000539,"href":"https:\/\/colmadosingular.com\/ca\/wp-json\/wp\/v2\/pages\/1000538\/revisions\/1000539"}],"up":[{"embeddable":true,"href":"https:\/\/colmadosingular.com\/ca\/wp-json\/wp\/v2\/pages\/1000515"}],"wp:attachment":[{"href":"https:\/\/colmadosingular.com\/ca\/wp-json\/wp\/v2\/media?parent=1000538"}],"curies":[{"name":"wp","href":"https:\/\/api.w.org\/{rel}","templated":true}]}}