{"id":1000540,"date":"2024-10-25T19:20:34","date_gmt":"2024-10-25T17:20:34","guid":{"rendered":"https:\/\/colmadosingular.com\/llibres\/decada\/"},"modified":"2026-02-19T13:19:36","modified_gmt":"2026-02-19T12:19:36","slug":"decada","status":"publish","type":"page","link":"https:\/\/colmadosingular.com\/ca\/llibres\/decada\/","title":{"rendered":"D\u00c9CADA"},"content":{"rendered":"\t\t<div data-elementor-type=\"wp-page\" data-elementor-id=\"1000540\" class=\"elementor elementor-1000540 elementor-8866\" data-elementor-post-type=\"page\">\n\t\t\t\t<div class=\"elementor-element elementor-element-40cafe9 e-con-full e-flex e-con e-parent\" data-id=\"40cafe9\" data-element_type=\"container\" data-e-type=\"container\">\n\t\t<div class=\"elementor-element elementor-element-7600d0e e-con-full e-flex e-con e-child\" data-id=\"7600d0e\" data-element_type=\"container\" data-e-type=\"container\">\n\t\t\t\t<div class=\"elementor-element elementor-element-0203618 elementor-widget elementor-widget-image\" data-id=\"0203618\" data-element_type=\"widget\" data-e-type=\"widget\" data-widget_type=\"image.default\">\n\t\t\t\t<div class=\"elementor-widget-container\">\n\t\t\t\t\t\t\t\t\t\t\t\t\t\t\t<img fetchpriority=\"high\" decoding=\"async\" width=\"800\" height=\"800\" src=\"https:\/\/colmadosingular.com\/wp-content\/uploads\/2024\/10\/decada_1.jpg\" class=\"attachment-large size-large wp-image-9688\" alt=\"\" srcset=\"https:\/\/colmadosingular.com\/wp-content\/uploads\/2024\/10\/decada_1.jpg 800w, https:\/\/colmadosingular.com\/wp-content\/uploads\/2024\/10\/decada_1-300x300.jpg 300w, https:\/\/colmadosingular.com\/wp-content\/uploads\/2024\/10\/decada_1-100x100.jpg 100w, https:\/\/colmadosingular.com\/wp-content\/uploads\/2024\/10\/decada_1-600x600.jpg 600w, https:\/\/colmadosingular.com\/wp-content\/uploads\/2024\/10\/decada_1-150x150.jpg 150w, https:\/\/colmadosingular.com\/wp-content\/uploads\/2024\/10\/decada_1-768x768.jpg 768w\" sizes=\"(max-width: 800px) 100vw, 800px\" \/>\t\t\t\t\t\t\t\t\t\t\t\t\t\t\t<\/div>\n\t\t\t\t<\/div>\n\t\t\t\t<\/div>\n\t\t<div class=\"elementor-element elementor-element-7a277c9 e-con-full e-flex e-con e-child\" data-id=\"7a277c9\" data-element_type=\"container\" data-e-type=\"container\">\n\t\t\t\t<div class=\"elementor-element elementor-element-9365c34 elementor-widget elementor-widget-image\" data-id=\"9365c34\" data-element_type=\"widget\" data-e-type=\"widget\" data-widget_type=\"image.default\">\n\t\t\t\t<div class=\"elementor-widget-container\">\n\t\t\t\t\t\t\t\t\t\t\t\t\t\t\t<img decoding=\"async\" width=\"800\" height=\"800\" src=\"https:\/\/colmadosingular.com\/wp-content\/uploads\/2024\/10\/decada_2.jpg\" class=\"attachment-2048x2048 size-2048x2048 wp-image-9690\" alt=\"\" srcset=\"https:\/\/colmadosingular.com\/wp-content\/uploads\/2024\/10\/decada_2.jpg 800w, https:\/\/colmadosingular.com\/wp-content\/uploads\/2024\/10\/decada_2-300x300.jpg 300w, https:\/\/colmadosingular.com\/wp-content\/uploads\/2024\/10\/decada_2-100x100.jpg 100w, https:\/\/colmadosingular.com\/wp-content\/uploads\/2024\/10\/decada_2-600x600.jpg 600w, https:\/\/colmadosingular.com\/wp-content\/uploads\/2024\/10\/decada_2-150x150.jpg 150w, https:\/\/colmadosingular.com\/wp-content\/uploads\/2024\/10\/decada_2-768x768.jpg 768w\" sizes=\"(max-width: 800px) 100vw, 800px\" \/>\t\t\t\t\t\t\t\t\t\t\t\t\t\t\t<\/div>\n\t\t\t\t<\/div>\n\t\t\t\t<\/div>\n\t\t\t\t<\/div>\n\t\t<div class=\"elementor-element elementor-element-9defff8 e-flex e-con-boxed e-con e-parent\" data-id=\"9defff8\" data-element_type=\"container\" data-e-type=\"container\">\n\t\t\t\t\t<div class=\"e-con-inner\">\n\t\t<div class=\"elementor-element elementor-element-10da3d8 e-con-full e-flex e-con e-child\" data-id=\"10da3d8\" data-element_type=\"container\" data-e-type=\"container\">\n\t\t\t\t<div class=\"elementor-element elementor-element-2b43bec elementor-widget elementor-widget-heading\" data-id=\"2b43bec\" data-element_type=\"widget\" data-e-type=\"widget\" data-widget_type=\"heading.default\">\n\t\t\t\t<div class=\"elementor-widget-container\">\n\t\t\t\t\t<h2 class=\"elementor-heading-title elementor-size-default\">D\u00c8CADA<br><span lang=\"ES-TRAD\">Francesc Collell &amp; Restaurants<\/span><\/h2>\t\t\t\t<\/div>\n\t\t\t\t<\/div>\n\t\t\t\t<\/div>\n\t\t<div class=\"elementor-element elementor-element-f5bd58f e-con-full e-flex e-con e-child\" data-id=\"f5bd58f\" data-element_type=\"container\" data-e-type=\"container\">\n\t\t\t\t<div class=\"elementor-element elementor-element-fe840f9 elementor-widget elementor-widget-text-editor\" data-id=\"fe840f9\" data-element_type=\"widget\" data-e-type=\"widget\" data-widget_type=\"text-editor.default\">\n\t\t\t\t<div class=\"elementor-widget-container\">\n\t\t\t\t\t\t\t\t\t<p class=\"p1\"><span class=\"s1\" style=\"color: #333333;\"><i>&#8220;D\u00c9CADA&#8221;<\/i> \u00e9s un homenatge de Francesc Collell als productors i restauradors que van col\u00b7laborar durant els 10 primers anys de Colmado Singular, on l&#8217;empresa ha assolit reconeguts restaurants de productes gurmet de tot el m\u00f3n.<span class=\"Apple-converted-space\"> <\/span>Aquest llibre celebra el des\u00e8 aniversari de l?empresa, recopilant receptes dels 183 restaurants que utilitzen els seus productes.<\/span><\/p><p class=\"p1\"><span class=\"s1\" style=\"color: #333333;\">Organitzat cronol\u00f2gicament,<i> D\u00c8CADA<\/i> narra el viatge de Collell i el seu equip, que va comen\u00e7ar el 2002 amb la incorporaci\u00f3 del safr\u00e0 de Caixmir al cat\u00e0leg. Des de llavors, Colmado Singular ha explorat mercats i fires a l&#8217;\u00cdndia, el Regne Unit, It\u00e0lia, Fran\u00e7a, els Pa\u00efsos Baixos, Alemanya i els EUA, sempre a la recerca d\u2019ingredients \u00fanics que potenci\u00efn la creativitat culin\u00e0ria dels xefs. <\/span><\/p><p class=\"p1\"><span class=\"s1\" style=\"color: #333333;\">En una edici\u00f3 limitada de 999 exemplars, aquest llibre va ser una mostra de gratitud cap als apassionats productors i &#8220;rom\u00e0ntics&#8221; clients que van contribuir al projecte el 2012. Cada exemplar f\u00edsic va ser un obsequi per a col\u00b7laboradors i clients, presentant no nom\u00e9s receptes, sin\u00f3 tamb\u00e9 una hist\u00f2ria a cada plat, acuradament fotografiat en els restaurants Alkimia i el Tickets d&#8217;Albert Adri\u00e0.  <\/span><\/p><p class=\"p1\"><span class=\"s1\" style=\"color: #333333;\">Ara, oferim l&#8217;oportunitat de descarregar aquesta joia de forma gratu\u00efta.<\/span><\/p>\t\t\t\t\t\t\t\t<\/div>\n\t\t\t\t<\/div>\n\t\t\t\t<\/div>\n\t\t\t\t\t<\/div>\n\t\t\t\t<\/div>\n\t\t<div class=\"elementor-element elementor-element-702c08f e-flex e-con-boxed e-con e-parent\" data-id=\"702c08f\" data-element_type=\"container\" data-e-type=\"container\">\n\t\t\t\t\t<div class=\"e-con-inner\">\n\t\t\t\t<div class=\"elementor-element elementor-element-27dce7a elementor-widget elementor-widget-spacer\" data-id=\"27dce7a\" data-element_type=\"widget\" data-e-type=\"widget\" data-widget_type=\"spacer.default\">\n\t\t\t\t<div class=\"elementor-widget-container\">\n\t\t\t\t\t\t\t<div class=\"elementor-spacer\">\n\t\t\t<div class=\"elementor-spacer-inner\"><\/div>\n\t\t<\/div>\n\t\t\t\t\t\t<\/div>\n\t\t\t\t<\/div>\n\t\t\t\t\t<\/div>\n\t\t\t\t<\/div>\n\t\t<div class=\"elementor-element elementor-element-def41c4 e-flex e-con-boxed e-con e-parent\" data-id=\"def41c4\" data-element_type=\"container\" data-e-type=\"container\">\n\t\t\t\t\t<div class=\"e-con-inner\">\n\t\t\t\t<div class=\"elementor-element elementor-element-15a332f elementor-widget elementor-widget-image\" data-id=\"15a332f\" data-element_type=\"widget\" data-e-type=\"widget\" data-widget_type=\"image.default\">\n\t\t\t\t<div class=\"elementor-widget-container\">\n\t\t\t\t\t\t\t\t\t\t\t\t\t\t\t<img decoding=\"async\" width=\"800\" height=\"533\" src=\"https:\/\/colmadosingular.com\/wp-content\/uploads\/2024\/10\/decada_9.jpg\" class=\"attachment-large size-large wp-image-9704\" alt=\"\" srcset=\"https:\/\/colmadosingular.com\/wp-content\/uploads\/2024\/10\/decada_9.jpg 800w, https:\/\/colmadosingular.com\/wp-content\/uploads\/2024\/10\/decada_9-300x200.jpg 300w, https:\/\/colmadosingular.com\/wp-content\/uploads\/2024\/10\/decada_9-768x512.jpg 768w\" sizes=\"(max-width: 800px) 100vw, 800px\" \/>\t\t\t\t\t\t\t\t\t\t\t\t\t\t\t<\/div>\n\t\t\t\t<\/div>\n\t\t\t\t\t<\/div>\n\t\t\t\t<\/div>\n\t\t<div class=\"elementor-element elementor-element-b1497a6 e-con-full e-flex e-con e-parent\" data-id=\"b1497a6\" data-element_type=\"container\" data-e-type=\"container\">\n\t\t<div class=\"elementor-element elementor-element-05eceb6 e-con-full e-flex e-con e-child\" data-id=\"05eceb6\" data-element_type=\"container\" data-e-type=\"container\">\n\t\t\t\t<div class=\"elementor-element elementor-element-e9f216b elementor-widget elementor-widget-image\" data-id=\"e9f216b\" data-element_type=\"widget\" data-e-type=\"widget\" data-widget_type=\"image.default\">\n\t\t\t\t<div class=\"elementor-widget-container\">\n\t\t\t\t\t\t\t\t\t\t\t\t\t\t\t<img loading=\"lazy\" decoding=\"async\" width=\"800\" height=\"800\" src=\"https:\/\/colmadosingular.com\/wp-content\/uploads\/2024\/10\/decada_3.jpg\" class=\"attachment-large size-large wp-image-9692\" alt=\"\" srcset=\"https:\/\/colmadosingular.com\/wp-content\/uploads\/2024\/10\/decada_3.jpg 800w, https:\/\/colmadosingular.com\/wp-content\/uploads\/2024\/10\/decada_3-300x300.jpg 300w, https:\/\/colmadosingular.com\/wp-content\/uploads\/2024\/10\/decada_3-100x100.jpg 100w, https:\/\/colmadosingular.com\/wp-content\/uploads\/2024\/10\/decada_3-600x600.jpg 600w, https:\/\/colmadosingular.com\/wp-content\/uploads\/2024\/10\/decada_3-150x150.jpg 150w, https:\/\/colmadosingular.com\/wp-content\/uploads\/2024\/10\/decada_3-768x768.jpg 768w\" sizes=\"(max-width: 800px) 100vw, 800px\" \/>\t\t\t\t\t\t\t\t\t\t\t\t\t\t\t<\/div>\n\t\t\t\t<\/div>\n\t\t\t\t<\/div>\n\t\t<div class=\"elementor-element elementor-element-9cb96ce e-con-full e-flex e-con e-child\" data-id=\"9cb96ce\" data-element_type=\"container\" data-e-type=\"container\">\n\t\t\t\t<div class=\"elementor-element elementor-element-8e6e21f elementor-widget elementor-widget-image\" data-id=\"8e6e21f\" data-element_type=\"widget\" data-e-type=\"widget\" data-widget_type=\"image.default\">\n\t\t\t\t<div class=\"elementor-widget-container\">\n\t\t\t\t\t\t\t\t\t\t\t\t\t\t\t<img loading=\"lazy\" decoding=\"async\" width=\"800\" height=\"800\" src=\"https:\/\/colmadosingular.com\/wp-content\/uploads\/2024\/10\/decada_4.jpg\" class=\"attachment-2048x2048 size-2048x2048 wp-image-9694\" alt=\"\" srcset=\"https:\/\/colmadosingular.com\/wp-content\/uploads\/2024\/10\/decada_4.jpg 800w, https:\/\/colmadosingular.com\/wp-content\/uploads\/2024\/10\/decada_4-300x300.jpg 300w, https:\/\/colmadosingular.com\/wp-content\/uploads\/2024\/10\/decada_4-100x100.jpg 100w, https:\/\/colmadosingular.com\/wp-content\/uploads\/2024\/10\/decada_4-600x600.jpg 600w, https:\/\/colmadosingular.com\/wp-content\/uploads\/2024\/10\/decada_4-150x150.jpg 150w, https:\/\/colmadosingular.com\/wp-content\/uploads\/2024\/10\/decada_4-768x768.jpg 768w\" sizes=\"(max-width: 800px) 100vw, 800px\" \/>\t\t\t\t\t\t\t\t\t\t\t\t\t\t\t<\/div>\n\t\t\t\t<\/div>\n\t\t\t\t<\/div>\n\t\t\t\t<\/div>\n\t\t\t\t<div class=\"elementor-section elementor-top-section elementor-element elementor-element-20caf2b elementor-section-stretched elementor-section-full_width elementor-section-height-default elementor-section-height-default\" data-id=\"20caf2b\" data-element_type=\"section\" data-e-type=\"section\" data-settings=\"{&quot;stretch_section&quot;:&quot;section-stretched&quot;}\">\n\t\t\t\t\t\t<div class=\"elementor-container elementor-column-gap-no\">\n\t\t\t\t\t<div class=\"elementor-column elementor-col-100 elementor-top-column elementor-element elementor-element-a0ec9c4\" data-id=\"a0ec9c4\" data-element_type=\"column\" data-e-type=\"column\">\n\t\t\t<div class=\"elementor-widget-wrap elementor-element-populated\">\n\t\t\t\t\t\t<div class=\"elementor-element elementor-element-7fa34bf elementor-widget elementor-widget-heading\" data-id=\"7fa34bf\" data-element_type=\"widget\" data-e-type=\"widget\" data-widget_type=\"heading.default\">\n\t\t\t\t<div class=\"elementor-widget-container\">\n\t\t\t\t\t<h2 class=\"elementor-heading-title elementor-size-default\">productes<\/h2>\t\t\t\t<\/div>\n\t\t\t\t<\/div>\n\t\t\t\t<div class=\"elementor-element elementor-element-ccb9dc0 elementor-grid-4 elementor-grid-tablet-3 elementor-grid-mobile-2 elementor-products-grid elementor-wc-products elementor-widget elementor-widget-woocommerce-products\" data-id=\"ccb9dc0\" data-element_type=\"widget\" data-e-type=\"widget\" data-widget_type=\"woocommerce-products.default\">\n\t\t\t\t<div class=\"elementor-widget-container\">\n\t\t\t\t\t<div class=\"woocommerce columns-4 \"><div class=\"row\">\n    <div class=\"col-xs-12\">\n        <ul class=\"products elementor-grid ul_products products-grid products-grid-1 grid-items xmobile-block-grid-1 mobile-block-grid-2 tablet-block-grid-2 laptop-block-grid-4 block-grid-4\" data-grid_layout=\"products-grid-1\" data-item_selector=\".product_item\" data-item_margin=\"0\" data-container-width=\"1170\" data-item-width=\"270\" data-item-height=\"450\" data-md-col=\"2\" data-sm-col=\"2\" data-xs-col=\"2\" data-mb-col=\"1\" data-la_component=\"[]\" data-pagination=\".la-shop-products .la-pagination\"><li class=\"product_item grid-item product type-product post-988028 status-publish first instock product_cat-llibres has-post-thumbnail product-type-external thumb-no-effect prod-rating-off\" data-width=\"1\" data-height=\"1\">\n\t\t<div class=\"product_item--inner\">\n\t\t<div class=\"product_item--thumbnail\">\n\t\t\t<div class=\"product_item--thumbnail-holder\">\n\t\t\t\t<a href=\"https:\/\/colmadosingular.com\/ca\/producto\/decada\/\" class=\"woocommerce-LoopProduct-link woocommerce-loop-product__link\"><span class=\"la-custom-badge odd\" style=\"background-color:#8db9ca\"><span>Novedad<\/span><\/span><div class=\"figure__object_fit p_img-first\"><img loading=\"lazy\" decoding=\"async\" width=\"300\" height=\"300\" src=\"https:\/\/colmadosingular.com\/wp-content\/uploads\/2024\/08\/Libro_Decada-scaled-300x300.jpg\" class=\"attachment-woocommerce_thumbnail size-woocommerce_thumbnail\" alt=\"D\u00c9CADA\" srcset=\"https:\/\/colmadosingular.com\/wp-content\/uploads\/2024\/08\/Libro_Decada-300x300.jpg 300w, https:\/\/colmadosingular.com\/wp-content\/uploads\/2024\/08\/Libro_Decada-scaled-100x100.jpg 100w, https:\/\/colmadosingular.com\/wp-content\/uploads\/2024\/08\/Libro_Decada-scaled-600x600.jpg 600w, https:\/\/colmadosingular.com\/wp-content\/uploads\/2024\/08\/Libro_Decada-1024x1024.jpg 1024w, https:\/\/colmadosingular.com\/wp-content\/uploads\/2024\/08\/Libro_Decada-150x150.jpg 150w, https:\/\/colmadosingular.com\/wp-content\/uploads\/2024\/08\/Libro_Decada-768x768.jpg 768w, https:\/\/colmadosingular.com\/wp-content\/uploads\/2024\/08\/Libro_Decada-1536x1536.jpg 1536w, https:\/\/colmadosingular.com\/wp-content\/uploads\/2024\/08\/Libro_Decada-2048x2048.jpg 2048w\" sizes=\"(max-width: 300px) 100vw, 300px\" \/><\/div><div class=\"item--overlay\"><\/div><\/a>\t\t\t<\/div>\n\t\t\t<div class=\"product_item_thumbnail_action product_item--action\">\n\t\t\t\t<div class=\"wrap-addto\"><a href=\"https:\/\/drive.google.com\/file\/d\/1NFQF-vGu3FP65d9vjGGFJ9K5fqiqO9fF\/view?usp=drive_link\" data-quantity=\"1\" class=\"la-addcart button product_type_external add_to_cart_button\" data-product_id=\"988028\" data-product_sku=\"LIBRO DECADA\" aria-label=\"Descargar PDF\" rel=\"nofollow\" data-product_title=\"D\u00c9CADA\" title=\"Descargar PDF\"><span class=\"labtn-icon labtn-icon-cart\"><\/span><span class=\"labtn-text\" title=\"Descargar PDF\">Descargar PDF<\/span><\/a><\/div>\t\t\t<\/div>\n            \t\t<\/div>\n\t\t<div class=\"product_item--info\">\n\t\t\t<div class=\"product_item--info-inner\">\n\t\t\t\t<h2 class=\"product_item--title\"><a href=\"https:\/\/colmadosingular.com\/ca\/producto\/decada\/\">D\u00c9CADA<\/a><\/h3>\n\t<span class=\"price\"><span class=\"woocommerce-Price-amount amount\"><bdi>0,00&nbsp;<span class=\"woocommerce-Price-currencySymbol\">&euro;<\/span><\/bdi><\/span><\/span>\n\t\t\t<\/div>\n\t\t\t<div class=\"product_item--info-action product_item--action\">\n\t\t\t\t<div class=\"wrap-addto\"><a href=\"https:\/\/drive.google.com\/file\/d\/1NFQF-vGu3FP65d9vjGGFJ9K5fqiqO9fF\/view?usp=drive_link\" data-quantity=\"1\" class=\"la-addcart button product_type_external add_to_cart_button\" data-product_id=\"988028\" data-product_sku=\"LIBRO DECADA\" aria-label=\"Descargar PDF\" rel=\"nofollow\" data-product_title=\"D\u00c9CADA\" title=\"Descargar PDF\"><span class=\"labtn-icon labtn-icon-cart\"><\/span><span class=\"labtn-text\" title=\"Descargar PDF\">Descargar PDF<\/span><\/a><\/div>\t\t\t<\/div>\n\t\t<\/div>\n\t<\/div>\n\n    <\/li>\n        <\/ul>\n    <\/div><!-- .col-xs-12 -->\n<\/div><!-- .row --><\/div>\t\t\t\t<\/div>\n\t\t\t\t<\/div>\n\t\t\t\t<div class=\"elementor-element elementor-element-c06f8da elementor-widget elementor-widget-spacer\" data-id=\"c06f8da\" data-element_type=\"widget\" data-e-type=\"widget\" data-widget_type=\"spacer.default\">\n\t\t\t\t<div class=\"elementor-widget-container\">\n\t\t\t\t\t\t\t<div class=\"elementor-spacer\">\n\t\t\t<div class=\"elementor-spacer-inner\"><\/div>\n\t\t<\/div>\n\t\t\t\t\t\t<\/div>\n\t\t\t\t<\/div>\n\t\t\t\t\t<\/div>\n\t\t<\/div>\n\t\t\t\t\t<\/div>\n\t\t<\/div>\n\t\t\t\t<\/div>\n\t\t","protected":false},"excerpt":{"rendered":"<p>D\u00c8CADAFrancesc Collell &amp; Restaurants &#8220;D\u00c9CADA&#8221; \u00e9s un homenatge de Francesc Collell als productors i restauradors que van col\u00b7laborar durant els 10 primers anys de Colmado Singular, on l&#8217;empresa ha assolit [&hellip;]<\/p>\n","protected":false},"author":4,"featured_media":6180,"parent":1000515,"menu_order":0,"comment_status":"closed","ping_status":"closed","template":"elementor_header_footer","meta":{"_acf_changed":false,"_monsterinsights_skip_tracking":false,"_monsterinsights_sitenote_active":false,"_monsterinsights_sitenote_note":"","_monsterinsights_sitenote_category":0,"_joinchat":[],"footnotes":""},"class_list":["post-1000540","page","type-page","status-publish","has-post-thumbnail","hentry"],"acf":[],"yoast_head":"<!-- This site is optimized with the Yoast SEO plugin v24.8.1 - https:\/\/yoast.com\/wordpress\/plugins\/seo\/ -->\n<title>D\u00c9CADA - Colmado Singular<\/title>\n<meta name=\"robots\" content=\"index, follow, max-snippet:-1, max-image-preview:large, max-video-preview:-1\" \/>\n<link rel=\"canonical\" href=\"https:\/\/colmadosingular.com\/ca\/llibres\/decada\/\" \/>\n<meta property=\"og:locale\" content=\"ca_ES\" \/>\n<meta property=\"og:type\" content=\"article\" \/>\n<meta property=\"og:title\" content=\"D\u00c9CADA - Colmado Singular\" \/>\n<meta property=\"og:description\" content=\"D\u00c8CADAFrancesc Collell &amp; Restaurants &#8220;D\u00c9CADA&#8221; \u00e9s un homenatge de Francesc Collell als productors i restauradors que van col\u00b7laborar durant els 10 primers anys de Colmado Singular, on l&#8217;empresa ha assolit [&hellip;]\" \/>\n<meta property=\"og:url\" content=\"https:\/\/colmadosingular.com\/ca\/llibres\/decada\/\" \/>\n<meta property=\"og:site_name\" content=\"Colmado Singular\" \/>\n<meta property=\"article:modified_time\" content=\"2026-02-19T12:19:36+00:00\" \/>\n<meta property=\"og:image\" content=\"https:\/\/colmadosingular.com\/wp-content\/uploads\/2024\/09\/LIBRO_SS_23630111.jpg\" \/>\n\t<meta property=\"og:image:width\" content=\"800\" \/>\n\t<meta property=\"og:image:height\" content=\"800\" \/>\n\t<meta property=\"og:image:type\" content=\"image\/jpeg\" \/>\n<meta name=\"twitter:card\" content=\"summary_large_image\" \/>\n<meta name=\"twitter:label1\" content=\"Temps estimat de lectura\" \/>\n\t<meta name=\"twitter:data1\" content=\"1 minut\" \/>\n<script type=\"application\/ld+json\" class=\"yoast-schema-graph\">{\"@context\":\"https:\/\/schema.org\",\"@graph\":[{\"@type\":\"WebPage\",\"@id\":\"https:\/\/colmadosingular.com\/ca\/llibres\/decada\/\",\"url\":\"https:\/\/colmadosingular.com\/ca\/llibres\/decada\/\",\"name\":\"D\u00c9CADA - Colmado Singular\",\"isPartOf\":{\"@id\":\"https:\/\/colmadosingular.com\/ca\/#website\"},\"primaryImageOfPage\":{\"@id\":\"https:\/\/colmadosingular.com\/ca\/llibres\/decada\/#primaryimage\"},\"image\":{\"@id\":\"https:\/\/colmadosingular.com\/ca\/llibres\/decada\/#primaryimage\"},\"thumbnailUrl\":\"https:\/\/colmadosingular.com\/wp-content\/uploads\/2024\/09\/LIBRO_SS_23630111.jpg\",\"datePublished\":\"2024-10-25T17:20:34+00:00\",\"dateModified\":\"2026-02-19T12:19:36+00:00\",\"breadcrumb\":{\"@id\":\"https:\/\/colmadosingular.com\/ca\/llibres\/decada\/#breadcrumb\"},\"inLanguage\":\"ca\",\"potentialAction\":[{\"@type\":\"ReadAction\",\"target\":[\"https:\/\/colmadosingular.com\/ca\/llibres\/decada\/\"]}]},{\"@type\":\"ImageObject\",\"inLanguage\":\"ca\",\"@id\":\"https:\/\/colmadosingular.com\/ca\/llibres\/decada\/#primaryimage\",\"url\":\"https:\/\/colmadosingular.com\/wp-content\/uploads\/2024\/09\/LIBRO_SS_23630111.jpg\",\"contentUrl\":\"https:\/\/colmadosingular.com\/wp-content\/uploads\/2024\/09\/LIBRO_SS_23630111.jpg\",\"width\":800,\"height\":800},{\"@type\":\"BreadcrumbList\",\"@id\":\"https:\/\/colmadosingular.com\/ca\/llibres\/decada\/#breadcrumb\",\"itemListElement\":[{\"@type\":\"ListItem\",\"position\":1,\"name\":\"Portada\",\"item\":\"https:\/\/colmadosingular.com\/ca\/inici\/\"},{\"@type\":\"ListItem\",\"position\":2,\"name\":\"Llibres\",\"item\":\"https:\/\/colmadosingular.com\/ca\/llibres\/\"},{\"@type\":\"ListItem\",\"position\":3,\"name\":\"D\u00c9CADA\"}]},{\"@type\":\"WebSite\",\"@id\":\"https:\/\/colmadosingular.com\/ca\/#website\",\"url\":\"https:\/\/colmadosingular.com\/ca\/\",\"name\":\"Colmado Singular\",\"description\":\"\",\"publisher\":{\"@id\":\"https:\/\/colmadosingular.com\/ca\/#organization\"},\"potentialAction\":[{\"@type\":\"SearchAction\",\"target\":{\"@type\":\"EntryPoint\",\"urlTemplate\":\"https:\/\/colmadosingular.com\/ca\/?s={search_term_string}\"},\"query-input\":{\"@type\":\"PropertyValueSpecification\",\"valueRequired\":true,\"valueName\":\"search_term_string\"}}],\"inLanguage\":\"ca\"},{\"@type\":\"Organization\",\"@id\":\"https:\/\/colmadosingular.com\/ca\/#organization\",\"name\":\"Colmado Singular\",\"url\":\"https:\/\/colmadosingular.com\/ca\/\",\"logo\":{\"@type\":\"ImageObject\",\"inLanguage\":\"ca\",\"@id\":\"https:\/\/colmadosingular.com\/ca\/#\/schema\/logo\/image\/\",\"url\":\"https:\/\/colmadosingular.com\/wp-content\/uploads\/2024\/08\/logo-colmado.svg\",\"contentUrl\":\"https:\/\/colmadosingular.com\/wp-content\/uploads\/2024\/08\/logo-colmado.svg\",\"width\":620,\"height\":50,\"caption\":\"Colmado Singular\"},\"image\":{\"@id\":\"https:\/\/colmadosingular.com\/ca\/#\/schema\/logo\/image\/\"}}]}<\/script>\n<!-- \/ Yoast SEO plugin. -->","yoast_head_json":{"title":"D\u00c9CADA - Colmado Singular","robots":{"index":"index","follow":"follow","max-snippet":"max-snippet:-1","max-image-preview":"max-image-preview:large","max-video-preview":"max-video-preview:-1"},"canonical":"https:\/\/colmadosingular.com\/ca\/llibres\/decada\/","og_locale":"ca_ES","og_type":"article","og_title":"D\u00c9CADA - Colmado Singular","og_description":"D\u00c8CADAFrancesc Collell &amp; Restaurants &#8220;D\u00c9CADA&#8221; \u00e9s un homenatge de Francesc Collell als productors i restauradors que van col\u00b7laborar durant els 10 primers anys de Colmado Singular, on l&#8217;empresa ha assolit [&hellip;]","og_url":"https:\/\/colmadosingular.com\/ca\/llibres\/decada\/","og_site_name":"Colmado Singular","article_modified_time":"2026-02-19T12:19:36+00:00","og_image":[{"width":800,"height":800,"url":"https:\/\/colmadosingular.com\/wp-content\/uploads\/2024\/09\/LIBRO_SS_23630111.jpg","type":"image\/jpeg"}],"twitter_card":"summary_large_image","twitter_misc":{"Temps estimat de lectura":"1 minut"},"schema":{"@context":"https:\/\/schema.org","@graph":[{"@type":"WebPage","@id":"https:\/\/colmadosingular.com\/ca\/llibres\/decada\/","url":"https:\/\/colmadosingular.com\/ca\/llibres\/decada\/","name":"D\u00c9CADA - Colmado Singular","isPartOf":{"@id":"https:\/\/colmadosingular.com\/ca\/#website"},"primaryImageOfPage":{"@id":"https:\/\/colmadosingular.com\/ca\/llibres\/decada\/#primaryimage"},"image":{"@id":"https:\/\/colmadosingular.com\/ca\/llibres\/decada\/#primaryimage"},"thumbnailUrl":"https:\/\/colmadosingular.com\/wp-content\/uploads\/2024\/09\/LIBRO_SS_23630111.jpg","datePublished":"2024-10-25T17:20:34+00:00","dateModified":"2026-02-19T12:19:36+00:00","breadcrumb":{"@id":"https:\/\/colmadosingular.com\/ca\/llibres\/decada\/#breadcrumb"},"inLanguage":"ca","potentialAction":[{"@type":"ReadAction","target":["https:\/\/colmadosingular.com\/ca\/llibres\/decada\/"]}]},{"@type":"ImageObject","inLanguage":"ca","@id":"https:\/\/colmadosingular.com\/ca\/llibres\/decada\/#primaryimage","url":"https:\/\/colmadosingular.com\/wp-content\/uploads\/2024\/09\/LIBRO_SS_23630111.jpg","contentUrl":"https:\/\/colmadosingular.com\/wp-content\/uploads\/2024\/09\/LIBRO_SS_23630111.jpg","width":800,"height":800},{"@type":"BreadcrumbList","@id":"https:\/\/colmadosingular.com\/ca\/llibres\/decada\/#breadcrumb","itemListElement":[{"@type":"ListItem","position":1,"name":"Portada","item":"https:\/\/colmadosingular.com\/ca\/inici\/"},{"@type":"ListItem","position":2,"name":"Llibres","item":"https:\/\/colmadosingular.com\/ca\/llibres\/"},{"@type":"ListItem","position":3,"name":"D\u00c9CADA"}]},{"@type":"WebSite","@id":"https:\/\/colmadosingular.com\/ca\/#website","url":"https:\/\/colmadosingular.com\/ca\/","name":"Colmado Singular","description":"","publisher":{"@id":"https:\/\/colmadosingular.com\/ca\/#organization"},"potentialAction":[{"@type":"SearchAction","target":{"@type":"EntryPoint","urlTemplate":"https:\/\/colmadosingular.com\/ca\/?s={search_term_string}"},"query-input":{"@type":"PropertyValueSpecification","valueRequired":true,"valueName":"search_term_string"}}],"inLanguage":"ca"},{"@type":"Organization","@id":"https:\/\/colmadosingular.com\/ca\/#organization","name":"Colmado Singular","url":"https:\/\/colmadosingular.com\/ca\/","logo":{"@type":"ImageObject","inLanguage":"ca","@id":"https:\/\/colmadosingular.com\/ca\/#\/schema\/logo\/image\/","url":"https:\/\/colmadosingular.com\/wp-content\/uploads\/2024\/08\/logo-colmado.svg","contentUrl":"https:\/\/colmadosingular.com\/wp-content\/uploads\/2024\/08\/logo-colmado.svg","width":620,"height":50,"caption":"Colmado Singular"},"image":{"@id":"https:\/\/colmadosingular.com\/ca\/#\/schema\/logo\/image\/"}}]}},"_links":{"self":[{"href":"https:\/\/colmadosingular.com\/ca\/wp-json\/wp\/v2\/pages\/1000540","targetHints":{"allow":["GET"]}}],"collection":[{"href":"https:\/\/colmadosingular.com\/ca\/wp-json\/wp\/v2\/pages"}],"about":[{"href":"https:\/\/colmadosingular.com\/ca\/wp-json\/wp\/v2\/types\/page"}],"author":[{"embeddable":true,"href":"https:\/\/colmadosingular.com\/ca\/wp-json\/wp\/v2\/users\/4"}],"replies":[{"embeddable":true,"href":"https:\/\/colmadosingular.com\/ca\/wp-json\/wp\/v2\/comments?post=1000540"}],"version-history":[{"count":1,"href":"https:\/\/colmadosingular.com\/ca\/wp-json\/wp\/v2\/pages\/1000540\/revisions"}],"predecessor-version":[{"id":1000541,"href":"https:\/\/colmadosingular.com\/ca\/wp-json\/wp\/v2\/pages\/1000540\/revisions\/1000541"}],"up":[{"embeddable":true,"href":"https:\/\/colmadosingular.com\/ca\/wp-json\/wp\/v2\/pages\/1000515"}],"wp:featuredmedia":[{"embeddable":true,"href":"https:\/\/colmadosingular.com\/ca\/wp-json\/wp\/v2\/media\/6180"}],"wp:attachment":[{"href":"https:\/\/colmadosingular.com\/ca\/wp-json\/wp\/v2\/media?parent=1000540"}],"curies":[{"name":"wp","href":"https:\/\/api.w.org\/{rel}","templated":true}]}}