{"id":1000542,"date":"2024-08-28T13:03:56","date_gmt":"2024-08-28T11:03:56","guid":{"rendered":"https:\/\/colmadosingular.com\/llibres\/divines-especies\/"},"modified":"2026-02-19T13:22:33","modified_gmt":"2026-02-19T12:22:33","slug":"divines-especies","status":"publish","type":"page","link":"https:\/\/colmadosingular.com\/ca\/llibres\/divines-especies\/","title":{"rendered":"Divines esp\u00e8cies"},"content":{"rendered":"\t\t<div data-elementor-type=\"wp-page\" data-elementor-id=\"1000542\" class=\"elementor elementor-1000542 elementor-3254\" data-elementor-post-type=\"page\">\n\t\t\t\t<div class=\"elementor-element elementor-element-40cafe9 e-con-full e-flex e-con e-parent\" data-id=\"40cafe9\" data-element_type=\"container\" data-e-type=\"container\">\n\t\t<div class=\"elementor-element elementor-element-7600d0e e-con-full e-flex e-con e-child\" data-id=\"7600d0e\" data-element_type=\"container\" data-e-type=\"container\">\n\t\t\t\t<div class=\"elementor-element elementor-element-0203618 elementor-widget elementor-widget-image\" data-id=\"0203618\" data-element_type=\"widget\" data-e-type=\"widget\" data-widget_type=\"image.default\">\n\t\t\t\t<div class=\"elementor-widget-container\">\n\t\t\t\t\t\t\t\t\t\t\t\t\t\t\t<img fetchpriority=\"high\" decoding=\"async\" width=\"800\" height=\"800\" src=\"https:\/\/colmadosingular.com\/wp-content\/uploads\/2024\/09\/LIBRO_DE_23630130.jpg\" class=\"attachment-large size-large wp-image-6164\" alt=\"\" srcset=\"https:\/\/colmadosingular.com\/wp-content\/uploads\/2024\/09\/LIBRO_DE_23630130.jpg 800w, https:\/\/colmadosingular.com\/wp-content\/uploads\/2024\/09\/LIBRO_DE_23630130-300x300.jpg 300w, https:\/\/colmadosingular.com\/wp-content\/uploads\/2024\/09\/LIBRO_DE_23630130-100x100.jpg 100w, https:\/\/colmadosingular.com\/wp-content\/uploads\/2024\/09\/LIBRO_DE_23630130-600x600.jpg 600w, https:\/\/colmadosingular.com\/wp-content\/uploads\/2024\/09\/LIBRO_DE_23630130-150x150.jpg 150w, https:\/\/colmadosingular.com\/wp-content\/uploads\/2024\/09\/LIBRO_DE_23630130-768x768.jpg 768w, https:\/\/colmadosingular.com\/wp-content\/uploads\/2024\/09\/LIBRO_DE_23630130-12x12.jpg 12w\" sizes=\"(max-width: 800px) 100vw, 800px\" \/>\t\t\t\t\t\t\t\t\t\t\t\t\t\t\t<\/div>\n\t\t\t\t<\/div>\n\t\t\t\t<\/div>\n\t\t<div class=\"elementor-element elementor-element-7a277c9 e-con-full e-flex e-con e-child\" data-id=\"7a277c9\" data-element_type=\"container\" data-e-type=\"container\">\n\t\t\t\t<div class=\"elementor-element elementor-element-9365c34 elementor-widget elementor-widget-image\" data-id=\"9365c34\" data-element_type=\"widget\" data-e-type=\"widget\" data-widget_type=\"image.default\">\n\t\t\t\t<div class=\"elementor-widget-container\">\n\t\t\t\t\t\t\t\t\t\t\t\t\t\t\t<img decoding=\"async\" width=\"800\" height=\"800\" src=\"https:\/\/colmadosingular.com\/wp-content\/uploads\/2024\/09\/LIBRO_DE_23630135.jpg\" class=\"attachment-large size-large wp-image-6167\" alt=\"\" srcset=\"https:\/\/colmadosingular.com\/wp-content\/uploads\/2024\/09\/LIBRO_DE_23630135.jpg 800w, https:\/\/colmadosingular.com\/wp-content\/uploads\/2024\/09\/LIBRO_DE_23630135-300x300.jpg 300w, https:\/\/colmadosingular.com\/wp-content\/uploads\/2024\/09\/LIBRO_DE_23630135-100x100.jpg 100w, https:\/\/colmadosingular.com\/wp-content\/uploads\/2024\/09\/LIBRO_DE_23630135-600x600.jpg 600w, https:\/\/colmadosingular.com\/wp-content\/uploads\/2024\/09\/LIBRO_DE_23630135-150x150.jpg 150w, https:\/\/colmadosingular.com\/wp-content\/uploads\/2024\/09\/LIBRO_DE_23630135-768x768.jpg 768w, https:\/\/colmadosingular.com\/wp-content\/uploads\/2024\/09\/LIBRO_DE_23630135-12x12.jpg 12w\" sizes=\"(max-width: 800px) 100vw, 800px\" \/>\t\t\t\t\t\t\t\t\t\t\t\t\t\t\t<\/div>\n\t\t\t\t<\/div>\n\t\t\t\t<\/div>\n\t\t\t\t<\/div>\n\t\t<div class=\"elementor-element elementor-element-9defff8 e-flex e-con-boxed e-con e-parent\" data-id=\"9defff8\" data-element_type=\"container\" data-e-type=\"container\">\n\t\t\t\t\t<div class=\"e-con-inner\">\n\t\t<div class=\"elementor-element elementor-element-10da3d8 e-con-full e-flex e-con e-child\" data-id=\"10da3d8\" data-element_type=\"container\" data-e-type=\"container\">\n\t\t\t\t<div class=\"elementor-element elementor-element-2b43bec elementor-widget elementor-widget-heading\" data-id=\"2b43bec\" data-element_type=\"widget\" data-e-type=\"widget\" data-widget_type=\"heading.default\">\n\t\t\t\t<div class=\"elementor-widget-container\">\n\t\t\t\t\t<h2 class=\"elementor-heading-title elementor-size-default\">DIVINES ESP\u00c8CIES<br><span lang=\"ES-TRAD\">Ainhoa \u200b\u200bAguirregoitia<\/span><\/h2>\t\t\t\t<\/div>\n\t\t\t\t<\/div>\n\t\t\t\t<\/div>\n\t\t<div class=\"elementor-element elementor-element-f5bd58f e-con-full e-flex e-con e-child\" data-id=\"f5bd58f\" data-element_type=\"container\" data-e-type=\"container\">\n\t\t\t\t<div class=\"elementor-element elementor-element-fe840f9 elementor-widget elementor-widget-text-editor\" data-id=\"fe840f9\" data-element_type=\"widget\" data-e-type=\"widget\" data-widget_type=\"text-editor.default\">\n\t\t\t\t<div class=\"elementor-widget-container\">\n\t\t\t\t\t\t\t\t\t<p><span style=\"color: #333333;\">Divines esp\u00e8cies \u00e9s la hist\u00f2ria d\u00b4una primera vegada, d\u00b4un primer desig. \u00c9s la materialitzaci\u00f3, en forma de receptari, de l&#8217;\u00fas delicat o intens de les esp\u00e8cies a la cuina. Les esp\u00e8cies poden resultar l&#8217;ingredient m\u00e9s misteri\u00f3s, atractiu i desconegut que trobem en un mercat; aquest car\u00e0cter nou hauria de provocar-nos curiositat, i l&#8217;objectiu m\u00e9s clar d&#8217;aquest receptari \u00e9s proposar aplicacions de tota la gamma d&#8217;esp\u00e8cies amb qu\u00e8 compta Colmado Singular perqu\u00e8, arran d&#8217;aqu\u00ed, experimenteu i en consolideu l&#8217;\u00fas a la vostra cuina habitual.  <\/span><\/p><p><span style=\"color: #333333;\">Des del Marroc fins al Jap\u00f3, passant per l&#8217;\u00cdndia, la Xina, It\u00e0lia, Cambodja, l&#8217;Equador o Guatemala; esp\u00e8cies d&#8217;aqu\u00ed i d&#8217;all\u00e0. Variades i molt vers\u00e0tils. Picants i dol\u00e7os.  <\/span><\/p><p><span style=\"color: #333333;\">El nostre principi de selecci\u00f3 \u00e9s la frescor, equilibri i eleg\u00e0ncia. Hi trobareu mixtures, esp\u00e8cies pures, pebres, herbes arom\u00e0tiques i xillis. <\/span><\/p><p><span style=\"color: #333333;\">El primer contacte potser \u00e9s t\u00edmid, per\u00f2 el seu \u00fas reiterat et provocar\u00e0 a poc a poc confian\u00e7a i, en q\u00fcesti\u00f3 de dies, quan encenguis els focs, enyorar\u00e0s les seves aromes: t&#8217;haur\u00e0s iniciat, doncs, en l&#8217;apassionant viatge al m\u00f3n de les esp\u00e8cies.<\/span><\/p>\t\t\t\t\t\t\t\t<\/div>\n\t\t\t\t<\/div>\n\t\t\t\t<\/div>\n\t\t\t\t\t<\/div>\n\t\t\t\t<\/div>\n\t\t<div class=\"elementor-element elementor-element-d31dfd1 e-flex e-con-boxed e-con e-parent\" data-id=\"d31dfd1\" data-element_type=\"container\" data-e-type=\"container\">\n\t\t\t\t\t<div class=\"e-con-inner\">\n\t\t\t\t<div class=\"elementor-element elementor-element-d12389d elementor-widget elementor-widget-spacer\" data-id=\"d12389d\" data-element_type=\"widget\" data-e-type=\"widget\" data-widget_type=\"spacer.default\">\n\t\t\t\t<div class=\"elementor-widget-container\">\n\t\t\t\t\t\t\t<div class=\"elementor-spacer\">\n\t\t\t<div class=\"elementor-spacer-inner\"><\/div>\n\t\t<\/div>\n\t\t\t\t\t\t<\/div>\n\t\t\t\t<\/div>\n\t\t\t\t\t<\/div>\n\t\t\t\t<\/div>\n\t\t<div class=\"elementor-element elementor-element-eb9a7dd e-con-full e-flex e-con e-parent\" data-id=\"eb9a7dd\" data-element_type=\"container\" data-e-type=\"container\">\n\t\t<div class=\"elementor-element elementor-element-efd7cbe e-flex e-con-boxed e-con e-child\" data-id=\"efd7cbe\" data-element_type=\"container\" data-e-type=\"container\">\n\t\t\t\t\t<div class=\"e-con-inner\">\n\t\t\t\t<div class=\"elementor-element elementor-element-e7519c4 elementor-widget elementor-widget-image\" data-id=\"e7519c4\" data-element_type=\"widget\" data-e-type=\"widget\" data-widget_type=\"image.default\">\n\t\t\t\t<div class=\"elementor-widget-container\">\n\t\t\t\t\t\t\t\t\t\t\t\t\t\t\t<img decoding=\"async\" width=\"800\" height=\"533\" src=\"https:\/\/colmadosingular.com\/wp-content\/uploads\/2024\/10\/Libro_DivinasyEspecias_23630178.jpg\" class=\"attachment-large size-large wp-image-7861\" alt=\"\" srcset=\"https:\/\/colmadosingular.com\/wp-content\/uploads\/2024\/10\/Libro_DivinasyEspecias_23630178.jpg 800w, https:\/\/colmadosingular.com\/wp-content\/uploads\/2024\/10\/Libro_DivinasyEspecias_23630178-300x200.jpg 300w, https:\/\/colmadosingular.com\/wp-content\/uploads\/2024\/10\/Libro_DivinasyEspecias_23630178-768x512.jpg 768w\" sizes=\"(max-width: 800px) 100vw, 800px\" \/>\t\t\t\t\t\t\t\t\t\t\t\t\t\t\t<\/div>\n\t\t\t\t<\/div>\n\t\t\t\t\t<\/div>\n\t\t\t\t<\/div>\n\t\t\t\t<\/div>\n\t\t<div class=\"elementor-element elementor-element-14182c1 e-con-full e-flex e-con e-parent\" data-id=\"14182c1\" data-element_type=\"container\" data-e-type=\"container\">\n\t\t<div class=\"elementor-element elementor-element-68175bf e-con-full e-flex e-con e-child\" data-id=\"68175bf\" data-element_type=\"container\" data-e-type=\"container\">\n\t\t<div class=\"elementor-element elementor-element-33713ba e-con-full e-flex e-con e-child\" data-id=\"33713ba\" data-element_type=\"container\" data-e-type=\"container\">\n\t\t\t\t<div class=\"elementor-element elementor-element-ed9a3b6 elementor-widget elementor-widget-image\" data-id=\"ed9a3b6\" data-element_type=\"widget\" data-e-type=\"widget\" data-widget_type=\"image.default\">\n\t\t\t\t<div class=\"elementor-widget-container\">\n\t\t\t\t\t\t\t\t\t\t\t\t\t\t\t<img loading=\"lazy\" decoding=\"async\" width=\"800\" height=\"533\" src=\"https:\/\/colmadosingular.com\/wp-content\/uploads\/2024\/10\/Libros_DivinasEspecias_23630176.jpg\" class=\"attachment-large size-large wp-image-7867\" alt=\"\" srcset=\"https:\/\/colmadosingular.com\/wp-content\/uploads\/2024\/10\/Libros_DivinasEspecias_23630176.jpg 800w, https:\/\/colmadosingular.com\/wp-content\/uploads\/2024\/10\/Libros_DivinasEspecias_23630176-300x200.jpg 300w, https:\/\/colmadosingular.com\/wp-content\/uploads\/2024\/10\/Libros_DivinasEspecias_23630176-768x512.jpg 768w\" sizes=\"(max-width: 800px) 100vw, 800px\" \/>\t\t\t\t\t\t\t\t\t\t\t\t\t\t\t<\/div>\n\t\t\t\t<\/div>\n\t\t\t\t<\/div>\n\t\t<div class=\"elementor-element elementor-element-6122b77 e-con-full e-flex e-con e-child\" data-id=\"6122b77\" data-element_type=\"container\" data-e-type=\"container\">\n\t\t\t\t<div class=\"elementor-element elementor-element-2510a75 elementor-widget elementor-widget-image\" data-id=\"2510a75\" data-element_type=\"widget\" data-e-type=\"widget\" data-widget_type=\"image.default\">\n\t\t\t\t<div class=\"elementor-widget-container\">\n\t\t\t\t\t\t\t\t\t\t\t\t\t\t\t<img loading=\"lazy\" decoding=\"async\" width=\"800\" height=\"533\" src=\"https:\/\/colmadosingular.com\/wp-content\/uploads\/2024\/10\/Libro_DivinasEspecias_23630166.jpg\" class=\"attachment-large size-large wp-image-7863\" alt=\"\" srcset=\"https:\/\/colmadosingular.com\/wp-content\/uploads\/2024\/10\/Libro_DivinasEspecias_23630166.jpg 800w, https:\/\/colmadosingular.com\/wp-content\/uploads\/2024\/10\/Libro_DivinasEspecias_23630166-300x200.jpg 300w, https:\/\/colmadosingular.com\/wp-content\/uploads\/2024\/10\/Libro_DivinasEspecias_23630166-768x512.jpg 768w\" sizes=\"(max-width: 800px) 100vw, 800px\" \/>\t\t\t\t\t\t\t\t\t\t\t\t\t\t\t<\/div>\n\t\t\t\t<\/div>\n\t\t\t\t<\/div>\n\t\t\t\t<\/div>\n\t\t\t\t<\/div>\n\t\t\t\t<div class=\"elementor-section elementor-top-section elementor-element elementor-element-20caf2b elementor-section-stretched elementor-section-full_width elementor-section-height-default elementor-section-height-default\" data-id=\"20caf2b\" data-element_type=\"section\" data-e-type=\"section\" data-settings=\"{&quot;stretch_section&quot;:&quot;section-stretched&quot;}\">\n\t\t\t\t\t\t<div class=\"elementor-container elementor-column-gap-no\">\n\t\t\t\t\t<div class=\"elementor-column elementor-col-100 elementor-top-column elementor-element elementor-element-a0ec9c4\" data-id=\"a0ec9c4\" data-element_type=\"column\" data-e-type=\"column\">\n\t\t\t<div class=\"elementor-widget-wrap elementor-element-populated\">\n\t\t\t\t\t\t<div class=\"elementor-element elementor-element-7fa34bf elementor-widget elementor-widget-heading\" data-id=\"7fa34bf\" data-element_type=\"widget\" data-e-type=\"widget\" data-widget_type=\"heading.default\">\n\t\t\t\t<div class=\"elementor-widget-container\">\n\t\t\t\t\t<h2 class=\"elementor-heading-title elementor-size-default\">productes<\/h2>\t\t\t\t<\/div>\n\t\t\t\t<\/div>\n\t\t\t\t<div class=\"elementor-element elementor-element-50baeed elementor-widget elementor-widget-lastudio-products\" data-id=\"50baeed\" data-element_type=\"widget\" data-e-type=\"widget\" data-widget_type=\"lastudio-products.default\">\n\t\t\t\t<div class=\"elementor-widget-container\">\n\t\t\t\t\t<div class=\"js-el woocommerce columns-3  elementor_wc_widget_50baeed_0\" data-la_component=\"InfiniteScroll\" data-pagination=\".elementor_wc_widget_50baeed_0 .la-pagination\"><div class=\"row\"><div class=\"col-xs-12\"><ul class=\"products ul_products grid-items block-grid-3 mobile-block-grid-2 products-grid products-grid-1\" data-grid_layout=\"products-grid-1\"><\/ul><\/div><\/div><nav class=\"woocommerce-pagination la-pagination clearfix la-ajax-pagination is-ajax-pagination la-ajax-load-first with-wp-ajax\" data-parent-container=\".elementor_wc_widget_50baeed_0\" data-container=\".elementor_wc_widget_50baeed_0 ul.ul_products\" data-item-selector=\".product_item\" data-ajax_request_id=\"50baeed_0\" data-queryArgs=\"{&quot;columns&quot;:3,&quot;limit&quot;:16,&quot;loadmore_text&quot;:false,&quot;grid_style&quot;:&quot;1&quot;,&quot;enable_ajax_load&quot;:&quot;yes&quot;,&quot;layout&quot;:&quot;grid&quot;,&quot;masonry_style&quot;:false,&quot;list_style&quot;:false,&quot;columns_laptop&quot;:false,&quot;columns_tablet&quot;:false,&quot;columns_mobile_extra&quot;:2,&quot;columns_mobile&quot;:false,&quot;enable_custom_image_size&quot;:&quot;&quot;,&quot;image_size&quot;:false,&quot;disable_alt_image&quot;:&quot;&quot;,&quot;paginate&quot;:&quot;yes&quot;,&quot;paginate_as_loadmore&quot;:&quot;&quot;,&quot;query_post_type&quot;:&quot;by_id&quot;,&quot;query_posts_ids&quot;:[&quot;679&quot;],&quot;query_include&quot;:false,&quot;query_include_term_ids&quot;:false,&quot;query_include_authors&quot;:false,&quot;query_exclude&quot;:false,&quot;query_exclude_ids&quot;:false,&quot;query_exclude_term_ids&quot;:false,&quot;query_avoid_duplicates&quot;:false,&quot;query_select_date&quot;:false,&quot;query_date_before&quot;:false,&quot;query_date_after&quot;:false,&quot;query_orderby&quot;:&quot;date&quot;,&quot;query_order&quot;:&quot;desc&quot;,&quot;masonry_item_sizes&quot;:false,&quot;enable_custom_masonry_layout&quot;:false,&quot;masonry_container_width&quot;:false,&quot;masonry_item_base_width&quot;:false,&quot;masonry_item_base_height&quot;:false,&quot;carousel_setting&quot;:&quot;&quot;,&quot;carousel_enabled&quot;:&quot;&quot;,&quot;unique_id&quot;:&quot;50baeed&quot;,&quot;el_id&quot;:0}\" data-queryAction=\"lastudio_get_products\"><div class=\"la-ajax-loading-outer\"><div class=\"la-loader spinner3\"><div class=\"dot1\"><\/div><div class=\"dot2\"><\/div><div class=\"bounce1\"><\/div><div class=\"bounce2\"><\/div><div class=\"bounce3\"><\/div><div class=\"cube1\"><\/div><div class=\"cube2\"><\/div><div class=\"cube3\"><\/div><div class=\"cube4\"><\/div><\/div><\/div><div class=\"products__loadmore_ajax pagination_ajax_loadmore\"><a href=\"javascript:;\"><span><\/span><\/a><\/div><ul class=\"page-numbers\"><li><a class=\"next page-numbers\" href=\"https:\/\/colmadosingular.com\/ca\/wp-json\/wp\/v2\/pages\/1000542?products50baeed_0=1\"><\/a><\/li><\/ul><\/nav><\/div>\t\t\t\t<\/div>\n\t\t\t\t<\/div>\n\t\t\t\t<div class=\"elementor-element elementor-element-c06f8da elementor-widget elementor-widget-spacer\" data-id=\"c06f8da\" data-element_type=\"widget\" data-e-type=\"widget\" data-widget_type=\"spacer.default\">\n\t\t\t\t<div class=\"elementor-widget-container\">\n\t\t\t\t\t\t\t<div class=\"elementor-spacer\">\n\t\t\t<div class=\"elementor-spacer-inner\"><\/div>\n\t\t<\/div>\n\t\t\t\t\t\t<\/div>\n\t\t\t\t<\/div>\n\t\t\t\t\t<\/div>\n\t\t<\/div>\n\t\t\t\t\t<\/div>\n\t\t<\/div>\n\t\t\t\t<\/div>\n\t\t","protected":false},"excerpt":{"rendered":"<p>DIVINES ESP\u00c8CIESAinhoa \u200b\u200bAguirregoitia Divines esp\u00e8cies \u00e9s la hist\u00f2ria d\u00b4una primera vegada, d\u00b4un primer desig. \u00c9s la materialitzaci\u00f3, en forma de receptari, de l&#8217;\u00fas delicat o intens de les esp\u00e8cies a [&hellip;]<\/p>\n","protected":false},"author":2,"featured_media":0,"parent":1000515,"menu_order":0,"comment_status":"closed","ping_status":"closed","template":"elementor_header_footer","meta":{"_acf_changed":false,"_monsterinsights_skip_tracking":false,"_monsterinsights_sitenote_active":false,"_monsterinsights_sitenote_note":"","_monsterinsights_sitenote_category":0,"_joinchat":[],"footnotes":""},"class_list":["post-1000542","page","type-page","status-publish","hentry"],"acf":[],"yoast_head":"<!-- This site is optimized with the Yoast SEO plugin v24.8.1 - https:\/\/yoast.com\/wordpress\/plugins\/seo\/ -->\n<title>Divines esp\u00e8cies - Colmado Singular<\/title>\n<meta name=\"robots\" content=\"index, follow, max-snippet:-1, max-image-preview:large, max-video-preview:-1\" \/>\n<link rel=\"canonical\" href=\"https:\/\/colmadosingular.com\/ca\/llibres\/divines-especies\/\" \/>\n<meta property=\"og:locale\" content=\"ca_ES\" \/>\n<meta property=\"og:type\" content=\"article\" \/>\n<meta property=\"og:title\" content=\"Divines esp\u00e8cies - Colmado Singular\" \/>\n<meta property=\"og:description\" content=\"DIVINES ESP\u00c8CIESAinhoa \u200b\u200bAguirregoitia Divines esp\u00e8cies \u00e9s la hist\u00f2ria d\u00b4una primera vegada, d\u00b4un primer desig. \u00c9s la materialitzaci\u00f3, en forma de receptari, de l&#8217;\u00fas delicat o intens de les esp\u00e8cies a [&hellip;]\" \/>\n<meta property=\"og:url\" content=\"https:\/\/colmadosingular.com\/ca\/llibres\/divines-especies\/\" \/>\n<meta property=\"og:site_name\" content=\"Colmado Singular\" \/>\n<meta property=\"article:modified_time\" content=\"2026-02-19T12:22:33+00:00\" \/>\n<meta property=\"og:image\" content=\"https:\/\/colmadosingular.com\/wp-content\/uploads\/2024\/09\/LIBRO_DE_23630130.jpg\" \/>\n\t<meta property=\"og:image:width\" content=\"800\" \/>\n\t<meta property=\"og:image:height\" content=\"800\" \/>\n\t<meta property=\"og:image:type\" content=\"image\/jpeg\" \/>\n<meta name=\"twitter:card\" content=\"summary_large_image\" \/>\n<meta name=\"twitter:label1\" content=\"Temps estimat de lectura\" \/>\n\t<meta name=\"twitter:data1\" content=\"1 minut\" \/>\n<script type=\"application\/ld+json\" class=\"yoast-schema-graph\">{\"@context\":\"https:\/\/schema.org\",\"@graph\":[{\"@type\":\"WebPage\",\"@id\":\"https:\/\/colmadosingular.com\/ca\/llibres\/divines-especies\/\",\"url\":\"https:\/\/colmadosingular.com\/ca\/llibres\/divines-especies\/\",\"name\":\"Divines esp\u00e8cies - Colmado Singular\",\"isPartOf\":{\"@id\":\"https:\/\/colmadosingular.com\/ca\/#website\"},\"primaryImageOfPage\":{\"@id\":\"https:\/\/colmadosingular.com\/ca\/llibres\/divines-especies\/#primaryimage\"},\"image\":{\"@id\":\"https:\/\/colmadosingular.com\/ca\/llibres\/divines-especies\/#primaryimage\"},\"thumbnailUrl\":\"https:\/\/colmadosingular.com\/wp-content\/uploads\/2024\/09\/LIBRO_DE_23630130.jpg\",\"datePublished\":\"2024-08-28T11:03:56+00:00\",\"dateModified\":\"2026-02-19T12:22:33+00:00\",\"breadcrumb\":{\"@id\":\"https:\/\/colmadosingular.com\/ca\/llibres\/divines-especies\/#breadcrumb\"},\"inLanguage\":\"ca\",\"potentialAction\":[{\"@type\":\"ReadAction\",\"target\":[\"https:\/\/colmadosingular.com\/ca\/llibres\/divines-especies\/\"]}]},{\"@type\":\"ImageObject\",\"inLanguage\":\"ca\",\"@id\":\"https:\/\/colmadosingular.com\/ca\/llibres\/divines-especies\/#primaryimage\",\"url\":\"https:\/\/colmadosingular.com\/wp-content\/uploads\/2024\/09\/LIBRO_DE_23630130.jpg\",\"contentUrl\":\"https:\/\/colmadosingular.com\/wp-content\/uploads\/2024\/09\/LIBRO_DE_23630130.jpg\"},{\"@type\":\"BreadcrumbList\",\"@id\":\"https:\/\/colmadosingular.com\/ca\/llibres\/divines-especies\/#breadcrumb\",\"itemListElement\":[{\"@type\":\"ListItem\",\"position\":1,\"name\":\"Portada\",\"item\":\"https:\/\/colmadosingular.com\/ca\/inici\/\"},{\"@type\":\"ListItem\",\"position\":2,\"name\":\"Llibres\",\"item\":\"https:\/\/colmadosingular.com\/ca\/llibres\/\"},{\"@type\":\"ListItem\",\"position\":3,\"name\":\"Divines esp\u00e8cies\"}]},{\"@type\":\"WebSite\",\"@id\":\"https:\/\/colmadosingular.com\/ca\/#website\",\"url\":\"https:\/\/colmadosingular.com\/ca\/\",\"name\":\"Colmado Singular\",\"description\":\"\",\"publisher\":{\"@id\":\"https:\/\/colmadosingular.com\/ca\/#organization\"},\"potentialAction\":[{\"@type\":\"SearchAction\",\"target\":{\"@type\":\"EntryPoint\",\"urlTemplate\":\"https:\/\/colmadosingular.com\/ca\/?s={search_term_string}\"},\"query-input\":{\"@type\":\"PropertyValueSpecification\",\"valueRequired\":true,\"valueName\":\"search_term_string\"}}],\"inLanguage\":\"ca\"},{\"@type\":\"Organization\",\"@id\":\"https:\/\/colmadosingular.com\/ca\/#organization\",\"name\":\"Colmado Singular\",\"url\":\"https:\/\/colmadosingular.com\/ca\/\",\"logo\":{\"@type\":\"ImageObject\",\"inLanguage\":\"ca\",\"@id\":\"https:\/\/colmadosingular.com\/ca\/#\/schema\/logo\/image\/\",\"url\":\"https:\/\/colmadosingular.com\/wp-content\/uploads\/2024\/08\/logo-colmado.svg\",\"contentUrl\":\"https:\/\/colmadosingular.com\/wp-content\/uploads\/2024\/08\/logo-colmado.svg\",\"width\":620,\"height\":50,\"caption\":\"Colmado Singular\"},\"image\":{\"@id\":\"https:\/\/colmadosingular.com\/ca\/#\/schema\/logo\/image\/\"}}]}<\/script>\n<!-- \/ Yoast SEO plugin. -->","yoast_head_json":{"title":"Divines esp\u00e8cies - Colmado Singular","robots":{"index":"index","follow":"follow","max-snippet":"max-snippet:-1","max-image-preview":"max-image-preview:large","max-video-preview":"max-video-preview:-1"},"canonical":"https:\/\/colmadosingular.com\/ca\/llibres\/divines-especies\/","og_locale":"ca_ES","og_type":"article","og_title":"Divines esp\u00e8cies - Colmado Singular","og_description":"DIVINES ESP\u00c8CIESAinhoa \u200b\u200bAguirregoitia Divines esp\u00e8cies \u00e9s la hist\u00f2ria d\u00b4una primera vegada, d\u00b4un primer desig. \u00c9s la materialitzaci\u00f3, en forma de receptari, de l&#8217;\u00fas delicat o intens de les esp\u00e8cies a [&hellip;]","og_url":"https:\/\/colmadosingular.com\/ca\/llibres\/divines-especies\/","og_site_name":"Colmado Singular","article_modified_time":"2026-02-19T12:22:33+00:00","og_image":[{"width":800,"height":800,"url":"https:\/\/colmadosingular.com\/wp-content\/uploads\/2024\/09\/LIBRO_DE_23630130.jpg","type":"image\/jpeg"}],"twitter_card":"summary_large_image","twitter_misc":{"Temps estimat de lectura":"1 minut"},"schema":{"@context":"https:\/\/schema.org","@graph":[{"@type":"WebPage","@id":"https:\/\/colmadosingular.com\/ca\/llibres\/divines-especies\/","url":"https:\/\/colmadosingular.com\/ca\/llibres\/divines-especies\/","name":"Divines esp\u00e8cies - Colmado Singular","isPartOf":{"@id":"https:\/\/colmadosingular.com\/ca\/#website"},"primaryImageOfPage":{"@id":"https:\/\/colmadosingular.com\/ca\/llibres\/divines-especies\/#primaryimage"},"image":{"@id":"https:\/\/colmadosingular.com\/ca\/llibres\/divines-especies\/#primaryimage"},"thumbnailUrl":"https:\/\/colmadosingular.com\/wp-content\/uploads\/2024\/09\/LIBRO_DE_23630130.jpg","datePublished":"2024-08-28T11:03:56+00:00","dateModified":"2026-02-19T12:22:33+00:00","breadcrumb":{"@id":"https:\/\/colmadosingular.com\/ca\/llibres\/divines-especies\/#breadcrumb"},"inLanguage":"ca","potentialAction":[{"@type":"ReadAction","target":["https:\/\/colmadosingular.com\/ca\/llibres\/divines-especies\/"]}]},{"@type":"ImageObject","inLanguage":"ca","@id":"https:\/\/colmadosingular.com\/ca\/llibres\/divines-especies\/#primaryimage","url":"https:\/\/colmadosingular.com\/wp-content\/uploads\/2024\/09\/LIBRO_DE_23630130.jpg","contentUrl":"https:\/\/colmadosingular.com\/wp-content\/uploads\/2024\/09\/LIBRO_DE_23630130.jpg"},{"@type":"BreadcrumbList","@id":"https:\/\/colmadosingular.com\/ca\/llibres\/divines-especies\/#breadcrumb","itemListElement":[{"@type":"ListItem","position":1,"name":"Portada","item":"https:\/\/colmadosingular.com\/ca\/inici\/"},{"@type":"ListItem","position":2,"name":"Llibres","item":"https:\/\/colmadosingular.com\/ca\/llibres\/"},{"@type":"ListItem","position":3,"name":"Divines esp\u00e8cies"}]},{"@type":"WebSite","@id":"https:\/\/colmadosingular.com\/ca\/#website","url":"https:\/\/colmadosingular.com\/ca\/","name":"Colmado Singular","description":"","publisher":{"@id":"https:\/\/colmadosingular.com\/ca\/#organization"},"potentialAction":[{"@type":"SearchAction","target":{"@type":"EntryPoint","urlTemplate":"https:\/\/colmadosingular.com\/ca\/?s={search_term_string}"},"query-input":{"@type":"PropertyValueSpecification","valueRequired":true,"valueName":"search_term_string"}}],"inLanguage":"ca"},{"@type":"Organization","@id":"https:\/\/colmadosingular.com\/ca\/#organization","name":"Colmado Singular","url":"https:\/\/colmadosingular.com\/ca\/","logo":{"@type":"ImageObject","inLanguage":"ca","@id":"https:\/\/colmadosingular.com\/ca\/#\/schema\/logo\/image\/","url":"https:\/\/colmadosingular.com\/wp-content\/uploads\/2024\/08\/logo-colmado.svg","contentUrl":"https:\/\/colmadosingular.com\/wp-content\/uploads\/2024\/08\/logo-colmado.svg","width":620,"height":50,"caption":"Colmado Singular"},"image":{"@id":"https:\/\/colmadosingular.com\/ca\/#\/schema\/logo\/image\/"}}]}},"_links":{"self":[{"href":"https:\/\/colmadosingular.com\/ca\/wp-json\/wp\/v2\/pages\/1000542","targetHints":{"allow":["GET"]}}],"collection":[{"href":"https:\/\/colmadosingular.com\/ca\/wp-json\/wp\/v2\/pages"}],"about":[{"href":"https:\/\/colmadosingular.com\/ca\/wp-json\/wp\/v2\/types\/page"}],"author":[{"embeddable":true,"href":"https:\/\/colmadosingular.com\/ca\/wp-json\/wp\/v2\/users\/2"}],"replies":[{"embeddable":true,"href":"https:\/\/colmadosingular.com\/ca\/wp-json\/wp\/v2\/comments?post=1000542"}],"version-history":[{"count":1,"href":"https:\/\/colmadosingular.com\/ca\/wp-json\/wp\/v2\/pages\/1000542\/revisions"}],"predecessor-version":[{"id":1000543,"href":"https:\/\/colmadosingular.com\/ca\/wp-json\/wp\/v2\/pages\/1000542\/revisions\/1000543"}],"up":[{"embeddable":true,"href":"https:\/\/colmadosingular.com\/ca\/wp-json\/wp\/v2\/pages\/1000515"}],"wp:attachment":[{"href":"https:\/\/colmadosingular.com\/ca\/wp-json\/wp\/v2\/media?parent=1000542"}],"curies":[{"name":"wp","href":"https:\/\/api.w.org\/{rel}","templated":true}]}}