{"id":1000544,"date":"2024-09-03T16:29:19","date_gmt":"2024-09-03T14:29:19","guid":{"rendered":"https:\/\/colmadosingular.com\/llibres\/sea-salt-book\/"},"modified":"2026-02-19T13:25:15","modified_gmt":"2026-02-19T12:25:15","slug":"sea-salt-book","status":"publish","type":"page","link":"https:\/\/colmadosingular.com\/ca\/llibres\/sea-salt-book\/","title":{"rendered":"SEA SALT BOOK"},"content":{"rendered":"\t\t<div data-elementor-type=\"wp-page\" data-elementor-id=\"1000544\" class=\"elementor elementor-1000544 elementor-3409\" data-elementor-post-type=\"page\">\n\t\t\t\t<div class=\"elementor-element elementor-element-40cafe9 e-con-full e-flex e-con e-parent\" data-id=\"40cafe9\" data-element_type=\"container\" data-e-type=\"container\">\n\t\t<div class=\"elementor-element elementor-element-7600d0e e-con-full e-flex e-con e-child\" data-id=\"7600d0e\" data-element_type=\"container\" data-e-type=\"container\">\n\t\t\t\t<div class=\"elementor-element elementor-element-0203618 elementor-widget elementor-widget-image\" data-id=\"0203618\" data-element_type=\"widget\" data-e-type=\"widget\" data-widget_type=\"image.default\">\n\t\t\t\t<div class=\"elementor-widget-container\">\n\t\t\t\t\t\t\t\t\t\t\t\t\t\t\t<img fetchpriority=\"high\" decoding=\"async\" width=\"800\" height=\"800\" src=\"https:\/\/colmadosingular.com\/wp-content\/uploads\/2024\/09\/LIBRO_SS_23630111.jpg\" class=\"attachment-large size-large wp-image-6180\" alt=\"\" srcset=\"https:\/\/colmadosingular.com\/wp-content\/uploads\/2024\/09\/LIBRO_SS_23630111.jpg 800w, https:\/\/colmadosingular.com\/wp-content\/uploads\/2024\/09\/LIBRO_SS_23630111-300x300.jpg 300w, https:\/\/colmadosingular.com\/wp-content\/uploads\/2024\/09\/LIBRO_SS_23630111-100x100.jpg 100w, https:\/\/colmadosingular.com\/wp-content\/uploads\/2024\/09\/LIBRO_SS_23630111-600x600.jpg 600w, https:\/\/colmadosingular.com\/wp-content\/uploads\/2024\/09\/LIBRO_SS_23630111-150x150.jpg 150w, https:\/\/colmadosingular.com\/wp-content\/uploads\/2024\/09\/LIBRO_SS_23630111-768x768.jpg 768w, https:\/\/colmadosingular.com\/wp-content\/uploads\/2024\/09\/LIBRO_SS_23630111-12x12.jpg 12w\" sizes=\"(max-width: 800px) 100vw, 800px\" \/>\t\t\t\t\t\t\t\t\t\t\t\t\t\t\t<\/div>\n\t\t\t\t<\/div>\n\t\t\t\t<\/div>\n\t\t<div class=\"elementor-element elementor-element-7a277c9 e-con-full e-flex e-con e-child\" data-id=\"7a277c9\" data-element_type=\"container\" data-e-type=\"container\">\n\t\t\t\t<div class=\"elementor-element elementor-element-9365c34 elementor-widget elementor-widget-image\" data-id=\"9365c34\" data-element_type=\"widget\" data-e-type=\"widget\" data-widget_type=\"image.default\">\n\t\t\t\t<div class=\"elementor-widget-container\">\n\t\t\t\t\t\t\t\t\t\t\t\t\t\t\t<img decoding=\"async\" width=\"800\" height=\"800\" src=\"https:\/\/colmadosingular.com\/wp-content\/uploads\/2024\/09\/LIBRO_SS_23630118.jpg\" class=\"attachment-2048x2048 size-2048x2048 wp-image-6185\" alt=\"\" srcset=\"https:\/\/colmadosingular.com\/wp-content\/uploads\/2024\/09\/LIBRO_SS_23630118.jpg 800w, https:\/\/colmadosingular.com\/wp-content\/uploads\/2024\/09\/LIBRO_SS_23630118-300x300.jpg 300w, https:\/\/colmadosingular.com\/wp-content\/uploads\/2024\/09\/LIBRO_SS_23630118-100x100.jpg 100w, https:\/\/colmadosingular.com\/wp-content\/uploads\/2024\/09\/LIBRO_SS_23630118-600x600.jpg 600w, https:\/\/colmadosingular.com\/wp-content\/uploads\/2024\/09\/LIBRO_SS_23630118-150x150.jpg 150w, https:\/\/colmadosingular.com\/wp-content\/uploads\/2024\/09\/LIBRO_SS_23630118-768x768.jpg 768w, https:\/\/colmadosingular.com\/wp-content\/uploads\/2024\/09\/LIBRO_SS_23630118-12x12.jpg 12w\" sizes=\"(max-width: 800px) 100vw, 800px\" \/>\t\t\t\t\t\t\t\t\t\t\t\t\t\t\t<\/div>\n\t\t\t\t<\/div>\n\t\t\t\t<\/div>\n\t\t\t\t<\/div>\n\t\t<div class=\"elementor-element elementor-element-9defff8 e-flex e-con-boxed e-con e-parent\" data-id=\"9defff8\" data-element_type=\"container\" data-e-type=\"container\">\n\t\t\t\t\t<div class=\"e-con-inner\">\n\t\t<div class=\"elementor-element elementor-element-10da3d8 e-con-full e-flex e-con e-child\" data-id=\"10da3d8\" data-element_type=\"container\" data-e-type=\"container\">\n\t\t\t\t<div class=\"elementor-element elementor-element-2b43bec elementor-widget elementor-widget-heading\" data-id=\"2b43bec\" data-element_type=\"widget\" data-e-type=\"widget\" data-widget_type=\"heading.default\">\n\t\t\t\t<div class=\"elementor-widget-container\">\n\t\t\t\t\t<h2 class=\"elementor-heading-title elementor-size-default\">SEA SALT<br><span lang=\"ES-TRAD\">The Lea-Wilson Family<\/span><\/h2>\t\t\t\t<\/div>\n\t\t\t\t<\/div>\n\t\t\t\t<\/div>\n\t\t<div class=\"elementor-element elementor-element-f5bd58f e-con-full e-flex e-con e-child\" data-id=\"f5bd58f\" data-element_type=\"container\" data-e-type=\"container\">\n\t\t\t\t<div class=\"elementor-element elementor-element-fe840f9 elementor-widget elementor-widget-text-editor\" data-id=\"fe840f9\" data-element_type=\"widget\" data-e-type=\"widget\" data-widget_type=\"text-editor.default\">\n\t\t\t\t<div class=\"elementor-widget-container\">\n\t\t\t\t\t\t\t\t\t<p><span style=\"color: #333333;\">Despr\u00e9s de 20 anys elaborant sal marina guardonada, la fam\u00edlia Lea-Wilson ha reunit una col\u00b7lecci\u00f3 de receptes per aprofitar al m\u00e0xim aquest ingredient sovint incompr\u00e8s i mal utilitzat. Aprendre a condimentar correctament \u00e9s el que diferencia un bon cuiner d\u2019un gran cuiner. No es tracta nom\u00e9s de la quantitat que s&#8217;afegeix, sin\u00f3 tamb\u00e9 de quan s&#8217;utilitzen aquests cristalls: al comen\u00e7ament de la preparaci\u00f3 del menjar, perqu\u00e8 els tom\u00e0quets cantin sota el sol; cobrint la carn just abans de cuinar-la, per formar una crosta salada i mantenir-la sucosa; o just al final, escampant-la sobre un past\u00eds de xocolata per donar-li un toc encara m\u00e9s xocolatat.<br>En aquest llibre aprendr\u00e0s a utilitzar la sal de maneres noves per fer que els aliments quotidians siguin m\u00e9s vibrants i saborosos. Des d\u2019una sofisticada lasanya de fonoll i ametlles fins a galetes de llet torrada, passant per un delicat xai a la sal o un suc\u00f3s blat de moro en salmorra amb pebre negre, aquest llibre aporta noves t\u00e8cniques i un toc d\u2019inspiraci\u00f3 fresca als teus plats.<br>Aquest llibre ret homenatge a l&#8217;ingredient m\u00e9s important de la cuina (la sal), amb la mateixa atenci\u00f3 a les verdures i els plats dol\u00e7os que a la carn i el peix, i amb belles fotografies preses a la salvatge illa d\u2019Anglesey.     <\/span><\/p><p><span style=\"color: #333333;\">Aquest bell llibre, escrit col\u00b7lectivament per tota una fam\u00edlia sobre la seva passi\u00f3 i negoci, celebra l&#8217;insubstitu\u00efble sabor de la sal, en la seva forma m\u00e9s apetitosa. I les receptes tamb\u00e9 s\u00f3n irresistibles&#8221;. &#8211; Hugh Fearnley Whittingstall  <\/span><\/p>\t\t\t\t\t\t\t\t<\/div>\n\t\t\t\t<\/div>\n\t\t\t\t<\/div>\n\t\t\t\t\t<\/div>\n\t\t\t\t<\/div>\n\t\t<div class=\"elementor-element elementor-element-702c08f e-flex e-con-boxed e-con e-parent\" data-id=\"702c08f\" data-element_type=\"container\" data-e-type=\"container\">\n\t\t\t\t\t<div class=\"e-con-inner\">\n\t\t\t\t<div class=\"elementor-element elementor-element-27dce7a elementor-widget elementor-widget-spacer\" data-id=\"27dce7a\" data-element_type=\"widget\" data-e-type=\"widget\" data-widget_type=\"spacer.default\">\n\t\t\t\t<div class=\"elementor-widget-container\">\n\t\t\t\t\t\t\t<div class=\"elementor-spacer\">\n\t\t\t<div class=\"elementor-spacer-inner\"><\/div>\n\t\t<\/div>\n\t\t\t\t\t\t<\/div>\n\t\t\t\t<\/div>\n\t\t\t\t\t<\/div>\n\t\t\t\t<\/div>\n\t\t<div class=\"elementor-element elementor-element-def41c4 e-flex e-con-boxed e-con e-parent\" data-id=\"def41c4\" data-element_type=\"container\" data-e-type=\"container\">\n\t\t\t\t\t<div class=\"e-con-inner\">\n\t\t\t\t<div class=\"elementor-element elementor-element-15a332f elementor-widget elementor-widget-image\" data-id=\"15a332f\" data-element_type=\"widget\" data-e-type=\"widget\" data-widget_type=\"image.default\">\n\t\t\t\t<div class=\"elementor-widget-container\">\n\t\t\t\t\t\t\t\t\t\t\t\t\t\t\t<img decoding=\"async\" width=\"800\" height=\"533\" src=\"https:\/\/colmadosingular.com\/wp-content\/uploads\/2024\/09\/LIBRO_SS_23630211.jpg\" class=\"attachment-large size-large wp-image-6194\" alt=\"\" srcset=\"https:\/\/colmadosingular.com\/wp-content\/uploads\/2024\/09\/LIBRO_SS_23630211.jpg 800w, https:\/\/colmadosingular.com\/wp-content\/uploads\/2024\/09\/LIBRO_SS_23630211-300x200.jpg 300w, https:\/\/colmadosingular.com\/wp-content\/uploads\/2024\/09\/LIBRO_SS_23630211-768x512.jpg 768w, https:\/\/colmadosingular.com\/wp-content\/uploads\/2024\/09\/LIBRO_SS_23630211-18x12.jpg 18w\" sizes=\"(max-width: 800px) 100vw, 800px\" \/>\t\t\t\t\t\t\t\t\t\t\t\t\t\t\t<\/div>\n\t\t\t\t<\/div>\n\t\t\t\t\t<\/div>\n\t\t\t\t<\/div>\n\t\t<div class=\"elementor-element elementor-element-b1497a6 e-con-full e-flex e-con e-parent\" data-id=\"b1497a6\" data-element_type=\"container\" data-e-type=\"container\">\n\t\t<div class=\"elementor-element elementor-element-05eceb6 e-con-full e-flex e-con e-child\" data-id=\"05eceb6\" data-element_type=\"container\" data-e-type=\"container\">\n\t\t\t\t<div class=\"elementor-element elementor-element-e9f216b elementor-widget elementor-widget-image\" data-id=\"e9f216b\" data-element_type=\"widget\" data-e-type=\"widget\" data-widget_type=\"image.default\">\n\t\t\t\t<div class=\"elementor-widget-container\">\n\t\t\t\t\t\t\t\t\t\t\t\t\t\t\t<img loading=\"lazy\" decoding=\"async\" width=\"800\" height=\"533\" src=\"https:\/\/colmadosingular.com\/wp-content\/uploads\/2024\/09\/LIBRO_SS_23630208.jpg\" class=\"attachment-large size-large wp-image-6192\" alt=\"\" srcset=\"https:\/\/colmadosingular.com\/wp-content\/uploads\/2024\/09\/LIBRO_SS_23630208.jpg 800w, https:\/\/colmadosingular.com\/wp-content\/uploads\/2024\/09\/LIBRO_SS_23630208-300x200.jpg 300w, https:\/\/colmadosingular.com\/wp-content\/uploads\/2024\/09\/LIBRO_SS_23630208-768x512.jpg 768w, https:\/\/colmadosingular.com\/wp-content\/uploads\/2024\/09\/LIBRO_SS_23630208-18x12.jpg 18w\" sizes=\"(max-width: 800px) 100vw, 800px\" \/>\t\t\t\t\t\t\t\t\t\t\t\t\t\t\t<\/div>\n\t\t\t\t<\/div>\n\t\t\t\t<\/div>\n\t\t<div class=\"elementor-element elementor-element-9cb96ce e-con-full e-flex e-con e-child\" data-id=\"9cb96ce\" data-element_type=\"container\" data-e-type=\"container\">\n\t\t\t\t<div class=\"elementor-element elementor-element-8e6e21f elementor-widget elementor-widget-image\" data-id=\"8e6e21f\" data-element_type=\"widget\" data-e-type=\"widget\" data-widget_type=\"image.default\">\n\t\t\t\t<div class=\"elementor-widget-container\">\n\t\t\t\t\t\t\t\t\t\t\t\t\t\t\t<img loading=\"lazy\" decoding=\"async\" width=\"800\" height=\"533\" src=\"https:\/\/colmadosingular.com\/wp-content\/uploads\/2024\/09\/LIBRO_SS_23630215.jpg\" class=\"attachment-2048x2048 size-2048x2048 wp-image-6196\" alt=\"\" srcset=\"https:\/\/colmadosingular.com\/wp-content\/uploads\/2024\/09\/LIBRO_SS_23630215.jpg 800w, https:\/\/colmadosingular.com\/wp-content\/uploads\/2024\/09\/LIBRO_SS_23630215-300x200.jpg 300w, https:\/\/colmadosingular.com\/wp-content\/uploads\/2024\/09\/LIBRO_SS_23630215-768x512.jpg 768w, https:\/\/colmadosingular.com\/wp-content\/uploads\/2024\/09\/LIBRO_SS_23630215-18x12.jpg 18w\" sizes=\"(max-width: 800px) 100vw, 800px\" \/>\t\t\t\t\t\t\t\t\t\t\t\t\t\t\t<\/div>\n\t\t\t\t<\/div>\n\t\t\t\t<\/div>\n\t\t\t\t<\/div>\n\t\t\t\t<div class=\"elementor-section elementor-top-section elementor-element elementor-element-20caf2b elementor-section-stretched elementor-section-full_width elementor-section-height-default elementor-section-height-default\" data-id=\"20caf2b\" data-element_type=\"section\" data-e-type=\"section\" data-settings=\"{&quot;stretch_section&quot;:&quot;section-stretched&quot;}\">\n\t\t\t\t\t\t<div class=\"elementor-container elementor-column-gap-no\">\n\t\t\t\t\t<div class=\"elementor-column elementor-col-100 elementor-top-column elementor-element elementor-element-a0ec9c4\" data-id=\"a0ec9c4\" data-element_type=\"column\" data-e-type=\"column\">\n\t\t\t<div class=\"elementor-widget-wrap elementor-element-populated\">\n\t\t\t\t\t\t<div class=\"elementor-element elementor-element-7fa34bf elementor-widget elementor-widget-heading\" data-id=\"7fa34bf\" data-element_type=\"widget\" data-e-type=\"widget\" data-widget_type=\"heading.default\">\n\t\t\t\t<div class=\"elementor-widget-container\">\n\t\t\t\t\t<h2 class=\"elementor-heading-title elementor-size-default\">productes<\/h2>\t\t\t\t<\/div>\n\t\t\t\t<\/div>\n\t\t\t\t<div class=\"elementor-element elementor-element-50baeed elementor-widget elementor-widget-lastudio-products\" data-id=\"50baeed\" data-element_type=\"widget\" data-e-type=\"widget\" data-widget_type=\"lastudio-products.default\">\n\t\t\t\t<div class=\"elementor-widget-container\">\n\t\t\t\t\t<div class=\"js-el woocommerce columns-3  elementor_wc_widget_50baeed_0\" data-la_component=\"InfiniteScroll\" data-pagination=\".elementor_wc_widget_50baeed_0 .la-pagination\"><div class=\"row\"><div class=\"col-xs-12\"><ul class=\"products ul_products grid-items block-grid-3 mobile-block-grid-2 products-grid products-grid-1\" data-grid_layout=\"products-grid-1\"><\/ul><\/div><\/div><nav class=\"woocommerce-pagination la-pagination clearfix la-ajax-pagination is-ajax-pagination la-ajax-load-first with-wp-ajax\" data-parent-container=\".elementor_wc_widget_50baeed_0\" data-container=\".elementor_wc_widget_50baeed_0 ul.ul_products\" data-item-selector=\".product_item\" data-ajax_request_id=\"50baeed_0\" data-queryArgs=\"{&quot;columns&quot;:3,&quot;limit&quot;:16,&quot;loadmore_text&quot;:false,&quot;grid_style&quot;:&quot;1&quot;,&quot;enable_ajax_load&quot;:&quot;yes&quot;,&quot;layout&quot;:&quot;grid&quot;,&quot;masonry_style&quot;:false,&quot;list_style&quot;:false,&quot;columns_laptop&quot;:false,&quot;columns_tablet&quot;:false,&quot;columns_mobile_extra&quot;:2,&quot;columns_mobile&quot;:false,&quot;enable_custom_image_size&quot;:&quot;&quot;,&quot;image_size&quot;:false,&quot;disable_alt_image&quot;:&quot;&quot;,&quot;paginate&quot;:&quot;yes&quot;,&quot;paginate_as_loadmore&quot;:&quot;&quot;,&quot;query_post_type&quot;:&quot;by_id&quot;,&quot;query_posts_ids&quot;:[&quot;7460&quot;],&quot;query_include&quot;:false,&quot;query_include_term_ids&quot;:false,&quot;query_include_authors&quot;:false,&quot;query_exclude&quot;:false,&quot;query_exclude_ids&quot;:false,&quot;query_exclude_term_ids&quot;:false,&quot;query_avoid_duplicates&quot;:false,&quot;query_select_date&quot;:false,&quot;query_date_before&quot;:false,&quot;query_date_after&quot;:false,&quot;query_orderby&quot;:&quot;rand&quot;,&quot;query_order&quot;:&quot;desc&quot;,&quot;masonry_item_sizes&quot;:false,&quot;enable_custom_masonry_layout&quot;:false,&quot;masonry_container_width&quot;:false,&quot;masonry_item_base_width&quot;:false,&quot;masonry_item_base_height&quot;:false,&quot;carousel_setting&quot;:&quot;&quot;,&quot;carousel_enabled&quot;:&quot;&quot;,&quot;unique_id&quot;:&quot;50baeed&quot;,&quot;el_id&quot;:0}\" data-queryAction=\"lastudio_get_products\"><div class=\"la-ajax-loading-outer\"><div class=\"la-loader spinner3\"><div class=\"dot1\"><\/div><div class=\"dot2\"><\/div><div class=\"bounce1\"><\/div><div class=\"bounce2\"><\/div><div class=\"bounce3\"><\/div><div class=\"cube1\"><\/div><div class=\"cube2\"><\/div><div class=\"cube3\"><\/div><div class=\"cube4\"><\/div><\/div><\/div><div class=\"products__loadmore_ajax pagination_ajax_loadmore\"><a href=\"javascript:;\"><span><\/span><\/a><\/div><ul class=\"page-numbers\"><li><a class=\"next page-numbers\" href=\"https:\/\/colmadosingular.com\/ca\/wp-json\/wp\/v2\/pages\/1000544?products50baeed_0=1\"><\/a><\/li><\/ul><\/nav><\/div>\t\t\t\t<\/div>\n\t\t\t\t<\/div>\n\t\t\t\t<div class=\"elementor-element elementor-element-c06f8da elementor-widget elementor-widget-spacer\" data-id=\"c06f8da\" data-element_type=\"widget\" data-e-type=\"widget\" data-widget_type=\"spacer.default\">\n\t\t\t\t<div class=\"elementor-widget-container\">\n\t\t\t\t\t\t\t<div class=\"elementor-spacer\">\n\t\t\t<div class=\"elementor-spacer-inner\"><\/div>\n\t\t<\/div>\n\t\t\t\t\t\t<\/div>\n\t\t\t\t<\/div>\n\t\t\t\t\t<\/div>\n\t\t<\/div>\n\t\t\t\t\t<\/div>\n\t\t<\/div>\n\t\t\t\t<\/div>\n\t\t","protected":false},"excerpt":{"rendered":"<p>SEA SALTThe Lea-Wilson Family Despr\u00e9s de 20 anys elaborant sal marina guardonada, la fam\u00edlia Lea-Wilson ha reunit una col\u00b7lecci\u00f3 de receptes per aprofitar al m\u00e0xim aquest ingredient sovint incompr\u00e8s i [&hellip;]<\/p>\n","protected":false},"author":4,"featured_media":6180,"parent":1000515,"menu_order":0,"comment_status":"closed","ping_status":"closed","template":"elementor_header_footer","meta":{"_acf_changed":false,"_monsterinsights_skip_tracking":false,"_monsterinsights_sitenote_active":false,"_monsterinsights_sitenote_note":"","_monsterinsights_sitenote_category":0,"_joinchat":[],"footnotes":""},"class_list":["post-1000544","page","type-page","status-publish","has-post-thumbnail","hentry"],"acf":[],"yoast_head":"<!-- This site is optimized with the Yoast SEO plugin v24.8.1 - https:\/\/yoast.com\/wordpress\/plugins\/seo\/ -->\n<title>SEA SALT BOOK - Colmado Singular<\/title>\n<meta name=\"robots\" content=\"index, follow, max-snippet:-1, max-image-preview:large, max-video-preview:-1\" \/>\n<link rel=\"canonical\" href=\"https:\/\/colmadosingular.com\/ca\/llibres\/sea-salt-book\/\" \/>\n<meta property=\"og:locale\" content=\"ca_ES\" \/>\n<meta property=\"og:type\" content=\"article\" \/>\n<meta property=\"og:title\" content=\"SEA SALT BOOK - Colmado Singular\" \/>\n<meta property=\"og:description\" content=\"SEA SALTThe Lea-Wilson Family Despr\u00e9s de 20 anys elaborant sal marina guardonada, la fam\u00edlia Lea-Wilson ha reunit una col\u00b7lecci\u00f3 de receptes per aprofitar al m\u00e0xim aquest ingredient sovint incompr\u00e8s i [&hellip;]\" \/>\n<meta property=\"og:url\" content=\"https:\/\/colmadosingular.com\/ca\/llibres\/sea-salt-book\/\" \/>\n<meta property=\"og:site_name\" content=\"Colmado Singular\" \/>\n<meta property=\"article:modified_time\" content=\"2026-02-19T12:25:15+00:00\" \/>\n<meta property=\"og:image\" content=\"https:\/\/colmadosingular.com\/wp-content\/uploads\/2024\/09\/LIBRO_SS_23630111.jpg\" \/>\n\t<meta property=\"og:image:width\" content=\"800\" \/>\n\t<meta property=\"og:image:height\" content=\"800\" \/>\n\t<meta property=\"og:image:type\" content=\"image\/jpeg\" \/>\n<meta name=\"twitter:card\" content=\"summary_large_image\" \/>\n<meta name=\"twitter:label1\" content=\"Temps estimat de lectura\" \/>\n\t<meta name=\"twitter:data1\" content=\"1 minut\" \/>\n<script type=\"application\/ld+json\" class=\"yoast-schema-graph\">{\"@context\":\"https:\/\/schema.org\",\"@graph\":[{\"@type\":\"WebPage\",\"@id\":\"https:\/\/colmadosingular.com\/ca\/llibres\/sea-salt-book\/\",\"url\":\"https:\/\/colmadosingular.com\/ca\/llibres\/sea-salt-book\/\",\"name\":\"SEA SALT BOOK - Colmado Singular\",\"isPartOf\":{\"@id\":\"https:\/\/colmadosingular.com\/ca\/#website\"},\"primaryImageOfPage\":{\"@id\":\"https:\/\/colmadosingular.com\/ca\/llibres\/sea-salt-book\/#primaryimage\"},\"image\":{\"@id\":\"https:\/\/colmadosingular.com\/ca\/llibres\/sea-salt-book\/#primaryimage\"},\"thumbnailUrl\":\"https:\/\/colmadosingular.com\/wp-content\/uploads\/2024\/09\/LIBRO_SS_23630111.jpg\",\"datePublished\":\"2024-09-03T14:29:19+00:00\",\"dateModified\":\"2026-02-19T12:25:15+00:00\",\"breadcrumb\":{\"@id\":\"https:\/\/colmadosingular.com\/ca\/llibres\/sea-salt-book\/#breadcrumb\"},\"inLanguage\":\"ca\",\"potentialAction\":[{\"@type\":\"ReadAction\",\"target\":[\"https:\/\/colmadosingular.com\/ca\/llibres\/sea-salt-book\/\"]}]},{\"@type\":\"ImageObject\",\"inLanguage\":\"ca\",\"@id\":\"https:\/\/colmadosingular.com\/ca\/llibres\/sea-salt-book\/#primaryimage\",\"url\":\"https:\/\/colmadosingular.com\/wp-content\/uploads\/2024\/09\/LIBRO_SS_23630111.jpg\",\"contentUrl\":\"https:\/\/colmadosingular.com\/wp-content\/uploads\/2024\/09\/LIBRO_SS_23630111.jpg\",\"width\":800,\"height\":800},{\"@type\":\"BreadcrumbList\",\"@id\":\"https:\/\/colmadosingular.com\/ca\/llibres\/sea-salt-book\/#breadcrumb\",\"itemListElement\":[{\"@type\":\"ListItem\",\"position\":1,\"name\":\"Portada\",\"item\":\"https:\/\/colmadosingular.com\/ca\/inici\/\"},{\"@type\":\"ListItem\",\"position\":2,\"name\":\"Llibres\",\"item\":\"https:\/\/colmadosingular.com\/ca\/llibres\/\"},{\"@type\":\"ListItem\",\"position\":3,\"name\":\"SEA SALT BOOK\"}]},{\"@type\":\"WebSite\",\"@id\":\"https:\/\/colmadosingular.com\/ca\/#website\",\"url\":\"https:\/\/colmadosingular.com\/ca\/\",\"name\":\"Colmado Singular\",\"description\":\"\",\"publisher\":{\"@id\":\"https:\/\/colmadosingular.com\/ca\/#organization\"},\"potentialAction\":[{\"@type\":\"SearchAction\",\"target\":{\"@type\":\"EntryPoint\",\"urlTemplate\":\"https:\/\/colmadosingular.com\/ca\/?s={search_term_string}\"},\"query-input\":{\"@type\":\"PropertyValueSpecification\",\"valueRequired\":true,\"valueName\":\"search_term_string\"}}],\"inLanguage\":\"ca\"},{\"@type\":\"Organization\",\"@id\":\"https:\/\/colmadosingular.com\/ca\/#organization\",\"name\":\"Colmado Singular\",\"url\":\"https:\/\/colmadosingular.com\/ca\/\",\"logo\":{\"@type\":\"ImageObject\",\"inLanguage\":\"ca\",\"@id\":\"https:\/\/colmadosingular.com\/ca\/#\/schema\/logo\/image\/\",\"url\":\"https:\/\/colmadosingular.com\/wp-content\/uploads\/2024\/08\/logo-colmado.svg\",\"contentUrl\":\"https:\/\/colmadosingular.com\/wp-content\/uploads\/2024\/08\/logo-colmado.svg\",\"width\":620,\"height\":50,\"caption\":\"Colmado Singular\"},\"image\":{\"@id\":\"https:\/\/colmadosingular.com\/ca\/#\/schema\/logo\/image\/\"}}]}<\/script>\n<!-- \/ Yoast SEO plugin. -->","yoast_head_json":{"title":"SEA SALT BOOK - Colmado Singular","robots":{"index":"index","follow":"follow","max-snippet":"max-snippet:-1","max-image-preview":"max-image-preview:large","max-video-preview":"max-video-preview:-1"},"canonical":"https:\/\/colmadosingular.com\/ca\/llibres\/sea-salt-book\/","og_locale":"ca_ES","og_type":"article","og_title":"SEA SALT BOOK - Colmado Singular","og_description":"SEA SALTThe Lea-Wilson Family Despr\u00e9s de 20 anys elaborant sal marina guardonada, la fam\u00edlia Lea-Wilson ha reunit una col\u00b7lecci\u00f3 de receptes per aprofitar al m\u00e0xim aquest ingredient sovint incompr\u00e8s i [&hellip;]","og_url":"https:\/\/colmadosingular.com\/ca\/llibres\/sea-salt-book\/","og_site_name":"Colmado Singular","article_modified_time":"2026-02-19T12:25:15+00:00","og_image":[{"width":800,"height":800,"url":"https:\/\/colmadosingular.com\/wp-content\/uploads\/2024\/09\/LIBRO_SS_23630111.jpg","type":"image\/jpeg"}],"twitter_card":"summary_large_image","twitter_misc":{"Temps estimat de lectura":"1 minut"},"schema":{"@context":"https:\/\/schema.org","@graph":[{"@type":"WebPage","@id":"https:\/\/colmadosingular.com\/ca\/llibres\/sea-salt-book\/","url":"https:\/\/colmadosingular.com\/ca\/llibres\/sea-salt-book\/","name":"SEA SALT BOOK - Colmado Singular","isPartOf":{"@id":"https:\/\/colmadosingular.com\/ca\/#website"},"primaryImageOfPage":{"@id":"https:\/\/colmadosingular.com\/ca\/llibres\/sea-salt-book\/#primaryimage"},"image":{"@id":"https:\/\/colmadosingular.com\/ca\/llibres\/sea-salt-book\/#primaryimage"},"thumbnailUrl":"https:\/\/colmadosingular.com\/wp-content\/uploads\/2024\/09\/LIBRO_SS_23630111.jpg","datePublished":"2024-09-03T14:29:19+00:00","dateModified":"2026-02-19T12:25:15+00:00","breadcrumb":{"@id":"https:\/\/colmadosingular.com\/ca\/llibres\/sea-salt-book\/#breadcrumb"},"inLanguage":"ca","potentialAction":[{"@type":"ReadAction","target":["https:\/\/colmadosingular.com\/ca\/llibres\/sea-salt-book\/"]}]},{"@type":"ImageObject","inLanguage":"ca","@id":"https:\/\/colmadosingular.com\/ca\/llibres\/sea-salt-book\/#primaryimage","url":"https:\/\/colmadosingular.com\/wp-content\/uploads\/2024\/09\/LIBRO_SS_23630111.jpg","contentUrl":"https:\/\/colmadosingular.com\/wp-content\/uploads\/2024\/09\/LIBRO_SS_23630111.jpg","width":800,"height":800},{"@type":"BreadcrumbList","@id":"https:\/\/colmadosingular.com\/ca\/llibres\/sea-salt-book\/#breadcrumb","itemListElement":[{"@type":"ListItem","position":1,"name":"Portada","item":"https:\/\/colmadosingular.com\/ca\/inici\/"},{"@type":"ListItem","position":2,"name":"Llibres","item":"https:\/\/colmadosingular.com\/ca\/llibres\/"},{"@type":"ListItem","position":3,"name":"SEA SALT BOOK"}]},{"@type":"WebSite","@id":"https:\/\/colmadosingular.com\/ca\/#website","url":"https:\/\/colmadosingular.com\/ca\/","name":"Colmado Singular","description":"","publisher":{"@id":"https:\/\/colmadosingular.com\/ca\/#organization"},"potentialAction":[{"@type":"SearchAction","target":{"@type":"EntryPoint","urlTemplate":"https:\/\/colmadosingular.com\/ca\/?s={search_term_string}"},"query-input":{"@type":"PropertyValueSpecification","valueRequired":true,"valueName":"search_term_string"}}],"inLanguage":"ca"},{"@type":"Organization","@id":"https:\/\/colmadosingular.com\/ca\/#organization","name":"Colmado Singular","url":"https:\/\/colmadosingular.com\/ca\/","logo":{"@type":"ImageObject","inLanguage":"ca","@id":"https:\/\/colmadosingular.com\/ca\/#\/schema\/logo\/image\/","url":"https:\/\/colmadosingular.com\/wp-content\/uploads\/2024\/08\/logo-colmado.svg","contentUrl":"https:\/\/colmadosingular.com\/wp-content\/uploads\/2024\/08\/logo-colmado.svg","width":620,"height":50,"caption":"Colmado Singular"},"image":{"@id":"https:\/\/colmadosingular.com\/ca\/#\/schema\/logo\/image\/"}}]}},"_links":{"self":[{"href":"https:\/\/colmadosingular.com\/ca\/wp-json\/wp\/v2\/pages\/1000544","targetHints":{"allow":["GET"]}}],"collection":[{"href":"https:\/\/colmadosingular.com\/ca\/wp-json\/wp\/v2\/pages"}],"about":[{"href":"https:\/\/colmadosingular.com\/ca\/wp-json\/wp\/v2\/types\/page"}],"author":[{"embeddable":true,"href":"https:\/\/colmadosingular.com\/ca\/wp-json\/wp\/v2\/users\/4"}],"replies":[{"embeddable":true,"href":"https:\/\/colmadosingular.com\/ca\/wp-json\/wp\/v2\/comments?post=1000544"}],"version-history":[{"count":1,"href":"https:\/\/colmadosingular.com\/ca\/wp-json\/wp\/v2\/pages\/1000544\/revisions"}],"predecessor-version":[{"id":1000545,"href":"https:\/\/colmadosingular.com\/ca\/wp-json\/wp\/v2\/pages\/1000544\/revisions\/1000545"}],"up":[{"embeddable":true,"href":"https:\/\/colmadosingular.com\/ca\/wp-json\/wp\/v2\/pages\/1000515"}],"wp:featuredmedia":[{"embeddable":true,"href":"https:\/\/colmadosingular.com\/ca\/wp-json\/wp\/v2\/media\/6180"}],"wp:attachment":[{"href":"https:\/\/colmadosingular.com\/ca\/wp-json\/wp\/v2\/media?parent=1000544"}],"curies":[{"name":"wp","href":"https:\/\/api.w.org\/{rel}","templated":true}]}}