{"id":1002212,"date":"2024-08-28T15:30:56","date_gmt":"2024-08-28T13:30:56","guid":{"rendered":"https:\/\/colmadosingular.com\/politica-de-privadesa\/"},"modified":"2026-04-22T16:14:30","modified_gmt":"2026-04-22T14:14:30","slug":"politica-de-privadesa","status":"publish","type":"page","link":"https:\/\/colmadosingular.com\/ca\/politica-de-privadesa\/","title":{"rendered":"Pol\u00edtica de privadesa"},"content":{"rendered":"\t\t<div data-elementor-type=\"wp-page\" data-elementor-id=\"1002212\" class=\"elementor elementor-1002212 elementor-3279\" data-elementor-post-type=\"page\">\n\t\t\t\t<div class=\"elementor-element elementor-element-72f788d e-flex e-con-boxed e-con e-parent\" data-id=\"72f788d\" data-element_type=\"container\" data-e-type=\"container\">\n\t\t\t\t\t<div class=\"e-con-inner\">\n\t\t\t\t<div class=\"elementor-element elementor-element-d577742 elementor-widget elementor-widget-text-editor\" data-id=\"d577742\" data-element_type=\"widget\" data-e-type=\"widget\" data-widget_type=\"text-editor.default\">\n\t\t\t\t<div class=\"elementor-widget-container\">\n\t\t\t\t\t\t\t\t\t<p><span style=\"color: #000000;\"><strong>POL\u00cdTICA DE PRIVADESA<\/strong><\/span><\/p><p><span style=\"color: #000000;\">En FRANCESC COLLELL, SL, d&#8217;ara endavant, COLMADO SINGULAR, estem compromesos amb la protecci\u00f3 de la privadesa i l&#8217;\u00fas correcte de les dades personals.<\/span><br><span style=\"color: #000000;\">\u00c9s per aix\u00f2 que aquesta Pol\u00edtica de Privadesa t\u00e9 com a objecte informar sobre el tractament de dades de car\u00e0cter personal que COLMADO SINGULAR efectua en aquest lloc web:<\/span><\/p><p><span style=\"color: #000000;\"><strong>1. Qui \u00e9s el Responsable del tractament de les vostres dades personals?<\/strong><\/span><\/p><p><span style=\"color: #000000;\">FRANCESC COLLELL, SL \u00e9s qui ostenta la condici\u00f3 de Responsable de Tractament. Podeu contactar-nos a l&#8217;adre\u00e7a Ctra. GI-522, KM 3,6, 17857 Sant Joan les Fonts (Girona) o a <a style=\"color: #000000;\" href=\"mailto:info@colmadosingular.com\">info@colmadosingular.com .<\/a>  <\/span><\/p><p><span style=\"color: #000000;\"><strong>2. Per qu\u00e8 tractem les vostres dades personals de contacte?<\/strong><\/span><\/p><p><span style=\"color: #000000;\">Les dades personals recollides mitjan\u00e7ant el formulari de contacte, seran tractades per COLMADO SINGULAR, en qualitat de Responsable del tractament, a fi de gestionar i atendre les sol\u00b7licituds d&#8217;informaci\u00f3, dubtes, queixes, con\u00e8ixer l&#8217;opini\u00f3 dels usuaris, respecte als productes oferts a la present p\u00e0gina web, o espec\u00edficament per a la finalitat indicada al propi formulari.<\/span><\/p><p><span style=\"color: #000000;\">En cas que ho hagi autoritzat expressament mitjan\u00e7ant la marcaci\u00f3 de la casella corresponent o realitzant la subscripci\u00f3 a la Newsletter a l&#8217;apartat espec\u00edfic per a aix\u00f2 en aquesta web, tractarem les seves dades per remetre informaci\u00f3 peri\u00f2dica sobre noves promocions, productes, serveis o activitats de COLMADO SINGULAR relacionades amb el sector alimentari.<\/span><\/p><p><span style=\"color: #000000;\"><strong>3. Quina \u00e9s la base jur\u00eddica que legitima el tractament de les vostres dades personals? \u00c9s a dir, quina condici\u00f3 fonamenta o habilita que puguem tractar les seves dades personals? <\/strong><\/span><\/p><p><span style=\"color: #000000;\">La base jur\u00eddica que legitima el tractament de les vostres dades de car\u00e0cter personal \u00e9s el consentiment manifestat per l&#8217;usuari mitjan\u00e7ant l&#8217;emplenament i l&#8217;enviament del formulari corresponent, per als fins anteriorment expressats.<\/span><\/p><p><span style=\"color: #000000;\">L&#8217;aportaci\u00f3 de les dades sol\u00b7licitades \u00e9s obligat\u00f2ria per ser imprescindibles per atendre la vostra petici\u00f3 i\/o prestar els nostres serveis; si no els facilita, no la podrem dur a terme o prestar-los.<\/span><\/p><p><span style=\"color: #000000;\">Quan el tractament es basi en el seu consentiment, aquest s&#8217;entendr\u00e0 atorgat de forma inequ\u00edvoca, i aquesta aportaci\u00f3 es considera un acte afirmatiu clar per la seva banda, que manifesta aquest consentiment.<\/span><\/p><p><span style=\"color: #000000;\"><strong>4. Per quant de temps conservem les vostres dades personals?<\/strong><\/span><\/p><p><span style=\"color: #000000;\">Les dades personals es conservaran pel temps que necessiti l&#8217;atenci\u00f3 de lobjecte de la comunicaci\u00f3 i, si escau, pel temps que no hagi manifestat l&#8217;oposici\u00f3 a la tramesa de comunicacions comercials.<\/span><\/p><p><span style=\"color: #000000;\">Si no voleu continuar rebent e-mails de COLMADO SINGULAR nom\u00e9s heu d&#8217;enviar un missatge a <a style=\"color: #000000;\" href=\"mailto:info@colmadosingular.com\">info@colmadosingular.com , <\/a>indicant la vostra adre\u00e7a d&#8217;e-mail i que voleu donar-vos de baixa de la Newsletter. No obstant aix\u00f2, a cada comunicaci\u00f3 s&#8217;indicar\u00e0 l&#8217;adre\u00e7a electr\u00f2nica on podeu sol\u00b7licitar la baixa. <\/span><\/p><p><span style=\"color: #000000;\">D&#8217;altra banda, per tal que les dades obrants als nostres fitxers, inform\u00e0tics i\/o en paper, sempre corresponguin a la realitat, es tractar\u00e0 de mantenir-les actualitzades. De manera que, a aquest efecte, l&#8217;Usuari ens ho pot comunicar, per correu electr\u00f2nic a <a style=\"color: #000000;\" href=\"mailto:info@colmadosingular.com\">info@colmadosingular.com .<\/a> <\/span><\/p><p><span style=\"color: #000000;\"><strong>5. Qui pot ser cessionari o destinatari de les teves dades personals?<\/strong><\/span><\/p><p><span style=\"color: #000000;\">Les dades personals no seran cedides o comunicades a tercers, llevat dels sup\u00f2sits necessaris per a l&#8217;atenci\u00f3 de la consulta formulada i\/o en els sup\u00f2sits previstos segons la Llei.<\/span><\/p><p><span style=\"color: #000000;\">En el cas de subscriure&#8217;t a la nostra newsletter, us informem que utilitzem l&#8217;aplicaci\u00f3 Mailchimp per a la seva gesti\u00f3, la qual cosa implica una transfer\u00e8ncia internacional de dades a Mailchimp (The Rocket Science Group LLC) per a la prestaci\u00f3 del servei, basada en una Decisi\u00f3 d&#8217;adequaci\u00f3 de la Comissi\u00f3 Europea (Decisi\u00f3 d&#8217;Execuci\u00f3 (UE) 2012\/12 d&#8217;acord amb la Directiva 95\/46\/CE del Parlament Europeu i del Consell, sobre l&#8217;adequaci\u00f3 de la protecci\u00f3 conferida per l&#8217;Escut de la privadesa (UE-EUA).<\/span><\/p><p><span style=\"color: #000000;\">Aix\u00ed mateix, us informem que aquesta empresa utilitza dispositius de seguiment de l&#8217;activitat dels destinataris, a fi de controlar l&#8217;obertura dels correus i la pulsaci\u00f3 dels enlla\u00e7os continguts als correus i recollir informaci\u00f3 com l&#8217;adre\u00e7a IP, navegador, tipus de client de correu electr\u00f2nic i detalls similars, per poder elaborar amb la informaci\u00f3 recollida informes de seguiment de les campanyes, aix\u00ed com millorar l&#8217;efectivitat. Per a m\u00e9s informaci\u00f3 podeu consultar la Pol\u00edtica de Mailchimp: <a style=\"color: #000000;\" href=\"https:\/\/mailchimp.com\/legal\/privacy\/\" target=\"_blank\" rel=\"noopener\">https:\/\/mailchimp.com\/legal\/privacy\/<\/a> <\/span><\/p><p><span style=\"color: #000000;\"><strong>6. Quins s\u00f3n els seus drets en protecci\u00f3 de dades i com els pot exercir?<\/strong><\/span><\/p><p><span style=\"color: #000000;\">L&#8217;interessat podr\u00e0 exercir els seg\u00fcents drets en protecci\u00f3 de dades:<\/span><\/p><p><span style=\"color: #000000;\">&#8211; Dret a sol\u00b7licitar l&#8217;acc\u00e9s a les dades personals relatives a l&#8217;interessat.<\/span><br><span style=\"color: #000000;\">\u2013 Dret a sol\u00b7licitar-ne la rectificaci\u00f3 o supressi\u00f3.<\/span><br><span style=\"color: #000000;\">\u2013 Dret a sol\u00b7licitar la limitaci\u00f3 del tractament.<\/span><br><span style=\"color: #000000;\">\u2013 Dret a oposar-se al tractament.<\/span><br><span style=\"color: #000000;\">\u2013 Dret a la portabilitat de les dades.<\/span><\/p><p><span style=\"color: #000000;\">L&#8217;interessat podr\u00e0 exercir aquests drets mitjan\u00e7ant escrit de sol\u00b7licitud, acompanyada d&#8217;una fotoc\u00f2pia del DNI o document identificatiu equivalent, adre\u00e7ada a direcci\u00f3 Ctra. GI-522, KM 3,6, 17857 Sant Joan les Fonts (Girona). <\/span><\/p><p><span style=\"color: #000000;\">En cas que actu\u00e9s mitjan\u00e7ant representant, legal o voluntari, haur\u00e0 d&#8217;aportar tamb\u00e9 document que n&#8217;acrediti la representaci\u00f3 i el document identificatiu.<\/span><\/p><p><span style=\"color: #000000;\">En cas de considerar vulnerat el seu dret a la protecci\u00f3 de dades personals, podr\u00e0 interposar una reclamaci\u00f3 davant de l&#8217;Ag\u00e8ncia Espanyola de Protecci\u00f3 de Dades (<a style=\"color: #000000;\" href=\"http:\/\/www.aepd.es\/\" target=\"_blank\" rel=\"noopener\"> www.aepd.es ).<\/a><\/span><\/p>\t\t\t\t\t\t\t\t<\/div>\n\t\t\t\t<\/div>\n\t\t\t\t\t<\/div>\n\t\t\t\t<\/div>\n\t\t<div class=\"elementor-element elementor-element-33f6918 e-flex e-con-boxed e-con e-parent\" data-id=\"33f6918\" data-element_type=\"container\" data-e-type=\"container\">\n\t\t\t\t\t<div class=\"e-con-inner\">\n\t\t\t\t<div class=\"elementor-element elementor-element-ce40678 elementor-widget elementor-widget-spacer\" data-id=\"ce40678\" data-element_type=\"widget\" data-e-type=\"widget\" data-widget_type=\"spacer.default\">\n\t\t\t\t<div class=\"elementor-widget-container\">\n\t\t\t\t\t\t\t<div class=\"elementor-spacer\">\n\t\t\t<div class=\"elementor-spacer-inner\"><\/div>\n\t\t<\/div>\n\t\t\t\t\t\t<\/div>\n\t\t\t\t<\/div>\n\t\t\t\t\t<\/div>\n\t\t\t\t<\/div>\n\t\t\t\t<\/div>\n\t\t","protected":false},"excerpt":{"rendered":"<p>POL\u00cdTICA DE PRIVADESA En FRANCESC COLLELL, SL, d&#8217;ara endavant, COLMADO SINGULAR, estem compromesos amb la protecci\u00f3 de la privadesa i l&#8217;\u00fas correcte de les dades personals.\u00c9s per aix\u00f2 que aquesta [&hellip;]<\/p>\n","protected":false},"author":2,"featured_media":0,"parent":0,"menu_order":0,"comment_status":"closed","ping_status":"closed","template":"","meta":{"_acf_changed":false,"_monsterinsights_skip_tracking":false,"_monsterinsights_sitenote_active":false,"_monsterinsights_sitenote_note":"","_monsterinsights_sitenote_category":0,"_joinchat":[],"footnotes":""},"class_list":["post-1002212","page","type-page","status-publish","hentry"],"acf":[],"yoast_head":"<!-- This site is optimized with the Yoast SEO plugin v24.8.1 - https:\/\/yoast.com\/wordpress\/plugins\/seo\/ -->\n<title>Pol\u00edtica de privadesa - Colmado Singular<\/title>\n<meta name=\"robots\" content=\"index, follow, max-snippet:-1, max-image-preview:large, max-video-preview:-1\" \/>\n<link rel=\"canonical\" href=\"https:\/\/colmadosingular.com\/ca\/politica-de-privadesa\/\" \/>\n<meta property=\"og:locale\" content=\"ca_ES\" \/>\n<meta property=\"og:type\" content=\"article\" \/>\n<meta property=\"og:title\" content=\"Pol\u00edtica de privadesa - Colmado Singular\" \/>\n<meta property=\"og:description\" content=\"POL\u00cdTICA DE PRIVADESA En FRANCESC COLLELL, SL, d&#8217;ara endavant, COLMADO SINGULAR, estem compromesos amb la protecci\u00f3 de la privadesa i l&#8217;\u00fas correcte de les dades personals.\u00c9s per aix\u00f2 que aquesta [&hellip;]\" \/>\n<meta property=\"og:url\" content=\"https:\/\/colmadosingular.com\/ca\/politica-de-privadesa\/\" \/>\n<meta property=\"og:site_name\" content=\"Colmado Singular\" \/>\n<meta property=\"article:modified_time\" content=\"2026-04-22T14:14:30+00:00\" \/>\n<meta name=\"twitter:card\" content=\"summary_large_image\" \/>\n<meta name=\"twitter:label1\" content=\"Temps estimat de lectura\" \/>\n\t<meta name=\"twitter:data1\" content=\"4 minuts\" \/>\n<script type=\"application\/ld+json\" class=\"yoast-schema-graph\">{\"@context\":\"https:\/\/schema.org\",\"@graph\":[{\"@type\":\"WebPage\",\"@id\":\"https:\/\/colmadosingular.com\/ca\/politica-de-privadesa\/\",\"url\":\"https:\/\/colmadosingular.com\/ca\/politica-de-privadesa\/\",\"name\":\"Pol\u00edtica de privadesa - Colmado Singular\",\"isPartOf\":{\"@id\":\"https:\/\/colmadosingular.com\/ca\/#website\"},\"datePublished\":\"2024-08-28T13:30:56+00:00\",\"dateModified\":\"2026-04-22T14:14:30+00:00\",\"breadcrumb\":{\"@id\":\"https:\/\/colmadosingular.com\/ca\/politica-de-privadesa\/#breadcrumb\"},\"inLanguage\":\"ca\",\"potentialAction\":[{\"@type\":\"ReadAction\",\"target\":[\"https:\/\/colmadosingular.com\/ca\/politica-de-privadesa\/\"]}]},{\"@type\":\"BreadcrumbList\",\"@id\":\"https:\/\/colmadosingular.com\/ca\/politica-de-privadesa\/#breadcrumb\",\"itemListElement\":[{\"@type\":\"ListItem\",\"position\":1,\"name\":\"Portada\",\"item\":\"https:\/\/colmadosingular.com\/ca\/inici\/\"},{\"@type\":\"ListItem\",\"position\":2,\"name\":\"Pol\u00edtica de privadesa\"}]},{\"@type\":\"WebSite\",\"@id\":\"https:\/\/colmadosingular.com\/ca\/#website\",\"url\":\"https:\/\/colmadosingular.com\/ca\/\",\"name\":\"Colmado Singular\",\"description\":\"\",\"publisher\":{\"@id\":\"https:\/\/colmadosingular.com\/ca\/#organization\"},\"potentialAction\":[{\"@type\":\"SearchAction\",\"target\":{\"@type\":\"EntryPoint\",\"urlTemplate\":\"https:\/\/colmadosingular.com\/ca\/?s={search_term_string}\"},\"query-input\":{\"@type\":\"PropertyValueSpecification\",\"valueRequired\":true,\"valueName\":\"search_term_string\"}}],\"inLanguage\":\"ca\"},{\"@type\":\"Organization\",\"@id\":\"https:\/\/colmadosingular.com\/ca\/#organization\",\"name\":\"Colmado Singular\",\"url\":\"https:\/\/colmadosingular.com\/ca\/\",\"logo\":{\"@type\":\"ImageObject\",\"inLanguage\":\"ca\",\"@id\":\"https:\/\/colmadosingular.com\/ca\/#\/schema\/logo\/image\/\",\"url\":\"https:\/\/colmadosingular.com\/wp-content\/uploads\/2024\/08\/logo-colmado.svg\",\"contentUrl\":\"https:\/\/colmadosingular.com\/wp-content\/uploads\/2024\/08\/logo-colmado.svg\",\"width\":620,\"height\":50,\"caption\":\"Colmado Singular\"},\"image\":{\"@id\":\"https:\/\/colmadosingular.com\/ca\/#\/schema\/logo\/image\/\"}}]}<\/script>\n<!-- \/ Yoast SEO plugin. -->","yoast_head_json":{"title":"Pol\u00edtica de privadesa - Colmado Singular","robots":{"index":"index","follow":"follow","max-snippet":"max-snippet:-1","max-image-preview":"max-image-preview:large","max-video-preview":"max-video-preview:-1"},"canonical":"https:\/\/colmadosingular.com\/ca\/politica-de-privadesa\/","og_locale":"ca_ES","og_type":"article","og_title":"Pol\u00edtica de privadesa - Colmado Singular","og_description":"POL\u00cdTICA DE PRIVADESA En FRANCESC COLLELL, SL, d&#8217;ara endavant, COLMADO SINGULAR, estem compromesos amb la protecci\u00f3 de la privadesa i l&#8217;\u00fas correcte de les dades personals.\u00c9s per aix\u00f2 que aquesta [&hellip;]","og_url":"https:\/\/colmadosingular.com\/ca\/politica-de-privadesa\/","og_site_name":"Colmado Singular","article_modified_time":"2026-04-22T14:14:30+00:00","twitter_card":"summary_large_image","twitter_misc":{"Temps estimat de lectura":"4 minuts"},"schema":{"@context":"https:\/\/schema.org","@graph":[{"@type":"WebPage","@id":"https:\/\/colmadosingular.com\/ca\/politica-de-privadesa\/","url":"https:\/\/colmadosingular.com\/ca\/politica-de-privadesa\/","name":"Pol\u00edtica de privadesa - Colmado Singular","isPartOf":{"@id":"https:\/\/colmadosingular.com\/ca\/#website"},"datePublished":"2024-08-28T13:30:56+00:00","dateModified":"2026-04-22T14:14:30+00:00","breadcrumb":{"@id":"https:\/\/colmadosingular.com\/ca\/politica-de-privadesa\/#breadcrumb"},"inLanguage":"ca","potentialAction":[{"@type":"ReadAction","target":["https:\/\/colmadosingular.com\/ca\/politica-de-privadesa\/"]}]},{"@type":"BreadcrumbList","@id":"https:\/\/colmadosingular.com\/ca\/politica-de-privadesa\/#breadcrumb","itemListElement":[{"@type":"ListItem","position":1,"name":"Portada","item":"https:\/\/colmadosingular.com\/ca\/inici\/"},{"@type":"ListItem","position":2,"name":"Pol\u00edtica de privadesa"}]},{"@type":"WebSite","@id":"https:\/\/colmadosingular.com\/ca\/#website","url":"https:\/\/colmadosingular.com\/ca\/","name":"Colmado Singular","description":"","publisher":{"@id":"https:\/\/colmadosingular.com\/ca\/#organization"},"potentialAction":[{"@type":"SearchAction","target":{"@type":"EntryPoint","urlTemplate":"https:\/\/colmadosingular.com\/ca\/?s={search_term_string}"},"query-input":{"@type":"PropertyValueSpecification","valueRequired":true,"valueName":"search_term_string"}}],"inLanguage":"ca"},{"@type":"Organization","@id":"https:\/\/colmadosingular.com\/ca\/#organization","name":"Colmado Singular","url":"https:\/\/colmadosingular.com\/ca\/","logo":{"@type":"ImageObject","inLanguage":"ca","@id":"https:\/\/colmadosingular.com\/ca\/#\/schema\/logo\/image\/","url":"https:\/\/colmadosingular.com\/wp-content\/uploads\/2024\/08\/logo-colmado.svg","contentUrl":"https:\/\/colmadosingular.com\/wp-content\/uploads\/2024\/08\/logo-colmado.svg","width":620,"height":50,"caption":"Colmado Singular"},"image":{"@id":"https:\/\/colmadosingular.com\/ca\/#\/schema\/logo\/image\/"}}]}},"_links":{"self":[{"href":"https:\/\/colmadosingular.com\/ca\/wp-json\/wp\/v2\/pages\/1002212","targetHints":{"allow":["GET"]}}],"collection":[{"href":"https:\/\/colmadosingular.com\/ca\/wp-json\/wp\/v2\/pages"}],"about":[{"href":"https:\/\/colmadosingular.com\/ca\/wp-json\/wp\/v2\/types\/page"}],"author":[{"embeddable":true,"href":"https:\/\/colmadosingular.com\/ca\/wp-json\/wp\/v2\/users\/2"}],"replies":[{"embeddable":true,"href":"https:\/\/colmadosingular.com\/ca\/wp-json\/wp\/v2\/comments?post=1002212"}],"version-history":[{"count":1,"href":"https:\/\/colmadosingular.com\/ca\/wp-json\/wp\/v2\/pages\/1002212\/revisions"}],"predecessor-version":[{"id":1002213,"href":"https:\/\/colmadosingular.com\/ca\/wp-json\/wp\/v2\/pages\/1002212\/revisions\/1002213"}],"wp:attachment":[{"href":"https:\/\/colmadosingular.com\/ca\/wp-json\/wp\/v2\/media?parent=1002212"}],"curies":[{"name":"wp","href":"https:\/\/api.w.org\/{rel}","templated":true}]}}