{"id":1002296,"date":"2024-09-12T17:26:51","date_gmt":"2024-09-12T15:26:51","guid":{"rendered":"https:\/\/colmadosingular.com\/receptes\/recepta-burrata-amb-anxoves\/"},"modified":"2026-04-24T15:53:31","modified_gmt":"2026-04-24T13:53:31","slug":"recepta-burrata-amb-anxoves","status":"publish","type":"page","link":"https:\/\/colmadosingular.com\/ca\/receptes\/recepta-burrata-amb-anxoves\/","title":{"rendered":"Recepta BURRATA AMB ANXOVES"},"content":{"rendered":"\t\t<div data-elementor-type=\"wp-page\" data-elementor-id=\"1002296\" class=\"elementor elementor-1002296 elementor-4015\" data-elementor-post-type=\"page\">\n\t\t\t\t<div class=\"elementor-element elementor-element-7b595e0 e-flex e-con-boxed e-con e-parent\" data-id=\"7b595e0\" data-element_type=\"container\" data-e-type=\"container\">\n\t\t\t\t\t<div class=\"e-con-inner\">\n\t\t\t\t\t<\/div>\n\t\t\t\t<\/div>\n\t\t<div class=\"elementor-element elementor-element-678bd43 e-flex e-con-boxed e-con e-parent\" data-id=\"678bd43\" data-element_type=\"container\" data-e-type=\"container\">\n\t\t\t\t\t<div class=\"e-con-inner\">\n\t\t<div class=\"elementor-element elementor-element-49c5b14 e-con-full e-flex e-con e-child\" data-id=\"49c5b14\" data-element_type=\"container\" data-e-type=\"container\">\n\t\t\t\t<div class=\"elementor-element elementor-element-1d5f214 elementor-widget elementor-widget-heading\" data-id=\"1d5f214\" data-element_type=\"widget\" data-e-type=\"widget\" data-widget_type=\"heading.default\">\n\t\t\t\t<div class=\"elementor-widget-container\">\n\t\t\t\t\t<h1 class=\"elementor-heading-title elementor-size-default\">BURRATA AMB ANXOVES<\/h1>\t\t\t\t<\/div>\n\t\t\t\t<\/div>\n\t\t\t\t<div class=\"elementor-element elementor-element-86315b5 elementor-widget elementor-widget-text-editor\" data-id=\"86315b5\" data-element_type=\"widget\" data-e-type=\"widget\" data-widget_type=\"text-editor.default\">\n\t\t\t\t<div class=\"elementor-widget-container\">\n\t\t\t\t\t\t\t\t\t<p style=\"font-weight: 400;\">1 burrata<\/p><p style=\"font-weight: 400;\">6 anxoves La Singular del Mar<\/p><p style=\"font-weight: 400;\">Ous de salm\u00f3 salvatge Caviar Import<\/p><p style=\"font-weight: 400;\">Ceboll\u00ed<\/p><p style=\"font-weight: 400;\">Sal pura blanca Halen M\u00f4n<\/p><p style=\"font-weight: 400;\">Pebre negre sencer Parameswaran&#8217;s<\/p><p style=\"font-weight: 400;\">Oli d&#8217;oliva verge extra De Carlo<\/p>\t\t\t\t\t\t\t\t<\/div>\n\t\t\t\t<\/div>\n\t\t\t\t<\/div>\n\t\t<div class=\"elementor-element elementor-element-0357c59 e-con-full e-flex e-con e-child\" data-id=\"0357c59\" data-element_type=\"container\" data-e-type=\"container\">\n\t\t\t\t<div class=\"elementor-element elementor-element-01571b0 elementor-widget elementor-widget-image\" data-id=\"01571b0\" data-element_type=\"widget\" data-e-type=\"widget\" data-widget_type=\"image.default\">\n\t\t\t\t<div class=\"elementor-widget-container\">\n\t\t\t\t\t\t\t\t\t\t\t\t\t\t\t<img fetchpriority=\"high\" decoding=\"async\" width=\"768\" height=\"1024\" src=\"https:\/\/colmadosingular.com\/wp-content\/uploads\/2024\/09\/WhatsApp-Image-2024-09-12-at-17.38.46-4-768x1024.jpeg\" class=\"attachment-large size-large wp-image-6270\" alt=\"\" srcset=\"https:\/\/colmadosingular.com\/wp-content\/uploads\/2024\/09\/WhatsApp-Image-2024-09-12-at-17.38.46-4-768x1024.jpeg 768w, https:\/\/colmadosingular.com\/wp-content\/uploads\/2024\/09\/WhatsApp-Image-2024-09-12-at-17.38.46-4-225x300.jpeg 225w, https:\/\/colmadosingular.com\/wp-content\/uploads\/2024\/09\/WhatsApp-Image-2024-09-12-at-17.38.46-4-1152x1536.jpeg 1152w, https:\/\/colmadosingular.com\/wp-content\/uploads\/2024\/09\/WhatsApp-Image-2024-09-12-at-17.38.46-4-9x12.jpeg 9w, https:\/\/colmadosingular.com\/wp-content\/uploads\/2024\/09\/WhatsApp-Image-2024-09-12-at-17.38.46-4.jpeg 1200w\" sizes=\"(max-width: 768px) 100vw, 768px\" \/>\t\t\t\t\t\t\t\t\t\t\t\t\t\t\t<\/div>\n\t\t\t\t<\/div>\n\t\t\t\t<\/div>\n\t\t\t\t\t<\/div>\n\t\t\t\t<\/div>\n\t\t<div class=\"elementor-element elementor-element-492810e e-flex e-con-boxed e-con e-parent\" data-id=\"492810e\" data-element_type=\"container\" data-e-type=\"container\">\n\t\t\t\t\t<div class=\"e-con-inner\">\n\t\t<div class=\"elementor-element elementor-element-cf14d40 e-con-full e-flex e-con e-child\" data-id=\"cf14d40\" data-element_type=\"container\" data-e-type=\"container\">\n\t\t\t\t<div class=\"elementor-element elementor-element-fa0ad2f elementor-widget elementor-widget-text-editor\" data-id=\"fa0ad2f\" data-element_type=\"widget\" data-e-type=\"widget\" data-widget_type=\"text-editor.default\">\n\t\t\t\t<div class=\"elementor-widget-container\">\n\t\t\t\t\t\t\t\t\t<p style=\"font-weight: 400;\">Un aperitiu senzill i molt gust\u00f3s. \u00c9s tan senzill com obrir la burrata en un plat, col\u00b7locar les anxoves per sobre, uns ous de salm\u00f3 i cibulet picat; ara amanim amb oli d&#8217;oliva i toc de sal si cal. <\/p><div class=\"wp-block-group is-layout-flow wp-block-group-is-layout-flow\"><div class=\"wp-block-group__inner-container\"> <\/div><\/div>\t\t\t\t\t\t\t\t<\/div>\n\t\t\t\t<\/div>\n\t\t\t\t<div class=\"elementor-element elementor-element-0cd03e7 elementor-widget elementor-widget-spacer\" data-id=\"0cd03e7\" data-element_type=\"widget\" data-e-type=\"widget\" data-widget_type=\"spacer.default\">\n\t\t\t\t<div class=\"elementor-widget-container\">\n\t\t\t\t\t\t\t<div class=\"elementor-spacer\">\n\t\t\t<div class=\"elementor-spacer-inner\"><\/div>\n\t\t<\/div>\n\t\t\t\t\t\t<\/div>\n\t\t\t\t<\/div>\n\t\t\t\t<\/div>\n\t\t\t\t\t<\/div>\n\t\t\t\t<\/div>\n\t\t<div class=\"elementor-element elementor-element-c31f717 e-flex e-con-boxed e-con e-parent\" data-id=\"c31f717\" data-element_type=\"container\" data-e-type=\"container\">\n\t\t\t\t\t<div class=\"e-con-inner\">\n\t\t\t\t<div class=\"elementor-element elementor-element-dec9991 elementor-widget elementor-widget-heading\" data-id=\"dec9991\" data-element_type=\"widget\" data-e-type=\"widget\" data-widget_type=\"heading.default\">\n\t\t\t\t<div class=\"elementor-widget-container\">\n\t\t\t\t\t<h1 class=\"elementor-heading-title elementor-size-default\">Compra els productes de la recepta<\/h1>\t\t\t\t<\/div>\n\t\t\t\t<\/div>\n\t\t\t\t\t<\/div>\n\t\t\t\t<\/div>\n\t\t<div class=\"elementor-element elementor-element-5949bf4 e-flex e-con-boxed e-con e-parent\" data-id=\"5949bf4\" data-element_type=\"container\" data-e-type=\"container\">\n\t\t\t\t\t<div class=\"e-con-inner\">\n\t\t\t\t<div class=\"elementor-element elementor-element-df8669d elementor-grid-3 elementor-grid-tablet-3 elementor-grid-mobile-2 elementor-products-grid elementor-wc-products elementor-widget elementor-widget-woocommerce-products\" data-id=\"df8669d\" data-element_type=\"widget\" data-e-type=\"widget\" data-widget_type=\"woocommerce-products.default\">\n\t\t\t\t<div class=\"elementor-widget-container\">\n\t\t\t\t\t<div class=\"woocommerce columns-3 \"><div class=\"row\">\n    <div class=\"col-xs-12\">\n        <ul class=\"products elementor-grid ul_products products-grid products-grid-1 grid-items xmobile-block-grid-1 mobile-block-grid-2 tablet-block-grid-2 laptop-block-grid-4 block-grid-4\" data-grid_layout=\"products-grid-1\" data-item_selector=\".product_item\" data-item_margin=\"0\" data-container-width=\"1170\" data-item-width=\"270\" data-item-height=\"450\" data-md-col=\"2\" data-sm-col=\"2\" data-xs-col=\"2\" data-mb-col=\"1\" data-la_component=\"[]\" data-pagination=\".la-shop-products .la-pagination\"><li class=\"product_item grid-item product type-product post-987542 status-publish first instock product_cat-caviar-ca product_cat-conserves-del-mar has-post-thumbnail taxable shipping-taxable purchasable product-type-simple thumb-no-effect prod-rating-off\" data-width=\"1\" data-height=\"1\">\n\t\t<div class=\"product_item--inner\">\n\t\t<div class=\"product_item--thumbnail\">\n\t\t\t<div class=\"product_item--thumbnail-holder\">\n\t\t\t\t<a href=\"https:\/\/colmadosingular.com\/ca\/producto\/huevas-de-salmon-salvaje-de-alaska-50g\/\" class=\"woocommerce-LoopProduct-link woocommerce-loop-product__link\"><div class=\"figure__object_fit p_img-first\"><img decoding=\"async\" width=\"300\" height=\"300\" src=\"https:\/\/colmadosingular.com\/wp-content\/uploads\/2024\/08\/CI002-19220571-300x300.jpg\" class=\"attachment-woocommerce_thumbnail size-woocommerce_thumbnail\" alt=\"OUS DE SALM\u00d3 SALVATGE D&#039;ALASKA 50g\" srcset=\"https:\/\/colmadosingular.com\/wp-content\/uploads\/2024\/08\/CI002-19220571-300x300.jpg 300w, https:\/\/colmadosingular.com\/wp-content\/uploads\/2024\/08\/CI002-19220571-100x100.jpg 100w, https:\/\/colmadosingular.com\/wp-content\/uploads\/2024\/08\/CI002-19220571-600x600.jpg 600w, https:\/\/colmadosingular.com\/wp-content\/uploads\/2024\/08\/CI002-19220571.jpg 1280w\" sizes=\"(max-width: 300px) 100vw, 300px\" \/><\/div><div class=\"item--overlay\"><\/div><\/a>\t\t\t<\/div>\n\t\t\t<div class=\"product_item_thumbnail_action product_item--action\">\n\t\t\t\t<div class=\"wrap-addto\"><a href=\"?add-to-cart=987542\" data-quantity=\"1\" class=\"la-addcart button product_type_simple add_to_cart_button ajax_add_to_cart\" data-product_id=\"987542\" data-product_sku=\"CI012\" aria-label=\"Afegeix a la cistella: &ldquo;OUS DE SALM\u00d3 SALVATGE D&#039;ALASKA 50g&rdquo;\" rel=\"nofollow\" data-success_message=\"&ldquo;OUS DE SALM\u00d3 SALVATGE D&#039;ALASKA 50g&rdquo; s&#039;ha afegit a la vostra cistella\" data-product_title=\"OUS DE SALM\u00d3 SALVATGE D&#039;ALASKA 50g\" title=\"Afegeix a la cistella\"><span class=\"labtn-icon labtn-icon-cart\"><\/span><span class=\"labtn-text\" title=\"Afegeix a la cistella\">Afegeix a la cistella<\/span><\/a><\/div>\t\t\t<\/div>\n            \t\t<\/div>\n\t\t<div class=\"product_item--info\">\n\t\t\t<div class=\"product_item--info-inner\">\n\t\t\t\t<h2 class=\"product_item--title\"><a href=\"https:\/\/colmadosingular.com\/ca\/producto\/huevas-de-salmon-salvaje-de-alaska-50g\/\">OUS DE SALM\u00d3 SALVATGE D&#8217;ALASKA 50g<\/a><\/h3>\n\t<span class=\"price\"><span class=\"woocommerce-Price-amount amount\"><bdi>25,85&nbsp;<span class=\"woocommerce-Price-currencySymbol\">&euro;<\/span><\/bdi><\/span><\/span>\n\t\t\t<\/div>\n\t\t\t<div class=\"product_item--info-action product_item--action\">\n\t\t\t\t<div class=\"wrap-addto\"><a href=\"?add-to-cart=987542\" data-quantity=\"1\" class=\"la-addcart button product_type_simple add_to_cart_button ajax_add_to_cart\" data-product_id=\"987542\" data-product_sku=\"CI012\" aria-label=\"Afegeix a la cistella: &ldquo;OUS DE SALM\u00d3 SALVATGE D&#039;ALASKA 50g&rdquo;\" rel=\"nofollow\" data-success_message=\"&ldquo;OUS DE SALM\u00d3 SALVATGE D&#039;ALASKA 50g&rdquo; s&#039;ha afegit a la vostra cistella\" data-product_title=\"OUS DE SALM\u00d3 SALVATGE D&#039;ALASKA 50g\" title=\"Afegeix a la cistella\"><span class=\"labtn-icon labtn-icon-cart\"><\/span><span class=\"labtn-text\" title=\"Afegeix a la cistella\">Afegeix a la cistella<\/span><\/a><\/div>\t\t\t<\/div>\n\t\t<\/div>\n\t<\/div>\n\n    <\/li>\n<li class=\"product_item grid-item product type-product post-987917 status-publish instock product_cat-especies-i-condiments product_cat-sal-especies-i-condiments has-post-thumbnail taxable shipping-taxable purchasable product-type-simple thumb-no-effect prod-rating-off\" data-width=\"1\" data-height=\"1\">\n\t\t<div class=\"product_item--inner\">\n\t\t<div class=\"product_item--thumbnail\">\n\t\t\t<div class=\"product_item--thumbnail-holder\">\n\t\t\t\t<a href=\"https:\/\/colmadosingular.com\/ca\/producto\/sal-pura-blanca-100g\/\" class=\"woocommerce-LoopProduct-link woocommerce-loop-product__link\"><div class=\"figure__object_fit p_img-first\"><img decoding=\"async\" width=\"300\" height=\"300\" src=\"https:\/\/colmadosingular.com\/wp-content\/uploads\/2024\/08\/HM007_g_PSV2635_OK-300x300.jpg\" class=\"attachment-woocommerce_thumbnail size-woocommerce_thumbnail\" alt=\"SAL PURA BLANCA 100g\" srcset=\"https:\/\/colmadosingular.com\/wp-content\/uploads\/2024\/08\/HM007_g_PSV2635_OK-300x300.jpg 300w, https:\/\/colmadosingular.com\/wp-content\/uploads\/2024\/08\/HM007_g_PSV2635_OK-100x100.jpg 100w, https:\/\/colmadosingular.com\/wp-content\/uploads\/2024\/08\/HM007_g_PSV2635_OK-600x600.jpg 600w, https:\/\/colmadosingular.com\/wp-content\/uploads\/2024\/08\/HM007_g_PSV2635_OK.jpg 800w\" sizes=\"(max-width: 300px) 100vw, 300px\" \/><\/div><div class=\"item--overlay\"><\/div><\/a>\t\t\t<\/div>\n\t\t\t<div class=\"product_item_thumbnail_action product_item--action\">\n\t\t\t\t<div class=\"wrap-addto\"><a href=\"?add-to-cart=987917\" data-quantity=\"1\" class=\"la-addcart button product_type_simple add_to_cart_button ajax_add_to_cart\" data-product_id=\"987917\" data-product_sku=\"HM007\" aria-label=\"Afegeix a la cistella: &ldquo;SAL PURA BLANCA 100g&rdquo;\" rel=\"nofollow\" data-success_message=\"&ldquo;SAL PURA BLANCA 100g&rdquo; s&#039;ha afegit a la vostra cistella\" data-product_title=\"SAL PURA BLANCA 100g\" title=\"Afegeix a la cistella\"><span class=\"labtn-icon labtn-icon-cart\"><\/span><span class=\"labtn-text\" title=\"Afegeix a la cistella\">Afegeix a la cistella<\/span><\/a><\/div>\t\t\t<\/div>\n            \t\t<\/div>\n\t\t<div class=\"product_item--info\">\n\t\t\t<div class=\"product_item--info-inner\">\n\t\t\t\t<h2 class=\"product_item--title\"><a href=\"https:\/\/colmadosingular.com\/ca\/producto\/sal-pura-blanca-100g\/\">SAL PURA BLANCA 100g<\/a><\/h3>\n\t<span class=\"price\"><span class=\"woocommerce-Price-amount amount\"><bdi>11,04&nbsp;<span class=\"woocommerce-Price-currencySymbol\">&euro;<\/span><\/bdi><\/span><\/span>\n\t\t\t<\/div>\n\t\t\t<div class=\"product_item--info-action product_item--action\">\n\t\t\t\t<div class=\"wrap-addto\"><a href=\"?add-to-cart=987917\" data-quantity=\"1\" class=\"la-addcart button product_type_simple add_to_cart_button ajax_add_to_cart\" data-product_id=\"987917\" data-product_sku=\"HM007\" aria-label=\"Afegeix a la cistella: &ldquo;SAL PURA BLANCA 100g&rdquo;\" rel=\"nofollow\" data-success_message=\"&ldquo;SAL PURA BLANCA 100g&rdquo; s&#039;ha afegit a la vostra cistella\" data-product_title=\"SAL PURA BLANCA 100g\" title=\"Afegeix a la cistella\"><span class=\"labtn-icon labtn-icon-cart\"><\/span><span class=\"labtn-text\" title=\"Afegeix a la cistella\">Afegeix a la cistella<\/span><\/a><\/div>\t\t\t<\/div>\n\t\t<\/div>\n\t<\/div>\n\n    <\/li>\n        <\/ul>\n    <\/div><!-- .col-xs-12 -->\n<\/div><!-- .row --><\/div>\t\t\t\t<\/div>\n\t\t\t\t<\/div>\n\t\t\t\t\t<\/div>\n\t\t\t\t<\/div>\n\t\t<div class=\"elementor-element elementor-element-b956ca4 e-flex e-con-boxed e-con e-parent\" data-id=\"b956ca4\" data-element_type=\"container\" data-e-type=\"container\">\n\t\t\t\t\t<div class=\"e-con-inner\">\n\t\t\t\t\t<\/div>\n\t\t\t\t<\/div>\n\t\t\t\t<\/div>\n\t\t","protected":false},"excerpt":{"rendered":"<p>BURRATA AMB ANXOVES 1 burrata 6 anxoves La Singular del Mar Ous de salm\u00f3 salvatge Caviar Import Ceboll\u00ed Sal pura blanca Halen M\u00f4n Pebre negre sencer Parameswaran&#8217;s Oli d&#8217;oliva verge [&hellip;]<\/p>\n","protected":false},"author":6,"featured_media":0,"parent":1002221,"menu_order":0,"comment_status":"closed","ping_status":"closed","template":"elementor_header_footer","meta":{"_acf_changed":false,"_monsterinsights_skip_tracking":false,"_monsterinsights_sitenote_active":false,"_monsterinsights_sitenote_note":"","_monsterinsights_sitenote_category":0,"_joinchat":[],"footnotes":""},"class_list":["post-1002296","page","type-page","status-publish","hentry"],"acf":[],"yoast_head":"<!-- This site is optimized with the Yoast SEO plugin v24.8.1 - https:\/\/yoast.com\/wordpress\/plugins\/seo\/ -->\n<title>Recepta BURRATA AMB ANXOVES - Colmado Singular<\/title>\n<meta name=\"robots\" content=\"index, follow, max-snippet:-1, max-image-preview:large, max-video-preview:-1\" \/>\n<link rel=\"canonical\" href=\"https:\/\/colmadosingular.com\/ca\/receptes\/recepta-burrata-amb-anxoves\/\" \/>\n<meta property=\"og:locale\" content=\"ca_ES\" \/>\n<meta property=\"og:type\" content=\"article\" \/>\n<meta property=\"og:title\" content=\"Recepta BURRATA AMB ANXOVES - Colmado Singular\" \/>\n<meta property=\"og:description\" content=\"BURRATA AMB ANXOVES 1 burrata 6 anxoves La Singular del Mar Ous de salm\u00f3 salvatge Caviar Import Ceboll\u00ed Sal pura blanca Halen M\u00f4n Pebre negre sencer Parameswaran&#8217;s Oli d&#8217;oliva verge [&hellip;]\" \/>\n<meta property=\"og:url\" content=\"https:\/\/colmadosingular.com\/ca\/receptes\/recepta-burrata-amb-anxoves\/\" \/>\n<meta property=\"og:site_name\" content=\"Colmado Singular\" \/>\n<meta property=\"article:modified_time\" content=\"2026-04-24T13:53:31+00:00\" \/>\n<meta property=\"og:image\" content=\"https:\/\/colmadosingular.com\/wp-content\/uploads\/2024\/09\/WhatsApp-Image-2024-09-12-at-17.38.46-4.jpeg\" \/>\n\t<meta property=\"og:image:width\" content=\"1200\" \/>\n\t<meta property=\"og:image:height\" content=\"1600\" \/>\n\t<meta property=\"og:image:type\" content=\"image\/jpeg\" \/>\n<meta name=\"twitter:card\" content=\"summary_large_image\" \/>\n<script type=\"application\/ld+json\" class=\"yoast-schema-graph\">{\"@context\":\"https:\/\/schema.org\",\"@graph\":[{\"@type\":\"WebPage\",\"@id\":\"https:\/\/colmadosingular.com\/ca\/receptes\/recepta-burrata-amb-anxoves\/\",\"url\":\"https:\/\/colmadosingular.com\/ca\/receptes\/recepta-burrata-amb-anxoves\/\",\"name\":\"Recepta BURRATA AMB ANXOVES - Colmado Singular\",\"isPartOf\":{\"@id\":\"https:\/\/colmadosingular.com\/ca\/#website\"},\"primaryImageOfPage\":{\"@id\":\"https:\/\/colmadosingular.com\/ca\/receptes\/recepta-burrata-amb-anxoves\/#primaryimage\"},\"image\":{\"@id\":\"https:\/\/colmadosingular.com\/ca\/receptes\/recepta-burrata-amb-anxoves\/#primaryimage\"},\"thumbnailUrl\":\"https:\/\/colmadosingular.com\/wp-content\/uploads\/2024\/09\/WhatsApp-Image-2024-09-12-at-17.38.46-4-768x1024.jpeg\",\"datePublished\":\"2024-09-12T15:26:51+00:00\",\"dateModified\":\"2026-04-24T13:53:31+00:00\",\"breadcrumb\":{\"@id\":\"https:\/\/colmadosingular.com\/ca\/receptes\/recepta-burrata-amb-anxoves\/#breadcrumb\"},\"inLanguage\":\"ca\",\"potentialAction\":[{\"@type\":\"ReadAction\",\"target\":[\"https:\/\/colmadosingular.com\/ca\/receptes\/recepta-burrata-amb-anxoves\/\"]}]},{\"@type\":\"ImageObject\",\"inLanguage\":\"ca\",\"@id\":\"https:\/\/colmadosingular.com\/ca\/receptes\/recepta-burrata-amb-anxoves\/#primaryimage\",\"url\":\"https:\/\/colmadosingular.com\/wp-content\/uploads\/2024\/09\/WhatsApp-Image-2024-09-12-at-17.38.46-4-768x1024.jpeg\",\"contentUrl\":\"https:\/\/colmadosingular.com\/wp-content\/uploads\/2024\/09\/WhatsApp-Image-2024-09-12-at-17.38.46-4-768x1024.jpeg\"},{\"@type\":\"BreadcrumbList\",\"@id\":\"https:\/\/colmadosingular.com\/ca\/receptes\/recepta-burrata-amb-anxoves\/#breadcrumb\",\"itemListElement\":[{\"@type\":\"ListItem\",\"position\":1,\"name\":\"Portada\",\"item\":\"https:\/\/colmadosingular.com\/ca\/inici\/\"},{\"@type\":\"ListItem\",\"position\":2,\"name\":\"Receptes\",\"item\":\"https:\/\/colmadosingular.com\/ca\/receptes\/\"},{\"@type\":\"ListItem\",\"position\":3,\"name\":\"Recepta BURRATA AMB ANXOVES\"}]},{\"@type\":\"WebSite\",\"@id\":\"https:\/\/colmadosingular.com\/ca\/#website\",\"url\":\"https:\/\/colmadosingular.com\/ca\/\",\"name\":\"Colmado Singular\",\"description\":\"\",\"publisher\":{\"@id\":\"https:\/\/colmadosingular.com\/ca\/#organization\"},\"potentialAction\":[{\"@type\":\"SearchAction\",\"target\":{\"@type\":\"EntryPoint\",\"urlTemplate\":\"https:\/\/colmadosingular.com\/ca\/?s={search_term_string}\"},\"query-input\":{\"@type\":\"PropertyValueSpecification\",\"valueRequired\":true,\"valueName\":\"search_term_string\"}}],\"inLanguage\":\"ca\"},{\"@type\":\"Organization\",\"@id\":\"https:\/\/colmadosingular.com\/ca\/#organization\",\"name\":\"Colmado Singular\",\"url\":\"https:\/\/colmadosingular.com\/ca\/\",\"logo\":{\"@type\":\"ImageObject\",\"inLanguage\":\"ca\",\"@id\":\"https:\/\/colmadosingular.com\/ca\/#\/schema\/logo\/image\/\",\"url\":\"https:\/\/colmadosingular.com\/wp-content\/uploads\/2024\/08\/logo-colmado.svg\",\"contentUrl\":\"https:\/\/colmadosingular.com\/wp-content\/uploads\/2024\/08\/logo-colmado.svg\",\"width\":620,\"height\":50,\"caption\":\"Colmado Singular\"},\"image\":{\"@id\":\"https:\/\/colmadosingular.com\/ca\/#\/schema\/logo\/image\/\"}}]}<\/script>\n<!-- \/ Yoast SEO plugin. -->","yoast_head_json":{"title":"Recepta BURRATA AMB ANXOVES - Colmado Singular","robots":{"index":"index","follow":"follow","max-snippet":"max-snippet:-1","max-image-preview":"max-image-preview:large","max-video-preview":"max-video-preview:-1"},"canonical":"https:\/\/colmadosingular.com\/ca\/receptes\/recepta-burrata-amb-anxoves\/","og_locale":"ca_ES","og_type":"article","og_title":"Recepta BURRATA AMB ANXOVES - Colmado Singular","og_description":"BURRATA AMB ANXOVES 1 burrata 6 anxoves La Singular del Mar Ous de salm\u00f3 salvatge Caviar Import Ceboll\u00ed Sal pura blanca Halen M\u00f4n Pebre negre sencer Parameswaran&#8217;s Oli d&#8217;oliva verge [&hellip;]","og_url":"https:\/\/colmadosingular.com\/ca\/receptes\/recepta-burrata-amb-anxoves\/","og_site_name":"Colmado Singular","article_modified_time":"2026-04-24T13:53:31+00:00","og_image":[{"width":1200,"height":1600,"url":"https:\/\/colmadosingular.com\/wp-content\/uploads\/2024\/09\/WhatsApp-Image-2024-09-12-at-17.38.46-4.jpeg","type":"image\/jpeg"}],"twitter_card":"summary_large_image","schema":{"@context":"https:\/\/schema.org","@graph":[{"@type":"WebPage","@id":"https:\/\/colmadosingular.com\/ca\/receptes\/recepta-burrata-amb-anxoves\/","url":"https:\/\/colmadosingular.com\/ca\/receptes\/recepta-burrata-amb-anxoves\/","name":"Recepta BURRATA AMB ANXOVES - Colmado Singular","isPartOf":{"@id":"https:\/\/colmadosingular.com\/ca\/#website"},"primaryImageOfPage":{"@id":"https:\/\/colmadosingular.com\/ca\/receptes\/recepta-burrata-amb-anxoves\/#primaryimage"},"image":{"@id":"https:\/\/colmadosingular.com\/ca\/receptes\/recepta-burrata-amb-anxoves\/#primaryimage"},"thumbnailUrl":"https:\/\/colmadosingular.com\/wp-content\/uploads\/2024\/09\/WhatsApp-Image-2024-09-12-at-17.38.46-4-768x1024.jpeg","datePublished":"2024-09-12T15:26:51+00:00","dateModified":"2026-04-24T13:53:31+00:00","breadcrumb":{"@id":"https:\/\/colmadosingular.com\/ca\/receptes\/recepta-burrata-amb-anxoves\/#breadcrumb"},"inLanguage":"ca","potentialAction":[{"@type":"ReadAction","target":["https:\/\/colmadosingular.com\/ca\/receptes\/recepta-burrata-amb-anxoves\/"]}]},{"@type":"ImageObject","inLanguage":"ca","@id":"https:\/\/colmadosingular.com\/ca\/receptes\/recepta-burrata-amb-anxoves\/#primaryimage","url":"https:\/\/colmadosingular.com\/wp-content\/uploads\/2024\/09\/WhatsApp-Image-2024-09-12-at-17.38.46-4-768x1024.jpeg","contentUrl":"https:\/\/colmadosingular.com\/wp-content\/uploads\/2024\/09\/WhatsApp-Image-2024-09-12-at-17.38.46-4-768x1024.jpeg"},{"@type":"BreadcrumbList","@id":"https:\/\/colmadosingular.com\/ca\/receptes\/recepta-burrata-amb-anxoves\/#breadcrumb","itemListElement":[{"@type":"ListItem","position":1,"name":"Portada","item":"https:\/\/colmadosingular.com\/ca\/inici\/"},{"@type":"ListItem","position":2,"name":"Receptes","item":"https:\/\/colmadosingular.com\/ca\/receptes\/"},{"@type":"ListItem","position":3,"name":"Recepta BURRATA AMB ANXOVES"}]},{"@type":"WebSite","@id":"https:\/\/colmadosingular.com\/ca\/#website","url":"https:\/\/colmadosingular.com\/ca\/","name":"Colmado Singular","description":"","publisher":{"@id":"https:\/\/colmadosingular.com\/ca\/#organization"},"potentialAction":[{"@type":"SearchAction","target":{"@type":"EntryPoint","urlTemplate":"https:\/\/colmadosingular.com\/ca\/?s={search_term_string}"},"query-input":{"@type":"PropertyValueSpecification","valueRequired":true,"valueName":"search_term_string"}}],"inLanguage":"ca"},{"@type":"Organization","@id":"https:\/\/colmadosingular.com\/ca\/#organization","name":"Colmado Singular","url":"https:\/\/colmadosingular.com\/ca\/","logo":{"@type":"ImageObject","inLanguage":"ca","@id":"https:\/\/colmadosingular.com\/ca\/#\/schema\/logo\/image\/","url":"https:\/\/colmadosingular.com\/wp-content\/uploads\/2024\/08\/logo-colmado.svg","contentUrl":"https:\/\/colmadosingular.com\/wp-content\/uploads\/2024\/08\/logo-colmado.svg","width":620,"height":50,"caption":"Colmado Singular"},"image":{"@id":"https:\/\/colmadosingular.com\/ca\/#\/schema\/logo\/image\/"}}]}},"_links":{"self":[{"href":"https:\/\/colmadosingular.com\/ca\/wp-json\/wp\/v2\/pages\/1002296","targetHints":{"allow":["GET"]}}],"collection":[{"href":"https:\/\/colmadosingular.com\/ca\/wp-json\/wp\/v2\/pages"}],"about":[{"href":"https:\/\/colmadosingular.com\/ca\/wp-json\/wp\/v2\/types\/page"}],"author":[{"embeddable":true,"href":"https:\/\/colmadosingular.com\/ca\/wp-json\/wp\/v2\/users\/6"}],"replies":[{"embeddable":true,"href":"https:\/\/colmadosingular.com\/ca\/wp-json\/wp\/v2\/comments?post=1002296"}],"version-history":[{"count":1,"href":"https:\/\/colmadosingular.com\/ca\/wp-json\/wp\/v2\/pages\/1002296\/revisions"}],"predecessor-version":[{"id":1002297,"href":"https:\/\/colmadosingular.com\/ca\/wp-json\/wp\/v2\/pages\/1002296\/revisions\/1002297"}],"up":[{"embeddable":true,"href":"https:\/\/colmadosingular.com\/ca\/wp-json\/wp\/v2\/pages\/1002221"}],"wp:attachment":[{"href":"https:\/\/colmadosingular.com\/ca\/wp-json\/wp\/v2\/media?parent=1002296"}],"curies":[{"name":"wp","href":"https:\/\/api.w.org\/{rel}","templated":true}]}}