{"id":6474,"date":"2024-10-01T11:19:53","date_gmt":"2024-10-01T09:19:53","guid":{"rendered":"http:\/\/colmadosingular2024.westeurope.cloudapp.azure.com\/politica-de-cookies\/"},"modified":"2026-03-17T10:55:03","modified_gmt":"2026-03-17T09:55:03","slug":"politica-de-cookies","status":"publish","type":"page","link":"https:\/\/colmadosingular.com\/ca\/politica-de-cookies\/","title":{"rendered":"Pol\u00edtica de cookies"},"content":{"rendered":"\t\t<div data-elementor-type=\"wp-page\" data-elementor-id=\"6474\" class=\"elementor elementor-6474 elementor-5009\" data-elementor-post-type=\"page\">\n\t\t\t\t<div class=\"elementor-element elementor-element-72f788d e-flex e-con-boxed e-con e-parent\" data-id=\"72f788d\" data-element_type=\"container\" data-e-type=\"container\">\n\t\t\t\t\t<div class=\"e-con-inner\">\n\t\t\t\t<div class=\"elementor-element elementor-element-d577742 elementor-widget elementor-widget-text-editor\" data-id=\"d577742\" data-element_type=\"widget\" data-e-type=\"widget\" data-widget_type=\"text-editor.default\">\n\t\t\t\t<div class=\"elementor-widget-container\">\n\t\t\t\t\t\t\t\t\t<div class=\"empty-column\"> <\/div><div class=\"single-container\"><div class=\"info-container default\"><p><span style=\"color: #000000;\"><strong>POL\u00cdTICA DE COOKIES<\/strong><\/span><\/p><p><span style=\"color: #000000;\"><strong>I. Definici\u00f3 i funci\u00f3 de les cookies<\/strong><\/span><\/p><p><span style=\"color: #000000;\">Qu\u00e8 s\u00f3n les galetes? Una galeta \u00e9s un fitxer que es descarrega al teu ordinador en accedir a determinades p\u00e0gines web. Les galetes permeten a una p\u00e0gina web, entre altres coses, emmagatzemar i recuperar informaci\u00f3 sobre els h\u00e0bits de navegaci\u00f3 d&#8217;un usuari o del seu equip i, depenent de la informaci\u00f3 que continguin i de la manera com utilitzi el seu equip, es poden utilitzar per recon\u00e8ixer a l&#8217;usuari.  <\/span><\/p><p><span style=\"color: #000000;\"><strong>II. Tipus de cookies <\/strong><\/span><\/p><p><span style=\"color: #000000;\">1. En funci\u00f3 del propietari de la galeta:<\/span><\/p><ol><li><span style=\"color: #000000;\">Cookies pr\u00f2pies: S\u00f3n aquelles que s&#8217;envien a l&#8217;equip terminal de l&#8217;usuari des d&#8217;un equip o domini gestionat pel mateix editor i des del qual es presta el servei sol\u00b7licitat per l&#8217;usuari.<\/span><\/li><li><span style=\"color: #000000;\">Galetes de tercer: S\u00f3n aquelles que s&#8217;envien a l&#8217;equip terminal de l&#8217;usuari des d&#8217;un equip o domini que no \u00e9s gestionat per l&#8217;editor, sin\u00f3 per una altra entitat que tracta les dades obtingudes a trav\u00e9s de les galetes.<\/span><\/li><\/ol><p><span style=\"color: #000000;\">2. En funci\u00f3 de la durada de la galeta:<\/span><\/p><ol><li><span style=\"color: #000000;\">Cookies de sessi\u00f3: S\u00f3n un tipus de cookies dissenyades per demanar i emmagatzemar dades mentre l&#8217;usuari accedeix a una p\u00e0gina web.<\/span><\/li><li><span style=\"color: #000000;\">Cookies persistents: S\u00f3n un tipus de cookies en qu\u00e8 les dades segueixen emmagatzemades al terminal i poden ser accedides i tractades durant un per\u00edode definit pel responsable de la galeta, i que pot anar d&#8217;uns minuts a diversos anys.<\/span><\/li><\/ol><p><span style=\"color: #000000;\">3. En funci\u00f3 de la finalitat de la galeta:<\/span><\/p><ol><li><span style=\"color: #000000;\">Cookies d&#8217;an\u00e0lisi: S\u00f3n aquelles que ben tractades per nosaltres o per tercers, ens permeten quantificar el nombre d&#8217;usuaris i aix\u00ed realitzar el mesurament i l&#8217;an\u00e0lisi estad\u00edstica de la utilitzaci\u00f3 que fan els usuaris del servei ofert. Per aix\u00f2 s&#8217;analitza la vostra navegaci\u00f3 a la nostra p\u00e0gina web per tal de millorar l&#8217;oferta de productes o serveis que us oferim. <\/span><\/li><li><span style=\"color: #000000;\">Cookies publicit\u00e0ries: S\u00f3n aquelles que permeten la gesti\u00f3, de la manera m\u00e9s efica\u00e7 possible, dels espais publicitaris que, si escau, l&#8217;editor hagi incl\u00f2s en una p\u00e0gina web, aplicaci\u00f3 o plataforma des de la qual presta el servei sol\u00b7licitat segons criteris com el contingut editat o la freq\u00fc\u00e8ncia en qu\u00e8 es mostren els anuncis.<\/span><\/li><li><span style=\"color: #000000;\">Cookies de publicitat comportamental: S\u00f3n aquelles que permeten la gesti\u00f3, de la manera m\u00e9s efica\u00e7 possible, dels espais publicitaris que, si escau, l&#8217;editor hagi incl\u00f2s en una p\u00e0gina web, aplicaci\u00f3 o plataforma des de la qual presta el servei sol\u00b7licitat. Aquestes cookies emmagatzemen informaci\u00f3 del comportament dels usuaris obtinguda a trav\u00e9s de l&#8217;observaci\u00f3 continuada dels seus h\u00e0bits de navegaci\u00f3, cosa que permet desenvolupar un perfil espec\u00edfic per mostrar publicitat en funci\u00f3 del mateix. Aix\u00ed mateix, \u00e9s possible que en visitar alguna pagina web o en obrir algun correo on es publiqui algun anunci o alguna promoci\u00f3 sobre els nostres productes o serveis s&#8217;instal\u00b7li al teu navegador alguna galeta que ens serveix per mostrar-te posteriorment publicitat relacionada amb la cerca que hagis realitzat, desenvolupar un control dels nostres anuncis en relaci\u00f3, per exemple, amb el nombre de vegades que s\u00f3n vists, on apareixen, a quina hora es veuen, etc.  <\/span><\/li><li><span style=\"color: #000000;\">Cookies t\u00e8cniques: S\u00f3n aquelles que permeten a l&#8217;usuari la navegaci\u00f3 a trav\u00e9s d&#8217;una p\u00e0gina web, plataforma o aplicaci\u00f3 i la utilitzaci\u00f3 de les diferents opcions o serveis que hi hagi com, per exemple, controlar el tr\u00e0nsit i la comunicaci\u00f3 de dades, identificar la sessi\u00f3, accedir a parts d&#8217;acc\u00e9s restringit, recordar els elements que integren una comanda, fer el proc\u00e9s de compra d&#8217;una comanda, fer la sol\u00b7licitud d&#8217;inscripci\u00f3 o participaci\u00f3 en un esdeveniment, utilitzar elements de seguretat durant la navegaci\u00f3, emmagatzemar continguts per a la difusi\u00f3 de v\u00eddeos o so o compartir continguts a trav\u00e9s de xarxes socials.<\/span><\/li><li><span style=\"color: #000000;\">Galetes de personalitzaci\u00f3: S\u00f3n aquelles que permeten a l&#8217;usuari accedir al servei amb algunes caracter\u00edstiques de car\u00e0cter general predefinides en funci\u00f3 d&#8217;una s\u00e8rie de criteris al terminal de l&#8217;usuari com ara serien l&#8217;idioma, el tipus de navegador a trav\u00e9s del qual accedeix al servei , la configuraci\u00f3 regional des d&#8217;on accedeix al servei, etc.<\/span><\/li><\/ol><p><span style=\"color: #000000;\"><strong>III. Cookies utilitzades a les webs de COLMADO SINGULAR <\/strong><\/span><\/p><p><span style=\"color: #000000;\">A la p\u00e0gina web de COLMADO SINGULAR normalment, utilitzem cookies pr\u00f2pies estrictament necess\u00e0ries per garantir les funcionalitats t\u00e8cniques de la web, com ara el funcionament d&#8217;un captcha per exemple. La informaci\u00f3 que guarden les nostres cookies no s&#8217;utilitza per enviar publicitat per correu electr\u00f2nic o correu postal i no utilitzem cookies per enviar publicitat personalitzada. <\/span><\/p><p><span style=\"color: #000000;\">At\u00e8s que la informaci\u00f3 que faciliten les cookies ens pot ajudar a oferir-vos una millor experi\u00e8ncia d&#8217;usuari quan visiteu la nostra web, tamb\u00e9 utilitzem cookies de tercers (ex. Google Analytics).<\/span><\/p><p><span style=\"color: #000000;\">Els tercers prestadors de serveis amb qu\u00e8 hem contractat algun servei per al qual \u00e9s necess\u00e0ria la utilitzaci\u00f3 de cookies s\u00f3n:<\/span><\/p><table><tbody><tr><td colspan=\"4\" valign=\"middle\"><span style=\"color: #000000;\">Relaci\u00f3 de les diferents cookies utilitzades<\/span><\/td><\/tr><tr><td valign=\"middle\"><\/td><td valign=\"middle\">Nom del prove\u00efdor<\/td> <td valign=\"middle\">Finalitat de la cookie<\/td> <span style=\"color: #000000;\">Descripci\u00f3 de la finalitat de la cookie<\/span> Si voleu m\u00e9s informaci\u00f3 sobre <td valign=\"middle\">l&#8217;\u00fas de les cookies <\/td>d&#8217;aquest tercer<\/tr><tr><td valign=\"middle\"><span style=\"color: #000000;\">Google<\/span><\/td><td valign=\"middle\"><span style=\"color: #000000;\">Estudi de l&#8217;audi\u00e8ncia<\/span><\/td><td valign=\"middle\"><span style=\"color: #000000;\">Obtenir informaci\u00f3 de la navegaci\u00f3, mesurar i analitzar l&#8217;audi\u00e8ncia; Captcha<\/span><\/td><td valign=\"middle\"><span style=\"color: #000000;\">M\u00e9s informaci\u00f3 sobre<u><u> <a style=\"color: #000000;\" href=\"http:\/\/www.google.com\/intl\/es\/policies\/\" target=\"_blank\" rel=\"noopener\">Google Analytics<\/a> \/ <a style=\"color: #000000;\" href=\"https:\/\/policies.google.com\/terms?hl=es\" target=\"_blank\" rel=\"noopener\">https:\/\/policies.google.com\/terms?hl=ca<\/a><\/u><\/u><\/span><\/td><\/tr><tr>WordPress <td valign=\"middle\">Gestor de continguts <\/td>Personalitzar l&#8217;interf\u00edcie d&#8217;usuari, comprovar si el navegador t\u00e9 les galetes activades i l&#8217;idioma de navegaci\u00f3 <td valign=\"middle\"><\/td><td valign=\"middle\"><\/td><td valign=\"middle\"><span style=\"color: #000000;\"><a style=\"color: #000000;\" href=\"https:\/\/automattic.com\/privacy\/\" target=\"_blank\" rel=\"noopener\">https:\/\/automattic.com\/privacy\/<\/a><\/span><\/td><\/tr><\/tbody><\/table><p><span style=\"color: #000000;\">Nota.- Aquesta llista s&#8217;actualitzar\u00e0 el m\u00e9s aviat possible a mesura que vagin canviant els serveis oferts a la p\u00e0gina web i les cookies utilitzades a aquests efectes. No obstant aix\u00f2, ocasionalment, durant aquesta actualitzaci\u00f3 pot ser que la llista no inclogui ja una galeta, encara que sempre es referir\u00e0 a galetes amb prop\u00f2sits id\u00e8ntics als registrats en aquesta llista.<\/span><\/p><p><span style=\"color: #000000;\"><strong>IV. Eina de gesti\u00f3 de les cookies <\/strong><\/span><\/p><p><span style=\"color: #000000;\">Aquesta p\u00e0gina web utilitza Google Analytics.<\/span><\/p><p><span style=\"color: #000000;\">Google Analytics \u00e9s una eina gratu\u00efta d&#8217;an\u00e0lisi web de Google que permet que els propietaris de llocs web coneguin com interactuen els usuaris amb el seu lloc web. Aix\u00ed mateix, habilita cookies en el domini del lloc on et trobes i utilitza un conjunt de cookies anomenades \u201c__utma\u201d i \u201c__utmz\u201d per recopilar informaci\u00f3 de forma an\u00f2nima i elaborar informes de tend\u00e8ncies de llocs web sense identificar usuaris individuals. <\/span><\/p><p><span style=\"color: #000000;\">Per realitzar les estad\u00edstiques d&#8217;\u00fas d&#8217;aquest web utilitzem les galetes amb la finalitat de con\u00e8ixer el nivell de recurr\u00e8ncia dels nostres visitants i els continguts que resulten m\u00e9s interessants. D&#8217;aquesta manera podem concentrar els nostres esfor\u00e7os a millorar les \u00e0rees m\u00e9s visitades i fer que l&#8217;usuari trobi m\u00e9s f\u00e0cilment el que busca. En aquest web es pot utilitzar la informaci\u00f3 de la seva visita per realitzar avaluacions i c\u00e0lculs estad\u00edstics sobre dades an\u00f2nimes, aix\u00ed com per garantir la continu\u00eftat del servei o per realitzar millores en els seus llocs web. Per a m\u00e9s detalls, consulteu en el seg\u00fcent enlla\u00e7 la pol\u00edtica de privacitat.   <\/span><br><span style=\"color: #000000;\"><a style=\"color: #000000;\" href=\"http:\/\/www.google.com\/intl\/es\/policies\/privacy\/\" target=\"_blank\" rel=\"noopener\">[http:\/\/www.google.com\/intl\/es\/policies\/privacy\/]<\/a><\/span><\/p><p><span style=\"color: #000000;\"><strong>V. Consentiment informat<\/strong><\/span><\/p><p><span style=\"color: #000000;\">La utilitzaci\u00f3 de la present p\u00e0gina Web per la seva banda, implica que vost\u00e8 presta el seu consentiment expr\u00e9s i inequ\u00edvoc a la utilitzaci\u00f3 de cookies, en els termes i condicions previstos en aquesta Pol\u00edtica de Cookies, sense perjudici de les mesures de desactivaci\u00f3 i eliminaci\u00f3 de les galetes que vost\u00e8 pugui adoptar, i que s&#8217;esmenten a l&#8217;apartat seg\u00fcent.<\/span><\/p><p><span style=\"color: #000000;\"><strong>VI. Revocaci\u00f3 i eliminaci\u00f3 de cookies <\/strong><\/span><\/p><p><span style=\"color: #000000;\">Pots permetre, bloquejar o eliminar les cookies instal\u00b7lades al teu equip mitjan\u00e7ant la configuraci\u00f3 de les opcions del navegador instal\u00b7lat al teu ordinador, en cas que no permetis la instal\u00b7laci\u00f3 de cookies al teu navegador \u00e9s possible que no puguis accedir a alguna de les seccions de les nostres webs.<\/span><\/p><p><span style=\"color: #000000;\">En el cas de Google Analitics, adjuntem enlla\u00e7 al complement d&#8217;inhabilitaci\u00f3 per a navegadors de Google Analytics si voleu evitar que Google Analytics utilitzi les vostres dades. [<a style=\"color: #000000;\" href=\"https:\/\/tools.google.com\/dlpage\/gaoptout\" target=\"_blank\" rel=\"noopener\"> https:\/\/tools.google.com\/dlpage\/gaoptout <\/a>]<\/span><\/p><p><span style=\"color: #000000;\">Per a m\u00e9s informaci\u00f3 sobre com bloquejar l&#8217;\u00fas de les galetes podeu visitar els seg\u00fcents enlla\u00e7os:<\/span><\/p><p><span style=\"color: #000000;\"><strong>Internet Explorer: <\/strong>Herramientas -&gt; Opciones de Internet -&gt; Privacidad -&gt; Configuraci\u00f3n.<\/span><br><span style=\"color: #000000;\">Al men\u00fa d&#8217;eines, selecciona &#8216;Opcions d&#8217;Internet&#8217;. Fes clic a la pestanya de privadesa. Veur\u00e0s un cursor de despla\u00e7ament per configurar la privadesa que t\u00e9 sis posicions que et permeten controlar la quantitat de galetes que s&#8217;instal\u00b7laran: Bloqueja totes les galetes, Alta, Mitjana Alta, Mitjana (nivell per defecte), Baixa, i Accepta totes les galetes.  <\/span><\/p><p><span style=\"color: #000000;\">Per a m\u00e9s informaci\u00f3, podeu consultar el suport de Microsoft o l&#8217;Ajuda del navegador.<\/span><\/p><p><span style=\"color: #000000;\">Firefox:Eines-&gt; Opcions- &gt; &#8211; Privadesa &#8211; &gt; Historial &gt; Configuraci\u00f3 personalitzada.<br><\/span><br><span style=\"color: #000000;\">Aqu\u00ed tens la traducci\u00f3 al catal\u00e0 d&#8217;aquestes instruccions de configuraci\u00f3:<br>Al men\u00fa d&#8217;eines, selecciona \u2018opcions\u2019. Selecciona l&#8217;etiqueta de privadesa al requadre d&#8217;opcions. Del men\u00fa desplegable tria \u2018utilitza una configuraci\u00f3 personalitzada per a l&#8217;historial\u2019. Aix\u00f2 mostrar\u00e0 les opcions de galetes i podr\u00e0s optar per activar-les o desactivar-les marcant la casella corresponent.   <\/span><\/p><p><span style=\"color: #000000;\">Per a m\u00e9s informaci\u00f3, podeu consultar el suport de Mozilla o l&#8217;Ajuda del navegador.<\/span><\/p><p><span style=\"color: #000000;\"><strong>Chrome<\/strong>: Configuraci\u00f3n -&gt; Mostrar opciones avanzadas -&gt; Privacidad -&gt; Configuraci\u00f3n de contenido.<\/span><br><span style=\"color: #000000;\">Al men\u00fa de configuraci\u00f3, selecciona \u2018mostra la configuraci\u00f3 avan\u00e7ada\u2019 a la part inferior de la p\u00e0gina. Selecciona la tecla de \u2018configuraci\u00f3 de contingut\u2019 a la secci\u00f3 de privadesa. <\/span><br><span style=\"color: #000000;\">La secci\u00f3 de la part superior de la p\u00e0gina que apareix et dona informaci\u00f3 sobre les galetes i et permet fixar les galetes que vols. Tamb\u00e9 et permet esborrar qualsevol galeta que tinguis emmagatzemada en aquell moment. <\/span><\/p><p><span style=\"color: #000000;\">Per a m\u00e9s informaci\u00f3, podeu consultar el suport de Google o l&#8217;Ajuda del navegador.<\/span><\/p><p><span style=\"color: #000000;\"><strong>Safari:<\/strong>Prefer\u00e8ncies. -&gt; Seguretat.<\/span><br><span style=\"color: #000000;\">Al men\u00fa de configuraci\u00f3, selecciona l\u2019opci\u00f3 de \u2018prefer\u00e8ncies\u2019. Obre la pestanya de privadesa. Selecciona l\u2019opci\u00f3 que vulguis de la secci\u00f3 de \u2018bloquejar galetes\u2019. Recorda que certes funcions i la plena funcionalitat d\u2019aquest Lloc poden no estar disponibles despr\u00e9s de deshabilitar les galetes.   <\/span><\/p><p><span style=\"color: #000000;\">Per a m\u00e9s informaci\u00f3, podeu consultar el suport d&#8217;Apple o l&#8217;Ajuda del navegador.<\/span><\/p><p><span style=\"color: #000000;\"><strong>VII. Actualitzacions i canvis a la Pol\u00edtica de Privadesa\/Cookies <\/strong><\/span><\/p><p><span style=\"color: #000000;\">La p\u00e0gina Web de COLMADO SINGULAR pot modificar aquesta Pol\u00edtica de Cookies en funci\u00f3 d&#8217;exig\u00e8ncies legislatives, reglament\u00e0ries, o amb la finalitat d&#8217;adaptar aquesta pol\u00edtica a les instruccions dictades per l&#8217;Ag\u00e8ncia Espanyola de Protecci\u00f3 de Dades, per aix\u00f2 s&#8217;aconsella als usuaris que la visitin peri\u00f2dicament.<\/span><\/p><p><span style=\"color: #000000;\">Quan es produeixin canvis significatius en aquesta Pol\u00edtica de Cookies, es comunicaran als Usuaris b\u00e9 mitjan\u00e7ant la web oa trav\u00e9s de correu electr\u00f2nic als Usuaris registrats, si escau.<\/span><\/p><\/div><\/div>\t\t\t\t\t\t\t\t<\/div>\n\t\t\t\t<\/div>\n\t\t\t\t\t<\/div>\n\t\t\t\t<\/div>\n\t\t<div class=\"elementor-element elementor-element-33f6918 e-flex e-con-boxed e-con e-parent\" data-id=\"33f6918\" data-element_type=\"container\" data-e-type=\"container\">\n\t\t\t\t\t<div class=\"e-con-inner\">\n\t\t\t\t<div class=\"elementor-element elementor-element-ce40678 elementor-widget elementor-widget-spacer\" data-id=\"ce40678\" data-element_type=\"widget\" data-e-type=\"widget\" data-widget_type=\"spacer.default\">\n\t\t\t\t<div class=\"elementor-widget-container\">\n\t\t\t\t\t\t\t<div class=\"elementor-spacer\">\n\t\t\t<div class=\"elementor-spacer-inner\"><\/div>\n\t\t<\/div>\n\t\t\t\t\t\t<\/div>\n\t\t\t\t<\/div>\n\t\t\t\t\t<\/div>\n\t\t\t\t<\/div>\n\t\t\t\t<\/div>\n\t\t","protected":false},"excerpt":{"rendered":"<p>POL\u00cdTICA DE COOKIES I. Definici\u00f3 i funci\u00f3 de les cookies Qu\u00e8 s\u00f3n les galetes? Una galeta \u00e9s un fitxer que es descarrega al teu ordinador en accedir a determinades p\u00e0gines [&hellip;]<\/p>\n","protected":false},"author":2,"featured_media":0,"parent":0,"menu_order":0,"comment_status":"closed","ping_status":"closed","template":"","meta":{"_acf_changed":false,"_monsterinsights_skip_tracking":false,"_monsterinsights_sitenote_active":false,"_monsterinsights_sitenote_note":"","_monsterinsights_sitenote_category":0,"_joinchat":[],"footnotes":""},"class_list":["post-6474","page","type-page","status-publish","hentry"],"acf":[],"yoast_head":"<!-- This site is optimized with the Yoast SEO plugin v24.8.1 - https:\/\/yoast.com\/wordpress\/plugins\/seo\/ -->\n<title>Pol\u00edtica de cookies - Colmado Singular<\/title>\n<meta name=\"robots\" content=\"index, follow, max-snippet:-1, max-image-preview:large, max-video-preview:-1\" \/>\n<link rel=\"canonical\" href=\"https:\/\/colmadosingular.com\/ca\/politica-de-cookies\/\" \/>\n<meta property=\"og:locale\" content=\"ca_ES\" \/>\n<meta property=\"og:type\" content=\"article\" \/>\n<meta property=\"og:title\" content=\"Pol\u00edtica de cookies - Colmado Singular\" \/>\n<meta property=\"og:description\" content=\"POL\u00cdTICA DE COOKIES I. Definici\u00f3 i funci\u00f3 de les cookies Qu\u00e8 s\u00f3n les galetes? Una galeta \u00e9s un fitxer que es descarrega al teu ordinador en accedir a determinades p\u00e0gines [&hellip;]\" \/>\n<meta property=\"og:url\" content=\"https:\/\/colmadosingular.com\/ca\/politica-de-cookies\/\" \/>\n<meta property=\"og:site_name\" content=\"Colmado Singular\" \/>\n<meta property=\"article:modified_time\" content=\"2026-03-17T09:55:03+00:00\" \/>\n<meta name=\"twitter:card\" content=\"summary_large_image\" \/>\n<meta name=\"twitter:label1\" content=\"Temps estimat de lectura\" \/>\n\t<meta name=\"twitter:data1\" content=\"9 minuts\" \/>\n<script type=\"application\/ld+json\" class=\"yoast-schema-graph\">{\"@context\":\"https:\/\/schema.org\",\"@graph\":[{\"@type\":\"WebPage\",\"@id\":\"https:\/\/colmadosingular.com\/ca\/politica-de-cookies\/\",\"url\":\"https:\/\/colmadosingular.com\/ca\/politica-de-cookies\/\",\"name\":\"Pol\u00edtica de cookies - Colmado Singular\",\"isPartOf\":{\"@id\":\"https:\/\/colmadosingular.com\/ca\/#website\"},\"datePublished\":\"2024-10-01T09:19:53+00:00\",\"dateModified\":\"2026-03-17T09:55:03+00:00\",\"breadcrumb\":{\"@id\":\"https:\/\/colmadosingular.com\/ca\/politica-de-cookies\/#breadcrumb\"},\"inLanguage\":\"ca\",\"potentialAction\":[{\"@type\":\"ReadAction\",\"target\":[\"https:\/\/colmadosingular.com\/ca\/politica-de-cookies\/\"]}]},{\"@type\":\"BreadcrumbList\",\"@id\":\"https:\/\/colmadosingular.com\/ca\/politica-de-cookies\/#breadcrumb\",\"itemListElement\":[{\"@type\":\"ListItem\",\"position\":1,\"name\":\"Portada\",\"item\":\"https:\/\/colmadosingular.com\/ca\/inici\/\"},{\"@type\":\"ListItem\",\"position\":2,\"name\":\"Pol\u00edtica de cookies\"}]},{\"@type\":\"WebSite\",\"@id\":\"https:\/\/colmadosingular.com\/ca\/#website\",\"url\":\"https:\/\/colmadosingular.com\/ca\/\",\"name\":\"Colmado Singular\",\"description\":\"\",\"publisher\":{\"@id\":\"https:\/\/colmadosingular.com\/ca\/#organization\"},\"potentialAction\":[{\"@type\":\"SearchAction\",\"target\":{\"@type\":\"EntryPoint\",\"urlTemplate\":\"https:\/\/colmadosingular.com\/ca\/?s={search_term_string}\"},\"query-input\":{\"@type\":\"PropertyValueSpecification\",\"valueRequired\":true,\"valueName\":\"search_term_string\"}}],\"inLanguage\":\"ca\"},{\"@type\":\"Organization\",\"@id\":\"https:\/\/colmadosingular.com\/ca\/#organization\",\"name\":\"Colmado Singular\",\"url\":\"https:\/\/colmadosingular.com\/ca\/\",\"logo\":{\"@type\":\"ImageObject\",\"inLanguage\":\"ca\",\"@id\":\"https:\/\/colmadosingular.com\/ca\/#\/schema\/logo\/image\/\",\"url\":\"https:\/\/colmadosingular.com\/wp-content\/uploads\/2024\/08\/logo-colmado.svg\",\"contentUrl\":\"https:\/\/colmadosingular.com\/wp-content\/uploads\/2024\/08\/logo-colmado.svg\",\"width\":620,\"height\":50,\"caption\":\"Colmado Singular\"},\"image\":{\"@id\":\"https:\/\/colmadosingular.com\/ca\/#\/schema\/logo\/image\/\"}}]}<\/script>\n<!-- \/ Yoast SEO plugin. -->","yoast_head_json":{"title":"Pol\u00edtica de cookies - Colmado Singular","robots":{"index":"index","follow":"follow","max-snippet":"max-snippet:-1","max-image-preview":"max-image-preview:large","max-video-preview":"max-video-preview:-1"},"canonical":"https:\/\/colmadosingular.com\/ca\/politica-de-cookies\/","og_locale":"ca_ES","og_type":"article","og_title":"Pol\u00edtica de cookies - Colmado Singular","og_description":"POL\u00cdTICA DE COOKIES I. Definici\u00f3 i funci\u00f3 de les cookies Qu\u00e8 s\u00f3n les galetes? Una galeta \u00e9s un fitxer que es descarrega al teu ordinador en accedir a determinades p\u00e0gines [&hellip;]","og_url":"https:\/\/colmadosingular.com\/ca\/politica-de-cookies\/","og_site_name":"Colmado Singular","article_modified_time":"2026-03-17T09:55:03+00:00","twitter_card":"summary_large_image","twitter_misc":{"Temps estimat de lectura":"9 minuts"},"schema":{"@context":"https:\/\/schema.org","@graph":[{"@type":"WebPage","@id":"https:\/\/colmadosingular.com\/ca\/politica-de-cookies\/","url":"https:\/\/colmadosingular.com\/ca\/politica-de-cookies\/","name":"Pol\u00edtica de cookies - Colmado Singular","isPartOf":{"@id":"https:\/\/colmadosingular.com\/ca\/#website"},"datePublished":"2024-10-01T09:19:53+00:00","dateModified":"2026-03-17T09:55:03+00:00","breadcrumb":{"@id":"https:\/\/colmadosingular.com\/ca\/politica-de-cookies\/#breadcrumb"},"inLanguage":"ca","potentialAction":[{"@type":"ReadAction","target":["https:\/\/colmadosingular.com\/ca\/politica-de-cookies\/"]}]},{"@type":"BreadcrumbList","@id":"https:\/\/colmadosingular.com\/ca\/politica-de-cookies\/#breadcrumb","itemListElement":[{"@type":"ListItem","position":1,"name":"Portada","item":"https:\/\/colmadosingular.com\/ca\/inici\/"},{"@type":"ListItem","position":2,"name":"Pol\u00edtica de cookies"}]},{"@type":"WebSite","@id":"https:\/\/colmadosingular.com\/ca\/#website","url":"https:\/\/colmadosingular.com\/ca\/","name":"Colmado Singular","description":"","publisher":{"@id":"https:\/\/colmadosingular.com\/ca\/#organization"},"potentialAction":[{"@type":"SearchAction","target":{"@type":"EntryPoint","urlTemplate":"https:\/\/colmadosingular.com\/ca\/?s={search_term_string}"},"query-input":{"@type":"PropertyValueSpecification","valueRequired":true,"valueName":"search_term_string"}}],"inLanguage":"ca"},{"@type":"Organization","@id":"https:\/\/colmadosingular.com\/ca\/#organization","name":"Colmado Singular","url":"https:\/\/colmadosingular.com\/ca\/","logo":{"@type":"ImageObject","inLanguage":"ca","@id":"https:\/\/colmadosingular.com\/ca\/#\/schema\/logo\/image\/","url":"https:\/\/colmadosingular.com\/wp-content\/uploads\/2024\/08\/logo-colmado.svg","contentUrl":"https:\/\/colmadosingular.com\/wp-content\/uploads\/2024\/08\/logo-colmado.svg","width":620,"height":50,"caption":"Colmado Singular"},"image":{"@id":"https:\/\/colmadosingular.com\/ca\/#\/schema\/logo\/image\/"}}]}},"_links":{"self":[{"href":"https:\/\/colmadosingular.com\/ca\/wp-json\/wp\/v2\/pages\/6474","targetHints":{"allow":["GET"]}}],"collection":[{"href":"https:\/\/colmadosingular.com\/ca\/wp-json\/wp\/v2\/pages"}],"about":[{"href":"https:\/\/colmadosingular.com\/ca\/wp-json\/wp\/v2\/types\/page"}],"author":[{"embeddable":true,"href":"https:\/\/colmadosingular.com\/ca\/wp-json\/wp\/v2\/users\/2"}],"replies":[{"embeddable":true,"href":"https:\/\/colmadosingular.com\/ca\/wp-json\/wp\/v2\/comments?post=6474"}],"version-history":[{"count":2,"href":"https:\/\/colmadosingular.com\/ca\/wp-json\/wp\/v2\/pages\/6474\/revisions"}],"predecessor-version":[{"id":1001242,"href":"https:\/\/colmadosingular.com\/ca\/wp-json\/wp\/v2\/pages\/6474\/revisions\/1001242"}],"wp:attachment":[{"href":"https:\/\/colmadosingular.com\/ca\/wp-json\/wp\/v2\/media?parent=6474"}],"curies":[{"name":"wp","href":"https:\/\/api.w.org\/{rel}","templated":true}]}}