{"id":1000016,"date":"2026-02-03T12:17:36","date_gmt":"2026-02-03T11:17:36","guid":{"rendered":"https:\/\/colmadosingular.com\/?post_type=product&#038;p=1000016"},"modified":"2026-03-17T11:03:12","modified_gmt":"2026-03-17T10:03:12","slug":"mix-dolives-adobades-23-kg-copia","status":"publish","type":"product","link":"https:\/\/colmadosingular.com\/ca\/producto\/mix-dolives-adobades-23-kg-copia\/","title":{"rendered":"OLIVES A LA TARONJA 2,52 kg"},"content":{"rendered":"","protected":false},"excerpt":{"rendered":"<p>Nef\u00e9li<\/p>\n<p><strong>OLIVES A LA TARONJA<\/strong><\/p>\n<p>Les olives amb gust de taronja uneixen la intensitat i carnositat de l&#8217;oliva verda grega amb un delicat toc c\u00edtric que aporta frescor i un mat\u00eds arom\u00e0tic divertid\u00edssim.<\/p>\n","protected":false},"featured_media":1000020,"template":"","meta":{"_acf_changed":false,"_monsterinsights_skip_tracking":false,"_monsterinsights_sitenote_active":false,"_monsterinsights_sitenote_note":"","_monsterinsights_sitenote_category":0,"_joinchat":[]},"product_brand":[],"product_cat":[232,233],"product_tag":[],"class_list":{"0":"post-1000016","1":"product","2":"type-product","3":"status-publish","4":"has-post-thumbnail","6":"product_cat-conserves-vegetals","7":"product_cat-olives","9":"first","10":"instock","11":"taxable","12":"shipping-taxable","13":"purchasable","14":"product-type-simple"},"acf":[],"yoast_head":"<!-- This site is optimized with the Yoast SEO plugin v24.8.1 - https:\/\/yoast.com\/wordpress\/plugins\/seo\/ -->\n<title>OLIVES A LA TARONJA 2,52 kg - Colmado Singular<\/title>\n<meta name=\"robots\" content=\"index, follow, max-snippet:-1, max-image-preview:large, max-video-preview:-1\" \/>\n<link rel=\"canonical\" href=\"https:\/\/colmadosingular.com\/ca\/producto\/mix-dolives-adobades-23-kg-copia\/\" \/>\n<meta property=\"og:locale\" content=\"ca_ES\" \/>\n<meta property=\"og:type\" content=\"article\" \/>\n<meta property=\"og:title\" content=\"OLIVES A LA TARONJA 2,52 kg - Colmado Singular\" \/>\n<meta property=\"og:description\" content=\"Nef\u00e9li  OLIVES A LA TARONJA  Les olives amb gust de taronja uneixen la intensitat i carnositat de l&#039;oliva verda grega amb un delicat toc c\u00edtric que aporta frescor i un mat\u00eds arom\u00e0tic divertid\u00edssim.\" \/>\n<meta property=\"og:url\" content=\"https:\/\/colmadosingular.com\/ca\/producto\/mix-dolives-adobades-23-kg-copia\/\" \/>\n<meta property=\"og:site_name\" content=\"Colmado Singular\" \/>\n<meta property=\"article:modified_time\" content=\"2026-03-17T10:03:12+00:00\" \/>\n<meta property=\"og:image\" content=\"https:\/\/colmadosingular.com\/wp-content\/uploads\/2026\/02\/MB027_25410018Bxgris.jpg\" \/>\n\t<meta property=\"og:image:width\" content=\"1200\" \/>\n\t<meta property=\"og:image:height\" content=\"1200\" \/>\n\t<meta property=\"og:image:type\" content=\"image\/jpeg\" \/>\n<meta name=\"twitter:card\" content=\"summary_large_image\" \/>\n<meta name=\"twitter:label1\" content=\"Temps estimat de lectura\" \/>\n\t<meta name=\"twitter:data1\" content=\"1 minut\" \/>\n<script type=\"application\/ld+json\" class=\"yoast-schema-graph\">{\"@context\":\"https:\/\/schema.org\",\"@graph\":[{\"@type\":\"WebPage\",\"@id\":\"https:\/\/colmadosingular.com\/ca\/producto\/mix-dolives-adobades-23-kg-copia\/\",\"url\":\"https:\/\/colmadosingular.com\/ca\/producto\/mix-dolives-adobades-23-kg-copia\/\",\"name\":\"OLIVES A LA TARONJA 2,52 kg - Colmado Singular\",\"isPartOf\":{\"@id\":\"https:\/\/colmadosingular.com\/ca\/#website\"},\"primaryImageOfPage\":{\"@id\":\"https:\/\/colmadosingular.com\/ca\/producto\/mix-dolives-adobades-23-kg-copia\/#primaryimage\"},\"image\":{\"@id\":\"https:\/\/colmadosingular.com\/ca\/producto\/mix-dolives-adobades-23-kg-copia\/#primaryimage\"},\"thumbnailUrl\":\"https:\/\/colmadosingular.com\/wp-content\/uploads\/2026\/02\/MB027_25410018Bxgris.jpg\",\"datePublished\":\"2026-02-03T11:17:36+00:00\",\"dateModified\":\"2026-03-17T10:03:12+00:00\",\"breadcrumb\":{\"@id\":\"https:\/\/colmadosingular.com\/ca\/producto\/mix-dolives-adobades-23-kg-copia\/#breadcrumb\"},\"inLanguage\":\"ca\",\"potentialAction\":[{\"@type\":\"ReadAction\",\"target\":[\"https:\/\/colmadosingular.com\/ca\/producto\/mix-dolives-adobades-23-kg-copia\/\"]}]},{\"@type\":\"ImageObject\",\"inLanguage\":\"ca\",\"@id\":\"https:\/\/colmadosingular.com\/ca\/producto\/mix-dolives-adobades-23-kg-copia\/#primaryimage\",\"url\":\"https:\/\/colmadosingular.com\/wp-content\/uploads\/2026\/02\/MB027_25410018Bxgris.jpg\",\"contentUrl\":\"https:\/\/colmadosingular.com\/wp-content\/uploads\/2026\/02\/MB027_25410018Bxgris.jpg\",\"width\":1200,\"height\":1200},{\"@type\":\"BreadcrumbList\",\"@id\":\"https:\/\/colmadosingular.com\/ca\/producto\/mix-dolives-adobades-23-kg-copia\/#breadcrumb\",\"itemListElement\":[{\"@type\":\"ListItem\",\"position\":1,\"name\":\"Portada\",\"item\":\"https:\/\/colmadosingular.com\/ca\/inici\/\"},{\"@type\":\"ListItem\",\"position\":2,\"name\":\"BOTIGA\",\"item\":\"https:\/\/colmadosingular.com\/ca\/shop\/\"},{\"@type\":\"ListItem\",\"position\":3,\"name\":\"OLIVES A LA TARONJA 2,52 kg\"}]},{\"@type\":\"WebSite\",\"@id\":\"https:\/\/colmadosingular.com\/ca\/#website\",\"url\":\"https:\/\/colmadosingular.com\/ca\/\",\"name\":\"Colmado Singular\",\"description\":\"\",\"publisher\":{\"@id\":\"https:\/\/colmadosingular.com\/ca\/#organization\"},\"potentialAction\":[{\"@type\":\"SearchAction\",\"target\":{\"@type\":\"EntryPoint\",\"urlTemplate\":\"https:\/\/colmadosingular.com\/ca\/?s={search_term_string}\"},\"query-input\":{\"@type\":\"PropertyValueSpecification\",\"valueRequired\":true,\"valueName\":\"search_term_string\"}}],\"inLanguage\":\"ca\"},{\"@type\":\"Organization\",\"@id\":\"https:\/\/colmadosingular.com\/ca\/#organization\",\"name\":\"Colmado Singular\",\"url\":\"https:\/\/colmadosingular.com\/ca\/\",\"logo\":{\"@type\":\"ImageObject\",\"inLanguage\":\"ca\",\"@id\":\"https:\/\/colmadosingular.com\/ca\/#\/schema\/logo\/image\/\",\"url\":\"https:\/\/colmadosingular.com\/wp-content\/uploads\/2024\/08\/logo-colmado.svg\",\"contentUrl\":\"https:\/\/colmadosingular.com\/wp-content\/uploads\/2024\/08\/logo-colmado.svg\",\"width\":620,\"height\":50,\"caption\":\"Colmado Singular\"},\"image\":{\"@id\":\"https:\/\/colmadosingular.com\/ca\/#\/schema\/logo\/image\/\"}}]}<\/script>\n<!-- \/ Yoast SEO plugin. -->","yoast_head_json":{"title":"OLIVES A LA TARONJA 2,52 kg - Colmado Singular","robots":{"index":"index","follow":"follow","max-snippet":"max-snippet:-1","max-image-preview":"max-image-preview:large","max-video-preview":"max-video-preview:-1"},"canonical":"https:\/\/colmadosingular.com\/ca\/producto\/mix-dolives-adobades-23-kg-copia\/","og_locale":"ca_ES","og_type":"article","og_title":"OLIVES A LA TARONJA 2,52 kg - Colmado Singular","og_description":"Nef\u00e9li  OLIVES A LA TARONJA  Les olives amb gust de taronja uneixen la intensitat i carnositat de l'oliva verda grega amb un delicat toc c\u00edtric que aporta frescor i un mat\u00eds arom\u00e0tic divertid\u00edssim.","og_url":"https:\/\/colmadosingular.com\/ca\/producto\/mix-dolives-adobades-23-kg-copia\/","og_site_name":"Colmado Singular","article_modified_time":"2026-03-17T10:03:12+00:00","og_image":[{"width":1200,"height":1200,"url":"https:\/\/colmadosingular.com\/wp-content\/uploads\/2026\/02\/MB027_25410018Bxgris.jpg","type":"image\/jpeg"}],"twitter_card":"summary_large_image","twitter_misc":{"Temps estimat de lectura":"1 minut"},"schema":{"@context":"https:\/\/schema.org","@graph":[{"@type":"WebPage","@id":"https:\/\/colmadosingular.com\/ca\/producto\/mix-dolives-adobades-23-kg-copia\/","url":"https:\/\/colmadosingular.com\/ca\/producto\/mix-dolives-adobades-23-kg-copia\/","name":"OLIVES A LA TARONJA 2,52 kg - Colmado Singular","isPartOf":{"@id":"https:\/\/colmadosingular.com\/ca\/#website"},"primaryImageOfPage":{"@id":"https:\/\/colmadosingular.com\/ca\/producto\/mix-dolives-adobades-23-kg-copia\/#primaryimage"},"image":{"@id":"https:\/\/colmadosingular.com\/ca\/producto\/mix-dolives-adobades-23-kg-copia\/#primaryimage"},"thumbnailUrl":"https:\/\/colmadosingular.com\/wp-content\/uploads\/2026\/02\/MB027_25410018Bxgris.jpg","datePublished":"2026-02-03T11:17:36+00:00","dateModified":"2026-03-17T10:03:12+00:00","breadcrumb":{"@id":"https:\/\/colmadosingular.com\/ca\/producto\/mix-dolives-adobades-23-kg-copia\/#breadcrumb"},"inLanguage":"ca","potentialAction":[{"@type":"ReadAction","target":["https:\/\/colmadosingular.com\/ca\/producto\/mix-dolives-adobades-23-kg-copia\/"]}]},{"@type":"ImageObject","inLanguage":"ca","@id":"https:\/\/colmadosingular.com\/ca\/producto\/mix-dolives-adobades-23-kg-copia\/#primaryimage","url":"https:\/\/colmadosingular.com\/wp-content\/uploads\/2026\/02\/MB027_25410018Bxgris.jpg","contentUrl":"https:\/\/colmadosingular.com\/wp-content\/uploads\/2026\/02\/MB027_25410018Bxgris.jpg","width":1200,"height":1200},{"@type":"BreadcrumbList","@id":"https:\/\/colmadosingular.com\/ca\/producto\/mix-dolives-adobades-23-kg-copia\/#breadcrumb","itemListElement":[{"@type":"ListItem","position":1,"name":"Portada","item":"https:\/\/colmadosingular.com\/ca\/inici\/"},{"@type":"ListItem","position":2,"name":"BOTIGA","item":"https:\/\/colmadosingular.com\/ca\/shop\/"},{"@type":"ListItem","position":3,"name":"OLIVES A LA TARONJA 2,52 kg"}]},{"@type":"WebSite","@id":"https:\/\/colmadosingular.com\/ca\/#website","url":"https:\/\/colmadosingular.com\/ca\/","name":"Colmado Singular","description":"","publisher":{"@id":"https:\/\/colmadosingular.com\/ca\/#organization"},"potentialAction":[{"@type":"SearchAction","target":{"@type":"EntryPoint","urlTemplate":"https:\/\/colmadosingular.com\/ca\/?s={search_term_string}"},"query-input":{"@type":"PropertyValueSpecification","valueRequired":true,"valueName":"search_term_string"}}],"inLanguage":"ca"},{"@type":"Organization","@id":"https:\/\/colmadosingular.com\/ca\/#organization","name":"Colmado Singular","url":"https:\/\/colmadosingular.com\/ca\/","logo":{"@type":"ImageObject","inLanguage":"ca","@id":"https:\/\/colmadosingular.com\/ca\/#\/schema\/logo\/image\/","url":"https:\/\/colmadosingular.com\/wp-content\/uploads\/2024\/08\/logo-colmado.svg","contentUrl":"https:\/\/colmadosingular.com\/wp-content\/uploads\/2024\/08\/logo-colmado.svg","width":620,"height":50,"caption":"Colmado Singular"},"image":{"@id":"https:\/\/colmadosingular.com\/ca\/#\/schema\/logo\/image\/"}}]}},"_links":{"self":[{"href":"https:\/\/colmadosingular.com\/ca\/wp-json\/wp\/v2\/product\/1000016","targetHints":{"allow":["GET"]}}],"collection":[{"href":"https:\/\/colmadosingular.com\/ca\/wp-json\/wp\/v2\/product"}],"about":[{"href":"https:\/\/colmadosingular.com\/ca\/wp-json\/wp\/v2\/types\/product"}],"wp:featuredmedia":[{"embeddable":true,"href":"https:\/\/colmadosingular.com\/ca\/wp-json\/wp\/v2\/media\/1000020"}],"wp:attachment":[{"href":"https:\/\/colmadosingular.com\/ca\/wp-json\/wp\/v2\/media?parent=1000016"}],"wp:term":[{"taxonomy":"product_brand","embeddable":true,"href":"https:\/\/colmadosingular.com\/ca\/wp-json\/wp\/v2\/product_brand?post=1000016"},{"taxonomy":"product_cat","embeddable":true,"href":"https:\/\/colmadosingular.com\/ca\/wp-json\/wp\/v2\/product_cat?post=1000016"},{"taxonomy":"product_tag","embeddable":true,"href":"https:\/\/colmadosingular.com\/ca\/wp-json\/wp\/v2\/product_tag?post=1000016"}],"curies":[{"name":"wp","href":"https:\/\/api.w.org\/{rel}","templated":true}]}}