{"id":1000246,"date":"2025-11-04T13:40:45","date_gmt":"2025-11-04T12:40:45","guid":{"rendered":"https:\/\/colmadosingular.com\/producto\/xmas-classics\/"},"modified":"2026-03-27T12:28:52","modified_gmt":"2026-03-27T11:28:52","slug":"xmas-classics","status":"publish","type":"product","link":"https:\/\/colmadosingular.com\/ca\/producto\/xmas-classics\/","title":{"rendered":"XMAS CLASSICS"},"content":{"rendered":"","protected":false},"excerpt":{"rendered":"<p>Lumache Benedetto Cavalieri 500 g<\/p>\n<p>T\u00f2fones de xocolata ChocMod 200 g<\/p>\n<p>Bibanesi Oli Oliva Verge Extra 100 g<\/p>\n<p>Pur\u00e9 de tom\u00e0quet Pizzutelo Finagricola 350 g<\/p>\n<p>Olives Leccina desossades DeCarlo 200g<\/p>\n<p>Neules Rol Maison Bruy\u00e8re 170 g<\/p>\n<p>Boletes Alegres (Happy Balls) 50 g<\/p>\n<p>Cistella ovalada 25&#215;35 cm<\/p>\n<p><i>* Colors de les cistelles aleatoris<\/i><\/p>\n","protected":false},"featured_media":994980,"template":"","meta":{"_acf_changed":false,"_monsterinsights_skip_tracking":false,"_monsterinsights_sitenote_active":false,"_monsterinsights_sitenote_note":"","_monsterinsights_sitenote_category":0,"_joinchat":[]},"product_brand":[],"product_cat":[218,217],"product_tag":[],"class_list":{"0":"post-1000246","1":"product","2":"type-product","3":"status-publish","4":"has-post-thumbnail","6":"product_cat-regalos-ca","7":"product_cat-packs-ca","9":"first","10":"outofstock","11":"taxable","12":"shipping-taxable","13":"purchasable","14":"product-type-simple"},"acf":[],"yoast_head":"<!-- This site is optimized with the Yoast SEO plugin v24.8.1 - https:\/\/yoast.com\/wordpress\/plugins\/seo\/ -->\n<title>XMAS CLASSICS - Colmado Singular<\/title>\n<meta name=\"robots\" content=\"index, follow, max-snippet:-1, max-image-preview:large, max-video-preview:-1\" \/>\n<link rel=\"canonical\" href=\"https:\/\/colmadosingular.com\/ca\/producto\/xmas-classics\/\" \/>\n<meta property=\"og:locale\" content=\"ca_ES\" \/>\n<meta property=\"og:type\" content=\"article\" \/>\n<meta property=\"og:title\" content=\"XMAS CLASSICS - Colmado Singular\" \/>\n<meta property=\"og:description\" content=\"Lumache Benedetto Cavalieri 500 g T\u00f2fones de xocolata ChocMod 200 g Bibanesi Oli Oliva Verge Extra 100 g Pur\u00e9 de tom\u00e0quet Pizzutelo Finagricola 350 g Olives Leccina desossades DeCarlo 200g Neules Rol Maison Bruy\u00e8re 170 g Boletes Alegres (Happy Balls) 50 g Cistella ovalada 25x35 cm * Colors de les cistelles aleatoris\" \/>\n<meta property=\"og:url\" content=\"https:\/\/colmadosingular.com\/ca\/producto\/xmas-classics\/\" \/>\n<meta property=\"og:site_name\" content=\"Colmado Singular\" \/>\n<meta property=\"article:modified_time\" content=\"2026-03-27T11:28:52+00:00\" \/>\n<meta property=\"og:image\" content=\"https:\/\/colmadosingular.com\/wp-content\/uploads\/2025\/10\/Y032_25410228Bx.jpg\" \/>\n\t<meta property=\"og:image:width\" content=\"1200\" \/>\n\t<meta property=\"og:image:height\" content=\"1200\" \/>\n\t<meta property=\"og:image:type\" content=\"image\/jpeg\" \/>\n<meta name=\"twitter:card\" content=\"summary_large_image\" \/>\n<meta name=\"twitter:label1\" content=\"Temps estimat de lectura\" \/>\n\t<meta name=\"twitter:data1\" content=\"1 minut\" \/>\n<script type=\"application\/ld+json\" class=\"yoast-schema-graph\">{\"@context\":\"https:\/\/schema.org\",\"@graph\":[{\"@type\":\"WebPage\",\"@id\":\"https:\/\/colmadosingular.com\/ca\/producto\/xmas-classics\/\",\"url\":\"https:\/\/colmadosingular.com\/ca\/producto\/xmas-classics\/\",\"name\":\"XMAS CLASSICS - Colmado Singular\",\"isPartOf\":{\"@id\":\"https:\/\/colmadosingular.com\/ca\/#website\"},\"primaryImageOfPage\":{\"@id\":\"https:\/\/colmadosingular.com\/ca\/producto\/xmas-classics\/#primaryimage\"},\"image\":{\"@id\":\"https:\/\/colmadosingular.com\/ca\/producto\/xmas-classics\/#primaryimage\"},\"thumbnailUrl\":\"https:\/\/colmadosingular.com\/wp-content\/uploads\/2025\/10\/Y032_25410228Bx.jpg\",\"datePublished\":\"2025-11-04T12:40:45+00:00\",\"dateModified\":\"2026-03-27T11:28:52+00:00\",\"breadcrumb\":{\"@id\":\"https:\/\/colmadosingular.com\/ca\/producto\/xmas-classics\/#breadcrumb\"},\"inLanguage\":\"ca\",\"potentialAction\":[{\"@type\":\"ReadAction\",\"target\":[\"https:\/\/colmadosingular.com\/ca\/producto\/xmas-classics\/\"]}]},{\"@type\":\"ImageObject\",\"inLanguage\":\"ca\",\"@id\":\"https:\/\/colmadosingular.com\/ca\/producto\/xmas-classics\/#primaryimage\",\"url\":\"https:\/\/colmadosingular.com\/wp-content\/uploads\/2025\/10\/Y032_25410228Bx.jpg\",\"contentUrl\":\"https:\/\/colmadosingular.com\/wp-content\/uploads\/2025\/10\/Y032_25410228Bx.jpg\",\"width\":1200,\"height\":1200,\"caption\":\"Xmas Classics\"},{\"@type\":\"BreadcrumbList\",\"@id\":\"https:\/\/colmadosingular.com\/ca\/producto\/xmas-classics\/#breadcrumb\",\"itemListElement\":[{\"@type\":\"ListItem\",\"position\":1,\"name\":\"Portada\",\"item\":\"https:\/\/colmadosingular.com\/ca\/inici\/\"},{\"@type\":\"ListItem\",\"position\":2,\"name\":\"BOTIGA\",\"item\":\"https:\/\/colmadosingular.com\/ca\/shop\/\"},{\"@type\":\"ListItem\",\"position\":3,\"name\":\"XMAS CLASSICS\"}]},{\"@type\":\"WebSite\",\"@id\":\"https:\/\/colmadosingular.com\/ca\/#website\",\"url\":\"https:\/\/colmadosingular.com\/ca\/\",\"name\":\"Colmado Singular\",\"description\":\"\",\"publisher\":{\"@id\":\"https:\/\/colmadosingular.com\/ca\/#organization\"},\"potentialAction\":[{\"@type\":\"SearchAction\",\"target\":{\"@type\":\"EntryPoint\",\"urlTemplate\":\"https:\/\/colmadosingular.com\/ca\/?s={search_term_string}\"},\"query-input\":{\"@type\":\"PropertyValueSpecification\",\"valueRequired\":true,\"valueName\":\"search_term_string\"}}],\"inLanguage\":\"ca\"},{\"@type\":\"Organization\",\"@id\":\"https:\/\/colmadosingular.com\/ca\/#organization\",\"name\":\"Colmado Singular\",\"url\":\"https:\/\/colmadosingular.com\/ca\/\",\"logo\":{\"@type\":\"ImageObject\",\"inLanguage\":\"ca\",\"@id\":\"https:\/\/colmadosingular.com\/ca\/#\/schema\/logo\/image\/\",\"url\":\"https:\/\/colmadosingular.com\/wp-content\/uploads\/2024\/08\/logo-colmado.svg\",\"contentUrl\":\"https:\/\/colmadosingular.com\/wp-content\/uploads\/2024\/08\/logo-colmado.svg\",\"width\":620,\"height\":50,\"caption\":\"Colmado Singular\"},\"image\":{\"@id\":\"https:\/\/colmadosingular.com\/ca\/#\/schema\/logo\/image\/\"}}]}<\/script>\n<!-- \/ Yoast SEO plugin. -->","yoast_head_json":{"title":"XMAS CLASSICS - Colmado Singular","robots":{"index":"index","follow":"follow","max-snippet":"max-snippet:-1","max-image-preview":"max-image-preview:large","max-video-preview":"max-video-preview:-1"},"canonical":"https:\/\/colmadosingular.com\/ca\/producto\/xmas-classics\/","og_locale":"ca_ES","og_type":"article","og_title":"XMAS CLASSICS - Colmado Singular","og_description":"Lumache Benedetto Cavalieri 500 g T\u00f2fones de xocolata ChocMod 200 g Bibanesi Oli Oliva Verge Extra 100 g Pur\u00e9 de tom\u00e0quet Pizzutelo Finagricola 350 g Olives Leccina desossades DeCarlo 200g Neules Rol Maison Bruy\u00e8re 170 g Boletes Alegres (Happy Balls) 50 g Cistella ovalada 25x35 cm * Colors de les cistelles aleatoris","og_url":"https:\/\/colmadosingular.com\/ca\/producto\/xmas-classics\/","og_site_name":"Colmado Singular","article_modified_time":"2026-03-27T11:28:52+00:00","og_image":[{"width":1200,"height":1200,"url":"https:\/\/colmadosingular.com\/wp-content\/uploads\/2025\/10\/Y032_25410228Bx.jpg","type":"image\/jpeg"}],"twitter_card":"summary_large_image","twitter_misc":{"Temps estimat de lectura":"1 minut"},"schema":{"@context":"https:\/\/schema.org","@graph":[{"@type":"WebPage","@id":"https:\/\/colmadosingular.com\/ca\/producto\/xmas-classics\/","url":"https:\/\/colmadosingular.com\/ca\/producto\/xmas-classics\/","name":"XMAS CLASSICS - Colmado Singular","isPartOf":{"@id":"https:\/\/colmadosingular.com\/ca\/#website"},"primaryImageOfPage":{"@id":"https:\/\/colmadosingular.com\/ca\/producto\/xmas-classics\/#primaryimage"},"image":{"@id":"https:\/\/colmadosingular.com\/ca\/producto\/xmas-classics\/#primaryimage"},"thumbnailUrl":"https:\/\/colmadosingular.com\/wp-content\/uploads\/2025\/10\/Y032_25410228Bx.jpg","datePublished":"2025-11-04T12:40:45+00:00","dateModified":"2026-03-27T11:28:52+00:00","breadcrumb":{"@id":"https:\/\/colmadosingular.com\/ca\/producto\/xmas-classics\/#breadcrumb"},"inLanguage":"ca","potentialAction":[{"@type":"ReadAction","target":["https:\/\/colmadosingular.com\/ca\/producto\/xmas-classics\/"]}]},{"@type":"ImageObject","inLanguage":"ca","@id":"https:\/\/colmadosingular.com\/ca\/producto\/xmas-classics\/#primaryimage","url":"https:\/\/colmadosingular.com\/wp-content\/uploads\/2025\/10\/Y032_25410228Bx.jpg","contentUrl":"https:\/\/colmadosingular.com\/wp-content\/uploads\/2025\/10\/Y032_25410228Bx.jpg","width":1200,"height":1200,"caption":"Xmas Classics"},{"@type":"BreadcrumbList","@id":"https:\/\/colmadosingular.com\/ca\/producto\/xmas-classics\/#breadcrumb","itemListElement":[{"@type":"ListItem","position":1,"name":"Portada","item":"https:\/\/colmadosingular.com\/ca\/inici\/"},{"@type":"ListItem","position":2,"name":"BOTIGA","item":"https:\/\/colmadosingular.com\/ca\/shop\/"},{"@type":"ListItem","position":3,"name":"XMAS CLASSICS"}]},{"@type":"WebSite","@id":"https:\/\/colmadosingular.com\/ca\/#website","url":"https:\/\/colmadosingular.com\/ca\/","name":"Colmado Singular","description":"","publisher":{"@id":"https:\/\/colmadosingular.com\/ca\/#organization"},"potentialAction":[{"@type":"SearchAction","target":{"@type":"EntryPoint","urlTemplate":"https:\/\/colmadosingular.com\/ca\/?s={search_term_string}"},"query-input":{"@type":"PropertyValueSpecification","valueRequired":true,"valueName":"search_term_string"}}],"inLanguage":"ca"},{"@type":"Organization","@id":"https:\/\/colmadosingular.com\/ca\/#organization","name":"Colmado Singular","url":"https:\/\/colmadosingular.com\/ca\/","logo":{"@type":"ImageObject","inLanguage":"ca","@id":"https:\/\/colmadosingular.com\/ca\/#\/schema\/logo\/image\/","url":"https:\/\/colmadosingular.com\/wp-content\/uploads\/2024\/08\/logo-colmado.svg","contentUrl":"https:\/\/colmadosingular.com\/wp-content\/uploads\/2024\/08\/logo-colmado.svg","width":620,"height":50,"caption":"Colmado Singular"},"image":{"@id":"https:\/\/colmadosingular.com\/ca\/#\/schema\/logo\/image\/"}}]}},"_links":{"self":[{"href":"https:\/\/colmadosingular.com\/ca\/wp-json\/wp\/v2\/product\/1000246","targetHints":{"allow":["GET"]}}],"collection":[{"href":"https:\/\/colmadosingular.com\/ca\/wp-json\/wp\/v2\/product"}],"about":[{"href":"https:\/\/colmadosingular.com\/ca\/wp-json\/wp\/v2\/types\/product"}],"wp:featuredmedia":[{"embeddable":true,"href":"https:\/\/colmadosingular.com\/ca\/wp-json\/wp\/v2\/media\/994980"}],"wp:attachment":[{"href":"https:\/\/colmadosingular.com\/ca\/wp-json\/wp\/v2\/media?parent=1000246"}],"wp:term":[{"taxonomy":"product_brand","embeddable":true,"href":"https:\/\/colmadosingular.com\/ca\/wp-json\/wp\/v2\/product_brand?post=1000246"},{"taxonomy":"product_cat","embeddable":true,"href":"https:\/\/colmadosingular.com\/ca\/wp-json\/wp\/v2\/product_cat?post=1000246"},{"taxonomy":"product_tag","embeddable":true,"href":"https:\/\/colmadosingular.com\/ca\/wp-json\/wp\/v2\/product_tag?post=1000246"}],"curies":[{"name":"wp","href":"https:\/\/api.w.org\/{rel}","templated":true}]}}