{"id":1000248,"date":"2025-10-10T16:22:45","date_gmt":"2025-10-10T14:22:45","guid":{"rendered":"https:\/\/colmadosingular.com\/producto\/condiment-de-carbassa-salty-pumpkin-spice-ed-limitada-15g\/"},"modified":"2026-03-17T10:14:29","modified_gmt":"2026-03-17T09:14:29","slug":"condiment-de-carbassa-salty-pumpkin-spice-ed-limitada-15g","status":"publish","type":"product","link":"https:\/\/colmadosingular.com\/ca\/producto\/condiment-de-carbassa-salty-pumpkin-spice-ed-limitada-15g\/","title":{"rendered":"CONDIMENT DE CARBASSA &#8220;SALTY PUMPKIN SPICE&#8221; ED. LIMITADA 15g"},"content":{"rendered":"","protected":false},"excerpt":{"rendered":"<p>HALEN M\u00d4N<\/p>\n<p>Com fer que la sempre popular barreja de Pumpkin Spice sigui encara millor? Molt f\u00e0cil: afegint Halen M\u00f4n! Halen M\u00f4n ha creat una edici\u00f3 especial en flascons taronges d&#8217;edici\u00f3 limitada. \u00c9s dol\u00e7a, c\u00e0lida, perfumada i molt tardorenca. Es tracta d&#8217;una barreja d&#8217;esp\u00e8cies a base de canyella, clau, pebre de Jamaica, nou moscada i gingebre.<\/p>\n<p>Idees:<\/p>\n<ul>\n<li>Begudes: barrejada en caf\u00e8, sobre un caputx\u00ed o un matxa<\/li>\n<li>Sobre una torrada de mantega<\/li>\n<li>Rebosteria: pastissos, <em>crumbles<\/em> (de poma, pera, codony i, per descomptat, carbassa\u2026)<\/li>\n<li>Bol d&#8217;esmorzar amb iogurt, nous i xocolata negra<\/li>\n<li>Verdures rostides: pastanagues, xirivies, patates, fonoll, cebes, escalunyes, alberg\u00ednies<\/li>\n<\/ul>\n","protected":false},"featured_media":994633,"template":"","meta":{"_acf_changed":false,"_monsterinsights_skip_tracking":false,"_monsterinsights_sitenote_active":false,"_monsterinsights_sitenote_note":"","_monsterinsights_sitenote_category":0,"_joinchat":[]},"product_brand":[],"product_cat":[248,251],"product_tag":[],"class_list":{"0":"post-1000248","1":"product","2":"type-product","3":"status-publish","4":"has-post-thumbnail","6":"product_cat-especies-i-condiments","7":"product_cat-condiments","9":"first","10":"instock","11":"taxable","12":"shipping-taxable","13":"purchasable","14":"product-type-simple"},"acf":[],"yoast_head":"<!-- This site is optimized with the Yoast SEO plugin v24.8.1 - https:\/\/yoast.com\/wordpress\/plugins\/seo\/ -->\n<title>CONDIMENT DE CARBASSA &quot;SALTY PUMPKIN SPICE&quot; ED. LIMITADA 15g - Colmado Singular<\/title>\n<meta name=\"robots\" content=\"index, follow, max-snippet:-1, max-image-preview:large, max-video-preview:-1\" \/>\n<link rel=\"canonical\" href=\"https:\/\/colmadosingular.com\/ca\/producto\/condiment-de-carbassa-salty-pumpkin-spice-ed-limitada-15g\/\" \/>\n<meta property=\"og:locale\" content=\"ca_ES\" \/>\n<meta property=\"og:type\" content=\"article\" \/>\n<meta property=\"og:title\" content=\"CONDIMENT DE CARBASSA &quot;SALTY PUMPKIN SPICE&quot; ED. LIMITADA 15g - Colmado Singular\" \/>\n<meta property=\"og:description\" content=\"HALEN M\u00d4N  Com fer que la sempre popular barreja de Pumpkin Spice sigui encara millor? Molt f\u00e0cil: afegint Halen M\u00f4n! Halen M\u00f4n ha creat una edici\u00f3 especial en flascons taronges d&#039;edici\u00f3 limitada. \u00c9s dol\u00e7a, c\u00e0lida, perfumada i molt tardorenca. Es tracta d&#039;una barreja d&#039;esp\u00e8cies a base de canyella, clau, pebre de Jamaica, nou moscada i gingebre.  Idees:   Begudes: barrejada en caf\u00e8, sobre un caputx\u00ed o un matxa  Sobre una torrada de mantega  Rebosteria: pastissos, crumbles (de poma, pera, codony i, per descomptat, carbassa\u2026)  Bol d&#039;esmorzar amb iogurt, nous i xocolata negra  Verdures rostides: pastanagues, xirivies, patates, fonoll, cebes, escalunyes, alberg\u00ednies\" \/>\n<meta property=\"og:url\" content=\"https:\/\/colmadosingular.com\/ca\/producto\/condiment-de-carbassa-salty-pumpkin-spice-ed-limitada-15g\/\" \/>\n<meta property=\"og:site_name\" content=\"Colmado Singular\" \/>\n<meta property=\"article:modified_time\" content=\"2026-03-17T09:14:29+00:00\" \/>\n<meta property=\"og:image\" content=\"https:\/\/colmadosingular.com\/wp-content\/uploads\/2025\/10\/HM049_25410091Bxgris.jpg\" \/>\n\t<meta property=\"og:image:width\" content=\"1200\" \/>\n\t<meta property=\"og:image:height\" content=\"1200\" \/>\n\t<meta property=\"og:image:type\" content=\"image\/jpeg\" \/>\n<meta name=\"twitter:card\" content=\"summary_large_image\" \/>\n<meta name=\"twitter:label1\" content=\"Temps estimat de lectura\" \/>\n\t<meta name=\"twitter:data1\" content=\"1 minut\" \/>\n<script type=\"application\/ld+json\" class=\"yoast-schema-graph\">{\"@context\":\"https:\/\/schema.org\",\"@graph\":[{\"@type\":\"WebPage\",\"@id\":\"https:\/\/colmadosingular.com\/ca\/producto\/condiment-de-carbassa-salty-pumpkin-spice-ed-limitada-15g\/\",\"url\":\"https:\/\/colmadosingular.com\/ca\/producto\/condiment-de-carbassa-salty-pumpkin-spice-ed-limitada-15g\/\",\"name\":\"CONDIMENT DE CARBASSA \\\"SALTY PUMPKIN SPICE\\\" ED. LIMITADA 15g - Colmado Singular\",\"isPartOf\":{\"@id\":\"https:\/\/colmadosingular.com\/ca\/#website\"},\"primaryImageOfPage\":{\"@id\":\"https:\/\/colmadosingular.com\/ca\/producto\/condiment-de-carbassa-salty-pumpkin-spice-ed-limitada-15g\/#primaryimage\"},\"image\":{\"@id\":\"https:\/\/colmadosingular.com\/ca\/producto\/condiment-de-carbassa-salty-pumpkin-spice-ed-limitada-15g\/#primaryimage\"},\"thumbnailUrl\":\"https:\/\/colmadosingular.com\/wp-content\/uploads\/2025\/10\/HM049_25410091Bxgris.jpg\",\"datePublished\":\"2025-10-10T14:22:45+00:00\",\"dateModified\":\"2026-03-17T09:14:29+00:00\",\"breadcrumb\":{\"@id\":\"https:\/\/colmadosingular.com\/ca\/producto\/condiment-de-carbassa-salty-pumpkin-spice-ed-limitada-15g\/#breadcrumb\"},\"inLanguage\":\"ca\",\"potentialAction\":[{\"@type\":\"ReadAction\",\"target\":[\"https:\/\/colmadosingular.com\/ca\/producto\/condiment-de-carbassa-salty-pumpkin-spice-ed-limitada-15g\/\"]}]},{\"@type\":\"ImageObject\",\"inLanguage\":\"ca\",\"@id\":\"https:\/\/colmadosingular.com\/ca\/producto\/condiment-de-carbassa-salty-pumpkin-spice-ed-limitada-15g\/#primaryimage\",\"url\":\"https:\/\/colmadosingular.com\/wp-content\/uploads\/2025\/10\/HM049_25410091Bxgris.jpg\",\"contentUrl\":\"https:\/\/colmadosingular.com\/wp-content\/uploads\/2025\/10\/HM049_25410091Bxgris.jpg\",\"width\":1200,\"height\":1200},{\"@type\":\"BreadcrumbList\",\"@id\":\"https:\/\/colmadosingular.com\/ca\/producto\/condiment-de-carbassa-salty-pumpkin-spice-ed-limitada-15g\/#breadcrumb\",\"itemListElement\":[{\"@type\":\"ListItem\",\"position\":1,\"name\":\"Portada\",\"item\":\"https:\/\/colmadosingular.com\/ca\/inici\/\"},{\"@type\":\"ListItem\",\"position\":2,\"name\":\"BOTIGA\",\"item\":\"https:\/\/colmadosingular.com\/ca\/shop\/\"},{\"@type\":\"ListItem\",\"position\":3,\"name\":\"CONDIMENT DE CARBASSA \u00abSALTY PUMPKIN SPICE\u00bb ED. LIMITADA 15g\"}]},{\"@type\":\"WebSite\",\"@id\":\"https:\/\/colmadosingular.com\/ca\/#website\",\"url\":\"https:\/\/colmadosingular.com\/ca\/\",\"name\":\"Colmado Singular\",\"description\":\"\",\"publisher\":{\"@id\":\"https:\/\/colmadosingular.com\/ca\/#organization\"},\"potentialAction\":[{\"@type\":\"SearchAction\",\"target\":{\"@type\":\"EntryPoint\",\"urlTemplate\":\"https:\/\/colmadosingular.com\/ca\/?s={search_term_string}\"},\"query-input\":{\"@type\":\"PropertyValueSpecification\",\"valueRequired\":true,\"valueName\":\"search_term_string\"}}],\"inLanguage\":\"ca\"},{\"@type\":\"Organization\",\"@id\":\"https:\/\/colmadosingular.com\/ca\/#organization\",\"name\":\"Colmado Singular\",\"url\":\"https:\/\/colmadosingular.com\/ca\/\",\"logo\":{\"@type\":\"ImageObject\",\"inLanguage\":\"ca\",\"@id\":\"https:\/\/colmadosingular.com\/ca\/#\/schema\/logo\/image\/\",\"url\":\"https:\/\/colmadosingular.com\/wp-content\/uploads\/2024\/08\/logo-colmado.svg\",\"contentUrl\":\"https:\/\/colmadosingular.com\/wp-content\/uploads\/2024\/08\/logo-colmado.svg\",\"width\":620,\"height\":50,\"caption\":\"Colmado Singular\"},\"image\":{\"@id\":\"https:\/\/colmadosingular.com\/ca\/#\/schema\/logo\/image\/\"}}]}<\/script>\n<!-- \/ Yoast SEO plugin. -->","yoast_head_json":{"title":"CONDIMENT DE CARBASSA \"SALTY PUMPKIN SPICE\" ED. LIMITADA 15g - Colmado Singular","robots":{"index":"index","follow":"follow","max-snippet":"max-snippet:-1","max-image-preview":"max-image-preview:large","max-video-preview":"max-video-preview:-1"},"canonical":"https:\/\/colmadosingular.com\/ca\/producto\/condiment-de-carbassa-salty-pumpkin-spice-ed-limitada-15g\/","og_locale":"ca_ES","og_type":"article","og_title":"CONDIMENT DE CARBASSA \"SALTY PUMPKIN SPICE\" ED. LIMITADA 15g - Colmado Singular","og_description":"HALEN M\u00d4N  Com fer que la sempre popular barreja de Pumpkin Spice sigui encara millor? Molt f\u00e0cil: afegint Halen M\u00f4n! Halen M\u00f4n ha creat una edici\u00f3 especial en flascons taronges d'edici\u00f3 limitada. \u00c9s dol\u00e7a, c\u00e0lida, perfumada i molt tardorenca. Es tracta d'una barreja d'esp\u00e8cies a base de canyella, clau, pebre de Jamaica, nou moscada i gingebre.  Idees:   Begudes: barrejada en caf\u00e8, sobre un caputx\u00ed o un matxa  Sobre una torrada de mantega  Rebosteria: pastissos, crumbles (de poma, pera, codony i, per descomptat, carbassa\u2026)  Bol d'esmorzar amb iogurt, nous i xocolata negra  Verdures rostides: pastanagues, xirivies, patates, fonoll, cebes, escalunyes, alberg\u00ednies","og_url":"https:\/\/colmadosingular.com\/ca\/producto\/condiment-de-carbassa-salty-pumpkin-spice-ed-limitada-15g\/","og_site_name":"Colmado Singular","article_modified_time":"2026-03-17T09:14:29+00:00","og_image":[{"width":1200,"height":1200,"url":"https:\/\/colmadosingular.com\/wp-content\/uploads\/2025\/10\/HM049_25410091Bxgris.jpg","type":"image\/jpeg"}],"twitter_card":"summary_large_image","twitter_misc":{"Temps estimat de lectura":"1 minut"},"schema":{"@context":"https:\/\/schema.org","@graph":[{"@type":"WebPage","@id":"https:\/\/colmadosingular.com\/ca\/producto\/condiment-de-carbassa-salty-pumpkin-spice-ed-limitada-15g\/","url":"https:\/\/colmadosingular.com\/ca\/producto\/condiment-de-carbassa-salty-pumpkin-spice-ed-limitada-15g\/","name":"CONDIMENT DE CARBASSA \"SALTY PUMPKIN SPICE\" ED. LIMITADA 15g - Colmado Singular","isPartOf":{"@id":"https:\/\/colmadosingular.com\/ca\/#website"},"primaryImageOfPage":{"@id":"https:\/\/colmadosingular.com\/ca\/producto\/condiment-de-carbassa-salty-pumpkin-spice-ed-limitada-15g\/#primaryimage"},"image":{"@id":"https:\/\/colmadosingular.com\/ca\/producto\/condiment-de-carbassa-salty-pumpkin-spice-ed-limitada-15g\/#primaryimage"},"thumbnailUrl":"https:\/\/colmadosingular.com\/wp-content\/uploads\/2025\/10\/HM049_25410091Bxgris.jpg","datePublished":"2025-10-10T14:22:45+00:00","dateModified":"2026-03-17T09:14:29+00:00","breadcrumb":{"@id":"https:\/\/colmadosingular.com\/ca\/producto\/condiment-de-carbassa-salty-pumpkin-spice-ed-limitada-15g\/#breadcrumb"},"inLanguage":"ca","potentialAction":[{"@type":"ReadAction","target":["https:\/\/colmadosingular.com\/ca\/producto\/condiment-de-carbassa-salty-pumpkin-spice-ed-limitada-15g\/"]}]},{"@type":"ImageObject","inLanguage":"ca","@id":"https:\/\/colmadosingular.com\/ca\/producto\/condiment-de-carbassa-salty-pumpkin-spice-ed-limitada-15g\/#primaryimage","url":"https:\/\/colmadosingular.com\/wp-content\/uploads\/2025\/10\/HM049_25410091Bxgris.jpg","contentUrl":"https:\/\/colmadosingular.com\/wp-content\/uploads\/2025\/10\/HM049_25410091Bxgris.jpg","width":1200,"height":1200},{"@type":"BreadcrumbList","@id":"https:\/\/colmadosingular.com\/ca\/producto\/condiment-de-carbassa-salty-pumpkin-spice-ed-limitada-15g\/#breadcrumb","itemListElement":[{"@type":"ListItem","position":1,"name":"Portada","item":"https:\/\/colmadosingular.com\/ca\/inici\/"},{"@type":"ListItem","position":2,"name":"BOTIGA","item":"https:\/\/colmadosingular.com\/ca\/shop\/"},{"@type":"ListItem","position":3,"name":"CONDIMENT DE CARBASSA \u00abSALTY PUMPKIN SPICE\u00bb ED. LIMITADA 15g"}]},{"@type":"WebSite","@id":"https:\/\/colmadosingular.com\/ca\/#website","url":"https:\/\/colmadosingular.com\/ca\/","name":"Colmado Singular","description":"","publisher":{"@id":"https:\/\/colmadosingular.com\/ca\/#organization"},"potentialAction":[{"@type":"SearchAction","target":{"@type":"EntryPoint","urlTemplate":"https:\/\/colmadosingular.com\/ca\/?s={search_term_string}"},"query-input":{"@type":"PropertyValueSpecification","valueRequired":true,"valueName":"search_term_string"}}],"inLanguage":"ca"},{"@type":"Organization","@id":"https:\/\/colmadosingular.com\/ca\/#organization","name":"Colmado Singular","url":"https:\/\/colmadosingular.com\/ca\/","logo":{"@type":"ImageObject","inLanguage":"ca","@id":"https:\/\/colmadosingular.com\/ca\/#\/schema\/logo\/image\/","url":"https:\/\/colmadosingular.com\/wp-content\/uploads\/2024\/08\/logo-colmado.svg","contentUrl":"https:\/\/colmadosingular.com\/wp-content\/uploads\/2024\/08\/logo-colmado.svg","width":620,"height":50,"caption":"Colmado Singular"},"image":{"@id":"https:\/\/colmadosingular.com\/ca\/#\/schema\/logo\/image\/"}}]}},"_links":{"self":[{"href":"https:\/\/colmadosingular.com\/ca\/wp-json\/wp\/v2\/product\/1000248","targetHints":{"allow":["GET"]}}],"collection":[{"href":"https:\/\/colmadosingular.com\/ca\/wp-json\/wp\/v2\/product"}],"about":[{"href":"https:\/\/colmadosingular.com\/ca\/wp-json\/wp\/v2\/types\/product"}],"wp:featuredmedia":[{"embeddable":true,"href":"https:\/\/colmadosingular.com\/ca\/wp-json\/wp\/v2\/media\/994633"}],"wp:attachment":[{"href":"https:\/\/colmadosingular.com\/ca\/wp-json\/wp\/v2\/media?parent=1000248"}],"wp:term":[{"taxonomy":"product_brand","embeddable":true,"href":"https:\/\/colmadosingular.com\/ca\/wp-json\/wp\/v2\/product_brand?post=1000248"},{"taxonomy":"product_cat","embeddable":true,"href":"https:\/\/colmadosingular.com\/ca\/wp-json\/wp\/v2\/product_cat?post=1000248"},{"taxonomy":"product_tag","embeddable":true,"href":"https:\/\/colmadosingular.com\/ca\/wp-json\/wp\/v2\/product_tag?post=1000248"}],"curies":[{"name":"wp","href":"https:\/\/api.w.org\/{rel}","templated":true}]}}