{"id":1000273,"date":"2025-08-07T00:37:58","date_gmt":"2025-08-06T22:37:58","guid":{"rendered":"https:\/\/colmadosingular.com\/producto\/gelat-vainilla-uht-yspira-1l\/"},"modified":"2025-08-07T00:37:58","modified_gmt":"2025-08-06T22:37:58","slug":"gelat-vainilla-uht-yspira-1l","status":"publish","type":"product","link":"https:\/\/colmadosingular.com\/ca\/producto\/gelat-vainilla-uht-yspira-1l\/","title":{"rendered":"GELAT VAINILLA UHT YSPIRA 1L"},"content":{"rendered":"","protected":false},"excerpt":{"rendered":"<p>YSPIRA<\/p>\n<p>Els gelats Yspira combinen tradici\u00f3 italiana i tecnologia innovadora per oferir una experi\u00e8ncia cremosa, intensa i estable sense necessitat de cadena de fred. Elaborats amb ingredients seleccionats, garanteixen sabor aut\u00e8ntic, textura suau i m\u00e0xima versatilitat en format professional. Ideals per a gelateries, restauraci\u00f3 i c\u00e0tering, es presenten en una \u00e0mplia gamma de sabors cl\u00e0ssics i creatius. La seva formulaci\u00f3 permet una conservaci\u00f3 \u00f2ptima i una preparaci\u00f3 senzilla, sense perdre qualitat ni frescor.   <\/p>\n","protected":false},"featured_media":992263,"template":"","meta":{"_acf_changed":false,"_monsterinsights_skip_tracking":false,"_monsterinsights_sitenote_active":false,"_monsterinsights_sitenote_note":"","_monsterinsights_sitenote_category":0,"_joinchat":[]},"product_brand":[],"product_cat":[325],"product_tag":[],"class_list":{"0":"post-1000273","1":"product","2":"type-product","3":"status-publish","4":"has-post-thumbnail","6":"product_cat-gelats","8":"first","9":"instock","10":"taxable","11":"shipping-taxable","12":"purchasable","13":"product-type-simple"},"acf":[],"yoast_head":"<!-- This site is optimized with the Yoast SEO plugin v24.8.1 - https:\/\/yoast.com\/wordpress\/plugins\/seo\/ -->\n<title>GELAT VAINILLA UHT YSPIRA 1L - Colmado Singular<\/title>\n<meta name=\"robots\" content=\"index, follow, max-snippet:-1, max-image-preview:large, max-video-preview:-1\" \/>\n<link rel=\"canonical\" href=\"https:\/\/colmadosingular.com\/ca\/producto\/gelat-vainilla-uht-yspira-1l\/\" \/>\n<meta property=\"og:locale\" content=\"ca_ES\" \/>\n<meta property=\"og:type\" content=\"article\" \/>\n<meta property=\"og:title\" content=\"GELAT VAINILLA UHT YSPIRA 1L - Colmado Singular\" \/>\n<meta property=\"og:description\" content=\"YSPIRA Els gelats Yspira combinen tradici\u00f3 italiana i tecnologia innovadora per oferir una experi\u00e8ncia cremosa, intensa i estable sense necessitat de cadena de fred. Elaborats amb ingredients seleccionats, garanteixen sabor aut\u00e8ntic, textura suau i m\u00e0xima versatilitat en format professional. Ideals per a gelateries, restauraci\u00f3 i c\u00e0tering, es presenten en una \u00e0mplia gamma de sabors cl\u00e0ssics i creatius. La seva formulaci\u00f3 permet una conservaci\u00f3 \u00f2ptima i una preparaci\u00f3 senzilla, sense perdre qualitat ni frescor.\" \/>\n<meta property=\"og:url\" content=\"https:\/\/colmadosingular.com\/ca\/producto\/gelat-vainilla-uht-yspira-1l\/\" \/>\n<meta property=\"og:site_name\" content=\"Colmado Singular\" \/>\n<meta property=\"og:image\" content=\"https:\/\/colmadosingular.com\/wp-content\/uploads\/2025\/08\/YS009_25280014Bxgris.jpg\" \/>\n\t<meta property=\"og:image:width\" content=\"1200\" \/>\n\t<meta property=\"og:image:height\" content=\"1200\" \/>\n\t<meta property=\"og:image:type\" content=\"image\/jpeg\" \/>\n<meta name=\"twitter:card\" content=\"summary_large_image\" \/>\n<script type=\"application\/ld+json\" class=\"yoast-schema-graph\">{\"@context\":\"https:\/\/schema.org\",\"@graph\":[{\"@type\":\"WebPage\",\"@id\":\"https:\/\/colmadosingular.com\/ca\/producto\/gelat-vainilla-uht-yspira-1l\/\",\"url\":\"https:\/\/colmadosingular.com\/ca\/producto\/gelat-vainilla-uht-yspira-1l\/\",\"name\":\"GELAT VAINILLA UHT YSPIRA 1L - Colmado Singular\",\"isPartOf\":{\"@id\":\"https:\/\/colmadosingular.com\/ca\/#website\"},\"primaryImageOfPage\":{\"@id\":\"https:\/\/colmadosingular.com\/ca\/producto\/gelat-vainilla-uht-yspira-1l\/#primaryimage\"},\"image\":{\"@id\":\"https:\/\/colmadosingular.com\/ca\/producto\/gelat-vainilla-uht-yspira-1l\/#primaryimage\"},\"thumbnailUrl\":\"https:\/\/colmadosingular.com\/wp-content\/uploads\/2025\/08\/YS009_25280014Bxgris.jpg\",\"datePublished\":\"2025-08-06T22:37:58+00:00\",\"breadcrumb\":{\"@id\":\"https:\/\/colmadosingular.com\/ca\/producto\/gelat-vainilla-uht-yspira-1l\/#breadcrumb\"},\"inLanguage\":\"ca\",\"potentialAction\":[{\"@type\":\"ReadAction\",\"target\":[\"https:\/\/colmadosingular.com\/ca\/producto\/gelat-vainilla-uht-yspira-1l\/\"]}]},{\"@type\":\"ImageObject\",\"inLanguage\":\"ca\",\"@id\":\"https:\/\/colmadosingular.com\/ca\/producto\/gelat-vainilla-uht-yspira-1l\/#primaryimage\",\"url\":\"https:\/\/colmadosingular.com\/wp-content\/uploads\/2025\/08\/YS009_25280014Bxgris.jpg\",\"contentUrl\":\"https:\/\/colmadosingular.com\/wp-content\/uploads\/2025\/08\/YS009_25280014Bxgris.jpg\",\"width\":1200,\"height\":1200},{\"@type\":\"BreadcrumbList\",\"@id\":\"https:\/\/colmadosingular.com\/ca\/producto\/gelat-vainilla-uht-yspira-1l\/#breadcrumb\",\"itemListElement\":[{\"@type\":\"ListItem\",\"position\":1,\"name\":\"Portada\",\"item\":\"https:\/\/colmadosingular.com\/ca\/inici\/\"},{\"@type\":\"ListItem\",\"position\":2,\"name\":\"BOTIGA\",\"item\":\"https:\/\/colmadosingular.com\/ca\/shop\/\"},{\"@type\":\"ListItem\",\"position\":3,\"name\":\"GELAT VAINILLA UHT YSPIRA 1L\"}]},{\"@type\":\"WebSite\",\"@id\":\"https:\/\/colmadosingular.com\/ca\/#website\",\"url\":\"https:\/\/colmadosingular.com\/ca\/\",\"name\":\"Colmado Singular\",\"description\":\"\",\"publisher\":{\"@id\":\"https:\/\/colmadosingular.com\/ca\/#organization\"},\"potentialAction\":[{\"@type\":\"SearchAction\",\"target\":{\"@type\":\"EntryPoint\",\"urlTemplate\":\"https:\/\/colmadosingular.com\/ca\/?s={search_term_string}\"},\"query-input\":{\"@type\":\"PropertyValueSpecification\",\"valueRequired\":true,\"valueName\":\"search_term_string\"}}],\"inLanguage\":\"ca\"},{\"@type\":\"Organization\",\"@id\":\"https:\/\/colmadosingular.com\/ca\/#organization\",\"name\":\"Colmado Singular\",\"url\":\"https:\/\/colmadosingular.com\/ca\/\",\"logo\":{\"@type\":\"ImageObject\",\"inLanguage\":\"ca\",\"@id\":\"https:\/\/colmadosingular.com\/ca\/#\/schema\/logo\/image\/\",\"url\":\"https:\/\/colmadosingular.com\/wp-content\/uploads\/2024\/08\/logo-colmado.svg\",\"contentUrl\":\"https:\/\/colmadosingular.com\/wp-content\/uploads\/2024\/08\/logo-colmado.svg\",\"width\":620,\"height\":50,\"caption\":\"Colmado Singular\"},\"image\":{\"@id\":\"https:\/\/colmadosingular.com\/ca\/#\/schema\/logo\/image\/\"}}]}<\/script>\n<!-- \/ Yoast SEO plugin. -->","yoast_head_json":{"title":"GELAT VAINILLA UHT YSPIRA 1L - Colmado Singular","robots":{"index":"index","follow":"follow","max-snippet":"max-snippet:-1","max-image-preview":"max-image-preview:large","max-video-preview":"max-video-preview:-1"},"canonical":"https:\/\/colmadosingular.com\/ca\/producto\/gelat-vainilla-uht-yspira-1l\/","og_locale":"ca_ES","og_type":"article","og_title":"GELAT VAINILLA UHT YSPIRA 1L - Colmado Singular","og_description":"YSPIRA Els gelats Yspira combinen tradici\u00f3 italiana i tecnologia innovadora per oferir una experi\u00e8ncia cremosa, intensa i estable sense necessitat de cadena de fred. Elaborats amb ingredients seleccionats, garanteixen sabor aut\u00e8ntic, textura suau i m\u00e0xima versatilitat en format professional. Ideals per a gelateries, restauraci\u00f3 i c\u00e0tering, es presenten en una \u00e0mplia gamma de sabors cl\u00e0ssics i creatius. La seva formulaci\u00f3 permet una conservaci\u00f3 \u00f2ptima i una preparaci\u00f3 senzilla, sense perdre qualitat ni frescor.","og_url":"https:\/\/colmadosingular.com\/ca\/producto\/gelat-vainilla-uht-yspira-1l\/","og_site_name":"Colmado Singular","og_image":[{"width":1200,"height":1200,"url":"https:\/\/colmadosingular.com\/wp-content\/uploads\/2025\/08\/YS009_25280014Bxgris.jpg","type":"image\/jpeg"}],"twitter_card":"summary_large_image","schema":{"@context":"https:\/\/schema.org","@graph":[{"@type":"WebPage","@id":"https:\/\/colmadosingular.com\/ca\/producto\/gelat-vainilla-uht-yspira-1l\/","url":"https:\/\/colmadosingular.com\/ca\/producto\/gelat-vainilla-uht-yspira-1l\/","name":"GELAT VAINILLA UHT YSPIRA 1L - Colmado Singular","isPartOf":{"@id":"https:\/\/colmadosingular.com\/ca\/#website"},"primaryImageOfPage":{"@id":"https:\/\/colmadosingular.com\/ca\/producto\/gelat-vainilla-uht-yspira-1l\/#primaryimage"},"image":{"@id":"https:\/\/colmadosingular.com\/ca\/producto\/gelat-vainilla-uht-yspira-1l\/#primaryimage"},"thumbnailUrl":"https:\/\/colmadosingular.com\/wp-content\/uploads\/2025\/08\/YS009_25280014Bxgris.jpg","datePublished":"2025-08-06T22:37:58+00:00","breadcrumb":{"@id":"https:\/\/colmadosingular.com\/ca\/producto\/gelat-vainilla-uht-yspira-1l\/#breadcrumb"},"inLanguage":"ca","potentialAction":[{"@type":"ReadAction","target":["https:\/\/colmadosingular.com\/ca\/producto\/gelat-vainilla-uht-yspira-1l\/"]}]},{"@type":"ImageObject","inLanguage":"ca","@id":"https:\/\/colmadosingular.com\/ca\/producto\/gelat-vainilla-uht-yspira-1l\/#primaryimage","url":"https:\/\/colmadosingular.com\/wp-content\/uploads\/2025\/08\/YS009_25280014Bxgris.jpg","contentUrl":"https:\/\/colmadosingular.com\/wp-content\/uploads\/2025\/08\/YS009_25280014Bxgris.jpg","width":1200,"height":1200},{"@type":"BreadcrumbList","@id":"https:\/\/colmadosingular.com\/ca\/producto\/gelat-vainilla-uht-yspira-1l\/#breadcrumb","itemListElement":[{"@type":"ListItem","position":1,"name":"Portada","item":"https:\/\/colmadosingular.com\/ca\/inici\/"},{"@type":"ListItem","position":2,"name":"BOTIGA","item":"https:\/\/colmadosingular.com\/ca\/shop\/"},{"@type":"ListItem","position":3,"name":"GELAT VAINILLA UHT YSPIRA 1L"}]},{"@type":"WebSite","@id":"https:\/\/colmadosingular.com\/ca\/#website","url":"https:\/\/colmadosingular.com\/ca\/","name":"Colmado Singular","description":"","publisher":{"@id":"https:\/\/colmadosingular.com\/ca\/#organization"},"potentialAction":[{"@type":"SearchAction","target":{"@type":"EntryPoint","urlTemplate":"https:\/\/colmadosingular.com\/ca\/?s={search_term_string}"},"query-input":{"@type":"PropertyValueSpecification","valueRequired":true,"valueName":"search_term_string"}}],"inLanguage":"ca"},{"@type":"Organization","@id":"https:\/\/colmadosingular.com\/ca\/#organization","name":"Colmado Singular","url":"https:\/\/colmadosingular.com\/ca\/","logo":{"@type":"ImageObject","inLanguage":"ca","@id":"https:\/\/colmadosingular.com\/ca\/#\/schema\/logo\/image\/","url":"https:\/\/colmadosingular.com\/wp-content\/uploads\/2024\/08\/logo-colmado.svg","contentUrl":"https:\/\/colmadosingular.com\/wp-content\/uploads\/2024\/08\/logo-colmado.svg","width":620,"height":50,"caption":"Colmado Singular"},"image":{"@id":"https:\/\/colmadosingular.com\/ca\/#\/schema\/logo\/image\/"}}]}},"_links":{"self":[{"href":"https:\/\/colmadosingular.com\/ca\/wp-json\/wp\/v2\/product\/1000273","targetHints":{"allow":["GET"]}}],"collection":[{"href":"https:\/\/colmadosingular.com\/ca\/wp-json\/wp\/v2\/product"}],"about":[{"href":"https:\/\/colmadosingular.com\/ca\/wp-json\/wp\/v2\/types\/product"}],"wp:featuredmedia":[{"embeddable":true,"href":"https:\/\/colmadosingular.com\/ca\/wp-json\/wp\/v2\/media\/992263"}],"wp:attachment":[{"href":"https:\/\/colmadosingular.com\/ca\/wp-json\/wp\/v2\/media?parent=1000273"}],"wp:term":[{"taxonomy":"product_brand","embeddable":true,"href":"https:\/\/colmadosingular.com\/ca\/wp-json\/wp\/v2\/product_brand?post=1000273"},{"taxonomy":"product_cat","embeddable":true,"href":"https:\/\/colmadosingular.com\/ca\/wp-json\/wp\/v2\/product_cat?post=1000273"},{"taxonomy":"product_tag","embeddable":true,"href":"https:\/\/colmadosingular.com\/ca\/wp-json\/wp\/v2\/product_tag?post=1000273"}],"curies":[{"name":"wp","href":"https:\/\/api.w.org\/{rel}","templated":true}]}}