{"id":1000665,"date":"2026-02-24T10:26:19","date_gmt":"2026-02-24T09:26:19","guid":{"rendered":"https:\/\/colmadosingular.com\/?post_type=product&#038;p=1000665"},"modified":"2026-03-23T12:45:33","modified_gmt":"2026-03-23T11:45:33","slug":"suc-de-poma-i-flor-de-sauco-750ml","status":"publish","type":"product","link":"https:\/\/colmadosingular.com\/ca\/producto\/suc-de-poma-i-flor-de-sauco-750ml\/","title":{"rendered":"SUC DE POMA I FLOR DE SAUCO 750ml"},"content":{"rendered":"","protected":false},"excerpt":{"rendered":"<p>KOHL<\/p>\n<p>Kohl elabora sucs 100% de poma de muntanya a Alto Adige (It\u00e0lia), a gaireb\u00e9 1.000 metres d&#8217;altitud. Treballen exclusivament amb fruita recol\u00b7lectada a m\u00e0 al punt \u00f2ptim de maduraci\u00f3, mitjan\u00e7ant premsat directe i pasteuritzaci\u00f3 suau. Tots els sucs s\u00f3n <strong>sense sucre afegit, sense conservants ni additius .<\/strong><\/p>\n<p>Cuv\u00e9e composta per 98% poma de muntanya i 2% extracte natural de flor de sa\u00fcc. De color groc palla, \u00e9s floral, fresca i delicadament complexa. <strong>La poma aporta cos i el sa\u00fcc un perfum elegant i equilibrat<\/strong> , ideal com a alternativa gastron\u00f2mica al vi. Disponible en format de 200 ml i 750 ml.<\/p>\n","protected":false},"featured_media":1000638,"template":"","meta":{"_acf_changed":false,"_monsterinsights_skip_tracking":false,"_monsterinsights_sitenote_active":false,"_monsterinsights_sitenote_note":"","_monsterinsights_sitenote_category":0,"_joinchat":[]},"product_brand":[],"product_cat":[335],"product_tag":[],"class_list":{"0":"post-1000665","1":"product","2":"type-product","3":"status-publish","4":"has-post-thumbnail","6":"product_cat-sucs-premium","8":"first","9":"instock","10":"taxable","11":"shipping-taxable","12":"purchasable","13":"product-type-simple"},"acf":[],"yoast_head":"<!-- This site is optimized with the Yoast SEO plugin v24.8.1 - https:\/\/yoast.com\/wordpress\/plugins\/seo\/ -->\n<title>SUC DE POMA I FLOR DE SAUCO 750ml - Colmado Singular<\/title>\n<meta name=\"description\" content=\"Cuv\u00e9e composta per 98% poma de muntanya i 2% extracte natural de flor de sa\u00fcc. De color groc palla, \u00e9s floral, fresca i delicadament complexa.\" \/>\n<meta name=\"robots\" content=\"index, follow, max-snippet:-1, max-image-preview:large, max-video-preview:-1\" \/>\n<link rel=\"canonical\" href=\"https:\/\/colmadosingular.com\/producto\/zumo-de-manzana-y-flor-de-sauco-750ml\/\" \/>\n<meta property=\"og:locale\" content=\"ca_ES\" \/>\n<meta property=\"og:type\" content=\"article\" \/>\n<meta property=\"og:title\" content=\"SUC DE POMA I FLOR DE SAUCO 750ml - Colmado Singular\" \/>\n<meta property=\"og:description\" content=\"Cuv\u00e9e composta per 98% poma de muntanya i 2% extracte natural de flor de sa\u00fcc. De color groc palla, \u00e9s floral, fresca i delicadament complexa.\" \/>\n<meta property=\"og:url\" content=\"https:\/\/colmadosingular.com\/producto\/zumo-de-manzana-y-flor-de-sauco-750ml\/\" \/>\n<meta property=\"og:site_name\" content=\"Colmado Singular\" \/>\n<meta property=\"article:modified_time\" content=\"2026-03-23T11:45:33+00:00\" \/>\n<meta property=\"og:image\" content=\"https:\/\/colmadosingular.com\/wp-content\/uploads\/2026\/02\/KO012_FLOR_DE_SAMBUCO_750ml-scaled.jpg\" \/>\n\t<meta property=\"og:image:width\" content=\"2560\" \/>\n\t<meta property=\"og:image:height\" content=\"2560\" \/>\n\t<meta property=\"og:image:type\" content=\"image\/jpeg\" \/>\n<meta name=\"twitter:card\" content=\"summary_large_image\" \/>\n<meta name=\"twitter:label1\" content=\"Temps estimat de lectura\" \/>\n\t<meta name=\"twitter:data1\" content=\"1 minut\" \/>\n<script type=\"application\/ld+json\" class=\"yoast-schema-graph\">{\"@context\":\"https:\/\/schema.org\",\"@graph\":[{\"@type\":\"WebPage\",\"@id\":\"https:\/\/colmadosingular.com\/producto\/zumo-de-manzana-y-flor-de-sauco-750ml\/\",\"url\":\"https:\/\/colmadosingular.com\/producto\/zumo-de-manzana-y-flor-de-sauco-750ml\/\",\"name\":\"SUC DE POMA I FLOR DE SAUCO 750ml - Colmado Singular\",\"isPartOf\":{\"@id\":\"https:\/\/colmadosingular.com\/ca\/#website\"},\"primaryImageOfPage\":{\"@id\":\"https:\/\/colmadosingular.com\/producto\/zumo-de-manzana-y-flor-de-sauco-750ml\/#primaryimage\"},\"image\":{\"@id\":\"https:\/\/colmadosingular.com\/producto\/zumo-de-manzana-y-flor-de-sauco-750ml\/#primaryimage\"},\"thumbnailUrl\":\"https:\/\/colmadosingular.com\/wp-content\/uploads\/2026\/02\/KO012_FLOR_DE_SAMBUCO_750ml-scaled.jpg\",\"datePublished\":\"2026-02-24T09:26:19+00:00\",\"dateModified\":\"2026-03-23T11:45:33+00:00\",\"description\":\"Cuv\u00e9e composta per 98% poma de muntanya i 2% extracte natural de flor de sa\u00fcc. De color groc palla, \u00e9s floral, fresca i delicadament complexa.\",\"breadcrumb\":{\"@id\":\"https:\/\/colmadosingular.com\/producto\/zumo-de-manzana-y-flor-de-sauco-750ml\/#breadcrumb\"},\"inLanguage\":\"ca\",\"potentialAction\":[{\"@type\":\"ReadAction\",\"target\":[\"https:\/\/colmadosingular.com\/producto\/zumo-de-manzana-y-flor-de-sauco-750ml\/\"]}]},{\"@type\":\"ImageObject\",\"inLanguage\":\"ca\",\"@id\":\"https:\/\/colmadosingular.com\/producto\/zumo-de-manzana-y-flor-de-sauco-750ml\/#primaryimage\",\"url\":\"https:\/\/colmadosingular.com\/wp-content\/uploads\/2026\/02\/KO012_FLOR_DE_SAMBUCO_750ml-scaled.jpg\",\"contentUrl\":\"https:\/\/colmadosingular.com\/wp-content\/uploads\/2026\/02\/KO012_FLOR_DE_SAMBUCO_750ml-scaled.jpg\",\"width\":2560,\"height\":2560},{\"@type\":\"BreadcrumbList\",\"@id\":\"https:\/\/colmadosingular.com\/producto\/zumo-de-manzana-y-flor-de-sauco-750ml\/#breadcrumb\",\"itemListElement\":[{\"@type\":\"ListItem\",\"position\":1,\"name\":\"Portada\",\"item\":\"https:\/\/colmadosingular.com\/ca\/inici\/\"},{\"@type\":\"ListItem\",\"position\":2,\"name\":\"BOTIGA\",\"item\":\"https:\/\/colmadosingular.com\/ca\/shop\/\"},{\"@type\":\"ListItem\",\"position\":3,\"name\":\"SUC DE POMA I FLOR DE SAUCO 750ml\"}]},{\"@type\":\"WebSite\",\"@id\":\"https:\/\/colmadosingular.com\/ca\/#website\",\"url\":\"https:\/\/colmadosingular.com\/ca\/\",\"name\":\"Colmado Singular\",\"description\":\"\",\"publisher\":{\"@id\":\"https:\/\/colmadosingular.com\/ca\/#organization\"},\"potentialAction\":[{\"@type\":\"SearchAction\",\"target\":{\"@type\":\"EntryPoint\",\"urlTemplate\":\"https:\/\/colmadosingular.com\/ca\/?s={search_term_string}\"},\"query-input\":{\"@type\":\"PropertyValueSpecification\",\"valueRequired\":true,\"valueName\":\"search_term_string\"}}],\"inLanguage\":\"ca\"},{\"@type\":\"Organization\",\"@id\":\"https:\/\/colmadosingular.com\/ca\/#organization\",\"name\":\"Colmado Singular\",\"url\":\"https:\/\/colmadosingular.com\/ca\/\",\"logo\":{\"@type\":\"ImageObject\",\"inLanguage\":\"ca\",\"@id\":\"https:\/\/colmadosingular.com\/ca\/#\/schema\/logo\/image\/\",\"url\":\"https:\/\/colmadosingular.com\/wp-content\/uploads\/2024\/08\/logo-colmado.svg\",\"contentUrl\":\"https:\/\/colmadosingular.com\/wp-content\/uploads\/2024\/08\/logo-colmado.svg\",\"width\":620,\"height\":50,\"caption\":\"Colmado Singular\"},\"image\":{\"@id\":\"https:\/\/colmadosingular.com\/ca\/#\/schema\/logo\/image\/\"}}]}<\/script>\n<!-- \/ Yoast SEO plugin. -->","yoast_head_json":{"title":"SUC DE POMA I FLOR DE SAUCO 750ml - Colmado Singular","description":"Cuv\u00e9e composta per 98% poma de muntanya i 2% extracte natural de flor de sa\u00fcc. De color groc palla, \u00e9s floral, fresca i delicadament complexa.","robots":{"index":"index","follow":"follow","max-snippet":"max-snippet:-1","max-image-preview":"max-image-preview:large","max-video-preview":"max-video-preview:-1"},"canonical":"https:\/\/colmadosingular.com\/producto\/zumo-de-manzana-y-flor-de-sauco-750ml\/","og_locale":"ca_ES","og_type":"article","og_title":"SUC DE POMA I FLOR DE SAUCO 750ml - Colmado Singular","og_description":"Cuv\u00e9e composta per 98% poma de muntanya i 2% extracte natural de flor de sa\u00fcc. De color groc palla, \u00e9s floral, fresca i delicadament complexa.","og_url":"https:\/\/colmadosingular.com\/producto\/zumo-de-manzana-y-flor-de-sauco-750ml\/","og_site_name":"Colmado Singular","article_modified_time":"2026-03-23T11:45:33+00:00","og_image":[{"width":2560,"height":2560,"url":"https:\/\/colmadosingular.com\/wp-content\/uploads\/2026\/02\/KO012_FLOR_DE_SAMBUCO_750ml-scaled.jpg","type":"image\/jpeg"}],"twitter_card":"summary_large_image","twitter_misc":{"Temps estimat de lectura":"1 minut"},"schema":{"@context":"https:\/\/schema.org","@graph":[{"@type":"WebPage","@id":"https:\/\/colmadosingular.com\/producto\/zumo-de-manzana-y-flor-de-sauco-750ml\/","url":"https:\/\/colmadosingular.com\/producto\/zumo-de-manzana-y-flor-de-sauco-750ml\/","name":"SUC DE POMA I FLOR DE SAUCO 750ml - Colmado Singular","isPartOf":{"@id":"https:\/\/colmadosingular.com\/ca\/#website"},"primaryImageOfPage":{"@id":"https:\/\/colmadosingular.com\/producto\/zumo-de-manzana-y-flor-de-sauco-750ml\/#primaryimage"},"image":{"@id":"https:\/\/colmadosingular.com\/producto\/zumo-de-manzana-y-flor-de-sauco-750ml\/#primaryimage"},"thumbnailUrl":"https:\/\/colmadosingular.com\/wp-content\/uploads\/2026\/02\/KO012_FLOR_DE_SAMBUCO_750ml-scaled.jpg","datePublished":"2026-02-24T09:26:19+00:00","dateModified":"2026-03-23T11:45:33+00:00","description":"Cuv\u00e9e composta per 98% poma de muntanya i 2% extracte natural de flor de sa\u00fcc. De color groc palla, \u00e9s floral, fresca i delicadament complexa.","breadcrumb":{"@id":"https:\/\/colmadosingular.com\/producto\/zumo-de-manzana-y-flor-de-sauco-750ml\/#breadcrumb"},"inLanguage":"ca","potentialAction":[{"@type":"ReadAction","target":["https:\/\/colmadosingular.com\/producto\/zumo-de-manzana-y-flor-de-sauco-750ml\/"]}]},{"@type":"ImageObject","inLanguage":"ca","@id":"https:\/\/colmadosingular.com\/producto\/zumo-de-manzana-y-flor-de-sauco-750ml\/#primaryimage","url":"https:\/\/colmadosingular.com\/wp-content\/uploads\/2026\/02\/KO012_FLOR_DE_SAMBUCO_750ml-scaled.jpg","contentUrl":"https:\/\/colmadosingular.com\/wp-content\/uploads\/2026\/02\/KO012_FLOR_DE_SAMBUCO_750ml-scaled.jpg","width":2560,"height":2560},{"@type":"BreadcrumbList","@id":"https:\/\/colmadosingular.com\/producto\/zumo-de-manzana-y-flor-de-sauco-750ml\/#breadcrumb","itemListElement":[{"@type":"ListItem","position":1,"name":"Portada","item":"https:\/\/colmadosingular.com\/ca\/inici\/"},{"@type":"ListItem","position":2,"name":"BOTIGA","item":"https:\/\/colmadosingular.com\/ca\/shop\/"},{"@type":"ListItem","position":3,"name":"SUC DE POMA I FLOR DE SAUCO 750ml"}]},{"@type":"WebSite","@id":"https:\/\/colmadosingular.com\/ca\/#website","url":"https:\/\/colmadosingular.com\/ca\/","name":"Colmado Singular","description":"","publisher":{"@id":"https:\/\/colmadosingular.com\/ca\/#organization"},"potentialAction":[{"@type":"SearchAction","target":{"@type":"EntryPoint","urlTemplate":"https:\/\/colmadosingular.com\/ca\/?s={search_term_string}"},"query-input":{"@type":"PropertyValueSpecification","valueRequired":true,"valueName":"search_term_string"}}],"inLanguage":"ca"},{"@type":"Organization","@id":"https:\/\/colmadosingular.com\/ca\/#organization","name":"Colmado Singular","url":"https:\/\/colmadosingular.com\/ca\/","logo":{"@type":"ImageObject","inLanguage":"ca","@id":"https:\/\/colmadosingular.com\/ca\/#\/schema\/logo\/image\/","url":"https:\/\/colmadosingular.com\/wp-content\/uploads\/2024\/08\/logo-colmado.svg","contentUrl":"https:\/\/colmadosingular.com\/wp-content\/uploads\/2024\/08\/logo-colmado.svg","width":620,"height":50,"caption":"Colmado Singular"},"image":{"@id":"https:\/\/colmadosingular.com\/ca\/#\/schema\/logo\/image\/"}}]}},"_links":{"self":[{"href":"https:\/\/colmadosingular.com\/ca\/wp-json\/wp\/v2\/product\/1000665","targetHints":{"allow":["GET"]}}],"collection":[{"href":"https:\/\/colmadosingular.com\/ca\/wp-json\/wp\/v2\/product"}],"about":[{"href":"https:\/\/colmadosingular.com\/ca\/wp-json\/wp\/v2\/types\/product"}],"wp:featuredmedia":[{"embeddable":true,"href":"https:\/\/colmadosingular.com\/ca\/wp-json\/wp\/v2\/media\/1000638"}],"wp:attachment":[{"href":"https:\/\/colmadosingular.com\/ca\/wp-json\/wp\/v2\/media?parent=1000665"}],"wp:term":[{"taxonomy":"product_brand","embeddable":true,"href":"https:\/\/colmadosingular.com\/ca\/wp-json\/wp\/v2\/product_brand?post=1000665"},{"taxonomy":"product_cat","embeddable":true,"href":"https:\/\/colmadosingular.com\/ca\/wp-json\/wp\/v2\/product_cat?post=1000665"},{"taxonomy":"product_tag","embeddable":true,"href":"https:\/\/colmadosingular.com\/ca\/wp-json\/wp\/v2\/product_tag?post=1000665"}],"curies":[{"name":"wp","href":"https:\/\/api.w.org\/{rel}","templated":true}]}}