{"id":1001864,"date":"2026-04-08T09:25:17","date_gmt":"2026-04-08T07:25:17","guid":{"rendered":"https:\/\/colmadosingular.com\/?post_type=product&#038;p=1001864"},"modified":"2026-04-08T09:29:43","modified_gmt":"2026-04-08T07:29:43","slug":"mame-mochi-snack-129g-copia","status":"publish","type":"product","link":"https:\/\/colmadosingular.com\/ca\/producto\/mame-mochi-snack-129g-copia\/","title":{"rendered":"MAME MOCHI SNACK 129g (copia)"},"content":{"rendered":"","protected":false},"excerpt":{"rendered":"<p>BEIKA SNACKS<\/p>\n<p>El <strong>Mame Mochi<\/strong> combina la suavitat caracter\u00edstica del sabor de l&#8217;arr\u00f2s mochi amb la dol\u00e7or natural de la soja, concretament, una varietat local de Tokachi, a Hokkaido; cultivades per agricultors associats i molt apreciades pel seu sabor i qualitat nutricional. <strong>Veg\u00e0 i sense gluten<\/strong> , destaca pel seu equilibri entre textura i sabor. Molt cruixent i eteri \u00e9s ideal per menjar sol o fins i tot dipejant. <\/p>\n","protected":false},"featured_media":1001866,"template":"","meta":{"_acf_changed":false,"_monsterinsights_skip_tracking":false,"_monsterinsights_sitenote_active":false,"_monsterinsights_sitenote_note":"","_monsterinsights_sitenote_category":0,"_joinchat":[]},"product_brand":[],"product_cat":[329],"product_tag":[],"class_list":{"0":"post-1001864","1":"product","2":"type-product","3":"status-publish","4":"has-post-thumbnail","6":"product_cat-japon","8":"first","9":"outofstock","10":"taxable","11":"shipping-taxable","12":"purchasable","13":"product-type-simple"},"acf":[],"yoast_head":"<!-- This site is optimized with the Yoast SEO plugin v24.8.1 - https:\/\/yoast.com\/wordpress\/plugins\/seo\/ -->\n<title>MAME MOCHI SNACK 129g (copia) - Colmado Singular<\/title>\n<meta name=\"robots\" content=\"index, follow, max-snippet:-1, max-image-preview:large, max-video-preview:-1\" \/>\n<link rel=\"canonical\" href=\"https:\/\/colmadosingular.com\/ca\/producto\/mame-mochi-snack-129g-copia\/\" \/>\n<meta property=\"og:locale\" content=\"ca_ES\" \/>\n<meta property=\"og:type\" content=\"article\" \/>\n<meta property=\"og:title\" content=\"MAME MOCHI SNACK 129g (copia) - Colmado Singular\" \/>\n<meta property=\"og:description\" content=\"BEIKA SNACKS El Mame Mochi combina la suavitat caracter\u00edstica del sabor de l&#039;arr\u00f2s mochi amb la dol\u00e7or natural de la soja, concretament, una varietat local de Tokachi, a Hokkaido; cultivades per agricultors associats i molt apreciades pel seu sabor i qualitat nutricional. Veg\u00e0 i sense gluten , destaca pel seu equilibri entre textura i sabor. Molt cruixent i eteri \u00e9s ideal per menjar sol o fins i tot dipejant.\" \/>\n<meta property=\"og:url\" content=\"https:\/\/colmadosingular.com\/ca\/producto\/mame-mochi-snack-129g-copia\/\" \/>\n<meta property=\"og:site_name\" content=\"Colmado Singular\" \/>\n<meta property=\"article:modified_time\" content=\"2026-04-08T07:29:43+00:00\" \/>\n<meta property=\"og:image\" content=\"https:\/\/colmadosingular.com\/wp-content\/uploads\/2026\/04\/JA001_26190039Bxgris.jpg\" \/>\n\t<meta property=\"og:image:width\" content=\"1200\" \/>\n\t<meta property=\"og:image:height\" content=\"1200\" \/>\n\t<meta property=\"og:image:type\" content=\"image\/jpeg\" \/>\n<meta name=\"twitter:card\" content=\"summary_large_image\" \/>\n<script type=\"application\/ld+json\" class=\"yoast-schema-graph\">{\"@context\":\"https:\/\/schema.org\",\"@graph\":[{\"@type\":\"WebPage\",\"@id\":\"https:\/\/colmadosingular.com\/ca\/producto\/mame-mochi-snack-129g-copia\/\",\"url\":\"https:\/\/colmadosingular.com\/ca\/producto\/mame-mochi-snack-129g-copia\/\",\"name\":\"MAME MOCHI SNACK 129g (copia) - Colmado Singular\",\"isPartOf\":{\"@id\":\"https:\/\/colmadosingular.com\/ca\/#website\"},\"primaryImageOfPage\":{\"@id\":\"https:\/\/colmadosingular.com\/ca\/producto\/mame-mochi-snack-129g-copia\/#primaryimage\"},\"image\":{\"@id\":\"https:\/\/colmadosingular.com\/ca\/producto\/mame-mochi-snack-129g-copia\/#primaryimage\"},\"thumbnailUrl\":\"https:\/\/colmadosingular.com\/wp-content\/uploads\/2026\/04\/JA001_26190039Bxgris.jpg\",\"datePublished\":\"2026-04-08T07:25:17+00:00\",\"dateModified\":\"2026-04-08T07:29:43+00:00\",\"breadcrumb\":{\"@id\":\"https:\/\/colmadosingular.com\/ca\/producto\/mame-mochi-snack-129g-copia\/#breadcrumb\"},\"inLanguage\":\"ca\",\"potentialAction\":[{\"@type\":\"ReadAction\",\"target\":[\"https:\/\/colmadosingular.com\/ca\/producto\/mame-mochi-snack-129g-copia\/\"]}]},{\"@type\":\"ImageObject\",\"inLanguage\":\"ca\",\"@id\":\"https:\/\/colmadosingular.com\/ca\/producto\/mame-mochi-snack-129g-copia\/#primaryimage\",\"url\":\"https:\/\/colmadosingular.com\/wp-content\/uploads\/2026\/04\/JA001_26190039Bxgris.jpg\",\"contentUrl\":\"https:\/\/colmadosingular.com\/wp-content\/uploads\/2026\/04\/JA001_26190039Bxgris.jpg\",\"width\":1200,\"height\":1200},{\"@type\":\"BreadcrumbList\",\"@id\":\"https:\/\/colmadosingular.com\/ca\/producto\/mame-mochi-snack-129g-copia\/#breadcrumb\",\"itemListElement\":[{\"@type\":\"ListItem\",\"position\":1,\"name\":\"Portada\",\"item\":\"https:\/\/colmadosingular.com\/ca\/inici\/\"},{\"@type\":\"ListItem\",\"position\":2,\"name\":\"BOTIGA\",\"item\":\"https:\/\/colmadosingular.com\/ca\/shop\/\"},{\"@type\":\"ListItem\",\"position\":3,\"name\":\"MAME MOCHI SNACK 129g (copia)\"}]},{\"@type\":\"WebSite\",\"@id\":\"https:\/\/colmadosingular.com\/ca\/#website\",\"url\":\"https:\/\/colmadosingular.com\/ca\/\",\"name\":\"Colmado Singular\",\"description\":\"\",\"publisher\":{\"@id\":\"https:\/\/colmadosingular.com\/ca\/#organization\"},\"potentialAction\":[{\"@type\":\"SearchAction\",\"target\":{\"@type\":\"EntryPoint\",\"urlTemplate\":\"https:\/\/colmadosingular.com\/ca\/?s={search_term_string}\"},\"query-input\":{\"@type\":\"PropertyValueSpecification\",\"valueRequired\":true,\"valueName\":\"search_term_string\"}}],\"inLanguage\":\"ca\"},{\"@type\":\"Organization\",\"@id\":\"https:\/\/colmadosingular.com\/ca\/#organization\",\"name\":\"Colmado Singular\",\"url\":\"https:\/\/colmadosingular.com\/ca\/\",\"logo\":{\"@type\":\"ImageObject\",\"inLanguage\":\"ca\",\"@id\":\"https:\/\/colmadosingular.com\/ca\/#\/schema\/logo\/image\/\",\"url\":\"https:\/\/colmadosingular.com\/wp-content\/uploads\/2024\/08\/logo-colmado.svg\",\"contentUrl\":\"https:\/\/colmadosingular.com\/wp-content\/uploads\/2024\/08\/logo-colmado.svg\",\"width\":620,\"height\":50,\"caption\":\"Colmado Singular\"},\"image\":{\"@id\":\"https:\/\/colmadosingular.com\/ca\/#\/schema\/logo\/image\/\"}}]}<\/script>\n<!-- \/ Yoast SEO plugin. -->","yoast_head_json":{"title":"MAME MOCHI SNACK 129g (copia) - Colmado Singular","robots":{"index":"index","follow":"follow","max-snippet":"max-snippet:-1","max-image-preview":"max-image-preview:large","max-video-preview":"max-video-preview:-1"},"canonical":"https:\/\/colmadosingular.com\/ca\/producto\/mame-mochi-snack-129g-copia\/","og_locale":"ca_ES","og_type":"article","og_title":"MAME MOCHI SNACK 129g (copia) - Colmado Singular","og_description":"BEIKA SNACKS El Mame Mochi combina la suavitat caracter\u00edstica del sabor de l'arr\u00f2s mochi amb la dol\u00e7or natural de la soja, concretament, una varietat local de Tokachi, a Hokkaido; cultivades per agricultors associats i molt apreciades pel seu sabor i qualitat nutricional. Veg\u00e0 i sense gluten , destaca pel seu equilibri entre textura i sabor. Molt cruixent i eteri \u00e9s ideal per menjar sol o fins i tot dipejant.","og_url":"https:\/\/colmadosingular.com\/ca\/producto\/mame-mochi-snack-129g-copia\/","og_site_name":"Colmado Singular","article_modified_time":"2026-04-08T07:29:43+00:00","og_image":[{"width":1200,"height":1200,"url":"https:\/\/colmadosingular.com\/wp-content\/uploads\/2026\/04\/JA001_26190039Bxgris.jpg","type":"image\/jpeg"}],"twitter_card":"summary_large_image","schema":{"@context":"https:\/\/schema.org","@graph":[{"@type":"WebPage","@id":"https:\/\/colmadosingular.com\/ca\/producto\/mame-mochi-snack-129g-copia\/","url":"https:\/\/colmadosingular.com\/ca\/producto\/mame-mochi-snack-129g-copia\/","name":"MAME MOCHI SNACK 129g (copia) - Colmado Singular","isPartOf":{"@id":"https:\/\/colmadosingular.com\/ca\/#website"},"primaryImageOfPage":{"@id":"https:\/\/colmadosingular.com\/ca\/producto\/mame-mochi-snack-129g-copia\/#primaryimage"},"image":{"@id":"https:\/\/colmadosingular.com\/ca\/producto\/mame-mochi-snack-129g-copia\/#primaryimage"},"thumbnailUrl":"https:\/\/colmadosingular.com\/wp-content\/uploads\/2026\/04\/JA001_26190039Bxgris.jpg","datePublished":"2026-04-08T07:25:17+00:00","dateModified":"2026-04-08T07:29:43+00:00","breadcrumb":{"@id":"https:\/\/colmadosingular.com\/ca\/producto\/mame-mochi-snack-129g-copia\/#breadcrumb"},"inLanguage":"ca","potentialAction":[{"@type":"ReadAction","target":["https:\/\/colmadosingular.com\/ca\/producto\/mame-mochi-snack-129g-copia\/"]}]},{"@type":"ImageObject","inLanguage":"ca","@id":"https:\/\/colmadosingular.com\/ca\/producto\/mame-mochi-snack-129g-copia\/#primaryimage","url":"https:\/\/colmadosingular.com\/wp-content\/uploads\/2026\/04\/JA001_26190039Bxgris.jpg","contentUrl":"https:\/\/colmadosingular.com\/wp-content\/uploads\/2026\/04\/JA001_26190039Bxgris.jpg","width":1200,"height":1200},{"@type":"BreadcrumbList","@id":"https:\/\/colmadosingular.com\/ca\/producto\/mame-mochi-snack-129g-copia\/#breadcrumb","itemListElement":[{"@type":"ListItem","position":1,"name":"Portada","item":"https:\/\/colmadosingular.com\/ca\/inici\/"},{"@type":"ListItem","position":2,"name":"BOTIGA","item":"https:\/\/colmadosingular.com\/ca\/shop\/"},{"@type":"ListItem","position":3,"name":"MAME MOCHI SNACK 129g (copia)"}]},{"@type":"WebSite","@id":"https:\/\/colmadosingular.com\/ca\/#website","url":"https:\/\/colmadosingular.com\/ca\/","name":"Colmado Singular","description":"","publisher":{"@id":"https:\/\/colmadosingular.com\/ca\/#organization"},"potentialAction":[{"@type":"SearchAction","target":{"@type":"EntryPoint","urlTemplate":"https:\/\/colmadosingular.com\/ca\/?s={search_term_string}"},"query-input":{"@type":"PropertyValueSpecification","valueRequired":true,"valueName":"search_term_string"}}],"inLanguage":"ca"},{"@type":"Organization","@id":"https:\/\/colmadosingular.com\/ca\/#organization","name":"Colmado Singular","url":"https:\/\/colmadosingular.com\/ca\/","logo":{"@type":"ImageObject","inLanguage":"ca","@id":"https:\/\/colmadosingular.com\/ca\/#\/schema\/logo\/image\/","url":"https:\/\/colmadosingular.com\/wp-content\/uploads\/2024\/08\/logo-colmado.svg","contentUrl":"https:\/\/colmadosingular.com\/wp-content\/uploads\/2024\/08\/logo-colmado.svg","width":620,"height":50,"caption":"Colmado Singular"},"image":{"@id":"https:\/\/colmadosingular.com\/ca\/#\/schema\/logo\/image\/"}}]}},"_links":{"self":[{"href":"https:\/\/colmadosingular.com\/ca\/wp-json\/wp\/v2\/product\/1001864","targetHints":{"allow":["GET"]}}],"collection":[{"href":"https:\/\/colmadosingular.com\/ca\/wp-json\/wp\/v2\/product"}],"about":[{"href":"https:\/\/colmadosingular.com\/ca\/wp-json\/wp\/v2\/types\/product"}],"wp:featuredmedia":[{"embeddable":true,"href":"https:\/\/colmadosingular.com\/ca\/wp-json\/wp\/v2\/media\/1001866"}],"wp:attachment":[{"href":"https:\/\/colmadosingular.com\/ca\/wp-json\/wp\/v2\/media?parent=1001864"}],"wp:term":[{"taxonomy":"product_brand","embeddable":true,"href":"https:\/\/colmadosingular.com\/ca\/wp-json\/wp\/v2\/product_brand?post=1001864"},{"taxonomy":"product_cat","embeddable":true,"href":"https:\/\/colmadosingular.com\/ca\/wp-json\/wp\/v2\/product_cat?post=1001864"},{"taxonomy":"product_tag","embeddable":true,"href":"https:\/\/colmadosingular.com\/ca\/wp-json\/wp\/v2\/product_tag?post=1001864"}],"curies":[{"name":"wp","href":"https:\/\/api.w.org\/{rel}","templated":true}]}}