{"id":985105,"date":"2024-10-29T10:28:54","date_gmt":"2024-10-29T09:28:54","guid":{"rendered":"https:\/\/colmadosingular.com\/producto\/trapos-cocina\/"},"modified":"2026-03-25T15:56:03","modified_gmt":"2026-03-25T14:56:03","slug":"trapos-cocina","status":"publish","type":"product","link":"https:\/\/colmadosingular.com\/ca\/producto\/trapos-cocina\/","title":{"rendered":"TRAPS DE CUINA 2u"},"content":{"rendered":"","protected":false},"excerpt":{"rendered":"<p>KITCHEN ON EARTH<\/p>\n<p class=\"p1\"><span class=\"s1\">Pack de dos draps de cuina de mides 45 cm * 45 cm,<\/span> <span class=\"s2\">un amb elegants ratlles blanques i l&#8217;altre en un modern color gris llis.<\/span> Estan confeccionats amb material d\u00b4alta qualitat a la costa de Barcelona, \u200b\u200bseguint els est\u00e0ndards de sostenibilitat i respecte al medi ambient. Fabricat en cot\u00f3 org\u00e0nic certificat a GOTS (94%), amb un petit percentatge d&#8217;elast\u00e0 (6%), que fa el teixit m\u00e9s agradable al tacte.<\/p>\n<p class=\"p3\"><span class=\"s3\">Perfectes per als qui valoren la sostenibilitat i la qualitat, aquests draps s\u00f3n molt m\u00e9s que un accessori de cuina: s\u00f3n una elecci\u00f3 conscient per a casa teva. Transforma la teva rutina amb la suavitat i el disseny que mereixes!<\/span><\/p>\n<p><strong>Edici\u00f3 limitada<\/strong> . Aquest producte ha estat dissenyat i produ\u00eft en una quantitat exclusiva, cosa que el converteix en una pe\u00e7a \u00fanica. No es fabricaran m\u00e9s unitats, per la qual cosa, un cop esgotat, no tornar\u00e0 a estar disponible.<\/p>\n<p>Assegureu-vos d&#8217;aconseguir-ho abans que s&#8217;esgoti i sigues part d&#8217;aquesta experi\u00e8ncia exclusiva.<\/p>\n","protected":false},"featured_media":9963,"template":"","meta":{"_acf_changed":false,"_monsterinsights_skip_tracking":false,"_monsterinsights_sitenote_active":false,"_monsterinsights_sitenote_note":"","_monsterinsights_sitenote_category":0,"_joinchat":[]},"product_brand":[],"product_cat":[207],"product_tag":[],"class_list":{"0":"post-985105","1":"product","2":"type-product","3":"status-publish","4":"has-post-thumbnail","6":"product_cat-utensilios-ca","8":"first","9":"instock","10":"taxable","11":"shipping-taxable","12":"purchasable","13":"product-type-simple"},"acf":[],"yoast_head":"<!-- This site is optimized with the Yoast SEO plugin v24.8.1 - https:\/\/yoast.com\/wordpress\/plugins\/seo\/ -->\n<title>TRAPS DE CUINA 2u - Colmado Singular<\/title>\n<meta name=\"robots\" content=\"index, follow, max-snippet:-1, max-image-preview:large, max-video-preview:-1\" \/>\n<link rel=\"canonical\" href=\"https:\/\/colmadosingular.com\/ca\/producto\/trapos-cocina\/\" \/>\n<meta property=\"og:locale\" content=\"ca_ES\" \/>\n<meta property=\"og:type\" content=\"article\" \/>\n<meta property=\"og:title\" content=\"TRAPS DE CUINA 2u - Colmado Singular\" \/>\n<meta property=\"og:description\" content=\"KITCHEN ON EARTH Pack de dos draps de cuina de mides 45 cm * 45 cm, un amb elegants ratlles blanques i l&#039;altre en un modern color gris llis. Estan confeccionats amb material d\u00b4alta qualitat a la costa de Barcelona, \u200b\u200bseguint els est\u00e0ndards de sostenibilitat i respecte al medi ambient. Fabricat en cot\u00f3 org\u00e0nic certificat a GOTS (94%), amb un petit percentatge d&#039;elast\u00e0 (6%), que fa el teixit m\u00e9s agradable al tacte. Perfectes per als qui valoren la sostenibilitat i la qualitat, aquests draps s\u00f3n molt m\u00e9s que un accessori de cuina: s\u00f3n una elecci\u00f3 conscient per a casa teva. Transforma la teva rutina amb la suavitat i el disseny que mereixes! Edici\u00f3 limitada . Aquest producte ha estat dissenyat i produ\u00eft en una quantitat exclusiva, cosa que el converteix en una pe\u00e7a \u00fanica. No es fabricaran m\u00e9s unitats, per la qual cosa, un cop esgotat, no tornar\u00e0 a estar disponible.  Assegureu-vos d&#039;aconseguir-ho abans que s&#039;esgoti i sigues part d&#039;aquesta experi\u00e8ncia exclusiva.\" \/>\n<meta property=\"og:url\" content=\"https:\/\/colmadosingular.com\/ca\/producto\/trapos-cocina\/\" \/>\n<meta property=\"og:site_name\" content=\"Colmado Singular\" \/>\n<meta property=\"article:modified_time\" content=\"2026-03-25T14:56:03+00:00\" \/>\n<meta property=\"og:image\" content=\"https:\/\/colmadosingular.com\/wp-content\/uploads\/2024\/10\/trapos-cocina.jpg\" \/>\n\t<meta property=\"og:image:width\" content=\"892\" \/>\n\t<meta property=\"og:image:height\" content=\"793\" \/>\n\t<meta property=\"og:image:type\" content=\"image\/jpeg\" \/>\n<meta name=\"twitter:card\" content=\"summary_large_image\" \/>\n<meta name=\"twitter:label1\" content=\"Temps estimat de lectura\" \/>\n\t<meta name=\"twitter:data1\" content=\"1 minut\" \/>\n<script type=\"application\/ld+json\" class=\"yoast-schema-graph\">{\"@context\":\"https:\/\/schema.org\",\"@graph\":[{\"@type\":\"WebPage\",\"@id\":\"https:\/\/colmadosingular.com\/ca\/producto\/trapos-cocina\/\",\"url\":\"https:\/\/colmadosingular.com\/ca\/producto\/trapos-cocina\/\",\"name\":\"TRAPS DE CUINA 2u - Colmado Singular\",\"isPartOf\":{\"@id\":\"https:\/\/colmadosingular.com\/ca\/#website\"},\"primaryImageOfPage\":{\"@id\":\"https:\/\/colmadosingular.com\/ca\/producto\/trapos-cocina\/#primaryimage\"},\"image\":{\"@id\":\"https:\/\/colmadosingular.com\/ca\/producto\/trapos-cocina\/#primaryimage\"},\"thumbnailUrl\":\"https:\/\/colmadosingular.com\/wp-content\/uploads\/2024\/10\/trapos-cocina.jpg\",\"datePublished\":\"2024-10-29T09:28:54+00:00\",\"dateModified\":\"2026-03-25T14:56:03+00:00\",\"breadcrumb\":{\"@id\":\"https:\/\/colmadosingular.com\/ca\/producto\/trapos-cocina\/#breadcrumb\"},\"inLanguage\":\"ca\",\"potentialAction\":[{\"@type\":\"ReadAction\",\"target\":[\"https:\/\/colmadosingular.com\/ca\/producto\/trapos-cocina\/\"]}]},{\"@type\":\"ImageObject\",\"inLanguage\":\"ca\",\"@id\":\"https:\/\/colmadosingular.com\/ca\/producto\/trapos-cocina\/#primaryimage\",\"url\":\"https:\/\/colmadosingular.com\/wp-content\/uploads\/2024\/10\/trapos-cocina.jpg\",\"contentUrl\":\"https:\/\/colmadosingular.com\/wp-content\/uploads\/2024\/10\/trapos-cocina.jpg\",\"width\":892,\"height\":793},{\"@type\":\"BreadcrumbList\",\"@id\":\"https:\/\/colmadosingular.com\/ca\/producto\/trapos-cocina\/#breadcrumb\",\"itemListElement\":[{\"@type\":\"ListItem\",\"position\":1,\"name\":\"Portada\",\"item\":\"https:\/\/colmadosingular.com\/ca\/inici\/\"},{\"@type\":\"ListItem\",\"position\":2,\"name\":\"BOTIGA\",\"item\":\"https:\/\/colmadosingular.com\/ca\/shop\/\"},{\"@type\":\"ListItem\",\"position\":3,\"name\":\"TRAPS DE CUINA 2u\"}]},{\"@type\":\"WebSite\",\"@id\":\"https:\/\/colmadosingular.com\/ca\/#website\",\"url\":\"https:\/\/colmadosingular.com\/ca\/\",\"name\":\"Colmado Singular\",\"description\":\"\",\"publisher\":{\"@id\":\"https:\/\/colmadosingular.com\/ca\/#organization\"},\"potentialAction\":[{\"@type\":\"SearchAction\",\"target\":{\"@type\":\"EntryPoint\",\"urlTemplate\":\"https:\/\/colmadosingular.com\/ca\/?s={search_term_string}\"},\"query-input\":{\"@type\":\"PropertyValueSpecification\",\"valueRequired\":true,\"valueName\":\"search_term_string\"}}],\"inLanguage\":\"ca\"},{\"@type\":\"Organization\",\"@id\":\"https:\/\/colmadosingular.com\/ca\/#organization\",\"name\":\"Colmado Singular\",\"url\":\"https:\/\/colmadosingular.com\/ca\/\",\"logo\":{\"@type\":\"ImageObject\",\"inLanguage\":\"ca\",\"@id\":\"https:\/\/colmadosingular.com\/ca\/#\/schema\/logo\/image\/\",\"url\":\"https:\/\/colmadosingular.com\/wp-content\/uploads\/2024\/08\/logo-colmado.svg\",\"contentUrl\":\"https:\/\/colmadosingular.com\/wp-content\/uploads\/2024\/08\/logo-colmado.svg\",\"width\":620,\"height\":50,\"caption\":\"Colmado Singular\"},\"image\":{\"@id\":\"https:\/\/colmadosingular.com\/ca\/#\/schema\/logo\/image\/\"}}]}<\/script>\n<!-- \/ Yoast SEO plugin. -->","yoast_head_json":{"title":"TRAPS DE CUINA 2u - Colmado Singular","robots":{"index":"index","follow":"follow","max-snippet":"max-snippet:-1","max-image-preview":"max-image-preview:large","max-video-preview":"max-video-preview:-1"},"canonical":"https:\/\/colmadosingular.com\/ca\/producto\/trapos-cocina\/","og_locale":"ca_ES","og_type":"article","og_title":"TRAPS DE CUINA 2u - Colmado Singular","og_description":"KITCHEN ON EARTH Pack de dos draps de cuina de mides 45 cm * 45 cm, un amb elegants ratlles blanques i l'altre en un modern color gris llis. Estan confeccionats amb material d\u00b4alta qualitat a la costa de Barcelona, \u200b\u200bseguint els est\u00e0ndards de sostenibilitat i respecte al medi ambient. Fabricat en cot\u00f3 org\u00e0nic certificat a GOTS (94%), amb un petit percentatge d'elast\u00e0 (6%), que fa el teixit m\u00e9s agradable al tacte. Perfectes per als qui valoren la sostenibilitat i la qualitat, aquests draps s\u00f3n molt m\u00e9s que un accessori de cuina: s\u00f3n una elecci\u00f3 conscient per a casa teva. Transforma la teva rutina amb la suavitat i el disseny que mereixes! Edici\u00f3 limitada . Aquest producte ha estat dissenyat i produ\u00eft en una quantitat exclusiva, cosa que el converteix en una pe\u00e7a \u00fanica. No es fabricaran m\u00e9s unitats, per la qual cosa, un cop esgotat, no tornar\u00e0 a estar disponible.  Assegureu-vos d'aconseguir-ho abans que s'esgoti i sigues part d'aquesta experi\u00e8ncia exclusiva.","og_url":"https:\/\/colmadosingular.com\/ca\/producto\/trapos-cocina\/","og_site_name":"Colmado Singular","article_modified_time":"2026-03-25T14:56:03+00:00","og_image":[{"width":892,"height":793,"url":"https:\/\/colmadosingular.com\/wp-content\/uploads\/2024\/10\/trapos-cocina.jpg","type":"image\/jpeg"}],"twitter_card":"summary_large_image","twitter_misc":{"Temps estimat de lectura":"1 minut"},"schema":{"@context":"https:\/\/schema.org","@graph":[{"@type":"WebPage","@id":"https:\/\/colmadosingular.com\/ca\/producto\/trapos-cocina\/","url":"https:\/\/colmadosingular.com\/ca\/producto\/trapos-cocina\/","name":"TRAPS DE CUINA 2u - Colmado Singular","isPartOf":{"@id":"https:\/\/colmadosingular.com\/ca\/#website"},"primaryImageOfPage":{"@id":"https:\/\/colmadosingular.com\/ca\/producto\/trapos-cocina\/#primaryimage"},"image":{"@id":"https:\/\/colmadosingular.com\/ca\/producto\/trapos-cocina\/#primaryimage"},"thumbnailUrl":"https:\/\/colmadosingular.com\/wp-content\/uploads\/2024\/10\/trapos-cocina.jpg","datePublished":"2024-10-29T09:28:54+00:00","dateModified":"2026-03-25T14:56:03+00:00","breadcrumb":{"@id":"https:\/\/colmadosingular.com\/ca\/producto\/trapos-cocina\/#breadcrumb"},"inLanguage":"ca","potentialAction":[{"@type":"ReadAction","target":["https:\/\/colmadosingular.com\/ca\/producto\/trapos-cocina\/"]}]},{"@type":"ImageObject","inLanguage":"ca","@id":"https:\/\/colmadosingular.com\/ca\/producto\/trapos-cocina\/#primaryimage","url":"https:\/\/colmadosingular.com\/wp-content\/uploads\/2024\/10\/trapos-cocina.jpg","contentUrl":"https:\/\/colmadosingular.com\/wp-content\/uploads\/2024\/10\/trapos-cocina.jpg","width":892,"height":793},{"@type":"BreadcrumbList","@id":"https:\/\/colmadosingular.com\/ca\/producto\/trapos-cocina\/#breadcrumb","itemListElement":[{"@type":"ListItem","position":1,"name":"Portada","item":"https:\/\/colmadosingular.com\/ca\/inici\/"},{"@type":"ListItem","position":2,"name":"BOTIGA","item":"https:\/\/colmadosingular.com\/ca\/shop\/"},{"@type":"ListItem","position":3,"name":"TRAPS DE CUINA 2u"}]},{"@type":"WebSite","@id":"https:\/\/colmadosingular.com\/ca\/#website","url":"https:\/\/colmadosingular.com\/ca\/","name":"Colmado Singular","description":"","publisher":{"@id":"https:\/\/colmadosingular.com\/ca\/#organization"},"potentialAction":[{"@type":"SearchAction","target":{"@type":"EntryPoint","urlTemplate":"https:\/\/colmadosingular.com\/ca\/?s={search_term_string}"},"query-input":{"@type":"PropertyValueSpecification","valueRequired":true,"valueName":"search_term_string"}}],"inLanguage":"ca"},{"@type":"Organization","@id":"https:\/\/colmadosingular.com\/ca\/#organization","name":"Colmado Singular","url":"https:\/\/colmadosingular.com\/ca\/","logo":{"@type":"ImageObject","inLanguage":"ca","@id":"https:\/\/colmadosingular.com\/ca\/#\/schema\/logo\/image\/","url":"https:\/\/colmadosingular.com\/wp-content\/uploads\/2024\/08\/logo-colmado.svg","contentUrl":"https:\/\/colmadosingular.com\/wp-content\/uploads\/2024\/08\/logo-colmado.svg","width":620,"height":50,"caption":"Colmado Singular"},"image":{"@id":"https:\/\/colmadosingular.com\/ca\/#\/schema\/logo\/image\/"}}]}},"_links":{"self":[{"href":"https:\/\/colmadosingular.com\/ca\/wp-json\/wp\/v2\/product\/985105","targetHints":{"allow":["GET"]}}],"collection":[{"href":"https:\/\/colmadosingular.com\/ca\/wp-json\/wp\/v2\/product"}],"about":[{"href":"https:\/\/colmadosingular.com\/ca\/wp-json\/wp\/v2\/types\/product"}],"wp:featuredmedia":[{"embeddable":true,"href":"https:\/\/colmadosingular.com\/ca\/wp-json\/wp\/v2\/media\/9963"}],"wp:attachment":[{"href":"https:\/\/colmadosingular.com\/ca\/wp-json\/wp\/v2\/media?parent=985105"}],"wp:term":[{"taxonomy":"product_brand","embeddable":true,"href":"https:\/\/colmadosingular.com\/ca\/wp-json\/wp\/v2\/product_brand?post=985105"},{"taxonomy":"product_cat","embeddable":true,"href":"https:\/\/colmadosingular.com\/ca\/wp-json\/wp\/v2\/product_cat?post=985105"},{"taxonomy":"product_tag","embeddable":true,"href":"https:\/\/colmadosingular.com\/ca\/wp-json\/wp\/v2\/product_tag?post=985105"}],"curies":[{"name":"wp","href":"https:\/\/api.w.org\/{rel}","templated":true}]}}