{"id":985106,"date":"2024-10-22T14:52:12","date_gmt":"2024-10-22T12:52:12","guid":{"rendered":"https:\/\/colmadosingular.com\/producto\/cuchara-de-nacar\/"},"modified":"2026-02-26T16:08:18","modified_gmt":"2026-02-26T15:08:18","slug":"cuchara-de-nacar","status":"publish","type":"product","link":"https:\/\/colmadosingular.com\/ca\/producto\/cuchara-de-nacar\/","title":{"rendered":"CULLERA DE NACRE"},"content":{"rendered":"","protected":false},"excerpt":{"rendered":"<p>El caviar \u00e9s un producte molt sensible que pot absorbir f\u00e0cilment sabors i olors externes, per aix\u00f2 \u00e9s important evitar el contacte amb utensilis de metall. La cullera de nacre \u00e9s una excel\u00b7lent opci\u00f3 per gaudir-ne, ja que assegura que l&#8217;aroma i el sabor del caviar es mantinguin intactes. <\/p>\n","protected":false},"featured_media":8161,"template":"","meta":{"_acf_changed":false,"_monsterinsights_skip_tracking":false,"_monsterinsights_sitenote_active":false,"_monsterinsights_sitenote_note":"","_monsterinsights_sitenote_category":0,"_joinchat":[]},"product_brand":[],"product_cat":[207],"product_tag":[],"class_list":{"0":"post-985106","1":"product","2":"type-product","3":"status-publish","4":"has-post-thumbnail","6":"product_cat-utensilios-ca","8":"first","9":"instock","10":"taxable","11":"shipping-taxable","12":"purchasable","13":"product-type-simple"},"acf":[],"yoast_head":"<!-- This site is optimized with the Yoast SEO plugin v24.8.1 - https:\/\/yoast.com\/wordpress\/plugins\/seo\/ -->\n<title>CULLERA DE NACRE - Colmado Singular<\/title>\n<meta name=\"robots\" content=\"index, follow, max-snippet:-1, max-image-preview:large, max-video-preview:-1\" \/>\n<link rel=\"canonical\" href=\"https:\/\/colmadosingular.com\/ca\/producto\/cuchara-de-nacar\/\" \/>\n<meta property=\"og:locale\" content=\"ca_ES\" \/>\n<meta property=\"og:type\" content=\"article\" \/>\n<meta property=\"og:title\" content=\"CULLERA DE NACRE - Colmado Singular\" \/>\n<meta property=\"og:description\" content=\"El caviar \u00e9s un producte molt sensible que pot absorbir f\u00e0cilment sabors i olors externes, per aix\u00f2 \u00e9s important evitar el contacte amb utensilis de metall. La cullera de nacre \u00e9s una excel\u00b7lent opci\u00f3 per gaudir-ne, ja que assegura que l&#039;aroma i el sabor del caviar es mantinguin intactes.\" \/>\n<meta property=\"og:url\" content=\"https:\/\/colmadosingular.com\/ca\/producto\/cuchara-de-nacar\/\" \/>\n<meta property=\"og:site_name\" content=\"Colmado Singular\" \/>\n<meta property=\"article:modified_time\" content=\"2026-02-26T15:08:18+00:00\" \/>\n<meta property=\"og:image\" content=\"https:\/\/colmadosingular.com\/wp-content\/uploads\/2024\/10\/CI020_PSV6082-1G-BR-1.jpg\" \/>\n\t<meta property=\"og:image:width\" content=\"935\" \/>\n\t<meta property=\"og:image:height\" content=\"935\" \/>\n\t<meta property=\"og:image:type\" content=\"image\/jpeg\" \/>\n<meta name=\"twitter:card\" content=\"summary_large_image\" \/>\n<script type=\"application\/ld+json\" class=\"yoast-schema-graph\">{\"@context\":\"https:\/\/schema.org\",\"@graph\":[{\"@type\":\"WebPage\",\"@id\":\"https:\/\/colmadosingular.com\/ca\/producto\/cuchara-de-nacar\/\",\"url\":\"https:\/\/colmadosingular.com\/ca\/producto\/cuchara-de-nacar\/\",\"name\":\"CULLERA DE NACRE - Colmado Singular\",\"isPartOf\":{\"@id\":\"https:\/\/colmadosingular.com\/ca\/#website\"},\"primaryImageOfPage\":{\"@id\":\"https:\/\/colmadosingular.com\/ca\/producto\/cuchara-de-nacar\/#primaryimage\"},\"image\":{\"@id\":\"https:\/\/colmadosingular.com\/ca\/producto\/cuchara-de-nacar\/#primaryimage\"},\"thumbnailUrl\":\"https:\/\/colmadosingular.com\/wp-content\/uploads\/2024\/10\/CI020_PSV6082-1G-BR-1.jpg\",\"datePublished\":\"2024-10-22T12:52:12+00:00\",\"dateModified\":\"2026-02-26T15:08:18+00:00\",\"breadcrumb\":{\"@id\":\"https:\/\/colmadosingular.com\/ca\/producto\/cuchara-de-nacar\/#breadcrumb\"},\"inLanguage\":\"ca\",\"potentialAction\":[{\"@type\":\"ReadAction\",\"target\":[\"https:\/\/colmadosingular.com\/ca\/producto\/cuchara-de-nacar\/\"]}]},{\"@type\":\"ImageObject\",\"inLanguage\":\"ca\",\"@id\":\"https:\/\/colmadosingular.com\/ca\/producto\/cuchara-de-nacar\/#primaryimage\",\"url\":\"https:\/\/colmadosingular.com\/wp-content\/uploads\/2024\/10\/CI020_PSV6082-1G-BR-1.jpg\",\"contentUrl\":\"https:\/\/colmadosingular.com\/wp-content\/uploads\/2024\/10\/CI020_PSV6082-1G-BR-1.jpg\",\"width\":935,\"height\":935},{\"@type\":\"BreadcrumbList\",\"@id\":\"https:\/\/colmadosingular.com\/ca\/producto\/cuchara-de-nacar\/#breadcrumb\",\"itemListElement\":[{\"@type\":\"ListItem\",\"position\":1,\"name\":\"Portada\",\"item\":\"https:\/\/colmadosingular.com\/ca\/inici\/\"},{\"@type\":\"ListItem\",\"position\":2,\"name\":\"BOTIGA\",\"item\":\"https:\/\/colmadosingular.com\/ca\/shop\/\"},{\"@type\":\"ListItem\",\"position\":3,\"name\":\"CULLERA DE NACRE\"}]},{\"@type\":\"WebSite\",\"@id\":\"https:\/\/colmadosingular.com\/ca\/#website\",\"url\":\"https:\/\/colmadosingular.com\/ca\/\",\"name\":\"Colmado Singular\",\"description\":\"\",\"publisher\":{\"@id\":\"https:\/\/colmadosingular.com\/ca\/#organization\"},\"potentialAction\":[{\"@type\":\"SearchAction\",\"target\":{\"@type\":\"EntryPoint\",\"urlTemplate\":\"https:\/\/colmadosingular.com\/ca\/?s={search_term_string}\"},\"query-input\":{\"@type\":\"PropertyValueSpecification\",\"valueRequired\":true,\"valueName\":\"search_term_string\"}}],\"inLanguage\":\"ca\"},{\"@type\":\"Organization\",\"@id\":\"https:\/\/colmadosingular.com\/ca\/#organization\",\"name\":\"Colmado Singular\",\"url\":\"https:\/\/colmadosingular.com\/ca\/\",\"logo\":{\"@type\":\"ImageObject\",\"inLanguage\":\"ca\",\"@id\":\"https:\/\/colmadosingular.com\/ca\/#\/schema\/logo\/image\/\",\"url\":\"https:\/\/colmadosingular.com\/wp-content\/uploads\/2024\/08\/logo-colmado.svg\",\"contentUrl\":\"https:\/\/colmadosingular.com\/wp-content\/uploads\/2024\/08\/logo-colmado.svg\",\"width\":620,\"height\":50,\"caption\":\"Colmado Singular\"},\"image\":{\"@id\":\"https:\/\/colmadosingular.com\/ca\/#\/schema\/logo\/image\/\"}}]}<\/script>\n<!-- \/ Yoast SEO plugin. -->","yoast_head_json":{"title":"CULLERA DE NACRE - Colmado Singular","robots":{"index":"index","follow":"follow","max-snippet":"max-snippet:-1","max-image-preview":"max-image-preview:large","max-video-preview":"max-video-preview:-1"},"canonical":"https:\/\/colmadosingular.com\/ca\/producto\/cuchara-de-nacar\/","og_locale":"ca_ES","og_type":"article","og_title":"CULLERA DE NACRE - Colmado Singular","og_description":"El caviar \u00e9s un producte molt sensible que pot absorbir f\u00e0cilment sabors i olors externes, per aix\u00f2 \u00e9s important evitar el contacte amb utensilis de metall. La cullera de nacre \u00e9s una excel\u00b7lent opci\u00f3 per gaudir-ne, ja que assegura que l'aroma i el sabor del caviar es mantinguin intactes.","og_url":"https:\/\/colmadosingular.com\/ca\/producto\/cuchara-de-nacar\/","og_site_name":"Colmado Singular","article_modified_time":"2026-02-26T15:08:18+00:00","og_image":[{"width":935,"height":935,"url":"https:\/\/colmadosingular.com\/wp-content\/uploads\/2024\/10\/CI020_PSV6082-1G-BR-1.jpg","type":"image\/jpeg"}],"twitter_card":"summary_large_image","schema":{"@context":"https:\/\/schema.org","@graph":[{"@type":"WebPage","@id":"https:\/\/colmadosingular.com\/ca\/producto\/cuchara-de-nacar\/","url":"https:\/\/colmadosingular.com\/ca\/producto\/cuchara-de-nacar\/","name":"CULLERA DE NACRE - Colmado Singular","isPartOf":{"@id":"https:\/\/colmadosingular.com\/ca\/#website"},"primaryImageOfPage":{"@id":"https:\/\/colmadosingular.com\/ca\/producto\/cuchara-de-nacar\/#primaryimage"},"image":{"@id":"https:\/\/colmadosingular.com\/ca\/producto\/cuchara-de-nacar\/#primaryimage"},"thumbnailUrl":"https:\/\/colmadosingular.com\/wp-content\/uploads\/2024\/10\/CI020_PSV6082-1G-BR-1.jpg","datePublished":"2024-10-22T12:52:12+00:00","dateModified":"2026-02-26T15:08:18+00:00","breadcrumb":{"@id":"https:\/\/colmadosingular.com\/ca\/producto\/cuchara-de-nacar\/#breadcrumb"},"inLanguage":"ca","potentialAction":[{"@type":"ReadAction","target":["https:\/\/colmadosingular.com\/ca\/producto\/cuchara-de-nacar\/"]}]},{"@type":"ImageObject","inLanguage":"ca","@id":"https:\/\/colmadosingular.com\/ca\/producto\/cuchara-de-nacar\/#primaryimage","url":"https:\/\/colmadosingular.com\/wp-content\/uploads\/2024\/10\/CI020_PSV6082-1G-BR-1.jpg","contentUrl":"https:\/\/colmadosingular.com\/wp-content\/uploads\/2024\/10\/CI020_PSV6082-1G-BR-1.jpg","width":935,"height":935},{"@type":"BreadcrumbList","@id":"https:\/\/colmadosingular.com\/ca\/producto\/cuchara-de-nacar\/#breadcrumb","itemListElement":[{"@type":"ListItem","position":1,"name":"Portada","item":"https:\/\/colmadosingular.com\/ca\/inici\/"},{"@type":"ListItem","position":2,"name":"BOTIGA","item":"https:\/\/colmadosingular.com\/ca\/shop\/"},{"@type":"ListItem","position":3,"name":"CULLERA DE NACRE"}]},{"@type":"WebSite","@id":"https:\/\/colmadosingular.com\/ca\/#website","url":"https:\/\/colmadosingular.com\/ca\/","name":"Colmado Singular","description":"","publisher":{"@id":"https:\/\/colmadosingular.com\/ca\/#organization"},"potentialAction":[{"@type":"SearchAction","target":{"@type":"EntryPoint","urlTemplate":"https:\/\/colmadosingular.com\/ca\/?s={search_term_string}"},"query-input":{"@type":"PropertyValueSpecification","valueRequired":true,"valueName":"search_term_string"}}],"inLanguage":"ca"},{"@type":"Organization","@id":"https:\/\/colmadosingular.com\/ca\/#organization","name":"Colmado Singular","url":"https:\/\/colmadosingular.com\/ca\/","logo":{"@type":"ImageObject","inLanguage":"ca","@id":"https:\/\/colmadosingular.com\/ca\/#\/schema\/logo\/image\/","url":"https:\/\/colmadosingular.com\/wp-content\/uploads\/2024\/08\/logo-colmado.svg","contentUrl":"https:\/\/colmadosingular.com\/wp-content\/uploads\/2024\/08\/logo-colmado.svg","width":620,"height":50,"caption":"Colmado Singular"},"image":{"@id":"https:\/\/colmadosingular.com\/ca\/#\/schema\/logo\/image\/"}}]}},"_links":{"self":[{"href":"https:\/\/colmadosingular.com\/ca\/wp-json\/wp\/v2\/product\/985106","targetHints":{"allow":["GET"]}}],"collection":[{"href":"https:\/\/colmadosingular.com\/ca\/wp-json\/wp\/v2\/product"}],"about":[{"href":"https:\/\/colmadosingular.com\/ca\/wp-json\/wp\/v2\/types\/product"}],"wp:featuredmedia":[{"embeddable":true,"href":"https:\/\/colmadosingular.com\/ca\/wp-json\/wp\/v2\/media\/8161"}],"wp:attachment":[{"href":"https:\/\/colmadosingular.com\/ca\/wp-json\/wp\/v2\/media?parent=985106"}],"wp:term":[{"taxonomy":"product_brand","embeddable":true,"href":"https:\/\/colmadosingular.com\/ca\/wp-json\/wp\/v2\/product_brand?post=985106"},{"taxonomy":"product_cat","embeddable":true,"href":"https:\/\/colmadosingular.com\/ca\/wp-json\/wp\/v2\/product_cat?post=985106"},{"taxonomy":"product_tag","embeddable":true,"href":"https:\/\/colmadosingular.com\/ca\/wp-json\/wp\/v2\/product_tag?post=985106"}],"curies":[{"name":"wp","href":"https:\/\/api.w.org\/{rel}","templated":true}]}}