{"id":985700,"date":"2024-10-29T09:10:27","date_gmt":"2024-10-29T08:10:27","guid":{"rendered":"https:\/\/colmadosingular.com\/producto\/luxury-box\/"},"modified":"2026-02-24T09:55:10","modified_gmt":"2026-02-24T08:55:10","slug":"luxury-box","status":"publish","type":"product","link":"https:\/\/colmadosingular.com\/ca\/producto\/luxury-box\/","title":{"rendered":"LUXURY BOX"},"content":{"rendered":"","protected":false},"excerpt":{"rendered":"<p>Arr\u00f2s Acquerello 500g<br \/>\nVinagre de Gerds 100ml<br \/>\nVinagre de Calamansi 100ml<br \/>\nAmaniment bals\u00e0mic blanc Lodovico 250ml<br \/>\nRelish de cogombrets Halen Mon 270g<br \/>\nPopeth Halen M\u00f4n 100g<br \/>\nMel Suau Mieli Thun 250g<br \/>\nTom\u00e0quet sencer pelat Paolo Petrilli 1062ml<br \/>\nTom\u00e0quets cherry semisecs De Carlo 200g<br \/>\nTom\u00e0quet groc pelat al suc 350g<br \/>\nBibanesi Oli Oliva Verge Extra 100g<br \/>\nSal Halen M\u00f4n pura blanca 100g<br \/>\nCurry fumat 85g<br \/>\nCurri de Madr\u00e0s 85g<br \/>\nPebre verd de Pichincha-Equador 20g<br \/>\nGingebre cristal\u00b7litzat 95g<br \/>\nDiscos amb pebre 100g<br \/>\nKetchup Bloody Mary Halen M\u00f4n 250g<br \/>\nSalsa tartufai Savini Tartufi 90g<br \/>\nParmes\u00e0 26 Mesos &#8220;Format Cu\u00f1a&#8221; 200g<br \/>\nDiscos s&#8217;arr\u00f2s a la Brasa 80g<br \/>\nCarxofa romana a la Cafona Agnoni 210g<br \/>\nFonoll adobat Perini 370g<br \/>\nCrema de pera Perini 200g<br \/>\nTagliatella Santoni 250g<br \/>\nTeules xocolata amb llet, caramel i sal 125g<br \/>\nCistella rodona de base marr\u00f3 kraft i tapa vermella 40cm<\/p>\n<p>La cistella definida per al lot correspon a la segona imatge i es lliura amb un lla\u00e7 negre<\/p>\n","protected":false},"featured_media":998420,"template":"","meta":{"_acf_changed":false,"_monsterinsights_skip_tracking":false,"_monsterinsights_sitenote_active":false,"_monsterinsights_sitenote_note":"","_monsterinsights_sitenote_category":0,"_joinchat":[]},"product_brand":[],"product_cat":[218,217],"product_tag":[],"class_list":{"0":"post-985700","1":"product","2":"type-product","3":"status-publish","4":"has-post-thumbnail","6":"product_cat-regalos-ca","7":"product_cat-packs-ca","9":"first","10":"outofstock","11":"taxable","12":"shipping-taxable","13":"purchasable","14":"product-type-simple"},"acf":[],"yoast_head":"<!-- This site is optimized with the Yoast SEO plugin v24.8.1 - https:\/\/yoast.com\/wordpress\/plugins\/seo\/ -->\n<title>LUXURY BOX - Colmado Singular<\/title>\n<meta name=\"robots\" content=\"index, follow, max-snippet:-1, max-image-preview:large, max-video-preview:-1\" \/>\n<link rel=\"canonical\" href=\"https:\/\/colmadosingular.com\/ca\/producto\/luxury-box\/\" \/>\n<meta property=\"og:locale\" content=\"ca_ES\" \/>\n<meta property=\"og:type\" content=\"article\" \/>\n<meta property=\"og:title\" content=\"LUXURY BOX - Colmado Singular\" \/>\n<meta property=\"og:description\" content=\"Arr\u00f2s Acquerello 500g Vinagre de Gerds 100ml Vinagre de Calamansi 100ml Amaniment bals\u00e0mic blanc Lodovico 250ml Relish de cogombrets Halen Mon 270g Popeth Halen M\u00f4n 100g Mel Suau Mieli Thun 250g Tom\u00e0quet sencer pelat Paolo Petrilli 1062ml Tom\u00e0quets cherry semisecs De Carlo 200g Tom\u00e0quet groc pelat al suc 350g Bibanesi Oli Oliva Verge Extra 100g Sal Halen M\u00f4n pura blanca 100g Curry fumat 85g Curri de Madr\u00e0s 85g Pebre verd de Pichincha-Equador 20g Gingebre cristal\u00b7litzat 95g Discos amb pebre 100g Ketchup Bloody Mary Halen M\u00f4n 250g Salsa tartufai Savini Tartufi 90g Parmes\u00e0 26 Mesos &quot;Format Cu\u00f1a&quot; 200g Discos s&#039;arr\u00f2s a la Brasa 80g Carxofa romana a la Cafona Agnoni 210g Fonoll adobat Perini 370g Crema de pera Perini 200g Tagliatella Santoni 250g Teules xocolata amb llet, caramel i sal 125g Cistella rodona de base marr\u00f3 kraft i tapa vermella 40cm La cistella definida per al lot correspon a la segona imatge i es lliura amb un lla\u00e7 negre\" \/>\n<meta property=\"og:url\" content=\"https:\/\/colmadosingular.com\/ca\/producto\/luxury-box\/\" \/>\n<meta property=\"og:site_name\" content=\"Colmado Singular\" \/>\n<meta property=\"article:modified_time\" content=\"2026-02-24T08:55:10+00:00\" \/>\n<meta property=\"og:image\" content=\"https:\/\/colmadosingular.com\/wp-content\/uploads\/2024\/10\/Y028_256122181-scaled.jpg\" \/>\n\t<meta property=\"og:image:width\" content=\"2560\" \/>\n\t<meta property=\"og:image:height\" content=\"2560\" \/>\n\t<meta property=\"og:image:type\" content=\"image\/jpeg\" \/>\n<meta name=\"twitter:card\" content=\"summary_large_image\" \/>\n<script type=\"application\/ld+json\" class=\"yoast-schema-graph\">{\"@context\":\"https:\/\/schema.org\",\"@graph\":[{\"@type\":\"WebPage\",\"@id\":\"https:\/\/colmadosingular.com\/ca\/producto\/luxury-box\/\",\"url\":\"https:\/\/colmadosingular.com\/ca\/producto\/luxury-box\/\",\"name\":\"LUXURY BOX - Colmado Singular\",\"isPartOf\":{\"@id\":\"https:\/\/colmadosingular.com\/ca\/#website\"},\"primaryImageOfPage\":{\"@id\":\"https:\/\/colmadosingular.com\/ca\/producto\/luxury-box\/#primaryimage\"},\"image\":{\"@id\":\"https:\/\/colmadosingular.com\/ca\/producto\/luxury-box\/#primaryimage\"},\"thumbnailUrl\":\"https:\/\/colmadosingular.com\/wp-content\/uploads\/2024\/10\/Y028_256122181-scaled.jpg\",\"datePublished\":\"2024-10-29T08:10:27+00:00\",\"dateModified\":\"2026-02-24T08:55:10+00:00\",\"breadcrumb\":{\"@id\":\"https:\/\/colmadosingular.com\/ca\/producto\/luxury-box\/#breadcrumb\"},\"inLanguage\":\"ca\",\"potentialAction\":[{\"@type\":\"ReadAction\",\"target\":[\"https:\/\/colmadosingular.com\/ca\/producto\/luxury-box\/\"]}]},{\"@type\":\"ImageObject\",\"inLanguage\":\"ca\",\"@id\":\"https:\/\/colmadosingular.com\/ca\/producto\/luxury-box\/#primaryimage\",\"url\":\"https:\/\/colmadosingular.com\/wp-content\/uploads\/2024\/10\/Y028_256122181-scaled.jpg\",\"contentUrl\":\"https:\/\/colmadosingular.com\/wp-content\/uploads\/2024\/10\/Y028_256122181-scaled.jpg\",\"width\":2560,\"height\":2560},{\"@type\":\"BreadcrumbList\",\"@id\":\"https:\/\/colmadosingular.com\/ca\/producto\/luxury-box\/#breadcrumb\",\"itemListElement\":[{\"@type\":\"ListItem\",\"position\":1,\"name\":\"Portada\",\"item\":\"https:\/\/colmadosingular.com\/ca\/inici\/\"},{\"@type\":\"ListItem\",\"position\":2,\"name\":\"BOTIGA\",\"item\":\"https:\/\/colmadosingular.com\/ca\/shop\/\"},{\"@type\":\"ListItem\",\"position\":3,\"name\":\"LUXURY BOX\"}]},{\"@type\":\"WebSite\",\"@id\":\"https:\/\/colmadosingular.com\/ca\/#website\",\"url\":\"https:\/\/colmadosingular.com\/ca\/\",\"name\":\"Colmado Singular\",\"description\":\"\",\"publisher\":{\"@id\":\"https:\/\/colmadosingular.com\/ca\/#organization\"},\"potentialAction\":[{\"@type\":\"SearchAction\",\"target\":{\"@type\":\"EntryPoint\",\"urlTemplate\":\"https:\/\/colmadosingular.com\/ca\/?s={search_term_string}\"},\"query-input\":{\"@type\":\"PropertyValueSpecification\",\"valueRequired\":true,\"valueName\":\"search_term_string\"}}],\"inLanguage\":\"ca\"},{\"@type\":\"Organization\",\"@id\":\"https:\/\/colmadosingular.com\/ca\/#organization\",\"name\":\"Colmado Singular\",\"url\":\"https:\/\/colmadosingular.com\/ca\/\",\"logo\":{\"@type\":\"ImageObject\",\"inLanguage\":\"ca\",\"@id\":\"https:\/\/colmadosingular.com\/ca\/#\/schema\/logo\/image\/\",\"url\":\"https:\/\/colmadosingular.com\/wp-content\/uploads\/2024\/08\/logo-colmado.svg\",\"contentUrl\":\"https:\/\/colmadosingular.com\/wp-content\/uploads\/2024\/08\/logo-colmado.svg\",\"width\":620,\"height\":50,\"caption\":\"Colmado Singular\"},\"image\":{\"@id\":\"https:\/\/colmadosingular.com\/ca\/#\/schema\/logo\/image\/\"}}]}<\/script>\n<!-- \/ Yoast SEO plugin. -->","yoast_head_json":{"title":"LUXURY BOX - Colmado Singular","robots":{"index":"index","follow":"follow","max-snippet":"max-snippet:-1","max-image-preview":"max-image-preview:large","max-video-preview":"max-video-preview:-1"},"canonical":"https:\/\/colmadosingular.com\/ca\/producto\/luxury-box\/","og_locale":"ca_ES","og_type":"article","og_title":"LUXURY BOX - Colmado Singular","og_description":"Arr\u00f2s Acquerello 500g Vinagre de Gerds 100ml Vinagre de Calamansi 100ml Amaniment bals\u00e0mic blanc Lodovico 250ml Relish de cogombrets Halen Mon 270g Popeth Halen M\u00f4n 100g Mel Suau Mieli Thun 250g Tom\u00e0quet sencer pelat Paolo Petrilli 1062ml Tom\u00e0quets cherry semisecs De Carlo 200g Tom\u00e0quet groc pelat al suc 350g Bibanesi Oli Oliva Verge Extra 100g Sal Halen M\u00f4n pura blanca 100g Curry fumat 85g Curri de Madr\u00e0s 85g Pebre verd de Pichincha-Equador 20g Gingebre cristal\u00b7litzat 95g Discos amb pebre 100g Ketchup Bloody Mary Halen M\u00f4n 250g Salsa tartufai Savini Tartufi 90g Parmes\u00e0 26 Mesos \"Format Cu\u00f1a\" 200g Discos s'arr\u00f2s a la Brasa 80g Carxofa romana a la Cafona Agnoni 210g Fonoll adobat Perini 370g Crema de pera Perini 200g Tagliatella Santoni 250g Teules xocolata amb llet, caramel i sal 125g Cistella rodona de base marr\u00f3 kraft i tapa vermella 40cm La cistella definida per al lot correspon a la segona imatge i es lliura amb un lla\u00e7 negre","og_url":"https:\/\/colmadosingular.com\/ca\/producto\/luxury-box\/","og_site_name":"Colmado Singular","article_modified_time":"2026-02-24T08:55:10+00:00","og_image":[{"width":2560,"height":2560,"url":"https:\/\/colmadosingular.com\/wp-content\/uploads\/2024\/10\/Y028_256122181-scaled.jpg","type":"image\/jpeg"}],"twitter_card":"summary_large_image","schema":{"@context":"https:\/\/schema.org","@graph":[{"@type":"WebPage","@id":"https:\/\/colmadosingular.com\/ca\/producto\/luxury-box\/","url":"https:\/\/colmadosingular.com\/ca\/producto\/luxury-box\/","name":"LUXURY BOX - Colmado Singular","isPartOf":{"@id":"https:\/\/colmadosingular.com\/ca\/#website"},"primaryImageOfPage":{"@id":"https:\/\/colmadosingular.com\/ca\/producto\/luxury-box\/#primaryimage"},"image":{"@id":"https:\/\/colmadosingular.com\/ca\/producto\/luxury-box\/#primaryimage"},"thumbnailUrl":"https:\/\/colmadosingular.com\/wp-content\/uploads\/2024\/10\/Y028_256122181-scaled.jpg","datePublished":"2024-10-29T08:10:27+00:00","dateModified":"2026-02-24T08:55:10+00:00","breadcrumb":{"@id":"https:\/\/colmadosingular.com\/ca\/producto\/luxury-box\/#breadcrumb"},"inLanguage":"ca","potentialAction":[{"@type":"ReadAction","target":["https:\/\/colmadosingular.com\/ca\/producto\/luxury-box\/"]}]},{"@type":"ImageObject","inLanguage":"ca","@id":"https:\/\/colmadosingular.com\/ca\/producto\/luxury-box\/#primaryimage","url":"https:\/\/colmadosingular.com\/wp-content\/uploads\/2024\/10\/Y028_256122181-scaled.jpg","contentUrl":"https:\/\/colmadosingular.com\/wp-content\/uploads\/2024\/10\/Y028_256122181-scaled.jpg","width":2560,"height":2560},{"@type":"BreadcrumbList","@id":"https:\/\/colmadosingular.com\/ca\/producto\/luxury-box\/#breadcrumb","itemListElement":[{"@type":"ListItem","position":1,"name":"Portada","item":"https:\/\/colmadosingular.com\/ca\/inici\/"},{"@type":"ListItem","position":2,"name":"BOTIGA","item":"https:\/\/colmadosingular.com\/ca\/shop\/"},{"@type":"ListItem","position":3,"name":"LUXURY BOX"}]},{"@type":"WebSite","@id":"https:\/\/colmadosingular.com\/ca\/#website","url":"https:\/\/colmadosingular.com\/ca\/","name":"Colmado Singular","description":"","publisher":{"@id":"https:\/\/colmadosingular.com\/ca\/#organization"},"potentialAction":[{"@type":"SearchAction","target":{"@type":"EntryPoint","urlTemplate":"https:\/\/colmadosingular.com\/ca\/?s={search_term_string}"},"query-input":{"@type":"PropertyValueSpecification","valueRequired":true,"valueName":"search_term_string"}}],"inLanguage":"ca"},{"@type":"Organization","@id":"https:\/\/colmadosingular.com\/ca\/#organization","name":"Colmado Singular","url":"https:\/\/colmadosingular.com\/ca\/","logo":{"@type":"ImageObject","inLanguage":"ca","@id":"https:\/\/colmadosingular.com\/ca\/#\/schema\/logo\/image\/","url":"https:\/\/colmadosingular.com\/wp-content\/uploads\/2024\/08\/logo-colmado.svg","contentUrl":"https:\/\/colmadosingular.com\/wp-content\/uploads\/2024\/08\/logo-colmado.svg","width":620,"height":50,"caption":"Colmado Singular"},"image":{"@id":"https:\/\/colmadosingular.com\/ca\/#\/schema\/logo\/image\/"}}]}},"_links":{"self":[{"href":"https:\/\/colmadosingular.com\/ca\/wp-json\/wp\/v2\/product\/985700","targetHints":{"allow":["GET"]}}],"collection":[{"href":"https:\/\/colmadosingular.com\/ca\/wp-json\/wp\/v2\/product"}],"about":[{"href":"https:\/\/colmadosingular.com\/ca\/wp-json\/wp\/v2\/types\/product"}],"wp:featuredmedia":[{"embeddable":true,"href":"https:\/\/colmadosingular.com\/ca\/wp-json\/wp\/v2\/media\/998420"}],"wp:attachment":[{"href":"https:\/\/colmadosingular.com\/ca\/wp-json\/wp\/v2\/media?parent=985700"}],"wp:term":[{"taxonomy":"product_brand","embeddable":true,"href":"https:\/\/colmadosingular.com\/ca\/wp-json\/wp\/v2\/product_brand?post=985700"},{"taxonomy":"product_cat","embeddable":true,"href":"https:\/\/colmadosingular.com\/ca\/wp-json\/wp\/v2\/product_cat?post=985700"},{"taxonomy":"product_tag","embeddable":true,"href":"https:\/\/colmadosingular.com\/ca\/wp-json\/wp\/v2\/product_tag?post=985700"}],"curies":[{"name":"wp","href":"https:\/\/api.w.org\/{rel}","templated":true}]}}