{"id":985701,"date":"2024-10-29T09:02:27","date_gmt":"2024-10-29T08:02:27","guid":{"rendered":"https:\/\/colmadosingular.com\/producto\/top-colmado\/"},"modified":"2026-02-24T09:56:45","modified_gmt":"2026-02-24T08:56:45","slug":"top-colmado","status":"publish","type":"product","link":"https:\/\/colmadosingular.com\/ca\/producto\/top-colmado\/","title":{"rendered":"TOP COLMADO"},"content":{"rendered":"","protected":false},"excerpt":{"rendered":"<p>Arr\u00f2s Acquerello 500g<\/p>\n<p>Amaniment bals\u00e0mic blanc L.Campari 250ml<\/p>\n<p>Tom\u00e0quet groc pelat al suc 350g<\/p>\n<p>Ketchup Bloody Mary Halen M\u00f4n 250g<\/p>\n<p>Sal Halen M\u00f4n pura blanca 100g<\/p>\n<p>Olives Leccina desossades DeCarlo 200g<\/p>\n<p>Lumache Benedetto Cavalieri 500g<\/p>\n<p>Carxofa romana a la cafona Agnoni 210g<\/p>\n<p>Crema de fruites del bosc Perini 200g<\/p>\n<p>Pebre negre sencer Parameswaran&#8217;s 75g<\/p>\n<p>T\u00f2fones ChocMod 200g<\/p>\n<p>Cistella mitjana (Food &amp; Art)<\/p>\n<p>&nbsp;<\/p>\n","protected":false},"featured_media":994976,"template":"","meta":{"_acf_changed":false,"_monsterinsights_skip_tracking":false,"_monsterinsights_sitenote_active":false,"_monsterinsights_sitenote_note":"","_monsterinsights_sitenote_category":0,"_joinchat":[]},"product_brand":[],"product_cat":[218,217],"product_tag":[],"class_list":{"0":"post-985701","1":"product","2":"type-product","3":"status-publish","4":"has-post-thumbnail","6":"product_cat-regalos-ca","7":"product_cat-packs-ca","9":"first","10":"instock","11":"taxable","12":"shipping-taxable","13":"purchasable","14":"product-type-simple"},"acf":[],"yoast_head":"<!-- This site is optimized with the Yoast SEO plugin v24.8.1 - https:\/\/yoast.com\/wordpress\/plugins\/seo\/ -->\n<title>TOP COLMADO - Colmado Singular<\/title>\n<meta name=\"robots\" content=\"index, follow, max-snippet:-1, max-image-preview:large, max-video-preview:-1\" \/>\n<link rel=\"canonical\" href=\"https:\/\/colmadosingular.com\/ca\/producto\/top-colmado\/\" \/>\n<meta property=\"og:locale\" content=\"ca_ES\" \/>\n<meta property=\"og:type\" content=\"article\" \/>\n<meta property=\"og:title\" content=\"TOP COLMADO - Colmado Singular\" \/>\n<meta property=\"og:description\" content=\"Arr\u00f2s Acquerello 500g Amaniment bals\u00e0mic blanc L.Campari 250ml Tom\u00e0quet groc pelat al suc 350g Ketchup Bloody Mary Halen M\u00f4n 250g Sal Halen M\u00f4n pura blanca 100g Olives Leccina desossades DeCarlo 200g Lumache Benedetto Cavalieri 500g Carxofa romana a la cafona Agnoni 210g Crema de fruites del bosc Perini 200g Pebre negre sencer Parameswaran&#039;s 75g T\u00f2fones ChocMod 200g Cistella mitjana (Food &amp; Art) &nbsp;\" \/>\n<meta property=\"og:url\" content=\"https:\/\/colmadosingular.com\/ca\/producto\/top-colmado\/\" \/>\n<meta property=\"og:site_name\" content=\"Colmado Singular\" \/>\n<meta property=\"article:modified_time\" content=\"2026-02-24T08:56:45+00:00\" \/>\n<meta property=\"og:image\" content=\"https:\/\/colmadosingular.com\/wp-content\/uploads\/2025\/10\/Y027_25410220Bx.jpg\" \/>\n\t<meta property=\"og:image:width\" content=\"1200\" \/>\n\t<meta property=\"og:image:height\" content=\"1200\" \/>\n\t<meta property=\"og:image:type\" content=\"image\/jpeg\" \/>\n<meta name=\"twitter:card\" content=\"summary_large_image\" \/>\n<meta name=\"twitter:label1\" content=\"Temps estimat de lectura\" \/>\n\t<meta name=\"twitter:data1\" content=\"1 minut\" \/>\n<script type=\"application\/ld+json\" class=\"yoast-schema-graph\">{\"@context\":\"https:\/\/schema.org\",\"@graph\":[{\"@type\":\"WebPage\",\"@id\":\"https:\/\/colmadosingular.com\/ca\/producto\/top-colmado\/\",\"url\":\"https:\/\/colmadosingular.com\/ca\/producto\/top-colmado\/\",\"name\":\"TOP COLMADO - Colmado Singular\",\"isPartOf\":{\"@id\":\"https:\/\/colmadosingular.com\/ca\/#website\"},\"primaryImageOfPage\":{\"@id\":\"https:\/\/colmadosingular.com\/ca\/producto\/top-colmado\/#primaryimage\"},\"image\":{\"@id\":\"https:\/\/colmadosingular.com\/ca\/producto\/top-colmado\/#primaryimage\"},\"thumbnailUrl\":\"https:\/\/colmadosingular.com\/wp-content\/uploads\/2025\/10\/Y027_25410220Bx.jpg\",\"datePublished\":\"2024-10-29T08:02:27+00:00\",\"dateModified\":\"2026-02-24T08:56:45+00:00\",\"breadcrumb\":{\"@id\":\"https:\/\/colmadosingular.com\/ca\/producto\/top-colmado\/#breadcrumb\"},\"inLanguage\":\"ca\",\"potentialAction\":[{\"@type\":\"ReadAction\",\"target\":[\"https:\/\/colmadosingular.com\/ca\/producto\/top-colmado\/\"]}]},{\"@type\":\"ImageObject\",\"inLanguage\":\"ca\",\"@id\":\"https:\/\/colmadosingular.com\/ca\/producto\/top-colmado\/#primaryimage\",\"url\":\"https:\/\/colmadosingular.com\/wp-content\/uploads\/2025\/10\/Y027_25410220Bx.jpg\",\"contentUrl\":\"https:\/\/colmadosingular.com\/wp-content\/uploads\/2025\/10\/Y027_25410220Bx.jpg\",\"width\":1200,\"height\":1200,\"caption\":\"Top Colmado\"},{\"@type\":\"BreadcrumbList\",\"@id\":\"https:\/\/colmadosingular.com\/ca\/producto\/top-colmado\/#breadcrumb\",\"itemListElement\":[{\"@type\":\"ListItem\",\"position\":1,\"name\":\"Portada\",\"item\":\"https:\/\/colmadosingular.com\/ca\/inici\/\"},{\"@type\":\"ListItem\",\"position\":2,\"name\":\"BOTIGA\",\"item\":\"https:\/\/colmadosingular.com\/ca\/shop\/\"},{\"@type\":\"ListItem\",\"position\":3,\"name\":\"TOP COLMADO\"}]},{\"@type\":\"WebSite\",\"@id\":\"https:\/\/colmadosingular.com\/ca\/#website\",\"url\":\"https:\/\/colmadosingular.com\/ca\/\",\"name\":\"Colmado Singular\",\"description\":\"\",\"publisher\":{\"@id\":\"https:\/\/colmadosingular.com\/ca\/#organization\"},\"potentialAction\":[{\"@type\":\"SearchAction\",\"target\":{\"@type\":\"EntryPoint\",\"urlTemplate\":\"https:\/\/colmadosingular.com\/ca\/?s={search_term_string}\"},\"query-input\":{\"@type\":\"PropertyValueSpecification\",\"valueRequired\":true,\"valueName\":\"search_term_string\"}}],\"inLanguage\":\"ca\"},{\"@type\":\"Organization\",\"@id\":\"https:\/\/colmadosingular.com\/ca\/#organization\",\"name\":\"Colmado Singular\",\"url\":\"https:\/\/colmadosingular.com\/ca\/\",\"logo\":{\"@type\":\"ImageObject\",\"inLanguage\":\"ca\",\"@id\":\"https:\/\/colmadosingular.com\/ca\/#\/schema\/logo\/image\/\",\"url\":\"https:\/\/colmadosingular.com\/wp-content\/uploads\/2024\/08\/logo-colmado.svg\",\"contentUrl\":\"https:\/\/colmadosingular.com\/wp-content\/uploads\/2024\/08\/logo-colmado.svg\",\"width\":620,\"height\":50,\"caption\":\"Colmado Singular\"},\"image\":{\"@id\":\"https:\/\/colmadosingular.com\/ca\/#\/schema\/logo\/image\/\"}}]}<\/script>\n<!-- \/ Yoast SEO plugin. -->","yoast_head_json":{"title":"TOP COLMADO - Colmado Singular","robots":{"index":"index","follow":"follow","max-snippet":"max-snippet:-1","max-image-preview":"max-image-preview:large","max-video-preview":"max-video-preview:-1"},"canonical":"https:\/\/colmadosingular.com\/ca\/producto\/top-colmado\/","og_locale":"ca_ES","og_type":"article","og_title":"TOP COLMADO - Colmado Singular","og_description":"Arr\u00f2s Acquerello 500g Amaniment bals\u00e0mic blanc L.Campari 250ml Tom\u00e0quet groc pelat al suc 350g Ketchup Bloody Mary Halen M\u00f4n 250g Sal Halen M\u00f4n pura blanca 100g Olives Leccina desossades DeCarlo 200g Lumache Benedetto Cavalieri 500g Carxofa romana a la cafona Agnoni 210g Crema de fruites del bosc Perini 200g Pebre negre sencer Parameswaran's 75g T\u00f2fones ChocMod 200g Cistella mitjana (Food &amp; Art) &nbsp;","og_url":"https:\/\/colmadosingular.com\/ca\/producto\/top-colmado\/","og_site_name":"Colmado Singular","article_modified_time":"2026-02-24T08:56:45+00:00","og_image":[{"width":1200,"height":1200,"url":"https:\/\/colmadosingular.com\/wp-content\/uploads\/2025\/10\/Y027_25410220Bx.jpg","type":"image\/jpeg"}],"twitter_card":"summary_large_image","twitter_misc":{"Temps estimat de lectura":"1 minut"},"schema":{"@context":"https:\/\/schema.org","@graph":[{"@type":"WebPage","@id":"https:\/\/colmadosingular.com\/ca\/producto\/top-colmado\/","url":"https:\/\/colmadosingular.com\/ca\/producto\/top-colmado\/","name":"TOP COLMADO - Colmado Singular","isPartOf":{"@id":"https:\/\/colmadosingular.com\/ca\/#website"},"primaryImageOfPage":{"@id":"https:\/\/colmadosingular.com\/ca\/producto\/top-colmado\/#primaryimage"},"image":{"@id":"https:\/\/colmadosingular.com\/ca\/producto\/top-colmado\/#primaryimage"},"thumbnailUrl":"https:\/\/colmadosingular.com\/wp-content\/uploads\/2025\/10\/Y027_25410220Bx.jpg","datePublished":"2024-10-29T08:02:27+00:00","dateModified":"2026-02-24T08:56:45+00:00","breadcrumb":{"@id":"https:\/\/colmadosingular.com\/ca\/producto\/top-colmado\/#breadcrumb"},"inLanguage":"ca","potentialAction":[{"@type":"ReadAction","target":["https:\/\/colmadosingular.com\/ca\/producto\/top-colmado\/"]}]},{"@type":"ImageObject","inLanguage":"ca","@id":"https:\/\/colmadosingular.com\/ca\/producto\/top-colmado\/#primaryimage","url":"https:\/\/colmadosingular.com\/wp-content\/uploads\/2025\/10\/Y027_25410220Bx.jpg","contentUrl":"https:\/\/colmadosingular.com\/wp-content\/uploads\/2025\/10\/Y027_25410220Bx.jpg","width":1200,"height":1200,"caption":"Top Colmado"},{"@type":"BreadcrumbList","@id":"https:\/\/colmadosingular.com\/ca\/producto\/top-colmado\/#breadcrumb","itemListElement":[{"@type":"ListItem","position":1,"name":"Portada","item":"https:\/\/colmadosingular.com\/ca\/inici\/"},{"@type":"ListItem","position":2,"name":"BOTIGA","item":"https:\/\/colmadosingular.com\/ca\/shop\/"},{"@type":"ListItem","position":3,"name":"TOP COLMADO"}]},{"@type":"WebSite","@id":"https:\/\/colmadosingular.com\/ca\/#website","url":"https:\/\/colmadosingular.com\/ca\/","name":"Colmado Singular","description":"","publisher":{"@id":"https:\/\/colmadosingular.com\/ca\/#organization"},"potentialAction":[{"@type":"SearchAction","target":{"@type":"EntryPoint","urlTemplate":"https:\/\/colmadosingular.com\/ca\/?s={search_term_string}"},"query-input":{"@type":"PropertyValueSpecification","valueRequired":true,"valueName":"search_term_string"}}],"inLanguage":"ca"},{"@type":"Organization","@id":"https:\/\/colmadosingular.com\/ca\/#organization","name":"Colmado Singular","url":"https:\/\/colmadosingular.com\/ca\/","logo":{"@type":"ImageObject","inLanguage":"ca","@id":"https:\/\/colmadosingular.com\/ca\/#\/schema\/logo\/image\/","url":"https:\/\/colmadosingular.com\/wp-content\/uploads\/2024\/08\/logo-colmado.svg","contentUrl":"https:\/\/colmadosingular.com\/wp-content\/uploads\/2024\/08\/logo-colmado.svg","width":620,"height":50,"caption":"Colmado Singular"},"image":{"@id":"https:\/\/colmadosingular.com\/ca\/#\/schema\/logo\/image\/"}}]}},"_links":{"self":[{"href":"https:\/\/colmadosingular.com\/ca\/wp-json\/wp\/v2\/product\/985701","targetHints":{"allow":["GET"]}}],"collection":[{"href":"https:\/\/colmadosingular.com\/ca\/wp-json\/wp\/v2\/product"}],"about":[{"href":"https:\/\/colmadosingular.com\/ca\/wp-json\/wp\/v2\/types\/product"}],"wp:featuredmedia":[{"embeddable":true,"href":"https:\/\/colmadosingular.com\/ca\/wp-json\/wp\/v2\/media\/994976"}],"wp:attachment":[{"href":"https:\/\/colmadosingular.com\/ca\/wp-json\/wp\/v2\/media?parent=985701"}],"wp:term":[{"taxonomy":"product_brand","embeddable":true,"href":"https:\/\/colmadosingular.com\/ca\/wp-json\/wp\/v2\/product_brand?post=985701"},{"taxonomy":"product_cat","embeddable":true,"href":"https:\/\/colmadosingular.com\/ca\/wp-json\/wp\/v2\/product_cat?post=985701"},{"taxonomy":"product_tag","embeddable":true,"href":"https:\/\/colmadosingular.com\/ca\/wp-json\/wp\/v2\/product_tag?post=985701"}],"curies":[{"name":"wp","href":"https:\/\/api.w.org\/{rel}","templated":true}]}}