{"id":986198,"date":"2024-08-12T16:23:19","date_gmt":"2024-08-12T14:23:19","guid":{"rendered":"https:\/\/colmadosingular.com\/producto\/tartar-de-tomate\/"},"modified":"2026-03-03T14:21:43","modified_gmt":"2026-03-03T13:21:43","slug":"tartar-de-tomate","status":"publish","type":"product","link":"https:\/\/colmadosingular.com\/ca\/producto\/tartar-de-tomate\/","title":{"rendered":"KIT TARTAR DE TOM\u00c0QUET"},"content":{"rendered":"","protected":false},"excerpt":{"rendered":"<p>Tom\u00e0quet sencer pelat Paolo Petrilli 1062ml<br \/>\nMaionesa Armanti 80% oli 250ml<br \/>\nKetchup Bloody Mary Halen M\u00f4n 250g<br \/>\nMostassa Dijon fumada Halen M\u00f4n 200g<br \/>\nRelish de cogombres Halen M\u00f4n 270g<br \/>\nOrenga Colmado Singular 20g<br \/>\nGochugaru Colmado Singular 20g<br \/>\nPebre negre sencer Parameswaran&#8217;s 75g<br \/>\n3 sobres de sal pura blanca Halen M\u00f4n 3g<br \/>\nBarretera<\/p>\n<p><a href=\"https:\/\/www.instagram.com\/tv\/CNAvt2gKgH_\/?utm_source=ig_web_copy_link\"><strong>Anima&#8217;t seguint els passos en v\u00eddeo!<\/strong><\/a><\/p>\n<p class=\"p1\">En aquest kit, el protagonista \u00e9s el tom\u00e0quet de Paolo Petrilli, l&#8217;ess\u00e8ncia m\u00e9s pura del tom\u00e0quet en un pot de quilo. El seu sabor i estructura el fan perfecte per a aquesta elaboraci\u00f3. Recollit al punt ideal de maduresa, amb un cultiu 100% ecol\u00f2gic i envasat a m\u00e0. Tamb\u00e9 incloem la resta d&#8217;ingredients necessaris per aconseguir un resultat perfecte: la mostassa fumada de Halen M\u00f4n, el seu k\u00e9tchup de Bloody Mary, amb un punt picant ideal per a l&#8217;elaboraci\u00f3, el relish de cogombrets i anet, la maionesa Armanti i tres esp\u00e8cies per completar el kit: Gochugaru, orenga i pebre negre Paramenswaran\u00b4s.   <\/p>\n","protected":false},"featured_media":9931,"template":"","meta":{"_acf_changed":false,"_monsterinsights_skip_tracking":false,"_monsterinsights_sitenote_active":false,"_monsterinsights_sitenote_note":"","_monsterinsights_sitenote_category":0,"_joinchat":[]},"product_brand":[],"product_cat":[218,219],"product_tag":[],"class_list":{"0":"post-986198","1":"product","2":"type-product","3":"status-publish","4":"has-post-thumbnail","6":"product_cat-regalos-ca","7":"product_cat-kit-recetas-ca","9":"first","10":"instock","11":"taxable","12":"shipping-taxable","13":"purchasable","14":"product-type-simple"},"acf":[],"yoast_head":"<!-- This site is optimized with the Yoast SEO plugin v24.8.1 - https:\/\/yoast.com\/wordpress\/plugins\/seo\/ -->\n<title>KIT TARTAR DE TOM\u00c0QUET - Colmado Singular<\/title>\n<meta name=\"robots\" content=\"index, follow, max-snippet:-1, max-image-preview:large, max-video-preview:-1\" \/>\n<link rel=\"canonical\" href=\"https:\/\/colmadosingular.com\/ca\/producto\/tartar-de-tomate\/\" \/>\n<meta property=\"og:locale\" content=\"ca_ES\" \/>\n<meta property=\"og:type\" content=\"article\" \/>\n<meta property=\"og:title\" content=\"KIT TARTAR DE TOM\u00c0QUET - Colmado Singular\" \/>\n<meta property=\"og:description\" content=\"Tom\u00e0quet sencer pelat Paolo Petrilli 1062ml Maionesa Armanti 80% oli 250ml Ketchup Bloody Mary Halen M\u00f4n 250g Mostassa Dijon fumada Halen M\u00f4n 200g Relish de cogombres Halen M\u00f4n 270g Orenga Colmado Singular 20g Gochugaru Colmado Singular 20g Pebre negre sencer Parameswaran&#039;s 75g 3 sobres de sal pura blanca Halen M\u00f4n 3g Barretera Anima&#039;t seguint els passos en v\u00eddeo! En aquest kit, el protagonista \u00e9s el tom\u00e0quet de Paolo Petrilli, l&#039;ess\u00e8ncia m\u00e9s pura del tom\u00e0quet en un pot de quilo. El seu sabor i estructura el fan perfecte per a aquesta elaboraci\u00f3. Recollit al punt ideal de maduresa, amb un cultiu 100% ecol\u00f2gic i envasat a m\u00e0. Tamb\u00e9 incloem la resta d&#039;ingredients necessaris per aconseguir un resultat perfecte: la mostassa fumada de Halen M\u00f4n, el seu k\u00e9tchup de Bloody Mary, amb un punt picant ideal per a l&#039;elaboraci\u00f3, el relish de cogombrets i anet, la maionesa Armanti i tres esp\u00e8cies per completar el kit: Gochugaru, orenga i pebre negre Paramenswaran\u00b4s.\" \/>\n<meta property=\"og:url\" content=\"https:\/\/colmadosingular.com\/ca\/producto\/tartar-de-tomate\/\" \/>\n<meta property=\"og:site_name\" content=\"Colmado Singular\" \/>\n<meta property=\"article:modified_time\" content=\"2026-03-03T13:21:43+00:00\" \/>\n<meta property=\"og:image\" content=\"https:\/\/colmadosingular.com\/wp-content\/uploads\/2024\/08\/kr003_tartar-de-tomate.jpg\" \/>\n\t<meta property=\"og:image:width\" content=\"1200\" \/>\n\t<meta property=\"og:image:height\" content=\"1200\" \/>\n\t<meta property=\"og:image:type\" content=\"image\/jpeg\" \/>\n<meta name=\"twitter:card\" content=\"summary_large_image\" \/>\n<script type=\"application\/ld+json\" class=\"yoast-schema-graph\">{\"@context\":\"https:\/\/schema.org\",\"@graph\":[{\"@type\":\"WebPage\",\"@id\":\"https:\/\/colmadosingular.com\/ca\/producto\/tartar-de-tomate\/\",\"url\":\"https:\/\/colmadosingular.com\/ca\/producto\/tartar-de-tomate\/\",\"name\":\"KIT TARTAR DE TOM\u00c0QUET - Colmado Singular\",\"isPartOf\":{\"@id\":\"https:\/\/colmadosingular.com\/ca\/#website\"},\"primaryImageOfPage\":{\"@id\":\"https:\/\/colmadosingular.com\/ca\/producto\/tartar-de-tomate\/#primaryimage\"},\"image\":{\"@id\":\"https:\/\/colmadosingular.com\/ca\/producto\/tartar-de-tomate\/#primaryimage\"},\"thumbnailUrl\":\"https:\/\/colmadosingular.com\/wp-content\/uploads\/2024\/08\/kr003_tartar-de-tomate.jpg\",\"datePublished\":\"2024-08-12T14:23:19+00:00\",\"dateModified\":\"2026-03-03T13:21:43+00:00\",\"breadcrumb\":{\"@id\":\"https:\/\/colmadosingular.com\/ca\/producto\/tartar-de-tomate\/#breadcrumb\"},\"inLanguage\":\"ca\",\"potentialAction\":[{\"@type\":\"ReadAction\",\"target\":[\"https:\/\/colmadosingular.com\/ca\/producto\/tartar-de-tomate\/\"]}]},{\"@type\":\"ImageObject\",\"inLanguage\":\"ca\",\"@id\":\"https:\/\/colmadosingular.com\/ca\/producto\/tartar-de-tomate\/#primaryimage\",\"url\":\"https:\/\/colmadosingular.com\/wp-content\/uploads\/2024\/08\/kr003_tartar-de-tomate.jpg\",\"contentUrl\":\"https:\/\/colmadosingular.com\/wp-content\/uploads\/2024\/08\/kr003_tartar-de-tomate.jpg\",\"width\":1200,\"height\":1200},{\"@type\":\"BreadcrumbList\",\"@id\":\"https:\/\/colmadosingular.com\/ca\/producto\/tartar-de-tomate\/#breadcrumb\",\"itemListElement\":[{\"@type\":\"ListItem\",\"position\":1,\"name\":\"Portada\",\"item\":\"https:\/\/colmadosingular.com\/ca\/inici\/\"},{\"@type\":\"ListItem\",\"position\":2,\"name\":\"BOTIGA\",\"item\":\"https:\/\/colmadosingular.com\/ca\/shop\/\"},{\"@type\":\"ListItem\",\"position\":3,\"name\":\"KIT TARTAR DE TOM\u00c0QUET\"}]},{\"@type\":\"WebSite\",\"@id\":\"https:\/\/colmadosingular.com\/ca\/#website\",\"url\":\"https:\/\/colmadosingular.com\/ca\/\",\"name\":\"Colmado Singular\",\"description\":\"\",\"publisher\":{\"@id\":\"https:\/\/colmadosingular.com\/ca\/#organization\"},\"potentialAction\":[{\"@type\":\"SearchAction\",\"target\":{\"@type\":\"EntryPoint\",\"urlTemplate\":\"https:\/\/colmadosingular.com\/ca\/?s={search_term_string}\"},\"query-input\":{\"@type\":\"PropertyValueSpecification\",\"valueRequired\":true,\"valueName\":\"search_term_string\"}}],\"inLanguage\":\"ca\"},{\"@type\":\"Organization\",\"@id\":\"https:\/\/colmadosingular.com\/ca\/#organization\",\"name\":\"Colmado Singular\",\"url\":\"https:\/\/colmadosingular.com\/ca\/\",\"logo\":{\"@type\":\"ImageObject\",\"inLanguage\":\"ca\",\"@id\":\"https:\/\/colmadosingular.com\/ca\/#\/schema\/logo\/image\/\",\"url\":\"https:\/\/colmadosingular.com\/wp-content\/uploads\/2024\/08\/logo-colmado.svg\",\"contentUrl\":\"https:\/\/colmadosingular.com\/wp-content\/uploads\/2024\/08\/logo-colmado.svg\",\"width\":620,\"height\":50,\"caption\":\"Colmado Singular\"},\"image\":{\"@id\":\"https:\/\/colmadosingular.com\/ca\/#\/schema\/logo\/image\/\"}}]}<\/script>\n<!-- \/ Yoast SEO plugin. -->","yoast_head_json":{"title":"KIT TARTAR DE TOM\u00c0QUET - Colmado Singular","robots":{"index":"index","follow":"follow","max-snippet":"max-snippet:-1","max-image-preview":"max-image-preview:large","max-video-preview":"max-video-preview:-1"},"canonical":"https:\/\/colmadosingular.com\/ca\/producto\/tartar-de-tomate\/","og_locale":"ca_ES","og_type":"article","og_title":"KIT TARTAR DE TOM\u00c0QUET - Colmado Singular","og_description":"Tom\u00e0quet sencer pelat Paolo Petrilli 1062ml Maionesa Armanti 80% oli 250ml Ketchup Bloody Mary Halen M\u00f4n 250g Mostassa Dijon fumada Halen M\u00f4n 200g Relish de cogombres Halen M\u00f4n 270g Orenga Colmado Singular 20g Gochugaru Colmado Singular 20g Pebre negre sencer Parameswaran's 75g 3 sobres de sal pura blanca Halen M\u00f4n 3g Barretera Anima't seguint els passos en v\u00eddeo! En aquest kit, el protagonista \u00e9s el tom\u00e0quet de Paolo Petrilli, l'ess\u00e8ncia m\u00e9s pura del tom\u00e0quet en un pot de quilo. El seu sabor i estructura el fan perfecte per a aquesta elaboraci\u00f3. Recollit al punt ideal de maduresa, amb un cultiu 100% ecol\u00f2gic i envasat a m\u00e0. Tamb\u00e9 incloem la resta d'ingredients necessaris per aconseguir un resultat perfecte: la mostassa fumada de Halen M\u00f4n, el seu k\u00e9tchup de Bloody Mary, amb un punt picant ideal per a l'elaboraci\u00f3, el relish de cogombrets i anet, la maionesa Armanti i tres esp\u00e8cies per completar el kit: Gochugaru, orenga i pebre negre Paramenswaran\u00b4s.","og_url":"https:\/\/colmadosingular.com\/ca\/producto\/tartar-de-tomate\/","og_site_name":"Colmado Singular","article_modified_time":"2026-03-03T13:21:43+00:00","og_image":[{"width":1200,"height":1200,"url":"https:\/\/colmadosingular.com\/wp-content\/uploads\/2024\/08\/kr003_tartar-de-tomate.jpg","type":"image\/jpeg"}],"twitter_card":"summary_large_image","schema":{"@context":"https:\/\/schema.org","@graph":[{"@type":"WebPage","@id":"https:\/\/colmadosingular.com\/ca\/producto\/tartar-de-tomate\/","url":"https:\/\/colmadosingular.com\/ca\/producto\/tartar-de-tomate\/","name":"KIT TARTAR DE TOM\u00c0QUET - Colmado Singular","isPartOf":{"@id":"https:\/\/colmadosingular.com\/ca\/#website"},"primaryImageOfPage":{"@id":"https:\/\/colmadosingular.com\/ca\/producto\/tartar-de-tomate\/#primaryimage"},"image":{"@id":"https:\/\/colmadosingular.com\/ca\/producto\/tartar-de-tomate\/#primaryimage"},"thumbnailUrl":"https:\/\/colmadosingular.com\/wp-content\/uploads\/2024\/08\/kr003_tartar-de-tomate.jpg","datePublished":"2024-08-12T14:23:19+00:00","dateModified":"2026-03-03T13:21:43+00:00","breadcrumb":{"@id":"https:\/\/colmadosingular.com\/ca\/producto\/tartar-de-tomate\/#breadcrumb"},"inLanguage":"ca","potentialAction":[{"@type":"ReadAction","target":["https:\/\/colmadosingular.com\/ca\/producto\/tartar-de-tomate\/"]}]},{"@type":"ImageObject","inLanguage":"ca","@id":"https:\/\/colmadosingular.com\/ca\/producto\/tartar-de-tomate\/#primaryimage","url":"https:\/\/colmadosingular.com\/wp-content\/uploads\/2024\/08\/kr003_tartar-de-tomate.jpg","contentUrl":"https:\/\/colmadosingular.com\/wp-content\/uploads\/2024\/08\/kr003_tartar-de-tomate.jpg","width":1200,"height":1200},{"@type":"BreadcrumbList","@id":"https:\/\/colmadosingular.com\/ca\/producto\/tartar-de-tomate\/#breadcrumb","itemListElement":[{"@type":"ListItem","position":1,"name":"Portada","item":"https:\/\/colmadosingular.com\/ca\/inici\/"},{"@type":"ListItem","position":2,"name":"BOTIGA","item":"https:\/\/colmadosingular.com\/ca\/shop\/"},{"@type":"ListItem","position":3,"name":"KIT TARTAR DE TOM\u00c0QUET"}]},{"@type":"WebSite","@id":"https:\/\/colmadosingular.com\/ca\/#website","url":"https:\/\/colmadosingular.com\/ca\/","name":"Colmado Singular","description":"","publisher":{"@id":"https:\/\/colmadosingular.com\/ca\/#organization"},"potentialAction":[{"@type":"SearchAction","target":{"@type":"EntryPoint","urlTemplate":"https:\/\/colmadosingular.com\/ca\/?s={search_term_string}"},"query-input":{"@type":"PropertyValueSpecification","valueRequired":true,"valueName":"search_term_string"}}],"inLanguage":"ca"},{"@type":"Organization","@id":"https:\/\/colmadosingular.com\/ca\/#organization","name":"Colmado Singular","url":"https:\/\/colmadosingular.com\/ca\/","logo":{"@type":"ImageObject","inLanguage":"ca","@id":"https:\/\/colmadosingular.com\/ca\/#\/schema\/logo\/image\/","url":"https:\/\/colmadosingular.com\/wp-content\/uploads\/2024\/08\/logo-colmado.svg","contentUrl":"https:\/\/colmadosingular.com\/wp-content\/uploads\/2024\/08\/logo-colmado.svg","width":620,"height":50,"caption":"Colmado Singular"},"image":{"@id":"https:\/\/colmadosingular.com\/ca\/#\/schema\/logo\/image\/"}}]}},"_links":{"self":[{"href":"https:\/\/colmadosingular.com\/ca\/wp-json\/wp\/v2\/product\/986198","targetHints":{"allow":["GET"]}}],"collection":[{"href":"https:\/\/colmadosingular.com\/ca\/wp-json\/wp\/v2\/product"}],"about":[{"href":"https:\/\/colmadosingular.com\/ca\/wp-json\/wp\/v2\/types\/product"}],"wp:featuredmedia":[{"embeddable":true,"href":"https:\/\/colmadosingular.com\/ca\/wp-json\/wp\/v2\/media\/9931"}],"wp:attachment":[{"href":"https:\/\/colmadosingular.com\/ca\/wp-json\/wp\/v2\/media?parent=986198"}],"wp:term":[{"taxonomy":"product_brand","embeddable":true,"href":"https:\/\/colmadosingular.com\/ca\/wp-json\/wp\/v2\/product_brand?post=986198"},{"taxonomy":"product_cat","embeddable":true,"href":"https:\/\/colmadosingular.com\/ca\/wp-json\/wp\/v2\/product_cat?post=986198"},{"taxonomy":"product_tag","embeddable":true,"href":"https:\/\/colmadosingular.com\/ca\/wp-json\/wp\/v2\/product_tag?post=986198"}],"curies":[{"name":"wp","href":"https:\/\/api.w.org\/{rel}","templated":true}]}}