{"id":986199,"date":"2024-08-12T16:23:19","date_gmt":"2024-08-12T14:23:19","guid":{"rendered":"https:\/\/colmadosingular.com\/producto\/pasta-colmado\/"},"modified":"2026-03-03T14:24:10","modified_gmt":"2026-03-03T13:24:10","slug":"pasta-colmado","status":"publish","type":"product","link":"https:\/\/colmadosingular.com\/ca\/producto\/pasta-colmado\/","title":{"rendered":"KIT PASTA &#8220;COLMADO&#8221;"},"content":{"rendered":"","protected":false},"excerpt":{"rendered":"<p class=\"p1\"><span class=\"s1\">Orecchiette Benedetto Cavalieri 500g<br \/>\n2 tom\u00e0quets grocs pelats al seu suc Finagricola 350g<br \/>\nPesto genov\u00e8s Rossi 85g<br \/>\nOlives Leccina desossades De Carlo 200g<br \/>\nGrelos (cime di rapa) De Carlo 200g<br \/>\nT\u00e0peres de Salina mitjanes 250g<br \/>\nOrenga 20g<br \/>\nParmes\u00e0 Malandrone 26 mesos 200g aprox.<br \/>\nBarretera<\/span><\/p>\n<p><a href=\"https:\/\/www.instagram.com\/tv\/Cb5qgDAj4CF\/?utm_medium=copy_link\"><strong>Anima&#8217;t seguint els passos en v\u00eddeo!<\/strong><\/a><\/p>\n<p class=\"p1\">Probablement el kit m\u00e9s personal de Colmado Singular, d&#8217;aqu\u00ed el nom. \u00c9s la pasta de la casa, tom\u00e0quet groc molt dol\u00e7, t\u00e0peres, olives i cim de rapa per compensar amb punts salins i amargs. El pesto Rossi, elaborat amb alf\u00e0brega denominaci\u00f3 d&#8217;origen G\u00e8nova. Orenga i pasta de Benedetto Cavalieri.Tamb\u00e9 hi incloem un tall de parmes\u00e0 Malandrone per si t&#8217;agrada rematar els plats de pasta amb un extra de formatge. \u00c9s la pasta preferida de la casa per la seva combinaci\u00f3 de sabors mediterranis.     <\/p>\n<p>&nbsp;<\/p>\n","protected":false},"featured_media":10246,"template":"","meta":{"_acf_changed":false,"_monsterinsights_skip_tracking":false,"_monsterinsights_sitenote_active":false,"_monsterinsights_sitenote_note":"","_monsterinsights_sitenote_category":0,"_joinchat":[]},"product_brand":[],"product_cat":[218,219],"product_tag":[],"class_list":{"0":"post-986199","1":"product","2":"type-product","3":"status-publish","4":"has-post-thumbnail","6":"product_cat-regalos-ca","7":"product_cat-kit-recetas-ca","9":"first","10":"instock","11":"taxable","12":"shipping-taxable","13":"purchasable","14":"product-type-simple"},"acf":[],"yoast_head":"<!-- This site is optimized with the Yoast SEO plugin v24.8.1 - https:\/\/yoast.com\/wordpress\/plugins\/seo\/ -->\n<title>KIT PASTA &quot;COLMADO&quot; - Colmado Singular<\/title>\n<meta name=\"robots\" content=\"index, follow, max-snippet:-1, max-image-preview:large, max-video-preview:-1\" \/>\n<link rel=\"canonical\" href=\"https:\/\/colmadosingular.com\/ca\/producto\/pasta-colmado\/\" \/>\n<meta property=\"og:locale\" content=\"ca_ES\" \/>\n<meta property=\"og:type\" content=\"article\" \/>\n<meta property=\"og:title\" content=\"KIT PASTA &quot;COLMADO&quot; - Colmado Singular\" \/>\n<meta property=\"og:description\" content=\"Orecchiette Benedetto Cavalieri 500g 2 tom\u00e0quets grocs pelats al seu suc Finagricola 350g Pesto genov\u00e8s Rossi 85g Olives Leccina desossades De Carlo 200g Grelos (cime di rapa) De Carlo 200g T\u00e0peres de Salina mitjanes 250g Orenga 20g Parmes\u00e0 Malandrone 26 mesos 200g aprox. Barretera Anima&#039;t seguint els passos en v\u00eddeo! Probablement el kit m\u00e9s personal de Colmado Singular, d&#039;aqu\u00ed el nom. \u00c9s la pasta de la casa, tom\u00e0quet groc molt dol\u00e7, t\u00e0peres, olives i cim de rapa per compensar amb punts salins i amargs. El pesto Rossi, elaborat amb alf\u00e0brega denominaci\u00f3 d&#039;origen G\u00e8nova. Orenga i pasta de Benedetto Cavalieri.Tamb\u00e9 hi incloem un tall de parmes\u00e0 Malandrone per si t&#039;agrada rematar els plats de pasta amb un extra de formatge. \u00c9s la pasta preferida de la casa per la seva combinaci\u00f3 de sabors mediterranis.   &nbsp;\" \/>\n<meta property=\"og:url\" content=\"https:\/\/colmadosingular.com\/ca\/producto\/pasta-colmado\/\" \/>\n<meta property=\"og:site_name\" content=\"Colmado Singular\" \/>\n<meta property=\"article:modified_time\" content=\"2026-03-03T13:24:10+00:00\" \/>\n<meta property=\"og:image\" content=\"https:\/\/colmadosingular.com\/wp-content\/uploads\/2024\/08\/KR004_24760277_BxGris.jpg\" \/>\n\t<meta property=\"og:image:width\" content=\"1200\" \/>\n\t<meta property=\"og:image:height\" content=\"1200\" \/>\n\t<meta property=\"og:image:type\" content=\"image\/jpeg\" \/>\n<meta name=\"twitter:card\" content=\"summary_large_image\" \/>\n<script type=\"application\/ld+json\" class=\"yoast-schema-graph\">{\"@context\":\"https:\/\/schema.org\",\"@graph\":[{\"@type\":\"WebPage\",\"@id\":\"https:\/\/colmadosingular.com\/ca\/producto\/pasta-colmado\/\",\"url\":\"https:\/\/colmadosingular.com\/ca\/producto\/pasta-colmado\/\",\"name\":\"KIT PASTA \\\"COLMADO\\\" - Colmado Singular\",\"isPartOf\":{\"@id\":\"https:\/\/colmadosingular.com\/ca\/#website\"},\"primaryImageOfPage\":{\"@id\":\"https:\/\/colmadosingular.com\/ca\/producto\/pasta-colmado\/#primaryimage\"},\"image\":{\"@id\":\"https:\/\/colmadosingular.com\/ca\/producto\/pasta-colmado\/#primaryimage\"},\"thumbnailUrl\":\"https:\/\/colmadosingular.com\/wp-content\/uploads\/2024\/08\/KR004_24760277_BxGris.jpg\",\"datePublished\":\"2024-08-12T14:23:19+00:00\",\"dateModified\":\"2026-03-03T13:24:10+00:00\",\"breadcrumb\":{\"@id\":\"https:\/\/colmadosingular.com\/ca\/producto\/pasta-colmado\/#breadcrumb\"},\"inLanguage\":\"ca\",\"potentialAction\":[{\"@type\":\"ReadAction\",\"target\":[\"https:\/\/colmadosingular.com\/ca\/producto\/pasta-colmado\/\"]}]},{\"@type\":\"ImageObject\",\"inLanguage\":\"ca\",\"@id\":\"https:\/\/colmadosingular.com\/ca\/producto\/pasta-colmado\/#primaryimage\",\"url\":\"https:\/\/colmadosingular.com\/wp-content\/uploads\/2024\/08\/KR004_24760277_BxGris.jpg\",\"contentUrl\":\"https:\/\/colmadosingular.com\/wp-content\/uploads\/2024\/08\/KR004_24760277_BxGris.jpg\",\"width\":1200,\"height\":1200},{\"@type\":\"BreadcrumbList\",\"@id\":\"https:\/\/colmadosingular.com\/ca\/producto\/pasta-colmado\/#breadcrumb\",\"itemListElement\":[{\"@type\":\"ListItem\",\"position\":1,\"name\":\"Portada\",\"item\":\"https:\/\/colmadosingular.com\/ca\/inici\/\"},{\"@type\":\"ListItem\",\"position\":2,\"name\":\"BOTIGA\",\"item\":\"https:\/\/colmadosingular.com\/ca\/shop\/\"},{\"@type\":\"ListItem\",\"position\":3,\"name\":\"KIT PASTA &#8220;COLMADO&#8221;\"}]},{\"@type\":\"WebSite\",\"@id\":\"https:\/\/colmadosingular.com\/ca\/#website\",\"url\":\"https:\/\/colmadosingular.com\/ca\/\",\"name\":\"Colmado Singular\",\"description\":\"\",\"publisher\":{\"@id\":\"https:\/\/colmadosingular.com\/ca\/#organization\"},\"potentialAction\":[{\"@type\":\"SearchAction\",\"target\":{\"@type\":\"EntryPoint\",\"urlTemplate\":\"https:\/\/colmadosingular.com\/ca\/?s={search_term_string}\"},\"query-input\":{\"@type\":\"PropertyValueSpecification\",\"valueRequired\":true,\"valueName\":\"search_term_string\"}}],\"inLanguage\":\"ca\"},{\"@type\":\"Organization\",\"@id\":\"https:\/\/colmadosingular.com\/ca\/#organization\",\"name\":\"Colmado Singular\",\"url\":\"https:\/\/colmadosingular.com\/ca\/\",\"logo\":{\"@type\":\"ImageObject\",\"inLanguage\":\"ca\",\"@id\":\"https:\/\/colmadosingular.com\/ca\/#\/schema\/logo\/image\/\",\"url\":\"https:\/\/colmadosingular.com\/wp-content\/uploads\/2024\/08\/logo-colmado.svg\",\"contentUrl\":\"https:\/\/colmadosingular.com\/wp-content\/uploads\/2024\/08\/logo-colmado.svg\",\"width\":620,\"height\":50,\"caption\":\"Colmado Singular\"},\"image\":{\"@id\":\"https:\/\/colmadosingular.com\/ca\/#\/schema\/logo\/image\/\"}}]}<\/script>\n<!-- \/ Yoast SEO plugin. -->","yoast_head_json":{"title":"KIT PASTA \"COLMADO\" - Colmado Singular","robots":{"index":"index","follow":"follow","max-snippet":"max-snippet:-1","max-image-preview":"max-image-preview:large","max-video-preview":"max-video-preview:-1"},"canonical":"https:\/\/colmadosingular.com\/ca\/producto\/pasta-colmado\/","og_locale":"ca_ES","og_type":"article","og_title":"KIT PASTA \"COLMADO\" - Colmado Singular","og_description":"Orecchiette Benedetto Cavalieri 500g 2 tom\u00e0quets grocs pelats al seu suc Finagricola 350g Pesto genov\u00e8s Rossi 85g Olives Leccina desossades De Carlo 200g Grelos (cime di rapa) De Carlo 200g T\u00e0peres de Salina mitjanes 250g Orenga 20g Parmes\u00e0 Malandrone 26 mesos 200g aprox. Barretera Anima't seguint els passos en v\u00eddeo! Probablement el kit m\u00e9s personal de Colmado Singular, d'aqu\u00ed el nom. \u00c9s la pasta de la casa, tom\u00e0quet groc molt dol\u00e7, t\u00e0peres, olives i cim de rapa per compensar amb punts salins i amargs. El pesto Rossi, elaborat amb alf\u00e0brega denominaci\u00f3 d'origen G\u00e8nova. Orenga i pasta de Benedetto Cavalieri.Tamb\u00e9 hi incloem un tall de parmes\u00e0 Malandrone per si t'agrada rematar els plats de pasta amb un extra de formatge. \u00c9s la pasta preferida de la casa per la seva combinaci\u00f3 de sabors mediterranis.   &nbsp;","og_url":"https:\/\/colmadosingular.com\/ca\/producto\/pasta-colmado\/","og_site_name":"Colmado Singular","article_modified_time":"2026-03-03T13:24:10+00:00","og_image":[{"width":1200,"height":1200,"url":"https:\/\/colmadosingular.com\/wp-content\/uploads\/2024\/08\/KR004_24760277_BxGris.jpg","type":"image\/jpeg"}],"twitter_card":"summary_large_image","schema":{"@context":"https:\/\/schema.org","@graph":[{"@type":"WebPage","@id":"https:\/\/colmadosingular.com\/ca\/producto\/pasta-colmado\/","url":"https:\/\/colmadosingular.com\/ca\/producto\/pasta-colmado\/","name":"KIT PASTA \"COLMADO\" - Colmado Singular","isPartOf":{"@id":"https:\/\/colmadosingular.com\/ca\/#website"},"primaryImageOfPage":{"@id":"https:\/\/colmadosingular.com\/ca\/producto\/pasta-colmado\/#primaryimage"},"image":{"@id":"https:\/\/colmadosingular.com\/ca\/producto\/pasta-colmado\/#primaryimage"},"thumbnailUrl":"https:\/\/colmadosingular.com\/wp-content\/uploads\/2024\/08\/KR004_24760277_BxGris.jpg","datePublished":"2024-08-12T14:23:19+00:00","dateModified":"2026-03-03T13:24:10+00:00","breadcrumb":{"@id":"https:\/\/colmadosingular.com\/ca\/producto\/pasta-colmado\/#breadcrumb"},"inLanguage":"ca","potentialAction":[{"@type":"ReadAction","target":["https:\/\/colmadosingular.com\/ca\/producto\/pasta-colmado\/"]}]},{"@type":"ImageObject","inLanguage":"ca","@id":"https:\/\/colmadosingular.com\/ca\/producto\/pasta-colmado\/#primaryimage","url":"https:\/\/colmadosingular.com\/wp-content\/uploads\/2024\/08\/KR004_24760277_BxGris.jpg","contentUrl":"https:\/\/colmadosingular.com\/wp-content\/uploads\/2024\/08\/KR004_24760277_BxGris.jpg","width":1200,"height":1200},{"@type":"BreadcrumbList","@id":"https:\/\/colmadosingular.com\/ca\/producto\/pasta-colmado\/#breadcrumb","itemListElement":[{"@type":"ListItem","position":1,"name":"Portada","item":"https:\/\/colmadosingular.com\/ca\/inici\/"},{"@type":"ListItem","position":2,"name":"BOTIGA","item":"https:\/\/colmadosingular.com\/ca\/shop\/"},{"@type":"ListItem","position":3,"name":"KIT PASTA &#8220;COLMADO&#8221;"}]},{"@type":"WebSite","@id":"https:\/\/colmadosingular.com\/ca\/#website","url":"https:\/\/colmadosingular.com\/ca\/","name":"Colmado Singular","description":"","publisher":{"@id":"https:\/\/colmadosingular.com\/ca\/#organization"},"potentialAction":[{"@type":"SearchAction","target":{"@type":"EntryPoint","urlTemplate":"https:\/\/colmadosingular.com\/ca\/?s={search_term_string}"},"query-input":{"@type":"PropertyValueSpecification","valueRequired":true,"valueName":"search_term_string"}}],"inLanguage":"ca"},{"@type":"Organization","@id":"https:\/\/colmadosingular.com\/ca\/#organization","name":"Colmado Singular","url":"https:\/\/colmadosingular.com\/ca\/","logo":{"@type":"ImageObject","inLanguage":"ca","@id":"https:\/\/colmadosingular.com\/ca\/#\/schema\/logo\/image\/","url":"https:\/\/colmadosingular.com\/wp-content\/uploads\/2024\/08\/logo-colmado.svg","contentUrl":"https:\/\/colmadosingular.com\/wp-content\/uploads\/2024\/08\/logo-colmado.svg","width":620,"height":50,"caption":"Colmado Singular"},"image":{"@id":"https:\/\/colmadosingular.com\/ca\/#\/schema\/logo\/image\/"}}]}},"_links":{"self":[{"href":"https:\/\/colmadosingular.com\/ca\/wp-json\/wp\/v2\/product\/986199","targetHints":{"allow":["GET"]}}],"collection":[{"href":"https:\/\/colmadosingular.com\/ca\/wp-json\/wp\/v2\/product"}],"about":[{"href":"https:\/\/colmadosingular.com\/ca\/wp-json\/wp\/v2\/types\/product"}],"wp:featuredmedia":[{"embeddable":true,"href":"https:\/\/colmadosingular.com\/ca\/wp-json\/wp\/v2\/media\/10246"}],"wp:attachment":[{"href":"https:\/\/colmadosingular.com\/ca\/wp-json\/wp\/v2\/media?parent=986199"}],"wp:term":[{"taxonomy":"product_brand","embeddable":true,"href":"https:\/\/colmadosingular.com\/ca\/wp-json\/wp\/v2\/product_brand?post=986199"},{"taxonomy":"product_cat","embeddable":true,"href":"https:\/\/colmadosingular.com\/ca\/wp-json\/wp\/v2\/product_cat?post=986199"},{"taxonomy":"product_tag","embeddable":true,"href":"https:\/\/colmadosingular.com\/ca\/wp-json\/wp\/v2\/product_tag?post=986199"}],"curies":[{"name":"wp","href":"https:\/\/api.w.org\/{rel}","templated":true}]}}