{"id":986200,"date":"2024-08-12T16:23:19","date_gmt":"2024-08-12T14:23:19","guid":{"rendered":"https:\/\/colmadosingular.com\/producto\/risotto-milanes\/"},"modified":"2025-02-04T17:52:01","modified_gmt":"2025-02-04T16:52:01","slug":"risotto-milanes","status":"publish","type":"product","link":"https:\/\/colmadosingular.com\/ca\/producto\/risotto-milanes\/","title":{"rendered":"KIT RISOTTO MILAN\u00c8S"},"content":{"rendered":"","protected":false},"excerpt":{"rendered":"<p class=\"p1\"><span class=\"s1\">Arr\u00f2s Acquerello 1kg<br \/>\n Safr\u00e0 Royal Saffron 1.000mg<br \/>\n Parmes\u00e0 Malandrone 26 mesos 200g aprox.<br \/>\n Brou de pollastre Colmado Singular 30g<br \/>\n Pebre negre sencer Parameswaran&#8217;s 75g<br \/>\n 3 sobres de sal pura blanca Halen M\u00f4n 3g<br \/>\n Barretera<\/span><\/p>\n<p><a href=\"https:\/\/www.instagram.com\/tv\/CbVhIxYjpHY\/?utm_medium=copy_link\"><strong>Anima&#8217;t seguint els passos en v\u00eddeo!<\/strong><\/a><\/p>\n<p class=\"p1\">En aquest kit hi podem trobar 1 kg d&#8217;arr\u00f2s Acquerello, considerat el millor arr\u00f2s del m\u00f3n; l&#8217;\u00fanic arr\u00f2s blanc amb qualitats d&#8217;arr\u00f2s integral gr\u00e0cies al proc\u00e9s de reincorporaci\u00f3 del germen una vegada pelat el gra. Aix\u00f2 ens ajudar\u00e0 a aconseguir la untuositat ideal per al risotto. A m\u00e9s, una cunya de formatge parmes\u00e0 Malandrone, pebre negre Paramenswaran\u00b4s, brou de pollastre natural 100% deshidratat i safr\u00e0 de Kashmir amb un alt nivell d\u00b4olis essencials que ajudar\u00e0 a aromatitzar i donar color.  <\/p>\n","protected":false},"featured_media":981874,"template":"","meta":{"_acf_changed":false,"_monsterinsights_skip_tracking":false,"_monsterinsights_sitenote_active":false,"_monsterinsights_sitenote_note":"","_monsterinsights_sitenote_category":0,"_joinchat":[]},"product_brand":[],"product_cat":[218,219],"product_tag":[],"class_list":{"0":"post-986200","1":"product","2":"type-product","3":"status-publish","4":"has-post-thumbnail","6":"product_cat-regalos-ca","7":"product_cat-kit-recetas-ca","9":"first","10":"instock","11":"taxable","12":"shipping-taxable","13":"purchasable","14":"product-type-simple"},"acf":[],"yoast_head":"<!-- This site is optimized with the Yoast SEO plugin v24.8.1 - https:\/\/yoast.com\/wordpress\/plugins\/seo\/ -->\n<title>KIT RISOTTO MILAN\u00c8S - Colmado Singular<\/title>\n<meta name=\"robots\" content=\"index, follow, max-snippet:-1, max-image-preview:large, max-video-preview:-1\" \/>\n<link rel=\"canonical\" href=\"https:\/\/colmadosingular.com\/ca\/producto\/risotto-milanes\/\" \/>\n<meta property=\"og:locale\" content=\"ca_ES\" \/>\n<meta property=\"og:type\" content=\"article\" \/>\n<meta property=\"og:title\" content=\"KIT RISOTTO MILAN\u00c8S - Colmado Singular\" \/>\n<meta property=\"og:description\" content=\"Arr\u00f2s Acquerello 1kg Safr\u00e0 Royal Saffron 1.000mg Parmes\u00e0 Malandrone 26 mesos 200g aprox. Brou de pollastre Colmado Singular 30g Pebre negre sencer Parameswaran&#039;s 75g 3 sobres de sal pura blanca Halen M\u00f4n 3g Barretera Anima&#039;t seguint els passos en v\u00eddeo! En aquest kit hi podem trobar 1 kg d&#039;arr\u00f2s Acquerello, considerat el millor arr\u00f2s del m\u00f3n; l&#039;\u00fanic arr\u00f2s blanc amb qualitats d&#039;arr\u00f2s integral gr\u00e0cies al proc\u00e9s de reincorporaci\u00f3 del germen una vegada pelat el gra. Aix\u00f2 ens ajudar\u00e0 a aconseguir la untuositat ideal per al risotto. A m\u00e9s, una cunya de formatge parmes\u00e0 Malandrone, pebre negre Paramenswaran\u00b4s, brou de pollastre natural 100% deshidratat i safr\u00e0 de Kashmir amb un alt nivell d\u00b4olis essencials que ajudar\u00e0 a aromatitzar i donar color.\" \/>\n<meta property=\"og:url\" content=\"https:\/\/colmadosingular.com\/ca\/producto\/risotto-milanes\/\" \/>\n<meta property=\"og:site_name\" content=\"Colmado Singular\" \/>\n<meta property=\"article:modified_time\" content=\"2025-02-04T16:52:01+00:00\" \/>\n<meta property=\"og:image\" content=\"https:\/\/colmadosingular.com\/wp-content\/uploads\/2024\/08\/KR002_24760293_AtGris_ok_caldopollo.jpg\" \/>\n\t<meta property=\"og:image:width\" content=\"2382\" \/>\n\t<meta property=\"og:image:height\" content=\"2382\" \/>\n\t<meta property=\"og:image:type\" content=\"image\/jpeg\" \/>\n<meta name=\"twitter:card\" content=\"summary_large_image\" \/>\n<script type=\"application\/ld+json\" class=\"yoast-schema-graph\">{\"@context\":\"https:\/\/schema.org\",\"@graph\":[{\"@type\":\"WebPage\",\"@id\":\"https:\/\/colmadosingular.com\/ca\/producto\/risotto-milanes\/\",\"url\":\"https:\/\/colmadosingular.com\/ca\/producto\/risotto-milanes\/\",\"name\":\"KIT RISOTTO MILAN\u00c8S - Colmado Singular\",\"isPartOf\":{\"@id\":\"https:\/\/colmadosingular.com\/ca\/#website\"},\"primaryImageOfPage\":{\"@id\":\"https:\/\/colmadosingular.com\/ca\/producto\/risotto-milanes\/#primaryimage\"},\"image\":{\"@id\":\"https:\/\/colmadosingular.com\/ca\/producto\/risotto-milanes\/#primaryimage\"},\"thumbnailUrl\":\"https:\/\/colmadosingular.com\/wp-content\/uploads\/2024\/08\/KR002_24760293_AtGris_ok_caldopollo.jpg\",\"datePublished\":\"2024-08-12T14:23:19+00:00\",\"dateModified\":\"2025-02-04T16:52:01+00:00\",\"breadcrumb\":{\"@id\":\"https:\/\/colmadosingular.com\/ca\/producto\/risotto-milanes\/#breadcrumb\"},\"inLanguage\":\"ca\",\"potentialAction\":[{\"@type\":\"ReadAction\",\"target\":[\"https:\/\/colmadosingular.com\/ca\/producto\/risotto-milanes\/\"]}]},{\"@type\":\"ImageObject\",\"inLanguage\":\"ca\",\"@id\":\"https:\/\/colmadosingular.com\/ca\/producto\/risotto-milanes\/#primaryimage\",\"url\":\"https:\/\/colmadosingular.com\/wp-content\/uploads\/2024\/08\/KR002_24760293_AtGris_ok_caldopollo.jpg\",\"contentUrl\":\"https:\/\/colmadosingular.com\/wp-content\/uploads\/2024\/08\/KR002_24760293_AtGris_ok_caldopollo.jpg\",\"width\":2382,\"height\":2382},{\"@type\":\"BreadcrumbList\",\"@id\":\"https:\/\/colmadosingular.com\/ca\/producto\/risotto-milanes\/#breadcrumb\",\"itemListElement\":[{\"@type\":\"ListItem\",\"position\":1,\"name\":\"Portada\",\"item\":\"https:\/\/colmadosingular.com\/ca\/inici\/\"},{\"@type\":\"ListItem\",\"position\":2,\"name\":\"BOTIGA\",\"item\":\"https:\/\/colmadosingular.com\/ca\/shop\/\"},{\"@type\":\"ListItem\",\"position\":3,\"name\":\"KIT RISOTTO MILAN\u00c8S\"}]},{\"@type\":\"WebSite\",\"@id\":\"https:\/\/colmadosingular.com\/ca\/#website\",\"url\":\"https:\/\/colmadosingular.com\/ca\/\",\"name\":\"Colmado Singular\",\"description\":\"\",\"publisher\":{\"@id\":\"https:\/\/colmadosingular.com\/ca\/#organization\"},\"potentialAction\":[{\"@type\":\"SearchAction\",\"target\":{\"@type\":\"EntryPoint\",\"urlTemplate\":\"https:\/\/colmadosingular.com\/ca\/?s={search_term_string}\"},\"query-input\":{\"@type\":\"PropertyValueSpecification\",\"valueRequired\":true,\"valueName\":\"search_term_string\"}}],\"inLanguage\":\"ca\"},{\"@type\":\"Organization\",\"@id\":\"https:\/\/colmadosingular.com\/ca\/#organization\",\"name\":\"Colmado Singular\",\"url\":\"https:\/\/colmadosingular.com\/ca\/\",\"logo\":{\"@type\":\"ImageObject\",\"inLanguage\":\"ca\",\"@id\":\"https:\/\/colmadosingular.com\/ca\/#\/schema\/logo\/image\/\",\"url\":\"https:\/\/colmadosingular.com\/wp-content\/uploads\/2024\/08\/logo-colmado.svg\",\"contentUrl\":\"https:\/\/colmadosingular.com\/wp-content\/uploads\/2024\/08\/logo-colmado.svg\",\"width\":620,\"height\":50,\"caption\":\"Colmado Singular\"},\"image\":{\"@id\":\"https:\/\/colmadosingular.com\/ca\/#\/schema\/logo\/image\/\"}}]}<\/script>\n<!-- \/ Yoast SEO plugin. -->","yoast_head_json":{"title":"KIT RISOTTO MILAN\u00c8S - Colmado Singular","robots":{"index":"index","follow":"follow","max-snippet":"max-snippet:-1","max-image-preview":"max-image-preview:large","max-video-preview":"max-video-preview:-1"},"canonical":"https:\/\/colmadosingular.com\/ca\/producto\/risotto-milanes\/","og_locale":"ca_ES","og_type":"article","og_title":"KIT RISOTTO MILAN\u00c8S - Colmado Singular","og_description":"Arr\u00f2s Acquerello 1kg Safr\u00e0 Royal Saffron 1.000mg Parmes\u00e0 Malandrone 26 mesos 200g aprox. Brou de pollastre Colmado Singular 30g Pebre negre sencer Parameswaran's 75g 3 sobres de sal pura blanca Halen M\u00f4n 3g Barretera Anima't seguint els passos en v\u00eddeo! En aquest kit hi podem trobar 1 kg d'arr\u00f2s Acquerello, considerat el millor arr\u00f2s del m\u00f3n; l'\u00fanic arr\u00f2s blanc amb qualitats d'arr\u00f2s integral gr\u00e0cies al proc\u00e9s de reincorporaci\u00f3 del germen una vegada pelat el gra. Aix\u00f2 ens ajudar\u00e0 a aconseguir la untuositat ideal per al risotto. A m\u00e9s, una cunya de formatge parmes\u00e0 Malandrone, pebre negre Paramenswaran\u00b4s, brou de pollastre natural 100% deshidratat i safr\u00e0 de Kashmir amb un alt nivell d\u00b4olis essencials que ajudar\u00e0 a aromatitzar i donar color.","og_url":"https:\/\/colmadosingular.com\/ca\/producto\/risotto-milanes\/","og_site_name":"Colmado Singular","article_modified_time":"2025-02-04T16:52:01+00:00","og_image":[{"width":2382,"height":2382,"url":"https:\/\/colmadosingular.com\/wp-content\/uploads\/2024\/08\/KR002_24760293_AtGris_ok_caldopollo.jpg","type":"image\/jpeg"}],"twitter_card":"summary_large_image","schema":{"@context":"https:\/\/schema.org","@graph":[{"@type":"WebPage","@id":"https:\/\/colmadosingular.com\/ca\/producto\/risotto-milanes\/","url":"https:\/\/colmadosingular.com\/ca\/producto\/risotto-milanes\/","name":"KIT RISOTTO MILAN\u00c8S - Colmado Singular","isPartOf":{"@id":"https:\/\/colmadosingular.com\/ca\/#website"},"primaryImageOfPage":{"@id":"https:\/\/colmadosingular.com\/ca\/producto\/risotto-milanes\/#primaryimage"},"image":{"@id":"https:\/\/colmadosingular.com\/ca\/producto\/risotto-milanes\/#primaryimage"},"thumbnailUrl":"https:\/\/colmadosingular.com\/wp-content\/uploads\/2024\/08\/KR002_24760293_AtGris_ok_caldopollo.jpg","datePublished":"2024-08-12T14:23:19+00:00","dateModified":"2025-02-04T16:52:01+00:00","breadcrumb":{"@id":"https:\/\/colmadosingular.com\/ca\/producto\/risotto-milanes\/#breadcrumb"},"inLanguage":"ca","potentialAction":[{"@type":"ReadAction","target":["https:\/\/colmadosingular.com\/ca\/producto\/risotto-milanes\/"]}]},{"@type":"ImageObject","inLanguage":"ca","@id":"https:\/\/colmadosingular.com\/ca\/producto\/risotto-milanes\/#primaryimage","url":"https:\/\/colmadosingular.com\/wp-content\/uploads\/2024\/08\/KR002_24760293_AtGris_ok_caldopollo.jpg","contentUrl":"https:\/\/colmadosingular.com\/wp-content\/uploads\/2024\/08\/KR002_24760293_AtGris_ok_caldopollo.jpg","width":2382,"height":2382},{"@type":"BreadcrumbList","@id":"https:\/\/colmadosingular.com\/ca\/producto\/risotto-milanes\/#breadcrumb","itemListElement":[{"@type":"ListItem","position":1,"name":"Portada","item":"https:\/\/colmadosingular.com\/ca\/inici\/"},{"@type":"ListItem","position":2,"name":"BOTIGA","item":"https:\/\/colmadosingular.com\/ca\/shop\/"},{"@type":"ListItem","position":3,"name":"KIT RISOTTO MILAN\u00c8S"}]},{"@type":"WebSite","@id":"https:\/\/colmadosingular.com\/ca\/#website","url":"https:\/\/colmadosingular.com\/ca\/","name":"Colmado Singular","description":"","publisher":{"@id":"https:\/\/colmadosingular.com\/ca\/#organization"},"potentialAction":[{"@type":"SearchAction","target":{"@type":"EntryPoint","urlTemplate":"https:\/\/colmadosingular.com\/ca\/?s={search_term_string}"},"query-input":{"@type":"PropertyValueSpecification","valueRequired":true,"valueName":"search_term_string"}}],"inLanguage":"ca"},{"@type":"Organization","@id":"https:\/\/colmadosingular.com\/ca\/#organization","name":"Colmado Singular","url":"https:\/\/colmadosingular.com\/ca\/","logo":{"@type":"ImageObject","inLanguage":"ca","@id":"https:\/\/colmadosingular.com\/ca\/#\/schema\/logo\/image\/","url":"https:\/\/colmadosingular.com\/wp-content\/uploads\/2024\/08\/logo-colmado.svg","contentUrl":"https:\/\/colmadosingular.com\/wp-content\/uploads\/2024\/08\/logo-colmado.svg","width":620,"height":50,"caption":"Colmado Singular"},"image":{"@id":"https:\/\/colmadosingular.com\/ca\/#\/schema\/logo\/image\/"}}]}},"_links":{"self":[{"href":"https:\/\/colmadosingular.com\/ca\/wp-json\/wp\/v2\/product\/986200","targetHints":{"allow":["GET"]}}],"collection":[{"href":"https:\/\/colmadosingular.com\/ca\/wp-json\/wp\/v2\/product"}],"about":[{"href":"https:\/\/colmadosingular.com\/ca\/wp-json\/wp\/v2\/types\/product"}],"wp:featuredmedia":[{"embeddable":true,"href":"https:\/\/colmadosingular.com\/ca\/wp-json\/wp\/v2\/media\/981874"}],"wp:attachment":[{"href":"https:\/\/colmadosingular.com\/ca\/wp-json\/wp\/v2\/media?parent=986200"}],"wp:term":[{"taxonomy":"product_brand","embeddable":true,"href":"https:\/\/colmadosingular.com\/ca\/wp-json\/wp\/v2\/product_brand?post=986200"},{"taxonomy":"product_cat","embeddable":true,"href":"https:\/\/colmadosingular.com\/ca\/wp-json\/wp\/v2\/product_cat?post=986200"},{"taxonomy":"product_tag","embeddable":true,"href":"https:\/\/colmadosingular.com\/ca\/wp-json\/wp\/v2\/product_tag?post=986200"}],"curies":[{"name":"wp","href":"https:\/\/api.w.org\/{rel}","templated":true}]}}