{"id":986201,"date":"2024-08-12T16:21:24","date_gmt":"2024-08-12T14:21:24","guid":{"rendered":"https:\/\/colmadosingular.com\/producto\/carbonara\/"},"modified":"2026-03-03T14:50:11","modified_gmt":"2026-03-03T13:50:11","slug":"carbonara","status":"publish","type":"product","link":"https:\/\/colmadosingular.com\/ca\/producto\/carbonara\/","title":{"rendered":"KIT CARBONARA"},"content":{"rendered":"","protected":false},"excerpt":{"rendered":"<p><em>Guanciale<\/em> 200g aprox.<br \/>\nMaccheroni Benedetto Cavalieri 500g<br \/>\nParmes\u00e0 Malandrone 26 mesos 200g aprox.<br \/>\nPebre negre tellichery 75g<br \/>\nSal pura blanca Halen M\u00f4n 400g<br \/>\nBarretera<\/p>\n<p><a href=\"https:\/\/www.instagram.com\/tv\/CWYU3s3D0uW\/?utm_medium=copy_link\"><strong>Anima&#8217;t seguint els passos en v\u00eddeo!<\/strong><\/a><\/p>\n<p class=\"p1\">Inclou la fant\u00e0stica pasta de Benedetto Cavalieri, pasta de blat dur, assecada a baixa temperatura, compta amb certa porositat, cosa que \u00e9s ideal per a l&#8217;absorci\u00f3 de la salsa. Guanciale, part baixa de la galta de porc, amanida amb pebre i altres esp\u00e8cies; embotit cl\u00e0ssic a It\u00e0lia per fer la carbonara. Formatge parmes\u00e0 Malandrone; intens, l\u00e0ctic i madurat durant 26 mesos. Pebre negre Paramenswaran\u00b4s, tan delicat i elegant que podr\u00e0s abusar-ne sense discriminaci\u00f3. La sal de Halen M\u00f4n, un dels ingredients m\u00e9s importants de la cuina, \u00e9s suau en la seva mossegada i lleugerament dol\u00e7a.    <\/p>\n","protected":false},"featured_media":9927,"template":"","meta":{"_acf_changed":false,"_monsterinsights_skip_tracking":false,"_monsterinsights_sitenote_active":false,"_monsterinsights_sitenote_note":"","_monsterinsights_sitenote_category":0,"_joinchat":[]},"product_brand":[],"product_cat":[218,219],"product_tag":[],"class_list":{"0":"post-986201","1":"product","2":"type-product","3":"status-publish","4":"has-post-thumbnail","6":"product_cat-regalos-ca","7":"product_cat-kit-recetas-ca","9":"first","10":"instock","11":"taxable","12":"shipping-taxable","13":"purchasable","14":"product-type-simple"},"acf":[],"yoast_head":"<!-- This site is optimized with the Yoast SEO plugin v24.8.1 - https:\/\/yoast.com\/wordpress\/plugins\/seo\/ -->\n<title>KIT CARBONARA - Colmado Singular<\/title>\n<meta name=\"robots\" content=\"index, follow, max-snippet:-1, max-image-preview:large, max-video-preview:-1\" \/>\n<link rel=\"canonical\" href=\"https:\/\/colmadosingular.com\/ca\/producto\/carbonara\/\" \/>\n<meta property=\"og:locale\" content=\"ca_ES\" \/>\n<meta property=\"og:type\" content=\"article\" \/>\n<meta property=\"og:title\" content=\"KIT CARBONARA - Colmado Singular\" \/>\n<meta property=\"og:description\" content=\"Guanciale 200g aprox. Maccheroni Benedetto Cavalieri 500g Parmes\u00e0 Malandrone 26 mesos 200g aprox. Pebre negre tellichery 75g Sal pura blanca Halen M\u00f4n 400g Barretera Anima&#039;t seguint els passos en v\u00eddeo! Inclou la fant\u00e0stica pasta de Benedetto Cavalieri, pasta de blat dur, assecada a baixa temperatura, compta amb certa porositat, cosa que \u00e9s ideal per a l&#039;absorci\u00f3 de la salsa. Guanciale, part baixa de la galta de porc, amanida amb pebre i altres esp\u00e8cies; embotit cl\u00e0ssic a It\u00e0lia per fer la carbonara. Formatge parmes\u00e0 Malandrone; intens, l\u00e0ctic i madurat durant 26 mesos. Pebre negre Paramenswaran\u00b4s, tan delicat i elegant que podr\u00e0s abusar-ne sense discriminaci\u00f3. La sal de Halen M\u00f4n, un dels ingredients m\u00e9s importants de la cuina, \u00e9s suau en la seva mossegada i lleugerament dol\u00e7a.\" \/>\n<meta property=\"og:url\" content=\"https:\/\/colmadosingular.com\/ca\/producto\/carbonara\/\" \/>\n<meta property=\"og:site_name\" content=\"Colmado Singular\" \/>\n<meta property=\"article:modified_time\" content=\"2026-03-03T13:50:11+00:00\" \/>\n<meta property=\"og:image\" content=\"https:\/\/colmadosingular.com\/wp-content\/uploads\/2024\/08\/kr001-kit-carbonara.jpg\" \/>\n\t<meta property=\"og:image:width\" content=\"1200\" \/>\n\t<meta property=\"og:image:height\" content=\"1200\" \/>\n\t<meta property=\"og:image:type\" content=\"image\/jpeg\" \/>\n<meta name=\"twitter:card\" content=\"summary_large_image\" \/>\n<meta name=\"twitter:label1\" content=\"Temps estimat de lectura\" \/>\n\t<meta name=\"twitter:data1\" content=\"1 minut\" \/>\n<script type=\"application\/ld+json\" class=\"yoast-schema-graph\">{\"@context\":\"https:\/\/schema.org\",\"@graph\":[{\"@type\":\"WebPage\",\"@id\":\"https:\/\/colmadosingular.com\/ca\/producto\/carbonara\/\",\"url\":\"https:\/\/colmadosingular.com\/ca\/producto\/carbonara\/\",\"name\":\"KIT CARBONARA - Colmado Singular\",\"isPartOf\":{\"@id\":\"https:\/\/colmadosingular.com\/ca\/#website\"},\"primaryImageOfPage\":{\"@id\":\"https:\/\/colmadosingular.com\/ca\/producto\/carbonara\/#primaryimage\"},\"image\":{\"@id\":\"https:\/\/colmadosingular.com\/ca\/producto\/carbonara\/#primaryimage\"},\"thumbnailUrl\":\"https:\/\/colmadosingular.com\/wp-content\/uploads\/2024\/08\/kr001-kit-carbonara.jpg\",\"datePublished\":\"2024-08-12T14:21:24+00:00\",\"dateModified\":\"2026-03-03T13:50:11+00:00\",\"breadcrumb\":{\"@id\":\"https:\/\/colmadosingular.com\/ca\/producto\/carbonara\/#breadcrumb\"},\"inLanguage\":\"ca\",\"potentialAction\":[{\"@type\":\"ReadAction\",\"target\":[\"https:\/\/colmadosingular.com\/ca\/producto\/carbonara\/\"]}]},{\"@type\":\"ImageObject\",\"inLanguage\":\"ca\",\"@id\":\"https:\/\/colmadosingular.com\/ca\/producto\/carbonara\/#primaryimage\",\"url\":\"https:\/\/colmadosingular.com\/wp-content\/uploads\/2024\/08\/kr001-kit-carbonara.jpg\",\"contentUrl\":\"https:\/\/colmadosingular.com\/wp-content\/uploads\/2024\/08\/kr001-kit-carbonara.jpg\",\"width\":1200,\"height\":1200},{\"@type\":\"BreadcrumbList\",\"@id\":\"https:\/\/colmadosingular.com\/ca\/producto\/carbonara\/#breadcrumb\",\"itemListElement\":[{\"@type\":\"ListItem\",\"position\":1,\"name\":\"Portada\",\"item\":\"https:\/\/colmadosingular.com\/ca\/inici\/\"},{\"@type\":\"ListItem\",\"position\":2,\"name\":\"BOTIGA\",\"item\":\"https:\/\/colmadosingular.com\/ca\/shop\/\"},{\"@type\":\"ListItem\",\"position\":3,\"name\":\"KIT CARBONARA\"}]},{\"@type\":\"WebSite\",\"@id\":\"https:\/\/colmadosingular.com\/ca\/#website\",\"url\":\"https:\/\/colmadosingular.com\/ca\/\",\"name\":\"Colmado Singular\",\"description\":\"\",\"publisher\":{\"@id\":\"https:\/\/colmadosingular.com\/ca\/#organization\"},\"potentialAction\":[{\"@type\":\"SearchAction\",\"target\":{\"@type\":\"EntryPoint\",\"urlTemplate\":\"https:\/\/colmadosingular.com\/ca\/?s={search_term_string}\"},\"query-input\":{\"@type\":\"PropertyValueSpecification\",\"valueRequired\":true,\"valueName\":\"search_term_string\"}}],\"inLanguage\":\"ca\"},{\"@type\":\"Organization\",\"@id\":\"https:\/\/colmadosingular.com\/ca\/#organization\",\"name\":\"Colmado Singular\",\"url\":\"https:\/\/colmadosingular.com\/ca\/\",\"logo\":{\"@type\":\"ImageObject\",\"inLanguage\":\"ca\",\"@id\":\"https:\/\/colmadosingular.com\/ca\/#\/schema\/logo\/image\/\",\"url\":\"https:\/\/colmadosingular.com\/wp-content\/uploads\/2024\/08\/logo-colmado.svg\",\"contentUrl\":\"https:\/\/colmadosingular.com\/wp-content\/uploads\/2024\/08\/logo-colmado.svg\",\"width\":620,\"height\":50,\"caption\":\"Colmado Singular\"},\"image\":{\"@id\":\"https:\/\/colmadosingular.com\/ca\/#\/schema\/logo\/image\/\"}}]}<\/script>\n<!-- \/ Yoast SEO plugin. -->","yoast_head_json":{"title":"KIT CARBONARA - Colmado Singular","robots":{"index":"index","follow":"follow","max-snippet":"max-snippet:-1","max-image-preview":"max-image-preview:large","max-video-preview":"max-video-preview:-1"},"canonical":"https:\/\/colmadosingular.com\/ca\/producto\/carbonara\/","og_locale":"ca_ES","og_type":"article","og_title":"KIT CARBONARA - Colmado Singular","og_description":"Guanciale 200g aprox. Maccheroni Benedetto Cavalieri 500g Parmes\u00e0 Malandrone 26 mesos 200g aprox. Pebre negre tellichery 75g Sal pura blanca Halen M\u00f4n 400g Barretera Anima't seguint els passos en v\u00eddeo! Inclou la fant\u00e0stica pasta de Benedetto Cavalieri, pasta de blat dur, assecada a baixa temperatura, compta amb certa porositat, cosa que \u00e9s ideal per a l'absorci\u00f3 de la salsa. Guanciale, part baixa de la galta de porc, amanida amb pebre i altres esp\u00e8cies; embotit cl\u00e0ssic a It\u00e0lia per fer la carbonara. Formatge parmes\u00e0 Malandrone; intens, l\u00e0ctic i madurat durant 26 mesos. Pebre negre Paramenswaran\u00b4s, tan delicat i elegant que podr\u00e0s abusar-ne sense discriminaci\u00f3. La sal de Halen M\u00f4n, un dels ingredients m\u00e9s importants de la cuina, \u00e9s suau en la seva mossegada i lleugerament dol\u00e7a.","og_url":"https:\/\/colmadosingular.com\/ca\/producto\/carbonara\/","og_site_name":"Colmado Singular","article_modified_time":"2026-03-03T13:50:11+00:00","og_image":[{"width":1200,"height":1200,"url":"https:\/\/colmadosingular.com\/wp-content\/uploads\/2024\/08\/kr001-kit-carbonara.jpg","type":"image\/jpeg"}],"twitter_card":"summary_large_image","twitter_misc":{"Temps estimat de lectura":"1 minut"},"schema":{"@context":"https:\/\/schema.org","@graph":[{"@type":"WebPage","@id":"https:\/\/colmadosingular.com\/ca\/producto\/carbonara\/","url":"https:\/\/colmadosingular.com\/ca\/producto\/carbonara\/","name":"KIT CARBONARA - Colmado Singular","isPartOf":{"@id":"https:\/\/colmadosingular.com\/ca\/#website"},"primaryImageOfPage":{"@id":"https:\/\/colmadosingular.com\/ca\/producto\/carbonara\/#primaryimage"},"image":{"@id":"https:\/\/colmadosingular.com\/ca\/producto\/carbonara\/#primaryimage"},"thumbnailUrl":"https:\/\/colmadosingular.com\/wp-content\/uploads\/2024\/08\/kr001-kit-carbonara.jpg","datePublished":"2024-08-12T14:21:24+00:00","dateModified":"2026-03-03T13:50:11+00:00","breadcrumb":{"@id":"https:\/\/colmadosingular.com\/ca\/producto\/carbonara\/#breadcrumb"},"inLanguage":"ca","potentialAction":[{"@type":"ReadAction","target":["https:\/\/colmadosingular.com\/ca\/producto\/carbonara\/"]}]},{"@type":"ImageObject","inLanguage":"ca","@id":"https:\/\/colmadosingular.com\/ca\/producto\/carbonara\/#primaryimage","url":"https:\/\/colmadosingular.com\/wp-content\/uploads\/2024\/08\/kr001-kit-carbonara.jpg","contentUrl":"https:\/\/colmadosingular.com\/wp-content\/uploads\/2024\/08\/kr001-kit-carbonara.jpg","width":1200,"height":1200},{"@type":"BreadcrumbList","@id":"https:\/\/colmadosingular.com\/ca\/producto\/carbonara\/#breadcrumb","itemListElement":[{"@type":"ListItem","position":1,"name":"Portada","item":"https:\/\/colmadosingular.com\/ca\/inici\/"},{"@type":"ListItem","position":2,"name":"BOTIGA","item":"https:\/\/colmadosingular.com\/ca\/shop\/"},{"@type":"ListItem","position":3,"name":"KIT CARBONARA"}]},{"@type":"WebSite","@id":"https:\/\/colmadosingular.com\/ca\/#website","url":"https:\/\/colmadosingular.com\/ca\/","name":"Colmado Singular","description":"","publisher":{"@id":"https:\/\/colmadosingular.com\/ca\/#organization"},"potentialAction":[{"@type":"SearchAction","target":{"@type":"EntryPoint","urlTemplate":"https:\/\/colmadosingular.com\/ca\/?s={search_term_string}"},"query-input":{"@type":"PropertyValueSpecification","valueRequired":true,"valueName":"search_term_string"}}],"inLanguage":"ca"},{"@type":"Organization","@id":"https:\/\/colmadosingular.com\/ca\/#organization","name":"Colmado Singular","url":"https:\/\/colmadosingular.com\/ca\/","logo":{"@type":"ImageObject","inLanguage":"ca","@id":"https:\/\/colmadosingular.com\/ca\/#\/schema\/logo\/image\/","url":"https:\/\/colmadosingular.com\/wp-content\/uploads\/2024\/08\/logo-colmado.svg","contentUrl":"https:\/\/colmadosingular.com\/wp-content\/uploads\/2024\/08\/logo-colmado.svg","width":620,"height":50,"caption":"Colmado Singular"},"image":{"@id":"https:\/\/colmadosingular.com\/ca\/#\/schema\/logo\/image\/"}}]}},"_links":{"self":[{"href":"https:\/\/colmadosingular.com\/ca\/wp-json\/wp\/v2\/product\/986201","targetHints":{"allow":["GET"]}}],"collection":[{"href":"https:\/\/colmadosingular.com\/ca\/wp-json\/wp\/v2\/product"}],"about":[{"href":"https:\/\/colmadosingular.com\/ca\/wp-json\/wp\/v2\/types\/product"}],"wp:featuredmedia":[{"embeddable":true,"href":"https:\/\/colmadosingular.com\/ca\/wp-json\/wp\/v2\/media\/9927"}],"wp:attachment":[{"href":"https:\/\/colmadosingular.com\/ca\/wp-json\/wp\/v2\/media?parent=986201"}],"wp:term":[{"taxonomy":"product_brand","embeddable":true,"href":"https:\/\/colmadosingular.com\/ca\/wp-json\/wp\/v2\/product_brand?post=986201"},{"taxonomy":"product_cat","embeddable":true,"href":"https:\/\/colmadosingular.com\/ca\/wp-json\/wp\/v2\/product_cat?post=986201"},{"taxonomy":"product_tag","embeddable":true,"href":"https:\/\/colmadosingular.com\/ca\/wp-json\/wp\/v2\/product_tag?post=986201"}],"curies":[{"name":"wp","href":"https:\/\/api.w.org\/{rel}","templated":true}]}}