{"id":986205,"date":"2024-08-12T16:23:21","date_gmt":"2024-08-12T14:23:21","guid":{"rendered":"https:\/\/colmadosingular.com\/producto\/cupon-regalo-80e\/"},"modified":"2025-02-04T17:57:37","modified_gmt":"2025-02-04T16:57:37","slug":"cupon-regalo-80e","status":"publish","type":"product","link":"https:\/\/colmadosingular.com\/ca\/producto\/cupon-regalo-80e\/","title":{"rendered":"CUP\u00d3 REGAL 80\u20ac"},"content":{"rendered":"","protected":false},"excerpt":{"rendered":"<p>Regala Colmado Singular.<\/p>\n<p>Cup\u00f3 regal per bescanviar a la nostra botiga online, www.colmadosingular.com.<\/p>\n<p><strong>Funcionament:<\/strong><br \/>\n Rebr\u00e0s el cup\u00f3 per correu electr\u00f2nic en un termini de 24-48h (festius no inclosos) despr\u00e9s de fer el pagament. Al cup\u00f3 trobar\u00e0s el codi a afegir a la cistella despr\u00e9s d&#8217;escollir tots els productes. Un cop posis el codi a la cel\u00b7la anomenada \u201cCodi de cup\u00f3\u201d, fes clic al bot\u00f3 \u201cAplicar cup\u00f3\u201d perqu\u00e8 es descompti l&#8217;import espec\u00edfic del cup\u00f3 al total de la cistella.<\/p>\n<p><strong>Condicions:<\/strong><br \/>\n Els nostres cupons es poden bescanviar un any despr\u00e9s de la compra.<br \/>\n Cal afegir el mateix import o m\u00e9s del cup\u00f3 per poder-lo bescanviar.<br \/>\n No s&#8217;accepten canvis en diners en efectiu.<br \/>\n Per cada compra nom\u00e9s es pot bescanviar un cup\u00f3.<br \/>\n En cas de p\u00e8rdua o \u00fas del cup\u00f3 sense consentiment, no se&#8217;n proporcionar\u00e0 substituci\u00f3.<\/p>\n","protected":false},"featured_media":984052,"template":"","meta":{"_acf_changed":false,"_monsterinsights_skip_tracking":false,"_monsterinsights_sitenote_active":false,"_monsterinsights_sitenote_note":"","_monsterinsights_sitenote_category":0,"_joinchat":[]},"product_brand":[],"product_cat":[218,220],"product_tag":[],"class_list":{"0":"post-986205","1":"product","2":"type-product","3":"status-publish","4":"has-post-thumbnail","6":"product_cat-regalos-ca","7":"product_cat-cupon-regalo-ca","9":"first","10":"instock","11":"virtual","12":"purchasable","13":"product-type-simple"},"acf":[],"yoast_head":"<!-- This site is optimized with the Yoast SEO plugin v24.8.1 - https:\/\/yoast.com\/wordpress\/plugins\/seo\/ -->\n<title>CUP\u00d3 REGAL 80\u20ac - Colmado Singular<\/title>\n<meta name=\"robots\" content=\"index, follow, max-snippet:-1, max-image-preview:large, max-video-preview:-1\" \/>\n<link rel=\"canonical\" href=\"https:\/\/colmadosingular.com\/ca\/producto\/cupon-regalo-80e\/\" \/>\n<meta property=\"og:locale\" content=\"ca_ES\" \/>\n<meta property=\"og:type\" content=\"article\" \/>\n<meta property=\"og:title\" content=\"CUP\u00d3 REGAL 80\u20ac - Colmado Singular\" \/>\n<meta property=\"og:description\" content=\"Regala Colmado Singular. Cup\u00f3 regal per bescanviar a la nostra botiga online, www.colmadosingular.com. Funcionament: Rebr\u00e0s el cup\u00f3 per correu electr\u00f2nic en un termini de 24-48h (festius no inclosos) despr\u00e9s de fer el pagament. Al cup\u00f3 trobar\u00e0s el codi a afegir a la cistella despr\u00e9s d&#039;escollir tots els productes. Un cop posis el codi a la cel\u00b7la anomenada \u201cCodi de cup\u00f3\u201d, fes clic al bot\u00f3 \u201cAplicar cup\u00f3\u201d perqu\u00e8 es descompti l&#039;import espec\u00edfic del cup\u00f3 al total de la cistella. Condicions: Els nostres cupons es poden bescanviar un any despr\u00e9s de la compra. Cal afegir el mateix import o m\u00e9s del cup\u00f3 per poder-lo bescanviar. No s&#039;accepten canvis en diners en efectiu. Per cada compra nom\u00e9s es pot bescanviar un cup\u00f3. En cas de p\u00e8rdua o \u00fas del cup\u00f3 sense consentiment, no se&#039;n proporcionar\u00e0 substituci\u00f3.\" \/>\n<meta property=\"og:url\" content=\"https:\/\/colmadosingular.com\/ca\/producto\/cupon-regalo-80e\/\" \/>\n<meta property=\"og:site_name\" content=\"Colmado Singular\" \/>\n<meta property=\"article:modified_time\" content=\"2025-02-04T16:57:37+00:00\" \/>\n<meta property=\"og:image\" content=\"https:\/\/colmadosingular.com\/wp-content\/uploads\/2024\/08\/Cupo_regal_80.jpg\" \/>\n\t<meta property=\"og:image:width\" content=\"1342\" \/>\n\t<meta property=\"og:image:height\" content=\"1342\" \/>\n\t<meta property=\"og:image:type\" content=\"image\/jpeg\" \/>\n<meta name=\"twitter:card\" content=\"summary_large_image\" \/>\n<meta name=\"twitter:label1\" content=\"Temps estimat de lectura\" \/>\n\t<meta name=\"twitter:data1\" content=\"1 minut\" \/>\n<script type=\"application\/ld+json\" class=\"yoast-schema-graph\">{\"@context\":\"https:\/\/schema.org\",\"@graph\":[{\"@type\":\"WebPage\",\"@id\":\"https:\/\/colmadosingular.com\/ca\/producto\/cupon-regalo-80e\/\",\"url\":\"https:\/\/colmadosingular.com\/ca\/producto\/cupon-regalo-80e\/\",\"name\":\"CUP\u00d3 REGAL 80\u20ac - Colmado Singular\",\"isPartOf\":{\"@id\":\"https:\/\/colmadosingular.com\/ca\/#website\"},\"primaryImageOfPage\":{\"@id\":\"https:\/\/colmadosingular.com\/ca\/producto\/cupon-regalo-80e\/#primaryimage\"},\"image\":{\"@id\":\"https:\/\/colmadosingular.com\/ca\/producto\/cupon-regalo-80e\/#primaryimage\"},\"thumbnailUrl\":\"https:\/\/colmadosingular.com\/wp-content\/uploads\/2024\/08\/Cupo_regal_80.jpg\",\"datePublished\":\"2024-08-12T14:23:21+00:00\",\"dateModified\":\"2025-02-04T16:57:37+00:00\",\"breadcrumb\":{\"@id\":\"https:\/\/colmadosingular.com\/ca\/producto\/cupon-regalo-80e\/#breadcrumb\"},\"inLanguage\":\"ca\",\"potentialAction\":[{\"@type\":\"ReadAction\",\"target\":[\"https:\/\/colmadosingular.com\/ca\/producto\/cupon-regalo-80e\/\"]}]},{\"@type\":\"ImageObject\",\"inLanguage\":\"ca\",\"@id\":\"https:\/\/colmadosingular.com\/ca\/producto\/cupon-regalo-80e\/#primaryimage\",\"url\":\"https:\/\/colmadosingular.com\/wp-content\/uploads\/2024\/08\/Cupo_regal_80.jpg\",\"contentUrl\":\"https:\/\/colmadosingular.com\/wp-content\/uploads\/2024\/08\/Cupo_regal_80.jpg\",\"width\":1342,\"height\":1342},{\"@type\":\"BreadcrumbList\",\"@id\":\"https:\/\/colmadosingular.com\/ca\/producto\/cupon-regalo-80e\/#breadcrumb\",\"itemListElement\":[{\"@type\":\"ListItem\",\"position\":1,\"name\":\"Portada\",\"item\":\"https:\/\/colmadosingular.com\/ca\/inici\/\"},{\"@type\":\"ListItem\",\"position\":2,\"name\":\"BOTIGA\",\"item\":\"https:\/\/colmadosingular.com\/ca\/shop\/\"},{\"@type\":\"ListItem\",\"position\":3,\"name\":\"CUP\u00d3 REGAL 80\u20ac\"}]},{\"@type\":\"WebSite\",\"@id\":\"https:\/\/colmadosingular.com\/ca\/#website\",\"url\":\"https:\/\/colmadosingular.com\/ca\/\",\"name\":\"Colmado Singular\",\"description\":\"\",\"publisher\":{\"@id\":\"https:\/\/colmadosingular.com\/ca\/#organization\"},\"potentialAction\":[{\"@type\":\"SearchAction\",\"target\":{\"@type\":\"EntryPoint\",\"urlTemplate\":\"https:\/\/colmadosingular.com\/ca\/?s={search_term_string}\"},\"query-input\":{\"@type\":\"PropertyValueSpecification\",\"valueRequired\":true,\"valueName\":\"search_term_string\"}}],\"inLanguage\":\"ca\"},{\"@type\":\"Organization\",\"@id\":\"https:\/\/colmadosingular.com\/ca\/#organization\",\"name\":\"Colmado Singular\",\"url\":\"https:\/\/colmadosingular.com\/ca\/\",\"logo\":{\"@type\":\"ImageObject\",\"inLanguage\":\"ca\",\"@id\":\"https:\/\/colmadosingular.com\/ca\/#\/schema\/logo\/image\/\",\"url\":\"https:\/\/colmadosingular.com\/wp-content\/uploads\/2024\/08\/logo-colmado.svg\",\"contentUrl\":\"https:\/\/colmadosingular.com\/wp-content\/uploads\/2024\/08\/logo-colmado.svg\",\"width\":620,\"height\":50,\"caption\":\"Colmado Singular\"},\"image\":{\"@id\":\"https:\/\/colmadosingular.com\/ca\/#\/schema\/logo\/image\/\"}}]}<\/script>\n<!-- \/ Yoast SEO plugin. -->","yoast_head_json":{"title":"CUP\u00d3 REGAL 80\u20ac - Colmado Singular","robots":{"index":"index","follow":"follow","max-snippet":"max-snippet:-1","max-image-preview":"max-image-preview:large","max-video-preview":"max-video-preview:-1"},"canonical":"https:\/\/colmadosingular.com\/ca\/producto\/cupon-regalo-80e\/","og_locale":"ca_ES","og_type":"article","og_title":"CUP\u00d3 REGAL 80\u20ac - Colmado Singular","og_description":"Regala Colmado Singular. Cup\u00f3 regal per bescanviar a la nostra botiga online, www.colmadosingular.com. Funcionament: Rebr\u00e0s el cup\u00f3 per correu electr\u00f2nic en un termini de 24-48h (festius no inclosos) despr\u00e9s de fer el pagament. Al cup\u00f3 trobar\u00e0s el codi a afegir a la cistella despr\u00e9s d'escollir tots els productes. Un cop posis el codi a la cel\u00b7la anomenada \u201cCodi de cup\u00f3\u201d, fes clic al bot\u00f3 \u201cAplicar cup\u00f3\u201d perqu\u00e8 es descompti l'import espec\u00edfic del cup\u00f3 al total de la cistella. Condicions: Els nostres cupons es poden bescanviar un any despr\u00e9s de la compra. Cal afegir el mateix import o m\u00e9s del cup\u00f3 per poder-lo bescanviar. No s'accepten canvis en diners en efectiu. Per cada compra nom\u00e9s es pot bescanviar un cup\u00f3. En cas de p\u00e8rdua o \u00fas del cup\u00f3 sense consentiment, no se'n proporcionar\u00e0 substituci\u00f3.","og_url":"https:\/\/colmadosingular.com\/ca\/producto\/cupon-regalo-80e\/","og_site_name":"Colmado Singular","article_modified_time":"2025-02-04T16:57:37+00:00","og_image":[{"width":1342,"height":1342,"url":"https:\/\/colmadosingular.com\/wp-content\/uploads\/2024\/08\/Cupo_regal_80.jpg","type":"image\/jpeg"}],"twitter_card":"summary_large_image","twitter_misc":{"Temps estimat de lectura":"1 minut"},"schema":{"@context":"https:\/\/schema.org","@graph":[{"@type":"WebPage","@id":"https:\/\/colmadosingular.com\/ca\/producto\/cupon-regalo-80e\/","url":"https:\/\/colmadosingular.com\/ca\/producto\/cupon-regalo-80e\/","name":"CUP\u00d3 REGAL 80\u20ac - Colmado Singular","isPartOf":{"@id":"https:\/\/colmadosingular.com\/ca\/#website"},"primaryImageOfPage":{"@id":"https:\/\/colmadosingular.com\/ca\/producto\/cupon-regalo-80e\/#primaryimage"},"image":{"@id":"https:\/\/colmadosingular.com\/ca\/producto\/cupon-regalo-80e\/#primaryimage"},"thumbnailUrl":"https:\/\/colmadosingular.com\/wp-content\/uploads\/2024\/08\/Cupo_regal_80.jpg","datePublished":"2024-08-12T14:23:21+00:00","dateModified":"2025-02-04T16:57:37+00:00","breadcrumb":{"@id":"https:\/\/colmadosingular.com\/ca\/producto\/cupon-regalo-80e\/#breadcrumb"},"inLanguage":"ca","potentialAction":[{"@type":"ReadAction","target":["https:\/\/colmadosingular.com\/ca\/producto\/cupon-regalo-80e\/"]}]},{"@type":"ImageObject","inLanguage":"ca","@id":"https:\/\/colmadosingular.com\/ca\/producto\/cupon-regalo-80e\/#primaryimage","url":"https:\/\/colmadosingular.com\/wp-content\/uploads\/2024\/08\/Cupo_regal_80.jpg","contentUrl":"https:\/\/colmadosingular.com\/wp-content\/uploads\/2024\/08\/Cupo_regal_80.jpg","width":1342,"height":1342},{"@type":"BreadcrumbList","@id":"https:\/\/colmadosingular.com\/ca\/producto\/cupon-regalo-80e\/#breadcrumb","itemListElement":[{"@type":"ListItem","position":1,"name":"Portada","item":"https:\/\/colmadosingular.com\/ca\/inici\/"},{"@type":"ListItem","position":2,"name":"BOTIGA","item":"https:\/\/colmadosingular.com\/ca\/shop\/"},{"@type":"ListItem","position":3,"name":"CUP\u00d3 REGAL 80\u20ac"}]},{"@type":"WebSite","@id":"https:\/\/colmadosingular.com\/ca\/#website","url":"https:\/\/colmadosingular.com\/ca\/","name":"Colmado Singular","description":"","publisher":{"@id":"https:\/\/colmadosingular.com\/ca\/#organization"},"potentialAction":[{"@type":"SearchAction","target":{"@type":"EntryPoint","urlTemplate":"https:\/\/colmadosingular.com\/ca\/?s={search_term_string}"},"query-input":{"@type":"PropertyValueSpecification","valueRequired":true,"valueName":"search_term_string"}}],"inLanguage":"ca"},{"@type":"Organization","@id":"https:\/\/colmadosingular.com\/ca\/#organization","name":"Colmado Singular","url":"https:\/\/colmadosingular.com\/ca\/","logo":{"@type":"ImageObject","inLanguage":"ca","@id":"https:\/\/colmadosingular.com\/ca\/#\/schema\/logo\/image\/","url":"https:\/\/colmadosingular.com\/wp-content\/uploads\/2024\/08\/logo-colmado.svg","contentUrl":"https:\/\/colmadosingular.com\/wp-content\/uploads\/2024\/08\/logo-colmado.svg","width":620,"height":50,"caption":"Colmado Singular"},"image":{"@id":"https:\/\/colmadosingular.com\/ca\/#\/schema\/logo\/image\/"}}]}},"_links":{"self":[{"href":"https:\/\/colmadosingular.com\/ca\/wp-json\/wp\/v2\/product\/986205","targetHints":{"allow":["GET"]}}],"collection":[{"href":"https:\/\/colmadosingular.com\/ca\/wp-json\/wp\/v2\/product"}],"about":[{"href":"https:\/\/colmadosingular.com\/ca\/wp-json\/wp\/v2\/types\/product"}],"wp:featuredmedia":[{"embeddable":true,"href":"https:\/\/colmadosingular.com\/ca\/wp-json\/wp\/v2\/media\/984052"}],"wp:attachment":[{"href":"https:\/\/colmadosingular.com\/ca\/wp-json\/wp\/v2\/media?parent=986205"}],"wp:term":[{"taxonomy":"product_brand","embeddable":true,"href":"https:\/\/colmadosingular.com\/ca\/wp-json\/wp\/v2\/product_brand?post=986205"},{"taxonomy":"product_cat","embeddable":true,"href":"https:\/\/colmadosingular.com\/ca\/wp-json\/wp\/v2\/product_cat?post=986205"},{"taxonomy":"product_tag","embeddable":true,"href":"https:\/\/colmadosingular.com\/ca\/wp-json\/wp\/v2\/product_tag?post=986205"}],"curies":[{"name":"wp","href":"https:\/\/api.w.org\/{rel}","templated":true}]}}