{"id":986296,"date":"2024-08-12T16:24:08","date_gmt":"2024-08-12T14:24:08","guid":{"rendered":"https:\/\/colmadosingular.com\/producto\/tomatera-dragon-rosana-galian\/"},"modified":"2025-02-06T18:30:19","modified_gmt":"2025-02-06T17:30:19","slug":"tomatera-dragon-rosana-galian","status":"publish","type":"product","link":"https:\/\/colmadosingular.com\/ca\/producto\/tomatera-dragon-rosana-galian\/","title":{"rendered":"CISTELLA &#8220;TOMATERA DRAG\u00d3N&#8221;, Rosana Gali\u00e1n (G)"},"content":{"rendered":"","protected":false},"excerpt":{"rendered":"<p>Tomatera Dragon<br \/>\nFood &amp; Art Collection &#8211; Cistella 380X380 (gran)<\/p>\n<p>Forma part de l&#8217;exclusiva col\u00b7lecci\u00f3 <em>Food &amp;<\/em><em>Art<\/em> , on fusionem creativitat i gastronomia. Creiem que els nostres productes mereixen ser presentats de manera excepcional, per aix\u00f2 els emboliquem en art. Cada cistella de regal ha estat personalitzada per set artistes talentosos, aportant el seu toc \u00fanic a cadascuna.  <\/p>\n<p>Per reduir residus innecessaris, apostem per crear alguna cosa amb una segona vida. Les nostres cistelles es poden transformar en un tamboret, una tauleta de nit, un contenidor de joguines o un element decoratiu\u2026 La seva versatilitat ofereix infinites possibilitats, deixant a cada persona la llibertat de decidir. <\/p>\n<p>Aquestes cistelles sorprendran qui les rebi, tant per la seva est\u00e8tica com pel seu contingut. S\u00f3n un regal singular, pensat per als qui gaudeixen del bon menjar i de les coses boniques de la vida. <\/p>\n<p><strong>Rosana Gali\u00e1n<\/strong> \u00e9s una arquitecta Murciana, formada a les universitats d&#8217;UA i ETSAM. Signa la seva arquitectura amb el nom de Garrastudio, el projecte creatiu d&#8217;artesania i pensament digital, on desenvolupa productes \u00fanics sorgits d&#8217;un entorn de creativitat experimental que es comparteix amb socis agosarats. <\/p>\n","protected":false},"featured_media":5733,"template":"","meta":{"_acf_changed":false,"_monsterinsights_skip_tracking":false,"_monsterinsights_sitenote_active":false,"_monsterinsights_sitenote_note":"","_monsterinsights_sitenote_category":0,"_joinchat":[]},"product_brand":[],"product_cat":[218,268],"product_tag":[],"class_list":{"0":"post-986296","1":"product","2":"type-product","3":"status-publish","4":"has-post-thumbnail","6":"product_cat-regalos-ca","7":"product_cat-cistelles-food-art","9":"first","10":"instock","11":"taxable","12":"shipping-taxable","13":"purchasable","14":"product-type-simple"},"acf":[],"yoast_head":"<!-- This site is optimized with the Yoast SEO plugin v24.8.1 - https:\/\/yoast.com\/wordpress\/plugins\/seo\/ -->\n<title>CISTELLA &quot;TOMATERA DRAG\u00d3N&quot;, Rosana Gali\u00e1n (G) - Colmado Singular<\/title>\n<meta name=\"robots\" content=\"index, follow, max-snippet:-1, max-image-preview:large, max-video-preview:-1\" \/>\n<link rel=\"canonical\" href=\"https:\/\/colmadosingular.com\/ca\/producto\/tomatera-dragon-rosana-galian\/\" \/>\n<meta property=\"og:locale\" content=\"ca_ES\" \/>\n<meta property=\"og:type\" content=\"article\" \/>\n<meta property=\"og:title\" content=\"CISTELLA &quot;TOMATERA DRAG\u00d3N&quot;, Rosana Gali\u00e1n (G) - Colmado Singular\" \/>\n<meta property=\"og:description\" content=\"Tomatera Dragon Food &amp; Art Collection - Cistella 380X380 (gran) Forma part de l&#039;exclusiva col\u00b7lecci\u00f3 Food &amp;Art , on fusionem creativitat i gastronomia. Creiem que els nostres productes mereixen ser presentats de manera excepcional, per aix\u00f2 els emboliquem en art. Cada cistella de regal ha estat personalitzada per set artistes talentosos, aportant el seu toc \u00fanic a cadascuna.  Per reduir residus innecessaris, apostem per crear alguna cosa amb una segona vida. Les nostres cistelles es poden transformar en un tamboret, una tauleta de nit, un contenidor de joguines o un element decoratiu\u2026 La seva versatilitat ofereix infinites possibilitats, deixant a cada persona la llibertat de decidir.  Aquestes cistelles sorprendran qui les rebi, tant per la seva est\u00e8tica com pel seu contingut. S\u00f3n un regal singular, pensat per als qui gaudeixen del bon menjar i de les coses boniques de la vida.  Rosana Gali\u00e1n \u00e9s una arquitecta Murciana, formada a les universitats d&#039;UA i ETSAM. Signa la seva arquitectura amb el nom de Garrastudio, el projecte creatiu d&#039;artesania i pensament digital, on desenvolupa productes \u00fanics sorgits d&#039;un entorn de creativitat experimental que es comparteix amb socis agosarats.\" \/>\n<meta property=\"og:url\" content=\"https:\/\/colmadosingular.com\/ca\/producto\/tomatera-dragon-rosana-galian\/\" \/>\n<meta property=\"og:site_name\" content=\"Colmado Singular\" \/>\n<meta property=\"article:modified_time\" content=\"2025-02-06T17:30:19+00:00\" \/>\n<meta property=\"og:image\" content=\"https:\/\/colmadosingular.com\/wp-content\/uploads\/2024\/08\/Cistella_Rosana_web_fons_gris.jpg\" \/>\n\t<meta property=\"og:image:width\" content=\"935\" \/>\n\t<meta property=\"og:image:height\" content=\"935\" \/>\n\t<meta property=\"og:image:type\" content=\"image\/jpeg\" \/>\n<meta name=\"twitter:card\" content=\"summary_large_image\" \/>\n<script type=\"application\/ld+json\" class=\"yoast-schema-graph\">{\"@context\":\"https:\/\/schema.org\",\"@graph\":[{\"@type\":\"WebPage\",\"@id\":\"https:\/\/colmadosingular.com\/ca\/producto\/tomatera-dragon-rosana-galian\/\",\"url\":\"https:\/\/colmadosingular.com\/ca\/producto\/tomatera-dragon-rosana-galian\/\",\"name\":\"CISTELLA \\\"TOMATERA DRAG\u00d3N\\\", Rosana Gali\u00e1n (G) - Colmado Singular\",\"isPartOf\":{\"@id\":\"https:\/\/colmadosingular.com\/ca\/#website\"},\"primaryImageOfPage\":{\"@id\":\"https:\/\/colmadosingular.com\/ca\/producto\/tomatera-dragon-rosana-galian\/#primaryimage\"},\"image\":{\"@id\":\"https:\/\/colmadosingular.com\/ca\/producto\/tomatera-dragon-rosana-galian\/#primaryimage\"},\"thumbnailUrl\":\"https:\/\/colmadosingular.com\/wp-content\/uploads\/2024\/08\/Cistella_Rosana_web_fons_gris.jpg\",\"datePublished\":\"2024-08-12T14:24:08+00:00\",\"dateModified\":\"2025-02-06T17:30:19+00:00\",\"breadcrumb\":{\"@id\":\"https:\/\/colmadosingular.com\/ca\/producto\/tomatera-dragon-rosana-galian\/#breadcrumb\"},\"inLanguage\":\"ca\",\"potentialAction\":[{\"@type\":\"ReadAction\",\"target\":[\"https:\/\/colmadosingular.com\/ca\/producto\/tomatera-dragon-rosana-galian\/\"]}]},{\"@type\":\"ImageObject\",\"inLanguage\":\"ca\",\"@id\":\"https:\/\/colmadosingular.com\/ca\/producto\/tomatera-dragon-rosana-galian\/#primaryimage\",\"url\":\"https:\/\/colmadosingular.com\/wp-content\/uploads\/2024\/08\/Cistella_Rosana_web_fons_gris.jpg\",\"contentUrl\":\"https:\/\/colmadosingular.com\/wp-content\/uploads\/2024\/08\/Cistella_Rosana_web_fons_gris.jpg\",\"width\":935,\"height\":935},{\"@type\":\"BreadcrumbList\",\"@id\":\"https:\/\/colmadosingular.com\/ca\/producto\/tomatera-dragon-rosana-galian\/#breadcrumb\",\"itemListElement\":[{\"@type\":\"ListItem\",\"position\":1,\"name\":\"Portada\",\"item\":\"https:\/\/colmadosingular.com\/ca\/inici\/\"},{\"@type\":\"ListItem\",\"position\":2,\"name\":\"BOTIGA\",\"item\":\"https:\/\/colmadosingular.com\/ca\/shop\/\"},{\"@type\":\"ListItem\",\"position\":3,\"name\":\"CISTELLA &#8220;TOMATERA DRAG\u00d3N&#8221;, Rosana Gali\u00e1n (G)\"}]},{\"@type\":\"WebSite\",\"@id\":\"https:\/\/colmadosingular.com\/ca\/#website\",\"url\":\"https:\/\/colmadosingular.com\/ca\/\",\"name\":\"Colmado Singular\",\"description\":\"\",\"publisher\":{\"@id\":\"https:\/\/colmadosingular.com\/ca\/#organization\"},\"potentialAction\":[{\"@type\":\"SearchAction\",\"target\":{\"@type\":\"EntryPoint\",\"urlTemplate\":\"https:\/\/colmadosingular.com\/ca\/?s={search_term_string}\"},\"query-input\":{\"@type\":\"PropertyValueSpecification\",\"valueRequired\":true,\"valueName\":\"search_term_string\"}}],\"inLanguage\":\"ca\"},{\"@type\":\"Organization\",\"@id\":\"https:\/\/colmadosingular.com\/ca\/#organization\",\"name\":\"Colmado Singular\",\"url\":\"https:\/\/colmadosingular.com\/ca\/\",\"logo\":{\"@type\":\"ImageObject\",\"inLanguage\":\"ca\",\"@id\":\"https:\/\/colmadosingular.com\/ca\/#\/schema\/logo\/image\/\",\"url\":\"https:\/\/colmadosingular.com\/wp-content\/uploads\/2024\/08\/logo-colmado.svg\",\"contentUrl\":\"https:\/\/colmadosingular.com\/wp-content\/uploads\/2024\/08\/logo-colmado.svg\",\"width\":620,\"height\":50,\"caption\":\"Colmado Singular\"},\"image\":{\"@id\":\"https:\/\/colmadosingular.com\/ca\/#\/schema\/logo\/image\/\"}}]}<\/script>\n<!-- \/ Yoast SEO plugin. -->","yoast_head_json":{"title":"CISTELLA \"TOMATERA DRAG\u00d3N\", Rosana Gali\u00e1n (G) - Colmado Singular","robots":{"index":"index","follow":"follow","max-snippet":"max-snippet:-1","max-image-preview":"max-image-preview:large","max-video-preview":"max-video-preview:-1"},"canonical":"https:\/\/colmadosingular.com\/ca\/producto\/tomatera-dragon-rosana-galian\/","og_locale":"ca_ES","og_type":"article","og_title":"CISTELLA \"TOMATERA DRAG\u00d3N\", Rosana Gali\u00e1n (G) - Colmado Singular","og_description":"Tomatera Dragon Food &amp; Art Collection - Cistella 380X380 (gran) Forma part de l'exclusiva col\u00b7lecci\u00f3 Food &amp;Art , on fusionem creativitat i gastronomia. Creiem que els nostres productes mereixen ser presentats de manera excepcional, per aix\u00f2 els emboliquem en art. Cada cistella de regal ha estat personalitzada per set artistes talentosos, aportant el seu toc \u00fanic a cadascuna.  Per reduir residus innecessaris, apostem per crear alguna cosa amb una segona vida. Les nostres cistelles es poden transformar en un tamboret, una tauleta de nit, un contenidor de joguines o un element decoratiu\u2026 La seva versatilitat ofereix infinites possibilitats, deixant a cada persona la llibertat de decidir.  Aquestes cistelles sorprendran qui les rebi, tant per la seva est\u00e8tica com pel seu contingut. S\u00f3n un regal singular, pensat per als qui gaudeixen del bon menjar i de les coses boniques de la vida.  Rosana Gali\u00e1n \u00e9s una arquitecta Murciana, formada a les universitats d'UA i ETSAM. Signa la seva arquitectura amb el nom de Garrastudio, el projecte creatiu d'artesania i pensament digital, on desenvolupa productes \u00fanics sorgits d'un entorn de creativitat experimental que es comparteix amb socis agosarats.","og_url":"https:\/\/colmadosingular.com\/ca\/producto\/tomatera-dragon-rosana-galian\/","og_site_name":"Colmado Singular","article_modified_time":"2025-02-06T17:30:19+00:00","og_image":[{"width":935,"height":935,"url":"https:\/\/colmadosingular.com\/wp-content\/uploads\/2024\/08\/Cistella_Rosana_web_fons_gris.jpg","type":"image\/jpeg"}],"twitter_card":"summary_large_image","schema":{"@context":"https:\/\/schema.org","@graph":[{"@type":"WebPage","@id":"https:\/\/colmadosingular.com\/ca\/producto\/tomatera-dragon-rosana-galian\/","url":"https:\/\/colmadosingular.com\/ca\/producto\/tomatera-dragon-rosana-galian\/","name":"CISTELLA \"TOMATERA DRAG\u00d3N\", Rosana Gali\u00e1n (G) - Colmado Singular","isPartOf":{"@id":"https:\/\/colmadosingular.com\/ca\/#website"},"primaryImageOfPage":{"@id":"https:\/\/colmadosingular.com\/ca\/producto\/tomatera-dragon-rosana-galian\/#primaryimage"},"image":{"@id":"https:\/\/colmadosingular.com\/ca\/producto\/tomatera-dragon-rosana-galian\/#primaryimage"},"thumbnailUrl":"https:\/\/colmadosingular.com\/wp-content\/uploads\/2024\/08\/Cistella_Rosana_web_fons_gris.jpg","datePublished":"2024-08-12T14:24:08+00:00","dateModified":"2025-02-06T17:30:19+00:00","breadcrumb":{"@id":"https:\/\/colmadosingular.com\/ca\/producto\/tomatera-dragon-rosana-galian\/#breadcrumb"},"inLanguage":"ca","potentialAction":[{"@type":"ReadAction","target":["https:\/\/colmadosingular.com\/ca\/producto\/tomatera-dragon-rosana-galian\/"]}]},{"@type":"ImageObject","inLanguage":"ca","@id":"https:\/\/colmadosingular.com\/ca\/producto\/tomatera-dragon-rosana-galian\/#primaryimage","url":"https:\/\/colmadosingular.com\/wp-content\/uploads\/2024\/08\/Cistella_Rosana_web_fons_gris.jpg","contentUrl":"https:\/\/colmadosingular.com\/wp-content\/uploads\/2024\/08\/Cistella_Rosana_web_fons_gris.jpg","width":935,"height":935},{"@type":"BreadcrumbList","@id":"https:\/\/colmadosingular.com\/ca\/producto\/tomatera-dragon-rosana-galian\/#breadcrumb","itemListElement":[{"@type":"ListItem","position":1,"name":"Portada","item":"https:\/\/colmadosingular.com\/ca\/inici\/"},{"@type":"ListItem","position":2,"name":"BOTIGA","item":"https:\/\/colmadosingular.com\/ca\/shop\/"},{"@type":"ListItem","position":3,"name":"CISTELLA &#8220;TOMATERA DRAG\u00d3N&#8221;, Rosana Gali\u00e1n (G)"}]},{"@type":"WebSite","@id":"https:\/\/colmadosingular.com\/ca\/#website","url":"https:\/\/colmadosingular.com\/ca\/","name":"Colmado Singular","description":"","publisher":{"@id":"https:\/\/colmadosingular.com\/ca\/#organization"},"potentialAction":[{"@type":"SearchAction","target":{"@type":"EntryPoint","urlTemplate":"https:\/\/colmadosingular.com\/ca\/?s={search_term_string}"},"query-input":{"@type":"PropertyValueSpecification","valueRequired":true,"valueName":"search_term_string"}}],"inLanguage":"ca"},{"@type":"Organization","@id":"https:\/\/colmadosingular.com\/ca\/#organization","name":"Colmado Singular","url":"https:\/\/colmadosingular.com\/ca\/","logo":{"@type":"ImageObject","inLanguage":"ca","@id":"https:\/\/colmadosingular.com\/ca\/#\/schema\/logo\/image\/","url":"https:\/\/colmadosingular.com\/wp-content\/uploads\/2024\/08\/logo-colmado.svg","contentUrl":"https:\/\/colmadosingular.com\/wp-content\/uploads\/2024\/08\/logo-colmado.svg","width":620,"height":50,"caption":"Colmado Singular"},"image":{"@id":"https:\/\/colmadosingular.com\/ca\/#\/schema\/logo\/image\/"}}]}},"_links":{"self":[{"href":"https:\/\/colmadosingular.com\/ca\/wp-json\/wp\/v2\/product\/986296","targetHints":{"allow":["GET"]}}],"collection":[{"href":"https:\/\/colmadosingular.com\/ca\/wp-json\/wp\/v2\/product"}],"about":[{"href":"https:\/\/colmadosingular.com\/ca\/wp-json\/wp\/v2\/types\/product"}],"wp:featuredmedia":[{"embeddable":true,"href":"https:\/\/colmadosingular.com\/ca\/wp-json\/wp\/v2\/media\/5733"}],"wp:attachment":[{"href":"https:\/\/colmadosingular.com\/ca\/wp-json\/wp\/v2\/media?parent=986296"}],"wp:term":[{"taxonomy":"product_brand","embeddable":true,"href":"https:\/\/colmadosingular.com\/ca\/wp-json\/wp\/v2\/product_brand?post=986296"},{"taxonomy":"product_cat","embeddable":true,"href":"https:\/\/colmadosingular.com\/ca\/wp-json\/wp\/v2\/product_cat?post=986296"},{"taxonomy":"product_tag","embeddable":true,"href":"https:\/\/colmadosingular.com\/ca\/wp-json\/wp\/v2\/product_tag?post=986296"}],"curies":[{"name":"wp","href":"https:\/\/api.w.org\/{rel}","templated":true}]}}