{"id":986297,"date":"2024-08-12T16:23:20","date_gmt":"2024-08-12T14:23:20","guid":{"rendered":"https:\/\/colmadosingular.com\/producto\/ones-de-plaer-enric-rovira-p\/"},"modified":"2026-03-03T14:20:52","modified_gmt":"2026-03-03T13:20:52","slug":"ones-de-plaer-enric-rovira-p","status":"publish","type":"product","link":"https:\/\/colmadosingular.com\/ca\/producto\/ones-de-plaer-enric-rovira-p\/","title":{"rendered":"CISTELLA ONES DE PLAER, Enric Rovira (P)"},"content":{"rendered":"","protected":false},"excerpt":{"rendered":"<p>Cistella petita 250&#215;230<br \/>\nFood &amp; Art Collection<\/p>\n<p>Forma part de l&#8217;exclusiva col\u00b7lecci\u00f3 <em>Food &amp; Art <\/em>, on fusionem creativitat i gastronomia. Creiem que els nostres productes mereixen ser presentats de manera excepcional, per aix\u00f2 els emboliquem en art. Cada cistella de regal ha estat personalitzada per set artistes talentosos, aportant el seu toc \u00fanic a cadascuna.  <\/p>\n<p>Per reduir residus innecessaris, apostem per crear alguna cosa amb una segona vida. Les nostres cistelles es poden transformar en un tamboret, una tauleta de nit, un contenidor de joguines o un element decoratiu\u2026 La seva versatilitat ofereix infinites possibilitats, deixant a cada persona la llibertat de decidir. <\/p>\n<p>Aquestes cistelles sorprendran qui les rebi, tant per la seva est\u00e8tica com pel seu contingut. S\u00f3n un regal singular, pensat per als qui gaudeixen del bon menjar i de les coses boniques de la vida. <\/p>\n<p><strong>Enric Rovira <\/strong>treballava a la pastisseria dels seus pares, la coneguda Pastisseria Rovira del carrer Gelabert de Barcelona. Totalment involucrat en el negoci familiar, aviat va sentir la necessitat de crear el seu propi projecte. \u00c9s un apassionat del treball creatiu, de la innovaci\u00f3, de la qualitat i de la perfecci\u00f3 i a la xocolata va trobar l&#8217;aliat perfecte per poder desenvolupar les seves inquietuds.  <\/p>\n","protected":false},"featured_media":5647,"template":"","meta":{"_acf_changed":false,"_monsterinsights_skip_tracking":false,"_monsterinsights_sitenote_active":false,"_monsterinsights_sitenote_note":"","_monsterinsights_sitenote_category":0,"_joinchat":[]},"product_brand":[],"product_cat":[218,268],"product_tag":[],"class_list":{"0":"post-986297","1":"product","2":"type-product","3":"status-publish","4":"has-post-thumbnail","6":"product_cat-regalos-ca","7":"product_cat-cistelles-food-art","9":"first","10":"instock","11":"taxable","12":"shipping-taxable","13":"purchasable","14":"product-type-simple"},"acf":[],"yoast_head":"<!-- This site is optimized with the Yoast SEO plugin v24.8.1 - https:\/\/yoast.com\/wordpress\/plugins\/seo\/ -->\n<title>CISTELLA ONES DE PLAER, Enric Rovira (P) - Colmado Singular<\/title>\n<meta name=\"robots\" content=\"index, follow, max-snippet:-1, max-image-preview:large, max-video-preview:-1\" \/>\n<link rel=\"canonical\" href=\"https:\/\/colmadosingular.com\/ca\/producto\/ones-de-plaer-enric-rovira-p\/\" \/>\n<meta property=\"og:locale\" content=\"ca_ES\" \/>\n<meta property=\"og:type\" content=\"article\" \/>\n<meta property=\"og:title\" content=\"CISTELLA ONES DE PLAER, Enric Rovira (P) - Colmado Singular\" \/>\n<meta property=\"og:description\" content=\"Cistella petita 250x230 Food &amp; Art Collection Forma part de l&#039;exclusiva col\u00b7lecci\u00f3 Food &amp; Art , on fusionem creativitat i gastronomia. Creiem que els nostres productes mereixen ser presentats de manera excepcional, per aix\u00f2 els emboliquem en art. Cada cistella de regal ha estat personalitzada per set artistes talentosos, aportant el seu toc \u00fanic a cadascuna.  Per reduir residus innecessaris, apostem per crear alguna cosa amb una segona vida. Les nostres cistelles es poden transformar en un tamboret, una tauleta de nit, un contenidor de joguines o un element decoratiu\u2026 La seva versatilitat ofereix infinites possibilitats, deixant a cada persona la llibertat de decidir.  Aquestes cistelles sorprendran qui les rebi, tant per la seva est\u00e8tica com pel seu contingut. S\u00f3n un regal singular, pensat per als qui gaudeixen del bon menjar i de les coses boniques de la vida.  Enric Rovira treballava a la pastisseria dels seus pares, la coneguda Pastisseria Rovira del carrer Gelabert de Barcelona. Totalment involucrat en el negoci familiar, aviat va sentir la necessitat de crear el seu propi projecte. \u00c9s un apassionat del treball creatiu, de la innovaci\u00f3, de la qualitat i de la perfecci\u00f3 i a la xocolata va trobar l&#039;aliat perfecte per poder desenvolupar les seves inquietuds.\" \/>\n<meta property=\"og:url\" content=\"https:\/\/colmadosingular.com\/ca\/producto\/ones-de-plaer-enric-rovira-p\/\" \/>\n<meta property=\"og:site_name\" content=\"Colmado Singular\" \/>\n<meta property=\"article:modified_time\" content=\"2026-03-03T13:20:52+00:00\" \/>\n<meta property=\"og:image\" content=\"https:\/\/colmadosingular.com\/wp-content\/uploads\/2024\/08\/ONES-DE-PLAER_PSV1772-1g_2480x2480.jpg\" \/>\n\t<meta property=\"og:image:width\" content=\"2480\" \/>\n\t<meta property=\"og:image:height\" content=\"2480\" \/>\n\t<meta property=\"og:image:type\" content=\"image\/jpeg\" \/>\n<meta name=\"twitter:card\" content=\"summary_large_image\" \/>\n<script type=\"application\/ld+json\" class=\"yoast-schema-graph\">{\"@context\":\"https:\/\/schema.org\",\"@graph\":[{\"@type\":\"WebPage\",\"@id\":\"https:\/\/colmadosingular.com\/ca\/producto\/ones-de-plaer-enric-rovira-p\/\",\"url\":\"https:\/\/colmadosingular.com\/ca\/producto\/ones-de-plaer-enric-rovira-p\/\",\"name\":\"CISTELLA ONES DE PLAER, Enric Rovira (P) - Colmado Singular\",\"isPartOf\":{\"@id\":\"https:\/\/colmadosingular.com\/ca\/#website\"},\"primaryImageOfPage\":{\"@id\":\"https:\/\/colmadosingular.com\/ca\/producto\/ones-de-plaer-enric-rovira-p\/#primaryimage\"},\"image\":{\"@id\":\"https:\/\/colmadosingular.com\/ca\/producto\/ones-de-plaer-enric-rovira-p\/#primaryimage\"},\"thumbnailUrl\":\"https:\/\/colmadosingular.com\/wp-content\/uploads\/2024\/08\/ONES-DE-PLAER_PSV1772-1g_2480x2480.jpg\",\"datePublished\":\"2024-08-12T14:23:20+00:00\",\"dateModified\":\"2026-03-03T13:20:52+00:00\",\"breadcrumb\":{\"@id\":\"https:\/\/colmadosingular.com\/ca\/producto\/ones-de-plaer-enric-rovira-p\/#breadcrumb\"},\"inLanguage\":\"ca\",\"potentialAction\":[{\"@type\":\"ReadAction\",\"target\":[\"https:\/\/colmadosingular.com\/ca\/producto\/ones-de-plaer-enric-rovira-p\/\"]}]},{\"@type\":\"ImageObject\",\"inLanguage\":\"ca\",\"@id\":\"https:\/\/colmadosingular.com\/ca\/producto\/ones-de-plaer-enric-rovira-p\/#primaryimage\",\"url\":\"https:\/\/colmadosingular.com\/wp-content\/uploads\/2024\/08\/ONES-DE-PLAER_PSV1772-1g_2480x2480.jpg\",\"contentUrl\":\"https:\/\/colmadosingular.com\/wp-content\/uploads\/2024\/08\/ONES-DE-PLAER_PSV1772-1g_2480x2480.jpg\",\"width\":2480,\"height\":2480},{\"@type\":\"BreadcrumbList\",\"@id\":\"https:\/\/colmadosingular.com\/ca\/producto\/ones-de-plaer-enric-rovira-p\/#breadcrumb\",\"itemListElement\":[{\"@type\":\"ListItem\",\"position\":1,\"name\":\"Portada\",\"item\":\"https:\/\/colmadosingular.com\/ca\/inici\/\"},{\"@type\":\"ListItem\",\"position\":2,\"name\":\"BOTIGA\",\"item\":\"https:\/\/colmadosingular.com\/ca\/shop\/\"},{\"@type\":\"ListItem\",\"position\":3,\"name\":\"CISTELLA ONES DE PLAER, Enric Rovira (P)\"}]},{\"@type\":\"WebSite\",\"@id\":\"https:\/\/colmadosingular.com\/ca\/#website\",\"url\":\"https:\/\/colmadosingular.com\/ca\/\",\"name\":\"Colmado Singular\",\"description\":\"\",\"publisher\":{\"@id\":\"https:\/\/colmadosingular.com\/ca\/#organization\"},\"potentialAction\":[{\"@type\":\"SearchAction\",\"target\":{\"@type\":\"EntryPoint\",\"urlTemplate\":\"https:\/\/colmadosingular.com\/ca\/?s={search_term_string}\"},\"query-input\":{\"@type\":\"PropertyValueSpecification\",\"valueRequired\":true,\"valueName\":\"search_term_string\"}}],\"inLanguage\":\"ca\"},{\"@type\":\"Organization\",\"@id\":\"https:\/\/colmadosingular.com\/ca\/#organization\",\"name\":\"Colmado Singular\",\"url\":\"https:\/\/colmadosingular.com\/ca\/\",\"logo\":{\"@type\":\"ImageObject\",\"inLanguage\":\"ca\",\"@id\":\"https:\/\/colmadosingular.com\/ca\/#\/schema\/logo\/image\/\",\"url\":\"https:\/\/colmadosingular.com\/wp-content\/uploads\/2024\/08\/logo-colmado.svg\",\"contentUrl\":\"https:\/\/colmadosingular.com\/wp-content\/uploads\/2024\/08\/logo-colmado.svg\",\"width\":620,\"height\":50,\"caption\":\"Colmado Singular\"},\"image\":{\"@id\":\"https:\/\/colmadosingular.com\/ca\/#\/schema\/logo\/image\/\"}}]}<\/script>\n<!-- \/ Yoast SEO plugin. -->","yoast_head_json":{"title":"CISTELLA ONES DE PLAER, Enric Rovira (P) - Colmado Singular","robots":{"index":"index","follow":"follow","max-snippet":"max-snippet:-1","max-image-preview":"max-image-preview:large","max-video-preview":"max-video-preview:-1"},"canonical":"https:\/\/colmadosingular.com\/ca\/producto\/ones-de-plaer-enric-rovira-p\/","og_locale":"ca_ES","og_type":"article","og_title":"CISTELLA ONES DE PLAER, Enric Rovira (P) - Colmado Singular","og_description":"Cistella petita 250x230 Food &amp; Art Collection Forma part de l'exclusiva col\u00b7lecci\u00f3 Food &amp; Art , on fusionem creativitat i gastronomia. Creiem que els nostres productes mereixen ser presentats de manera excepcional, per aix\u00f2 els emboliquem en art. Cada cistella de regal ha estat personalitzada per set artistes talentosos, aportant el seu toc \u00fanic a cadascuna.  Per reduir residus innecessaris, apostem per crear alguna cosa amb una segona vida. Les nostres cistelles es poden transformar en un tamboret, una tauleta de nit, un contenidor de joguines o un element decoratiu\u2026 La seva versatilitat ofereix infinites possibilitats, deixant a cada persona la llibertat de decidir.  Aquestes cistelles sorprendran qui les rebi, tant per la seva est\u00e8tica com pel seu contingut. S\u00f3n un regal singular, pensat per als qui gaudeixen del bon menjar i de les coses boniques de la vida.  Enric Rovira treballava a la pastisseria dels seus pares, la coneguda Pastisseria Rovira del carrer Gelabert de Barcelona. Totalment involucrat en el negoci familiar, aviat va sentir la necessitat de crear el seu propi projecte. \u00c9s un apassionat del treball creatiu, de la innovaci\u00f3, de la qualitat i de la perfecci\u00f3 i a la xocolata va trobar l'aliat perfecte per poder desenvolupar les seves inquietuds.","og_url":"https:\/\/colmadosingular.com\/ca\/producto\/ones-de-plaer-enric-rovira-p\/","og_site_name":"Colmado Singular","article_modified_time":"2026-03-03T13:20:52+00:00","og_image":[{"width":2480,"height":2480,"url":"https:\/\/colmadosingular.com\/wp-content\/uploads\/2024\/08\/ONES-DE-PLAER_PSV1772-1g_2480x2480.jpg","type":"image\/jpeg"}],"twitter_card":"summary_large_image","schema":{"@context":"https:\/\/schema.org","@graph":[{"@type":"WebPage","@id":"https:\/\/colmadosingular.com\/ca\/producto\/ones-de-plaer-enric-rovira-p\/","url":"https:\/\/colmadosingular.com\/ca\/producto\/ones-de-plaer-enric-rovira-p\/","name":"CISTELLA ONES DE PLAER, Enric Rovira (P) - Colmado Singular","isPartOf":{"@id":"https:\/\/colmadosingular.com\/ca\/#website"},"primaryImageOfPage":{"@id":"https:\/\/colmadosingular.com\/ca\/producto\/ones-de-plaer-enric-rovira-p\/#primaryimage"},"image":{"@id":"https:\/\/colmadosingular.com\/ca\/producto\/ones-de-plaer-enric-rovira-p\/#primaryimage"},"thumbnailUrl":"https:\/\/colmadosingular.com\/wp-content\/uploads\/2024\/08\/ONES-DE-PLAER_PSV1772-1g_2480x2480.jpg","datePublished":"2024-08-12T14:23:20+00:00","dateModified":"2026-03-03T13:20:52+00:00","breadcrumb":{"@id":"https:\/\/colmadosingular.com\/ca\/producto\/ones-de-plaer-enric-rovira-p\/#breadcrumb"},"inLanguage":"ca","potentialAction":[{"@type":"ReadAction","target":["https:\/\/colmadosingular.com\/ca\/producto\/ones-de-plaer-enric-rovira-p\/"]}]},{"@type":"ImageObject","inLanguage":"ca","@id":"https:\/\/colmadosingular.com\/ca\/producto\/ones-de-plaer-enric-rovira-p\/#primaryimage","url":"https:\/\/colmadosingular.com\/wp-content\/uploads\/2024\/08\/ONES-DE-PLAER_PSV1772-1g_2480x2480.jpg","contentUrl":"https:\/\/colmadosingular.com\/wp-content\/uploads\/2024\/08\/ONES-DE-PLAER_PSV1772-1g_2480x2480.jpg","width":2480,"height":2480},{"@type":"BreadcrumbList","@id":"https:\/\/colmadosingular.com\/ca\/producto\/ones-de-plaer-enric-rovira-p\/#breadcrumb","itemListElement":[{"@type":"ListItem","position":1,"name":"Portada","item":"https:\/\/colmadosingular.com\/ca\/inici\/"},{"@type":"ListItem","position":2,"name":"BOTIGA","item":"https:\/\/colmadosingular.com\/ca\/shop\/"},{"@type":"ListItem","position":3,"name":"CISTELLA ONES DE PLAER, Enric Rovira (P)"}]},{"@type":"WebSite","@id":"https:\/\/colmadosingular.com\/ca\/#website","url":"https:\/\/colmadosingular.com\/ca\/","name":"Colmado Singular","description":"","publisher":{"@id":"https:\/\/colmadosingular.com\/ca\/#organization"},"potentialAction":[{"@type":"SearchAction","target":{"@type":"EntryPoint","urlTemplate":"https:\/\/colmadosingular.com\/ca\/?s={search_term_string}"},"query-input":{"@type":"PropertyValueSpecification","valueRequired":true,"valueName":"search_term_string"}}],"inLanguage":"ca"},{"@type":"Organization","@id":"https:\/\/colmadosingular.com\/ca\/#organization","name":"Colmado Singular","url":"https:\/\/colmadosingular.com\/ca\/","logo":{"@type":"ImageObject","inLanguage":"ca","@id":"https:\/\/colmadosingular.com\/ca\/#\/schema\/logo\/image\/","url":"https:\/\/colmadosingular.com\/wp-content\/uploads\/2024\/08\/logo-colmado.svg","contentUrl":"https:\/\/colmadosingular.com\/wp-content\/uploads\/2024\/08\/logo-colmado.svg","width":620,"height":50,"caption":"Colmado Singular"},"image":{"@id":"https:\/\/colmadosingular.com\/ca\/#\/schema\/logo\/image\/"}}]}},"_links":{"self":[{"href":"https:\/\/colmadosingular.com\/ca\/wp-json\/wp\/v2\/product\/986297","targetHints":{"allow":["GET"]}}],"collection":[{"href":"https:\/\/colmadosingular.com\/ca\/wp-json\/wp\/v2\/product"}],"about":[{"href":"https:\/\/colmadosingular.com\/ca\/wp-json\/wp\/v2\/types\/product"}],"wp:featuredmedia":[{"embeddable":true,"href":"https:\/\/colmadosingular.com\/ca\/wp-json\/wp\/v2\/media\/5647"}],"wp:attachment":[{"href":"https:\/\/colmadosingular.com\/ca\/wp-json\/wp\/v2\/media?parent=986297"}],"wp:term":[{"taxonomy":"product_brand","embeddable":true,"href":"https:\/\/colmadosingular.com\/ca\/wp-json\/wp\/v2\/product_brand?post=986297"},{"taxonomy":"product_cat","embeddable":true,"href":"https:\/\/colmadosingular.com\/ca\/wp-json\/wp\/v2\/product_cat?post=986297"},{"taxonomy":"product_tag","embeddable":true,"href":"https:\/\/colmadosingular.com\/ca\/wp-json\/wp\/v2\/product_tag?post=986297"}],"curies":[{"name":"wp","href":"https:\/\/api.w.org\/{rel}","templated":true}]}}