{"id":986299,"date":"2024-08-12T16:23:20","date_gmt":"2024-08-12T14:23:20","guid":{"rendered":"https:\/\/colmadosingular.com\/producto\/lemons-jess-lea-wilson-p\/"},"modified":"2025-02-06T18:34:12","modified_gmt":"2025-02-06T17:34:12","slug":"lemons-jess-lea-wilson-p","status":"publish","type":"product","link":"https:\/\/colmadosingular.com\/ca\/producto\/lemons-jess-lea-wilson-p\/","title":{"rendered":"CISTELLA LEMONS, Jess Lea-Wilson (P)"},"content":{"rendered":"","protected":false},"excerpt":{"rendered":"<p>Cistella petita 250&#215;230<br \/>\nFood &amp; Art Collection<\/p>\n<p>Forma part de l&#8217;exclusiva col\u00b7lecci\u00f3 <em>Food &amp; Art<\/em> , on fusionem creativitat i gastronomia. Creiem que els nostres productes mereixen ser presentats de manera excepcional, per aix\u00f2 els emboliquem en art. Cada cistella de regal ha estat personalitzada per set artistes talentosos, aportant el seu toc \u00fanic a cadascuna.  <\/p>\n<p>Per reduir residus innecessaris, apostem per crear alguna cosa amb una segona vida. Les nostres cistelles es poden transformar en un tamboret, una tauleta de nit, un contenidor de joguines o un element decoratiu\u2026 La seva versatilitat ofereix infinites possibilitats, deixant a cada persona la llibertat de decidir. <\/p>\n<p>Aquestes cistelles sorprendran qui les rebi, tant per la seva est\u00e8tica com pel seu contingut. S\u00f3n un regal singular, pensat per als qui gaudeixen del bon menjar i de les coses boniques de la vida. <\/p>\n<p><strong>Jess Lea-Wilson<\/strong> \u00e9s una dissenyadora que treballa a Londres i al Nord de Gal\u00b7les. Apassionada del bon menjar i l&#8217;art a parts iguals ha trobat la seva professi\u00f3 vinculada als dos mons. Tamb\u00e9 treballa com a freelance ajudant l&#8217;empresa dels seus pares Halen M\u00f4n, la reconeguda firma productora de la millor sal marina del m\u00f3n, entre altres refer\u00e8ncies fetitxe dels millors xefs.  <\/p>\n<p>A Jess la caracteritzen la simplicitat, els colors potents, els bons ingredients i un aire na\u00eff que ha quedat plasmat a la perfecci\u00f3 a l&#8217;enc\u00e0rrec que li va fer Colmado Singular amb la creaci\u00f3 d&#8217;aquestes dues cistelles fin\u00edssimes.<\/p>\n","protected":false},"featured_media":5644,"template":"","meta":{"_acf_changed":false,"_monsterinsights_skip_tracking":false,"_monsterinsights_sitenote_active":false,"_monsterinsights_sitenote_note":"","_monsterinsights_sitenote_category":0,"_joinchat":[]},"product_brand":[],"product_cat":[218,268],"product_tag":[],"class_list":{"0":"post-986299","1":"product","2":"type-product","3":"status-publish","4":"has-post-thumbnail","6":"product_cat-regalos-ca","7":"product_cat-cistelles-food-art","9":"first","10":"instock","11":"taxable","12":"shipping-taxable","13":"purchasable","14":"product-type-simple"},"acf":[],"yoast_head":"<!-- This site is optimized with the Yoast SEO plugin v24.8.1 - https:\/\/yoast.com\/wordpress\/plugins\/seo\/ -->\n<title>CISTELLA LEMONS, Jess Lea-Wilson (P) - Colmado Singular<\/title>\n<meta name=\"robots\" content=\"index, follow, max-snippet:-1, max-image-preview:large, max-video-preview:-1\" \/>\n<link rel=\"canonical\" href=\"https:\/\/colmadosingular.com\/ca\/producto\/lemons-jess-lea-wilson-p\/\" \/>\n<meta property=\"og:locale\" content=\"ca_ES\" \/>\n<meta property=\"og:type\" content=\"article\" \/>\n<meta property=\"og:title\" content=\"CISTELLA LEMONS, Jess Lea-Wilson (P) - Colmado Singular\" \/>\n<meta property=\"og:description\" content=\"Cistella petita 250x230 Food &amp; Art Collection Forma part de l&#039;exclusiva col\u00b7lecci\u00f3 Food &amp; Art , on fusionem creativitat i gastronomia. Creiem que els nostres productes mereixen ser presentats de manera excepcional, per aix\u00f2 els emboliquem en art. Cada cistella de regal ha estat personalitzada per set artistes talentosos, aportant el seu toc \u00fanic a cadascuna.  Per reduir residus innecessaris, apostem per crear alguna cosa amb una segona vida. Les nostres cistelles es poden transformar en un tamboret, una tauleta de nit, un contenidor de joguines o un element decoratiu\u2026 La seva versatilitat ofereix infinites possibilitats, deixant a cada persona la llibertat de decidir.  Aquestes cistelles sorprendran qui les rebi, tant per la seva est\u00e8tica com pel seu contingut. S\u00f3n un regal singular, pensat per als qui gaudeixen del bon menjar i de les coses boniques de la vida.  Jess Lea-Wilson \u00e9s una dissenyadora que treballa a Londres i al Nord de Gal\u00b7les. Apassionada del bon menjar i l&#039;art a parts iguals ha trobat la seva professi\u00f3 vinculada als dos mons. Tamb\u00e9 treballa com a freelance ajudant l&#039;empresa dels seus pares Halen M\u00f4n, la reconeguda firma productora de la millor sal marina del m\u00f3n, entre altres refer\u00e8ncies fetitxe dels millors xefs.  A Jess la caracteritzen la simplicitat, els colors potents, els bons ingredients i un aire na\u00eff que ha quedat plasmat a la perfecci\u00f3 a l&#039;enc\u00e0rrec que li va fer Colmado Singular amb la creaci\u00f3 d&#039;aquestes dues cistelles fin\u00edssimes.\" \/>\n<meta property=\"og:url\" content=\"https:\/\/colmadosingular.com\/ca\/producto\/lemons-jess-lea-wilson-p\/\" \/>\n<meta property=\"og:site_name\" content=\"Colmado Singular\" \/>\n<meta property=\"article:modified_time\" content=\"2025-02-06T17:34:12+00:00\" \/>\n<meta property=\"og:image\" content=\"https:\/\/colmadosingular.com\/wp-content\/uploads\/2024\/08\/LEMONS_PSV1769-1g_2480x2480.jpg\" \/>\n\t<meta property=\"og:image:width\" content=\"2480\" \/>\n\t<meta property=\"og:image:height\" content=\"2480\" \/>\n\t<meta property=\"og:image:type\" content=\"image\/jpeg\" \/>\n<meta name=\"twitter:card\" content=\"summary_large_image\" \/>\n<script type=\"application\/ld+json\" class=\"yoast-schema-graph\">{\"@context\":\"https:\/\/schema.org\",\"@graph\":[{\"@type\":\"WebPage\",\"@id\":\"https:\/\/colmadosingular.com\/ca\/producto\/lemons-jess-lea-wilson-p\/\",\"url\":\"https:\/\/colmadosingular.com\/ca\/producto\/lemons-jess-lea-wilson-p\/\",\"name\":\"CISTELLA LEMONS, Jess Lea-Wilson (P) - Colmado Singular\",\"isPartOf\":{\"@id\":\"https:\/\/colmadosingular.com\/ca\/#website\"},\"primaryImageOfPage\":{\"@id\":\"https:\/\/colmadosingular.com\/ca\/producto\/lemons-jess-lea-wilson-p\/#primaryimage\"},\"image\":{\"@id\":\"https:\/\/colmadosingular.com\/ca\/producto\/lemons-jess-lea-wilson-p\/#primaryimage\"},\"thumbnailUrl\":\"https:\/\/colmadosingular.com\/wp-content\/uploads\/2024\/08\/LEMONS_PSV1769-1g_2480x2480.jpg\",\"datePublished\":\"2024-08-12T14:23:20+00:00\",\"dateModified\":\"2025-02-06T17:34:12+00:00\",\"breadcrumb\":{\"@id\":\"https:\/\/colmadosingular.com\/ca\/producto\/lemons-jess-lea-wilson-p\/#breadcrumb\"},\"inLanguage\":\"ca\",\"potentialAction\":[{\"@type\":\"ReadAction\",\"target\":[\"https:\/\/colmadosingular.com\/ca\/producto\/lemons-jess-lea-wilson-p\/\"]}]},{\"@type\":\"ImageObject\",\"inLanguage\":\"ca\",\"@id\":\"https:\/\/colmadosingular.com\/ca\/producto\/lemons-jess-lea-wilson-p\/#primaryimage\",\"url\":\"https:\/\/colmadosingular.com\/wp-content\/uploads\/2024\/08\/LEMONS_PSV1769-1g_2480x2480.jpg\",\"contentUrl\":\"https:\/\/colmadosingular.com\/wp-content\/uploads\/2024\/08\/LEMONS_PSV1769-1g_2480x2480.jpg\",\"width\":2480,\"height\":2480},{\"@type\":\"BreadcrumbList\",\"@id\":\"https:\/\/colmadosingular.com\/ca\/producto\/lemons-jess-lea-wilson-p\/#breadcrumb\",\"itemListElement\":[{\"@type\":\"ListItem\",\"position\":1,\"name\":\"Portada\",\"item\":\"https:\/\/colmadosingular.com\/ca\/inici\/\"},{\"@type\":\"ListItem\",\"position\":2,\"name\":\"BOTIGA\",\"item\":\"https:\/\/colmadosingular.com\/ca\/shop\/\"},{\"@type\":\"ListItem\",\"position\":3,\"name\":\"CISTELLA LEMONS, Jess Lea-Wilson (P)\"}]},{\"@type\":\"WebSite\",\"@id\":\"https:\/\/colmadosingular.com\/ca\/#website\",\"url\":\"https:\/\/colmadosingular.com\/ca\/\",\"name\":\"Colmado Singular\",\"description\":\"\",\"publisher\":{\"@id\":\"https:\/\/colmadosingular.com\/ca\/#organization\"},\"potentialAction\":[{\"@type\":\"SearchAction\",\"target\":{\"@type\":\"EntryPoint\",\"urlTemplate\":\"https:\/\/colmadosingular.com\/ca\/?s={search_term_string}\"},\"query-input\":{\"@type\":\"PropertyValueSpecification\",\"valueRequired\":true,\"valueName\":\"search_term_string\"}}],\"inLanguage\":\"ca\"},{\"@type\":\"Organization\",\"@id\":\"https:\/\/colmadosingular.com\/ca\/#organization\",\"name\":\"Colmado Singular\",\"url\":\"https:\/\/colmadosingular.com\/ca\/\",\"logo\":{\"@type\":\"ImageObject\",\"inLanguage\":\"ca\",\"@id\":\"https:\/\/colmadosingular.com\/ca\/#\/schema\/logo\/image\/\",\"url\":\"https:\/\/colmadosingular.com\/wp-content\/uploads\/2024\/08\/logo-colmado.svg\",\"contentUrl\":\"https:\/\/colmadosingular.com\/wp-content\/uploads\/2024\/08\/logo-colmado.svg\",\"width\":620,\"height\":50,\"caption\":\"Colmado Singular\"},\"image\":{\"@id\":\"https:\/\/colmadosingular.com\/ca\/#\/schema\/logo\/image\/\"}}]}<\/script>\n<!-- \/ Yoast SEO plugin. -->","yoast_head_json":{"title":"CISTELLA LEMONS, Jess Lea-Wilson (P) - Colmado Singular","robots":{"index":"index","follow":"follow","max-snippet":"max-snippet:-1","max-image-preview":"max-image-preview:large","max-video-preview":"max-video-preview:-1"},"canonical":"https:\/\/colmadosingular.com\/ca\/producto\/lemons-jess-lea-wilson-p\/","og_locale":"ca_ES","og_type":"article","og_title":"CISTELLA LEMONS, Jess Lea-Wilson (P) - Colmado Singular","og_description":"Cistella petita 250x230 Food &amp; Art Collection Forma part de l'exclusiva col\u00b7lecci\u00f3 Food &amp; Art , on fusionem creativitat i gastronomia. Creiem que els nostres productes mereixen ser presentats de manera excepcional, per aix\u00f2 els emboliquem en art. Cada cistella de regal ha estat personalitzada per set artistes talentosos, aportant el seu toc \u00fanic a cadascuna.  Per reduir residus innecessaris, apostem per crear alguna cosa amb una segona vida. Les nostres cistelles es poden transformar en un tamboret, una tauleta de nit, un contenidor de joguines o un element decoratiu\u2026 La seva versatilitat ofereix infinites possibilitats, deixant a cada persona la llibertat de decidir.  Aquestes cistelles sorprendran qui les rebi, tant per la seva est\u00e8tica com pel seu contingut. S\u00f3n un regal singular, pensat per als qui gaudeixen del bon menjar i de les coses boniques de la vida.  Jess Lea-Wilson \u00e9s una dissenyadora que treballa a Londres i al Nord de Gal\u00b7les. Apassionada del bon menjar i l'art a parts iguals ha trobat la seva professi\u00f3 vinculada als dos mons. Tamb\u00e9 treballa com a freelance ajudant l'empresa dels seus pares Halen M\u00f4n, la reconeguda firma productora de la millor sal marina del m\u00f3n, entre altres refer\u00e8ncies fetitxe dels millors xefs.  A Jess la caracteritzen la simplicitat, els colors potents, els bons ingredients i un aire na\u00eff que ha quedat plasmat a la perfecci\u00f3 a l'enc\u00e0rrec que li va fer Colmado Singular amb la creaci\u00f3 d'aquestes dues cistelles fin\u00edssimes.","og_url":"https:\/\/colmadosingular.com\/ca\/producto\/lemons-jess-lea-wilson-p\/","og_site_name":"Colmado Singular","article_modified_time":"2025-02-06T17:34:12+00:00","og_image":[{"width":2480,"height":2480,"url":"https:\/\/colmadosingular.com\/wp-content\/uploads\/2024\/08\/LEMONS_PSV1769-1g_2480x2480.jpg","type":"image\/jpeg"}],"twitter_card":"summary_large_image","schema":{"@context":"https:\/\/schema.org","@graph":[{"@type":"WebPage","@id":"https:\/\/colmadosingular.com\/ca\/producto\/lemons-jess-lea-wilson-p\/","url":"https:\/\/colmadosingular.com\/ca\/producto\/lemons-jess-lea-wilson-p\/","name":"CISTELLA LEMONS, Jess Lea-Wilson (P) - Colmado Singular","isPartOf":{"@id":"https:\/\/colmadosingular.com\/ca\/#website"},"primaryImageOfPage":{"@id":"https:\/\/colmadosingular.com\/ca\/producto\/lemons-jess-lea-wilson-p\/#primaryimage"},"image":{"@id":"https:\/\/colmadosingular.com\/ca\/producto\/lemons-jess-lea-wilson-p\/#primaryimage"},"thumbnailUrl":"https:\/\/colmadosingular.com\/wp-content\/uploads\/2024\/08\/LEMONS_PSV1769-1g_2480x2480.jpg","datePublished":"2024-08-12T14:23:20+00:00","dateModified":"2025-02-06T17:34:12+00:00","breadcrumb":{"@id":"https:\/\/colmadosingular.com\/ca\/producto\/lemons-jess-lea-wilson-p\/#breadcrumb"},"inLanguage":"ca","potentialAction":[{"@type":"ReadAction","target":["https:\/\/colmadosingular.com\/ca\/producto\/lemons-jess-lea-wilson-p\/"]}]},{"@type":"ImageObject","inLanguage":"ca","@id":"https:\/\/colmadosingular.com\/ca\/producto\/lemons-jess-lea-wilson-p\/#primaryimage","url":"https:\/\/colmadosingular.com\/wp-content\/uploads\/2024\/08\/LEMONS_PSV1769-1g_2480x2480.jpg","contentUrl":"https:\/\/colmadosingular.com\/wp-content\/uploads\/2024\/08\/LEMONS_PSV1769-1g_2480x2480.jpg","width":2480,"height":2480},{"@type":"BreadcrumbList","@id":"https:\/\/colmadosingular.com\/ca\/producto\/lemons-jess-lea-wilson-p\/#breadcrumb","itemListElement":[{"@type":"ListItem","position":1,"name":"Portada","item":"https:\/\/colmadosingular.com\/ca\/inici\/"},{"@type":"ListItem","position":2,"name":"BOTIGA","item":"https:\/\/colmadosingular.com\/ca\/shop\/"},{"@type":"ListItem","position":3,"name":"CISTELLA LEMONS, Jess Lea-Wilson (P)"}]},{"@type":"WebSite","@id":"https:\/\/colmadosingular.com\/ca\/#website","url":"https:\/\/colmadosingular.com\/ca\/","name":"Colmado Singular","description":"","publisher":{"@id":"https:\/\/colmadosingular.com\/ca\/#organization"},"potentialAction":[{"@type":"SearchAction","target":{"@type":"EntryPoint","urlTemplate":"https:\/\/colmadosingular.com\/ca\/?s={search_term_string}"},"query-input":{"@type":"PropertyValueSpecification","valueRequired":true,"valueName":"search_term_string"}}],"inLanguage":"ca"},{"@type":"Organization","@id":"https:\/\/colmadosingular.com\/ca\/#organization","name":"Colmado Singular","url":"https:\/\/colmadosingular.com\/ca\/","logo":{"@type":"ImageObject","inLanguage":"ca","@id":"https:\/\/colmadosingular.com\/ca\/#\/schema\/logo\/image\/","url":"https:\/\/colmadosingular.com\/wp-content\/uploads\/2024\/08\/logo-colmado.svg","contentUrl":"https:\/\/colmadosingular.com\/wp-content\/uploads\/2024\/08\/logo-colmado.svg","width":620,"height":50,"caption":"Colmado Singular"},"image":{"@id":"https:\/\/colmadosingular.com\/ca\/#\/schema\/logo\/image\/"}}]}},"_links":{"self":[{"href":"https:\/\/colmadosingular.com\/ca\/wp-json\/wp\/v2\/product\/986299","targetHints":{"allow":["GET"]}}],"collection":[{"href":"https:\/\/colmadosingular.com\/ca\/wp-json\/wp\/v2\/product"}],"about":[{"href":"https:\/\/colmadosingular.com\/ca\/wp-json\/wp\/v2\/types\/product"}],"wp:featuredmedia":[{"embeddable":true,"href":"https:\/\/colmadosingular.com\/ca\/wp-json\/wp\/v2\/media\/5644"}],"wp:attachment":[{"href":"https:\/\/colmadosingular.com\/ca\/wp-json\/wp\/v2\/media?parent=986299"}],"wp:term":[{"taxonomy":"product_brand","embeddable":true,"href":"https:\/\/colmadosingular.com\/ca\/wp-json\/wp\/v2\/product_brand?post=986299"},{"taxonomy":"product_cat","embeddable":true,"href":"https:\/\/colmadosingular.com\/ca\/wp-json\/wp\/v2\/product_cat?post=986299"},{"taxonomy":"product_tag","embeddable":true,"href":"https:\/\/colmadosingular.com\/ca\/wp-json\/wp\/v2\/product_tag?post=986299"}],"curies":[{"name":"wp","href":"https:\/\/api.w.org\/{rel}","templated":true}]}}