{"id":986301,"date":"2024-08-12T16:23:19","date_gmt":"2024-08-12T14:23:19","guid":{"rendered":"https:\/\/colmadosingular.com\/producto\/navidad-pilarin-bayes-m\/"},"modified":"2025-02-06T18:34:39","modified_gmt":"2025-02-06T17:34:39","slug":"navidad-pilarin-bayes-m","status":"publish","type":"product","link":"https:\/\/colmadosingular.com\/ca\/producto\/navidad-pilarin-bayes-m\/","title":{"rendered":"NADAL, Pilar\u00edn Bay\u00e9s (M)"},"content":{"rendered":"","protected":false},"excerpt":{"rendered":"<p>Cistella mitjana 300&#215;380<br \/>\n Food &amp; Art Collection<\/p>\n<p>Si ens coneixes i et ve de gust confeccionar la teva pr\u00f2pia cistella nadalenca, tria els productes de la nostra web que m\u00e9s t&#8217;agradin i personalitza els teus regals aquest Nadal. Atreveix-te! <\/p>\n<p><strong>Pilar\u00edn Bay\u00e9s<\/strong> va n\u00e9ixer a Vic l&#8217;any 1941. Va estudiar a l&#8217;Escola Superior de Belles Arts de Sant Jordi a Barcelona, \u200b\u200bon es va formar art\u00edsticament. La seva carrera professional s&#8217;ha centrat especialment en la il\u00b7lustraci\u00f3 de contes infantils, per\u00f2 el recorregut \u00e9s molt extens en tots els camps gr\u00e0fics i art\u00edstics. La seva personalitat carism\u00e0tica i l&#8217;\u00e8xit de les seves il\u00b7lustracions l&#8217;han convertit en un referent social.   <\/p>\n","protected":false},"featured_media":5632,"template":"","meta":{"_acf_changed":false,"_monsterinsights_skip_tracking":false,"_monsterinsights_sitenote_active":false,"_monsterinsights_sitenote_note":"","_monsterinsights_sitenote_category":0,"_joinchat":[]},"product_brand":[],"product_cat":[218,268],"product_tag":[],"class_list":{"0":"post-986301","1":"product","2":"type-product","3":"status-publish","4":"has-post-thumbnail","6":"product_cat-regalos-ca","7":"product_cat-cistelles-food-art","9":"first","10":"instock","11":"taxable","12":"shipping-taxable","13":"purchasable","14":"product-type-simple"},"acf":[],"yoast_head":"<!-- This site is optimized with the Yoast SEO plugin v24.8.1 - https:\/\/yoast.com\/wordpress\/plugins\/seo\/ -->\n<title>NADAL, Pilar\u00edn Bay\u00e9s (M) - Colmado Singular<\/title>\n<meta name=\"robots\" content=\"index, follow, max-snippet:-1, max-image-preview:large, max-video-preview:-1\" \/>\n<link rel=\"canonical\" href=\"https:\/\/colmadosingular.com\/producto\/navidad-pilarin-bayes-m\/\" \/>\n<meta property=\"og:locale\" content=\"ca_ES\" \/>\n<meta property=\"og:type\" content=\"article\" \/>\n<meta property=\"og:title\" content=\"NADAL, Pilar\u00edn Bay\u00e9s (M) - Colmado Singular\" \/>\n<meta property=\"og:description\" content=\"Cistella mitjana 300x380 Food &amp; Art Collection Si ens coneixes i et ve de gust confeccionar la teva pr\u00f2pia cistella nadalenca, tria els productes de la nostra web que m\u00e9s t&#039;agradin i personalitza els teus regals aquest Nadal. Atreveix-te!  Pilar\u00edn Bay\u00e9s va n\u00e9ixer a Vic l&#039;any 1941. Va estudiar a l&#039;Escola Superior de Belles Arts de Sant Jordi a Barcelona, \u200b\u200bon es va formar art\u00edsticament. La seva carrera professional s&#039;ha centrat especialment en la il\u00b7lustraci\u00f3 de contes infantils, per\u00f2 el recorregut \u00e9s molt extens en tots els camps gr\u00e0fics i art\u00edstics. La seva personalitat carism\u00e0tica i l&#039;\u00e8xit de les seves il\u00b7lustracions l&#039;han convertit en un referent social.\" \/>\n<meta property=\"og:url\" content=\"https:\/\/colmadosingular.com\/producto\/navidad-pilarin-bayes-m\/\" \/>\n<meta property=\"og:site_name\" content=\"Colmado Singular\" \/>\n<meta property=\"article:modified_time\" content=\"2025-02-06T17:34:39+00:00\" \/>\n<meta property=\"og:image\" content=\"https:\/\/colmadosingular.com\/wp-content\/uploads\/2024\/08\/Cesta-mediana-Pilarin-2022_baja_gris.jpg\" \/>\n\t<meta property=\"og:image:width\" content=\"794\" \/>\n\t<meta property=\"og:image:height\" content=\"794\" \/>\n\t<meta property=\"og:image:type\" content=\"image\/jpeg\" \/>\n<meta name=\"twitter:card\" content=\"summary_large_image\" \/>\n<script type=\"application\/ld+json\" class=\"yoast-schema-graph\">{\"@context\":\"https:\/\/schema.org\",\"@graph\":[{\"@type\":\"WebPage\",\"@id\":\"https:\/\/colmadosingular.com\/producto\/navidad-pilarin-bayes-m\/\",\"url\":\"https:\/\/colmadosingular.com\/producto\/navidad-pilarin-bayes-m\/\",\"name\":\"NADAL, Pilar\u00edn Bay\u00e9s (M) - Colmado Singular\",\"isPartOf\":{\"@id\":\"https:\/\/colmadosingular.com\/ca\/#website\"},\"primaryImageOfPage\":{\"@id\":\"https:\/\/colmadosingular.com\/producto\/navidad-pilarin-bayes-m\/#primaryimage\"},\"image\":{\"@id\":\"https:\/\/colmadosingular.com\/producto\/navidad-pilarin-bayes-m\/#primaryimage\"},\"thumbnailUrl\":\"https:\/\/colmadosingular.com\/wp-content\/uploads\/2024\/08\/Cesta-mediana-Pilarin-2022_baja_gris.jpg\",\"datePublished\":\"2024-08-12T14:23:19+00:00\",\"dateModified\":\"2025-02-06T17:34:39+00:00\",\"breadcrumb\":{\"@id\":\"https:\/\/colmadosingular.com\/producto\/navidad-pilarin-bayes-m\/#breadcrumb\"},\"inLanguage\":\"ca\",\"potentialAction\":[{\"@type\":\"ReadAction\",\"target\":[\"https:\/\/colmadosingular.com\/producto\/navidad-pilarin-bayes-m\/\"]}]},{\"@type\":\"ImageObject\",\"inLanguage\":\"ca\",\"@id\":\"https:\/\/colmadosingular.com\/producto\/navidad-pilarin-bayes-m\/#primaryimage\",\"url\":\"https:\/\/colmadosingular.com\/wp-content\/uploads\/2024\/08\/Cesta-mediana-Pilarin-2022_baja_gris.jpg\",\"contentUrl\":\"https:\/\/colmadosingular.com\/wp-content\/uploads\/2024\/08\/Cesta-mediana-Pilarin-2022_baja_gris.jpg\",\"width\":794,\"height\":794},{\"@type\":\"BreadcrumbList\",\"@id\":\"https:\/\/colmadosingular.com\/producto\/navidad-pilarin-bayes-m\/#breadcrumb\",\"itemListElement\":[{\"@type\":\"ListItem\",\"position\":1,\"name\":\"Portada\",\"item\":\"https:\/\/colmadosingular.com\/ca\/inici\/\"},{\"@type\":\"ListItem\",\"position\":2,\"name\":\"BOTIGA\",\"item\":\"https:\/\/colmadosingular.com\/ca\/shop\/\"},{\"@type\":\"ListItem\",\"position\":3,\"name\":\"NADAL, Pilar\u00edn Bay\u00e9s (M)\"}]},{\"@type\":\"WebSite\",\"@id\":\"https:\/\/colmadosingular.com\/ca\/#website\",\"url\":\"https:\/\/colmadosingular.com\/ca\/\",\"name\":\"Colmado Singular\",\"description\":\"\",\"publisher\":{\"@id\":\"https:\/\/colmadosingular.com\/ca\/#organization\"},\"potentialAction\":[{\"@type\":\"SearchAction\",\"target\":{\"@type\":\"EntryPoint\",\"urlTemplate\":\"https:\/\/colmadosingular.com\/ca\/?s={search_term_string}\"},\"query-input\":{\"@type\":\"PropertyValueSpecification\",\"valueRequired\":true,\"valueName\":\"search_term_string\"}}],\"inLanguage\":\"ca\"},{\"@type\":\"Organization\",\"@id\":\"https:\/\/colmadosingular.com\/ca\/#organization\",\"name\":\"Colmado Singular\",\"url\":\"https:\/\/colmadosingular.com\/ca\/\",\"logo\":{\"@type\":\"ImageObject\",\"inLanguage\":\"ca\",\"@id\":\"https:\/\/colmadosingular.com\/ca\/#\/schema\/logo\/image\/\",\"url\":\"https:\/\/colmadosingular.com\/wp-content\/uploads\/2024\/08\/logo-colmado.svg\",\"contentUrl\":\"https:\/\/colmadosingular.com\/wp-content\/uploads\/2024\/08\/logo-colmado.svg\",\"width\":620,\"height\":50,\"caption\":\"Colmado Singular\"},\"image\":{\"@id\":\"https:\/\/colmadosingular.com\/ca\/#\/schema\/logo\/image\/\"}}]}<\/script>\n<!-- \/ Yoast SEO plugin. -->","yoast_head_json":{"title":"NADAL, Pilar\u00edn Bay\u00e9s (M) - Colmado Singular","robots":{"index":"index","follow":"follow","max-snippet":"max-snippet:-1","max-image-preview":"max-image-preview:large","max-video-preview":"max-video-preview:-1"},"canonical":"https:\/\/colmadosingular.com\/producto\/navidad-pilarin-bayes-m\/","og_locale":"ca_ES","og_type":"article","og_title":"NADAL, Pilar\u00edn Bay\u00e9s (M) - Colmado Singular","og_description":"Cistella mitjana 300x380 Food &amp; Art Collection Si ens coneixes i et ve de gust confeccionar la teva pr\u00f2pia cistella nadalenca, tria els productes de la nostra web que m\u00e9s t'agradin i personalitza els teus regals aquest Nadal. Atreveix-te!  Pilar\u00edn Bay\u00e9s va n\u00e9ixer a Vic l'any 1941. Va estudiar a l'Escola Superior de Belles Arts de Sant Jordi a Barcelona, \u200b\u200bon es va formar art\u00edsticament. La seva carrera professional s'ha centrat especialment en la il\u00b7lustraci\u00f3 de contes infantils, per\u00f2 el recorregut \u00e9s molt extens en tots els camps gr\u00e0fics i art\u00edstics. La seva personalitat carism\u00e0tica i l'\u00e8xit de les seves il\u00b7lustracions l'han convertit en un referent social.","og_url":"https:\/\/colmadosingular.com\/producto\/navidad-pilarin-bayes-m\/","og_site_name":"Colmado Singular","article_modified_time":"2025-02-06T17:34:39+00:00","og_image":[{"width":794,"height":794,"url":"https:\/\/colmadosingular.com\/wp-content\/uploads\/2024\/08\/Cesta-mediana-Pilarin-2022_baja_gris.jpg","type":"image\/jpeg"}],"twitter_card":"summary_large_image","schema":{"@context":"https:\/\/schema.org","@graph":[{"@type":"WebPage","@id":"https:\/\/colmadosingular.com\/producto\/navidad-pilarin-bayes-m\/","url":"https:\/\/colmadosingular.com\/producto\/navidad-pilarin-bayes-m\/","name":"NADAL, Pilar\u00edn Bay\u00e9s (M) - Colmado Singular","isPartOf":{"@id":"https:\/\/colmadosingular.com\/ca\/#website"},"primaryImageOfPage":{"@id":"https:\/\/colmadosingular.com\/producto\/navidad-pilarin-bayes-m\/#primaryimage"},"image":{"@id":"https:\/\/colmadosingular.com\/producto\/navidad-pilarin-bayes-m\/#primaryimage"},"thumbnailUrl":"https:\/\/colmadosingular.com\/wp-content\/uploads\/2024\/08\/Cesta-mediana-Pilarin-2022_baja_gris.jpg","datePublished":"2024-08-12T14:23:19+00:00","dateModified":"2025-02-06T17:34:39+00:00","breadcrumb":{"@id":"https:\/\/colmadosingular.com\/producto\/navidad-pilarin-bayes-m\/#breadcrumb"},"inLanguage":"ca","potentialAction":[{"@type":"ReadAction","target":["https:\/\/colmadosingular.com\/producto\/navidad-pilarin-bayes-m\/"]}]},{"@type":"ImageObject","inLanguage":"ca","@id":"https:\/\/colmadosingular.com\/producto\/navidad-pilarin-bayes-m\/#primaryimage","url":"https:\/\/colmadosingular.com\/wp-content\/uploads\/2024\/08\/Cesta-mediana-Pilarin-2022_baja_gris.jpg","contentUrl":"https:\/\/colmadosingular.com\/wp-content\/uploads\/2024\/08\/Cesta-mediana-Pilarin-2022_baja_gris.jpg","width":794,"height":794},{"@type":"BreadcrumbList","@id":"https:\/\/colmadosingular.com\/producto\/navidad-pilarin-bayes-m\/#breadcrumb","itemListElement":[{"@type":"ListItem","position":1,"name":"Portada","item":"https:\/\/colmadosingular.com\/ca\/inici\/"},{"@type":"ListItem","position":2,"name":"BOTIGA","item":"https:\/\/colmadosingular.com\/ca\/shop\/"},{"@type":"ListItem","position":3,"name":"NADAL, Pilar\u00edn Bay\u00e9s (M)"}]},{"@type":"WebSite","@id":"https:\/\/colmadosingular.com\/ca\/#website","url":"https:\/\/colmadosingular.com\/ca\/","name":"Colmado Singular","description":"","publisher":{"@id":"https:\/\/colmadosingular.com\/ca\/#organization"},"potentialAction":[{"@type":"SearchAction","target":{"@type":"EntryPoint","urlTemplate":"https:\/\/colmadosingular.com\/ca\/?s={search_term_string}"},"query-input":{"@type":"PropertyValueSpecification","valueRequired":true,"valueName":"search_term_string"}}],"inLanguage":"ca"},{"@type":"Organization","@id":"https:\/\/colmadosingular.com\/ca\/#organization","name":"Colmado Singular","url":"https:\/\/colmadosingular.com\/ca\/","logo":{"@type":"ImageObject","inLanguage":"ca","@id":"https:\/\/colmadosingular.com\/ca\/#\/schema\/logo\/image\/","url":"https:\/\/colmadosingular.com\/wp-content\/uploads\/2024\/08\/logo-colmado.svg","contentUrl":"https:\/\/colmadosingular.com\/wp-content\/uploads\/2024\/08\/logo-colmado.svg","width":620,"height":50,"caption":"Colmado Singular"},"image":{"@id":"https:\/\/colmadosingular.com\/ca\/#\/schema\/logo\/image\/"}}]}},"_links":{"self":[{"href":"https:\/\/colmadosingular.com\/ca\/wp-json\/wp\/v2\/product\/986301","targetHints":{"allow":["GET"]}}],"collection":[{"href":"https:\/\/colmadosingular.com\/ca\/wp-json\/wp\/v2\/product"}],"about":[{"href":"https:\/\/colmadosingular.com\/ca\/wp-json\/wp\/v2\/types\/product"}],"wp:featuredmedia":[{"embeddable":true,"href":"https:\/\/colmadosingular.com\/ca\/wp-json\/wp\/v2\/media\/5632"}],"wp:attachment":[{"href":"https:\/\/colmadosingular.com\/ca\/wp-json\/wp\/v2\/media?parent=986301"}],"wp:term":[{"taxonomy":"product_brand","embeddable":true,"href":"https:\/\/colmadosingular.com\/ca\/wp-json\/wp\/v2\/product_brand?post=986301"},{"taxonomy":"product_cat","embeddable":true,"href":"https:\/\/colmadosingular.com\/ca\/wp-json\/wp\/v2\/product_cat?post=986301"},{"taxonomy":"product_tag","embeddable":true,"href":"https:\/\/colmadosingular.com\/ca\/wp-json\/wp\/v2\/product_tag?post=986301"}],"curies":[{"name":"wp","href":"https:\/\/api.w.org\/{rel}","templated":true}]}}