{"id":986306,"date":"2024-08-12T16:22:12","date_gmt":"2024-08-12T14:22:12","guid":{"rendered":"https:\/\/colmadosingular.com\/producto\/la-fiesta-oscar-julve-g\/"},"modified":"2025-02-06T18:40:35","modified_gmt":"2025-02-06T17:40:35","slug":"la-fiesta-oscar-julve-g","status":"publish","type":"product","link":"https:\/\/colmadosingular.com\/ca\/producto\/la-fiesta-oscar-julve-g\/","title":{"rendered":"CISTELLA LA FESTA, \u00d2scar Julve (G)"},"content":{"rendered":"","protected":false},"excerpt":{"rendered":"<div id=\"outer-wrap\" class=\"site\">\n<div id=\"wrap\">\n<p>Food &amp; Art Collection \u2013 CISTELLA 380X380 (Gran)<\/p>\n<div id=\"content-wrap\" class=\"container\">\n<div id=\"primary\" class=\"content-area\">\n<div id=\"content\" class=\"site-content\">\n<article class=\"single-page-article\">\n<div id=\"product-928\" class=\"la-p-single-wrap la-p-single-2 wc_tabs_at_bottom product type-product post-928 status-publish first instock product_cat-cestas-food-art product_cat-packs-regalo product_cat-todos-los-productos has-post-thumbnail taxable shipping-taxable purchasable product-type-simple thumb-no-effect prod-rating-off\">\n<div class=\"row s_product_content_middle\">\n<div class=\"col-xs-12\">\n<div class=\"la-wc-tabs-wrapper\">\n<div class=\"wc-tabs-outer clearfix\">\n<div class=\"woocommerce-tabs wc-tabs-wrapper\">\n<div id=\"tab-description\" class=\"clearfix woocommerce-Tabs-panel woocommerce-Tabs-panel--description panel entry-content wc-tab entry-content active\" role=\"tabpanel\" aria-labelledby=\"tab-title-description\">\n<div class=\"tab-content\">\n<p>Forma part de l&#8217;exclusiva col\u00b7lecci\u00f3 <em>Food &amp; Art<\/em> , on fusionem creativitat i gastronomia. Creiem que els nostres productes mereixen ser presentats de manera excepcional, per aix\u00f2 els emboliquem en art. Cada cistella de regal ha estat personalitzada per artistes talentosos, aportant el seu toc \u00fanic a cadascuna.<\/p>\n<p>Per reduir residus innecessaris, apostem per crear alguna cosa amb una segona vida. Les nostres cistelles es poden transformar en un tamboret, una tauleta de nit, un contenidor de joguines o un element decoratiu\u2026 La seva versatilitat ofereix infinites possibilitats, deixant a cada persona la llibertat de decidir.<\/p>\n<p>Aquestes cistelles sorprendran qui les rebi, tant per la seva est\u00e8tica com pel seu contingut. S\u00f3n un regal singular, pensat per als qui gaudeixen del bon menjar i de les coses boniques de la vida.<\/p>\n<\/div>\n<p><strong>\u00d2scar Julv\u00e9<\/strong> \u00e9s llicenciat en Belles Arts per la Universitat de Barcelona, \u200b\u200ba l&#8217;especialitat de Pintura. Ha col\u00b7laborat com a il\u00b7lustrador i dibuixant per a diversos projectes editorials, en l&#8217;\u00e0mbit del llibre il\u00b7lustrat, el llibre de text, la publicitat, el c\u00f2mic i la premsa. Tamb\u00e9 ha participat en la creaci\u00f3 i disseny de projectes audiovisuals.<\/p>\n<\/div>\n<\/div>\n<\/div>\n<\/div>\n<\/div>\n<\/div>\n<\/div>\n<\/article>\n<\/div>\n<\/div>\n<\/div>\n<p>&nbsp;<\/p>\n<\/div>\n<\/div>\n","protected":false},"featured_media":5550,"template":"","meta":{"_acf_changed":false,"_monsterinsights_skip_tracking":false,"_monsterinsights_sitenote_active":false,"_monsterinsights_sitenote_note":"","_monsterinsights_sitenote_category":0,"_joinchat":[]},"product_brand":[],"product_cat":[218,268],"product_tag":[],"class_list":{"0":"post-986306","1":"product","2":"type-product","3":"status-publish","4":"has-post-thumbnail","6":"product_cat-regalos-ca","7":"product_cat-cistelles-food-art","9":"first","10":"instock","11":"taxable","12":"shipping-taxable","13":"purchasable","14":"product-type-simple"},"acf":[],"yoast_head":"<!-- This site is optimized with the Yoast SEO plugin v24.8.1 - https:\/\/yoast.com\/wordpress\/plugins\/seo\/ -->\n<title>CISTELLA LA FESTA, \u00d2scar Julve (G) - Colmado Singular<\/title>\n<meta name=\"robots\" content=\"index, follow, max-snippet:-1, max-image-preview:large, max-video-preview:-1\" \/>\n<link rel=\"canonical\" href=\"https:\/\/colmadosingular.com\/ca\/producto\/la-fiesta-oscar-julve-g\/\" \/>\n<meta property=\"og:locale\" content=\"ca_ES\" \/>\n<meta property=\"og:type\" content=\"article\" \/>\n<meta property=\"og:title\" content=\"CISTELLA LA FESTA, \u00d2scar Julve (G) - Colmado Singular\" \/>\n<meta property=\"og:description\" content=\"Food &amp; Art Collection \u2013 CISTELLA 380X380 (Gran)       Forma part de l&#039;exclusiva col\u00b7lecci\u00f3 Food &amp; Art , on fusionem creativitat i gastronomia. Creiem que els nostres productes mereixen ser presentats de manera excepcional, per aix\u00f2 els emboliquem en art. Cada cistella de regal ha estat personalitzada per artistes talentosos, aportant el seu toc \u00fanic a cadascuna. Per reduir residus innecessaris, apostem per crear alguna cosa amb una segona vida. Les nostres cistelles es poden transformar en un tamboret, una tauleta de nit, un contenidor de joguines o un element decoratiu\u2026 La seva versatilitat ofereix infinites possibilitats, deixant a cada persona la llibertat de decidir. Aquestes cistelles sorprendran qui les rebi, tant per la seva est\u00e8tica com pel seu contingut. S\u00f3n un regal singular, pensat per als qui gaudeixen del bon menjar i de les coses boniques de la vida.  \u00d2scar Julv\u00e9 \u00e9s llicenciat en Belles Arts per la Universitat de Barcelona, \u200b\u200ba l&#039;especialitat de Pintura. Ha col\u00b7laborat com a il\u00b7lustrador i dibuixant per a diversos projectes editorials, en l&#039;\u00e0mbit del llibre il\u00b7lustrat, el llibre de text, la publicitat, el c\u00f2mic i la premsa. Tamb\u00e9 ha participat en la creaci\u00f3 i disseny de projectes audiovisuals.      &nbsp;\" \/>\n<meta property=\"og:url\" content=\"https:\/\/colmadosingular.com\/ca\/producto\/la-fiesta-oscar-julve-g\/\" \/>\n<meta property=\"og:site_name\" content=\"Colmado Singular\" \/>\n<meta property=\"article:modified_time\" content=\"2025-02-06T17:40:35+00:00\" \/>\n<meta property=\"og:image\" content=\"https:\/\/colmadosingular.com\/wp-content\/uploads\/2024\/08\/g_pots_grans-01__PSV0116_Ok.jpg\" \/>\n\t<meta property=\"og:image:width\" content=\"800\" \/>\n\t<meta property=\"og:image:height\" content=\"800\" \/>\n\t<meta property=\"og:image:type\" content=\"image\/jpeg\" \/>\n<meta name=\"twitter:card\" content=\"summary_large_image\" \/>\n<meta name=\"twitter:label1\" content=\"Temps estimat de lectura\" \/>\n\t<meta name=\"twitter:data1\" content=\"1 minut\" \/>\n<script type=\"application\/ld+json\" class=\"yoast-schema-graph\">{\"@context\":\"https:\/\/schema.org\",\"@graph\":[{\"@type\":\"WebPage\",\"@id\":\"https:\/\/colmadosingular.com\/ca\/producto\/la-fiesta-oscar-julve-g\/\",\"url\":\"https:\/\/colmadosingular.com\/ca\/producto\/la-fiesta-oscar-julve-g\/\",\"name\":\"CISTELLA LA FESTA, \u00d2scar Julve (G) - Colmado Singular\",\"isPartOf\":{\"@id\":\"https:\/\/colmadosingular.com\/ca\/#website\"},\"primaryImageOfPage\":{\"@id\":\"https:\/\/colmadosingular.com\/ca\/producto\/la-fiesta-oscar-julve-g\/#primaryimage\"},\"image\":{\"@id\":\"https:\/\/colmadosingular.com\/ca\/producto\/la-fiesta-oscar-julve-g\/#primaryimage\"},\"thumbnailUrl\":\"https:\/\/colmadosingular.com\/wp-content\/uploads\/2024\/08\/g_pots_grans-01__PSV0116_Ok.jpg\",\"datePublished\":\"2024-08-12T14:22:12+00:00\",\"dateModified\":\"2025-02-06T17:40:35+00:00\",\"breadcrumb\":{\"@id\":\"https:\/\/colmadosingular.com\/ca\/producto\/la-fiesta-oscar-julve-g\/#breadcrumb\"},\"inLanguage\":\"ca\",\"potentialAction\":[{\"@type\":\"ReadAction\",\"target\":[\"https:\/\/colmadosingular.com\/ca\/producto\/la-fiesta-oscar-julve-g\/\"]}]},{\"@type\":\"ImageObject\",\"inLanguage\":\"ca\",\"@id\":\"https:\/\/colmadosingular.com\/ca\/producto\/la-fiesta-oscar-julve-g\/#primaryimage\",\"url\":\"https:\/\/colmadosingular.com\/wp-content\/uploads\/2024\/08\/g_pots_grans-01__PSV0116_Ok.jpg\",\"contentUrl\":\"https:\/\/colmadosingular.com\/wp-content\/uploads\/2024\/08\/g_pots_grans-01__PSV0116_Ok.jpg\",\"width\":800,\"height\":800},{\"@type\":\"BreadcrumbList\",\"@id\":\"https:\/\/colmadosingular.com\/ca\/producto\/la-fiesta-oscar-julve-g\/#breadcrumb\",\"itemListElement\":[{\"@type\":\"ListItem\",\"position\":1,\"name\":\"Portada\",\"item\":\"https:\/\/colmadosingular.com\/ca\/inici\/\"},{\"@type\":\"ListItem\",\"position\":2,\"name\":\"BOTIGA\",\"item\":\"https:\/\/colmadosingular.com\/ca\/shop\/\"},{\"@type\":\"ListItem\",\"position\":3,\"name\":\"CISTELLA LA FESTA, \u00d2scar Julve (G)\"}]},{\"@type\":\"WebSite\",\"@id\":\"https:\/\/colmadosingular.com\/ca\/#website\",\"url\":\"https:\/\/colmadosingular.com\/ca\/\",\"name\":\"Colmado Singular\",\"description\":\"\",\"publisher\":{\"@id\":\"https:\/\/colmadosingular.com\/ca\/#organization\"},\"potentialAction\":[{\"@type\":\"SearchAction\",\"target\":{\"@type\":\"EntryPoint\",\"urlTemplate\":\"https:\/\/colmadosingular.com\/ca\/?s={search_term_string}\"},\"query-input\":{\"@type\":\"PropertyValueSpecification\",\"valueRequired\":true,\"valueName\":\"search_term_string\"}}],\"inLanguage\":\"ca\"},{\"@type\":\"Organization\",\"@id\":\"https:\/\/colmadosingular.com\/ca\/#organization\",\"name\":\"Colmado Singular\",\"url\":\"https:\/\/colmadosingular.com\/ca\/\",\"logo\":{\"@type\":\"ImageObject\",\"inLanguage\":\"ca\",\"@id\":\"https:\/\/colmadosingular.com\/ca\/#\/schema\/logo\/image\/\",\"url\":\"https:\/\/colmadosingular.com\/wp-content\/uploads\/2024\/08\/logo-colmado.svg\",\"contentUrl\":\"https:\/\/colmadosingular.com\/wp-content\/uploads\/2024\/08\/logo-colmado.svg\",\"width\":620,\"height\":50,\"caption\":\"Colmado Singular\"},\"image\":{\"@id\":\"https:\/\/colmadosingular.com\/ca\/#\/schema\/logo\/image\/\"}}]}<\/script>\n<!-- \/ Yoast SEO plugin. -->","yoast_head_json":{"title":"CISTELLA LA FESTA, \u00d2scar Julve (G) - Colmado Singular","robots":{"index":"index","follow":"follow","max-snippet":"max-snippet:-1","max-image-preview":"max-image-preview:large","max-video-preview":"max-video-preview:-1"},"canonical":"https:\/\/colmadosingular.com\/ca\/producto\/la-fiesta-oscar-julve-g\/","og_locale":"ca_ES","og_type":"article","og_title":"CISTELLA LA FESTA, \u00d2scar Julve (G) - Colmado Singular","og_description":"Food &amp; Art Collection \u2013 CISTELLA 380X380 (Gran)       Forma part de l'exclusiva col\u00b7lecci\u00f3 Food &amp; Art , on fusionem creativitat i gastronomia. Creiem que els nostres productes mereixen ser presentats de manera excepcional, per aix\u00f2 els emboliquem en art. Cada cistella de regal ha estat personalitzada per artistes talentosos, aportant el seu toc \u00fanic a cadascuna. Per reduir residus innecessaris, apostem per crear alguna cosa amb una segona vida. Les nostres cistelles es poden transformar en un tamboret, una tauleta de nit, un contenidor de joguines o un element decoratiu\u2026 La seva versatilitat ofereix infinites possibilitats, deixant a cada persona la llibertat de decidir. Aquestes cistelles sorprendran qui les rebi, tant per la seva est\u00e8tica com pel seu contingut. S\u00f3n un regal singular, pensat per als qui gaudeixen del bon menjar i de les coses boniques de la vida.  \u00d2scar Julv\u00e9 \u00e9s llicenciat en Belles Arts per la Universitat de Barcelona, \u200b\u200ba l'especialitat de Pintura. Ha col\u00b7laborat com a il\u00b7lustrador i dibuixant per a diversos projectes editorials, en l'\u00e0mbit del llibre il\u00b7lustrat, el llibre de text, la publicitat, el c\u00f2mic i la premsa. Tamb\u00e9 ha participat en la creaci\u00f3 i disseny de projectes audiovisuals.      &nbsp;","og_url":"https:\/\/colmadosingular.com\/ca\/producto\/la-fiesta-oscar-julve-g\/","og_site_name":"Colmado Singular","article_modified_time":"2025-02-06T17:40:35+00:00","og_image":[{"width":800,"height":800,"url":"https:\/\/colmadosingular.com\/wp-content\/uploads\/2024\/08\/g_pots_grans-01__PSV0116_Ok.jpg","type":"image\/jpeg"}],"twitter_card":"summary_large_image","twitter_misc":{"Temps estimat de lectura":"1 minut"},"schema":{"@context":"https:\/\/schema.org","@graph":[{"@type":"WebPage","@id":"https:\/\/colmadosingular.com\/ca\/producto\/la-fiesta-oscar-julve-g\/","url":"https:\/\/colmadosingular.com\/ca\/producto\/la-fiesta-oscar-julve-g\/","name":"CISTELLA LA FESTA, \u00d2scar Julve (G) - Colmado Singular","isPartOf":{"@id":"https:\/\/colmadosingular.com\/ca\/#website"},"primaryImageOfPage":{"@id":"https:\/\/colmadosingular.com\/ca\/producto\/la-fiesta-oscar-julve-g\/#primaryimage"},"image":{"@id":"https:\/\/colmadosingular.com\/ca\/producto\/la-fiesta-oscar-julve-g\/#primaryimage"},"thumbnailUrl":"https:\/\/colmadosingular.com\/wp-content\/uploads\/2024\/08\/g_pots_grans-01__PSV0116_Ok.jpg","datePublished":"2024-08-12T14:22:12+00:00","dateModified":"2025-02-06T17:40:35+00:00","breadcrumb":{"@id":"https:\/\/colmadosingular.com\/ca\/producto\/la-fiesta-oscar-julve-g\/#breadcrumb"},"inLanguage":"ca","potentialAction":[{"@type":"ReadAction","target":["https:\/\/colmadosingular.com\/ca\/producto\/la-fiesta-oscar-julve-g\/"]}]},{"@type":"ImageObject","inLanguage":"ca","@id":"https:\/\/colmadosingular.com\/ca\/producto\/la-fiesta-oscar-julve-g\/#primaryimage","url":"https:\/\/colmadosingular.com\/wp-content\/uploads\/2024\/08\/g_pots_grans-01__PSV0116_Ok.jpg","contentUrl":"https:\/\/colmadosingular.com\/wp-content\/uploads\/2024\/08\/g_pots_grans-01__PSV0116_Ok.jpg","width":800,"height":800},{"@type":"BreadcrumbList","@id":"https:\/\/colmadosingular.com\/ca\/producto\/la-fiesta-oscar-julve-g\/#breadcrumb","itemListElement":[{"@type":"ListItem","position":1,"name":"Portada","item":"https:\/\/colmadosingular.com\/ca\/inici\/"},{"@type":"ListItem","position":2,"name":"BOTIGA","item":"https:\/\/colmadosingular.com\/ca\/shop\/"},{"@type":"ListItem","position":3,"name":"CISTELLA LA FESTA, \u00d2scar Julve (G)"}]},{"@type":"WebSite","@id":"https:\/\/colmadosingular.com\/ca\/#website","url":"https:\/\/colmadosingular.com\/ca\/","name":"Colmado Singular","description":"","publisher":{"@id":"https:\/\/colmadosingular.com\/ca\/#organization"},"potentialAction":[{"@type":"SearchAction","target":{"@type":"EntryPoint","urlTemplate":"https:\/\/colmadosingular.com\/ca\/?s={search_term_string}"},"query-input":{"@type":"PropertyValueSpecification","valueRequired":true,"valueName":"search_term_string"}}],"inLanguage":"ca"},{"@type":"Organization","@id":"https:\/\/colmadosingular.com\/ca\/#organization","name":"Colmado Singular","url":"https:\/\/colmadosingular.com\/ca\/","logo":{"@type":"ImageObject","inLanguage":"ca","@id":"https:\/\/colmadosingular.com\/ca\/#\/schema\/logo\/image\/","url":"https:\/\/colmadosingular.com\/wp-content\/uploads\/2024\/08\/logo-colmado.svg","contentUrl":"https:\/\/colmadosingular.com\/wp-content\/uploads\/2024\/08\/logo-colmado.svg","width":620,"height":50,"caption":"Colmado Singular"},"image":{"@id":"https:\/\/colmadosingular.com\/ca\/#\/schema\/logo\/image\/"}}]}},"_links":{"self":[{"href":"https:\/\/colmadosingular.com\/ca\/wp-json\/wp\/v2\/product\/986306","targetHints":{"allow":["GET"]}}],"collection":[{"href":"https:\/\/colmadosingular.com\/ca\/wp-json\/wp\/v2\/product"}],"about":[{"href":"https:\/\/colmadosingular.com\/ca\/wp-json\/wp\/v2\/types\/product"}],"wp:featuredmedia":[{"embeddable":true,"href":"https:\/\/colmadosingular.com\/ca\/wp-json\/wp\/v2\/media\/5550"}],"wp:attachment":[{"href":"https:\/\/colmadosingular.com\/ca\/wp-json\/wp\/v2\/media?parent=986306"}],"wp:term":[{"taxonomy":"product_brand","embeddable":true,"href":"https:\/\/colmadosingular.com\/ca\/wp-json\/wp\/v2\/product_brand?post=986306"},{"taxonomy":"product_cat","embeddable":true,"href":"https:\/\/colmadosingular.com\/ca\/wp-json\/wp\/v2\/product_cat?post=986306"},{"taxonomy":"product_tag","embeddable":true,"href":"https:\/\/colmadosingular.com\/ca\/wp-json\/wp\/v2\/product_tag?post=986306"}],"curies":[{"name":"wp","href":"https:\/\/api.w.org\/{rel}","templated":true}]}}