{"id":986307,"date":"2024-08-12T16:22:12","date_gmt":"2024-08-12T14:22:12","guid":{"rendered":"https:\/\/colmadosingular.com\/producto\/mediterranean-dream-didier-lourenco\/"},"modified":"2025-12-31T11:11:28","modified_gmt":"2025-12-31T10:11:28","slug":"mediterranean-dream-didier-lourenco","status":"publish","type":"product","link":"https:\/\/colmadosingular.com\/ca\/producto\/mediterranean-dream-didier-lourenco\/","title":{"rendered":"CESTA MEDITERRANEAN DREAM, Didier Louren\u00e7o (G)"},"content":{"rendered":"","protected":false},"excerpt":{"rendered":"<p>Mediterranean dream<br \/>\nFood &amp; Art Collection &#8211; CESTA 380X380 (Grande)<\/p>\n<p>Forma parte de la exclusiva colecci\u00f3n\u00a0<em>Food &amp; Art<\/em>, donde fusionamos creatividad y gastronom\u00eda. \u00a0Creemos que nuestros productos merecen ser presentados de manera excepcional, por eso los envolvemos en arte. Cada cesta de regalo ha sido personalizada por siete talentosos artistas, aportando su toque \u00fanico a cada una.<\/p>\n<p>Para reducir residuos innecesarios, apostamos por crear algo con una segunda vida. Nuestras cestas pueden transformarse en un taburete, una mesita de noche, un contenedor de juguetes o un elemento decorativo\u2026 Su versatilidad ofrece infinitas posibilidades, dejando a cada persona la libertad de decidir.<\/p>\n<p>Estas cestas sorprender\u00e1n a quien las reciba, tanto por su est\u00e9tica como por su contenido. Son un regalo singular, pensado para quienes disfrutan del buen comer y de las cosas bonitas de la vida.<\/p>\n<p><strong>Didier Louren\u00e7o<\/strong> entr\u00f3 en el mundo del arte a los 19 a\u00f1os en el taller de litografias de su padre. En 1988 aprovech\u00f3 un rinc\u00f3n del taller para empezar a pintar sus primeras telas. Ah\u00ed comparti\u00f3 el trabajo litogr\u00e1fico con el de sus pinturas, recibiendo frecuentes visitas de gran variedad de reconocidos artistas.<\/p>\n<p>Hoy expone a nivel internacional, ha sido capaz de conectar con el p\u00fablico a trav\u00e9s de una obra serena, contundente y llena de luz mediterr\u00e1nea, tal y como se refleja en estas dos piezas encargadas por Colmado Singular. Aqu\u00ed, el reto para Didier Louren\u00e7o era trabajar los 360 grados. Conseguir que la obra mantenga su coherencia art\u00edstica sin ser visualizada en su totalidad.<\/p>\n","protected":false},"featured_media":5551,"template":"","meta":{"_acf_changed":false,"_monsterinsights_skip_tracking":false,"_monsterinsights_sitenote_active":false,"_monsterinsights_sitenote_note":"","_monsterinsights_sitenote_category":0,"_joinchat":[]},"product_brand":[],"product_cat":[218,268],"product_tag":[],"class_list":{"0":"post-986307","1":"product","2":"type-product","3":"status-publish","4":"has-post-thumbnail","6":"product_cat-regalos-ca","7":"product_cat-cistelles-food-art","9":"first","10":"outofstock","11":"taxable","12":"shipping-taxable","13":"purchasable","14":"product-type-simple"},"acf":[],"yoast_head":"<!-- This site is optimized with the Yoast SEO plugin v24.8.1 - https:\/\/yoast.com\/wordpress\/plugins\/seo\/ -->\n<title>CESTA MEDITERRANEAN DREAM, Didier Louren\u00e7o (G) - Colmado Singular<\/title>\n<meta name=\"robots\" content=\"index, follow, max-snippet:-1, max-image-preview:large, max-video-preview:-1\" \/>\n<link rel=\"canonical\" href=\"https:\/\/colmadosingular.com\/ca\/producto\/mediterranean-dream-didier-lourenco\/\" \/>\n<meta property=\"og:locale\" content=\"ca_ES\" \/>\n<meta property=\"og:type\" content=\"article\" \/>\n<meta property=\"og:title\" content=\"CESTA MEDITERRANEAN DREAM, Didier Louren\u00e7o (G) - Colmado Singular\" \/>\n<meta property=\"og:description\" content=\"Mediterranean dream Food &amp; Art Collection - CESTA 380X380 (Grande)  Forma parte de la exclusiva colecci\u00f3n\u00a0Food &amp; Art, donde fusionamos creatividad y gastronom\u00eda. \u00a0Creemos que nuestros productos merecen ser presentados de manera excepcional, por eso los envolvemos en arte. Cada cesta de regalo ha sido personalizada por siete talentosos artistas, aportando su toque \u00fanico a cada una.  Para reducir residuos innecesarios, apostamos por crear algo con una segunda vida. Nuestras cestas pueden transformarse en un taburete, una mesita de noche, un contenedor de juguetes o un elemento decorativo\u2026 Su versatilidad ofrece infinitas posibilidades, dejando a cada persona la libertad de decidir.  Estas cestas sorprender\u00e1n a quien las reciba, tanto por su est\u00e9tica como por su contenido. Son un regalo singular, pensado para quienes disfrutan del buen comer y de las cosas bonitas de la vida.  Didier Louren\u00e7o entr\u00f3 en el mundo del arte a los 19 a\u00f1os en el taller de litografias de su padre. En 1988 aprovech\u00f3 un rinc\u00f3n del taller para empezar a pintar sus primeras telas. Ah\u00ed comparti\u00f3 el trabajo litogr\u00e1fico con el de sus pinturas, recibiendo frecuentes visitas de gran variedad de reconocidos artistas.  Hoy expone a nivel internacional, ha sido capaz de conectar con el p\u00fablico a trav\u00e9s de una obra serena, contundente y llena de luz mediterr\u00e1nea, tal y como se refleja en estas dos piezas encargadas por Colmado Singular. Aqu\u00ed, el reto para Didier Louren\u00e7o era trabajar los 360 grados. Conseguir que la obra mantenga su coherencia art\u00edstica sin ser visualizada en su totalidad.\" \/>\n<meta property=\"og:url\" content=\"https:\/\/colmadosingular.com\/ca\/producto\/mediterranean-dream-didier-lourenco\/\" \/>\n<meta property=\"og:site_name\" content=\"Colmado Singular\" \/>\n<meta property=\"article:modified_time\" content=\"2025-12-31T10:11:28+00:00\" \/>\n<meta property=\"og:image\" content=\"https:\/\/colmadosingular.com\/wp-content\/uploads\/2024\/08\/g_pots_grans-10__PSV0136_Ok.jpg\" \/>\n\t<meta property=\"og:image:width\" content=\"800\" \/>\n\t<meta property=\"og:image:height\" content=\"800\" \/>\n\t<meta property=\"og:image:type\" content=\"image\/jpeg\" \/>\n<meta name=\"twitter:card\" content=\"summary_large_image\" \/>\n<meta name=\"twitter:label1\" content=\"Temps estimat de lectura\" \/>\n\t<meta name=\"twitter:data1\" content=\"1 minut\" \/>\n<script type=\"application\/ld+json\" class=\"yoast-schema-graph\">{\"@context\":\"https:\/\/schema.org\",\"@graph\":[{\"@type\":\"WebPage\",\"@id\":\"https:\/\/colmadosingular.com\/ca\/producto\/mediterranean-dream-didier-lourenco\/\",\"url\":\"https:\/\/colmadosingular.com\/ca\/producto\/mediterranean-dream-didier-lourenco\/\",\"name\":\"CESTA MEDITERRANEAN DREAM, Didier Louren\u00e7o (G) - Colmado Singular\",\"isPartOf\":{\"@id\":\"https:\/\/colmadosingular.com\/ca\/#website\"},\"primaryImageOfPage\":{\"@id\":\"https:\/\/colmadosingular.com\/ca\/producto\/mediterranean-dream-didier-lourenco\/#primaryimage\"},\"image\":{\"@id\":\"https:\/\/colmadosingular.com\/ca\/producto\/mediterranean-dream-didier-lourenco\/#primaryimage\"},\"thumbnailUrl\":\"https:\/\/colmadosingular.com\/wp-content\/uploads\/2024\/08\/g_pots_grans-10__PSV0136_Ok.jpg\",\"datePublished\":\"2024-08-12T14:22:12+00:00\",\"dateModified\":\"2025-12-31T10:11:28+00:00\",\"breadcrumb\":{\"@id\":\"https:\/\/colmadosingular.com\/ca\/producto\/mediterranean-dream-didier-lourenco\/#breadcrumb\"},\"inLanguage\":\"ca\",\"potentialAction\":[{\"@type\":\"ReadAction\",\"target\":[\"https:\/\/colmadosingular.com\/ca\/producto\/mediterranean-dream-didier-lourenco\/\"]}]},{\"@type\":\"ImageObject\",\"inLanguage\":\"ca\",\"@id\":\"https:\/\/colmadosingular.com\/ca\/producto\/mediterranean-dream-didier-lourenco\/#primaryimage\",\"url\":\"https:\/\/colmadosingular.com\/wp-content\/uploads\/2024\/08\/g_pots_grans-10__PSV0136_Ok.jpg\",\"contentUrl\":\"https:\/\/colmadosingular.com\/wp-content\/uploads\/2024\/08\/g_pots_grans-10__PSV0136_Ok.jpg\",\"width\":800,\"height\":800},{\"@type\":\"BreadcrumbList\",\"@id\":\"https:\/\/colmadosingular.com\/ca\/producto\/mediterranean-dream-didier-lourenco\/#breadcrumb\",\"itemListElement\":[{\"@type\":\"ListItem\",\"position\":1,\"name\":\"Portada\",\"item\":\"https:\/\/colmadosingular.com\/ca\/inici\/\"},{\"@type\":\"ListItem\",\"position\":2,\"name\":\"BOTIGA\",\"item\":\"https:\/\/colmadosingular.com\/ca\/shop\/\"},{\"@type\":\"ListItem\",\"position\":3,\"name\":\"CESTA MEDITERRANEAN DREAM, Didier Louren\u00e7o (G)\"}]},{\"@type\":\"WebSite\",\"@id\":\"https:\/\/colmadosingular.com\/ca\/#website\",\"url\":\"https:\/\/colmadosingular.com\/ca\/\",\"name\":\"Colmado Singular\",\"description\":\"\",\"publisher\":{\"@id\":\"https:\/\/colmadosingular.com\/ca\/#organization\"},\"potentialAction\":[{\"@type\":\"SearchAction\",\"target\":{\"@type\":\"EntryPoint\",\"urlTemplate\":\"https:\/\/colmadosingular.com\/ca\/?s={search_term_string}\"},\"query-input\":{\"@type\":\"PropertyValueSpecification\",\"valueRequired\":true,\"valueName\":\"search_term_string\"}}],\"inLanguage\":\"ca\"},{\"@type\":\"Organization\",\"@id\":\"https:\/\/colmadosingular.com\/ca\/#organization\",\"name\":\"Colmado Singular\",\"url\":\"https:\/\/colmadosingular.com\/ca\/\",\"logo\":{\"@type\":\"ImageObject\",\"inLanguage\":\"ca\",\"@id\":\"https:\/\/colmadosingular.com\/ca\/#\/schema\/logo\/image\/\",\"url\":\"https:\/\/colmadosingular.com\/wp-content\/uploads\/2024\/08\/logo-colmado.svg\",\"contentUrl\":\"https:\/\/colmadosingular.com\/wp-content\/uploads\/2024\/08\/logo-colmado.svg\",\"width\":620,\"height\":50,\"caption\":\"Colmado Singular\"},\"image\":{\"@id\":\"https:\/\/colmadosingular.com\/ca\/#\/schema\/logo\/image\/\"}}]}<\/script>\n<!-- \/ Yoast SEO plugin. -->","yoast_head_json":{"title":"CESTA MEDITERRANEAN DREAM, Didier Louren\u00e7o (G) - Colmado Singular","robots":{"index":"index","follow":"follow","max-snippet":"max-snippet:-1","max-image-preview":"max-image-preview:large","max-video-preview":"max-video-preview:-1"},"canonical":"https:\/\/colmadosingular.com\/ca\/producto\/mediterranean-dream-didier-lourenco\/","og_locale":"ca_ES","og_type":"article","og_title":"CESTA MEDITERRANEAN DREAM, Didier Louren\u00e7o (G) - Colmado Singular","og_description":"Mediterranean dream Food &amp; Art Collection - CESTA 380X380 (Grande)  Forma parte de la exclusiva colecci\u00f3n\u00a0Food &amp; Art, donde fusionamos creatividad y gastronom\u00eda. \u00a0Creemos que nuestros productos merecen ser presentados de manera excepcional, por eso los envolvemos en arte. Cada cesta de regalo ha sido personalizada por siete talentosos artistas, aportando su toque \u00fanico a cada una.  Para reducir residuos innecesarios, apostamos por crear algo con una segunda vida. Nuestras cestas pueden transformarse en un taburete, una mesita de noche, un contenedor de juguetes o un elemento decorativo\u2026 Su versatilidad ofrece infinitas posibilidades, dejando a cada persona la libertad de decidir.  Estas cestas sorprender\u00e1n a quien las reciba, tanto por su est\u00e9tica como por su contenido. Son un regalo singular, pensado para quienes disfrutan del buen comer y de las cosas bonitas de la vida.  Didier Louren\u00e7o entr\u00f3 en el mundo del arte a los 19 a\u00f1os en el taller de litografias de su padre. En 1988 aprovech\u00f3 un rinc\u00f3n del taller para empezar a pintar sus primeras telas. Ah\u00ed comparti\u00f3 el trabajo litogr\u00e1fico con el de sus pinturas, recibiendo frecuentes visitas de gran variedad de reconocidos artistas.  Hoy expone a nivel internacional, ha sido capaz de conectar con el p\u00fablico a trav\u00e9s de una obra serena, contundente y llena de luz mediterr\u00e1nea, tal y como se refleja en estas dos piezas encargadas por Colmado Singular. Aqu\u00ed, el reto para Didier Louren\u00e7o era trabajar los 360 grados. Conseguir que la obra mantenga su coherencia art\u00edstica sin ser visualizada en su totalidad.","og_url":"https:\/\/colmadosingular.com\/ca\/producto\/mediterranean-dream-didier-lourenco\/","og_site_name":"Colmado Singular","article_modified_time":"2025-12-31T10:11:28+00:00","og_image":[{"width":800,"height":800,"url":"https:\/\/colmadosingular.com\/wp-content\/uploads\/2024\/08\/g_pots_grans-10__PSV0136_Ok.jpg","type":"image\/jpeg"}],"twitter_card":"summary_large_image","twitter_misc":{"Temps estimat de lectura":"1 minut"},"schema":{"@context":"https:\/\/schema.org","@graph":[{"@type":"WebPage","@id":"https:\/\/colmadosingular.com\/ca\/producto\/mediterranean-dream-didier-lourenco\/","url":"https:\/\/colmadosingular.com\/ca\/producto\/mediterranean-dream-didier-lourenco\/","name":"CESTA MEDITERRANEAN DREAM, Didier Louren\u00e7o (G) - Colmado Singular","isPartOf":{"@id":"https:\/\/colmadosingular.com\/ca\/#website"},"primaryImageOfPage":{"@id":"https:\/\/colmadosingular.com\/ca\/producto\/mediterranean-dream-didier-lourenco\/#primaryimage"},"image":{"@id":"https:\/\/colmadosingular.com\/ca\/producto\/mediterranean-dream-didier-lourenco\/#primaryimage"},"thumbnailUrl":"https:\/\/colmadosingular.com\/wp-content\/uploads\/2024\/08\/g_pots_grans-10__PSV0136_Ok.jpg","datePublished":"2024-08-12T14:22:12+00:00","dateModified":"2025-12-31T10:11:28+00:00","breadcrumb":{"@id":"https:\/\/colmadosingular.com\/ca\/producto\/mediterranean-dream-didier-lourenco\/#breadcrumb"},"inLanguage":"ca","potentialAction":[{"@type":"ReadAction","target":["https:\/\/colmadosingular.com\/ca\/producto\/mediterranean-dream-didier-lourenco\/"]}]},{"@type":"ImageObject","inLanguage":"ca","@id":"https:\/\/colmadosingular.com\/ca\/producto\/mediterranean-dream-didier-lourenco\/#primaryimage","url":"https:\/\/colmadosingular.com\/wp-content\/uploads\/2024\/08\/g_pots_grans-10__PSV0136_Ok.jpg","contentUrl":"https:\/\/colmadosingular.com\/wp-content\/uploads\/2024\/08\/g_pots_grans-10__PSV0136_Ok.jpg","width":800,"height":800},{"@type":"BreadcrumbList","@id":"https:\/\/colmadosingular.com\/ca\/producto\/mediterranean-dream-didier-lourenco\/#breadcrumb","itemListElement":[{"@type":"ListItem","position":1,"name":"Portada","item":"https:\/\/colmadosingular.com\/ca\/inici\/"},{"@type":"ListItem","position":2,"name":"BOTIGA","item":"https:\/\/colmadosingular.com\/ca\/shop\/"},{"@type":"ListItem","position":3,"name":"CESTA MEDITERRANEAN DREAM, Didier Louren\u00e7o (G)"}]},{"@type":"WebSite","@id":"https:\/\/colmadosingular.com\/ca\/#website","url":"https:\/\/colmadosingular.com\/ca\/","name":"Colmado Singular","description":"","publisher":{"@id":"https:\/\/colmadosingular.com\/ca\/#organization"},"potentialAction":[{"@type":"SearchAction","target":{"@type":"EntryPoint","urlTemplate":"https:\/\/colmadosingular.com\/ca\/?s={search_term_string}"},"query-input":{"@type":"PropertyValueSpecification","valueRequired":true,"valueName":"search_term_string"}}],"inLanguage":"ca"},{"@type":"Organization","@id":"https:\/\/colmadosingular.com\/ca\/#organization","name":"Colmado Singular","url":"https:\/\/colmadosingular.com\/ca\/","logo":{"@type":"ImageObject","inLanguage":"ca","@id":"https:\/\/colmadosingular.com\/ca\/#\/schema\/logo\/image\/","url":"https:\/\/colmadosingular.com\/wp-content\/uploads\/2024\/08\/logo-colmado.svg","contentUrl":"https:\/\/colmadosingular.com\/wp-content\/uploads\/2024\/08\/logo-colmado.svg","width":620,"height":50,"caption":"Colmado Singular"},"image":{"@id":"https:\/\/colmadosingular.com\/ca\/#\/schema\/logo\/image\/"}}]}},"_links":{"self":[{"href":"https:\/\/colmadosingular.com\/ca\/wp-json\/wp\/v2\/product\/986307","targetHints":{"allow":["GET"]}}],"collection":[{"href":"https:\/\/colmadosingular.com\/ca\/wp-json\/wp\/v2\/product"}],"about":[{"href":"https:\/\/colmadosingular.com\/ca\/wp-json\/wp\/v2\/types\/product"}],"wp:featuredmedia":[{"embeddable":true,"href":"https:\/\/colmadosingular.com\/ca\/wp-json\/wp\/v2\/media\/5551"}],"wp:attachment":[{"href":"https:\/\/colmadosingular.com\/ca\/wp-json\/wp\/v2\/media?parent=986307"}],"wp:term":[{"taxonomy":"product_brand","embeddable":true,"href":"https:\/\/colmadosingular.com\/ca\/wp-json\/wp\/v2\/product_brand?post=986307"},{"taxonomy":"product_cat","embeddable":true,"href":"https:\/\/colmadosingular.com\/ca\/wp-json\/wp\/v2\/product_cat?post=986307"},{"taxonomy":"product_tag","embeddable":true,"href":"https:\/\/colmadosingular.com\/ca\/wp-json\/wp\/v2\/product_tag?post=986307"}],"curies":[{"name":"wp","href":"https:\/\/api.w.org\/{rel}","templated":true}]}}