{"id":986532,"date":"2024-08-12T16:18:42","date_gmt":"2024-08-12T14:18:42","guid":{"rendered":"https:\/\/colmadosingular.com\/producto\/ruote-pazze-500g\/"},"modified":"2025-02-12T16:36:28","modified_gmt":"2025-02-12T15:36:28","slug":"ruote-pazze-500g","status":"publish","type":"product","link":"https:\/\/colmadosingular.com\/ca\/producto\/ruote-pazze-500g\/","title":{"rendered":"RUOTE PAZZE 500g"},"content":{"rendered":"","protected":false},"excerpt":{"rendered":"<p>BENEDETTO CAVALIERI, EL NOM DE LA PASTA, \u00abALLA GRANDE\u00bb<\/p>\n<p>Un petit &#8220;pastificio&#8221; el lema de la qual \u00abEl valor de la delicadesa\u00bb es basa en el seu innovador proc\u00e9s d\u2019assecatge, punt d\u2019inflexi\u00f3 en el sector. Despr\u00e9s de donar-li la forma desitjada, la pasta no se sotmet a altes temperatures, com \u00e9s habitual en altres marques, sin\u00f3 que es cuida la calidesa sense abrasi\u00f3 i mai no s\u2019excedeixen els 40 \u00b0C. L\u2019assecatge lent li dona una consist\u00e8ncia immillorable: la duresa desitjada. <\/p>\n<p>Temps de cocci\u00f3: 12-13 min<br \/>\nLes Ruote Pazze tenen 3 gruixos (corona, radi i cub) diferents que al mastegar aconsegueixen aquesta sensaci\u00f3 particular comparable al de les molles i l&#8217;escor\u00e7a del bon pa. Les Ruote Pazze, anomenades aix\u00ed perqu\u00e8 no s\u00f3n perfectament circulars, permeten que el condiment penetri lliurement a l&#8217;interior i s&#8217;hi mantingui. \u00a1Sabor concentrat!  <\/p>\n","protected":false},"featured_media":5252,"template":"","meta":{"_acf_changed":false,"_monsterinsights_skip_tracking":false,"_monsterinsights_sitenote_active":false,"_monsterinsights_sitenote_note":"","_monsterinsights_sitenote_category":0,"_joinchat":[]},"product_brand":[],"product_cat":[215,222],"product_tag":[],"class_list":{"0":"post-986532","1":"product","2":"type-product","3":"status-publish","4":"has-post-thumbnail","6":"product_cat-arrossos-i-pastes","7":"product_cat-pasta-de-gra-dur","9":"first","10":"outofstock","11":"taxable","12":"shipping-taxable","13":"purchasable","14":"product-type-simple"},"acf":[],"yoast_head":"<!-- This site is optimized with the Yoast SEO plugin v24.8.1 - https:\/\/yoast.com\/wordpress\/plugins\/seo\/ -->\n<title>RUOTE PAZZE 500g - Colmado Singular<\/title>\n<meta name=\"robots\" content=\"index, follow, max-snippet:-1, max-image-preview:large, max-video-preview:-1\" \/>\n<link rel=\"canonical\" href=\"https:\/\/colmadosingular.com\/ca\/producto\/ruote-pazze-500g\/\" \/>\n<meta property=\"og:locale\" content=\"ca_ES\" \/>\n<meta property=\"og:type\" content=\"article\" \/>\n<meta property=\"og:title\" content=\"RUOTE PAZZE 500g - Colmado Singular\" \/>\n<meta property=\"og:description\" content=\"BENEDETTO CAVALIERI, EL NOM DE LA PASTA, \u00abALLA GRANDE\u00bb Un petit &quot;pastificio&quot; el lema de la qual \u00abEl valor de la delicadesa\u00bb es basa en el seu innovador proc\u00e9s d\u2019assecatge, punt d\u2019inflexi\u00f3 en el sector. Despr\u00e9s de donar-li la forma desitjada, la pasta no se sotmet a altes temperatures, com \u00e9s habitual en altres marques, sin\u00f3 que es cuida la calidesa sense abrasi\u00f3 i mai no s\u2019excedeixen els 40 \u00b0C. L\u2019assecatge lent li dona una consist\u00e8ncia immillorable: la duresa desitjada.  Temps de cocci\u00f3: 12-13 min Les Ruote Pazze tenen 3 gruixos (corona, radi i cub) diferents que al mastegar aconsegueixen aquesta sensaci\u00f3 particular comparable al de les molles i l&#039;escor\u00e7a del bon pa. Les Ruote Pazze, anomenades aix\u00ed perqu\u00e8 no s\u00f3n perfectament circulars, permeten que el condiment penetri lliurement a l&#039;interior i s&#039;hi mantingui. \u00a1Sabor concentrat!\" \/>\n<meta property=\"og:url\" content=\"https:\/\/colmadosingular.com\/ca\/producto\/ruote-pazze-500g\/\" \/>\n<meta property=\"og:site_name\" content=\"Colmado Singular\" \/>\n<meta property=\"article:modified_time\" content=\"2025-02-12T15:36:28+00:00\" \/>\n<meta property=\"og:image\" content=\"https:\/\/colmadosingular.com\/wp-content\/uploads\/2024\/08\/BC005-18530329_Ok.jpg\" \/>\n\t<meta property=\"og:image:width\" content=\"800\" \/>\n\t<meta property=\"og:image:height\" content=\"800\" \/>\n\t<meta property=\"og:image:type\" content=\"image\/jpeg\" \/>\n<meta name=\"twitter:card\" content=\"summary_large_image\" \/>\n<meta name=\"twitter:label1\" content=\"Temps estimat de lectura\" \/>\n\t<meta name=\"twitter:data1\" content=\"1 minut\" \/>\n<script type=\"application\/ld+json\" class=\"yoast-schema-graph\">{\"@context\":\"https:\/\/schema.org\",\"@graph\":[{\"@type\":\"WebPage\",\"@id\":\"https:\/\/colmadosingular.com\/ca\/producto\/ruote-pazze-500g\/\",\"url\":\"https:\/\/colmadosingular.com\/ca\/producto\/ruote-pazze-500g\/\",\"name\":\"RUOTE PAZZE 500g - Colmado Singular\",\"isPartOf\":{\"@id\":\"https:\/\/colmadosingular.com\/ca\/#website\"},\"primaryImageOfPage\":{\"@id\":\"https:\/\/colmadosingular.com\/ca\/producto\/ruote-pazze-500g\/#primaryimage\"},\"image\":{\"@id\":\"https:\/\/colmadosingular.com\/ca\/producto\/ruote-pazze-500g\/#primaryimage\"},\"thumbnailUrl\":\"https:\/\/colmadosingular.com\/wp-content\/uploads\/2024\/08\/BC005-18530329_Ok.jpg\",\"datePublished\":\"2024-08-12T14:18:42+00:00\",\"dateModified\":\"2025-02-12T15:36:28+00:00\",\"breadcrumb\":{\"@id\":\"https:\/\/colmadosingular.com\/ca\/producto\/ruote-pazze-500g\/#breadcrumb\"},\"inLanguage\":\"ca\",\"potentialAction\":[{\"@type\":\"ReadAction\",\"target\":[\"https:\/\/colmadosingular.com\/ca\/producto\/ruote-pazze-500g\/\"]}]},{\"@type\":\"ImageObject\",\"inLanguage\":\"ca\",\"@id\":\"https:\/\/colmadosingular.com\/ca\/producto\/ruote-pazze-500g\/#primaryimage\",\"url\":\"https:\/\/colmadosingular.com\/wp-content\/uploads\/2024\/08\/BC005-18530329_Ok.jpg\",\"contentUrl\":\"https:\/\/colmadosingular.com\/wp-content\/uploads\/2024\/08\/BC005-18530329_Ok.jpg\",\"width\":800,\"height\":800},{\"@type\":\"BreadcrumbList\",\"@id\":\"https:\/\/colmadosingular.com\/ca\/producto\/ruote-pazze-500g\/#breadcrumb\",\"itemListElement\":[{\"@type\":\"ListItem\",\"position\":1,\"name\":\"Portada\",\"item\":\"https:\/\/colmadosingular.com\/ca\/inici\/\"},{\"@type\":\"ListItem\",\"position\":2,\"name\":\"BOTIGA\",\"item\":\"https:\/\/colmadosingular.com\/ca\/shop\/\"},{\"@type\":\"ListItem\",\"position\":3,\"name\":\"RUOTE PAZZE 500g\"}]},{\"@type\":\"WebSite\",\"@id\":\"https:\/\/colmadosingular.com\/ca\/#website\",\"url\":\"https:\/\/colmadosingular.com\/ca\/\",\"name\":\"Colmado Singular\",\"description\":\"\",\"publisher\":{\"@id\":\"https:\/\/colmadosingular.com\/ca\/#organization\"},\"potentialAction\":[{\"@type\":\"SearchAction\",\"target\":{\"@type\":\"EntryPoint\",\"urlTemplate\":\"https:\/\/colmadosingular.com\/ca\/?s={search_term_string}\"},\"query-input\":{\"@type\":\"PropertyValueSpecification\",\"valueRequired\":true,\"valueName\":\"search_term_string\"}}],\"inLanguage\":\"ca\"},{\"@type\":\"Organization\",\"@id\":\"https:\/\/colmadosingular.com\/ca\/#organization\",\"name\":\"Colmado Singular\",\"url\":\"https:\/\/colmadosingular.com\/ca\/\",\"logo\":{\"@type\":\"ImageObject\",\"inLanguage\":\"ca\",\"@id\":\"https:\/\/colmadosingular.com\/ca\/#\/schema\/logo\/image\/\",\"url\":\"https:\/\/colmadosingular.com\/wp-content\/uploads\/2024\/08\/logo-colmado.svg\",\"contentUrl\":\"https:\/\/colmadosingular.com\/wp-content\/uploads\/2024\/08\/logo-colmado.svg\",\"width\":620,\"height\":50,\"caption\":\"Colmado Singular\"},\"image\":{\"@id\":\"https:\/\/colmadosingular.com\/ca\/#\/schema\/logo\/image\/\"}}]}<\/script>\n<!-- \/ Yoast SEO plugin. -->","yoast_head_json":{"title":"RUOTE PAZZE 500g - Colmado Singular","robots":{"index":"index","follow":"follow","max-snippet":"max-snippet:-1","max-image-preview":"max-image-preview:large","max-video-preview":"max-video-preview:-1"},"canonical":"https:\/\/colmadosingular.com\/ca\/producto\/ruote-pazze-500g\/","og_locale":"ca_ES","og_type":"article","og_title":"RUOTE PAZZE 500g - Colmado Singular","og_description":"BENEDETTO CAVALIERI, EL NOM DE LA PASTA, \u00abALLA GRANDE\u00bb Un petit \"pastificio\" el lema de la qual \u00abEl valor de la delicadesa\u00bb es basa en el seu innovador proc\u00e9s d\u2019assecatge, punt d\u2019inflexi\u00f3 en el sector. Despr\u00e9s de donar-li la forma desitjada, la pasta no se sotmet a altes temperatures, com \u00e9s habitual en altres marques, sin\u00f3 que es cuida la calidesa sense abrasi\u00f3 i mai no s\u2019excedeixen els 40 \u00b0C. L\u2019assecatge lent li dona una consist\u00e8ncia immillorable: la duresa desitjada.  Temps de cocci\u00f3: 12-13 min Les Ruote Pazze tenen 3 gruixos (corona, radi i cub) diferents que al mastegar aconsegueixen aquesta sensaci\u00f3 particular comparable al de les molles i l'escor\u00e7a del bon pa. Les Ruote Pazze, anomenades aix\u00ed perqu\u00e8 no s\u00f3n perfectament circulars, permeten que el condiment penetri lliurement a l'interior i s'hi mantingui. \u00a1Sabor concentrat!","og_url":"https:\/\/colmadosingular.com\/ca\/producto\/ruote-pazze-500g\/","og_site_name":"Colmado Singular","article_modified_time":"2025-02-12T15:36:28+00:00","og_image":[{"width":800,"height":800,"url":"https:\/\/colmadosingular.com\/wp-content\/uploads\/2024\/08\/BC005-18530329_Ok.jpg","type":"image\/jpeg"}],"twitter_card":"summary_large_image","twitter_misc":{"Temps estimat de lectura":"1 minut"},"schema":{"@context":"https:\/\/schema.org","@graph":[{"@type":"WebPage","@id":"https:\/\/colmadosingular.com\/ca\/producto\/ruote-pazze-500g\/","url":"https:\/\/colmadosingular.com\/ca\/producto\/ruote-pazze-500g\/","name":"RUOTE PAZZE 500g - Colmado Singular","isPartOf":{"@id":"https:\/\/colmadosingular.com\/ca\/#website"},"primaryImageOfPage":{"@id":"https:\/\/colmadosingular.com\/ca\/producto\/ruote-pazze-500g\/#primaryimage"},"image":{"@id":"https:\/\/colmadosingular.com\/ca\/producto\/ruote-pazze-500g\/#primaryimage"},"thumbnailUrl":"https:\/\/colmadosingular.com\/wp-content\/uploads\/2024\/08\/BC005-18530329_Ok.jpg","datePublished":"2024-08-12T14:18:42+00:00","dateModified":"2025-02-12T15:36:28+00:00","breadcrumb":{"@id":"https:\/\/colmadosingular.com\/ca\/producto\/ruote-pazze-500g\/#breadcrumb"},"inLanguage":"ca","potentialAction":[{"@type":"ReadAction","target":["https:\/\/colmadosingular.com\/ca\/producto\/ruote-pazze-500g\/"]}]},{"@type":"ImageObject","inLanguage":"ca","@id":"https:\/\/colmadosingular.com\/ca\/producto\/ruote-pazze-500g\/#primaryimage","url":"https:\/\/colmadosingular.com\/wp-content\/uploads\/2024\/08\/BC005-18530329_Ok.jpg","contentUrl":"https:\/\/colmadosingular.com\/wp-content\/uploads\/2024\/08\/BC005-18530329_Ok.jpg","width":800,"height":800},{"@type":"BreadcrumbList","@id":"https:\/\/colmadosingular.com\/ca\/producto\/ruote-pazze-500g\/#breadcrumb","itemListElement":[{"@type":"ListItem","position":1,"name":"Portada","item":"https:\/\/colmadosingular.com\/ca\/inici\/"},{"@type":"ListItem","position":2,"name":"BOTIGA","item":"https:\/\/colmadosingular.com\/ca\/shop\/"},{"@type":"ListItem","position":3,"name":"RUOTE PAZZE 500g"}]},{"@type":"WebSite","@id":"https:\/\/colmadosingular.com\/ca\/#website","url":"https:\/\/colmadosingular.com\/ca\/","name":"Colmado Singular","description":"","publisher":{"@id":"https:\/\/colmadosingular.com\/ca\/#organization"},"potentialAction":[{"@type":"SearchAction","target":{"@type":"EntryPoint","urlTemplate":"https:\/\/colmadosingular.com\/ca\/?s={search_term_string}"},"query-input":{"@type":"PropertyValueSpecification","valueRequired":true,"valueName":"search_term_string"}}],"inLanguage":"ca"},{"@type":"Organization","@id":"https:\/\/colmadosingular.com\/ca\/#organization","name":"Colmado Singular","url":"https:\/\/colmadosingular.com\/ca\/","logo":{"@type":"ImageObject","inLanguage":"ca","@id":"https:\/\/colmadosingular.com\/ca\/#\/schema\/logo\/image\/","url":"https:\/\/colmadosingular.com\/wp-content\/uploads\/2024\/08\/logo-colmado.svg","contentUrl":"https:\/\/colmadosingular.com\/wp-content\/uploads\/2024\/08\/logo-colmado.svg","width":620,"height":50,"caption":"Colmado Singular"},"image":{"@id":"https:\/\/colmadosingular.com\/ca\/#\/schema\/logo\/image\/"}}]}},"_links":{"self":[{"href":"https:\/\/colmadosingular.com\/ca\/wp-json\/wp\/v2\/product\/986532","targetHints":{"allow":["GET"]}}],"collection":[{"href":"https:\/\/colmadosingular.com\/ca\/wp-json\/wp\/v2\/product"}],"about":[{"href":"https:\/\/colmadosingular.com\/ca\/wp-json\/wp\/v2\/types\/product"}],"wp:featuredmedia":[{"embeddable":true,"href":"https:\/\/colmadosingular.com\/ca\/wp-json\/wp\/v2\/media\/5252"}],"wp:attachment":[{"href":"https:\/\/colmadosingular.com\/ca\/wp-json\/wp\/v2\/media?parent=986532"}],"wp:term":[{"taxonomy":"product_brand","embeddable":true,"href":"https:\/\/colmadosingular.com\/ca\/wp-json\/wp\/v2\/product_brand?post=986532"},{"taxonomy":"product_cat","embeddable":true,"href":"https:\/\/colmadosingular.com\/ca\/wp-json\/wp\/v2\/product_cat?post=986532"},{"taxonomy":"product_tag","embeddable":true,"href":"https:\/\/colmadosingular.com\/ca\/wp-json\/wp\/v2\/product_tag?post=986532"}],"curies":[{"name":"wp","href":"https:\/\/api.w.org\/{rel}","templated":true}]}}