{"id":986548,"date":"2024-08-12T16:20:59","date_gmt":"2024-08-12T14:20:59","guid":{"rendered":"https:\/\/colmadosingular.com\/producto\/spaghettini-500g\/"},"modified":"2025-02-12T18:02:16","modified_gmt":"2025-02-12T17:02:16","slug":"spaghettini-500g","status":"publish","type":"product","link":"https:\/\/colmadosingular.com\/ca\/producto\/spaghettini-500g\/","title":{"rendered":"SPAGHETTINI 500g"},"content":{"rendered":"","protected":false},"excerpt":{"rendered":"<p>BENEDETTO CAVALIERI, EL NOM DE LA PASTA, \u00abALLA GRANDE\u00bb<\/p>\n<p>Un petit &#8220;pastificio&#8221; el lema de la qual \u00abEl valor de la delicadesa\u00bb es basa en el seu innovador proc\u00e9s d\u2019assecatge, punt d\u2019inflexi\u00f3 en el sector. Despr\u00e9s de donar-li la forma desitjada, la pasta no \u00e9s sotmesa a temperatures altes, sin\u00f3 que es cuida la calidesa sense abrasi\u00f3 i no s&#8217;excedeixen mai els 40 \u00baC. L&#8217;assecat lent li d\u00f3na una consist\u00e8ncia immillorable: la desitjada duresa.  <\/p>\n<p>Temps de cocci\u00f3: 12-13 min<\/p>\n","protected":false},"featured_media":8475,"template":"","meta":{"_acf_changed":false,"_monsterinsights_skip_tracking":false,"_monsterinsights_sitenote_active":false,"_monsterinsights_sitenote_note":"","_monsterinsights_sitenote_category":0,"_joinchat":[]},"product_brand":[],"product_cat":[215,222],"product_tag":[],"class_list":{"0":"post-986548","1":"product","2":"type-product","3":"status-publish","4":"has-post-thumbnail","6":"product_cat-arrossos-i-pastes","7":"product_cat-pasta-de-gra-dur","9":"first","10":"instock","11":"taxable","12":"shipping-taxable","13":"purchasable","14":"product-type-simple"},"acf":[],"yoast_head":"<!-- This site is optimized with the Yoast SEO plugin v24.8.1 - https:\/\/yoast.com\/wordpress\/plugins\/seo\/ -->\n<title>SPAGHETTINI 500g - Colmado Singular<\/title>\n<meta name=\"robots\" content=\"index, follow, max-snippet:-1, max-image-preview:large, max-video-preview:-1\" \/>\n<link rel=\"canonical\" href=\"https:\/\/colmadosingular.com\/ca\/producto\/spaghettini-500g\/\" \/>\n<meta property=\"og:locale\" content=\"ca_ES\" \/>\n<meta property=\"og:type\" content=\"article\" \/>\n<meta property=\"og:title\" content=\"SPAGHETTINI 500g - Colmado Singular\" \/>\n<meta property=\"og:description\" content=\"BENEDETTO CAVALIERI, EL NOM DE LA PASTA, \u00abALLA GRANDE\u00bb Un petit &quot;pastificio&quot; el lema de la qual \u00abEl valor de la delicadesa\u00bb es basa en el seu innovador proc\u00e9s d\u2019assecatge, punt d\u2019inflexi\u00f3 en el sector. Despr\u00e9s de donar-li la forma desitjada, la pasta no \u00e9s sotmesa a temperatures altes, sin\u00f3 que es cuida la calidesa sense abrasi\u00f3 i no s&#039;excedeixen mai els 40 \u00baC. L&#039;assecat lent li d\u00f3na una consist\u00e8ncia immillorable: la desitjada duresa.  Temps de cocci\u00f3: 12-13 min\" \/>\n<meta property=\"og:url\" content=\"https:\/\/colmadosingular.com\/ca\/producto\/spaghettini-500g\/\" \/>\n<meta property=\"og:site_name\" content=\"Colmado Singular\" \/>\n<meta property=\"article:modified_time\" content=\"2025-02-12T17:02:16+00:00\" \/>\n<meta property=\"og:image\" content=\"https:\/\/colmadosingular.com\/wp-content\/uploads\/2024\/08\/BC018_24030040BxGris.jpg\" \/>\n\t<meta property=\"og:image:width\" content=\"1200\" \/>\n\t<meta property=\"og:image:height\" content=\"1200\" \/>\n\t<meta property=\"og:image:type\" content=\"image\/jpeg\" \/>\n<meta name=\"twitter:card\" content=\"summary_large_image\" \/>\n<meta name=\"twitter:label1\" content=\"Temps estimat de lectura\" \/>\n\t<meta name=\"twitter:data1\" content=\"1 minut\" \/>\n<script type=\"application\/ld+json\" class=\"yoast-schema-graph\">{\"@context\":\"https:\/\/schema.org\",\"@graph\":[{\"@type\":\"WebPage\",\"@id\":\"https:\/\/colmadosingular.com\/ca\/producto\/spaghettini-500g\/\",\"url\":\"https:\/\/colmadosingular.com\/ca\/producto\/spaghettini-500g\/\",\"name\":\"SPAGHETTINI 500g - Colmado Singular\",\"isPartOf\":{\"@id\":\"https:\/\/colmadosingular.com\/ca\/#website\"},\"primaryImageOfPage\":{\"@id\":\"https:\/\/colmadosingular.com\/ca\/producto\/spaghettini-500g\/#primaryimage\"},\"image\":{\"@id\":\"https:\/\/colmadosingular.com\/ca\/producto\/spaghettini-500g\/#primaryimage\"},\"thumbnailUrl\":\"https:\/\/colmadosingular.com\/wp-content\/uploads\/2024\/08\/BC018_24030040BxGris.jpg\",\"datePublished\":\"2024-08-12T14:20:59+00:00\",\"dateModified\":\"2025-02-12T17:02:16+00:00\",\"breadcrumb\":{\"@id\":\"https:\/\/colmadosingular.com\/ca\/producto\/spaghettini-500g\/#breadcrumb\"},\"inLanguage\":\"ca\",\"potentialAction\":[{\"@type\":\"ReadAction\",\"target\":[\"https:\/\/colmadosingular.com\/ca\/producto\/spaghettini-500g\/\"]}]},{\"@type\":\"ImageObject\",\"inLanguage\":\"ca\",\"@id\":\"https:\/\/colmadosingular.com\/ca\/producto\/spaghettini-500g\/#primaryimage\",\"url\":\"https:\/\/colmadosingular.com\/wp-content\/uploads\/2024\/08\/BC018_24030040BxGris.jpg\",\"contentUrl\":\"https:\/\/colmadosingular.com\/wp-content\/uploads\/2024\/08\/BC018_24030040BxGris.jpg\",\"width\":1200,\"height\":1200},{\"@type\":\"BreadcrumbList\",\"@id\":\"https:\/\/colmadosingular.com\/ca\/producto\/spaghettini-500g\/#breadcrumb\",\"itemListElement\":[{\"@type\":\"ListItem\",\"position\":1,\"name\":\"Portada\",\"item\":\"https:\/\/colmadosingular.com\/ca\/inici\/\"},{\"@type\":\"ListItem\",\"position\":2,\"name\":\"BOTIGA\",\"item\":\"https:\/\/colmadosingular.com\/ca\/shop\/\"},{\"@type\":\"ListItem\",\"position\":3,\"name\":\"SPAGHETTINI 500g\"}]},{\"@type\":\"WebSite\",\"@id\":\"https:\/\/colmadosingular.com\/ca\/#website\",\"url\":\"https:\/\/colmadosingular.com\/ca\/\",\"name\":\"Colmado Singular\",\"description\":\"\",\"publisher\":{\"@id\":\"https:\/\/colmadosingular.com\/ca\/#organization\"},\"potentialAction\":[{\"@type\":\"SearchAction\",\"target\":{\"@type\":\"EntryPoint\",\"urlTemplate\":\"https:\/\/colmadosingular.com\/ca\/?s={search_term_string}\"},\"query-input\":{\"@type\":\"PropertyValueSpecification\",\"valueRequired\":true,\"valueName\":\"search_term_string\"}}],\"inLanguage\":\"ca\"},{\"@type\":\"Organization\",\"@id\":\"https:\/\/colmadosingular.com\/ca\/#organization\",\"name\":\"Colmado Singular\",\"url\":\"https:\/\/colmadosingular.com\/ca\/\",\"logo\":{\"@type\":\"ImageObject\",\"inLanguage\":\"ca\",\"@id\":\"https:\/\/colmadosingular.com\/ca\/#\/schema\/logo\/image\/\",\"url\":\"https:\/\/colmadosingular.com\/wp-content\/uploads\/2024\/08\/logo-colmado.svg\",\"contentUrl\":\"https:\/\/colmadosingular.com\/wp-content\/uploads\/2024\/08\/logo-colmado.svg\",\"width\":620,\"height\":50,\"caption\":\"Colmado Singular\"},\"image\":{\"@id\":\"https:\/\/colmadosingular.com\/ca\/#\/schema\/logo\/image\/\"}}]}<\/script>\n<!-- \/ Yoast SEO plugin. -->","yoast_head_json":{"title":"SPAGHETTINI 500g - Colmado Singular","robots":{"index":"index","follow":"follow","max-snippet":"max-snippet:-1","max-image-preview":"max-image-preview:large","max-video-preview":"max-video-preview:-1"},"canonical":"https:\/\/colmadosingular.com\/ca\/producto\/spaghettini-500g\/","og_locale":"ca_ES","og_type":"article","og_title":"SPAGHETTINI 500g - Colmado Singular","og_description":"BENEDETTO CAVALIERI, EL NOM DE LA PASTA, \u00abALLA GRANDE\u00bb Un petit \"pastificio\" el lema de la qual \u00abEl valor de la delicadesa\u00bb es basa en el seu innovador proc\u00e9s d\u2019assecatge, punt d\u2019inflexi\u00f3 en el sector. Despr\u00e9s de donar-li la forma desitjada, la pasta no \u00e9s sotmesa a temperatures altes, sin\u00f3 que es cuida la calidesa sense abrasi\u00f3 i no s'excedeixen mai els 40 \u00baC. L'assecat lent li d\u00f3na una consist\u00e8ncia immillorable: la desitjada duresa.  Temps de cocci\u00f3: 12-13 min","og_url":"https:\/\/colmadosingular.com\/ca\/producto\/spaghettini-500g\/","og_site_name":"Colmado Singular","article_modified_time":"2025-02-12T17:02:16+00:00","og_image":[{"width":1200,"height":1200,"url":"https:\/\/colmadosingular.com\/wp-content\/uploads\/2024\/08\/BC018_24030040BxGris.jpg","type":"image\/jpeg"}],"twitter_card":"summary_large_image","twitter_misc":{"Temps estimat de lectura":"1 minut"},"schema":{"@context":"https:\/\/schema.org","@graph":[{"@type":"WebPage","@id":"https:\/\/colmadosingular.com\/ca\/producto\/spaghettini-500g\/","url":"https:\/\/colmadosingular.com\/ca\/producto\/spaghettini-500g\/","name":"SPAGHETTINI 500g - Colmado Singular","isPartOf":{"@id":"https:\/\/colmadosingular.com\/ca\/#website"},"primaryImageOfPage":{"@id":"https:\/\/colmadosingular.com\/ca\/producto\/spaghettini-500g\/#primaryimage"},"image":{"@id":"https:\/\/colmadosingular.com\/ca\/producto\/spaghettini-500g\/#primaryimage"},"thumbnailUrl":"https:\/\/colmadosingular.com\/wp-content\/uploads\/2024\/08\/BC018_24030040BxGris.jpg","datePublished":"2024-08-12T14:20:59+00:00","dateModified":"2025-02-12T17:02:16+00:00","breadcrumb":{"@id":"https:\/\/colmadosingular.com\/ca\/producto\/spaghettini-500g\/#breadcrumb"},"inLanguage":"ca","potentialAction":[{"@type":"ReadAction","target":["https:\/\/colmadosingular.com\/ca\/producto\/spaghettini-500g\/"]}]},{"@type":"ImageObject","inLanguage":"ca","@id":"https:\/\/colmadosingular.com\/ca\/producto\/spaghettini-500g\/#primaryimage","url":"https:\/\/colmadosingular.com\/wp-content\/uploads\/2024\/08\/BC018_24030040BxGris.jpg","contentUrl":"https:\/\/colmadosingular.com\/wp-content\/uploads\/2024\/08\/BC018_24030040BxGris.jpg","width":1200,"height":1200},{"@type":"BreadcrumbList","@id":"https:\/\/colmadosingular.com\/ca\/producto\/spaghettini-500g\/#breadcrumb","itemListElement":[{"@type":"ListItem","position":1,"name":"Portada","item":"https:\/\/colmadosingular.com\/ca\/inici\/"},{"@type":"ListItem","position":2,"name":"BOTIGA","item":"https:\/\/colmadosingular.com\/ca\/shop\/"},{"@type":"ListItem","position":3,"name":"SPAGHETTINI 500g"}]},{"@type":"WebSite","@id":"https:\/\/colmadosingular.com\/ca\/#website","url":"https:\/\/colmadosingular.com\/ca\/","name":"Colmado Singular","description":"","publisher":{"@id":"https:\/\/colmadosingular.com\/ca\/#organization"},"potentialAction":[{"@type":"SearchAction","target":{"@type":"EntryPoint","urlTemplate":"https:\/\/colmadosingular.com\/ca\/?s={search_term_string}"},"query-input":{"@type":"PropertyValueSpecification","valueRequired":true,"valueName":"search_term_string"}}],"inLanguage":"ca"},{"@type":"Organization","@id":"https:\/\/colmadosingular.com\/ca\/#organization","name":"Colmado Singular","url":"https:\/\/colmadosingular.com\/ca\/","logo":{"@type":"ImageObject","inLanguage":"ca","@id":"https:\/\/colmadosingular.com\/ca\/#\/schema\/logo\/image\/","url":"https:\/\/colmadosingular.com\/wp-content\/uploads\/2024\/08\/logo-colmado.svg","contentUrl":"https:\/\/colmadosingular.com\/wp-content\/uploads\/2024\/08\/logo-colmado.svg","width":620,"height":50,"caption":"Colmado Singular"},"image":{"@id":"https:\/\/colmadosingular.com\/ca\/#\/schema\/logo\/image\/"}}]}},"_links":{"self":[{"href":"https:\/\/colmadosingular.com\/ca\/wp-json\/wp\/v2\/product\/986548","targetHints":{"allow":["GET"]}}],"collection":[{"href":"https:\/\/colmadosingular.com\/ca\/wp-json\/wp\/v2\/product"}],"about":[{"href":"https:\/\/colmadosingular.com\/ca\/wp-json\/wp\/v2\/types\/product"}],"wp:featuredmedia":[{"embeddable":true,"href":"https:\/\/colmadosingular.com\/ca\/wp-json\/wp\/v2\/media\/8475"}],"wp:attachment":[{"href":"https:\/\/colmadosingular.com\/ca\/wp-json\/wp\/v2\/media?parent=986548"}],"wp:term":[{"taxonomy":"product_brand","embeddable":true,"href":"https:\/\/colmadosingular.com\/ca\/wp-json\/wp\/v2\/product_brand?post=986548"},{"taxonomy":"product_cat","embeddable":true,"href":"https:\/\/colmadosingular.com\/ca\/wp-json\/wp\/v2\/product_cat?post=986548"},{"taxonomy":"product_tag","embeddable":true,"href":"https:\/\/colmadosingular.com\/ca\/wp-json\/wp\/v2\/product_tag?post=986548"}],"curies":[{"name":"wp","href":"https:\/\/api.w.org\/{rel}","templated":true}]}}