{"id":986596,"date":"2024-08-12T16:20:59","date_gmt":"2024-08-12T14:20:59","guid":{"rendered":"https:\/\/colmadosingular.com\/producto\/sombrerera-pati-nunez\/"},"modified":"2026-03-03T14:58:05","modified_gmt":"2026-03-03T13:58:05","slug":"sombrerera-pati-nunez","status":"publish","type":"product","link":"https:\/\/colmadosingular.com\/ca\/producto\/sombrerera-pati-nunez\/","title":{"rendered":"CISTELLA BARRETERA, Pati Nu\u00f1ez"},"content":{"rendered":"","protected":false},"excerpt":{"rendered":"<p>Barretera<br \/>\nFood &amp; Art Collection &#8211; BARRETERA 196X225 (Petita)<\/p>\n<p>Cistelles de regal originals i \u00faniques.<\/p>\n<p><strong>Pati N\u00fa\u00f1ez<\/strong> \u00e9s un referent al m\u00f3n del disseny. \u00c9s la primera i fins ara l&#8217;\u00fanica dona que ha obtingut el Premi Nacional de Disseny en aquest pa\u00eds. Des del 1985 dirigeix \u200b\u200bla seva pr\u00f2pia empresa, un equip especialitzat en disseny de packaging, branding i<br \/>\ncomunicaci\u00f3 visual, el treball del qual ha estat qualificat sovint com \u201cel poder de la simplicitat\u201d.  <\/p>\n<p>Recentment ha renovat la identitat corporativa de Colmado Singular, que situa la seva imatge a l&#8217;al\u00e7ada de la qualitat dels seus productes i transmet l&#8217;ess\u00e8ncia d&#8217;aquesta peculiar empresa. A m\u00e9s del logotip, impresos, cat\u00e0legs i web, ha dissenyat les cistelles corporatives de Colmado Singular, usant estampats cl\u00e0ssics del m\u00f3n del colmado tradicional. <\/p>\n","protected":false},"featured_media":5455,"template":"","meta":{"_acf_changed":false,"_monsterinsights_skip_tracking":false,"_monsterinsights_sitenote_active":false,"_monsterinsights_sitenote_note":"","_monsterinsights_sitenote_category":0,"_joinchat":[]},"product_brand":[],"product_cat":[218,268],"product_tag":[],"class_list":{"0":"post-986596","1":"product","2":"type-product","3":"status-publish","4":"has-post-thumbnail","6":"product_cat-regalos-ca","7":"product_cat-cistelles-food-art","9":"first","10":"instock","11":"taxable","12":"shipping-taxable","13":"purchasable","14":"product-type-simple"},"acf":[],"yoast_head":"<!-- This site is optimized with the Yoast SEO plugin v24.8.1 - https:\/\/yoast.com\/wordpress\/plugins\/seo\/ -->\n<title>CISTELLA BARRETERA, Pati Nu\u00f1ez - Colmado Singular<\/title>\n<meta name=\"robots\" content=\"index, follow, max-snippet:-1, max-image-preview:large, max-video-preview:-1\" \/>\n<link rel=\"canonical\" href=\"https:\/\/colmadosingular.com\/ca\/producto\/sombrerera-pati-nunez\/\" \/>\n<meta property=\"og:locale\" content=\"ca_ES\" \/>\n<meta property=\"og:type\" content=\"article\" \/>\n<meta property=\"og:title\" content=\"CISTELLA BARRETERA, Pati Nu\u00f1ez - Colmado Singular\" \/>\n<meta property=\"og:description\" content=\"Barretera Food &amp; Art Collection - BARRETERA 196X225 (Petita) Cistelles de regal originals i \u00faniques. Pati N\u00fa\u00f1ez \u00e9s un referent al m\u00f3n del disseny. \u00c9s la primera i fins ara l&#039;\u00fanica dona que ha obtingut el Premi Nacional de Disseny en aquest pa\u00eds. Des del 1985 dirigeix \u200b\u200bla seva pr\u00f2pia empresa, un equip especialitzat en disseny de packaging, branding i comunicaci\u00f3 visual, el treball del qual ha estat qualificat sovint com \u201cel poder de la simplicitat\u201d.  Recentment ha renovat la identitat corporativa de Colmado Singular, que situa la seva imatge a l&#039;al\u00e7ada de la qualitat dels seus productes i transmet l&#039;ess\u00e8ncia d&#039;aquesta peculiar empresa. A m\u00e9s del logotip, impresos, cat\u00e0legs i web, ha dissenyat les cistelles corporatives de Colmado Singular, usant estampats cl\u00e0ssics del m\u00f3n del colmado tradicional.\" \/>\n<meta property=\"og:url\" content=\"https:\/\/colmadosingular.com\/ca\/producto\/sombrerera-pati-nunez\/\" \/>\n<meta property=\"og:site_name\" content=\"Colmado Singular\" \/>\n<meta property=\"article:modified_time\" content=\"2026-03-03T13:58:05+00:00\" \/>\n<meta property=\"og:image\" content=\"https:\/\/colmadosingular.com\/wp-content\/uploads\/2024\/08\/Sombrerera_g_PSV3476_2778x2778_OK-scaled-1.jpg\" \/>\n\t<meta property=\"og:image:width\" content=\"2560\" \/>\n\t<meta property=\"og:image:height\" content=\"2560\" \/>\n\t<meta property=\"og:image:type\" content=\"image\/jpeg\" \/>\n<meta name=\"twitter:card\" content=\"summary_large_image\" \/>\n<script type=\"application\/ld+json\" class=\"yoast-schema-graph\">{\"@context\":\"https:\/\/schema.org\",\"@graph\":[{\"@type\":\"WebPage\",\"@id\":\"https:\/\/colmadosingular.com\/ca\/producto\/sombrerera-pati-nunez\/\",\"url\":\"https:\/\/colmadosingular.com\/ca\/producto\/sombrerera-pati-nunez\/\",\"name\":\"CISTELLA BARRETERA, Pati Nu\u00f1ez - Colmado Singular\",\"isPartOf\":{\"@id\":\"https:\/\/colmadosingular.com\/ca\/#website\"},\"primaryImageOfPage\":{\"@id\":\"https:\/\/colmadosingular.com\/ca\/producto\/sombrerera-pati-nunez\/#primaryimage\"},\"image\":{\"@id\":\"https:\/\/colmadosingular.com\/ca\/producto\/sombrerera-pati-nunez\/#primaryimage\"},\"thumbnailUrl\":\"https:\/\/colmadosingular.com\/wp-content\/uploads\/2024\/08\/Sombrerera_g_PSV3476_2778x2778_OK-scaled-1.jpg\",\"datePublished\":\"2024-08-12T14:20:59+00:00\",\"dateModified\":\"2026-03-03T13:58:05+00:00\",\"breadcrumb\":{\"@id\":\"https:\/\/colmadosingular.com\/ca\/producto\/sombrerera-pati-nunez\/#breadcrumb\"},\"inLanguage\":\"ca\",\"potentialAction\":[{\"@type\":\"ReadAction\",\"target\":[\"https:\/\/colmadosingular.com\/ca\/producto\/sombrerera-pati-nunez\/\"]}]},{\"@type\":\"ImageObject\",\"inLanguage\":\"ca\",\"@id\":\"https:\/\/colmadosingular.com\/ca\/producto\/sombrerera-pati-nunez\/#primaryimage\",\"url\":\"https:\/\/colmadosingular.com\/wp-content\/uploads\/2024\/08\/Sombrerera_g_PSV3476_2778x2778_OK-scaled-1.jpg\",\"contentUrl\":\"https:\/\/colmadosingular.com\/wp-content\/uploads\/2024\/08\/Sombrerera_g_PSV3476_2778x2778_OK-scaled-1.jpg\",\"width\":2560,\"height\":2560},{\"@type\":\"BreadcrumbList\",\"@id\":\"https:\/\/colmadosingular.com\/ca\/producto\/sombrerera-pati-nunez\/#breadcrumb\",\"itemListElement\":[{\"@type\":\"ListItem\",\"position\":1,\"name\":\"Portada\",\"item\":\"https:\/\/colmadosingular.com\/ca\/inici\/\"},{\"@type\":\"ListItem\",\"position\":2,\"name\":\"BOTIGA\",\"item\":\"https:\/\/colmadosingular.com\/ca\/shop\/\"},{\"@type\":\"ListItem\",\"position\":3,\"name\":\"CISTELLA BARRETERA, Pati Nu\u00f1ez\"}]},{\"@type\":\"WebSite\",\"@id\":\"https:\/\/colmadosingular.com\/ca\/#website\",\"url\":\"https:\/\/colmadosingular.com\/ca\/\",\"name\":\"Colmado Singular\",\"description\":\"\",\"publisher\":{\"@id\":\"https:\/\/colmadosingular.com\/ca\/#organization\"},\"potentialAction\":[{\"@type\":\"SearchAction\",\"target\":{\"@type\":\"EntryPoint\",\"urlTemplate\":\"https:\/\/colmadosingular.com\/ca\/?s={search_term_string}\"},\"query-input\":{\"@type\":\"PropertyValueSpecification\",\"valueRequired\":true,\"valueName\":\"search_term_string\"}}],\"inLanguage\":\"ca\"},{\"@type\":\"Organization\",\"@id\":\"https:\/\/colmadosingular.com\/ca\/#organization\",\"name\":\"Colmado Singular\",\"url\":\"https:\/\/colmadosingular.com\/ca\/\",\"logo\":{\"@type\":\"ImageObject\",\"inLanguage\":\"ca\",\"@id\":\"https:\/\/colmadosingular.com\/ca\/#\/schema\/logo\/image\/\",\"url\":\"https:\/\/colmadosingular.com\/wp-content\/uploads\/2024\/08\/logo-colmado.svg\",\"contentUrl\":\"https:\/\/colmadosingular.com\/wp-content\/uploads\/2024\/08\/logo-colmado.svg\",\"width\":620,\"height\":50,\"caption\":\"Colmado Singular\"},\"image\":{\"@id\":\"https:\/\/colmadosingular.com\/ca\/#\/schema\/logo\/image\/\"}}]}<\/script>\n<!-- \/ Yoast SEO plugin. -->","yoast_head_json":{"title":"CISTELLA BARRETERA, Pati Nu\u00f1ez - Colmado Singular","robots":{"index":"index","follow":"follow","max-snippet":"max-snippet:-1","max-image-preview":"max-image-preview:large","max-video-preview":"max-video-preview:-1"},"canonical":"https:\/\/colmadosingular.com\/ca\/producto\/sombrerera-pati-nunez\/","og_locale":"ca_ES","og_type":"article","og_title":"CISTELLA BARRETERA, Pati Nu\u00f1ez - Colmado Singular","og_description":"Barretera Food &amp; Art Collection - BARRETERA 196X225 (Petita) Cistelles de regal originals i \u00faniques. Pati N\u00fa\u00f1ez \u00e9s un referent al m\u00f3n del disseny. \u00c9s la primera i fins ara l'\u00fanica dona que ha obtingut el Premi Nacional de Disseny en aquest pa\u00eds. Des del 1985 dirigeix \u200b\u200bla seva pr\u00f2pia empresa, un equip especialitzat en disseny de packaging, branding i comunicaci\u00f3 visual, el treball del qual ha estat qualificat sovint com \u201cel poder de la simplicitat\u201d.  Recentment ha renovat la identitat corporativa de Colmado Singular, que situa la seva imatge a l'al\u00e7ada de la qualitat dels seus productes i transmet l'ess\u00e8ncia d'aquesta peculiar empresa. A m\u00e9s del logotip, impresos, cat\u00e0legs i web, ha dissenyat les cistelles corporatives de Colmado Singular, usant estampats cl\u00e0ssics del m\u00f3n del colmado tradicional.","og_url":"https:\/\/colmadosingular.com\/ca\/producto\/sombrerera-pati-nunez\/","og_site_name":"Colmado Singular","article_modified_time":"2026-03-03T13:58:05+00:00","og_image":[{"width":2560,"height":2560,"url":"https:\/\/colmadosingular.com\/wp-content\/uploads\/2024\/08\/Sombrerera_g_PSV3476_2778x2778_OK-scaled-1.jpg","type":"image\/jpeg"}],"twitter_card":"summary_large_image","schema":{"@context":"https:\/\/schema.org","@graph":[{"@type":"WebPage","@id":"https:\/\/colmadosingular.com\/ca\/producto\/sombrerera-pati-nunez\/","url":"https:\/\/colmadosingular.com\/ca\/producto\/sombrerera-pati-nunez\/","name":"CISTELLA BARRETERA, Pati Nu\u00f1ez - Colmado Singular","isPartOf":{"@id":"https:\/\/colmadosingular.com\/ca\/#website"},"primaryImageOfPage":{"@id":"https:\/\/colmadosingular.com\/ca\/producto\/sombrerera-pati-nunez\/#primaryimage"},"image":{"@id":"https:\/\/colmadosingular.com\/ca\/producto\/sombrerera-pati-nunez\/#primaryimage"},"thumbnailUrl":"https:\/\/colmadosingular.com\/wp-content\/uploads\/2024\/08\/Sombrerera_g_PSV3476_2778x2778_OK-scaled-1.jpg","datePublished":"2024-08-12T14:20:59+00:00","dateModified":"2026-03-03T13:58:05+00:00","breadcrumb":{"@id":"https:\/\/colmadosingular.com\/ca\/producto\/sombrerera-pati-nunez\/#breadcrumb"},"inLanguage":"ca","potentialAction":[{"@type":"ReadAction","target":["https:\/\/colmadosingular.com\/ca\/producto\/sombrerera-pati-nunez\/"]}]},{"@type":"ImageObject","inLanguage":"ca","@id":"https:\/\/colmadosingular.com\/ca\/producto\/sombrerera-pati-nunez\/#primaryimage","url":"https:\/\/colmadosingular.com\/wp-content\/uploads\/2024\/08\/Sombrerera_g_PSV3476_2778x2778_OK-scaled-1.jpg","contentUrl":"https:\/\/colmadosingular.com\/wp-content\/uploads\/2024\/08\/Sombrerera_g_PSV3476_2778x2778_OK-scaled-1.jpg","width":2560,"height":2560},{"@type":"BreadcrumbList","@id":"https:\/\/colmadosingular.com\/ca\/producto\/sombrerera-pati-nunez\/#breadcrumb","itemListElement":[{"@type":"ListItem","position":1,"name":"Portada","item":"https:\/\/colmadosingular.com\/ca\/inici\/"},{"@type":"ListItem","position":2,"name":"BOTIGA","item":"https:\/\/colmadosingular.com\/ca\/shop\/"},{"@type":"ListItem","position":3,"name":"CISTELLA BARRETERA, Pati Nu\u00f1ez"}]},{"@type":"WebSite","@id":"https:\/\/colmadosingular.com\/ca\/#website","url":"https:\/\/colmadosingular.com\/ca\/","name":"Colmado Singular","description":"","publisher":{"@id":"https:\/\/colmadosingular.com\/ca\/#organization"},"potentialAction":[{"@type":"SearchAction","target":{"@type":"EntryPoint","urlTemplate":"https:\/\/colmadosingular.com\/ca\/?s={search_term_string}"},"query-input":{"@type":"PropertyValueSpecification","valueRequired":true,"valueName":"search_term_string"}}],"inLanguage":"ca"},{"@type":"Organization","@id":"https:\/\/colmadosingular.com\/ca\/#organization","name":"Colmado Singular","url":"https:\/\/colmadosingular.com\/ca\/","logo":{"@type":"ImageObject","inLanguage":"ca","@id":"https:\/\/colmadosingular.com\/ca\/#\/schema\/logo\/image\/","url":"https:\/\/colmadosingular.com\/wp-content\/uploads\/2024\/08\/logo-colmado.svg","contentUrl":"https:\/\/colmadosingular.com\/wp-content\/uploads\/2024\/08\/logo-colmado.svg","width":620,"height":50,"caption":"Colmado Singular"},"image":{"@id":"https:\/\/colmadosingular.com\/ca\/#\/schema\/logo\/image\/"}}]}},"_links":{"self":[{"href":"https:\/\/colmadosingular.com\/ca\/wp-json\/wp\/v2\/product\/986596","targetHints":{"allow":["GET"]}}],"collection":[{"href":"https:\/\/colmadosingular.com\/ca\/wp-json\/wp\/v2\/product"}],"about":[{"href":"https:\/\/colmadosingular.com\/ca\/wp-json\/wp\/v2\/types\/product"}],"wp:featuredmedia":[{"embeddable":true,"href":"https:\/\/colmadosingular.com\/ca\/wp-json\/wp\/v2\/media\/5455"}],"wp:attachment":[{"href":"https:\/\/colmadosingular.com\/ca\/wp-json\/wp\/v2\/media?parent=986596"}],"wp:term":[{"taxonomy":"product_brand","embeddable":true,"href":"https:\/\/colmadosingular.com\/ca\/wp-json\/wp\/v2\/product_brand?post=986596"},{"taxonomy":"product_cat","embeddable":true,"href":"https:\/\/colmadosingular.com\/ca\/wp-json\/wp\/v2\/product_cat?post=986596"},{"taxonomy":"product_tag","embeddable":true,"href":"https:\/\/colmadosingular.com\/ca\/wp-json\/wp\/v2\/product_tag?post=986596"}],"curies":[{"name":"wp","href":"https:\/\/api.w.org\/{rel}","templated":true}]}}