{"id":986616,"date":"2024-08-12T16:24:52","date_gmt":"2024-08-12T14:24:52","guid":{"rendered":"https:\/\/colmadosingular.com\/producto\/estuche-de-mieles-28g\/"},"modified":"2025-02-13T23:18:01","modified_gmt":"2025-02-13T22:18:01","slug":"estuche-de-mieles-28g","status":"publish","type":"product","link":"https:\/\/colmadosingular.com\/ca\/producto\/estuche-de-mieles-28g\/","title":{"rendered":"ESTOIG DE MELS 28g"},"content":{"rendered":"","protected":false},"excerpt":{"rendered":"<p>MIELI THUN<\/p>\n<p>Estoig de mels 28g (ac\u00e0cia, eucaliptus i castanyer) de Mieli Thun.<\/p>\n<p>Tracta d&#8217;un grup d&#8217;apicultors que es dedica a traslladar les bresques al llarg de tota la geografia italiana, buscant el millor entorn perqu\u00e8 les seves abelles produeixin mels d&#8217;alt\u00edssima qualitat i amb una variabilitat de sabors tan aclaparadora.<br \/>\nAlguna vegada vas pensar que una mel podria ser \u00e0cida, picant o amarga? Aquestes mels aconsegueixen portar-te a l&#8217;extrem del sabor, no es queden en una cosa poc precisa que, a priori, i en un tast a cegues, series incapa\u00e7 d&#8217;endevinar; aqu\u00ed no hi ha espai per al dubte: els seus sabors s\u00f3n rodons i precisos. \u00c9s una idea genial i ambiciosa que aconsegueix traslladar-se al seu producte, convertint-lo<br \/>\n en una cosa \u00fanica i plena de valor.  <\/p>\n<p>Podr\u00e0s utilitzar-la en tot all\u00f2 que sigui dol\u00e7, en cocteleria, per macerar carns, amaniments per a amanides, lactis, fruites, i si prems\u2026 fins i tot el peix.<\/p>\n","protected":false},"featured_media":5810,"template":"","meta":{"_acf_changed":false,"_monsterinsights_skip_tracking":false,"_monsterinsights_sitenote_active":false,"_monsterinsights_sitenote_note":"","_monsterinsights_sitenote_category":0,"_joinchat":[]},"product_brand":[],"product_cat":[242,246],"product_tag":[],"class_list":{"0":"post-986616","1":"product","2":"type-product","3":"status-publish","4":"has-post-thumbnail","6":"product_cat-dolcos","7":"product_cat-mel","9":"first","10":"outofstock","11":"taxable","12":"shipping-taxable","13":"purchasable","14":"product-type-simple"},"acf":[],"yoast_head":"<!-- This site is optimized with the Yoast SEO plugin v24.8.1 - https:\/\/yoast.com\/wordpress\/plugins\/seo\/ -->\n<title>ESTOIG DE MELS 28g - Colmado Singular<\/title>\n<meta name=\"description\" content=\"Estoig de mels (ac\u00e0cia, eucaliptus i castanyer). Els apicultors de Mieli Thun traslladen les bresques per It\u00e0lia perqu\u00e8 les seves abelles produeixin la millor mel.\" \/>\n<meta name=\"robots\" content=\"index, follow, max-snippet:-1, max-image-preview:large, max-video-preview:-1\" \/>\n<link rel=\"canonical\" href=\"https:\/\/colmadosingular.com\/producto\/estuche-de-mieles-28g\/\" \/>\n<meta property=\"og:locale\" content=\"ca_ES\" \/>\n<meta property=\"og:type\" content=\"article\" \/>\n<meta property=\"og:title\" content=\"ESTOIG DE MELS 28g - Colmado Singular\" \/>\n<meta property=\"og:description\" content=\"Estoig de mels (ac\u00e0cia, eucaliptus i castanyer). Els apicultors de Mieli Thun traslladen les bresques per It\u00e0lia perqu\u00e8 les seves abelles produeixin la millor mel.\" \/>\n<meta property=\"og:url\" content=\"https:\/\/colmadosingular.com\/producto\/estuche-de-mieles-28g\/\" \/>\n<meta property=\"og:site_name\" content=\"Colmado Singular\" \/>\n<meta property=\"article:modified_time\" content=\"2025-02-13T22:18:01+00:00\" \/>\n<meta property=\"og:image\" content=\"https:\/\/colmadosingular.com\/wp-content\/uploads\/2024\/08\/MT020_24140115BxGris.jpg\" \/>\n\t<meta property=\"og:image:width\" content=\"1200\" \/>\n\t<meta property=\"og:image:height\" content=\"1200\" \/>\n\t<meta property=\"og:image:type\" content=\"image\/jpeg\" \/>\n<meta name=\"twitter:card\" content=\"summary_large_image\" \/>\n<meta name=\"twitter:label1\" content=\"Temps estimat de lectura\" \/>\n\t<meta name=\"twitter:data1\" content=\"1 minut\" \/>\n<script type=\"application\/ld+json\" class=\"yoast-schema-graph\">{\"@context\":\"https:\/\/schema.org\",\"@graph\":[{\"@type\":\"WebPage\",\"@id\":\"https:\/\/colmadosingular.com\/producto\/estuche-de-mieles-28g\/\",\"url\":\"https:\/\/colmadosingular.com\/producto\/estuche-de-mieles-28g\/\",\"name\":\"ESTOIG DE MELS 28g - Colmado Singular\",\"isPartOf\":{\"@id\":\"https:\/\/colmadosingular.com\/ca\/#website\"},\"primaryImageOfPage\":{\"@id\":\"https:\/\/colmadosingular.com\/producto\/estuche-de-mieles-28g\/#primaryimage\"},\"image\":{\"@id\":\"https:\/\/colmadosingular.com\/producto\/estuche-de-mieles-28g\/#primaryimage\"},\"thumbnailUrl\":\"https:\/\/colmadosingular.com\/wp-content\/uploads\/2024\/08\/MT020_24140115BxGris.jpg\",\"datePublished\":\"2024-08-12T14:24:52+00:00\",\"dateModified\":\"2025-02-13T22:18:01+00:00\",\"description\":\"Estoig de mels (ac\u00e0cia, eucaliptus i castanyer). Els apicultors de Mieli Thun traslladen les bresques per It\u00e0lia perqu\u00e8 les seves abelles produeixin la millor mel.\",\"breadcrumb\":{\"@id\":\"https:\/\/colmadosingular.com\/producto\/estuche-de-mieles-28g\/#breadcrumb\"},\"inLanguage\":\"ca\",\"potentialAction\":[{\"@type\":\"ReadAction\",\"target\":[\"https:\/\/colmadosingular.com\/producto\/estuche-de-mieles-28g\/\"]}]},{\"@type\":\"ImageObject\",\"inLanguage\":\"ca\",\"@id\":\"https:\/\/colmadosingular.com\/producto\/estuche-de-mieles-28g\/#primaryimage\",\"url\":\"https:\/\/colmadosingular.com\/wp-content\/uploads\/2024\/08\/MT020_24140115BxGris.jpg\",\"contentUrl\":\"https:\/\/colmadosingular.com\/wp-content\/uploads\/2024\/08\/MT020_24140115BxGris.jpg\",\"width\":1200,\"height\":1200},{\"@type\":\"BreadcrumbList\",\"@id\":\"https:\/\/colmadosingular.com\/producto\/estuche-de-mieles-28g\/#breadcrumb\",\"itemListElement\":[{\"@type\":\"ListItem\",\"position\":1,\"name\":\"Portada\",\"item\":\"https:\/\/colmadosingular.com\/ca\/inici\/\"},{\"@type\":\"ListItem\",\"position\":2,\"name\":\"BOTIGA\",\"item\":\"https:\/\/colmadosingular.com\/ca\/shop\/\"},{\"@type\":\"ListItem\",\"position\":3,\"name\":\"ESTOIG DE MELS 28g\"}]},{\"@type\":\"WebSite\",\"@id\":\"https:\/\/colmadosingular.com\/ca\/#website\",\"url\":\"https:\/\/colmadosingular.com\/ca\/\",\"name\":\"Colmado Singular\",\"description\":\"\",\"publisher\":{\"@id\":\"https:\/\/colmadosingular.com\/ca\/#organization\"},\"potentialAction\":[{\"@type\":\"SearchAction\",\"target\":{\"@type\":\"EntryPoint\",\"urlTemplate\":\"https:\/\/colmadosingular.com\/ca\/?s={search_term_string}\"},\"query-input\":{\"@type\":\"PropertyValueSpecification\",\"valueRequired\":true,\"valueName\":\"search_term_string\"}}],\"inLanguage\":\"ca\"},{\"@type\":\"Organization\",\"@id\":\"https:\/\/colmadosingular.com\/ca\/#organization\",\"name\":\"Colmado Singular\",\"url\":\"https:\/\/colmadosingular.com\/ca\/\",\"logo\":{\"@type\":\"ImageObject\",\"inLanguage\":\"ca\",\"@id\":\"https:\/\/colmadosingular.com\/ca\/#\/schema\/logo\/image\/\",\"url\":\"https:\/\/colmadosingular.com\/wp-content\/uploads\/2024\/08\/logo-colmado.svg\",\"contentUrl\":\"https:\/\/colmadosingular.com\/wp-content\/uploads\/2024\/08\/logo-colmado.svg\",\"width\":620,\"height\":50,\"caption\":\"Colmado Singular\"},\"image\":{\"@id\":\"https:\/\/colmadosingular.com\/ca\/#\/schema\/logo\/image\/\"}}]}<\/script>\n<!-- \/ Yoast SEO plugin. -->","yoast_head_json":{"title":"ESTOIG DE MELS 28g - Colmado Singular","description":"Estoig de mels (ac\u00e0cia, eucaliptus i castanyer). Els apicultors de Mieli Thun traslladen les bresques per It\u00e0lia perqu\u00e8 les seves abelles produeixin la millor mel.","robots":{"index":"index","follow":"follow","max-snippet":"max-snippet:-1","max-image-preview":"max-image-preview:large","max-video-preview":"max-video-preview:-1"},"canonical":"https:\/\/colmadosingular.com\/producto\/estuche-de-mieles-28g\/","og_locale":"ca_ES","og_type":"article","og_title":"ESTOIG DE MELS 28g - Colmado Singular","og_description":"Estoig de mels (ac\u00e0cia, eucaliptus i castanyer). Els apicultors de Mieli Thun traslladen les bresques per It\u00e0lia perqu\u00e8 les seves abelles produeixin la millor mel.","og_url":"https:\/\/colmadosingular.com\/producto\/estuche-de-mieles-28g\/","og_site_name":"Colmado Singular","article_modified_time":"2025-02-13T22:18:01+00:00","og_image":[{"width":1200,"height":1200,"url":"https:\/\/colmadosingular.com\/wp-content\/uploads\/2024\/08\/MT020_24140115BxGris.jpg","type":"image\/jpeg"}],"twitter_card":"summary_large_image","twitter_misc":{"Temps estimat de lectura":"1 minut"},"schema":{"@context":"https:\/\/schema.org","@graph":[{"@type":"WebPage","@id":"https:\/\/colmadosingular.com\/producto\/estuche-de-mieles-28g\/","url":"https:\/\/colmadosingular.com\/producto\/estuche-de-mieles-28g\/","name":"ESTOIG DE MELS 28g - Colmado Singular","isPartOf":{"@id":"https:\/\/colmadosingular.com\/ca\/#website"},"primaryImageOfPage":{"@id":"https:\/\/colmadosingular.com\/producto\/estuche-de-mieles-28g\/#primaryimage"},"image":{"@id":"https:\/\/colmadosingular.com\/producto\/estuche-de-mieles-28g\/#primaryimage"},"thumbnailUrl":"https:\/\/colmadosingular.com\/wp-content\/uploads\/2024\/08\/MT020_24140115BxGris.jpg","datePublished":"2024-08-12T14:24:52+00:00","dateModified":"2025-02-13T22:18:01+00:00","description":"Estoig de mels (ac\u00e0cia, eucaliptus i castanyer). Els apicultors de Mieli Thun traslladen les bresques per It\u00e0lia perqu\u00e8 les seves abelles produeixin la millor mel.","breadcrumb":{"@id":"https:\/\/colmadosingular.com\/producto\/estuche-de-mieles-28g\/#breadcrumb"},"inLanguage":"ca","potentialAction":[{"@type":"ReadAction","target":["https:\/\/colmadosingular.com\/producto\/estuche-de-mieles-28g\/"]}]},{"@type":"ImageObject","inLanguage":"ca","@id":"https:\/\/colmadosingular.com\/producto\/estuche-de-mieles-28g\/#primaryimage","url":"https:\/\/colmadosingular.com\/wp-content\/uploads\/2024\/08\/MT020_24140115BxGris.jpg","contentUrl":"https:\/\/colmadosingular.com\/wp-content\/uploads\/2024\/08\/MT020_24140115BxGris.jpg","width":1200,"height":1200},{"@type":"BreadcrumbList","@id":"https:\/\/colmadosingular.com\/producto\/estuche-de-mieles-28g\/#breadcrumb","itemListElement":[{"@type":"ListItem","position":1,"name":"Portada","item":"https:\/\/colmadosingular.com\/ca\/inici\/"},{"@type":"ListItem","position":2,"name":"BOTIGA","item":"https:\/\/colmadosingular.com\/ca\/shop\/"},{"@type":"ListItem","position":3,"name":"ESTOIG DE MELS 28g"}]},{"@type":"WebSite","@id":"https:\/\/colmadosingular.com\/ca\/#website","url":"https:\/\/colmadosingular.com\/ca\/","name":"Colmado Singular","description":"","publisher":{"@id":"https:\/\/colmadosingular.com\/ca\/#organization"},"potentialAction":[{"@type":"SearchAction","target":{"@type":"EntryPoint","urlTemplate":"https:\/\/colmadosingular.com\/ca\/?s={search_term_string}"},"query-input":{"@type":"PropertyValueSpecification","valueRequired":true,"valueName":"search_term_string"}}],"inLanguage":"ca"},{"@type":"Organization","@id":"https:\/\/colmadosingular.com\/ca\/#organization","name":"Colmado Singular","url":"https:\/\/colmadosingular.com\/ca\/","logo":{"@type":"ImageObject","inLanguage":"ca","@id":"https:\/\/colmadosingular.com\/ca\/#\/schema\/logo\/image\/","url":"https:\/\/colmadosingular.com\/wp-content\/uploads\/2024\/08\/logo-colmado.svg","contentUrl":"https:\/\/colmadosingular.com\/wp-content\/uploads\/2024\/08\/logo-colmado.svg","width":620,"height":50,"caption":"Colmado Singular"},"image":{"@id":"https:\/\/colmadosingular.com\/ca\/#\/schema\/logo\/image\/"}}]}},"_links":{"self":[{"href":"https:\/\/colmadosingular.com\/ca\/wp-json\/wp\/v2\/product\/986616","targetHints":{"allow":["GET"]}}],"collection":[{"href":"https:\/\/colmadosingular.com\/ca\/wp-json\/wp\/v2\/product"}],"about":[{"href":"https:\/\/colmadosingular.com\/ca\/wp-json\/wp\/v2\/types\/product"}],"wp:featuredmedia":[{"embeddable":true,"href":"https:\/\/colmadosingular.com\/ca\/wp-json\/wp\/v2\/media\/5810"}],"wp:attachment":[{"href":"https:\/\/colmadosingular.com\/ca\/wp-json\/wp\/v2\/media?parent=986616"}],"wp:term":[{"taxonomy":"product_brand","embeddable":true,"href":"https:\/\/colmadosingular.com\/ca\/wp-json\/wp\/v2\/product_brand?post=986616"},{"taxonomy":"product_cat","embeddable":true,"href":"https:\/\/colmadosingular.com\/ca\/wp-json\/wp\/v2\/product_cat?post=986616"},{"taxonomy":"product_tag","embeddable":true,"href":"https:\/\/colmadosingular.com\/ca\/wp-json\/wp\/v2\/product_tag?post=986616"}],"curies":[{"name":"wp","href":"https:\/\/api.w.org\/{rel}","templated":true}]}}