{"id":986664,"date":"2024-12-11T14:36:06","date_gmt":"2024-12-11T13:36:06","guid":{"rendered":"https:\/\/colmadosingular.com\/producto\/peyranas-con-chocolate-negro-63-120g\/"},"modified":"2026-03-25T16:29:28","modified_gmt":"2026-03-25T15:29:28","slug":"peyranas-con-chocolate-negro-63-120g","status":"publish","type":"product","link":"https:\/\/colmadosingular.com\/ca\/producto\/peyranas-con-chocolate-negro-63-120g\/","title":{"rendered":"PEYRANAS AMB XOCOLATA NEGRA 63% 120g"},"content":{"rendered":"","protected":false},"excerpt":{"rendered":"<p class=\"p1\">PEYRANAS<\/p>\n<p class=\"p1\">Ametlla Marcona caramel\u00b7litzada amb xocolata negra 63% cacau.<\/p>\n<p class=\"p1\">Les Peyranas s\u00f3n les nostres ametlles cobertes de xocolata m\u00e9s elegants. El geni de la xocolata Enric Rovira ha dissenyat i elaborat aquestes delicioses ametlles caramel\u00b7litzades folrades amb xocolata per a tots nosaltres. <\/p>\n<p class=\"p1\">La cobertura de xocolata \u00e9s Peyrano i \u00e9s sin\u00f2nim de qualitat, autenticitat i art xocolater. Gr\u00e0cies a la seva selecci\u00f3 de cacau d&#8217;alta qualitat, el proc\u00e9s de producci\u00f3 artesanal i el comprom\u00eds amb la sostenibilitat, cadascuna de la Peyranas de xocolata \u00e9s una veritable alegria per al paladar. Depenent del percentatge de cacau i l&#8217;origen trobarem diferents matisos de sabor i m\u00e9s o menys profunditat.  <\/p>\n","protected":false},"featured_media":983417,"template":"","meta":{"_acf_changed":false,"_monsterinsights_skip_tracking":false,"_monsterinsights_sitenote_active":false,"_monsterinsights_sitenote_note":"","_monsterinsights_sitenote_category":0,"_joinchat":[]},"product_brand":[],"product_cat":[242,243],"product_tag":[],"class_list":{"0":"post-986664","1":"product","2":"type-product","3":"status-publish","4":"has-post-thumbnail","6":"product_cat-dolcos","7":"product_cat-xocolates","9":"first","10":"outofstock","11":"taxable","12":"shipping-taxable","13":"purchasable","14":"product-type-simple"},"acf":[],"yoast_head":"<!-- This site is optimized with the Yoast SEO plugin v24.8.1 - https:\/\/yoast.com\/wordpress\/plugins\/seo\/ -->\n<title>PEYRANAS AMB XOCOLATA NEGRA 63% 120g - Colmado Singular<\/title>\n<meta name=\"description\" content=\"Les Peyranas s\u00f3n ametlles caramel\u00b7litzades cobertes de xocolata Peyrano i dissenyades i elaborades pel mestre xocolater Enric Rovira.\" \/>\n<meta name=\"robots\" content=\"index, follow, max-snippet:-1, max-image-preview:large, max-video-preview:-1\" \/>\n<link rel=\"canonical\" href=\"https:\/\/colmadosingular.com\/ca\/producto\/peyranas-con-chocolate-negro-63-120g\/\" \/>\n<meta property=\"og:locale\" content=\"ca_ES\" \/>\n<meta property=\"og:type\" content=\"article\" \/>\n<meta property=\"og:title\" content=\"PEYRANAS AMB XOCOLATA NEGRA 63% 120g - Colmado Singular\" \/>\n<meta property=\"og:description\" content=\"Les Peyranas s\u00f3n ametlles caramel\u00b7litzades cobertes de xocolata Peyrano i dissenyades i elaborades pel mestre xocolater Enric Rovira.\" \/>\n<meta property=\"og:url\" content=\"https:\/\/colmadosingular.com\/ca\/producto\/peyranas-con-chocolate-negro-63-120g\/\" \/>\n<meta property=\"og:site_name\" content=\"Colmado Singular\" \/>\n<meta property=\"article:modified_time\" content=\"2026-03-25T15:29:28+00:00\" \/>\n<meta property=\"og:image\" content=\"https:\/\/colmadosingular.com\/wp-content\/uploads\/2024\/12\/PEY009_24820013BxGris.jpg\" \/>\n\t<meta property=\"og:image:width\" content=\"1200\" \/>\n\t<meta property=\"og:image:height\" content=\"1200\" \/>\n\t<meta property=\"og:image:type\" content=\"image\/jpeg\" \/>\n<meta name=\"twitter:card\" content=\"summary_large_image\" \/>\n<meta name=\"twitter:label1\" content=\"Temps estimat de lectura\" \/>\n\t<meta name=\"twitter:data1\" content=\"1 minut\" \/>\n<script type=\"application\/ld+json\" class=\"yoast-schema-graph\">{\"@context\":\"https:\/\/schema.org\",\"@graph\":[{\"@type\":\"WebPage\",\"@id\":\"https:\/\/colmadosingular.com\/ca\/producto\/peyranas-con-chocolate-negro-63-120g\/\",\"url\":\"https:\/\/colmadosingular.com\/ca\/producto\/peyranas-con-chocolate-negro-63-120g\/\",\"name\":\"PEYRANAS AMB XOCOLATA NEGRA 63% 120g - Colmado Singular\",\"isPartOf\":{\"@id\":\"https:\/\/colmadosingular.com\/ca\/#website\"},\"primaryImageOfPage\":{\"@id\":\"https:\/\/colmadosingular.com\/ca\/producto\/peyranas-con-chocolate-negro-63-120g\/#primaryimage\"},\"image\":{\"@id\":\"https:\/\/colmadosingular.com\/ca\/producto\/peyranas-con-chocolate-negro-63-120g\/#primaryimage\"},\"thumbnailUrl\":\"https:\/\/colmadosingular.com\/wp-content\/uploads\/2024\/12\/PEY009_24820013BxGris.jpg\",\"datePublished\":\"2024-12-11T13:36:06+00:00\",\"dateModified\":\"2026-03-25T15:29:28+00:00\",\"description\":\"Les Peyranas s\u00f3n ametlles caramel\u00b7litzades cobertes de xocolata Peyrano i dissenyades i elaborades pel mestre xocolater Enric Rovira.\",\"breadcrumb\":{\"@id\":\"https:\/\/colmadosingular.com\/ca\/producto\/peyranas-con-chocolate-negro-63-120g\/#breadcrumb\"},\"inLanguage\":\"ca\",\"potentialAction\":[{\"@type\":\"ReadAction\",\"target\":[\"https:\/\/colmadosingular.com\/ca\/producto\/peyranas-con-chocolate-negro-63-120g\/\"]}]},{\"@type\":\"ImageObject\",\"inLanguage\":\"ca\",\"@id\":\"https:\/\/colmadosingular.com\/ca\/producto\/peyranas-con-chocolate-negro-63-120g\/#primaryimage\",\"url\":\"https:\/\/colmadosingular.com\/wp-content\/uploads\/2024\/12\/PEY009_24820013BxGris.jpg\",\"contentUrl\":\"https:\/\/colmadosingular.com\/wp-content\/uploads\/2024\/12\/PEY009_24820013BxGris.jpg\",\"width\":1200,\"height\":1200},{\"@type\":\"BreadcrumbList\",\"@id\":\"https:\/\/colmadosingular.com\/ca\/producto\/peyranas-con-chocolate-negro-63-120g\/#breadcrumb\",\"itemListElement\":[{\"@type\":\"ListItem\",\"position\":1,\"name\":\"Portada\",\"item\":\"https:\/\/colmadosingular.com\/ca\/inici\/\"},{\"@type\":\"ListItem\",\"position\":2,\"name\":\"BOTIGA\",\"item\":\"https:\/\/colmadosingular.com\/ca\/shop\/\"},{\"@type\":\"ListItem\",\"position\":3,\"name\":\"PEYRANAS AMB XOCOLATA NEGRA 63% 120g\"}]},{\"@type\":\"WebSite\",\"@id\":\"https:\/\/colmadosingular.com\/ca\/#website\",\"url\":\"https:\/\/colmadosingular.com\/ca\/\",\"name\":\"Colmado Singular\",\"description\":\"\",\"publisher\":{\"@id\":\"https:\/\/colmadosingular.com\/ca\/#organization\"},\"potentialAction\":[{\"@type\":\"SearchAction\",\"target\":{\"@type\":\"EntryPoint\",\"urlTemplate\":\"https:\/\/colmadosingular.com\/ca\/?s={search_term_string}\"},\"query-input\":{\"@type\":\"PropertyValueSpecification\",\"valueRequired\":true,\"valueName\":\"search_term_string\"}}],\"inLanguage\":\"ca\"},{\"@type\":\"Organization\",\"@id\":\"https:\/\/colmadosingular.com\/ca\/#organization\",\"name\":\"Colmado Singular\",\"url\":\"https:\/\/colmadosingular.com\/ca\/\",\"logo\":{\"@type\":\"ImageObject\",\"inLanguage\":\"ca\",\"@id\":\"https:\/\/colmadosingular.com\/ca\/#\/schema\/logo\/image\/\",\"url\":\"https:\/\/colmadosingular.com\/wp-content\/uploads\/2024\/08\/logo-colmado.svg\",\"contentUrl\":\"https:\/\/colmadosingular.com\/wp-content\/uploads\/2024\/08\/logo-colmado.svg\",\"width\":620,\"height\":50,\"caption\":\"Colmado Singular\"},\"image\":{\"@id\":\"https:\/\/colmadosingular.com\/ca\/#\/schema\/logo\/image\/\"}}]}<\/script>\n<!-- \/ Yoast SEO plugin. -->","yoast_head_json":{"title":"PEYRANAS AMB XOCOLATA NEGRA 63% 120g - Colmado Singular","description":"Les Peyranas s\u00f3n ametlles caramel\u00b7litzades cobertes de xocolata Peyrano i dissenyades i elaborades pel mestre xocolater Enric Rovira.","robots":{"index":"index","follow":"follow","max-snippet":"max-snippet:-1","max-image-preview":"max-image-preview:large","max-video-preview":"max-video-preview:-1"},"canonical":"https:\/\/colmadosingular.com\/ca\/producto\/peyranas-con-chocolate-negro-63-120g\/","og_locale":"ca_ES","og_type":"article","og_title":"PEYRANAS AMB XOCOLATA NEGRA 63% 120g - Colmado Singular","og_description":"Les Peyranas s\u00f3n ametlles caramel\u00b7litzades cobertes de xocolata Peyrano i dissenyades i elaborades pel mestre xocolater Enric Rovira.","og_url":"https:\/\/colmadosingular.com\/ca\/producto\/peyranas-con-chocolate-negro-63-120g\/","og_site_name":"Colmado Singular","article_modified_time":"2026-03-25T15:29:28+00:00","og_image":[{"width":1200,"height":1200,"url":"https:\/\/colmadosingular.com\/wp-content\/uploads\/2024\/12\/PEY009_24820013BxGris.jpg","type":"image\/jpeg"}],"twitter_card":"summary_large_image","twitter_misc":{"Temps estimat de lectura":"1 minut"},"schema":{"@context":"https:\/\/schema.org","@graph":[{"@type":"WebPage","@id":"https:\/\/colmadosingular.com\/ca\/producto\/peyranas-con-chocolate-negro-63-120g\/","url":"https:\/\/colmadosingular.com\/ca\/producto\/peyranas-con-chocolate-negro-63-120g\/","name":"PEYRANAS AMB XOCOLATA NEGRA 63% 120g - Colmado Singular","isPartOf":{"@id":"https:\/\/colmadosingular.com\/ca\/#website"},"primaryImageOfPage":{"@id":"https:\/\/colmadosingular.com\/ca\/producto\/peyranas-con-chocolate-negro-63-120g\/#primaryimage"},"image":{"@id":"https:\/\/colmadosingular.com\/ca\/producto\/peyranas-con-chocolate-negro-63-120g\/#primaryimage"},"thumbnailUrl":"https:\/\/colmadosingular.com\/wp-content\/uploads\/2024\/12\/PEY009_24820013BxGris.jpg","datePublished":"2024-12-11T13:36:06+00:00","dateModified":"2026-03-25T15:29:28+00:00","description":"Les Peyranas s\u00f3n ametlles caramel\u00b7litzades cobertes de xocolata Peyrano i dissenyades i elaborades pel mestre xocolater Enric Rovira.","breadcrumb":{"@id":"https:\/\/colmadosingular.com\/ca\/producto\/peyranas-con-chocolate-negro-63-120g\/#breadcrumb"},"inLanguage":"ca","potentialAction":[{"@type":"ReadAction","target":["https:\/\/colmadosingular.com\/ca\/producto\/peyranas-con-chocolate-negro-63-120g\/"]}]},{"@type":"ImageObject","inLanguage":"ca","@id":"https:\/\/colmadosingular.com\/ca\/producto\/peyranas-con-chocolate-negro-63-120g\/#primaryimage","url":"https:\/\/colmadosingular.com\/wp-content\/uploads\/2024\/12\/PEY009_24820013BxGris.jpg","contentUrl":"https:\/\/colmadosingular.com\/wp-content\/uploads\/2024\/12\/PEY009_24820013BxGris.jpg","width":1200,"height":1200},{"@type":"BreadcrumbList","@id":"https:\/\/colmadosingular.com\/ca\/producto\/peyranas-con-chocolate-negro-63-120g\/#breadcrumb","itemListElement":[{"@type":"ListItem","position":1,"name":"Portada","item":"https:\/\/colmadosingular.com\/ca\/inici\/"},{"@type":"ListItem","position":2,"name":"BOTIGA","item":"https:\/\/colmadosingular.com\/ca\/shop\/"},{"@type":"ListItem","position":3,"name":"PEYRANAS AMB XOCOLATA NEGRA 63% 120g"}]},{"@type":"WebSite","@id":"https:\/\/colmadosingular.com\/ca\/#website","url":"https:\/\/colmadosingular.com\/ca\/","name":"Colmado Singular","description":"","publisher":{"@id":"https:\/\/colmadosingular.com\/ca\/#organization"},"potentialAction":[{"@type":"SearchAction","target":{"@type":"EntryPoint","urlTemplate":"https:\/\/colmadosingular.com\/ca\/?s={search_term_string}"},"query-input":{"@type":"PropertyValueSpecification","valueRequired":true,"valueName":"search_term_string"}}],"inLanguage":"ca"},{"@type":"Organization","@id":"https:\/\/colmadosingular.com\/ca\/#organization","name":"Colmado Singular","url":"https:\/\/colmadosingular.com\/ca\/","logo":{"@type":"ImageObject","inLanguage":"ca","@id":"https:\/\/colmadosingular.com\/ca\/#\/schema\/logo\/image\/","url":"https:\/\/colmadosingular.com\/wp-content\/uploads\/2024\/08\/logo-colmado.svg","contentUrl":"https:\/\/colmadosingular.com\/wp-content\/uploads\/2024\/08\/logo-colmado.svg","width":620,"height":50,"caption":"Colmado Singular"},"image":{"@id":"https:\/\/colmadosingular.com\/ca\/#\/schema\/logo\/image\/"}}]}},"_links":{"self":[{"href":"https:\/\/colmadosingular.com\/ca\/wp-json\/wp\/v2\/product\/986664","targetHints":{"allow":["GET"]}}],"collection":[{"href":"https:\/\/colmadosingular.com\/ca\/wp-json\/wp\/v2\/product"}],"about":[{"href":"https:\/\/colmadosingular.com\/ca\/wp-json\/wp\/v2\/types\/product"}],"wp:featuredmedia":[{"embeddable":true,"href":"https:\/\/colmadosingular.com\/ca\/wp-json\/wp\/v2\/media\/983417"}],"wp:attachment":[{"href":"https:\/\/colmadosingular.com\/ca\/wp-json\/wp\/v2\/media?parent=986664"}],"wp:term":[{"taxonomy":"product_brand","embeddable":true,"href":"https:\/\/colmadosingular.com\/ca\/wp-json\/wp\/v2\/product_brand?post=986664"},{"taxonomy":"product_cat","embeddable":true,"href":"https:\/\/colmadosingular.com\/ca\/wp-json\/wp\/v2\/product_cat?post=986664"},{"taxonomy":"product_tag","embeddable":true,"href":"https:\/\/colmadosingular.com\/ca\/wp-json\/wp\/v2\/product_tag?post=986664"}],"curies":[{"name":"wp","href":"https:\/\/api.w.org\/{rel}","templated":true}]}}