{"id":986679,"date":"2024-08-12T16:21:48","date_gmt":"2024-08-12T14:21:48","guid":{"rendered":"https:\/\/colmadosingular.com\/producto\/setas-confitadas-200-g\/"},"modified":"2026-03-03T14:42:53","modified_gmt":"2026-03-03T13:42:53","slug":"setas-confitadas-200-g","status":"publish","type":"product","link":"https:\/\/colmadosingular.com\/ca\/producto\/setas-confitadas-200-g\/","title":{"rendered":"BOLETS CONFITATS 200g"},"content":{"rendered":"","protected":false},"excerpt":{"rendered":"<p>DE CARLO<\/p>\n<p>Petits bolets de la varietat Cardoncelli. La seva particular textura, lleugerament llisa, amplia les possibilitats a diferents tipus d&#8217;elaboracions i coccions. S\u00f3n molt saboroses i una mica picants; tenen un toc lleuger a all, i com gaireb\u00e9 tots els productes de De Carlo, v\u00e9nen submergides en un oli d&#8217;oliva verge extra que et servir\u00e0 per fer altres receptes. S\u00f3n ideals amb pasta, pizza, risottos, guarnicions de carn o peix.<\/p>\n","protected":false},"featured_media":8507,"template":"","meta":{"_acf_changed":false,"_monsterinsights_skip_tracking":false,"_monsterinsights_sitenote_active":false,"_monsterinsights_sitenote_note":"","_monsterinsights_sitenote_category":0,"_joinchat":[]},"product_brand":[],"product_cat":[232,241],"product_tag":[],"class_list":{"0":"post-986679","1":"product","2":"type-product","3":"status-publish","4":"has-post-thumbnail","6":"product_cat-conserves-vegetals","7":"product_cat-varies","9":"first","10":"instock","11":"taxable","12":"shipping-taxable","13":"purchasable","14":"product-type-simple"},"acf":[],"yoast_head":"<!-- This site is optimized with the Yoast SEO plugin v24.8.1 - https:\/\/yoast.com\/wordpress\/plugins\/seo\/ -->\n<title>BOLETS CONFITATS 200g - Colmado Singular<\/title>\n<meta name=\"robots\" content=\"index, follow, max-snippet:-1, max-image-preview:large, max-video-preview:-1\" \/>\n<link rel=\"canonical\" href=\"https:\/\/colmadosingular.com\/ca\/producto\/setas-confitadas-200-g\/\" \/>\n<meta property=\"og:locale\" content=\"ca_ES\" \/>\n<meta property=\"og:type\" content=\"article\" \/>\n<meta property=\"og:title\" content=\"BOLETS CONFITATS 200g - Colmado Singular\" \/>\n<meta property=\"og:description\" content=\"DE CARLO Petits bolets de la varietat Cardoncelli. La seva particular textura, lleugerament llisa, amplia les possibilitats a diferents tipus d&#039;elaboracions i coccions. S\u00f3n molt saboroses i una mica picants; tenen un toc lleuger a all, i com gaireb\u00e9 tots els productes de De Carlo, v\u00e9nen submergides en un oli d&#039;oliva verge extra que et servir\u00e0 per fer altres receptes. S\u00f3n ideals amb pasta, pizza, risottos, guarnicions de carn o peix.\" \/>\n<meta property=\"og:url\" content=\"https:\/\/colmadosingular.com\/ca\/producto\/setas-confitadas-200-g\/\" \/>\n<meta property=\"og:site_name\" content=\"Colmado Singular\" \/>\n<meta property=\"article:modified_time\" content=\"2026-03-03T13:42:53+00:00\" \/>\n<meta property=\"og:image\" content=\"https:\/\/colmadosingular.com\/wp-content\/uploads\/2024\/08\/DC050_24030149BxGris.jpg\" \/>\n\t<meta property=\"og:image:width\" content=\"1200\" \/>\n\t<meta property=\"og:image:height\" content=\"1200\" \/>\n\t<meta property=\"og:image:type\" content=\"image\/jpeg\" \/>\n<meta name=\"twitter:card\" content=\"summary_large_image\" \/>\n<meta name=\"twitter:label1\" content=\"Temps estimat de lectura\" \/>\n\t<meta name=\"twitter:data1\" content=\"1 minut\" \/>\n<script type=\"application\/ld+json\" class=\"yoast-schema-graph\">{\"@context\":\"https:\/\/schema.org\",\"@graph\":[{\"@type\":\"WebPage\",\"@id\":\"https:\/\/colmadosingular.com\/ca\/producto\/setas-confitadas-200-g\/\",\"url\":\"https:\/\/colmadosingular.com\/ca\/producto\/setas-confitadas-200-g\/\",\"name\":\"BOLETS CONFITATS 200g - Colmado Singular\",\"isPartOf\":{\"@id\":\"https:\/\/colmadosingular.com\/ca\/#website\"},\"primaryImageOfPage\":{\"@id\":\"https:\/\/colmadosingular.com\/ca\/producto\/setas-confitadas-200-g\/#primaryimage\"},\"image\":{\"@id\":\"https:\/\/colmadosingular.com\/ca\/producto\/setas-confitadas-200-g\/#primaryimage\"},\"thumbnailUrl\":\"https:\/\/colmadosingular.com\/wp-content\/uploads\/2024\/08\/DC050_24030149BxGris.jpg\",\"datePublished\":\"2024-08-12T14:21:48+00:00\",\"dateModified\":\"2026-03-03T13:42:53+00:00\",\"breadcrumb\":{\"@id\":\"https:\/\/colmadosingular.com\/ca\/producto\/setas-confitadas-200-g\/#breadcrumb\"},\"inLanguage\":\"ca\",\"potentialAction\":[{\"@type\":\"ReadAction\",\"target\":[\"https:\/\/colmadosingular.com\/ca\/producto\/setas-confitadas-200-g\/\"]}]},{\"@type\":\"ImageObject\",\"inLanguage\":\"ca\",\"@id\":\"https:\/\/colmadosingular.com\/ca\/producto\/setas-confitadas-200-g\/#primaryimage\",\"url\":\"https:\/\/colmadosingular.com\/wp-content\/uploads\/2024\/08\/DC050_24030149BxGris.jpg\",\"contentUrl\":\"https:\/\/colmadosingular.com\/wp-content\/uploads\/2024\/08\/DC050_24030149BxGris.jpg\",\"width\":1200,\"height\":1200},{\"@type\":\"BreadcrumbList\",\"@id\":\"https:\/\/colmadosingular.com\/ca\/producto\/setas-confitadas-200-g\/#breadcrumb\",\"itemListElement\":[{\"@type\":\"ListItem\",\"position\":1,\"name\":\"Portada\",\"item\":\"https:\/\/colmadosingular.com\/ca\/inici\/\"},{\"@type\":\"ListItem\",\"position\":2,\"name\":\"BOTIGA\",\"item\":\"https:\/\/colmadosingular.com\/ca\/shop\/\"},{\"@type\":\"ListItem\",\"position\":3,\"name\":\"BOLETS CONFITATS 200g\"}]},{\"@type\":\"WebSite\",\"@id\":\"https:\/\/colmadosingular.com\/ca\/#website\",\"url\":\"https:\/\/colmadosingular.com\/ca\/\",\"name\":\"Colmado Singular\",\"description\":\"\",\"publisher\":{\"@id\":\"https:\/\/colmadosingular.com\/ca\/#organization\"},\"potentialAction\":[{\"@type\":\"SearchAction\",\"target\":{\"@type\":\"EntryPoint\",\"urlTemplate\":\"https:\/\/colmadosingular.com\/ca\/?s={search_term_string}\"},\"query-input\":{\"@type\":\"PropertyValueSpecification\",\"valueRequired\":true,\"valueName\":\"search_term_string\"}}],\"inLanguage\":\"ca\"},{\"@type\":\"Organization\",\"@id\":\"https:\/\/colmadosingular.com\/ca\/#organization\",\"name\":\"Colmado Singular\",\"url\":\"https:\/\/colmadosingular.com\/ca\/\",\"logo\":{\"@type\":\"ImageObject\",\"inLanguage\":\"ca\",\"@id\":\"https:\/\/colmadosingular.com\/ca\/#\/schema\/logo\/image\/\",\"url\":\"https:\/\/colmadosingular.com\/wp-content\/uploads\/2024\/08\/logo-colmado.svg\",\"contentUrl\":\"https:\/\/colmadosingular.com\/wp-content\/uploads\/2024\/08\/logo-colmado.svg\",\"width\":620,\"height\":50,\"caption\":\"Colmado Singular\"},\"image\":{\"@id\":\"https:\/\/colmadosingular.com\/ca\/#\/schema\/logo\/image\/\"}}]}<\/script>\n<!-- \/ Yoast SEO plugin. -->","yoast_head_json":{"title":"BOLETS CONFITATS 200g - Colmado Singular","robots":{"index":"index","follow":"follow","max-snippet":"max-snippet:-1","max-image-preview":"max-image-preview:large","max-video-preview":"max-video-preview:-1"},"canonical":"https:\/\/colmadosingular.com\/ca\/producto\/setas-confitadas-200-g\/","og_locale":"ca_ES","og_type":"article","og_title":"BOLETS CONFITATS 200g - Colmado Singular","og_description":"DE CARLO Petits bolets de la varietat Cardoncelli. La seva particular textura, lleugerament llisa, amplia les possibilitats a diferents tipus d'elaboracions i coccions. S\u00f3n molt saboroses i una mica picants; tenen un toc lleuger a all, i com gaireb\u00e9 tots els productes de De Carlo, v\u00e9nen submergides en un oli d'oliva verge extra que et servir\u00e0 per fer altres receptes. S\u00f3n ideals amb pasta, pizza, risottos, guarnicions de carn o peix.","og_url":"https:\/\/colmadosingular.com\/ca\/producto\/setas-confitadas-200-g\/","og_site_name":"Colmado Singular","article_modified_time":"2026-03-03T13:42:53+00:00","og_image":[{"width":1200,"height":1200,"url":"https:\/\/colmadosingular.com\/wp-content\/uploads\/2024\/08\/DC050_24030149BxGris.jpg","type":"image\/jpeg"}],"twitter_card":"summary_large_image","twitter_misc":{"Temps estimat de lectura":"1 minut"},"schema":{"@context":"https:\/\/schema.org","@graph":[{"@type":"WebPage","@id":"https:\/\/colmadosingular.com\/ca\/producto\/setas-confitadas-200-g\/","url":"https:\/\/colmadosingular.com\/ca\/producto\/setas-confitadas-200-g\/","name":"BOLETS CONFITATS 200g - Colmado Singular","isPartOf":{"@id":"https:\/\/colmadosingular.com\/ca\/#website"},"primaryImageOfPage":{"@id":"https:\/\/colmadosingular.com\/ca\/producto\/setas-confitadas-200-g\/#primaryimage"},"image":{"@id":"https:\/\/colmadosingular.com\/ca\/producto\/setas-confitadas-200-g\/#primaryimage"},"thumbnailUrl":"https:\/\/colmadosingular.com\/wp-content\/uploads\/2024\/08\/DC050_24030149BxGris.jpg","datePublished":"2024-08-12T14:21:48+00:00","dateModified":"2026-03-03T13:42:53+00:00","breadcrumb":{"@id":"https:\/\/colmadosingular.com\/ca\/producto\/setas-confitadas-200-g\/#breadcrumb"},"inLanguage":"ca","potentialAction":[{"@type":"ReadAction","target":["https:\/\/colmadosingular.com\/ca\/producto\/setas-confitadas-200-g\/"]}]},{"@type":"ImageObject","inLanguage":"ca","@id":"https:\/\/colmadosingular.com\/ca\/producto\/setas-confitadas-200-g\/#primaryimage","url":"https:\/\/colmadosingular.com\/wp-content\/uploads\/2024\/08\/DC050_24030149BxGris.jpg","contentUrl":"https:\/\/colmadosingular.com\/wp-content\/uploads\/2024\/08\/DC050_24030149BxGris.jpg","width":1200,"height":1200},{"@type":"BreadcrumbList","@id":"https:\/\/colmadosingular.com\/ca\/producto\/setas-confitadas-200-g\/#breadcrumb","itemListElement":[{"@type":"ListItem","position":1,"name":"Portada","item":"https:\/\/colmadosingular.com\/ca\/inici\/"},{"@type":"ListItem","position":2,"name":"BOTIGA","item":"https:\/\/colmadosingular.com\/ca\/shop\/"},{"@type":"ListItem","position":3,"name":"BOLETS CONFITATS 200g"}]},{"@type":"WebSite","@id":"https:\/\/colmadosingular.com\/ca\/#website","url":"https:\/\/colmadosingular.com\/ca\/","name":"Colmado Singular","description":"","publisher":{"@id":"https:\/\/colmadosingular.com\/ca\/#organization"},"potentialAction":[{"@type":"SearchAction","target":{"@type":"EntryPoint","urlTemplate":"https:\/\/colmadosingular.com\/ca\/?s={search_term_string}"},"query-input":{"@type":"PropertyValueSpecification","valueRequired":true,"valueName":"search_term_string"}}],"inLanguage":"ca"},{"@type":"Organization","@id":"https:\/\/colmadosingular.com\/ca\/#organization","name":"Colmado Singular","url":"https:\/\/colmadosingular.com\/ca\/","logo":{"@type":"ImageObject","inLanguage":"ca","@id":"https:\/\/colmadosingular.com\/ca\/#\/schema\/logo\/image\/","url":"https:\/\/colmadosingular.com\/wp-content\/uploads\/2024\/08\/logo-colmado.svg","contentUrl":"https:\/\/colmadosingular.com\/wp-content\/uploads\/2024\/08\/logo-colmado.svg","width":620,"height":50,"caption":"Colmado Singular"},"image":{"@id":"https:\/\/colmadosingular.com\/ca\/#\/schema\/logo\/image\/"}}]}},"_links":{"self":[{"href":"https:\/\/colmadosingular.com\/ca\/wp-json\/wp\/v2\/product\/986679","targetHints":{"allow":["GET"]}}],"collection":[{"href":"https:\/\/colmadosingular.com\/ca\/wp-json\/wp\/v2\/product"}],"about":[{"href":"https:\/\/colmadosingular.com\/ca\/wp-json\/wp\/v2\/types\/product"}],"wp:featuredmedia":[{"embeddable":true,"href":"https:\/\/colmadosingular.com\/ca\/wp-json\/wp\/v2\/media\/8507"}],"wp:attachment":[{"href":"https:\/\/colmadosingular.com\/ca\/wp-json\/wp\/v2\/media?parent=986679"}],"wp:term":[{"taxonomy":"product_brand","embeddable":true,"href":"https:\/\/colmadosingular.com\/ca\/wp-json\/wp\/v2\/product_brand?post=986679"},{"taxonomy":"product_cat","embeddable":true,"href":"https:\/\/colmadosingular.com\/ca\/wp-json\/wp\/v2\/product_cat?post=986679"},{"taxonomy":"product_tag","embeddable":true,"href":"https:\/\/colmadosingular.com\/ca\/wp-json\/wp\/v2\/product_tag?post=986679"}],"curies":[{"name":"wp","href":"https:\/\/api.w.org\/{rel}","templated":true}]}}