{"id":986738,"date":"2024-08-12T16:22:34","date_gmt":"2024-08-12T14:22:34","guid":{"rendered":"https:\/\/colmadosingular.com\/producto\/linguine-2kg\/"},"modified":"2025-02-14T23:45:32","modified_gmt":"2025-02-14T22:45:32","slug":"linguine-2kg","status":"publish","type":"product","link":"https:\/\/colmadosingular.com\/ca\/producto\/linguine-2kg\/","title":{"rendered":"LINGUINE 2kg"},"content":{"rendered":"","protected":false},"excerpt":{"rendered":"<p>CAMPOFILONESE, PASTA A L&#8217;OU<\/p>\n<p>La Campofilonese \u00e9s una fabricant de pasta agr\u00edcola que t\u00e9 120 ha a la regi\u00f3 de les Marques, on es produeixen totes les mat\u00e8ries primeres necess\u00e0ries per fer la pasta. La cadena tancada garanteix qualitat, tra\u00e7abilitat i seguretat alimentaria per als seus productes <\/p>\n<p>La seva pasta \u00e9s lleugera, f\u00e0cil de digerir, i una excel\u00b7lent nutrici\u00f3 amb un baix \u00edndex gluc\u00e8mic cient\u00edficament garantit. Pasta de qualitat m\u00e0xima i d\u2019irreprotxable sabor en cadascuna de les varietats que elabora. Bullir 3 minuts i llestos!  <\/p>\n","protected":false},"featured_media":5585,"template":"","meta":{"_acf_changed":false,"_monsterinsights_skip_tracking":false,"_monsterinsights_sitenote_active":false,"_monsterinsights_sitenote_note":"","_monsterinsights_sitenote_category":0,"_joinchat":[]},"product_brand":[],"product_cat":[215,223],"product_tag":[],"class_list":{"0":"post-986738","1":"product","2":"type-product","3":"status-publish","4":"has-post-thumbnail","6":"product_cat-arrossos-i-pastes","7":"product_cat-pasta-dou","9":"first","10":"outofstock","11":"taxable","12":"shipping-taxable","13":"purchasable","14":"product-type-simple"},"acf":[],"yoast_head":"<!-- This site is optimized with the Yoast SEO plugin v24.8.1 - https:\/\/yoast.com\/wordpress\/plugins\/seo\/ -->\n<title>LINGUINE 2kg - Colmado Singular<\/title>\n<meta name=\"robots\" content=\"index, follow, max-snippet:-1, max-image-preview:large, max-video-preview:-1\" \/>\n<link rel=\"canonical\" href=\"https:\/\/colmadosingular.com\/ca\/producto\/linguine-2kg\/\" \/>\n<meta property=\"og:locale\" content=\"ca_ES\" \/>\n<meta property=\"og:type\" content=\"article\" \/>\n<meta property=\"og:title\" content=\"LINGUINE 2kg - Colmado Singular\" \/>\n<meta property=\"og:description\" content=\"CAMPOFILONESE, PASTA A L&#039;OU La Campofilonese \u00e9s una fabricant de pasta agr\u00edcola que t\u00e9 120 ha a la regi\u00f3 de les Marques, on es produeixen totes les mat\u00e8ries primeres necess\u00e0ries per fer la pasta. La cadena tancada garanteix qualitat, tra\u00e7abilitat i seguretat alimentaria per als seus productes  La seva pasta \u00e9s lleugera, f\u00e0cil de digerir, i una excel\u00b7lent nutrici\u00f3 amb un baix \u00edndex gluc\u00e8mic cient\u00edficament garantit. Pasta de qualitat m\u00e0xima i d\u2019irreprotxable sabor en cadascuna de les varietats que elabora. Bullir 3 minuts i llestos!\" \/>\n<meta property=\"og:url\" content=\"https:\/\/colmadosingular.com\/ca\/producto\/linguine-2kg\/\" \/>\n<meta property=\"og:site_name\" content=\"Colmado Singular\" \/>\n<meta property=\"article:modified_time\" content=\"2025-02-14T22:45:32+00:00\" \/>\n<meta property=\"og:image\" content=\"https:\/\/colmadosingular.com\/wp-content\/uploads\/2024\/08\/CATERING-19220097_Ok.jpg\" \/>\n\t<meta property=\"og:image:width\" content=\"800\" \/>\n\t<meta property=\"og:image:height\" content=\"800\" \/>\n\t<meta property=\"og:image:type\" content=\"image\/jpeg\" \/>\n<meta name=\"twitter:card\" content=\"summary_large_image\" \/>\n<meta name=\"twitter:label1\" content=\"Temps estimat de lectura\" \/>\n\t<meta name=\"twitter:data1\" content=\"1 minut\" \/>\n<script type=\"application\/ld+json\" class=\"yoast-schema-graph\">{\"@context\":\"https:\/\/schema.org\",\"@graph\":[{\"@type\":\"WebPage\",\"@id\":\"https:\/\/colmadosingular.com\/ca\/producto\/linguine-2kg\/\",\"url\":\"https:\/\/colmadosingular.com\/ca\/producto\/linguine-2kg\/\",\"name\":\"LINGUINE 2kg - Colmado Singular\",\"isPartOf\":{\"@id\":\"https:\/\/colmadosingular.com\/ca\/#website\"},\"primaryImageOfPage\":{\"@id\":\"https:\/\/colmadosingular.com\/ca\/producto\/linguine-2kg\/#primaryimage\"},\"image\":{\"@id\":\"https:\/\/colmadosingular.com\/ca\/producto\/linguine-2kg\/#primaryimage\"},\"thumbnailUrl\":\"https:\/\/colmadosingular.com\/wp-content\/uploads\/2024\/08\/CATERING-19220097_Ok.jpg\",\"datePublished\":\"2024-08-12T14:22:34+00:00\",\"dateModified\":\"2025-02-14T22:45:32+00:00\",\"breadcrumb\":{\"@id\":\"https:\/\/colmadosingular.com\/ca\/producto\/linguine-2kg\/#breadcrumb\"},\"inLanguage\":\"ca\",\"potentialAction\":[{\"@type\":\"ReadAction\",\"target\":[\"https:\/\/colmadosingular.com\/ca\/producto\/linguine-2kg\/\"]}]},{\"@type\":\"ImageObject\",\"inLanguage\":\"ca\",\"@id\":\"https:\/\/colmadosingular.com\/ca\/producto\/linguine-2kg\/#primaryimage\",\"url\":\"https:\/\/colmadosingular.com\/wp-content\/uploads\/2024\/08\/CATERING-19220097_Ok.jpg\",\"contentUrl\":\"https:\/\/colmadosingular.com\/wp-content\/uploads\/2024\/08\/CATERING-19220097_Ok.jpg\",\"width\":800,\"height\":800},{\"@type\":\"BreadcrumbList\",\"@id\":\"https:\/\/colmadosingular.com\/ca\/producto\/linguine-2kg\/#breadcrumb\",\"itemListElement\":[{\"@type\":\"ListItem\",\"position\":1,\"name\":\"Portada\",\"item\":\"https:\/\/colmadosingular.com\/ca\/inici\/\"},{\"@type\":\"ListItem\",\"position\":2,\"name\":\"BOTIGA\",\"item\":\"https:\/\/colmadosingular.com\/ca\/shop\/\"},{\"@type\":\"ListItem\",\"position\":3,\"name\":\"LINGUINE 2kg\"}]},{\"@type\":\"WebSite\",\"@id\":\"https:\/\/colmadosingular.com\/ca\/#website\",\"url\":\"https:\/\/colmadosingular.com\/ca\/\",\"name\":\"Colmado Singular\",\"description\":\"\",\"publisher\":{\"@id\":\"https:\/\/colmadosingular.com\/ca\/#organization\"},\"potentialAction\":[{\"@type\":\"SearchAction\",\"target\":{\"@type\":\"EntryPoint\",\"urlTemplate\":\"https:\/\/colmadosingular.com\/ca\/?s={search_term_string}\"},\"query-input\":{\"@type\":\"PropertyValueSpecification\",\"valueRequired\":true,\"valueName\":\"search_term_string\"}}],\"inLanguage\":\"ca\"},{\"@type\":\"Organization\",\"@id\":\"https:\/\/colmadosingular.com\/ca\/#organization\",\"name\":\"Colmado Singular\",\"url\":\"https:\/\/colmadosingular.com\/ca\/\",\"logo\":{\"@type\":\"ImageObject\",\"inLanguage\":\"ca\",\"@id\":\"https:\/\/colmadosingular.com\/ca\/#\/schema\/logo\/image\/\",\"url\":\"https:\/\/colmadosingular.com\/wp-content\/uploads\/2024\/08\/logo-colmado.svg\",\"contentUrl\":\"https:\/\/colmadosingular.com\/wp-content\/uploads\/2024\/08\/logo-colmado.svg\",\"width\":620,\"height\":50,\"caption\":\"Colmado Singular\"},\"image\":{\"@id\":\"https:\/\/colmadosingular.com\/ca\/#\/schema\/logo\/image\/\"}}]}<\/script>\n<!-- \/ Yoast SEO plugin. -->","yoast_head_json":{"title":"LINGUINE 2kg - Colmado Singular","robots":{"index":"index","follow":"follow","max-snippet":"max-snippet:-1","max-image-preview":"max-image-preview:large","max-video-preview":"max-video-preview:-1"},"canonical":"https:\/\/colmadosingular.com\/ca\/producto\/linguine-2kg\/","og_locale":"ca_ES","og_type":"article","og_title":"LINGUINE 2kg - Colmado Singular","og_description":"CAMPOFILONESE, PASTA A L'OU La Campofilonese \u00e9s una fabricant de pasta agr\u00edcola que t\u00e9 120 ha a la regi\u00f3 de les Marques, on es produeixen totes les mat\u00e8ries primeres necess\u00e0ries per fer la pasta. La cadena tancada garanteix qualitat, tra\u00e7abilitat i seguretat alimentaria per als seus productes  La seva pasta \u00e9s lleugera, f\u00e0cil de digerir, i una excel\u00b7lent nutrici\u00f3 amb un baix \u00edndex gluc\u00e8mic cient\u00edficament garantit. Pasta de qualitat m\u00e0xima i d\u2019irreprotxable sabor en cadascuna de les varietats que elabora. Bullir 3 minuts i llestos!","og_url":"https:\/\/colmadosingular.com\/ca\/producto\/linguine-2kg\/","og_site_name":"Colmado Singular","article_modified_time":"2025-02-14T22:45:32+00:00","og_image":[{"width":800,"height":800,"url":"https:\/\/colmadosingular.com\/wp-content\/uploads\/2024\/08\/CATERING-19220097_Ok.jpg","type":"image\/jpeg"}],"twitter_card":"summary_large_image","twitter_misc":{"Temps estimat de lectura":"1 minut"},"schema":{"@context":"https:\/\/schema.org","@graph":[{"@type":"WebPage","@id":"https:\/\/colmadosingular.com\/ca\/producto\/linguine-2kg\/","url":"https:\/\/colmadosingular.com\/ca\/producto\/linguine-2kg\/","name":"LINGUINE 2kg - Colmado Singular","isPartOf":{"@id":"https:\/\/colmadosingular.com\/ca\/#website"},"primaryImageOfPage":{"@id":"https:\/\/colmadosingular.com\/ca\/producto\/linguine-2kg\/#primaryimage"},"image":{"@id":"https:\/\/colmadosingular.com\/ca\/producto\/linguine-2kg\/#primaryimage"},"thumbnailUrl":"https:\/\/colmadosingular.com\/wp-content\/uploads\/2024\/08\/CATERING-19220097_Ok.jpg","datePublished":"2024-08-12T14:22:34+00:00","dateModified":"2025-02-14T22:45:32+00:00","breadcrumb":{"@id":"https:\/\/colmadosingular.com\/ca\/producto\/linguine-2kg\/#breadcrumb"},"inLanguage":"ca","potentialAction":[{"@type":"ReadAction","target":["https:\/\/colmadosingular.com\/ca\/producto\/linguine-2kg\/"]}]},{"@type":"ImageObject","inLanguage":"ca","@id":"https:\/\/colmadosingular.com\/ca\/producto\/linguine-2kg\/#primaryimage","url":"https:\/\/colmadosingular.com\/wp-content\/uploads\/2024\/08\/CATERING-19220097_Ok.jpg","contentUrl":"https:\/\/colmadosingular.com\/wp-content\/uploads\/2024\/08\/CATERING-19220097_Ok.jpg","width":800,"height":800},{"@type":"BreadcrumbList","@id":"https:\/\/colmadosingular.com\/ca\/producto\/linguine-2kg\/#breadcrumb","itemListElement":[{"@type":"ListItem","position":1,"name":"Portada","item":"https:\/\/colmadosingular.com\/ca\/inici\/"},{"@type":"ListItem","position":2,"name":"BOTIGA","item":"https:\/\/colmadosingular.com\/ca\/shop\/"},{"@type":"ListItem","position":3,"name":"LINGUINE 2kg"}]},{"@type":"WebSite","@id":"https:\/\/colmadosingular.com\/ca\/#website","url":"https:\/\/colmadosingular.com\/ca\/","name":"Colmado Singular","description":"","publisher":{"@id":"https:\/\/colmadosingular.com\/ca\/#organization"},"potentialAction":[{"@type":"SearchAction","target":{"@type":"EntryPoint","urlTemplate":"https:\/\/colmadosingular.com\/ca\/?s={search_term_string}"},"query-input":{"@type":"PropertyValueSpecification","valueRequired":true,"valueName":"search_term_string"}}],"inLanguage":"ca"},{"@type":"Organization","@id":"https:\/\/colmadosingular.com\/ca\/#organization","name":"Colmado Singular","url":"https:\/\/colmadosingular.com\/ca\/","logo":{"@type":"ImageObject","inLanguage":"ca","@id":"https:\/\/colmadosingular.com\/ca\/#\/schema\/logo\/image\/","url":"https:\/\/colmadosingular.com\/wp-content\/uploads\/2024\/08\/logo-colmado.svg","contentUrl":"https:\/\/colmadosingular.com\/wp-content\/uploads\/2024\/08\/logo-colmado.svg","width":620,"height":50,"caption":"Colmado Singular"},"image":{"@id":"https:\/\/colmadosingular.com\/ca\/#\/schema\/logo\/image\/"}}]}},"_links":{"self":[{"href":"https:\/\/colmadosingular.com\/ca\/wp-json\/wp\/v2\/product\/986738","targetHints":{"allow":["GET"]}}],"collection":[{"href":"https:\/\/colmadosingular.com\/ca\/wp-json\/wp\/v2\/product"}],"about":[{"href":"https:\/\/colmadosingular.com\/ca\/wp-json\/wp\/v2\/types\/product"}],"wp:featuredmedia":[{"embeddable":true,"href":"https:\/\/colmadosingular.com\/ca\/wp-json\/wp\/v2\/media\/5585"}],"wp:attachment":[{"href":"https:\/\/colmadosingular.com\/ca\/wp-json\/wp\/v2\/media?parent=986738"}],"wp:term":[{"taxonomy":"product_brand","embeddable":true,"href":"https:\/\/colmadosingular.com\/ca\/wp-json\/wp\/v2\/product_brand?post=986738"},{"taxonomy":"product_cat","embeddable":true,"href":"https:\/\/colmadosingular.com\/ca\/wp-json\/wp\/v2\/product_cat?post=986738"},{"taxonomy":"product_tag","embeddable":true,"href":"https:\/\/colmadosingular.com\/ca\/wp-json\/wp\/v2\/product_tag?post=986738"}],"curies":[{"name":"wp","href":"https:\/\/api.w.org\/{rel}","templated":true}]}}