{"id":986745,"date":"2024-08-12T16:23:44","date_gmt":"2024-08-12T14:23:44","guid":{"rendered":"https:\/\/colmadosingular.com\/producto\/mix-de-frutos-secos-ahumados-300g\/"},"modified":"2026-03-02T16:43:59","modified_gmt":"2026-03-02T15:43:59","slug":"mix-de-frutos-secos-ahumados-300g","status":"publish","type":"product","link":"https:\/\/colmadosingular.com\/ca\/producto\/mix-de-frutos-secos-ahumados-300g\/","title":{"rendered":"MIX DE FRUITS SECS FUMATS 300g"},"content":{"rendered":"","protected":false},"excerpt":{"rendered":"<p>SINGULAR SNACKS<\/p>\n<p>Una barreja de fruits secs que van des de l&#8217;ametlla, el pistatxo i els anacards fins al cacauet. S\u00f3n tersos, saborosos i cruixents. El seu sabor \u00e9s salat, i molt fumat, igual que la seva aroma. Funcionen molt b\u00e9 com a snacks, en amanides, cremes de verdures a manera de <em>topping<\/em> i amb carns.   <\/p>\n","protected":false},"featured_media":5709,"template":"","meta":{"_acf_changed":false,"_monsterinsights_skip_tracking":false,"_monsterinsights_sitenote_active":false,"_monsterinsights_sitenote_note":"","_monsterinsights_sitenote_category":0,"_joinchat":[]},"product_brand":[],"product_cat":[178,277],"product_tag":[],"class_list":{"0":"post-986745","1":"product","2":"type-product","3":"status-publish","4":"has-post-thumbnail","6":"product_cat-snacks-ca","7":"product_cat-fruits-secs","9":"first","10":"instock","11":"taxable","12":"shipping-taxable","13":"purchasable","14":"product-type-simple"},"acf":[],"yoast_head":"<!-- This site is optimized with the Yoast SEO plugin v24.8.1 - https:\/\/yoast.com\/wordpress\/plugins\/seo\/ -->\n<title>MIX DE FRUITS SECS FUMATS 300g - Colmado Singular<\/title>\n<meta name=\"robots\" content=\"index, follow, max-snippet:-1, max-image-preview:large, max-video-preview:-1\" \/>\n<link rel=\"canonical\" href=\"https:\/\/colmadosingular.com\/ca\/producto\/mix-de-frutos-secos-ahumados-300g\/\" \/>\n<meta property=\"og:locale\" content=\"ca_ES\" \/>\n<meta property=\"og:type\" content=\"article\" \/>\n<meta property=\"og:title\" content=\"MIX DE FRUITS SECS FUMATS 300g - Colmado Singular\" \/>\n<meta property=\"og:description\" content=\"SINGULAR SNACKS Una barreja de fruits secs que van des de l&#039;ametlla, el pistatxo i els anacards fins al cacauet. S\u00f3n tersos, saborosos i cruixents. El seu sabor \u00e9s salat, i molt fumat, igual que la seva aroma. Funcionen molt b\u00e9 com a snacks, en amanides, cremes de verdures a manera de topping i amb carns.\" \/>\n<meta property=\"og:url\" content=\"https:\/\/colmadosingular.com\/ca\/producto\/mix-de-frutos-secos-ahumados-300g\/\" \/>\n<meta property=\"og:site_name\" content=\"Colmado Singular\" \/>\n<meta property=\"article:modified_time\" content=\"2026-03-02T15:43:59+00:00\" \/>\n<meta property=\"og:image\" content=\"https:\/\/colmadosingular.com\/wp-content\/uploads\/2024\/08\/SS805.jpg\" \/>\n\t<meta property=\"og:image:width\" content=\"1597\" \/>\n\t<meta property=\"og:image:height\" content=\"1598\" \/>\n\t<meta property=\"og:image:type\" content=\"image\/jpeg\" \/>\n<meta name=\"twitter:card\" content=\"summary_large_image\" \/>\n<meta name=\"twitter:label1\" content=\"Temps estimat de lectura\" \/>\n\t<meta name=\"twitter:data1\" content=\"1 minut\" \/>\n<script type=\"application\/ld+json\" class=\"yoast-schema-graph\">{\"@context\":\"https:\/\/schema.org\",\"@graph\":[{\"@type\":\"WebPage\",\"@id\":\"https:\/\/colmadosingular.com\/ca\/producto\/mix-de-frutos-secos-ahumados-300g\/\",\"url\":\"https:\/\/colmadosingular.com\/ca\/producto\/mix-de-frutos-secos-ahumados-300g\/\",\"name\":\"MIX DE FRUITS SECS FUMATS 300g - Colmado Singular\",\"isPartOf\":{\"@id\":\"https:\/\/colmadosingular.com\/ca\/#website\"},\"primaryImageOfPage\":{\"@id\":\"https:\/\/colmadosingular.com\/ca\/producto\/mix-de-frutos-secos-ahumados-300g\/#primaryimage\"},\"image\":{\"@id\":\"https:\/\/colmadosingular.com\/ca\/producto\/mix-de-frutos-secos-ahumados-300g\/#primaryimage\"},\"thumbnailUrl\":\"https:\/\/colmadosingular.com\/wp-content\/uploads\/2024\/08\/SS805.jpg\",\"datePublished\":\"2024-08-12T14:23:44+00:00\",\"dateModified\":\"2026-03-02T15:43:59+00:00\",\"breadcrumb\":{\"@id\":\"https:\/\/colmadosingular.com\/ca\/producto\/mix-de-frutos-secos-ahumados-300g\/#breadcrumb\"},\"inLanguage\":\"ca\",\"potentialAction\":[{\"@type\":\"ReadAction\",\"target\":[\"https:\/\/colmadosingular.com\/ca\/producto\/mix-de-frutos-secos-ahumados-300g\/\"]}]},{\"@type\":\"ImageObject\",\"inLanguage\":\"ca\",\"@id\":\"https:\/\/colmadosingular.com\/ca\/producto\/mix-de-frutos-secos-ahumados-300g\/#primaryimage\",\"url\":\"https:\/\/colmadosingular.com\/wp-content\/uploads\/2024\/08\/SS805.jpg\",\"contentUrl\":\"https:\/\/colmadosingular.com\/wp-content\/uploads\/2024\/08\/SS805.jpg\",\"width\":1597,\"height\":1598},{\"@type\":\"BreadcrumbList\",\"@id\":\"https:\/\/colmadosingular.com\/ca\/producto\/mix-de-frutos-secos-ahumados-300g\/#breadcrumb\",\"itemListElement\":[{\"@type\":\"ListItem\",\"position\":1,\"name\":\"Portada\",\"item\":\"https:\/\/colmadosingular.com\/ca\/inici\/\"},{\"@type\":\"ListItem\",\"position\":2,\"name\":\"BOTIGA\",\"item\":\"https:\/\/colmadosingular.com\/ca\/shop\/\"},{\"@type\":\"ListItem\",\"position\":3,\"name\":\"MIX DE FRUITS SECS FUMATS 300g\"}]},{\"@type\":\"WebSite\",\"@id\":\"https:\/\/colmadosingular.com\/ca\/#website\",\"url\":\"https:\/\/colmadosingular.com\/ca\/\",\"name\":\"Colmado Singular\",\"description\":\"\",\"publisher\":{\"@id\":\"https:\/\/colmadosingular.com\/ca\/#organization\"},\"potentialAction\":[{\"@type\":\"SearchAction\",\"target\":{\"@type\":\"EntryPoint\",\"urlTemplate\":\"https:\/\/colmadosingular.com\/ca\/?s={search_term_string}\"},\"query-input\":{\"@type\":\"PropertyValueSpecification\",\"valueRequired\":true,\"valueName\":\"search_term_string\"}}],\"inLanguage\":\"ca\"},{\"@type\":\"Organization\",\"@id\":\"https:\/\/colmadosingular.com\/ca\/#organization\",\"name\":\"Colmado Singular\",\"url\":\"https:\/\/colmadosingular.com\/ca\/\",\"logo\":{\"@type\":\"ImageObject\",\"inLanguage\":\"ca\",\"@id\":\"https:\/\/colmadosingular.com\/ca\/#\/schema\/logo\/image\/\",\"url\":\"https:\/\/colmadosingular.com\/wp-content\/uploads\/2024\/08\/logo-colmado.svg\",\"contentUrl\":\"https:\/\/colmadosingular.com\/wp-content\/uploads\/2024\/08\/logo-colmado.svg\",\"width\":620,\"height\":50,\"caption\":\"Colmado Singular\"},\"image\":{\"@id\":\"https:\/\/colmadosingular.com\/ca\/#\/schema\/logo\/image\/\"}}]}<\/script>\n<!-- \/ Yoast SEO plugin. -->","yoast_head_json":{"title":"MIX DE FRUITS SECS FUMATS 300g - Colmado Singular","robots":{"index":"index","follow":"follow","max-snippet":"max-snippet:-1","max-image-preview":"max-image-preview:large","max-video-preview":"max-video-preview:-1"},"canonical":"https:\/\/colmadosingular.com\/ca\/producto\/mix-de-frutos-secos-ahumados-300g\/","og_locale":"ca_ES","og_type":"article","og_title":"MIX DE FRUITS SECS FUMATS 300g - Colmado Singular","og_description":"SINGULAR SNACKS Una barreja de fruits secs que van des de l'ametlla, el pistatxo i els anacards fins al cacauet. S\u00f3n tersos, saborosos i cruixents. El seu sabor \u00e9s salat, i molt fumat, igual que la seva aroma. Funcionen molt b\u00e9 com a snacks, en amanides, cremes de verdures a manera de topping i amb carns.","og_url":"https:\/\/colmadosingular.com\/ca\/producto\/mix-de-frutos-secos-ahumados-300g\/","og_site_name":"Colmado Singular","article_modified_time":"2026-03-02T15:43:59+00:00","og_image":[{"width":1597,"height":1598,"url":"https:\/\/colmadosingular.com\/wp-content\/uploads\/2024\/08\/SS805.jpg","type":"image\/jpeg"}],"twitter_card":"summary_large_image","twitter_misc":{"Temps estimat de lectura":"1 minut"},"schema":{"@context":"https:\/\/schema.org","@graph":[{"@type":"WebPage","@id":"https:\/\/colmadosingular.com\/ca\/producto\/mix-de-frutos-secos-ahumados-300g\/","url":"https:\/\/colmadosingular.com\/ca\/producto\/mix-de-frutos-secos-ahumados-300g\/","name":"MIX DE FRUITS SECS FUMATS 300g - Colmado Singular","isPartOf":{"@id":"https:\/\/colmadosingular.com\/ca\/#website"},"primaryImageOfPage":{"@id":"https:\/\/colmadosingular.com\/ca\/producto\/mix-de-frutos-secos-ahumados-300g\/#primaryimage"},"image":{"@id":"https:\/\/colmadosingular.com\/ca\/producto\/mix-de-frutos-secos-ahumados-300g\/#primaryimage"},"thumbnailUrl":"https:\/\/colmadosingular.com\/wp-content\/uploads\/2024\/08\/SS805.jpg","datePublished":"2024-08-12T14:23:44+00:00","dateModified":"2026-03-02T15:43:59+00:00","breadcrumb":{"@id":"https:\/\/colmadosingular.com\/ca\/producto\/mix-de-frutos-secos-ahumados-300g\/#breadcrumb"},"inLanguage":"ca","potentialAction":[{"@type":"ReadAction","target":["https:\/\/colmadosingular.com\/ca\/producto\/mix-de-frutos-secos-ahumados-300g\/"]}]},{"@type":"ImageObject","inLanguage":"ca","@id":"https:\/\/colmadosingular.com\/ca\/producto\/mix-de-frutos-secos-ahumados-300g\/#primaryimage","url":"https:\/\/colmadosingular.com\/wp-content\/uploads\/2024\/08\/SS805.jpg","contentUrl":"https:\/\/colmadosingular.com\/wp-content\/uploads\/2024\/08\/SS805.jpg","width":1597,"height":1598},{"@type":"BreadcrumbList","@id":"https:\/\/colmadosingular.com\/ca\/producto\/mix-de-frutos-secos-ahumados-300g\/#breadcrumb","itemListElement":[{"@type":"ListItem","position":1,"name":"Portada","item":"https:\/\/colmadosingular.com\/ca\/inici\/"},{"@type":"ListItem","position":2,"name":"BOTIGA","item":"https:\/\/colmadosingular.com\/ca\/shop\/"},{"@type":"ListItem","position":3,"name":"MIX DE FRUITS SECS FUMATS 300g"}]},{"@type":"WebSite","@id":"https:\/\/colmadosingular.com\/ca\/#website","url":"https:\/\/colmadosingular.com\/ca\/","name":"Colmado Singular","description":"","publisher":{"@id":"https:\/\/colmadosingular.com\/ca\/#organization"},"potentialAction":[{"@type":"SearchAction","target":{"@type":"EntryPoint","urlTemplate":"https:\/\/colmadosingular.com\/ca\/?s={search_term_string}"},"query-input":{"@type":"PropertyValueSpecification","valueRequired":true,"valueName":"search_term_string"}}],"inLanguage":"ca"},{"@type":"Organization","@id":"https:\/\/colmadosingular.com\/ca\/#organization","name":"Colmado Singular","url":"https:\/\/colmadosingular.com\/ca\/","logo":{"@type":"ImageObject","inLanguage":"ca","@id":"https:\/\/colmadosingular.com\/ca\/#\/schema\/logo\/image\/","url":"https:\/\/colmadosingular.com\/wp-content\/uploads\/2024\/08\/logo-colmado.svg","contentUrl":"https:\/\/colmadosingular.com\/wp-content\/uploads\/2024\/08\/logo-colmado.svg","width":620,"height":50,"caption":"Colmado Singular"},"image":{"@id":"https:\/\/colmadosingular.com\/ca\/#\/schema\/logo\/image\/"}}]}},"_links":{"self":[{"href":"https:\/\/colmadosingular.com\/ca\/wp-json\/wp\/v2\/product\/986745","targetHints":{"allow":["GET"]}}],"collection":[{"href":"https:\/\/colmadosingular.com\/ca\/wp-json\/wp\/v2\/product"}],"about":[{"href":"https:\/\/colmadosingular.com\/ca\/wp-json\/wp\/v2\/types\/product"}],"wp:featuredmedia":[{"embeddable":true,"href":"https:\/\/colmadosingular.com\/ca\/wp-json\/wp\/v2\/media\/5709"}],"wp:attachment":[{"href":"https:\/\/colmadosingular.com\/ca\/wp-json\/wp\/v2\/media?parent=986745"}],"wp:term":[{"taxonomy":"product_brand","embeddable":true,"href":"https:\/\/colmadosingular.com\/ca\/wp-json\/wp\/v2\/product_brand?post=986745"},{"taxonomy":"product_cat","embeddable":true,"href":"https:\/\/colmadosingular.com\/ca\/wp-json\/wp\/v2\/product_cat?post=986745"},{"taxonomy":"product_tag","embeddable":true,"href":"https:\/\/colmadosingular.com\/ca\/wp-json\/wp\/v2\/product_tag?post=986745"}],"curies":[{"name":"wp","href":"https:\/\/api.w.org\/{rel}","templated":true}]}}