{"id":986761,"date":"2024-08-12T16:19:51","date_gmt":"2024-08-12T14:19:51","guid":{"rendered":"https:\/\/colmadosingular.com\/producto\/filetes-de-tomate-pelado-paolo-petrilli-720ml\/"},"modified":"2026-03-03T15:43:40","modified_gmt":"2026-03-03T14:43:40","slug":"filetes-de-tomate-pelado-paolo-petrilli-720ml","status":"publish","type":"product","link":"https:\/\/colmadosingular.com\/ca\/producto\/filetes-de-tomate-pelado-paolo-petrilli-720ml\/","title":{"rendered":"FILETS DE TOM\u00c0QUET PELAT PAOLO PETRILLI 720ml"},"content":{"rendered":"","protected":false},"excerpt":{"rendered":"<p>PAOLO PETRILLI, LA MILLOR FRUITA VERMELLA<\/p>\n<p>Quin tom\u00e0quet, el de Paolo Petrilli! Ha sabut trobar la f\u00f3rmula per treure un tom\u00e0quet amb gust de tom\u00e0quet, un producte sabor\u00f3s, de textura suau i fibrosa.<br \/>\nLa seva t\u00e8cnica de renovaci\u00f3 de les mates marca difer\u00e8ncies. Els tom\u00e0quets reposen al sol fins que adquireixen el nivell de maduraci\u00f3 idoni: lluent i brillant per fora, tendre i apetible per dins. Pelar-los \u00e9s la clau. Els tom\u00e0quets es recullen a m\u00e0 i se sotmeten a una delicada extracci\u00f3 de la pell. Una vegada escaldats en aigua bullent i lliures d\u2019impureses, s\u2019envasen a m\u00e0 en pots de vidre perqu\u00e8 hi encaixin a la perfecci\u00f3. Sense additius, sense olis, sense sal i sense vinagre. Nom\u00e9s una fulla d\u2019alf\u00e0brega.       <\/p>\n<p>Producte amb certificaci\u00f3 ecol\u00f2gica.<\/p>\n<p>&nbsp;<\/p>\n","protected":false},"featured_media":5357,"template":"","meta":{"_acf_changed":false,"_monsterinsights_skip_tracking":false,"_monsterinsights_sitenote_active":false,"_monsterinsights_sitenote_note":"","_monsterinsights_sitenote_category":0,"_joinchat":[]},"product_brand":[],"product_cat":[232,240],"product_tag":[],"class_list":{"0":"post-986761","1":"product","2":"type-product","3":"status-publish","4":"has-post-thumbnail","6":"product_cat-conserves-vegetals","7":"product_cat-tomaquets","9":"first","10":"instock","11":"taxable","12":"shipping-taxable","13":"purchasable","14":"product-type-simple"},"acf":[],"yoast_head":"<!-- This site is optimized with the Yoast SEO plugin v24.8.1 - https:\/\/yoast.com\/wordpress\/plugins\/seo\/ -->\n<title>FILETS DE TOM\u00c0QUET PELAT PAOLO PETRILLI 720ml - Colmado Singular<\/title>\n<meta name=\"robots\" content=\"index, follow, max-snippet:-1, max-image-preview:large, max-video-preview:-1\" \/>\n<link rel=\"canonical\" href=\"https:\/\/colmadosingular.com\/ca\/producto\/filetes-de-tomate-pelado-paolo-petrilli-720ml\/\" \/>\n<meta property=\"og:locale\" content=\"ca_ES\" \/>\n<meta property=\"og:type\" content=\"article\" \/>\n<meta property=\"og:title\" content=\"FILETS DE TOM\u00c0QUET PELAT PAOLO PETRILLI 720ml - Colmado Singular\" \/>\n<meta property=\"og:description\" content=\"PAOLO PETRILLI, LA MILLOR FRUITA VERMELLA Quin tom\u00e0quet, el de Paolo Petrilli! Ha sabut trobar la f\u00f3rmula per treure un tom\u00e0quet amb gust de tom\u00e0quet, un producte sabor\u00f3s, de textura suau i fibrosa. La seva t\u00e8cnica de renovaci\u00f3 de les mates marca difer\u00e8ncies. Els tom\u00e0quets reposen al sol fins que adquireixen el nivell de maduraci\u00f3 idoni: lluent i brillant per fora, tendre i apetible per dins. Pelar-los \u00e9s la clau. Els tom\u00e0quets es recullen a m\u00e0 i se sotmeten a una delicada extracci\u00f3 de la pell. Una vegada escaldats en aigua bullent i lliures d\u2019impureses, s\u2019envasen a m\u00e0 en pots de vidre perqu\u00e8 hi encaixin a la perfecci\u00f3. Sense additius, sense olis, sense sal i sense vinagre. Nom\u00e9s una fulla d\u2019alf\u00e0brega.     Producte amb certificaci\u00f3 ecol\u00f2gica. &nbsp;\" \/>\n<meta property=\"og:url\" content=\"https:\/\/colmadosingular.com\/ca\/producto\/filetes-de-tomate-pelado-paolo-petrilli-720ml\/\" \/>\n<meta property=\"og:site_name\" content=\"Colmado Singular\" \/>\n<meta property=\"article:modified_time\" content=\"2026-03-03T14:43:40+00:00\" \/>\n<meta property=\"og:image\" content=\"https:\/\/colmadosingular.com\/wp-content\/uploads\/2024\/08\/PP005-18530038_OK.jpg\" \/>\n\t<meta property=\"og:image:width\" content=\"800\" \/>\n\t<meta property=\"og:image:height\" content=\"800\" \/>\n\t<meta property=\"og:image:type\" content=\"image\/jpeg\" \/>\n<meta name=\"twitter:card\" content=\"summary_large_image\" \/>\n<meta name=\"twitter:label1\" content=\"Temps estimat de lectura\" \/>\n\t<meta name=\"twitter:data1\" content=\"1 minut\" \/>\n<script type=\"application\/ld+json\" class=\"yoast-schema-graph\">{\"@context\":\"https:\/\/schema.org\",\"@graph\":[{\"@type\":\"WebPage\",\"@id\":\"https:\/\/colmadosingular.com\/ca\/producto\/filetes-de-tomate-pelado-paolo-petrilli-720ml\/\",\"url\":\"https:\/\/colmadosingular.com\/ca\/producto\/filetes-de-tomate-pelado-paolo-petrilli-720ml\/\",\"name\":\"FILETS DE TOM\u00c0QUET PELAT PAOLO PETRILLI 720ml - Colmado Singular\",\"isPartOf\":{\"@id\":\"https:\/\/colmadosingular.com\/ca\/#website\"},\"primaryImageOfPage\":{\"@id\":\"https:\/\/colmadosingular.com\/ca\/producto\/filetes-de-tomate-pelado-paolo-petrilli-720ml\/#primaryimage\"},\"image\":{\"@id\":\"https:\/\/colmadosingular.com\/ca\/producto\/filetes-de-tomate-pelado-paolo-petrilli-720ml\/#primaryimage\"},\"thumbnailUrl\":\"https:\/\/colmadosingular.com\/wp-content\/uploads\/2024\/08\/PP005-18530038_OK.jpg\",\"datePublished\":\"2024-08-12T14:19:51+00:00\",\"dateModified\":\"2026-03-03T14:43:40+00:00\",\"breadcrumb\":{\"@id\":\"https:\/\/colmadosingular.com\/ca\/producto\/filetes-de-tomate-pelado-paolo-petrilli-720ml\/#breadcrumb\"},\"inLanguage\":\"ca\",\"potentialAction\":[{\"@type\":\"ReadAction\",\"target\":[\"https:\/\/colmadosingular.com\/ca\/producto\/filetes-de-tomate-pelado-paolo-petrilli-720ml\/\"]}]},{\"@type\":\"ImageObject\",\"inLanguage\":\"ca\",\"@id\":\"https:\/\/colmadosingular.com\/ca\/producto\/filetes-de-tomate-pelado-paolo-petrilli-720ml\/#primaryimage\",\"url\":\"https:\/\/colmadosingular.com\/wp-content\/uploads\/2024\/08\/PP005-18530038_OK.jpg\",\"contentUrl\":\"https:\/\/colmadosingular.com\/wp-content\/uploads\/2024\/08\/PP005-18530038_OK.jpg\",\"width\":800,\"height\":800},{\"@type\":\"BreadcrumbList\",\"@id\":\"https:\/\/colmadosingular.com\/ca\/producto\/filetes-de-tomate-pelado-paolo-petrilli-720ml\/#breadcrumb\",\"itemListElement\":[{\"@type\":\"ListItem\",\"position\":1,\"name\":\"Portada\",\"item\":\"https:\/\/colmadosingular.com\/ca\/inici\/\"},{\"@type\":\"ListItem\",\"position\":2,\"name\":\"BOTIGA\",\"item\":\"https:\/\/colmadosingular.com\/ca\/shop\/\"},{\"@type\":\"ListItem\",\"position\":3,\"name\":\"FILETS DE TOM\u00c0QUET PELAT PAOLO PETRILLI 720ml\"}]},{\"@type\":\"WebSite\",\"@id\":\"https:\/\/colmadosingular.com\/ca\/#website\",\"url\":\"https:\/\/colmadosingular.com\/ca\/\",\"name\":\"Colmado Singular\",\"description\":\"\",\"publisher\":{\"@id\":\"https:\/\/colmadosingular.com\/ca\/#organization\"},\"potentialAction\":[{\"@type\":\"SearchAction\",\"target\":{\"@type\":\"EntryPoint\",\"urlTemplate\":\"https:\/\/colmadosingular.com\/ca\/?s={search_term_string}\"},\"query-input\":{\"@type\":\"PropertyValueSpecification\",\"valueRequired\":true,\"valueName\":\"search_term_string\"}}],\"inLanguage\":\"ca\"},{\"@type\":\"Organization\",\"@id\":\"https:\/\/colmadosingular.com\/ca\/#organization\",\"name\":\"Colmado Singular\",\"url\":\"https:\/\/colmadosingular.com\/ca\/\",\"logo\":{\"@type\":\"ImageObject\",\"inLanguage\":\"ca\",\"@id\":\"https:\/\/colmadosingular.com\/ca\/#\/schema\/logo\/image\/\",\"url\":\"https:\/\/colmadosingular.com\/wp-content\/uploads\/2024\/08\/logo-colmado.svg\",\"contentUrl\":\"https:\/\/colmadosingular.com\/wp-content\/uploads\/2024\/08\/logo-colmado.svg\",\"width\":620,\"height\":50,\"caption\":\"Colmado Singular\"},\"image\":{\"@id\":\"https:\/\/colmadosingular.com\/ca\/#\/schema\/logo\/image\/\"}}]}<\/script>\n<!-- \/ Yoast SEO plugin. -->","yoast_head_json":{"title":"FILETS DE TOM\u00c0QUET PELAT PAOLO PETRILLI 720ml - Colmado Singular","robots":{"index":"index","follow":"follow","max-snippet":"max-snippet:-1","max-image-preview":"max-image-preview:large","max-video-preview":"max-video-preview:-1"},"canonical":"https:\/\/colmadosingular.com\/ca\/producto\/filetes-de-tomate-pelado-paolo-petrilli-720ml\/","og_locale":"ca_ES","og_type":"article","og_title":"FILETS DE TOM\u00c0QUET PELAT PAOLO PETRILLI 720ml - Colmado Singular","og_description":"PAOLO PETRILLI, LA MILLOR FRUITA VERMELLA Quin tom\u00e0quet, el de Paolo Petrilli! Ha sabut trobar la f\u00f3rmula per treure un tom\u00e0quet amb gust de tom\u00e0quet, un producte sabor\u00f3s, de textura suau i fibrosa. La seva t\u00e8cnica de renovaci\u00f3 de les mates marca difer\u00e8ncies. Els tom\u00e0quets reposen al sol fins que adquireixen el nivell de maduraci\u00f3 idoni: lluent i brillant per fora, tendre i apetible per dins. Pelar-los \u00e9s la clau. Els tom\u00e0quets es recullen a m\u00e0 i se sotmeten a una delicada extracci\u00f3 de la pell. Una vegada escaldats en aigua bullent i lliures d\u2019impureses, s\u2019envasen a m\u00e0 en pots de vidre perqu\u00e8 hi encaixin a la perfecci\u00f3. Sense additius, sense olis, sense sal i sense vinagre. Nom\u00e9s una fulla d\u2019alf\u00e0brega.     Producte amb certificaci\u00f3 ecol\u00f2gica. &nbsp;","og_url":"https:\/\/colmadosingular.com\/ca\/producto\/filetes-de-tomate-pelado-paolo-petrilli-720ml\/","og_site_name":"Colmado Singular","article_modified_time":"2026-03-03T14:43:40+00:00","og_image":[{"width":800,"height":800,"url":"https:\/\/colmadosingular.com\/wp-content\/uploads\/2024\/08\/PP005-18530038_OK.jpg","type":"image\/jpeg"}],"twitter_card":"summary_large_image","twitter_misc":{"Temps estimat de lectura":"1 minut"},"schema":{"@context":"https:\/\/schema.org","@graph":[{"@type":"WebPage","@id":"https:\/\/colmadosingular.com\/ca\/producto\/filetes-de-tomate-pelado-paolo-petrilli-720ml\/","url":"https:\/\/colmadosingular.com\/ca\/producto\/filetes-de-tomate-pelado-paolo-petrilli-720ml\/","name":"FILETS DE TOM\u00c0QUET PELAT PAOLO PETRILLI 720ml - Colmado Singular","isPartOf":{"@id":"https:\/\/colmadosingular.com\/ca\/#website"},"primaryImageOfPage":{"@id":"https:\/\/colmadosingular.com\/ca\/producto\/filetes-de-tomate-pelado-paolo-petrilli-720ml\/#primaryimage"},"image":{"@id":"https:\/\/colmadosingular.com\/ca\/producto\/filetes-de-tomate-pelado-paolo-petrilli-720ml\/#primaryimage"},"thumbnailUrl":"https:\/\/colmadosingular.com\/wp-content\/uploads\/2024\/08\/PP005-18530038_OK.jpg","datePublished":"2024-08-12T14:19:51+00:00","dateModified":"2026-03-03T14:43:40+00:00","breadcrumb":{"@id":"https:\/\/colmadosingular.com\/ca\/producto\/filetes-de-tomate-pelado-paolo-petrilli-720ml\/#breadcrumb"},"inLanguage":"ca","potentialAction":[{"@type":"ReadAction","target":["https:\/\/colmadosingular.com\/ca\/producto\/filetes-de-tomate-pelado-paolo-petrilli-720ml\/"]}]},{"@type":"ImageObject","inLanguage":"ca","@id":"https:\/\/colmadosingular.com\/ca\/producto\/filetes-de-tomate-pelado-paolo-petrilli-720ml\/#primaryimage","url":"https:\/\/colmadosingular.com\/wp-content\/uploads\/2024\/08\/PP005-18530038_OK.jpg","contentUrl":"https:\/\/colmadosingular.com\/wp-content\/uploads\/2024\/08\/PP005-18530038_OK.jpg","width":800,"height":800},{"@type":"BreadcrumbList","@id":"https:\/\/colmadosingular.com\/ca\/producto\/filetes-de-tomate-pelado-paolo-petrilli-720ml\/#breadcrumb","itemListElement":[{"@type":"ListItem","position":1,"name":"Portada","item":"https:\/\/colmadosingular.com\/ca\/inici\/"},{"@type":"ListItem","position":2,"name":"BOTIGA","item":"https:\/\/colmadosingular.com\/ca\/shop\/"},{"@type":"ListItem","position":3,"name":"FILETS DE TOM\u00c0QUET PELAT PAOLO PETRILLI 720ml"}]},{"@type":"WebSite","@id":"https:\/\/colmadosingular.com\/ca\/#website","url":"https:\/\/colmadosingular.com\/ca\/","name":"Colmado Singular","description":"","publisher":{"@id":"https:\/\/colmadosingular.com\/ca\/#organization"},"potentialAction":[{"@type":"SearchAction","target":{"@type":"EntryPoint","urlTemplate":"https:\/\/colmadosingular.com\/ca\/?s={search_term_string}"},"query-input":{"@type":"PropertyValueSpecification","valueRequired":true,"valueName":"search_term_string"}}],"inLanguage":"ca"},{"@type":"Organization","@id":"https:\/\/colmadosingular.com\/ca\/#organization","name":"Colmado Singular","url":"https:\/\/colmadosingular.com\/ca\/","logo":{"@type":"ImageObject","inLanguage":"ca","@id":"https:\/\/colmadosingular.com\/ca\/#\/schema\/logo\/image\/","url":"https:\/\/colmadosingular.com\/wp-content\/uploads\/2024\/08\/logo-colmado.svg","contentUrl":"https:\/\/colmadosingular.com\/wp-content\/uploads\/2024\/08\/logo-colmado.svg","width":620,"height":50,"caption":"Colmado Singular"},"image":{"@id":"https:\/\/colmadosingular.com\/ca\/#\/schema\/logo\/image\/"}}]}},"_links":{"self":[{"href":"https:\/\/colmadosingular.com\/ca\/wp-json\/wp\/v2\/product\/986761","targetHints":{"allow":["GET"]}}],"collection":[{"href":"https:\/\/colmadosingular.com\/ca\/wp-json\/wp\/v2\/product"}],"about":[{"href":"https:\/\/colmadosingular.com\/ca\/wp-json\/wp\/v2\/types\/product"}],"wp:featuredmedia":[{"embeddable":true,"href":"https:\/\/colmadosingular.com\/ca\/wp-json\/wp\/v2\/media\/5357"}],"wp:attachment":[{"href":"https:\/\/colmadosingular.com\/ca\/wp-json\/wp\/v2\/media?parent=986761"}],"wp:term":[{"taxonomy":"product_brand","embeddable":true,"href":"https:\/\/colmadosingular.com\/ca\/wp-json\/wp\/v2\/product_brand?post=986761"},{"taxonomy":"product_cat","embeddable":true,"href":"https:\/\/colmadosingular.com\/ca\/wp-json\/wp\/v2\/product_cat?post=986761"},{"taxonomy":"product_tag","embeddable":true,"href":"https:\/\/colmadosingular.com\/ca\/wp-json\/wp\/v2\/product_tag?post=986761"}],"curies":[{"name":"wp","href":"https:\/\/api.w.org\/{rel}","templated":true}]}}