{"id":986775,"date":"2024-08-12T16:20:13","date_gmt":"2024-08-12T14:20:13","guid":{"rendered":"https:\/\/colmadosingular.com\/producto\/relish-de-pepinillos-270g\/"},"modified":"2026-03-03T15:42:22","modified_gmt":"2026-03-03T14:42:22","slug":"relish-de-pepinillos-270g","status":"publish","type":"product","link":"https:\/\/colmadosingular.com\/ca\/producto\/relish-de-pepinillos-270g\/","title":{"rendered":"RELISH DE COGOMBRES 270g"},"content":{"rendered":"","protected":false},"excerpt":{"rendered":"<p>HALEN M\u00d4N<\/p>\n<p>A Halen M\u00f4n ho han tornat a fer, segueixen innovant i ens presenta la seva nova salsa: un relish de cogombres amb mostassa i anet que far\u00e0 que se&#8217;t saltin les ll\u00e0grimes. El sabor \u00e9s joi\u00f3s, t&#8217;alegra notar l&#8217;acidesa, la dol\u00e7or, els matisos a anet oa la mostassa. La seva textura t\u00e9 subst\u00e0ncia, n&#8217;hi ha una part m\u00e9s triturada i una altra amb trossos m\u00e9s sencers. Com sempre, equilibrat i vers\u00e0til.   <\/p>\n<p>Nosaltres ho veiem perfecte en sandvitxos, hamburgueses, gossets calents i fins i tot per a vinagretes que amaneixin un salm\u00f3 fumat o un peix al forn.<\/p>\n","protected":false},"featured_media":8584,"template":"","meta":{"_acf_changed":false,"_monsterinsights_skip_tracking":false,"_monsterinsights_sitenote_active":false,"_monsterinsights_sitenote_note":"","_monsterinsights_sitenote_category":0,"_joinchat":[]},"product_brand":[],"product_cat":[269,275],"product_tag":[],"class_list":{"0":"post-986775","1":"product","2":"type-product","3":"status-publish","4":"has-post-thumbnail","6":"product_cat-salses","7":"product_cat-relish-ca","9":"first","10":"instock","11":"taxable","12":"shipping-taxable","13":"purchasable","14":"product-type-simple"},"acf":[],"yoast_head":"<!-- This site is optimized with the Yoast SEO plugin v24.8.1 - https:\/\/yoast.com\/wordpress\/plugins\/seo\/ -->\n<title>RELISH DE COGOMBRES 270g - Colmado Singular<\/title>\n<meta name=\"robots\" content=\"index, follow, max-snippet:-1, max-image-preview:large, max-video-preview:-1\" \/>\n<link rel=\"canonical\" href=\"https:\/\/colmadosingular.com\/ca\/producto\/relish-de-pepinillos-270g\/\" \/>\n<meta property=\"og:locale\" content=\"ca_ES\" \/>\n<meta property=\"og:type\" content=\"article\" \/>\n<meta property=\"og:title\" content=\"RELISH DE COGOMBRES 270g - Colmado Singular\" \/>\n<meta property=\"og:description\" content=\"HALEN M\u00d4N A Halen M\u00f4n ho han tornat a fer, segueixen innovant i ens presenta la seva nova salsa: un relish de cogombres amb mostassa i anet que far\u00e0 que se&#039;t saltin les ll\u00e0grimes. El sabor \u00e9s joi\u00f3s, t&#039;alegra notar l&#039;acidesa, la dol\u00e7or, els matisos a anet oa la mostassa. La seva textura t\u00e9 subst\u00e0ncia, n&#039;hi ha una part m\u00e9s triturada i una altra amb trossos m\u00e9s sencers. Com sempre, equilibrat i vers\u00e0til.   Nosaltres ho veiem perfecte en sandvitxos, hamburgueses, gossets calents i fins i tot per a vinagretes que amaneixin un salm\u00f3 fumat o un peix al forn.\" \/>\n<meta property=\"og:url\" content=\"https:\/\/colmadosingular.com\/ca\/producto\/relish-de-pepinillos-270g\/\" \/>\n<meta property=\"og:site_name\" content=\"Colmado Singular\" \/>\n<meta property=\"article:modified_time\" content=\"2026-03-03T14:42:22+00:00\" \/>\n<meta property=\"og:image\" content=\"https:\/\/colmadosingular.com\/wp-content\/uploads\/2024\/08\/HM044_24030108BxGris.jpg\" \/>\n\t<meta property=\"og:image:width\" content=\"1200\" \/>\n\t<meta property=\"og:image:height\" content=\"1200\" \/>\n\t<meta property=\"og:image:type\" content=\"image\/jpeg\" \/>\n<meta name=\"twitter:card\" content=\"summary_large_image\" \/>\n<meta name=\"twitter:label1\" content=\"Temps estimat de lectura\" \/>\n\t<meta name=\"twitter:data1\" content=\"1 minut\" \/>\n<script type=\"application\/ld+json\" class=\"yoast-schema-graph\">{\"@context\":\"https:\/\/schema.org\",\"@graph\":[{\"@type\":\"WebPage\",\"@id\":\"https:\/\/colmadosingular.com\/ca\/producto\/relish-de-pepinillos-270g\/\",\"url\":\"https:\/\/colmadosingular.com\/ca\/producto\/relish-de-pepinillos-270g\/\",\"name\":\"RELISH DE COGOMBRES 270g - Colmado Singular\",\"isPartOf\":{\"@id\":\"https:\/\/colmadosingular.com\/ca\/#website\"},\"primaryImageOfPage\":{\"@id\":\"https:\/\/colmadosingular.com\/ca\/producto\/relish-de-pepinillos-270g\/#primaryimage\"},\"image\":{\"@id\":\"https:\/\/colmadosingular.com\/ca\/producto\/relish-de-pepinillos-270g\/#primaryimage\"},\"thumbnailUrl\":\"https:\/\/colmadosingular.com\/wp-content\/uploads\/2024\/08\/HM044_24030108BxGris.jpg\",\"datePublished\":\"2024-08-12T14:20:13+00:00\",\"dateModified\":\"2026-03-03T14:42:22+00:00\",\"breadcrumb\":{\"@id\":\"https:\/\/colmadosingular.com\/ca\/producto\/relish-de-pepinillos-270g\/#breadcrumb\"},\"inLanguage\":\"ca\",\"potentialAction\":[{\"@type\":\"ReadAction\",\"target\":[\"https:\/\/colmadosingular.com\/ca\/producto\/relish-de-pepinillos-270g\/\"]}]},{\"@type\":\"ImageObject\",\"inLanguage\":\"ca\",\"@id\":\"https:\/\/colmadosingular.com\/ca\/producto\/relish-de-pepinillos-270g\/#primaryimage\",\"url\":\"https:\/\/colmadosingular.com\/wp-content\/uploads\/2024\/08\/HM044_24030108BxGris.jpg\",\"contentUrl\":\"https:\/\/colmadosingular.com\/wp-content\/uploads\/2024\/08\/HM044_24030108BxGris.jpg\",\"width\":1200,\"height\":1200},{\"@type\":\"BreadcrumbList\",\"@id\":\"https:\/\/colmadosingular.com\/ca\/producto\/relish-de-pepinillos-270g\/#breadcrumb\",\"itemListElement\":[{\"@type\":\"ListItem\",\"position\":1,\"name\":\"Portada\",\"item\":\"https:\/\/colmadosingular.com\/ca\/inici\/\"},{\"@type\":\"ListItem\",\"position\":2,\"name\":\"BOTIGA\",\"item\":\"https:\/\/colmadosingular.com\/ca\/shop\/\"},{\"@type\":\"ListItem\",\"position\":3,\"name\":\"RELISH DE COGOMBRES 270g\"}]},{\"@type\":\"WebSite\",\"@id\":\"https:\/\/colmadosingular.com\/ca\/#website\",\"url\":\"https:\/\/colmadosingular.com\/ca\/\",\"name\":\"Colmado Singular\",\"description\":\"\",\"publisher\":{\"@id\":\"https:\/\/colmadosingular.com\/ca\/#organization\"},\"potentialAction\":[{\"@type\":\"SearchAction\",\"target\":{\"@type\":\"EntryPoint\",\"urlTemplate\":\"https:\/\/colmadosingular.com\/ca\/?s={search_term_string}\"},\"query-input\":{\"@type\":\"PropertyValueSpecification\",\"valueRequired\":true,\"valueName\":\"search_term_string\"}}],\"inLanguage\":\"ca\"},{\"@type\":\"Organization\",\"@id\":\"https:\/\/colmadosingular.com\/ca\/#organization\",\"name\":\"Colmado Singular\",\"url\":\"https:\/\/colmadosingular.com\/ca\/\",\"logo\":{\"@type\":\"ImageObject\",\"inLanguage\":\"ca\",\"@id\":\"https:\/\/colmadosingular.com\/ca\/#\/schema\/logo\/image\/\",\"url\":\"https:\/\/colmadosingular.com\/wp-content\/uploads\/2024\/08\/logo-colmado.svg\",\"contentUrl\":\"https:\/\/colmadosingular.com\/wp-content\/uploads\/2024\/08\/logo-colmado.svg\",\"width\":620,\"height\":50,\"caption\":\"Colmado Singular\"},\"image\":{\"@id\":\"https:\/\/colmadosingular.com\/ca\/#\/schema\/logo\/image\/\"}}]}<\/script>\n<!-- \/ Yoast SEO plugin. -->","yoast_head_json":{"title":"RELISH DE COGOMBRES 270g - Colmado Singular","robots":{"index":"index","follow":"follow","max-snippet":"max-snippet:-1","max-image-preview":"max-image-preview:large","max-video-preview":"max-video-preview:-1"},"canonical":"https:\/\/colmadosingular.com\/ca\/producto\/relish-de-pepinillos-270g\/","og_locale":"ca_ES","og_type":"article","og_title":"RELISH DE COGOMBRES 270g - Colmado Singular","og_description":"HALEN M\u00d4N A Halen M\u00f4n ho han tornat a fer, segueixen innovant i ens presenta la seva nova salsa: un relish de cogombres amb mostassa i anet que far\u00e0 que se't saltin les ll\u00e0grimes. El sabor \u00e9s joi\u00f3s, t'alegra notar l'acidesa, la dol\u00e7or, els matisos a anet oa la mostassa. La seva textura t\u00e9 subst\u00e0ncia, n'hi ha una part m\u00e9s triturada i una altra amb trossos m\u00e9s sencers. Com sempre, equilibrat i vers\u00e0til.   Nosaltres ho veiem perfecte en sandvitxos, hamburgueses, gossets calents i fins i tot per a vinagretes que amaneixin un salm\u00f3 fumat o un peix al forn.","og_url":"https:\/\/colmadosingular.com\/ca\/producto\/relish-de-pepinillos-270g\/","og_site_name":"Colmado Singular","article_modified_time":"2026-03-03T14:42:22+00:00","og_image":[{"width":1200,"height":1200,"url":"https:\/\/colmadosingular.com\/wp-content\/uploads\/2024\/08\/HM044_24030108BxGris.jpg","type":"image\/jpeg"}],"twitter_card":"summary_large_image","twitter_misc":{"Temps estimat de lectura":"1 minut"},"schema":{"@context":"https:\/\/schema.org","@graph":[{"@type":"WebPage","@id":"https:\/\/colmadosingular.com\/ca\/producto\/relish-de-pepinillos-270g\/","url":"https:\/\/colmadosingular.com\/ca\/producto\/relish-de-pepinillos-270g\/","name":"RELISH DE COGOMBRES 270g - Colmado Singular","isPartOf":{"@id":"https:\/\/colmadosingular.com\/ca\/#website"},"primaryImageOfPage":{"@id":"https:\/\/colmadosingular.com\/ca\/producto\/relish-de-pepinillos-270g\/#primaryimage"},"image":{"@id":"https:\/\/colmadosingular.com\/ca\/producto\/relish-de-pepinillos-270g\/#primaryimage"},"thumbnailUrl":"https:\/\/colmadosingular.com\/wp-content\/uploads\/2024\/08\/HM044_24030108BxGris.jpg","datePublished":"2024-08-12T14:20:13+00:00","dateModified":"2026-03-03T14:42:22+00:00","breadcrumb":{"@id":"https:\/\/colmadosingular.com\/ca\/producto\/relish-de-pepinillos-270g\/#breadcrumb"},"inLanguage":"ca","potentialAction":[{"@type":"ReadAction","target":["https:\/\/colmadosingular.com\/ca\/producto\/relish-de-pepinillos-270g\/"]}]},{"@type":"ImageObject","inLanguage":"ca","@id":"https:\/\/colmadosingular.com\/ca\/producto\/relish-de-pepinillos-270g\/#primaryimage","url":"https:\/\/colmadosingular.com\/wp-content\/uploads\/2024\/08\/HM044_24030108BxGris.jpg","contentUrl":"https:\/\/colmadosingular.com\/wp-content\/uploads\/2024\/08\/HM044_24030108BxGris.jpg","width":1200,"height":1200},{"@type":"BreadcrumbList","@id":"https:\/\/colmadosingular.com\/ca\/producto\/relish-de-pepinillos-270g\/#breadcrumb","itemListElement":[{"@type":"ListItem","position":1,"name":"Portada","item":"https:\/\/colmadosingular.com\/ca\/inici\/"},{"@type":"ListItem","position":2,"name":"BOTIGA","item":"https:\/\/colmadosingular.com\/ca\/shop\/"},{"@type":"ListItem","position":3,"name":"RELISH DE COGOMBRES 270g"}]},{"@type":"WebSite","@id":"https:\/\/colmadosingular.com\/ca\/#website","url":"https:\/\/colmadosingular.com\/ca\/","name":"Colmado Singular","description":"","publisher":{"@id":"https:\/\/colmadosingular.com\/ca\/#organization"},"potentialAction":[{"@type":"SearchAction","target":{"@type":"EntryPoint","urlTemplate":"https:\/\/colmadosingular.com\/ca\/?s={search_term_string}"},"query-input":{"@type":"PropertyValueSpecification","valueRequired":true,"valueName":"search_term_string"}}],"inLanguage":"ca"},{"@type":"Organization","@id":"https:\/\/colmadosingular.com\/ca\/#organization","name":"Colmado Singular","url":"https:\/\/colmadosingular.com\/ca\/","logo":{"@type":"ImageObject","inLanguage":"ca","@id":"https:\/\/colmadosingular.com\/ca\/#\/schema\/logo\/image\/","url":"https:\/\/colmadosingular.com\/wp-content\/uploads\/2024\/08\/logo-colmado.svg","contentUrl":"https:\/\/colmadosingular.com\/wp-content\/uploads\/2024\/08\/logo-colmado.svg","width":620,"height":50,"caption":"Colmado Singular"},"image":{"@id":"https:\/\/colmadosingular.com\/ca\/#\/schema\/logo\/image\/"}}]}},"_links":{"self":[{"href":"https:\/\/colmadosingular.com\/ca\/wp-json\/wp\/v2\/product\/986775","targetHints":{"allow":["GET"]}}],"collection":[{"href":"https:\/\/colmadosingular.com\/ca\/wp-json\/wp\/v2\/product"}],"about":[{"href":"https:\/\/colmadosingular.com\/ca\/wp-json\/wp\/v2\/types\/product"}],"wp:featuredmedia":[{"embeddable":true,"href":"https:\/\/colmadosingular.com\/ca\/wp-json\/wp\/v2\/media\/8584"}],"wp:attachment":[{"href":"https:\/\/colmadosingular.com\/ca\/wp-json\/wp\/v2\/media?parent=986775"}],"wp:term":[{"taxonomy":"product_brand","embeddable":true,"href":"https:\/\/colmadosingular.com\/ca\/wp-json\/wp\/v2\/product_brand?post=986775"},{"taxonomy":"product_cat","embeddable":true,"href":"https:\/\/colmadosingular.com\/ca\/wp-json\/wp\/v2\/product_cat?post=986775"},{"taxonomy":"product_tag","embeddable":true,"href":"https:\/\/colmadosingular.com\/ca\/wp-json\/wp\/v2\/product_tag?post=986775"}],"curies":[{"name":"wp","href":"https:\/\/api.w.org\/{rel}","templated":true}]}}