{"id":986777,"date":"2024-08-12T16:17:57","date_gmt":"2024-08-12T14:17:57","guid":{"rendered":"https:\/\/colmadosingular.com\/producto\/ketchup-barbacoa-ahumado-295g\/"},"modified":"2025-02-15T00:34:21","modified_gmt":"2025-02-14T23:34:21","slug":"ketchup-barbacoa-ahumado-295g","status":"publish","type":"product","link":"https:\/\/colmadosingular.com\/ca\/producto\/ketchup-barbacoa-ahumado-295g\/","title":{"rendered":"QU\u00c8TXUP BARBACOA FUMAT 295g"},"content":{"rendered":"","protected":false},"excerpt":{"rendered":"<p>HALEN M\u00d4N<\/p>\n<p>La passi\u00f3 a Halen M\u00f4n pel fumat mai no ha faltat, fumen sal, aigua, mostassa i fins i tot qu\u00e8txup. Posat amb l&#8217;eleg\u00e0ncia que els caracteritza aquest toc fumat converteix aquest qu\u00e8txup en ingredient secret per acompanyar carns i verdures a la brasa. <\/p>\n<p>Per anar m\u00e9s enll\u00e0\u2026<br \/>\n Prova de posar part d&#8217;aquest quetxup a la teva salsa per a les patates braves, no et defraud\u00e9s.<\/p>\n","protected":false},"featured_media":5174,"template":"","meta":{"_acf_changed":false,"_monsterinsights_skip_tracking":false,"_monsterinsights_sitenote_active":false,"_monsterinsights_sitenote_note":"","_monsterinsights_sitenote_category":0,"_joinchat":[]},"product_brand":[],"product_cat":[269,270],"product_tag":[],"class_list":{"0":"post-986777","1":"product","2":"type-product","3":"status-publish","4":"has-post-thumbnail","6":"product_cat-salses","7":"product_cat-ketchup-ca","9":"first","10":"instock","11":"taxable","12":"shipping-taxable","13":"purchasable","14":"product-type-simple"},"acf":[],"yoast_head":"<!-- This site is optimized with the Yoast SEO plugin v24.8.1 - https:\/\/yoast.com\/wordpress\/plugins\/seo\/ -->\n<title>QU\u00c8TXUP BARBACOA FUMAT 295g - Colmado Singular<\/title>\n<meta name=\"robots\" content=\"index, follow, max-snippet:-1, max-image-preview:large, max-video-preview:-1\" \/>\n<link rel=\"canonical\" href=\"https:\/\/colmadosingular.com\/ca\/producto\/ketchup-barbacoa-ahumado-295g\/\" \/>\n<meta property=\"og:locale\" content=\"ca_ES\" \/>\n<meta property=\"og:type\" content=\"article\" \/>\n<meta property=\"og:title\" content=\"QU\u00c8TXUP BARBACOA FUMAT 295g - Colmado Singular\" \/>\n<meta property=\"og:description\" content=\"HALEN M\u00d4N La passi\u00f3 a Halen M\u00f4n pel fumat mai no ha faltat, fumen sal, aigua, mostassa i fins i tot qu\u00e8txup. Posat amb l&#039;eleg\u00e0ncia que els caracteritza aquest toc fumat converteix aquest qu\u00e8txup en ingredient secret per acompanyar carns i verdures a la brasa.  Per anar m\u00e9s enll\u00e0\u2026 Prova de posar part d&#039;aquest quetxup a la teva salsa per a les patates braves, no et defraud\u00e9s.\" \/>\n<meta property=\"og:url\" content=\"https:\/\/colmadosingular.com\/ca\/producto\/ketchup-barbacoa-ahumado-295g\/\" \/>\n<meta property=\"og:site_name\" content=\"Colmado Singular\" \/>\n<meta property=\"article:modified_time\" content=\"2025-02-14T23:34:21+00:00\" \/>\n<meta property=\"og:image\" content=\"https:\/\/colmadosingular.com\/wp-content\/uploads\/2024\/08\/HM040-19220062.jpg\" \/>\n\t<meta property=\"og:image:width\" content=\"1280\" \/>\n\t<meta property=\"og:image:height\" content=\"1280\" \/>\n\t<meta property=\"og:image:type\" content=\"image\/jpeg\" \/>\n<meta name=\"twitter:card\" content=\"summary_large_image\" \/>\n<meta name=\"twitter:label1\" content=\"Temps estimat de lectura\" \/>\n\t<meta name=\"twitter:data1\" content=\"1 minut\" \/>\n<script type=\"application\/ld+json\" class=\"yoast-schema-graph\">{\"@context\":\"https:\/\/schema.org\",\"@graph\":[{\"@type\":\"WebPage\",\"@id\":\"https:\/\/colmadosingular.com\/ca\/producto\/ketchup-barbacoa-ahumado-295g\/\",\"url\":\"https:\/\/colmadosingular.com\/ca\/producto\/ketchup-barbacoa-ahumado-295g\/\",\"name\":\"QU\u00c8TXUP BARBACOA FUMAT 295g - Colmado Singular\",\"isPartOf\":{\"@id\":\"https:\/\/colmadosingular.com\/ca\/#website\"},\"primaryImageOfPage\":{\"@id\":\"https:\/\/colmadosingular.com\/ca\/producto\/ketchup-barbacoa-ahumado-295g\/#primaryimage\"},\"image\":{\"@id\":\"https:\/\/colmadosingular.com\/ca\/producto\/ketchup-barbacoa-ahumado-295g\/#primaryimage\"},\"thumbnailUrl\":\"https:\/\/colmadosingular.com\/wp-content\/uploads\/2024\/08\/HM040-19220062.jpg\",\"datePublished\":\"2024-08-12T14:17:57+00:00\",\"dateModified\":\"2025-02-14T23:34:21+00:00\",\"breadcrumb\":{\"@id\":\"https:\/\/colmadosingular.com\/ca\/producto\/ketchup-barbacoa-ahumado-295g\/#breadcrumb\"},\"inLanguage\":\"ca\",\"potentialAction\":[{\"@type\":\"ReadAction\",\"target\":[\"https:\/\/colmadosingular.com\/ca\/producto\/ketchup-barbacoa-ahumado-295g\/\"]}]},{\"@type\":\"ImageObject\",\"inLanguage\":\"ca\",\"@id\":\"https:\/\/colmadosingular.com\/ca\/producto\/ketchup-barbacoa-ahumado-295g\/#primaryimage\",\"url\":\"https:\/\/colmadosingular.com\/wp-content\/uploads\/2024\/08\/HM040-19220062.jpg\",\"contentUrl\":\"https:\/\/colmadosingular.com\/wp-content\/uploads\/2024\/08\/HM040-19220062.jpg\",\"width\":1280,\"height\":1280},{\"@type\":\"BreadcrumbList\",\"@id\":\"https:\/\/colmadosingular.com\/ca\/producto\/ketchup-barbacoa-ahumado-295g\/#breadcrumb\",\"itemListElement\":[{\"@type\":\"ListItem\",\"position\":1,\"name\":\"Portada\",\"item\":\"https:\/\/colmadosingular.com\/ca\/inici\/\"},{\"@type\":\"ListItem\",\"position\":2,\"name\":\"BOTIGA\",\"item\":\"https:\/\/colmadosingular.com\/ca\/shop\/\"},{\"@type\":\"ListItem\",\"position\":3,\"name\":\"QU\u00c8TXUP BARBACOA FUMAT 295g\"}]},{\"@type\":\"WebSite\",\"@id\":\"https:\/\/colmadosingular.com\/ca\/#website\",\"url\":\"https:\/\/colmadosingular.com\/ca\/\",\"name\":\"Colmado Singular\",\"description\":\"\",\"publisher\":{\"@id\":\"https:\/\/colmadosingular.com\/ca\/#organization\"},\"potentialAction\":[{\"@type\":\"SearchAction\",\"target\":{\"@type\":\"EntryPoint\",\"urlTemplate\":\"https:\/\/colmadosingular.com\/ca\/?s={search_term_string}\"},\"query-input\":{\"@type\":\"PropertyValueSpecification\",\"valueRequired\":true,\"valueName\":\"search_term_string\"}}],\"inLanguage\":\"ca\"},{\"@type\":\"Organization\",\"@id\":\"https:\/\/colmadosingular.com\/ca\/#organization\",\"name\":\"Colmado Singular\",\"url\":\"https:\/\/colmadosingular.com\/ca\/\",\"logo\":{\"@type\":\"ImageObject\",\"inLanguage\":\"ca\",\"@id\":\"https:\/\/colmadosingular.com\/ca\/#\/schema\/logo\/image\/\",\"url\":\"https:\/\/colmadosingular.com\/wp-content\/uploads\/2024\/08\/logo-colmado.svg\",\"contentUrl\":\"https:\/\/colmadosingular.com\/wp-content\/uploads\/2024\/08\/logo-colmado.svg\",\"width\":620,\"height\":50,\"caption\":\"Colmado Singular\"},\"image\":{\"@id\":\"https:\/\/colmadosingular.com\/ca\/#\/schema\/logo\/image\/\"}}]}<\/script>\n<!-- \/ Yoast SEO plugin. -->","yoast_head_json":{"title":"QU\u00c8TXUP BARBACOA FUMAT 295g - Colmado Singular","robots":{"index":"index","follow":"follow","max-snippet":"max-snippet:-1","max-image-preview":"max-image-preview:large","max-video-preview":"max-video-preview:-1"},"canonical":"https:\/\/colmadosingular.com\/ca\/producto\/ketchup-barbacoa-ahumado-295g\/","og_locale":"ca_ES","og_type":"article","og_title":"QU\u00c8TXUP BARBACOA FUMAT 295g - Colmado Singular","og_description":"HALEN M\u00d4N La passi\u00f3 a Halen M\u00f4n pel fumat mai no ha faltat, fumen sal, aigua, mostassa i fins i tot qu\u00e8txup. Posat amb l'eleg\u00e0ncia que els caracteritza aquest toc fumat converteix aquest qu\u00e8txup en ingredient secret per acompanyar carns i verdures a la brasa.  Per anar m\u00e9s enll\u00e0\u2026 Prova de posar part d'aquest quetxup a la teva salsa per a les patates braves, no et defraud\u00e9s.","og_url":"https:\/\/colmadosingular.com\/ca\/producto\/ketchup-barbacoa-ahumado-295g\/","og_site_name":"Colmado Singular","article_modified_time":"2025-02-14T23:34:21+00:00","og_image":[{"width":1280,"height":1280,"url":"https:\/\/colmadosingular.com\/wp-content\/uploads\/2024\/08\/HM040-19220062.jpg","type":"image\/jpeg"}],"twitter_card":"summary_large_image","twitter_misc":{"Temps estimat de lectura":"1 minut"},"schema":{"@context":"https:\/\/schema.org","@graph":[{"@type":"WebPage","@id":"https:\/\/colmadosingular.com\/ca\/producto\/ketchup-barbacoa-ahumado-295g\/","url":"https:\/\/colmadosingular.com\/ca\/producto\/ketchup-barbacoa-ahumado-295g\/","name":"QU\u00c8TXUP BARBACOA FUMAT 295g - Colmado Singular","isPartOf":{"@id":"https:\/\/colmadosingular.com\/ca\/#website"},"primaryImageOfPage":{"@id":"https:\/\/colmadosingular.com\/ca\/producto\/ketchup-barbacoa-ahumado-295g\/#primaryimage"},"image":{"@id":"https:\/\/colmadosingular.com\/ca\/producto\/ketchup-barbacoa-ahumado-295g\/#primaryimage"},"thumbnailUrl":"https:\/\/colmadosingular.com\/wp-content\/uploads\/2024\/08\/HM040-19220062.jpg","datePublished":"2024-08-12T14:17:57+00:00","dateModified":"2025-02-14T23:34:21+00:00","breadcrumb":{"@id":"https:\/\/colmadosingular.com\/ca\/producto\/ketchup-barbacoa-ahumado-295g\/#breadcrumb"},"inLanguage":"ca","potentialAction":[{"@type":"ReadAction","target":["https:\/\/colmadosingular.com\/ca\/producto\/ketchup-barbacoa-ahumado-295g\/"]}]},{"@type":"ImageObject","inLanguage":"ca","@id":"https:\/\/colmadosingular.com\/ca\/producto\/ketchup-barbacoa-ahumado-295g\/#primaryimage","url":"https:\/\/colmadosingular.com\/wp-content\/uploads\/2024\/08\/HM040-19220062.jpg","contentUrl":"https:\/\/colmadosingular.com\/wp-content\/uploads\/2024\/08\/HM040-19220062.jpg","width":1280,"height":1280},{"@type":"BreadcrumbList","@id":"https:\/\/colmadosingular.com\/ca\/producto\/ketchup-barbacoa-ahumado-295g\/#breadcrumb","itemListElement":[{"@type":"ListItem","position":1,"name":"Portada","item":"https:\/\/colmadosingular.com\/ca\/inici\/"},{"@type":"ListItem","position":2,"name":"BOTIGA","item":"https:\/\/colmadosingular.com\/ca\/shop\/"},{"@type":"ListItem","position":3,"name":"QU\u00c8TXUP BARBACOA FUMAT 295g"}]},{"@type":"WebSite","@id":"https:\/\/colmadosingular.com\/ca\/#website","url":"https:\/\/colmadosingular.com\/ca\/","name":"Colmado Singular","description":"","publisher":{"@id":"https:\/\/colmadosingular.com\/ca\/#organization"},"potentialAction":[{"@type":"SearchAction","target":{"@type":"EntryPoint","urlTemplate":"https:\/\/colmadosingular.com\/ca\/?s={search_term_string}"},"query-input":{"@type":"PropertyValueSpecification","valueRequired":true,"valueName":"search_term_string"}}],"inLanguage":"ca"},{"@type":"Organization","@id":"https:\/\/colmadosingular.com\/ca\/#organization","name":"Colmado Singular","url":"https:\/\/colmadosingular.com\/ca\/","logo":{"@type":"ImageObject","inLanguage":"ca","@id":"https:\/\/colmadosingular.com\/ca\/#\/schema\/logo\/image\/","url":"https:\/\/colmadosingular.com\/wp-content\/uploads\/2024\/08\/logo-colmado.svg","contentUrl":"https:\/\/colmadosingular.com\/wp-content\/uploads\/2024\/08\/logo-colmado.svg","width":620,"height":50,"caption":"Colmado Singular"},"image":{"@id":"https:\/\/colmadosingular.com\/ca\/#\/schema\/logo\/image\/"}}]}},"_links":{"self":[{"href":"https:\/\/colmadosingular.com\/ca\/wp-json\/wp\/v2\/product\/986777","targetHints":{"allow":["GET"]}}],"collection":[{"href":"https:\/\/colmadosingular.com\/ca\/wp-json\/wp\/v2\/product"}],"about":[{"href":"https:\/\/colmadosingular.com\/ca\/wp-json\/wp\/v2\/types\/product"}],"wp:featuredmedia":[{"embeddable":true,"href":"https:\/\/colmadosingular.com\/ca\/wp-json\/wp\/v2\/media\/5174"}],"wp:attachment":[{"href":"https:\/\/colmadosingular.com\/ca\/wp-json\/wp\/v2\/media?parent=986777"}],"wp:term":[{"taxonomy":"product_brand","embeddable":true,"href":"https:\/\/colmadosingular.com\/ca\/wp-json\/wp\/v2\/product_brand?post=986777"},{"taxonomy":"product_cat","embeddable":true,"href":"https:\/\/colmadosingular.com\/ca\/wp-json\/wp\/v2\/product_cat?post=986777"},{"taxonomy":"product_tag","embeddable":true,"href":"https:\/\/colmadosingular.com\/ca\/wp-json\/wp\/v2\/product_tag?post=986777"}],"curies":[{"name":"wp","href":"https:\/\/api.w.org\/{rel}","templated":true}]}}