{"id":986781,"date":"2024-08-12T16:17:55","date_gmt":"2024-08-12T14:17:55","guid":{"rendered":"https:\/\/colmadosingular.com\/producto\/mayonesa-80-aceite-250ml\/"},"modified":"2026-03-03T16:31:08","modified_gmt":"2026-03-03T15:31:08","slug":"mayonesa-80-aceite-250ml","status":"publish","type":"product","link":"https:\/\/colmadosingular.com\/ca\/producto\/mayonesa-80-aceite-250ml\/","title":{"rendered":"MAIONESA 80% OLI 250ml"},"content":{"rendered":"","protected":false},"excerpt":{"rendered":"<p>ARMANTI<\/p>\n<p>Aquesta maionesa destaca de la resta per la seva textura sedosa, lleugera, gaireb\u00e9 gr\u00e0cil. Res no \u00e9s excessiu, ni el seu greix, ni l&#8217;acidesa. Juga a l&#8217;equilibri entre el gust d&#8217;ou i l&#8217;aspecte delicat i crem\u00f3s.  <\/p>\n<p>Que la maionesa va b\u00e9 amb tot \u00e9s un fet, i si a m\u00e9s el seu delicat sabor ens permet combinar-la amb altres salses (mostassa, t\u00f2fona\u2026) o esp\u00e8cies (pebre vermell, curri, cardamom\u2026) la seva versatilitat \u00e9s infinita. Amb les herbes passa el mateix, tantes com n&#8217;hi hagi. Per a ensalada \u00e9s ideal, amb peixos, patates o fins i tot com a espessidor d&#8217;algun gaspatxo o salmorejo.  <\/p>\n","protected":false},"featured_media":5161,"template":"","meta":{"_acf_changed":false,"_monsterinsights_skip_tracking":false,"_monsterinsights_sitenote_active":false,"_monsterinsights_sitenote_note":"","_monsterinsights_sitenote_category":0,"_joinchat":[]},"product_brand":[],"product_cat":[269,271],"product_tag":[],"class_list":{"0":"post-986781","1":"product","2":"type-product","3":"status-publish","4":"has-post-thumbnail","6":"product_cat-salses","7":"product_cat-maionesa","9":"first","10":"instock","11":"taxable","12":"shipping-taxable","13":"purchasable","14":"product-type-simple"},"acf":[],"yoast_head":"<!-- This site is optimized with the Yoast SEO plugin v24.8.1 - https:\/\/yoast.com\/wordpress\/plugins\/seo\/ -->\n<title>MAIONESA 80% OLI 250ml - Colmado Singular<\/title>\n<meta name=\"robots\" content=\"index, follow, max-snippet:-1, max-image-preview:large, max-video-preview:-1\" \/>\n<link rel=\"canonical\" href=\"https:\/\/colmadosingular.com\/ca\/producto\/mayonesa-80-aceite-250ml\/\" \/>\n<meta property=\"og:locale\" content=\"ca_ES\" \/>\n<meta property=\"og:type\" content=\"article\" \/>\n<meta property=\"og:title\" content=\"MAIONESA 80% OLI 250ml - Colmado Singular\" \/>\n<meta property=\"og:description\" content=\"ARMANTI Aquesta maionesa destaca de la resta per la seva textura sedosa, lleugera, gaireb\u00e9 gr\u00e0cil. Res no \u00e9s excessiu, ni el seu greix, ni l&#039;acidesa. Juga a l&#039;equilibri entre el gust d&#039;ou i l&#039;aspecte delicat i crem\u00f3s.  Que la maionesa va b\u00e9 amb tot \u00e9s un fet, i si a m\u00e9s el seu delicat sabor ens permet combinar-la amb altres salses (mostassa, t\u00f2fona\u2026) o esp\u00e8cies (pebre vermell, curri, cardamom\u2026) la seva versatilitat \u00e9s infinita. Amb les herbes passa el mateix, tantes com n&#039;hi hagi. Per a ensalada \u00e9s ideal, amb peixos, patates o fins i tot com a espessidor d&#039;algun gaspatxo o salmorejo.\" \/>\n<meta property=\"og:url\" content=\"https:\/\/colmadosingular.com\/ca\/producto\/mayonesa-80-aceite-250ml\/\" \/>\n<meta property=\"og:site_name\" content=\"Colmado Singular\" \/>\n<meta property=\"article:modified_time\" content=\"2026-03-03T15:31:08+00:00\" \/>\n<meta property=\"og:image\" content=\"https:\/\/colmadosingular.com\/wp-content\/uploads\/2024\/08\/NG003-18530097_OK.jpg\" \/>\n\t<meta property=\"og:image:width\" content=\"800\" \/>\n\t<meta property=\"og:image:height\" content=\"800\" \/>\n\t<meta property=\"og:image:type\" content=\"image\/jpeg\" \/>\n<meta name=\"twitter:card\" content=\"summary_large_image\" \/>\n<script type=\"application\/ld+json\" class=\"yoast-schema-graph\">{\"@context\":\"https:\/\/schema.org\",\"@graph\":[{\"@type\":\"WebPage\",\"@id\":\"https:\/\/colmadosingular.com\/ca\/producto\/mayonesa-80-aceite-250ml\/\",\"url\":\"https:\/\/colmadosingular.com\/ca\/producto\/mayonesa-80-aceite-250ml\/\",\"name\":\"MAIONESA 80% OLI 250ml - Colmado Singular\",\"isPartOf\":{\"@id\":\"https:\/\/colmadosingular.com\/ca\/#website\"},\"primaryImageOfPage\":{\"@id\":\"https:\/\/colmadosingular.com\/ca\/producto\/mayonesa-80-aceite-250ml\/#primaryimage\"},\"image\":{\"@id\":\"https:\/\/colmadosingular.com\/ca\/producto\/mayonesa-80-aceite-250ml\/#primaryimage\"},\"thumbnailUrl\":\"https:\/\/colmadosingular.com\/wp-content\/uploads\/2024\/08\/NG003-18530097_OK.jpg\",\"datePublished\":\"2024-08-12T14:17:55+00:00\",\"dateModified\":\"2026-03-03T15:31:08+00:00\",\"breadcrumb\":{\"@id\":\"https:\/\/colmadosingular.com\/ca\/producto\/mayonesa-80-aceite-250ml\/#breadcrumb\"},\"inLanguage\":\"ca\",\"potentialAction\":[{\"@type\":\"ReadAction\",\"target\":[\"https:\/\/colmadosingular.com\/ca\/producto\/mayonesa-80-aceite-250ml\/\"]}]},{\"@type\":\"ImageObject\",\"inLanguage\":\"ca\",\"@id\":\"https:\/\/colmadosingular.com\/ca\/producto\/mayonesa-80-aceite-250ml\/#primaryimage\",\"url\":\"https:\/\/colmadosingular.com\/wp-content\/uploads\/2024\/08\/NG003-18530097_OK.jpg\",\"contentUrl\":\"https:\/\/colmadosingular.com\/wp-content\/uploads\/2024\/08\/NG003-18530097_OK.jpg\",\"width\":800,\"height\":800},{\"@type\":\"BreadcrumbList\",\"@id\":\"https:\/\/colmadosingular.com\/ca\/producto\/mayonesa-80-aceite-250ml\/#breadcrumb\",\"itemListElement\":[{\"@type\":\"ListItem\",\"position\":1,\"name\":\"Portada\",\"item\":\"https:\/\/colmadosingular.com\/ca\/inici\/\"},{\"@type\":\"ListItem\",\"position\":2,\"name\":\"BOTIGA\",\"item\":\"https:\/\/colmadosingular.com\/ca\/shop\/\"},{\"@type\":\"ListItem\",\"position\":3,\"name\":\"MAIONESA 80% OLI 250ml\"}]},{\"@type\":\"WebSite\",\"@id\":\"https:\/\/colmadosingular.com\/ca\/#website\",\"url\":\"https:\/\/colmadosingular.com\/ca\/\",\"name\":\"Colmado Singular\",\"description\":\"\",\"publisher\":{\"@id\":\"https:\/\/colmadosingular.com\/ca\/#organization\"},\"potentialAction\":[{\"@type\":\"SearchAction\",\"target\":{\"@type\":\"EntryPoint\",\"urlTemplate\":\"https:\/\/colmadosingular.com\/ca\/?s={search_term_string}\"},\"query-input\":{\"@type\":\"PropertyValueSpecification\",\"valueRequired\":true,\"valueName\":\"search_term_string\"}}],\"inLanguage\":\"ca\"},{\"@type\":\"Organization\",\"@id\":\"https:\/\/colmadosingular.com\/ca\/#organization\",\"name\":\"Colmado Singular\",\"url\":\"https:\/\/colmadosingular.com\/ca\/\",\"logo\":{\"@type\":\"ImageObject\",\"inLanguage\":\"ca\",\"@id\":\"https:\/\/colmadosingular.com\/ca\/#\/schema\/logo\/image\/\",\"url\":\"https:\/\/colmadosingular.com\/wp-content\/uploads\/2024\/08\/logo-colmado.svg\",\"contentUrl\":\"https:\/\/colmadosingular.com\/wp-content\/uploads\/2024\/08\/logo-colmado.svg\",\"width\":620,\"height\":50,\"caption\":\"Colmado Singular\"},\"image\":{\"@id\":\"https:\/\/colmadosingular.com\/ca\/#\/schema\/logo\/image\/\"}}]}<\/script>\n<!-- \/ Yoast SEO plugin. -->","yoast_head_json":{"title":"MAIONESA 80% OLI 250ml - Colmado Singular","robots":{"index":"index","follow":"follow","max-snippet":"max-snippet:-1","max-image-preview":"max-image-preview:large","max-video-preview":"max-video-preview:-1"},"canonical":"https:\/\/colmadosingular.com\/ca\/producto\/mayonesa-80-aceite-250ml\/","og_locale":"ca_ES","og_type":"article","og_title":"MAIONESA 80% OLI 250ml - Colmado Singular","og_description":"ARMANTI Aquesta maionesa destaca de la resta per la seva textura sedosa, lleugera, gaireb\u00e9 gr\u00e0cil. Res no \u00e9s excessiu, ni el seu greix, ni l'acidesa. Juga a l'equilibri entre el gust d'ou i l'aspecte delicat i crem\u00f3s.  Que la maionesa va b\u00e9 amb tot \u00e9s un fet, i si a m\u00e9s el seu delicat sabor ens permet combinar-la amb altres salses (mostassa, t\u00f2fona\u2026) o esp\u00e8cies (pebre vermell, curri, cardamom\u2026) la seva versatilitat \u00e9s infinita. Amb les herbes passa el mateix, tantes com n'hi hagi. Per a ensalada \u00e9s ideal, amb peixos, patates o fins i tot com a espessidor d'algun gaspatxo o salmorejo.","og_url":"https:\/\/colmadosingular.com\/ca\/producto\/mayonesa-80-aceite-250ml\/","og_site_name":"Colmado Singular","article_modified_time":"2026-03-03T15:31:08+00:00","og_image":[{"width":800,"height":800,"url":"https:\/\/colmadosingular.com\/wp-content\/uploads\/2024\/08\/NG003-18530097_OK.jpg","type":"image\/jpeg"}],"twitter_card":"summary_large_image","schema":{"@context":"https:\/\/schema.org","@graph":[{"@type":"WebPage","@id":"https:\/\/colmadosingular.com\/ca\/producto\/mayonesa-80-aceite-250ml\/","url":"https:\/\/colmadosingular.com\/ca\/producto\/mayonesa-80-aceite-250ml\/","name":"MAIONESA 80% OLI 250ml - Colmado Singular","isPartOf":{"@id":"https:\/\/colmadosingular.com\/ca\/#website"},"primaryImageOfPage":{"@id":"https:\/\/colmadosingular.com\/ca\/producto\/mayonesa-80-aceite-250ml\/#primaryimage"},"image":{"@id":"https:\/\/colmadosingular.com\/ca\/producto\/mayonesa-80-aceite-250ml\/#primaryimage"},"thumbnailUrl":"https:\/\/colmadosingular.com\/wp-content\/uploads\/2024\/08\/NG003-18530097_OK.jpg","datePublished":"2024-08-12T14:17:55+00:00","dateModified":"2026-03-03T15:31:08+00:00","breadcrumb":{"@id":"https:\/\/colmadosingular.com\/ca\/producto\/mayonesa-80-aceite-250ml\/#breadcrumb"},"inLanguage":"ca","potentialAction":[{"@type":"ReadAction","target":["https:\/\/colmadosingular.com\/ca\/producto\/mayonesa-80-aceite-250ml\/"]}]},{"@type":"ImageObject","inLanguage":"ca","@id":"https:\/\/colmadosingular.com\/ca\/producto\/mayonesa-80-aceite-250ml\/#primaryimage","url":"https:\/\/colmadosingular.com\/wp-content\/uploads\/2024\/08\/NG003-18530097_OK.jpg","contentUrl":"https:\/\/colmadosingular.com\/wp-content\/uploads\/2024\/08\/NG003-18530097_OK.jpg","width":800,"height":800},{"@type":"BreadcrumbList","@id":"https:\/\/colmadosingular.com\/ca\/producto\/mayonesa-80-aceite-250ml\/#breadcrumb","itemListElement":[{"@type":"ListItem","position":1,"name":"Portada","item":"https:\/\/colmadosingular.com\/ca\/inici\/"},{"@type":"ListItem","position":2,"name":"BOTIGA","item":"https:\/\/colmadosingular.com\/ca\/shop\/"},{"@type":"ListItem","position":3,"name":"MAIONESA 80% OLI 250ml"}]},{"@type":"WebSite","@id":"https:\/\/colmadosingular.com\/ca\/#website","url":"https:\/\/colmadosingular.com\/ca\/","name":"Colmado Singular","description":"","publisher":{"@id":"https:\/\/colmadosingular.com\/ca\/#organization"},"potentialAction":[{"@type":"SearchAction","target":{"@type":"EntryPoint","urlTemplate":"https:\/\/colmadosingular.com\/ca\/?s={search_term_string}"},"query-input":{"@type":"PropertyValueSpecification","valueRequired":true,"valueName":"search_term_string"}}],"inLanguage":"ca"},{"@type":"Organization","@id":"https:\/\/colmadosingular.com\/ca\/#organization","name":"Colmado Singular","url":"https:\/\/colmadosingular.com\/ca\/","logo":{"@type":"ImageObject","inLanguage":"ca","@id":"https:\/\/colmadosingular.com\/ca\/#\/schema\/logo\/image\/","url":"https:\/\/colmadosingular.com\/wp-content\/uploads\/2024\/08\/logo-colmado.svg","contentUrl":"https:\/\/colmadosingular.com\/wp-content\/uploads\/2024\/08\/logo-colmado.svg","width":620,"height":50,"caption":"Colmado Singular"},"image":{"@id":"https:\/\/colmadosingular.com\/ca\/#\/schema\/logo\/image\/"}}]}},"_links":{"self":[{"href":"https:\/\/colmadosingular.com\/ca\/wp-json\/wp\/v2\/product\/986781","targetHints":{"allow":["GET"]}}],"collection":[{"href":"https:\/\/colmadosingular.com\/ca\/wp-json\/wp\/v2\/product"}],"about":[{"href":"https:\/\/colmadosingular.com\/ca\/wp-json\/wp\/v2\/types\/product"}],"wp:featuredmedia":[{"embeddable":true,"href":"https:\/\/colmadosingular.com\/ca\/wp-json\/wp\/v2\/media\/5161"}],"wp:attachment":[{"href":"https:\/\/colmadosingular.com\/ca\/wp-json\/wp\/v2\/media?parent=986781"}],"wp:term":[{"taxonomy":"product_brand","embeddable":true,"href":"https:\/\/colmadosingular.com\/ca\/wp-json\/wp\/v2\/product_brand?post=986781"},{"taxonomy":"product_cat","embeddable":true,"href":"https:\/\/colmadosingular.com\/ca\/wp-json\/wp\/v2\/product_cat?post=986781"},{"taxonomy":"product_tag","embeddable":true,"href":"https:\/\/colmadosingular.com\/ca\/wp-json\/wp\/v2\/product_tag?post=986781"}],"curies":[{"name":"wp","href":"https:\/\/api.w.org\/{rel}","templated":true}]}}