{"id":986783,"date":"2024-08-12T16:17:28","date_gmt":"2024-08-12T14:17:28","guid":{"rendered":"https:\/\/colmadosingular.com\/producto\/arros-acquerello-500g\/"},"modified":"2024-08-12T16:17:28","modified_gmt":"2024-08-12T14:17:28","slug":"arros-acquerello-500g","status":"publish","type":"product","link":"https:\/\/colmadosingular.com\/ca\/producto\/arros-acquerello-500g\/","title":{"rendered":"ARR\u00d2S ACQUERELLO 500g"},"content":{"rendered":"","protected":false},"excerpt":{"rendered":"<p>ACQUERELLO, UN ARR\u00d2S A PROVA DE BOMBA<br \/>Acquerello destaca pel desenvolupament t\u00e8cnic del seu cultiu i perqu\u00e8 ha propiciat un aven\u00e7 substancial en el proc\u00e9s d\u2019enriquiment d\u2019aquesta magn\u00edfica llavor, estrella dels cereals, que ha trobat, en aquesta finca piemontesa, la seva factoria estrella: recerca constant de qualitat i productivitat a l\u2019encal\u00e7 d\u2019una major excel\u00b7l\u00e8ncia gustativa i nutricional.<br \/>\u00c9s potser per tot aix\u00f2, i per tot el que segueix, que il\u00b7lustres xefs del m\u00f3n sencer coincideixen a l\u2019hora de considerar el Carnaroli \u2018The King of the Rice\u2019. I d\u2019altres es rendeixen a la meravella del Rondolino, com Ducasse: \u00abAcquerello \u00e9s el Rolls Royce de l\u2019arr\u00f2s.\u00bb<br \/>Acquerello supera totes les expectatives i tots els tests de qualitat que un bon plat hauria d\u2019exigir<\/p>\n","protected":false},"featured_media":8425,"template":"","meta":{"_acf_changed":false,"_monsterinsights_skip_tracking":false,"_monsterinsights_sitenote_active":false,"_monsterinsights_sitenote_note":"","_monsterinsights_sitenote_category":0,"_joinchat":[]},"product_brand":[],"product_cat":[215,216],"product_tag":[],"class_list":{"0":"post-986783","1":"product","2":"type-product","3":"status-publish","4":"has-post-thumbnail","6":"product_cat-arrossos-i-pastes","7":"product_cat-arros","9":"first","10":"instock","11":"taxable","12":"shipping-taxable","13":"purchasable","14":"product-type-simple"},"acf":[],"yoast_head":"<!-- This site is optimized with the Yoast SEO plugin v24.8.1 - https:\/\/yoast.com\/wordpress\/plugins\/seo\/ -->\n<title>ARR\u00d2S ACQUERELLO 500g - Colmado Singular<\/title>\n<meta name=\"robots\" content=\"index, follow, max-snippet:-1, max-image-preview:large, max-video-preview:-1\" \/>\n<link rel=\"canonical\" href=\"https:\/\/colmadosingular.com\/producto\/arroz-acquerello-500g\/\" \/>\n<meta property=\"og:locale\" content=\"ca_ES\" \/>\n<meta property=\"og:type\" content=\"article\" \/>\n<meta property=\"og:title\" content=\"ARR\u00d2S ACQUERELLO 500g - Colmado Singular\" \/>\n<meta property=\"og:description\" content=\"ACQUERELLO, UN ARR\u00d2S A PROVA DE BOMBAAcquerello destaca pel desenvolupament t\u00e8cnic del seu cultiu i perqu\u00e8 ha propiciat un aven\u00e7 substancial en el proc\u00e9s d\u2019enriquiment d\u2019aquesta magn\u00edfica llavor, estrella dels cereals, que ha trobat, en aquesta finca piemontesa, la seva factoria estrella: recerca constant de qualitat i productivitat a l\u2019encal\u00e7 d\u2019una major excel\u00b7l\u00e8ncia gustativa i nutricional.\u00c9s potser per tot aix\u00f2, i per tot el que segueix, que il\u00b7lustres xefs del m\u00f3n sencer coincideixen a l\u2019hora de considerar el Carnaroli \u2018The King of the Rice\u2019. I d\u2019altres es rendeixen a la meravella del Rondolino, com Ducasse: \u00abAcquerello \u00e9s el Rolls Royce de l\u2019arr\u00f2s.\u00bbAcquerello supera totes les expectatives i tots els tests de qualitat que un bon plat hauria d\u2019exigir\" \/>\n<meta property=\"og:url\" content=\"https:\/\/colmadosingular.com\/producto\/arroz-acquerello-500g\/\" \/>\n<meta property=\"og:site_name\" content=\"Colmado Singular\" \/>\n<meta property=\"og:image\" content=\"https:\/\/colmadosingular.com\/wp-content\/uploads\/2024\/08\/AQ002_24030135BxGris.jpg\" \/>\n\t<meta property=\"og:image:width\" content=\"1200\" \/>\n\t<meta property=\"og:image:height\" content=\"1200\" \/>\n\t<meta property=\"og:image:type\" content=\"image\/jpeg\" \/>\n<meta name=\"twitter:card\" content=\"summary_large_image\" \/>\n<script type=\"application\/ld+json\" class=\"yoast-schema-graph\">{\"@context\":\"https:\/\/schema.org\",\"@graph\":[{\"@type\":\"WebPage\",\"@id\":\"https:\/\/colmadosingular.com\/producto\/arroz-acquerello-500g\/\",\"url\":\"https:\/\/colmadosingular.com\/producto\/arroz-acquerello-500g\/\",\"name\":\"ARR\u00d2S ACQUERELLO 500g - Colmado Singular\",\"isPartOf\":{\"@id\":\"https:\/\/colmadosingular.com\/ca\/#website\"},\"primaryImageOfPage\":{\"@id\":\"https:\/\/colmadosingular.com\/producto\/arroz-acquerello-500g\/#primaryimage\"},\"image\":{\"@id\":\"https:\/\/colmadosingular.com\/producto\/arroz-acquerello-500g\/#primaryimage\"},\"thumbnailUrl\":\"https:\/\/colmadosingular.com\/wp-content\/uploads\/2024\/08\/AQ002_24030135BxGris.jpg\",\"datePublished\":\"2024-08-12T14:17:28+00:00\",\"breadcrumb\":{\"@id\":\"https:\/\/colmadosingular.com\/producto\/arroz-acquerello-500g\/#breadcrumb\"},\"inLanguage\":\"ca\",\"potentialAction\":[{\"@type\":\"ReadAction\",\"target\":[\"https:\/\/colmadosingular.com\/producto\/arroz-acquerello-500g\/\"]}]},{\"@type\":\"ImageObject\",\"inLanguage\":\"ca\",\"@id\":\"https:\/\/colmadosingular.com\/producto\/arroz-acquerello-500g\/#primaryimage\",\"url\":\"https:\/\/colmadosingular.com\/wp-content\/uploads\/2024\/08\/AQ002_24030135BxGris.jpg\",\"contentUrl\":\"https:\/\/colmadosingular.com\/wp-content\/uploads\/2024\/08\/AQ002_24030135BxGris.jpg\",\"width\":1200,\"height\":1200},{\"@type\":\"BreadcrumbList\",\"@id\":\"https:\/\/colmadosingular.com\/producto\/arroz-acquerello-500g\/#breadcrumb\",\"itemListElement\":[{\"@type\":\"ListItem\",\"position\":1,\"name\":\"Portada\",\"item\":\"https:\/\/colmadosingular.com\/ca\/inici\/\"},{\"@type\":\"ListItem\",\"position\":2,\"name\":\"BOTIGA\",\"item\":\"https:\/\/colmadosingular.com\/ca\/shop\/\"},{\"@type\":\"ListItem\",\"position\":3,\"name\":\"ARR\u00d2S ACQUERELLO 500g\"}]},{\"@type\":\"WebSite\",\"@id\":\"https:\/\/colmadosingular.com\/ca\/#website\",\"url\":\"https:\/\/colmadosingular.com\/ca\/\",\"name\":\"Colmado Singular\",\"description\":\"\",\"publisher\":{\"@id\":\"https:\/\/colmadosingular.com\/ca\/#organization\"},\"potentialAction\":[{\"@type\":\"SearchAction\",\"target\":{\"@type\":\"EntryPoint\",\"urlTemplate\":\"https:\/\/colmadosingular.com\/ca\/?s={search_term_string}\"},\"query-input\":{\"@type\":\"PropertyValueSpecification\",\"valueRequired\":true,\"valueName\":\"search_term_string\"}}],\"inLanguage\":\"ca\"},{\"@type\":\"Organization\",\"@id\":\"https:\/\/colmadosingular.com\/ca\/#organization\",\"name\":\"Colmado Singular\",\"url\":\"https:\/\/colmadosingular.com\/ca\/\",\"logo\":{\"@type\":\"ImageObject\",\"inLanguage\":\"ca\",\"@id\":\"https:\/\/colmadosingular.com\/ca\/#\/schema\/logo\/image\/\",\"url\":\"https:\/\/colmadosingular.com\/wp-content\/uploads\/2024\/08\/logo-colmado.svg\",\"contentUrl\":\"https:\/\/colmadosingular.com\/wp-content\/uploads\/2024\/08\/logo-colmado.svg\",\"width\":620,\"height\":50,\"caption\":\"Colmado Singular\"},\"image\":{\"@id\":\"https:\/\/colmadosingular.com\/ca\/#\/schema\/logo\/image\/\"}}]}<\/script>\n<!-- \/ Yoast SEO plugin. -->","yoast_head_json":{"title":"ARR\u00d2S ACQUERELLO 500g - Colmado Singular","robots":{"index":"index","follow":"follow","max-snippet":"max-snippet:-1","max-image-preview":"max-image-preview:large","max-video-preview":"max-video-preview:-1"},"canonical":"https:\/\/colmadosingular.com\/producto\/arroz-acquerello-500g\/","og_locale":"ca_ES","og_type":"article","og_title":"ARR\u00d2S ACQUERELLO 500g - Colmado Singular","og_description":"ACQUERELLO, UN ARR\u00d2S A PROVA DE BOMBAAcquerello destaca pel desenvolupament t\u00e8cnic del seu cultiu i perqu\u00e8 ha propiciat un aven\u00e7 substancial en el proc\u00e9s d\u2019enriquiment d\u2019aquesta magn\u00edfica llavor, estrella dels cereals, que ha trobat, en aquesta finca piemontesa, la seva factoria estrella: recerca constant de qualitat i productivitat a l\u2019encal\u00e7 d\u2019una major excel\u00b7l\u00e8ncia gustativa i nutricional.\u00c9s potser per tot aix\u00f2, i per tot el que segueix, que il\u00b7lustres xefs del m\u00f3n sencer coincideixen a l\u2019hora de considerar el Carnaroli \u2018The King of the Rice\u2019. I d\u2019altres es rendeixen a la meravella del Rondolino, com Ducasse: \u00abAcquerello \u00e9s el Rolls Royce de l\u2019arr\u00f2s.\u00bbAcquerello supera totes les expectatives i tots els tests de qualitat que un bon plat hauria d\u2019exigir","og_url":"https:\/\/colmadosingular.com\/producto\/arroz-acquerello-500g\/","og_site_name":"Colmado Singular","og_image":[{"width":1200,"height":1200,"url":"https:\/\/colmadosingular.com\/wp-content\/uploads\/2024\/08\/AQ002_24030135BxGris.jpg","type":"image\/jpeg"}],"twitter_card":"summary_large_image","schema":{"@context":"https:\/\/schema.org","@graph":[{"@type":"WebPage","@id":"https:\/\/colmadosingular.com\/producto\/arroz-acquerello-500g\/","url":"https:\/\/colmadosingular.com\/producto\/arroz-acquerello-500g\/","name":"ARR\u00d2S ACQUERELLO 500g - Colmado Singular","isPartOf":{"@id":"https:\/\/colmadosingular.com\/ca\/#website"},"primaryImageOfPage":{"@id":"https:\/\/colmadosingular.com\/producto\/arroz-acquerello-500g\/#primaryimage"},"image":{"@id":"https:\/\/colmadosingular.com\/producto\/arroz-acquerello-500g\/#primaryimage"},"thumbnailUrl":"https:\/\/colmadosingular.com\/wp-content\/uploads\/2024\/08\/AQ002_24030135BxGris.jpg","datePublished":"2024-08-12T14:17:28+00:00","breadcrumb":{"@id":"https:\/\/colmadosingular.com\/producto\/arroz-acquerello-500g\/#breadcrumb"},"inLanguage":"ca","potentialAction":[{"@type":"ReadAction","target":["https:\/\/colmadosingular.com\/producto\/arroz-acquerello-500g\/"]}]},{"@type":"ImageObject","inLanguage":"ca","@id":"https:\/\/colmadosingular.com\/producto\/arroz-acquerello-500g\/#primaryimage","url":"https:\/\/colmadosingular.com\/wp-content\/uploads\/2024\/08\/AQ002_24030135BxGris.jpg","contentUrl":"https:\/\/colmadosingular.com\/wp-content\/uploads\/2024\/08\/AQ002_24030135BxGris.jpg","width":1200,"height":1200},{"@type":"BreadcrumbList","@id":"https:\/\/colmadosingular.com\/producto\/arroz-acquerello-500g\/#breadcrumb","itemListElement":[{"@type":"ListItem","position":1,"name":"Portada","item":"https:\/\/colmadosingular.com\/ca\/inici\/"},{"@type":"ListItem","position":2,"name":"BOTIGA","item":"https:\/\/colmadosingular.com\/ca\/shop\/"},{"@type":"ListItem","position":3,"name":"ARR\u00d2S ACQUERELLO 500g"}]},{"@type":"WebSite","@id":"https:\/\/colmadosingular.com\/ca\/#website","url":"https:\/\/colmadosingular.com\/ca\/","name":"Colmado Singular","description":"","publisher":{"@id":"https:\/\/colmadosingular.com\/ca\/#organization"},"potentialAction":[{"@type":"SearchAction","target":{"@type":"EntryPoint","urlTemplate":"https:\/\/colmadosingular.com\/ca\/?s={search_term_string}"},"query-input":{"@type":"PropertyValueSpecification","valueRequired":true,"valueName":"search_term_string"}}],"inLanguage":"ca"},{"@type":"Organization","@id":"https:\/\/colmadosingular.com\/ca\/#organization","name":"Colmado Singular","url":"https:\/\/colmadosingular.com\/ca\/","logo":{"@type":"ImageObject","inLanguage":"ca","@id":"https:\/\/colmadosingular.com\/ca\/#\/schema\/logo\/image\/","url":"https:\/\/colmadosingular.com\/wp-content\/uploads\/2024\/08\/logo-colmado.svg","contentUrl":"https:\/\/colmadosingular.com\/wp-content\/uploads\/2024\/08\/logo-colmado.svg","width":620,"height":50,"caption":"Colmado Singular"},"image":{"@id":"https:\/\/colmadosingular.com\/ca\/#\/schema\/logo\/image\/"}}]}},"_links":{"self":[{"href":"https:\/\/colmadosingular.com\/ca\/wp-json\/wp\/v2\/product\/986783","targetHints":{"allow":["GET"]}}],"collection":[{"href":"https:\/\/colmadosingular.com\/ca\/wp-json\/wp\/v2\/product"}],"about":[{"href":"https:\/\/colmadosingular.com\/ca\/wp-json\/wp\/v2\/types\/product"}],"wp:featuredmedia":[{"embeddable":true,"href":"https:\/\/colmadosingular.com\/ca\/wp-json\/wp\/v2\/media\/8425"}],"wp:attachment":[{"href":"https:\/\/colmadosingular.com\/ca\/wp-json\/wp\/v2\/media?parent=986783"}],"wp:term":[{"taxonomy":"product_brand","embeddable":true,"href":"https:\/\/colmadosingular.com\/ca\/wp-json\/wp\/v2\/product_brand?post=986783"},{"taxonomy":"product_cat","embeddable":true,"href":"https:\/\/colmadosingular.com\/ca\/wp-json\/wp\/v2\/product_cat?post=986783"},{"taxonomy":"product_tag","embeddable":true,"href":"https:\/\/colmadosingular.com\/ca\/wp-json\/wp\/v2\/product_tag?post=986783"}],"curies":[{"name":"wp","href":"https:\/\/api.w.org\/{rel}","templated":true}]}}