{"id":986840,"date":"2024-08-12T16:17:32","date_gmt":"2024-08-12T14:17:32","guid":{"rendered":"https:\/\/colmadosingular.com\/producto\/vinagre-sopraffino\/"},"modified":"2025-02-16T00:24:56","modified_gmt":"2025-02-15T23:24:56","slug":"vinagre-sopraffino","status":"publish","type":"product","link":"https:\/\/colmadosingular.com\/ca\/producto\/vinagre-sopraffino\/","title":{"rendered":"VINAGRE SOPRAFFINO 200 ml"},"content":{"rendered":"","protected":false},"excerpt":{"rendered":"<p>SOPRAFFINO, ACETO DEGLI ESTENSI<\/p>\n<p>Luceschi enarbora aquest nom hist\u00f2ric registrat abans que l\u2019aceto bals\u00e0mic i elaborat amb cabernet sauvignon envellit un m\u00ednim de sis anys.<\/p>\n<p>Des del 1550, gr\u00e0cies a la brillant intu\u00efci\u00f3 del mestre de la casa, Cristoforo Messisburgo, la Casa Ducal Estense produ\u00ed un preat condiment anomenat Aceto Sopraffino, destinat a embellir, condimentar i preservar els plats de la refinada cuina de la cort Estense.<br \/>\nPer anar m\u00e9s enll\u00e0\u2026<br \/>\nIdeal per condimentar gaspatxos o llenties amb xori\u00e7 (i on m\u00e9s que un rajol\u00ed d\u2019oli, en conv\u00e9 un de vinagre).<\/p>\n","protected":false},"featured_media":5153,"template":"","meta":{"_acf_changed":false,"_monsterinsights_skip_tracking":false,"_monsterinsights_sitenote_active":false,"_monsterinsights_sitenote_note":"","_monsterinsights_sitenote_category":0,"_joinchat":[]},"product_brand":[],"product_cat":[170,221],"product_tag":[],"class_list":{"0":"post-986840","1":"product","2":"type-product","3":"status-publish","4":"has-post-thumbnail","6":"product_cat-olis-i-vinagres","7":"product_cat-vinagres-ca","9":"first","10":"instock","11":"taxable","12":"shipping-taxable","13":"purchasable","14":"product-type-simple"},"acf":[],"yoast_head":"<!-- This site is optimized with the Yoast SEO plugin v24.8.1 - https:\/\/yoast.com\/wordpress\/plugins\/seo\/ -->\n<title>VINAGRE SOPRAFFINO 200 ml - Colmado Singular<\/title>\n<meta name=\"robots\" content=\"index, follow, max-snippet:-1, max-image-preview:large, max-video-preview:-1\" \/>\n<link rel=\"canonical\" href=\"https:\/\/colmadosingular.com\/ca\/producto\/vinagre-sopraffino\/\" \/>\n<meta property=\"og:locale\" content=\"ca_ES\" \/>\n<meta property=\"og:type\" content=\"article\" \/>\n<meta property=\"og:title\" content=\"VINAGRE SOPRAFFINO 200 ml - Colmado Singular\" \/>\n<meta property=\"og:description\" content=\"SOPRAFFINO, ACETO DEGLI ESTENSI Luceschi enarbora aquest nom hist\u00f2ric registrat abans que l\u2019aceto bals\u00e0mic i elaborat amb cabernet sauvignon envellit un m\u00ednim de sis anys. Des del 1550, gr\u00e0cies a la brillant intu\u00efci\u00f3 del mestre de la casa, Cristoforo Messisburgo, la Casa Ducal Estense produ\u00ed un preat condiment anomenat Aceto Sopraffino, destinat a embellir, condimentar i preservar els plats de la refinada cuina de la cort Estense. Per anar m\u00e9s enll\u00e0\u2026 Ideal per condimentar gaspatxos o llenties amb xori\u00e7 (i on m\u00e9s que un rajol\u00ed d\u2019oli, en conv\u00e9 un de vinagre).\" \/>\n<meta property=\"og:url\" content=\"https:\/\/colmadosingular.com\/ca\/producto\/vinagre-sopraffino\/\" \/>\n<meta property=\"og:site_name\" content=\"Colmado Singular\" \/>\n<meta property=\"article:modified_time\" content=\"2025-02-15T23:24:56+00:00\" \/>\n<meta property=\"og:image\" content=\"https:\/\/colmadosingular.com\/wp-content\/uploads\/2024\/08\/SF001-185303068_OK.jpg\" \/>\n\t<meta property=\"og:image:width\" content=\"800\" \/>\n\t<meta property=\"og:image:height\" content=\"800\" \/>\n\t<meta property=\"og:image:type\" content=\"image\/jpeg\" \/>\n<meta name=\"twitter:card\" content=\"summary_large_image\" \/>\n<meta name=\"twitter:label1\" content=\"Temps estimat de lectura\" \/>\n\t<meta name=\"twitter:data1\" content=\"1 minut\" \/>\n<script type=\"application\/ld+json\" class=\"yoast-schema-graph\">{\"@context\":\"https:\/\/schema.org\",\"@graph\":[{\"@type\":\"WebPage\",\"@id\":\"https:\/\/colmadosingular.com\/ca\/producto\/vinagre-sopraffino\/\",\"url\":\"https:\/\/colmadosingular.com\/ca\/producto\/vinagre-sopraffino\/\",\"name\":\"VINAGRE SOPRAFFINO 200 ml - Colmado Singular\",\"isPartOf\":{\"@id\":\"https:\/\/colmadosingular.com\/ca\/#website\"},\"primaryImageOfPage\":{\"@id\":\"https:\/\/colmadosingular.com\/ca\/producto\/vinagre-sopraffino\/#primaryimage\"},\"image\":{\"@id\":\"https:\/\/colmadosingular.com\/ca\/producto\/vinagre-sopraffino\/#primaryimage\"},\"thumbnailUrl\":\"https:\/\/colmadosingular.com\/wp-content\/uploads\/2024\/08\/SF001-185303068_OK.jpg\",\"datePublished\":\"2024-08-12T14:17:32+00:00\",\"dateModified\":\"2025-02-15T23:24:56+00:00\",\"breadcrumb\":{\"@id\":\"https:\/\/colmadosingular.com\/ca\/producto\/vinagre-sopraffino\/#breadcrumb\"},\"inLanguage\":\"ca\",\"potentialAction\":[{\"@type\":\"ReadAction\",\"target\":[\"https:\/\/colmadosingular.com\/ca\/producto\/vinagre-sopraffino\/\"]}]},{\"@type\":\"ImageObject\",\"inLanguage\":\"ca\",\"@id\":\"https:\/\/colmadosingular.com\/ca\/producto\/vinagre-sopraffino\/#primaryimage\",\"url\":\"https:\/\/colmadosingular.com\/wp-content\/uploads\/2024\/08\/SF001-185303068_OK.jpg\",\"contentUrl\":\"https:\/\/colmadosingular.com\/wp-content\/uploads\/2024\/08\/SF001-185303068_OK.jpg\",\"width\":800,\"height\":800},{\"@type\":\"BreadcrumbList\",\"@id\":\"https:\/\/colmadosingular.com\/ca\/producto\/vinagre-sopraffino\/#breadcrumb\",\"itemListElement\":[{\"@type\":\"ListItem\",\"position\":1,\"name\":\"Portada\",\"item\":\"https:\/\/colmadosingular.com\/ca\/inici\/\"},{\"@type\":\"ListItem\",\"position\":2,\"name\":\"BOTIGA\",\"item\":\"https:\/\/colmadosingular.com\/ca\/shop\/\"},{\"@type\":\"ListItem\",\"position\":3,\"name\":\"VINAGRE SOPRAFFINO 200 ml\"}]},{\"@type\":\"WebSite\",\"@id\":\"https:\/\/colmadosingular.com\/ca\/#website\",\"url\":\"https:\/\/colmadosingular.com\/ca\/\",\"name\":\"Colmado Singular\",\"description\":\"\",\"publisher\":{\"@id\":\"https:\/\/colmadosingular.com\/ca\/#organization\"},\"potentialAction\":[{\"@type\":\"SearchAction\",\"target\":{\"@type\":\"EntryPoint\",\"urlTemplate\":\"https:\/\/colmadosingular.com\/ca\/?s={search_term_string}\"},\"query-input\":{\"@type\":\"PropertyValueSpecification\",\"valueRequired\":true,\"valueName\":\"search_term_string\"}}],\"inLanguage\":\"ca\"},{\"@type\":\"Organization\",\"@id\":\"https:\/\/colmadosingular.com\/ca\/#organization\",\"name\":\"Colmado Singular\",\"url\":\"https:\/\/colmadosingular.com\/ca\/\",\"logo\":{\"@type\":\"ImageObject\",\"inLanguage\":\"ca\",\"@id\":\"https:\/\/colmadosingular.com\/ca\/#\/schema\/logo\/image\/\",\"url\":\"https:\/\/colmadosingular.com\/wp-content\/uploads\/2024\/08\/logo-colmado.svg\",\"contentUrl\":\"https:\/\/colmadosingular.com\/wp-content\/uploads\/2024\/08\/logo-colmado.svg\",\"width\":620,\"height\":50,\"caption\":\"Colmado Singular\"},\"image\":{\"@id\":\"https:\/\/colmadosingular.com\/ca\/#\/schema\/logo\/image\/\"}}]}<\/script>\n<!-- \/ Yoast SEO plugin. -->","yoast_head_json":{"title":"VINAGRE SOPRAFFINO 200 ml - Colmado Singular","robots":{"index":"index","follow":"follow","max-snippet":"max-snippet:-1","max-image-preview":"max-image-preview:large","max-video-preview":"max-video-preview:-1"},"canonical":"https:\/\/colmadosingular.com\/ca\/producto\/vinagre-sopraffino\/","og_locale":"ca_ES","og_type":"article","og_title":"VINAGRE SOPRAFFINO 200 ml - Colmado Singular","og_description":"SOPRAFFINO, ACETO DEGLI ESTENSI Luceschi enarbora aquest nom hist\u00f2ric registrat abans que l\u2019aceto bals\u00e0mic i elaborat amb cabernet sauvignon envellit un m\u00ednim de sis anys. Des del 1550, gr\u00e0cies a la brillant intu\u00efci\u00f3 del mestre de la casa, Cristoforo Messisburgo, la Casa Ducal Estense produ\u00ed un preat condiment anomenat Aceto Sopraffino, destinat a embellir, condimentar i preservar els plats de la refinada cuina de la cort Estense. Per anar m\u00e9s enll\u00e0\u2026 Ideal per condimentar gaspatxos o llenties amb xori\u00e7 (i on m\u00e9s que un rajol\u00ed d\u2019oli, en conv\u00e9 un de vinagre).","og_url":"https:\/\/colmadosingular.com\/ca\/producto\/vinagre-sopraffino\/","og_site_name":"Colmado Singular","article_modified_time":"2025-02-15T23:24:56+00:00","og_image":[{"width":800,"height":800,"url":"https:\/\/colmadosingular.com\/wp-content\/uploads\/2024\/08\/SF001-185303068_OK.jpg","type":"image\/jpeg"}],"twitter_card":"summary_large_image","twitter_misc":{"Temps estimat de lectura":"1 minut"},"schema":{"@context":"https:\/\/schema.org","@graph":[{"@type":"WebPage","@id":"https:\/\/colmadosingular.com\/ca\/producto\/vinagre-sopraffino\/","url":"https:\/\/colmadosingular.com\/ca\/producto\/vinagre-sopraffino\/","name":"VINAGRE SOPRAFFINO 200 ml - Colmado Singular","isPartOf":{"@id":"https:\/\/colmadosingular.com\/ca\/#website"},"primaryImageOfPage":{"@id":"https:\/\/colmadosingular.com\/ca\/producto\/vinagre-sopraffino\/#primaryimage"},"image":{"@id":"https:\/\/colmadosingular.com\/ca\/producto\/vinagre-sopraffino\/#primaryimage"},"thumbnailUrl":"https:\/\/colmadosingular.com\/wp-content\/uploads\/2024\/08\/SF001-185303068_OK.jpg","datePublished":"2024-08-12T14:17:32+00:00","dateModified":"2025-02-15T23:24:56+00:00","breadcrumb":{"@id":"https:\/\/colmadosingular.com\/ca\/producto\/vinagre-sopraffino\/#breadcrumb"},"inLanguage":"ca","potentialAction":[{"@type":"ReadAction","target":["https:\/\/colmadosingular.com\/ca\/producto\/vinagre-sopraffino\/"]}]},{"@type":"ImageObject","inLanguage":"ca","@id":"https:\/\/colmadosingular.com\/ca\/producto\/vinagre-sopraffino\/#primaryimage","url":"https:\/\/colmadosingular.com\/wp-content\/uploads\/2024\/08\/SF001-185303068_OK.jpg","contentUrl":"https:\/\/colmadosingular.com\/wp-content\/uploads\/2024\/08\/SF001-185303068_OK.jpg","width":800,"height":800},{"@type":"BreadcrumbList","@id":"https:\/\/colmadosingular.com\/ca\/producto\/vinagre-sopraffino\/#breadcrumb","itemListElement":[{"@type":"ListItem","position":1,"name":"Portada","item":"https:\/\/colmadosingular.com\/ca\/inici\/"},{"@type":"ListItem","position":2,"name":"BOTIGA","item":"https:\/\/colmadosingular.com\/ca\/shop\/"},{"@type":"ListItem","position":3,"name":"VINAGRE SOPRAFFINO 200 ml"}]},{"@type":"WebSite","@id":"https:\/\/colmadosingular.com\/ca\/#website","url":"https:\/\/colmadosingular.com\/ca\/","name":"Colmado Singular","description":"","publisher":{"@id":"https:\/\/colmadosingular.com\/ca\/#organization"},"potentialAction":[{"@type":"SearchAction","target":{"@type":"EntryPoint","urlTemplate":"https:\/\/colmadosingular.com\/ca\/?s={search_term_string}"},"query-input":{"@type":"PropertyValueSpecification","valueRequired":true,"valueName":"search_term_string"}}],"inLanguage":"ca"},{"@type":"Organization","@id":"https:\/\/colmadosingular.com\/ca\/#organization","name":"Colmado Singular","url":"https:\/\/colmadosingular.com\/ca\/","logo":{"@type":"ImageObject","inLanguage":"ca","@id":"https:\/\/colmadosingular.com\/ca\/#\/schema\/logo\/image\/","url":"https:\/\/colmadosingular.com\/wp-content\/uploads\/2024\/08\/logo-colmado.svg","contentUrl":"https:\/\/colmadosingular.com\/wp-content\/uploads\/2024\/08\/logo-colmado.svg","width":620,"height":50,"caption":"Colmado Singular"},"image":{"@id":"https:\/\/colmadosingular.com\/ca\/#\/schema\/logo\/image\/"}}]}},"_links":{"self":[{"href":"https:\/\/colmadosingular.com\/ca\/wp-json\/wp\/v2\/product\/986840","targetHints":{"allow":["GET"]}}],"collection":[{"href":"https:\/\/colmadosingular.com\/ca\/wp-json\/wp\/v2\/product"}],"about":[{"href":"https:\/\/colmadosingular.com\/ca\/wp-json\/wp\/v2\/types\/product"}],"wp:featuredmedia":[{"embeddable":true,"href":"https:\/\/colmadosingular.com\/ca\/wp-json\/wp\/v2\/media\/5153"}],"wp:attachment":[{"href":"https:\/\/colmadosingular.com\/ca\/wp-json\/wp\/v2\/media?parent=986840"}],"wp:term":[{"taxonomy":"product_brand","embeddable":true,"href":"https:\/\/colmadosingular.com\/ca\/wp-json\/wp\/v2\/product_brand?post=986840"},{"taxonomy":"product_cat","embeddable":true,"href":"https:\/\/colmadosingular.com\/ca\/wp-json\/wp\/v2\/product_cat?post=986840"},{"taxonomy":"product_tag","embeddable":true,"href":"https:\/\/colmadosingular.com\/ca\/wp-json\/wp\/v2\/product_tag?post=986840"}],"curies":[{"name":"wp","href":"https:\/\/api.w.org\/{rel}","templated":true}]}}