{"id":986846,"date":"2024-08-12T16:22:36","date_gmt":"2024-08-12T14:22:36","guid":{"rendered":"https:\/\/colmadosingular.com\/producto\/crema-de-aceitunas-negras-550g\/"},"modified":"2025-02-16T00:47:05","modified_gmt":"2025-02-15T23:47:05","slug":"crema-de-aceitunas-negras-550g","status":"publish","type":"product","link":"https:\/\/colmadosingular.com\/ca\/producto\/crema-de-aceitunas-negras-550g\/","title":{"rendered":"CREMA D&#8217;OLIVES NEGRES 550g"},"content":{"rendered":"","protected":false},"excerpt":{"rendered":"<p>DE CARLO<\/p>\n<p>Elaborat exclusivament amb olives de l&#8217;Azienda Agricola De Carlo, i utilitzant ingredients de primera elecci\u00f3, com l&#8217;oli d&#8217;oliva verge extra d&#8217;oliva de Frantoio De Carlo.<\/p>\n<p>Crema d&#8217;olives negres<br \/>\nOli d\u00b4oliva verge extra, sal, regulador d\u00b4acidesa. Es caracteritza per una frag\u00e0ncia neta d&#8217;oliva i un sabor fort. <\/p>\n<p>Per anar m\u00e9s enll\u00e0\u2026<br \/>\nAmb saboroses bruschettas, sandvitxos, plats de pasta freda, risottos d&#8217;Acquerello, pizzes de Gusto Palatino o per acompanyar formatges durs i carn tova.<\/p>\n","protected":false},"featured_media":5590,"template":"","meta":{"_acf_changed":false,"_monsterinsights_skip_tracking":false,"_monsterinsights_sitenote_active":false,"_monsterinsights_sitenote_note":"","_monsterinsights_sitenote_category":0,"_joinchat":[]},"product_brand":[],"product_cat":[232,233],"product_tag":[],"class_list":{"0":"post-986846","1":"product","2":"type-product","3":"status-publish","4":"has-post-thumbnail","6":"product_cat-conserves-vegetals","7":"product_cat-olives","9":"first","10":"instock","11":"taxable","12":"shipping-taxable","13":"purchasable","14":"product-type-simple"},"acf":[],"yoast_head":"<!-- This site is optimized with the Yoast SEO plugin v24.8.1 - https:\/\/yoast.com\/wordpress\/plugins\/seo\/ -->\n<title>CREMA D&#039;OLIVES NEGRES 550g - Colmado Singular<\/title>\n<meta name=\"robots\" content=\"index, follow, max-snippet:-1, max-image-preview:large, max-video-preview:-1\" \/>\n<link rel=\"canonical\" href=\"https:\/\/colmadosingular.com\/ca\/producto\/crema-de-aceitunas-negras-550g\/\" \/>\n<meta property=\"og:locale\" content=\"ca_ES\" \/>\n<meta property=\"og:type\" content=\"article\" \/>\n<meta property=\"og:title\" content=\"CREMA D&#039;OLIVES NEGRES 550g - Colmado Singular\" \/>\n<meta property=\"og:description\" content=\"DE CARLO Elaborat exclusivament amb olives de l&#039;Azienda Agricola De Carlo, i utilitzant ingredients de primera elecci\u00f3, com l&#039;oli d&#039;oliva verge extra d&#039;oliva de Frantoio De Carlo. Crema d&#039;olives negres Oli d\u00b4oliva verge extra, sal, regulador d\u00b4acidesa. Es caracteritza per una frag\u00e0ncia neta d&#039;oliva i un sabor fort.  Per anar m\u00e9s enll\u00e0\u2026 Amb saboroses bruschettas, sandvitxos, plats de pasta freda, risottos d&#039;Acquerello, pizzes de Gusto Palatino o per acompanyar formatges durs i carn tova.\" \/>\n<meta property=\"og:url\" content=\"https:\/\/colmadosingular.com\/ca\/producto\/crema-de-aceitunas-negras-550g\/\" \/>\n<meta property=\"og:site_name\" content=\"Colmado Singular\" \/>\n<meta property=\"article:modified_time\" content=\"2025-02-15T23:47:05+00:00\" \/>\n<meta property=\"og:image\" content=\"https:\/\/colmadosingular.com\/wp-content\/uploads\/2024\/08\/DC019-18530129_OK.jpg\" \/>\n\t<meta property=\"og:image:width\" content=\"800\" \/>\n\t<meta property=\"og:image:height\" content=\"800\" \/>\n\t<meta property=\"og:image:type\" content=\"image\/jpeg\" \/>\n<meta name=\"twitter:card\" content=\"summary_large_image\" \/>\n<meta name=\"twitter:label1\" content=\"Temps estimat de lectura\" \/>\n\t<meta name=\"twitter:data1\" content=\"1 minut\" \/>\n<script type=\"application\/ld+json\" class=\"yoast-schema-graph\">{\"@context\":\"https:\/\/schema.org\",\"@graph\":[{\"@type\":\"WebPage\",\"@id\":\"https:\/\/colmadosingular.com\/ca\/producto\/crema-de-aceitunas-negras-550g\/\",\"url\":\"https:\/\/colmadosingular.com\/ca\/producto\/crema-de-aceitunas-negras-550g\/\",\"name\":\"CREMA D'OLIVES NEGRES 550g - Colmado Singular\",\"isPartOf\":{\"@id\":\"https:\/\/colmadosingular.com\/ca\/#website\"},\"primaryImageOfPage\":{\"@id\":\"https:\/\/colmadosingular.com\/ca\/producto\/crema-de-aceitunas-negras-550g\/#primaryimage\"},\"image\":{\"@id\":\"https:\/\/colmadosingular.com\/ca\/producto\/crema-de-aceitunas-negras-550g\/#primaryimage\"},\"thumbnailUrl\":\"https:\/\/colmadosingular.com\/wp-content\/uploads\/2024\/08\/DC019-18530129_OK.jpg\",\"datePublished\":\"2024-08-12T14:22:36+00:00\",\"dateModified\":\"2025-02-15T23:47:05+00:00\",\"breadcrumb\":{\"@id\":\"https:\/\/colmadosingular.com\/ca\/producto\/crema-de-aceitunas-negras-550g\/#breadcrumb\"},\"inLanguage\":\"ca\",\"potentialAction\":[{\"@type\":\"ReadAction\",\"target\":[\"https:\/\/colmadosingular.com\/ca\/producto\/crema-de-aceitunas-negras-550g\/\"]}]},{\"@type\":\"ImageObject\",\"inLanguage\":\"ca\",\"@id\":\"https:\/\/colmadosingular.com\/ca\/producto\/crema-de-aceitunas-negras-550g\/#primaryimage\",\"url\":\"https:\/\/colmadosingular.com\/wp-content\/uploads\/2024\/08\/DC019-18530129_OK.jpg\",\"contentUrl\":\"https:\/\/colmadosingular.com\/wp-content\/uploads\/2024\/08\/DC019-18530129_OK.jpg\",\"width\":800,\"height\":800},{\"@type\":\"BreadcrumbList\",\"@id\":\"https:\/\/colmadosingular.com\/ca\/producto\/crema-de-aceitunas-negras-550g\/#breadcrumb\",\"itemListElement\":[{\"@type\":\"ListItem\",\"position\":1,\"name\":\"Portada\",\"item\":\"https:\/\/colmadosingular.com\/ca\/inici\/\"},{\"@type\":\"ListItem\",\"position\":2,\"name\":\"BOTIGA\",\"item\":\"https:\/\/colmadosingular.com\/ca\/shop\/\"},{\"@type\":\"ListItem\",\"position\":3,\"name\":\"CREMA D&#8217;OLIVES NEGRES 550g\"}]},{\"@type\":\"WebSite\",\"@id\":\"https:\/\/colmadosingular.com\/ca\/#website\",\"url\":\"https:\/\/colmadosingular.com\/ca\/\",\"name\":\"Colmado Singular\",\"description\":\"\",\"publisher\":{\"@id\":\"https:\/\/colmadosingular.com\/ca\/#organization\"},\"potentialAction\":[{\"@type\":\"SearchAction\",\"target\":{\"@type\":\"EntryPoint\",\"urlTemplate\":\"https:\/\/colmadosingular.com\/ca\/?s={search_term_string}\"},\"query-input\":{\"@type\":\"PropertyValueSpecification\",\"valueRequired\":true,\"valueName\":\"search_term_string\"}}],\"inLanguage\":\"ca\"},{\"@type\":\"Organization\",\"@id\":\"https:\/\/colmadosingular.com\/ca\/#organization\",\"name\":\"Colmado Singular\",\"url\":\"https:\/\/colmadosingular.com\/ca\/\",\"logo\":{\"@type\":\"ImageObject\",\"inLanguage\":\"ca\",\"@id\":\"https:\/\/colmadosingular.com\/ca\/#\/schema\/logo\/image\/\",\"url\":\"https:\/\/colmadosingular.com\/wp-content\/uploads\/2024\/08\/logo-colmado.svg\",\"contentUrl\":\"https:\/\/colmadosingular.com\/wp-content\/uploads\/2024\/08\/logo-colmado.svg\",\"width\":620,\"height\":50,\"caption\":\"Colmado Singular\"},\"image\":{\"@id\":\"https:\/\/colmadosingular.com\/ca\/#\/schema\/logo\/image\/\"}}]}<\/script>\n<!-- \/ Yoast SEO plugin. -->","yoast_head_json":{"title":"CREMA D'OLIVES NEGRES 550g - Colmado Singular","robots":{"index":"index","follow":"follow","max-snippet":"max-snippet:-1","max-image-preview":"max-image-preview:large","max-video-preview":"max-video-preview:-1"},"canonical":"https:\/\/colmadosingular.com\/ca\/producto\/crema-de-aceitunas-negras-550g\/","og_locale":"ca_ES","og_type":"article","og_title":"CREMA D'OLIVES NEGRES 550g - Colmado Singular","og_description":"DE CARLO Elaborat exclusivament amb olives de l'Azienda Agricola De Carlo, i utilitzant ingredients de primera elecci\u00f3, com l'oli d'oliva verge extra d'oliva de Frantoio De Carlo. Crema d'olives negres Oli d\u00b4oliva verge extra, sal, regulador d\u00b4acidesa. Es caracteritza per una frag\u00e0ncia neta d'oliva i un sabor fort.  Per anar m\u00e9s enll\u00e0\u2026 Amb saboroses bruschettas, sandvitxos, plats de pasta freda, risottos d'Acquerello, pizzes de Gusto Palatino o per acompanyar formatges durs i carn tova.","og_url":"https:\/\/colmadosingular.com\/ca\/producto\/crema-de-aceitunas-negras-550g\/","og_site_name":"Colmado Singular","article_modified_time":"2025-02-15T23:47:05+00:00","og_image":[{"width":800,"height":800,"url":"https:\/\/colmadosingular.com\/wp-content\/uploads\/2024\/08\/DC019-18530129_OK.jpg","type":"image\/jpeg"}],"twitter_card":"summary_large_image","twitter_misc":{"Temps estimat de lectura":"1 minut"},"schema":{"@context":"https:\/\/schema.org","@graph":[{"@type":"WebPage","@id":"https:\/\/colmadosingular.com\/ca\/producto\/crema-de-aceitunas-negras-550g\/","url":"https:\/\/colmadosingular.com\/ca\/producto\/crema-de-aceitunas-negras-550g\/","name":"CREMA D'OLIVES NEGRES 550g - Colmado Singular","isPartOf":{"@id":"https:\/\/colmadosingular.com\/ca\/#website"},"primaryImageOfPage":{"@id":"https:\/\/colmadosingular.com\/ca\/producto\/crema-de-aceitunas-negras-550g\/#primaryimage"},"image":{"@id":"https:\/\/colmadosingular.com\/ca\/producto\/crema-de-aceitunas-negras-550g\/#primaryimage"},"thumbnailUrl":"https:\/\/colmadosingular.com\/wp-content\/uploads\/2024\/08\/DC019-18530129_OK.jpg","datePublished":"2024-08-12T14:22:36+00:00","dateModified":"2025-02-15T23:47:05+00:00","breadcrumb":{"@id":"https:\/\/colmadosingular.com\/ca\/producto\/crema-de-aceitunas-negras-550g\/#breadcrumb"},"inLanguage":"ca","potentialAction":[{"@type":"ReadAction","target":["https:\/\/colmadosingular.com\/ca\/producto\/crema-de-aceitunas-negras-550g\/"]}]},{"@type":"ImageObject","inLanguage":"ca","@id":"https:\/\/colmadosingular.com\/ca\/producto\/crema-de-aceitunas-negras-550g\/#primaryimage","url":"https:\/\/colmadosingular.com\/wp-content\/uploads\/2024\/08\/DC019-18530129_OK.jpg","contentUrl":"https:\/\/colmadosingular.com\/wp-content\/uploads\/2024\/08\/DC019-18530129_OK.jpg","width":800,"height":800},{"@type":"BreadcrumbList","@id":"https:\/\/colmadosingular.com\/ca\/producto\/crema-de-aceitunas-negras-550g\/#breadcrumb","itemListElement":[{"@type":"ListItem","position":1,"name":"Portada","item":"https:\/\/colmadosingular.com\/ca\/inici\/"},{"@type":"ListItem","position":2,"name":"BOTIGA","item":"https:\/\/colmadosingular.com\/ca\/shop\/"},{"@type":"ListItem","position":3,"name":"CREMA D&#8217;OLIVES NEGRES 550g"}]},{"@type":"WebSite","@id":"https:\/\/colmadosingular.com\/ca\/#website","url":"https:\/\/colmadosingular.com\/ca\/","name":"Colmado Singular","description":"","publisher":{"@id":"https:\/\/colmadosingular.com\/ca\/#organization"},"potentialAction":[{"@type":"SearchAction","target":{"@type":"EntryPoint","urlTemplate":"https:\/\/colmadosingular.com\/ca\/?s={search_term_string}"},"query-input":{"@type":"PropertyValueSpecification","valueRequired":true,"valueName":"search_term_string"}}],"inLanguage":"ca"},{"@type":"Organization","@id":"https:\/\/colmadosingular.com\/ca\/#organization","name":"Colmado Singular","url":"https:\/\/colmadosingular.com\/ca\/","logo":{"@type":"ImageObject","inLanguage":"ca","@id":"https:\/\/colmadosingular.com\/ca\/#\/schema\/logo\/image\/","url":"https:\/\/colmadosingular.com\/wp-content\/uploads\/2024\/08\/logo-colmado.svg","contentUrl":"https:\/\/colmadosingular.com\/wp-content\/uploads\/2024\/08\/logo-colmado.svg","width":620,"height":50,"caption":"Colmado Singular"},"image":{"@id":"https:\/\/colmadosingular.com\/ca\/#\/schema\/logo\/image\/"}}]}},"_links":{"self":[{"href":"https:\/\/colmadosingular.com\/ca\/wp-json\/wp\/v2\/product\/986846","targetHints":{"allow":["GET"]}}],"collection":[{"href":"https:\/\/colmadosingular.com\/ca\/wp-json\/wp\/v2\/product"}],"about":[{"href":"https:\/\/colmadosingular.com\/ca\/wp-json\/wp\/v2\/types\/product"}],"wp:featuredmedia":[{"embeddable":true,"href":"https:\/\/colmadosingular.com\/ca\/wp-json\/wp\/v2\/media\/5590"}],"wp:attachment":[{"href":"https:\/\/colmadosingular.com\/ca\/wp-json\/wp\/v2\/media?parent=986846"}],"wp:term":[{"taxonomy":"product_brand","embeddable":true,"href":"https:\/\/colmadosingular.com\/ca\/wp-json\/wp\/v2\/product_brand?post=986846"},{"taxonomy":"product_cat","embeddable":true,"href":"https:\/\/colmadosingular.com\/ca\/wp-json\/wp\/v2\/product_cat?post=986846"},{"taxonomy":"product_tag","embeddable":true,"href":"https:\/\/colmadosingular.com\/ca\/wp-json\/wp\/v2\/product_tag?post=986846"}],"curies":[{"name":"wp","href":"https:\/\/api.w.org\/{rel}","templated":true}]}}