{"id":986908,"date":"2024-08-12T16:22:35","date_gmt":"2024-08-12T14:22:35","guid":{"rendered":"https:\/\/colmadosingular.com\/producto\/crema-de-corazon-de-alcachofa-530g\/"},"modified":"2025-02-19T11:45:31","modified_gmt":"2025-02-19T10:45:31","slug":"crema-de-corazon-de-alcachofa-530g","status":"publish","type":"product","link":"https:\/\/colmadosingular.com\/ca\/producto\/crema-de-corazon-de-alcachofa-530g\/","title":{"rendered":"CREMA DE COR DE CARXOFA 530g"},"content":{"rendered":"","protected":false},"excerpt":{"rendered":"<p data-start=\"0\" data-end=\"30\">DE CARLO, CUORE VERDE NUDO<\/p>\n<p data-start=\"32\" data-end=\"253\">Primer va arribar l&#8217;oli i despr\u00e9s la hortalissa. L&#8217;estrella de les conserves De Carlo \u00e9s un delici\u00f3s bocat verd, un pur i cruixent cor de carxofa atresorat en oli d&#8217;oliva verge\u00a0 de la mateixa finca.<\/p>\n<p data-start=\"255\" data-end=\"478\" data-is-last-node=\"\">Deliciosa crema untable obtinguda dels tendres cors de carxofes de Pulla, processada en poques hores despr\u00e9s de la collita i enriquida amb preuat oli d&#8217;oliva verge extra, tots els ingredients cultivats a la granja De Carlo.<\/p>\n","protected":false},"featured_media":8499,"template":"","meta":{"_acf_changed":false,"_monsterinsights_skip_tracking":false,"_monsterinsights_sitenote_active":false,"_monsterinsights_sitenote_note":"","_monsterinsights_sitenote_category":0,"_joinchat":[]},"product_brand":[],"product_cat":[232,234],"product_tag":[],"class_list":{"0":"post-986908","1":"product","2":"type-product","3":"status-publish","4":"has-post-thumbnail","6":"product_cat-conserves-vegetals","7":"product_cat-carxofes","9":"first","10":"instock","11":"taxable","12":"shipping-taxable","13":"purchasable","14":"product-type-simple"},"acf":[],"yoast_head":"<!-- This site is optimized with the Yoast SEO plugin v24.8.1 - https:\/\/yoast.com\/wordpress\/plugins\/seo\/ -->\n<title>CREMA DE COR DE CARXOFA 530g - Colmado Singular<\/title>\n<meta name=\"robots\" content=\"index, follow, max-snippet:-1, max-image-preview:large, max-video-preview:-1\" \/>\n<link rel=\"canonical\" href=\"https:\/\/colmadosingular.com\/ca\/producto\/crema-de-corazon-de-alcachofa-530g\/\" \/>\n<meta property=\"og:locale\" content=\"ca_ES\" \/>\n<meta property=\"og:type\" content=\"article\" \/>\n<meta property=\"og:title\" content=\"CREMA DE COR DE CARXOFA 530g - Colmado Singular\" \/>\n<meta property=\"og:description\" content=\"DE CARLO, CUORE VERDE NUDO Primer va arribar l&#039;oli i despr\u00e9s la hortalissa. L&#039;estrella de les conserves De Carlo \u00e9s un delici\u00f3s bocat verd, un pur i cruixent cor de carxofa atresorat en oli d&#039;oliva verge\u00a0 de la mateixa finca. Deliciosa crema untable obtinguda dels tendres cors de carxofes de Pulla, processada en poques hores despr\u00e9s de la collita i enriquida amb preuat oli d&#039;oliva verge extra, tots els ingredients cultivats a la granja De Carlo.\" \/>\n<meta property=\"og:url\" content=\"https:\/\/colmadosingular.com\/ca\/producto\/crema-de-corazon-de-alcachofa-530g\/\" \/>\n<meta property=\"og:site_name\" content=\"Colmado Singular\" \/>\n<meta property=\"article:modified_time\" content=\"2025-02-19T10:45:31+00:00\" \/>\n<meta property=\"og:image\" content=\"https:\/\/colmadosingular.com\/wp-content\/uploads\/2024\/08\/DC017_24030146BxGris.jpg\" \/>\n\t<meta property=\"og:image:width\" content=\"1200\" \/>\n\t<meta property=\"og:image:height\" content=\"1200\" \/>\n\t<meta property=\"og:image:type\" content=\"image\/jpeg\" \/>\n<meta name=\"twitter:card\" content=\"summary_large_image\" \/>\n<meta name=\"twitter:label1\" content=\"Temps estimat de lectura\" \/>\n\t<meta name=\"twitter:data1\" content=\"1 minut\" \/>\n<script type=\"application\/ld+json\" class=\"yoast-schema-graph\">{\"@context\":\"https:\/\/schema.org\",\"@graph\":[{\"@type\":\"WebPage\",\"@id\":\"https:\/\/colmadosingular.com\/ca\/producto\/crema-de-corazon-de-alcachofa-530g\/\",\"url\":\"https:\/\/colmadosingular.com\/ca\/producto\/crema-de-corazon-de-alcachofa-530g\/\",\"name\":\"CREMA DE COR DE CARXOFA 530g - Colmado Singular\",\"isPartOf\":{\"@id\":\"https:\/\/colmadosingular.com\/ca\/#website\"},\"primaryImageOfPage\":{\"@id\":\"https:\/\/colmadosingular.com\/ca\/producto\/crema-de-corazon-de-alcachofa-530g\/#primaryimage\"},\"image\":{\"@id\":\"https:\/\/colmadosingular.com\/ca\/producto\/crema-de-corazon-de-alcachofa-530g\/#primaryimage\"},\"thumbnailUrl\":\"https:\/\/colmadosingular.com\/wp-content\/uploads\/2024\/08\/DC017_24030146BxGris.jpg\",\"datePublished\":\"2024-08-12T14:22:35+00:00\",\"dateModified\":\"2025-02-19T10:45:31+00:00\",\"breadcrumb\":{\"@id\":\"https:\/\/colmadosingular.com\/ca\/producto\/crema-de-corazon-de-alcachofa-530g\/#breadcrumb\"},\"inLanguage\":\"ca\",\"potentialAction\":[{\"@type\":\"ReadAction\",\"target\":[\"https:\/\/colmadosingular.com\/ca\/producto\/crema-de-corazon-de-alcachofa-530g\/\"]}]},{\"@type\":\"ImageObject\",\"inLanguage\":\"ca\",\"@id\":\"https:\/\/colmadosingular.com\/ca\/producto\/crema-de-corazon-de-alcachofa-530g\/#primaryimage\",\"url\":\"https:\/\/colmadosingular.com\/wp-content\/uploads\/2024\/08\/DC017_24030146BxGris.jpg\",\"contentUrl\":\"https:\/\/colmadosingular.com\/wp-content\/uploads\/2024\/08\/DC017_24030146BxGris.jpg\",\"width\":1200,\"height\":1200},{\"@type\":\"BreadcrumbList\",\"@id\":\"https:\/\/colmadosingular.com\/ca\/producto\/crema-de-corazon-de-alcachofa-530g\/#breadcrumb\",\"itemListElement\":[{\"@type\":\"ListItem\",\"position\":1,\"name\":\"Portada\",\"item\":\"https:\/\/colmadosingular.com\/ca\/inici\/\"},{\"@type\":\"ListItem\",\"position\":2,\"name\":\"BOTIGA\",\"item\":\"https:\/\/colmadosingular.com\/ca\/shop\/\"},{\"@type\":\"ListItem\",\"position\":3,\"name\":\"CREMA DE COR DE CARXOFA 530g\"}]},{\"@type\":\"WebSite\",\"@id\":\"https:\/\/colmadosingular.com\/ca\/#website\",\"url\":\"https:\/\/colmadosingular.com\/ca\/\",\"name\":\"Colmado Singular\",\"description\":\"\",\"publisher\":{\"@id\":\"https:\/\/colmadosingular.com\/ca\/#organization\"},\"potentialAction\":[{\"@type\":\"SearchAction\",\"target\":{\"@type\":\"EntryPoint\",\"urlTemplate\":\"https:\/\/colmadosingular.com\/ca\/?s={search_term_string}\"},\"query-input\":{\"@type\":\"PropertyValueSpecification\",\"valueRequired\":true,\"valueName\":\"search_term_string\"}}],\"inLanguage\":\"ca\"},{\"@type\":\"Organization\",\"@id\":\"https:\/\/colmadosingular.com\/ca\/#organization\",\"name\":\"Colmado Singular\",\"url\":\"https:\/\/colmadosingular.com\/ca\/\",\"logo\":{\"@type\":\"ImageObject\",\"inLanguage\":\"ca\",\"@id\":\"https:\/\/colmadosingular.com\/ca\/#\/schema\/logo\/image\/\",\"url\":\"https:\/\/colmadosingular.com\/wp-content\/uploads\/2024\/08\/logo-colmado.svg\",\"contentUrl\":\"https:\/\/colmadosingular.com\/wp-content\/uploads\/2024\/08\/logo-colmado.svg\",\"width\":620,\"height\":50,\"caption\":\"Colmado Singular\"},\"image\":{\"@id\":\"https:\/\/colmadosingular.com\/ca\/#\/schema\/logo\/image\/\"}}]}<\/script>\n<!-- \/ Yoast SEO plugin. -->","yoast_head_json":{"title":"CREMA DE COR DE CARXOFA 530g - Colmado Singular","robots":{"index":"index","follow":"follow","max-snippet":"max-snippet:-1","max-image-preview":"max-image-preview:large","max-video-preview":"max-video-preview:-1"},"canonical":"https:\/\/colmadosingular.com\/ca\/producto\/crema-de-corazon-de-alcachofa-530g\/","og_locale":"ca_ES","og_type":"article","og_title":"CREMA DE COR DE CARXOFA 530g - Colmado Singular","og_description":"DE CARLO, CUORE VERDE NUDO Primer va arribar l'oli i despr\u00e9s la hortalissa. L'estrella de les conserves De Carlo \u00e9s un delici\u00f3s bocat verd, un pur i cruixent cor de carxofa atresorat en oli d'oliva verge\u00a0 de la mateixa finca. Deliciosa crema untable obtinguda dels tendres cors de carxofes de Pulla, processada en poques hores despr\u00e9s de la collita i enriquida amb preuat oli d'oliva verge extra, tots els ingredients cultivats a la granja De Carlo.","og_url":"https:\/\/colmadosingular.com\/ca\/producto\/crema-de-corazon-de-alcachofa-530g\/","og_site_name":"Colmado Singular","article_modified_time":"2025-02-19T10:45:31+00:00","og_image":[{"width":1200,"height":1200,"url":"https:\/\/colmadosingular.com\/wp-content\/uploads\/2024\/08\/DC017_24030146BxGris.jpg","type":"image\/jpeg"}],"twitter_card":"summary_large_image","twitter_misc":{"Temps estimat de lectura":"1 minut"},"schema":{"@context":"https:\/\/schema.org","@graph":[{"@type":"WebPage","@id":"https:\/\/colmadosingular.com\/ca\/producto\/crema-de-corazon-de-alcachofa-530g\/","url":"https:\/\/colmadosingular.com\/ca\/producto\/crema-de-corazon-de-alcachofa-530g\/","name":"CREMA DE COR DE CARXOFA 530g - Colmado Singular","isPartOf":{"@id":"https:\/\/colmadosingular.com\/ca\/#website"},"primaryImageOfPage":{"@id":"https:\/\/colmadosingular.com\/ca\/producto\/crema-de-corazon-de-alcachofa-530g\/#primaryimage"},"image":{"@id":"https:\/\/colmadosingular.com\/ca\/producto\/crema-de-corazon-de-alcachofa-530g\/#primaryimage"},"thumbnailUrl":"https:\/\/colmadosingular.com\/wp-content\/uploads\/2024\/08\/DC017_24030146BxGris.jpg","datePublished":"2024-08-12T14:22:35+00:00","dateModified":"2025-02-19T10:45:31+00:00","breadcrumb":{"@id":"https:\/\/colmadosingular.com\/ca\/producto\/crema-de-corazon-de-alcachofa-530g\/#breadcrumb"},"inLanguage":"ca","potentialAction":[{"@type":"ReadAction","target":["https:\/\/colmadosingular.com\/ca\/producto\/crema-de-corazon-de-alcachofa-530g\/"]}]},{"@type":"ImageObject","inLanguage":"ca","@id":"https:\/\/colmadosingular.com\/ca\/producto\/crema-de-corazon-de-alcachofa-530g\/#primaryimage","url":"https:\/\/colmadosingular.com\/wp-content\/uploads\/2024\/08\/DC017_24030146BxGris.jpg","contentUrl":"https:\/\/colmadosingular.com\/wp-content\/uploads\/2024\/08\/DC017_24030146BxGris.jpg","width":1200,"height":1200},{"@type":"BreadcrumbList","@id":"https:\/\/colmadosingular.com\/ca\/producto\/crema-de-corazon-de-alcachofa-530g\/#breadcrumb","itemListElement":[{"@type":"ListItem","position":1,"name":"Portada","item":"https:\/\/colmadosingular.com\/ca\/inici\/"},{"@type":"ListItem","position":2,"name":"BOTIGA","item":"https:\/\/colmadosingular.com\/ca\/shop\/"},{"@type":"ListItem","position":3,"name":"CREMA DE COR DE CARXOFA 530g"}]},{"@type":"WebSite","@id":"https:\/\/colmadosingular.com\/ca\/#website","url":"https:\/\/colmadosingular.com\/ca\/","name":"Colmado Singular","description":"","publisher":{"@id":"https:\/\/colmadosingular.com\/ca\/#organization"},"potentialAction":[{"@type":"SearchAction","target":{"@type":"EntryPoint","urlTemplate":"https:\/\/colmadosingular.com\/ca\/?s={search_term_string}"},"query-input":{"@type":"PropertyValueSpecification","valueRequired":true,"valueName":"search_term_string"}}],"inLanguage":"ca"},{"@type":"Organization","@id":"https:\/\/colmadosingular.com\/ca\/#organization","name":"Colmado Singular","url":"https:\/\/colmadosingular.com\/ca\/","logo":{"@type":"ImageObject","inLanguage":"ca","@id":"https:\/\/colmadosingular.com\/ca\/#\/schema\/logo\/image\/","url":"https:\/\/colmadosingular.com\/wp-content\/uploads\/2024\/08\/logo-colmado.svg","contentUrl":"https:\/\/colmadosingular.com\/wp-content\/uploads\/2024\/08\/logo-colmado.svg","width":620,"height":50,"caption":"Colmado Singular"},"image":{"@id":"https:\/\/colmadosingular.com\/ca\/#\/schema\/logo\/image\/"}}]}},"_links":{"self":[{"href":"https:\/\/colmadosingular.com\/ca\/wp-json\/wp\/v2\/product\/986908","targetHints":{"allow":["GET"]}}],"collection":[{"href":"https:\/\/colmadosingular.com\/ca\/wp-json\/wp\/v2\/product"}],"about":[{"href":"https:\/\/colmadosingular.com\/ca\/wp-json\/wp\/v2\/types\/product"}],"wp:featuredmedia":[{"embeddable":true,"href":"https:\/\/colmadosingular.com\/ca\/wp-json\/wp\/v2\/media\/8499"}],"wp:attachment":[{"href":"https:\/\/colmadosingular.com\/ca\/wp-json\/wp\/v2\/media?parent=986908"}],"wp:term":[{"taxonomy":"product_brand","embeddable":true,"href":"https:\/\/colmadosingular.com\/ca\/wp-json\/wp\/v2\/product_brand?post=986908"},{"taxonomy":"product_cat","embeddable":true,"href":"https:\/\/colmadosingular.com\/ca\/wp-json\/wp\/v2\/product_cat?post=986908"},{"taxonomy":"product_tag","embeddable":true,"href":"https:\/\/colmadosingular.com\/ca\/wp-json\/wp\/v2\/product_tag?post=986908"}],"curies":[{"name":"wp","href":"https:\/\/api.w.org\/{rel}","templated":true}]}}