{"id":986923,"date":"2024-08-12T16:25:37","date_gmt":"2024-08-12T14:25:37","guid":{"rendered":"https:\/\/colmadosingular.com\/producto\/alcaparras-de-salina-pequenas-250g\/"},"modified":"2025-02-16T23:27:22","modified_gmt":"2025-02-16T22:27:22","slug":"alcaparras-de-salina-pequenas-250g","status":"publish","type":"product","link":"https:\/\/colmadosingular.com\/ca\/producto\/alcaparras-de-salina-pequenas-250g\/","title":{"rendered":"T\u00c0PERES DE SALINA PETITES 250g"},"content":{"rendered":"<p>.<\/p>\n","protected":false},"excerpt":{"rendered":"<div class=\"ewa-rteLine\">AZIENDRA AGR\u00cdCOLA VIRGONA<\/div>\n<div class=\"ewa-rteLine\"><\/div>\n<div class=\"ewa-rteLine\">Si\u00a0 us agraden les t\u00e0peres i desconeixeu les de Virgona, les tornareu a descobrir amb el sabor floral que ha de tenir la t\u00e0pera. Conservades en sal, es comercialitzen en tres mides diferents; petites, mitjanes i grans. Aix\u00ed com el Cucunci, conegut com a taperot. El bot\u00f3 de la flor de la mata, capoll de la flor.<\/div>\n<div class=\"ewa-rteLine\"><\/div>\n<div class=\"ewa-rteLine\">Per anar m\u00e9s enll\u00e0\u2026<\/div>\n<div class=\"ewa-rteLine\">Ideals amb un plat de pasta, llenties poc cuites o un t\u00e0rtar de carn o de tom\u00e0quet.<\/div>\n","protected":false},"featured_media":5849,"template":"","meta":{"_acf_changed":false,"_monsterinsights_skip_tracking":false,"_monsterinsights_sitenote_active":false,"_monsterinsights_sitenote_note":"","_monsterinsights_sitenote_category":0,"_joinchat":[]},"product_brand":[],"product_cat":[232,235],"product_tag":[],"class_list":{"0":"post-986923","1":"product","2":"type-product","3":"status-publish","4":"has-post-thumbnail","6":"product_cat-conserves-vegetals","7":"product_cat-taperes","9":"first","10":"instock","11":"taxable","12":"shipping-taxable","13":"purchasable","14":"product-type-simple"},"acf":[],"yoast_head":"<!-- This site is optimized with the Yoast SEO plugin v24.8.1 - https:\/\/yoast.com\/wordpress\/plugins\/seo\/ -->\n<title>T\u00c0PERES DE SALINA PETITES 250g - Colmado Singular<\/title>\n<meta name=\"robots\" content=\"index, follow, max-snippet:-1, max-image-preview:large, max-video-preview:-1\" \/>\n<link rel=\"canonical\" href=\"https:\/\/colmadosingular.com\/ca\/producto\/alcaparras-de-salina-pequenas-250g\/\" \/>\n<meta property=\"og:locale\" content=\"ca_ES\" \/>\n<meta property=\"og:type\" content=\"article\" \/>\n<meta property=\"og:title\" content=\"T\u00c0PERES DE SALINA PETITES 250g - Colmado Singular\" \/>\n<meta property=\"og:description\" content=\"AZIENDRA AGR\u00cdCOLA VIRGONA  Si\u00a0 us agraden les t\u00e0peres i desconeixeu les de Virgona, les tornareu a descobrir amb el sabor floral que ha de tenir la t\u00e0pera. Conservades en sal, es comercialitzen en tres mides diferents; petites, mitjanes i grans. Aix\u00ed com el Cucunci, conegut com a taperot. El bot\u00f3 de la flor de la mata, capoll de la flor.  Per anar m\u00e9s enll\u00e0\u2026 Ideals amb un plat de pasta, llenties poc cuites o un t\u00e0rtar de carn o de tom\u00e0quet.\" \/>\n<meta property=\"og:url\" content=\"https:\/\/colmadosingular.com\/ca\/producto\/alcaparras-de-salina-pequenas-250g\/\" \/>\n<meta property=\"og:site_name\" content=\"Colmado Singular\" \/>\n<meta property=\"article:modified_time\" content=\"2025-02-16T22:27:22+00:00\" \/>\n<meta property=\"og:image\" content=\"https:\/\/colmadosingular.com\/wp-content\/uploads\/2024\/08\/CS027-18530162.jpg\" \/>\n\t<meta property=\"og:image:width\" content=\"1280\" \/>\n\t<meta property=\"og:image:height\" content=\"1280\" \/>\n\t<meta property=\"og:image:type\" content=\"image\/jpeg\" \/>\n<meta name=\"twitter:card\" content=\"summary_large_image\" \/>\n<meta name=\"twitter:label1\" content=\"Temps estimat de lectura\" \/>\n\t<meta name=\"twitter:data1\" content=\"1 minut\" \/>\n<script type=\"application\/ld+json\" class=\"yoast-schema-graph\">{\"@context\":\"https:\/\/schema.org\",\"@graph\":[{\"@type\":\"WebPage\",\"@id\":\"https:\/\/colmadosingular.com\/ca\/producto\/alcaparras-de-salina-pequenas-250g\/\",\"url\":\"https:\/\/colmadosingular.com\/ca\/producto\/alcaparras-de-salina-pequenas-250g\/\",\"name\":\"T\u00c0PERES DE SALINA PETITES 250g - Colmado Singular\",\"isPartOf\":{\"@id\":\"https:\/\/colmadosingular.com\/ca\/#website\"},\"primaryImageOfPage\":{\"@id\":\"https:\/\/colmadosingular.com\/ca\/producto\/alcaparras-de-salina-pequenas-250g\/#primaryimage\"},\"image\":{\"@id\":\"https:\/\/colmadosingular.com\/ca\/producto\/alcaparras-de-salina-pequenas-250g\/#primaryimage\"},\"thumbnailUrl\":\"https:\/\/colmadosingular.com\/wp-content\/uploads\/2024\/08\/CS027-18530162.jpg\",\"datePublished\":\"2024-08-12T14:25:37+00:00\",\"dateModified\":\"2025-02-16T22:27:22+00:00\",\"breadcrumb\":{\"@id\":\"https:\/\/colmadosingular.com\/ca\/producto\/alcaparras-de-salina-pequenas-250g\/#breadcrumb\"},\"inLanguage\":\"ca\",\"potentialAction\":[{\"@type\":\"ReadAction\",\"target\":[\"https:\/\/colmadosingular.com\/ca\/producto\/alcaparras-de-salina-pequenas-250g\/\"]}]},{\"@type\":\"ImageObject\",\"inLanguage\":\"ca\",\"@id\":\"https:\/\/colmadosingular.com\/ca\/producto\/alcaparras-de-salina-pequenas-250g\/#primaryimage\",\"url\":\"https:\/\/colmadosingular.com\/wp-content\/uploads\/2024\/08\/CS027-18530162.jpg\",\"contentUrl\":\"https:\/\/colmadosingular.com\/wp-content\/uploads\/2024\/08\/CS027-18530162.jpg\",\"width\":1280,\"height\":1280},{\"@type\":\"BreadcrumbList\",\"@id\":\"https:\/\/colmadosingular.com\/ca\/producto\/alcaparras-de-salina-pequenas-250g\/#breadcrumb\",\"itemListElement\":[{\"@type\":\"ListItem\",\"position\":1,\"name\":\"Portada\",\"item\":\"https:\/\/colmadosingular.com\/ca\/inici\/\"},{\"@type\":\"ListItem\",\"position\":2,\"name\":\"BOTIGA\",\"item\":\"https:\/\/colmadosingular.com\/ca\/shop\/\"},{\"@type\":\"ListItem\",\"position\":3,\"name\":\"T\u00c0PERES DE SALINA PETITES 250g\"}]},{\"@type\":\"WebSite\",\"@id\":\"https:\/\/colmadosingular.com\/ca\/#website\",\"url\":\"https:\/\/colmadosingular.com\/ca\/\",\"name\":\"Colmado Singular\",\"description\":\"\",\"publisher\":{\"@id\":\"https:\/\/colmadosingular.com\/ca\/#organization\"},\"potentialAction\":[{\"@type\":\"SearchAction\",\"target\":{\"@type\":\"EntryPoint\",\"urlTemplate\":\"https:\/\/colmadosingular.com\/ca\/?s={search_term_string}\"},\"query-input\":{\"@type\":\"PropertyValueSpecification\",\"valueRequired\":true,\"valueName\":\"search_term_string\"}}],\"inLanguage\":\"ca\"},{\"@type\":\"Organization\",\"@id\":\"https:\/\/colmadosingular.com\/ca\/#organization\",\"name\":\"Colmado Singular\",\"url\":\"https:\/\/colmadosingular.com\/ca\/\",\"logo\":{\"@type\":\"ImageObject\",\"inLanguage\":\"ca\",\"@id\":\"https:\/\/colmadosingular.com\/ca\/#\/schema\/logo\/image\/\",\"url\":\"https:\/\/colmadosingular.com\/wp-content\/uploads\/2024\/08\/logo-colmado.svg\",\"contentUrl\":\"https:\/\/colmadosingular.com\/wp-content\/uploads\/2024\/08\/logo-colmado.svg\",\"width\":620,\"height\":50,\"caption\":\"Colmado Singular\"},\"image\":{\"@id\":\"https:\/\/colmadosingular.com\/ca\/#\/schema\/logo\/image\/\"}}]}<\/script>\n<!-- \/ Yoast SEO plugin. -->","yoast_head_json":{"title":"T\u00c0PERES DE SALINA PETITES 250g - Colmado Singular","robots":{"index":"index","follow":"follow","max-snippet":"max-snippet:-1","max-image-preview":"max-image-preview:large","max-video-preview":"max-video-preview:-1"},"canonical":"https:\/\/colmadosingular.com\/ca\/producto\/alcaparras-de-salina-pequenas-250g\/","og_locale":"ca_ES","og_type":"article","og_title":"T\u00c0PERES DE SALINA PETITES 250g - Colmado Singular","og_description":"AZIENDRA AGR\u00cdCOLA VIRGONA  Si\u00a0 us agraden les t\u00e0peres i desconeixeu les de Virgona, les tornareu a descobrir amb el sabor floral que ha de tenir la t\u00e0pera. Conservades en sal, es comercialitzen en tres mides diferents; petites, mitjanes i grans. Aix\u00ed com el Cucunci, conegut com a taperot. El bot\u00f3 de la flor de la mata, capoll de la flor.  Per anar m\u00e9s enll\u00e0\u2026 Ideals amb un plat de pasta, llenties poc cuites o un t\u00e0rtar de carn o de tom\u00e0quet.","og_url":"https:\/\/colmadosingular.com\/ca\/producto\/alcaparras-de-salina-pequenas-250g\/","og_site_name":"Colmado Singular","article_modified_time":"2025-02-16T22:27:22+00:00","og_image":[{"width":1280,"height":1280,"url":"https:\/\/colmadosingular.com\/wp-content\/uploads\/2024\/08\/CS027-18530162.jpg","type":"image\/jpeg"}],"twitter_card":"summary_large_image","twitter_misc":{"Temps estimat de lectura":"1 minut"},"schema":{"@context":"https:\/\/schema.org","@graph":[{"@type":"WebPage","@id":"https:\/\/colmadosingular.com\/ca\/producto\/alcaparras-de-salina-pequenas-250g\/","url":"https:\/\/colmadosingular.com\/ca\/producto\/alcaparras-de-salina-pequenas-250g\/","name":"T\u00c0PERES DE SALINA PETITES 250g - Colmado Singular","isPartOf":{"@id":"https:\/\/colmadosingular.com\/ca\/#website"},"primaryImageOfPage":{"@id":"https:\/\/colmadosingular.com\/ca\/producto\/alcaparras-de-salina-pequenas-250g\/#primaryimage"},"image":{"@id":"https:\/\/colmadosingular.com\/ca\/producto\/alcaparras-de-salina-pequenas-250g\/#primaryimage"},"thumbnailUrl":"https:\/\/colmadosingular.com\/wp-content\/uploads\/2024\/08\/CS027-18530162.jpg","datePublished":"2024-08-12T14:25:37+00:00","dateModified":"2025-02-16T22:27:22+00:00","breadcrumb":{"@id":"https:\/\/colmadosingular.com\/ca\/producto\/alcaparras-de-salina-pequenas-250g\/#breadcrumb"},"inLanguage":"ca","potentialAction":[{"@type":"ReadAction","target":["https:\/\/colmadosingular.com\/ca\/producto\/alcaparras-de-salina-pequenas-250g\/"]}]},{"@type":"ImageObject","inLanguage":"ca","@id":"https:\/\/colmadosingular.com\/ca\/producto\/alcaparras-de-salina-pequenas-250g\/#primaryimage","url":"https:\/\/colmadosingular.com\/wp-content\/uploads\/2024\/08\/CS027-18530162.jpg","contentUrl":"https:\/\/colmadosingular.com\/wp-content\/uploads\/2024\/08\/CS027-18530162.jpg","width":1280,"height":1280},{"@type":"BreadcrumbList","@id":"https:\/\/colmadosingular.com\/ca\/producto\/alcaparras-de-salina-pequenas-250g\/#breadcrumb","itemListElement":[{"@type":"ListItem","position":1,"name":"Portada","item":"https:\/\/colmadosingular.com\/ca\/inici\/"},{"@type":"ListItem","position":2,"name":"BOTIGA","item":"https:\/\/colmadosingular.com\/ca\/shop\/"},{"@type":"ListItem","position":3,"name":"T\u00c0PERES DE SALINA PETITES 250g"}]},{"@type":"WebSite","@id":"https:\/\/colmadosingular.com\/ca\/#website","url":"https:\/\/colmadosingular.com\/ca\/","name":"Colmado Singular","description":"","publisher":{"@id":"https:\/\/colmadosingular.com\/ca\/#organization"},"potentialAction":[{"@type":"SearchAction","target":{"@type":"EntryPoint","urlTemplate":"https:\/\/colmadosingular.com\/ca\/?s={search_term_string}"},"query-input":{"@type":"PropertyValueSpecification","valueRequired":true,"valueName":"search_term_string"}}],"inLanguage":"ca"},{"@type":"Organization","@id":"https:\/\/colmadosingular.com\/ca\/#organization","name":"Colmado Singular","url":"https:\/\/colmadosingular.com\/ca\/","logo":{"@type":"ImageObject","inLanguage":"ca","@id":"https:\/\/colmadosingular.com\/ca\/#\/schema\/logo\/image\/","url":"https:\/\/colmadosingular.com\/wp-content\/uploads\/2024\/08\/logo-colmado.svg","contentUrl":"https:\/\/colmadosingular.com\/wp-content\/uploads\/2024\/08\/logo-colmado.svg","width":620,"height":50,"caption":"Colmado Singular"},"image":{"@id":"https:\/\/colmadosingular.com\/ca\/#\/schema\/logo\/image\/"}}]}},"_links":{"self":[{"href":"https:\/\/colmadosingular.com\/ca\/wp-json\/wp\/v2\/product\/986923","targetHints":{"allow":["GET"]}}],"collection":[{"href":"https:\/\/colmadosingular.com\/ca\/wp-json\/wp\/v2\/product"}],"about":[{"href":"https:\/\/colmadosingular.com\/ca\/wp-json\/wp\/v2\/types\/product"}],"wp:featuredmedia":[{"embeddable":true,"href":"https:\/\/colmadosingular.com\/ca\/wp-json\/wp\/v2\/media\/5849"}],"wp:attachment":[{"href":"https:\/\/colmadosingular.com\/ca\/wp-json\/wp\/v2\/media?parent=986923"}],"wp:term":[{"taxonomy":"product_brand","embeddable":true,"href":"https:\/\/colmadosingular.com\/ca\/wp-json\/wp\/v2\/product_brand?post=986923"},{"taxonomy":"product_cat","embeddable":true,"href":"https:\/\/colmadosingular.com\/ca\/wp-json\/wp\/v2\/product_cat?post=986923"},{"taxonomy":"product_tag","embeddable":true,"href":"https:\/\/colmadosingular.com\/ca\/wp-json\/wp\/v2\/product_tag?post=986923"}],"curies":[{"name":"wp","href":"https:\/\/api.w.org\/{rel}","templated":true}]}}