{"id":987113,"date":"2024-08-12T16:25:14","date_gmt":"2024-08-12T14:25:14","guid":{"rendered":"https:\/\/colmadosingular.com\/producto\/guanciale-di-colonnata-200-300g\/"},"modified":"2026-03-31T16:39:17","modified_gmt":"2026-03-31T14:39:17","slug":"guanciale-di-colonnata-200-300g","status":"publish","type":"product","link":"https:\/\/colmadosingular.com\/ca\/producto\/guanciale-di-colonnata-200-300g\/","title":{"rendered":"GUANCIALE DI COLONNATA 200-300g"},"content":{"rendered":"","protected":false},"excerpt":{"rendered":"<p>LLARDERIA FAUSTO GUADAGNI<\/p>\n<p>Joia greix de l&#8217;embotit itali\u00e0. \u00c9s una cansalada, en aquest cas tenen un percentatge de greix clarament superior a la cansalada. Es pot elaborar a partir de la cara del porc o de la papada -de vegades combinant coll i gola- sent la primera la m\u00e9s tradicional i antiga, tamb\u00e9 m\u00e9s cara. \u00c9s una combinaci\u00f3 de la cansalada de la cara amb les galtes, cosa que d\u00f3na com a resultat un producte amb sabor intens i de textura molt delicada, per\u00f2 tamb\u00e9 ferma per la part m\u00e9s carnosa. \u00c9s la mida de l&#8217;origen del tall el que encareix el producte. El seu condiment a l&#8217;hora d&#8217;elaborar-ho, porta una barreja de sal, pebre, herbes arom\u00e0tiques i, opcionalment, all.<\/p>\n","protected":false},"featured_media":8117,"template":"","meta":{"_acf_changed":false,"_monsterinsights_skip_tracking":false,"_monsterinsights_sitenote_active":false,"_monsterinsights_sitenote_note":"","_monsterinsights_sitenote_category":0,"_joinchat":[]},"product_brand":[],"product_cat":[225],"product_tag":[],"class_list":{"0":"post-987113","1":"product","2":"type-product","3":"status-publish","4":"has-post-thumbnail","6":"product_cat-embotits","8":"first","9":"instock","10":"taxable","11":"shipping-taxable","12":"purchasable","13":"product-type-simple"},"acf":[],"yoast_head":"<!-- This site is optimized with the Yoast SEO plugin v24.8.1 - https:\/\/yoast.com\/wordpress\/plugins\/seo\/ -->\n<title>GUANCIALE DI COLONNATA 200-300g - Colmado Singular<\/title>\n<meta name=\"robots\" content=\"index, follow, max-snippet:-1, max-image-preview:large, max-video-preview:-1\" \/>\n<link rel=\"canonical\" href=\"https:\/\/colmadosingular.com\/ca\/producto\/guanciale-di-colonnata-200-300g\/\" \/>\n<meta property=\"og:locale\" content=\"ca_ES\" \/>\n<meta property=\"og:type\" content=\"article\" \/>\n<meta property=\"og:title\" content=\"GUANCIALE DI COLONNATA 200-300g - Colmado Singular\" \/>\n<meta property=\"og:description\" content=\"LLARDERIA FAUSTO GUADAGNI Joia greix de l&#039;embotit itali\u00e0. \u00c9s una cansalada, en aquest cas tenen un percentatge de greix clarament superior a la cansalada. Es pot elaborar a partir de la cara del porc o de la papada -de vegades combinant coll i gola- sent la primera la m\u00e9s tradicional i antiga, tamb\u00e9 m\u00e9s cara. \u00c9s una combinaci\u00f3 de la cansalada de la cara amb les galtes, cosa que d\u00f3na com a resultat un producte amb sabor intens i de textura molt delicada, per\u00f2 tamb\u00e9 ferma per la part m\u00e9s carnosa. \u00c9s la mida de l&#039;origen del tall el que encareix el producte. El seu condiment a l&#039;hora d&#039;elaborar-ho, porta una barreja de sal, pebre, herbes arom\u00e0tiques i, opcionalment, all.\" \/>\n<meta property=\"og:url\" content=\"https:\/\/colmadosingular.com\/ca\/producto\/guanciale-di-colonnata-200-300g\/\" \/>\n<meta property=\"og:site_name\" content=\"Colmado Singular\" \/>\n<meta property=\"article:modified_time\" content=\"2026-03-31T14:39:17+00:00\" \/>\n<meta property=\"og:image\" content=\"https:\/\/colmadosingular.com\/wp-content\/uploads\/2024\/08\/LAR005.jpg\" \/>\n\t<meta property=\"og:image:width\" content=\"1200\" \/>\n\t<meta property=\"og:image:height\" content=\"1200\" \/>\n\t<meta property=\"og:image:type\" content=\"image\/jpeg\" \/>\n<meta name=\"twitter:card\" content=\"summary_large_image\" \/>\n<meta name=\"twitter:label1\" content=\"Temps estimat de lectura\" \/>\n\t<meta name=\"twitter:data1\" content=\"1 minut\" \/>\n<script type=\"application\/ld+json\" class=\"yoast-schema-graph\">{\"@context\":\"https:\/\/schema.org\",\"@graph\":[{\"@type\":\"WebPage\",\"@id\":\"https:\/\/colmadosingular.com\/ca\/producto\/guanciale-di-colonnata-200-300g\/\",\"url\":\"https:\/\/colmadosingular.com\/ca\/producto\/guanciale-di-colonnata-200-300g\/\",\"name\":\"GUANCIALE DI COLONNATA 200-300g - Colmado Singular\",\"isPartOf\":{\"@id\":\"https:\/\/colmadosingular.com\/ca\/#website\"},\"primaryImageOfPage\":{\"@id\":\"https:\/\/colmadosingular.com\/ca\/producto\/guanciale-di-colonnata-200-300g\/#primaryimage\"},\"image\":{\"@id\":\"https:\/\/colmadosingular.com\/ca\/producto\/guanciale-di-colonnata-200-300g\/#primaryimage\"},\"thumbnailUrl\":\"https:\/\/colmadosingular.com\/wp-content\/uploads\/2024\/08\/LAR005.jpg\",\"datePublished\":\"2024-08-12T14:25:14+00:00\",\"dateModified\":\"2026-03-31T14:39:17+00:00\",\"breadcrumb\":{\"@id\":\"https:\/\/colmadosingular.com\/ca\/producto\/guanciale-di-colonnata-200-300g\/#breadcrumb\"},\"inLanguage\":\"ca\",\"potentialAction\":[{\"@type\":\"ReadAction\",\"target\":[\"https:\/\/colmadosingular.com\/ca\/producto\/guanciale-di-colonnata-200-300g\/\"]}]},{\"@type\":\"ImageObject\",\"inLanguage\":\"ca\",\"@id\":\"https:\/\/colmadosingular.com\/ca\/producto\/guanciale-di-colonnata-200-300g\/#primaryimage\",\"url\":\"https:\/\/colmadosingular.com\/wp-content\/uploads\/2024\/08\/LAR005.jpg\",\"contentUrl\":\"https:\/\/colmadosingular.com\/wp-content\/uploads\/2024\/08\/LAR005.jpg\",\"width\":1200,\"height\":1200},{\"@type\":\"BreadcrumbList\",\"@id\":\"https:\/\/colmadosingular.com\/ca\/producto\/guanciale-di-colonnata-200-300g\/#breadcrumb\",\"itemListElement\":[{\"@type\":\"ListItem\",\"position\":1,\"name\":\"Portada\",\"item\":\"https:\/\/colmadosingular.com\/ca\/inici\/\"},{\"@type\":\"ListItem\",\"position\":2,\"name\":\"BOTIGA\",\"item\":\"https:\/\/colmadosingular.com\/ca\/shop\/\"},{\"@type\":\"ListItem\",\"position\":3,\"name\":\"GUANCIALE DI COLONNATA 200-300g\"}]},{\"@type\":\"WebSite\",\"@id\":\"https:\/\/colmadosingular.com\/ca\/#website\",\"url\":\"https:\/\/colmadosingular.com\/ca\/\",\"name\":\"Colmado Singular\",\"description\":\"\",\"publisher\":{\"@id\":\"https:\/\/colmadosingular.com\/ca\/#organization\"},\"potentialAction\":[{\"@type\":\"SearchAction\",\"target\":{\"@type\":\"EntryPoint\",\"urlTemplate\":\"https:\/\/colmadosingular.com\/ca\/?s={search_term_string}\"},\"query-input\":{\"@type\":\"PropertyValueSpecification\",\"valueRequired\":true,\"valueName\":\"search_term_string\"}}],\"inLanguage\":\"ca\"},{\"@type\":\"Organization\",\"@id\":\"https:\/\/colmadosingular.com\/ca\/#organization\",\"name\":\"Colmado Singular\",\"url\":\"https:\/\/colmadosingular.com\/ca\/\",\"logo\":{\"@type\":\"ImageObject\",\"inLanguage\":\"ca\",\"@id\":\"https:\/\/colmadosingular.com\/ca\/#\/schema\/logo\/image\/\",\"url\":\"https:\/\/colmadosingular.com\/wp-content\/uploads\/2024\/08\/logo-colmado.svg\",\"contentUrl\":\"https:\/\/colmadosingular.com\/wp-content\/uploads\/2024\/08\/logo-colmado.svg\",\"width\":620,\"height\":50,\"caption\":\"Colmado Singular\"},\"image\":{\"@id\":\"https:\/\/colmadosingular.com\/ca\/#\/schema\/logo\/image\/\"}}]}<\/script>\n<!-- \/ Yoast SEO plugin. -->","yoast_head_json":{"title":"GUANCIALE DI COLONNATA 200-300g - Colmado Singular","robots":{"index":"index","follow":"follow","max-snippet":"max-snippet:-1","max-image-preview":"max-image-preview:large","max-video-preview":"max-video-preview:-1"},"canonical":"https:\/\/colmadosingular.com\/ca\/producto\/guanciale-di-colonnata-200-300g\/","og_locale":"ca_ES","og_type":"article","og_title":"GUANCIALE DI COLONNATA 200-300g - Colmado Singular","og_description":"LLARDERIA FAUSTO GUADAGNI Joia greix de l'embotit itali\u00e0. \u00c9s una cansalada, en aquest cas tenen un percentatge de greix clarament superior a la cansalada. Es pot elaborar a partir de la cara del porc o de la papada -de vegades combinant coll i gola- sent la primera la m\u00e9s tradicional i antiga, tamb\u00e9 m\u00e9s cara. \u00c9s una combinaci\u00f3 de la cansalada de la cara amb les galtes, cosa que d\u00f3na com a resultat un producte amb sabor intens i de textura molt delicada, per\u00f2 tamb\u00e9 ferma per la part m\u00e9s carnosa. \u00c9s la mida de l'origen del tall el que encareix el producte. El seu condiment a l'hora d'elaborar-ho, porta una barreja de sal, pebre, herbes arom\u00e0tiques i, opcionalment, all.","og_url":"https:\/\/colmadosingular.com\/ca\/producto\/guanciale-di-colonnata-200-300g\/","og_site_name":"Colmado Singular","article_modified_time":"2026-03-31T14:39:17+00:00","og_image":[{"width":1200,"height":1200,"url":"https:\/\/colmadosingular.com\/wp-content\/uploads\/2024\/08\/LAR005.jpg","type":"image\/jpeg"}],"twitter_card":"summary_large_image","twitter_misc":{"Temps estimat de lectura":"1 minut"},"schema":{"@context":"https:\/\/schema.org","@graph":[{"@type":"WebPage","@id":"https:\/\/colmadosingular.com\/ca\/producto\/guanciale-di-colonnata-200-300g\/","url":"https:\/\/colmadosingular.com\/ca\/producto\/guanciale-di-colonnata-200-300g\/","name":"GUANCIALE DI COLONNATA 200-300g - Colmado Singular","isPartOf":{"@id":"https:\/\/colmadosingular.com\/ca\/#website"},"primaryImageOfPage":{"@id":"https:\/\/colmadosingular.com\/ca\/producto\/guanciale-di-colonnata-200-300g\/#primaryimage"},"image":{"@id":"https:\/\/colmadosingular.com\/ca\/producto\/guanciale-di-colonnata-200-300g\/#primaryimage"},"thumbnailUrl":"https:\/\/colmadosingular.com\/wp-content\/uploads\/2024\/08\/LAR005.jpg","datePublished":"2024-08-12T14:25:14+00:00","dateModified":"2026-03-31T14:39:17+00:00","breadcrumb":{"@id":"https:\/\/colmadosingular.com\/ca\/producto\/guanciale-di-colonnata-200-300g\/#breadcrumb"},"inLanguage":"ca","potentialAction":[{"@type":"ReadAction","target":["https:\/\/colmadosingular.com\/ca\/producto\/guanciale-di-colonnata-200-300g\/"]}]},{"@type":"ImageObject","inLanguage":"ca","@id":"https:\/\/colmadosingular.com\/ca\/producto\/guanciale-di-colonnata-200-300g\/#primaryimage","url":"https:\/\/colmadosingular.com\/wp-content\/uploads\/2024\/08\/LAR005.jpg","contentUrl":"https:\/\/colmadosingular.com\/wp-content\/uploads\/2024\/08\/LAR005.jpg","width":1200,"height":1200},{"@type":"BreadcrumbList","@id":"https:\/\/colmadosingular.com\/ca\/producto\/guanciale-di-colonnata-200-300g\/#breadcrumb","itemListElement":[{"@type":"ListItem","position":1,"name":"Portada","item":"https:\/\/colmadosingular.com\/ca\/inici\/"},{"@type":"ListItem","position":2,"name":"BOTIGA","item":"https:\/\/colmadosingular.com\/ca\/shop\/"},{"@type":"ListItem","position":3,"name":"GUANCIALE DI COLONNATA 200-300g"}]},{"@type":"WebSite","@id":"https:\/\/colmadosingular.com\/ca\/#website","url":"https:\/\/colmadosingular.com\/ca\/","name":"Colmado Singular","description":"","publisher":{"@id":"https:\/\/colmadosingular.com\/ca\/#organization"},"potentialAction":[{"@type":"SearchAction","target":{"@type":"EntryPoint","urlTemplate":"https:\/\/colmadosingular.com\/ca\/?s={search_term_string}"},"query-input":{"@type":"PropertyValueSpecification","valueRequired":true,"valueName":"search_term_string"}}],"inLanguage":"ca"},{"@type":"Organization","@id":"https:\/\/colmadosingular.com\/ca\/#organization","name":"Colmado Singular","url":"https:\/\/colmadosingular.com\/ca\/","logo":{"@type":"ImageObject","inLanguage":"ca","@id":"https:\/\/colmadosingular.com\/ca\/#\/schema\/logo\/image\/","url":"https:\/\/colmadosingular.com\/wp-content\/uploads\/2024\/08\/logo-colmado.svg","contentUrl":"https:\/\/colmadosingular.com\/wp-content\/uploads\/2024\/08\/logo-colmado.svg","width":620,"height":50,"caption":"Colmado Singular"},"image":{"@id":"https:\/\/colmadosingular.com\/ca\/#\/schema\/logo\/image\/"}}]}},"_links":{"self":[{"href":"https:\/\/colmadosingular.com\/ca\/wp-json\/wp\/v2\/product\/987113","targetHints":{"allow":["GET"]}}],"collection":[{"href":"https:\/\/colmadosingular.com\/ca\/wp-json\/wp\/v2\/product"}],"about":[{"href":"https:\/\/colmadosingular.com\/ca\/wp-json\/wp\/v2\/types\/product"}],"wp:featuredmedia":[{"embeddable":true,"href":"https:\/\/colmadosingular.com\/ca\/wp-json\/wp\/v2\/media\/8117"}],"wp:attachment":[{"href":"https:\/\/colmadosingular.com\/ca\/wp-json\/wp\/v2\/media?parent=987113"}],"wp:term":[{"taxonomy":"product_brand","embeddable":true,"href":"https:\/\/colmadosingular.com\/ca\/wp-json\/wp\/v2\/product_brand?post=987113"},{"taxonomy":"product_cat","embeddable":true,"href":"https:\/\/colmadosingular.com\/ca\/wp-json\/wp\/v2\/product_cat?post=987113"},{"taxonomy":"product_tag","embeddable":true,"href":"https:\/\/colmadosingular.com\/ca\/wp-json\/wp\/v2\/product_tag?post=987113"}],"curies":[{"name":"wp","href":"https:\/\/api.w.org\/{rel}","templated":true}]}}