{"id":987186,"date":"2024-08-12T16:24:07","date_gmt":"2024-08-12T14:24:07","guid":{"rendered":"https:\/\/colmadosingular.com\/producto\/tomate-pelado-en-su-jugo-25kg\/"},"modified":"2025-03-08T17:02:22","modified_gmt":"2025-03-08T16:02:22","slug":"tomate-pelado-en-su-jugo-25kg","status":"publish","type":"product","link":"https:\/\/colmadosingular.com\/ca\/producto\/tomate-pelado-en-su-jugo-25kg\/","title":{"rendered":"TOM\u00c0QUET PELAT EN EL SEU SUC 2,5kg"},"content":{"rendered":"","protected":false},"excerpt":{"rendered":"<p>FINAGRICOLA<\/p>\n<p>A Battipaglia, entre Salern i Paestum<br \/>\nGerardo Palo, i els seus fills: Fabio i Massimiliano<\/p>\n<p>Conserves vegetals de tom\u00e0quets pelats tipologia de Datterino vermell, estabilitzats per tractament t\u00e8rmic.<\/p>\n<p>&nbsp;<\/p>\n<p>Per anar m\u00e9s enll\u00e0\u2026<br \/>\nArr\u00f2s Acquerello, pasta Benedetto Cavalieri. Flammkuchen. <\/p>\n","protected":false},"featured_media":984657,"template":"","meta":{"_acf_changed":false,"_monsterinsights_skip_tracking":false,"_monsterinsights_sitenote_active":false,"_monsterinsights_sitenote_note":"","_monsterinsights_sitenote_category":0,"_joinchat":[]},"product_brand":[],"product_cat":[232,240],"product_tag":[],"class_list":{"0":"post-987186","1":"product","2":"type-product","3":"status-publish","4":"has-post-thumbnail","6":"product_cat-conserves-vegetals","7":"product_cat-tomaquets","9":"first","10":"instock","11":"taxable","12":"shipping-taxable","13":"purchasable","14":"product-type-simple"},"acf":[],"yoast_head":"<!-- This site is optimized with the Yoast SEO plugin v24.8.1 - https:\/\/yoast.com\/wordpress\/plugins\/seo\/ -->\n<title>TOM\u00c0QUET PELAT EN EL SEU SUC 2,5kg - Colmado Singular<\/title>\n<meta name=\"robots\" content=\"index, follow, max-snippet:-1, max-image-preview:large, max-video-preview:-1\" \/>\n<link rel=\"canonical\" href=\"https:\/\/colmadosingular.com\/ca\/producto\/tomate-pelado-en-su-jugo-25kg\/\" \/>\n<meta property=\"og:locale\" content=\"ca_ES\" \/>\n<meta property=\"og:type\" content=\"article\" \/>\n<meta property=\"og:title\" content=\"TOM\u00c0QUET PELAT EN EL SEU SUC 2,5kg - Colmado Singular\" \/>\n<meta property=\"og:description\" content=\"FINAGRICOLA A Battipaglia, entre Salern i Paestum Gerardo Palo, i els seus fills: Fabio i Massimiliano Conserves vegetals de tom\u00e0quets pelats tipologia de Datterino vermell, estabilitzats per tractament t\u00e8rmic. &nbsp; Per anar m\u00e9s enll\u00e0\u2026 Arr\u00f2s Acquerello, pasta Benedetto Cavalieri. Flammkuchen.\" \/>\n<meta property=\"og:url\" content=\"https:\/\/colmadosingular.com\/ca\/producto\/tomate-pelado-en-su-jugo-25kg\/\" \/>\n<meta property=\"og:site_name\" content=\"Colmado Singular\" \/>\n<meta property=\"article:modified_time\" content=\"2025-03-08T16:02:22+00:00\" \/>\n<meta property=\"og:image\" content=\"https:\/\/colmadosingular.com\/wp-content\/uploads\/2024\/08\/FI014_PSV7265-1G-BR.jpg\" \/>\n\t<meta property=\"og:image:width\" content=\"850\" \/>\n\t<meta property=\"og:image:height\" content=\"850\" \/>\n\t<meta property=\"og:image:type\" content=\"image\/jpeg\" \/>\n<meta name=\"twitter:card\" content=\"summary_large_image\" \/>\n<meta name=\"twitter:label1\" content=\"Temps estimat de lectura\" \/>\n\t<meta name=\"twitter:data1\" content=\"1 minut\" \/>\n<script type=\"application\/ld+json\" class=\"yoast-schema-graph\">{\"@context\":\"https:\/\/schema.org\",\"@graph\":[{\"@type\":\"WebPage\",\"@id\":\"https:\/\/colmadosingular.com\/ca\/producto\/tomate-pelado-en-su-jugo-25kg\/\",\"url\":\"https:\/\/colmadosingular.com\/ca\/producto\/tomate-pelado-en-su-jugo-25kg\/\",\"name\":\"TOM\u00c0QUET PELAT EN EL SEU SUC 2,5kg - Colmado Singular\",\"isPartOf\":{\"@id\":\"https:\/\/colmadosingular.com\/ca\/#website\"},\"primaryImageOfPage\":{\"@id\":\"https:\/\/colmadosingular.com\/ca\/producto\/tomate-pelado-en-su-jugo-25kg\/#primaryimage\"},\"image\":{\"@id\":\"https:\/\/colmadosingular.com\/ca\/producto\/tomate-pelado-en-su-jugo-25kg\/#primaryimage\"},\"thumbnailUrl\":\"https:\/\/colmadosingular.com\/wp-content\/uploads\/2024\/08\/FI014_PSV7265-1G-BR.jpg\",\"datePublished\":\"2024-08-12T14:24:07+00:00\",\"dateModified\":\"2025-03-08T16:02:22+00:00\",\"breadcrumb\":{\"@id\":\"https:\/\/colmadosingular.com\/ca\/producto\/tomate-pelado-en-su-jugo-25kg\/#breadcrumb\"},\"inLanguage\":\"ca\",\"potentialAction\":[{\"@type\":\"ReadAction\",\"target\":[\"https:\/\/colmadosingular.com\/ca\/producto\/tomate-pelado-en-su-jugo-25kg\/\"]}]},{\"@type\":\"ImageObject\",\"inLanguage\":\"ca\",\"@id\":\"https:\/\/colmadosingular.com\/ca\/producto\/tomate-pelado-en-su-jugo-25kg\/#primaryimage\",\"url\":\"https:\/\/colmadosingular.com\/wp-content\/uploads\/2024\/08\/FI014_PSV7265-1G-BR.jpg\",\"contentUrl\":\"https:\/\/colmadosingular.com\/wp-content\/uploads\/2024\/08\/FI014_PSV7265-1G-BR.jpg\",\"width\":850,\"height\":850},{\"@type\":\"BreadcrumbList\",\"@id\":\"https:\/\/colmadosingular.com\/ca\/producto\/tomate-pelado-en-su-jugo-25kg\/#breadcrumb\",\"itemListElement\":[{\"@type\":\"ListItem\",\"position\":1,\"name\":\"Portada\",\"item\":\"https:\/\/colmadosingular.com\/ca\/inici\/\"},{\"@type\":\"ListItem\",\"position\":2,\"name\":\"BOTIGA\",\"item\":\"https:\/\/colmadosingular.com\/ca\/shop\/\"},{\"@type\":\"ListItem\",\"position\":3,\"name\":\"TOM\u00c0QUET PELAT EN EL SEU SUC 2,5kg\"}]},{\"@type\":\"WebSite\",\"@id\":\"https:\/\/colmadosingular.com\/ca\/#website\",\"url\":\"https:\/\/colmadosingular.com\/ca\/\",\"name\":\"Colmado Singular\",\"description\":\"\",\"publisher\":{\"@id\":\"https:\/\/colmadosingular.com\/ca\/#organization\"},\"potentialAction\":[{\"@type\":\"SearchAction\",\"target\":{\"@type\":\"EntryPoint\",\"urlTemplate\":\"https:\/\/colmadosingular.com\/ca\/?s={search_term_string}\"},\"query-input\":{\"@type\":\"PropertyValueSpecification\",\"valueRequired\":true,\"valueName\":\"search_term_string\"}}],\"inLanguage\":\"ca\"},{\"@type\":\"Organization\",\"@id\":\"https:\/\/colmadosingular.com\/ca\/#organization\",\"name\":\"Colmado Singular\",\"url\":\"https:\/\/colmadosingular.com\/ca\/\",\"logo\":{\"@type\":\"ImageObject\",\"inLanguage\":\"ca\",\"@id\":\"https:\/\/colmadosingular.com\/ca\/#\/schema\/logo\/image\/\",\"url\":\"https:\/\/colmadosingular.com\/wp-content\/uploads\/2024\/08\/logo-colmado.svg\",\"contentUrl\":\"https:\/\/colmadosingular.com\/wp-content\/uploads\/2024\/08\/logo-colmado.svg\",\"width\":620,\"height\":50,\"caption\":\"Colmado Singular\"},\"image\":{\"@id\":\"https:\/\/colmadosingular.com\/ca\/#\/schema\/logo\/image\/\"}}]}<\/script>\n<!-- \/ Yoast SEO plugin. -->","yoast_head_json":{"title":"TOM\u00c0QUET PELAT EN EL SEU SUC 2,5kg - Colmado Singular","robots":{"index":"index","follow":"follow","max-snippet":"max-snippet:-1","max-image-preview":"max-image-preview:large","max-video-preview":"max-video-preview:-1"},"canonical":"https:\/\/colmadosingular.com\/ca\/producto\/tomate-pelado-en-su-jugo-25kg\/","og_locale":"ca_ES","og_type":"article","og_title":"TOM\u00c0QUET PELAT EN EL SEU SUC 2,5kg - Colmado Singular","og_description":"FINAGRICOLA A Battipaglia, entre Salern i Paestum Gerardo Palo, i els seus fills: Fabio i Massimiliano Conserves vegetals de tom\u00e0quets pelats tipologia de Datterino vermell, estabilitzats per tractament t\u00e8rmic. &nbsp; Per anar m\u00e9s enll\u00e0\u2026 Arr\u00f2s Acquerello, pasta Benedetto Cavalieri. Flammkuchen.","og_url":"https:\/\/colmadosingular.com\/ca\/producto\/tomate-pelado-en-su-jugo-25kg\/","og_site_name":"Colmado Singular","article_modified_time":"2025-03-08T16:02:22+00:00","og_image":[{"width":850,"height":850,"url":"https:\/\/colmadosingular.com\/wp-content\/uploads\/2024\/08\/FI014_PSV7265-1G-BR.jpg","type":"image\/jpeg"}],"twitter_card":"summary_large_image","twitter_misc":{"Temps estimat de lectura":"1 minut"},"schema":{"@context":"https:\/\/schema.org","@graph":[{"@type":"WebPage","@id":"https:\/\/colmadosingular.com\/ca\/producto\/tomate-pelado-en-su-jugo-25kg\/","url":"https:\/\/colmadosingular.com\/ca\/producto\/tomate-pelado-en-su-jugo-25kg\/","name":"TOM\u00c0QUET PELAT EN EL SEU SUC 2,5kg - Colmado Singular","isPartOf":{"@id":"https:\/\/colmadosingular.com\/ca\/#website"},"primaryImageOfPage":{"@id":"https:\/\/colmadosingular.com\/ca\/producto\/tomate-pelado-en-su-jugo-25kg\/#primaryimage"},"image":{"@id":"https:\/\/colmadosingular.com\/ca\/producto\/tomate-pelado-en-su-jugo-25kg\/#primaryimage"},"thumbnailUrl":"https:\/\/colmadosingular.com\/wp-content\/uploads\/2024\/08\/FI014_PSV7265-1G-BR.jpg","datePublished":"2024-08-12T14:24:07+00:00","dateModified":"2025-03-08T16:02:22+00:00","breadcrumb":{"@id":"https:\/\/colmadosingular.com\/ca\/producto\/tomate-pelado-en-su-jugo-25kg\/#breadcrumb"},"inLanguage":"ca","potentialAction":[{"@type":"ReadAction","target":["https:\/\/colmadosingular.com\/ca\/producto\/tomate-pelado-en-su-jugo-25kg\/"]}]},{"@type":"ImageObject","inLanguage":"ca","@id":"https:\/\/colmadosingular.com\/ca\/producto\/tomate-pelado-en-su-jugo-25kg\/#primaryimage","url":"https:\/\/colmadosingular.com\/wp-content\/uploads\/2024\/08\/FI014_PSV7265-1G-BR.jpg","contentUrl":"https:\/\/colmadosingular.com\/wp-content\/uploads\/2024\/08\/FI014_PSV7265-1G-BR.jpg","width":850,"height":850},{"@type":"BreadcrumbList","@id":"https:\/\/colmadosingular.com\/ca\/producto\/tomate-pelado-en-su-jugo-25kg\/#breadcrumb","itemListElement":[{"@type":"ListItem","position":1,"name":"Portada","item":"https:\/\/colmadosingular.com\/ca\/inici\/"},{"@type":"ListItem","position":2,"name":"BOTIGA","item":"https:\/\/colmadosingular.com\/ca\/shop\/"},{"@type":"ListItem","position":3,"name":"TOM\u00c0QUET PELAT EN EL SEU SUC 2,5kg"}]},{"@type":"WebSite","@id":"https:\/\/colmadosingular.com\/ca\/#website","url":"https:\/\/colmadosingular.com\/ca\/","name":"Colmado Singular","description":"","publisher":{"@id":"https:\/\/colmadosingular.com\/ca\/#organization"},"potentialAction":[{"@type":"SearchAction","target":{"@type":"EntryPoint","urlTemplate":"https:\/\/colmadosingular.com\/ca\/?s={search_term_string}"},"query-input":{"@type":"PropertyValueSpecification","valueRequired":true,"valueName":"search_term_string"}}],"inLanguage":"ca"},{"@type":"Organization","@id":"https:\/\/colmadosingular.com\/ca\/#organization","name":"Colmado Singular","url":"https:\/\/colmadosingular.com\/ca\/","logo":{"@type":"ImageObject","inLanguage":"ca","@id":"https:\/\/colmadosingular.com\/ca\/#\/schema\/logo\/image\/","url":"https:\/\/colmadosingular.com\/wp-content\/uploads\/2024\/08\/logo-colmado.svg","contentUrl":"https:\/\/colmadosingular.com\/wp-content\/uploads\/2024\/08\/logo-colmado.svg","width":620,"height":50,"caption":"Colmado Singular"},"image":{"@id":"https:\/\/colmadosingular.com\/ca\/#\/schema\/logo\/image\/"}}]}},"_links":{"self":[{"href":"https:\/\/colmadosingular.com\/ca\/wp-json\/wp\/v2\/product\/987186","targetHints":{"allow":["GET"]}}],"collection":[{"href":"https:\/\/colmadosingular.com\/ca\/wp-json\/wp\/v2\/product"}],"about":[{"href":"https:\/\/colmadosingular.com\/ca\/wp-json\/wp\/v2\/types\/product"}],"wp:featuredmedia":[{"embeddable":true,"href":"https:\/\/colmadosingular.com\/ca\/wp-json\/wp\/v2\/media\/984657"}],"wp:attachment":[{"href":"https:\/\/colmadosingular.com\/ca\/wp-json\/wp\/v2\/media?parent=987186"}],"wp:term":[{"taxonomy":"product_brand","embeddable":true,"href":"https:\/\/colmadosingular.com\/ca\/wp-json\/wp\/v2\/product_brand?post=987186"},{"taxonomy":"product_cat","embeddable":true,"href":"https:\/\/colmadosingular.com\/ca\/wp-json\/wp\/v2\/product_cat?post=987186"},{"taxonomy":"product_tag","embeddable":true,"href":"https:\/\/colmadosingular.com\/ca\/wp-json\/wp\/v2\/product_tag?post=987186"}],"curies":[{"name":"wp","href":"https:\/\/api.w.org\/{rel}","templated":true}]}}