{"id":987209,"date":"2024-08-12T16:19:27","date_gmt":"2024-08-12T14:19:27","guid":{"rendered":"https:\/\/colmadosingular.com\/producto\/tomate-pelado-paolo-petrilli-314ml\/"},"modified":"2025-02-22T19:30:32","modified_gmt":"2025-02-22T18:30:32","slug":"tomate-pelado-paolo-petrilli-314ml","status":"publish","type":"product","link":"https:\/\/colmadosingular.com\/ca\/producto\/tomate-pelado-paolo-petrilli-314ml\/","title":{"rendered":"TOMATE PELADO PAOLO PETRILLI 314ml"},"content":{"rendered":"","protected":false},"excerpt":{"rendered":"<p>PAOLO PETRILLI, LA MEJOR FRUTA ROJA<\/p>\n<p>\u00a1Qu\u00e9 tomate, el de Pietro Petrilli! Ha sabido dar con la f\u00f3rmula para sacar un tomate con sabor a tomate, un producto sabroso, de textura suave y fibrosa.<br \/>\nSu t\u00e9cnica de renovaci\u00f3n de los cepos marca diferencias. Los tomates reposan al sol hasta que adquieren el nivel de maduraci\u00f3n id\u00f3neo: tersos y brillantes por fuera, tiernos y apetecibles por dentro. Pelarlos es la clave. Los tomates se recogen a mano y se someten a una delicada extracci\u00f3n de la piel. Una vez escaldados en agua hirviendo, se envasan en botes de vidrio de forma manual para que encajen a la perfecci\u00f3n. Sin aditivos, sin aceites, sin sal y sin vinagre. Solo una hoja de albahaca.<\/p>\n<p>Producto con certificaci\u00f3n ecol\u00f3gica.<\/p>\n","protected":false},"featured_media":5319,"template":"","meta":{"_acf_changed":false,"_monsterinsights_skip_tracking":false,"_monsterinsights_sitenote_active":false,"_monsterinsights_sitenote_note":"","_monsterinsights_sitenote_category":0,"_joinchat":[]},"product_brand":[],"product_cat":[232,240],"product_tag":[],"class_list":{"0":"post-987209","1":"product","2":"type-product","3":"status-publish","4":"has-post-thumbnail","6":"product_cat-conserves-vegetals","7":"product_cat-tomaquets","9":"first","10":"instock","11":"taxable","12":"shipping-taxable","13":"purchasable","14":"product-type-simple"},"acf":[],"yoast_head":"<!-- This site is optimized with the Yoast SEO plugin v24.8.1 - https:\/\/yoast.com\/wordpress\/plugins\/seo\/ -->\n<title>TOMATE PELADO PAOLO PETRILLI 314ml - Colmado Singular<\/title>\n<meta name=\"robots\" content=\"index, follow, max-snippet:-1, max-image-preview:large, max-video-preview:-1\" \/>\n<link rel=\"canonical\" href=\"https:\/\/colmadosingular.com\/ca\/producto\/tomate-pelado-paolo-petrilli-314ml\/\" \/>\n<meta property=\"og:locale\" content=\"ca_ES\" \/>\n<meta property=\"og:type\" content=\"article\" \/>\n<meta property=\"og:title\" content=\"TOMATE PELADO PAOLO PETRILLI 314ml - Colmado Singular\" \/>\n<meta property=\"og:description\" content=\"PAOLO PETRILLI, LA MEJOR FRUTA ROJA  \u00a1Qu\u00e9 tomate, el de Pietro Petrilli! Ha sabido dar con la f\u00f3rmula para sacar un tomate con sabor a tomate, un producto sabroso, de textura suave y fibrosa. Su t\u00e9cnica de renovaci\u00f3n de los cepos marca diferencias. Los tomates reposan al sol hasta que adquieren el nivel de maduraci\u00f3n id\u00f3neo: tersos y brillantes por fuera, tiernos y apetecibles por dentro. Pelarlos es la clave. Los tomates se recogen a mano y se someten a una delicada extracci\u00f3n de la piel. Una vez escaldados en agua hirviendo, se envasan en botes de vidrio de forma manual para que encajen a la perfecci\u00f3n. Sin aditivos, sin aceites, sin sal y sin vinagre. Solo una hoja de albahaca.  Producto con certificaci\u00f3n ecol\u00f3gica.\" \/>\n<meta property=\"og:url\" content=\"https:\/\/colmadosingular.com\/ca\/producto\/tomate-pelado-paolo-petrilli-314ml\/\" \/>\n<meta property=\"og:site_name\" content=\"Colmado Singular\" \/>\n<meta property=\"article:modified_time\" content=\"2025-02-22T18:30:32+00:00\" \/>\n<meta property=\"og:image\" content=\"https:\/\/colmadosingular.com\/wp-content\/uploads\/2024\/08\/PP018_20230203_OK.jpg\" \/>\n\t<meta property=\"og:image:width\" content=\"800\" \/>\n\t<meta property=\"og:image:height\" content=\"800\" \/>\n\t<meta property=\"og:image:type\" content=\"image\/jpeg\" \/>\n<meta name=\"twitter:card\" content=\"summary_large_image\" \/>\n<meta name=\"twitter:label1\" content=\"Temps estimat de lectura\" \/>\n\t<meta name=\"twitter:data1\" content=\"1 minut\" \/>\n<script type=\"application\/ld+json\" class=\"yoast-schema-graph\">{\"@context\":\"https:\/\/schema.org\",\"@graph\":[{\"@type\":\"WebPage\",\"@id\":\"https:\/\/colmadosingular.com\/ca\/producto\/tomate-pelado-paolo-petrilli-314ml\/\",\"url\":\"https:\/\/colmadosingular.com\/ca\/producto\/tomate-pelado-paolo-petrilli-314ml\/\",\"name\":\"TOMATE PELADO PAOLO PETRILLI 314ml - Colmado Singular\",\"isPartOf\":{\"@id\":\"https:\/\/colmadosingular.com\/ca\/#website\"},\"primaryImageOfPage\":{\"@id\":\"https:\/\/colmadosingular.com\/ca\/producto\/tomate-pelado-paolo-petrilli-314ml\/#primaryimage\"},\"image\":{\"@id\":\"https:\/\/colmadosingular.com\/ca\/producto\/tomate-pelado-paolo-petrilli-314ml\/#primaryimage\"},\"thumbnailUrl\":\"https:\/\/colmadosingular.com\/wp-content\/uploads\/2024\/08\/PP018_20230203_OK.jpg\",\"datePublished\":\"2024-08-12T14:19:27+00:00\",\"dateModified\":\"2025-02-22T18:30:32+00:00\",\"breadcrumb\":{\"@id\":\"https:\/\/colmadosingular.com\/ca\/producto\/tomate-pelado-paolo-petrilli-314ml\/#breadcrumb\"},\"inLanguage\":\"ca\",\"potentialAction\":[{\"@type\":\"ReadAction\",\"target\":[\"https:\/\/colmadosingular.com\/ca\/producto\/tomate-pelado-paolo-petrilli-314ml\/\"]}]},{\"@type\":\"ImageObject\",\"inLanguage\":\"ca\",\"@id\":\"https:\/\/colmadosingular.com\/ca\/producto\/tomate-pelado-paolo-petrilli-314ml\/#primaryimage\",\"url\":\"https:\/\/colmadosingular.com\/wp-content\/uploads\/2024\/08\/PP018_20230203_OK.jpg\",\"contentUrl\":\"https:\/\/colmadosingular.com\/wp-content\/uploads\/2024\/08\/PP018_20230203_OK.jpg\",\"width\":800,\"height\":800},{\"@type\":\"BreadcrumbList\",\"@id\":\"https:\/\/colmadosingular.com\/ca\/producto\/tomate-pelado-paolo-petrilli-314ml\/#breadcrumb\",\"itemListElement\":[{\"@type\":\"ListItem\",\"position\":1,\"name\":\"Portada\",\"item\":\"https:\/\/colmadosingular.com\/ca\/inici\/\"},{\"@type\":\"ListItem\",\"position\":2,\"name\":\"BOTIGA\",\"item\":\"https:\/\/colmadosingular.com\/ca\/shop\/\"},{\"@type\":\"ListItem\",\"position\":3,\"name\":\"TOMATE PELADO PAOLO PETRILLI 314ml\"}]},{\"@type\":\"WebSite\",\"@id\":\"https:\/\/colmadosingular.com\/ca\/#website\",\"url\":\"https:\/\/colmadosingular.com\/ca\/\",\"name\":\"Colmado Singular\",\"description\":\"\",\"publisher\":{\"@id\":\"https:\/\/colmadosingular.com\/ca\/#organization\"},\"potentialAction\":[{\"@type\":\"SearchAction\",\"target\":{\"@type\":\"EntryPoint\",\"urlTemplate\":\"https:\/\/colmadosingular.com\/ca\/?s={search_term_string}\"},\"query-input\":{\"@type\":\"PropertyValueSpecification\",\"valueRequired\":true,\"valueName\":\"search_term_string\"}}],\"inLanguage\":\"ca\"},{\"@type\":\"Organization\",\"@id\":\"https:\/\/colmadosingular.com\/ca\/#organization\",\"name\":\"Colmado Singular\",\"url\":\"https:\/\/colmadosingular.com\/ca\/\",\"logo\":{\"@type\":\"ImageObject\",\"inLanguage\":\"ca\",\"@id\":\"https:\/\/colmadosingular.com\/ca\/#\/schema\/logo\/image\/\",\"url\":\"https:\/\/colmadosingular.com\/wp-content\/uploads\/2024\/08\/logo-colmado.svg\",\"contentUrl\":\"https:\/\/colmadosingular.com\/wp-content\/uploads\/2024\/08\/logo-colmado.svg\",\"width\":620,\"height\":50,\"caption\":\"Colmado Singular\"},\"image\":{\"@id\":\"https:\/\/colmadosingular.com\/ca\/#\/schema\/logo\/image\/\"}}]}<\/script>\n<!-- \/ Yoast SEO plugin. -->","yoast_head_json":{"title":"TOMATE PELADO PAOLO PETRILLI 314ml - Colmado Singular","robots":{"index":"index","follow":"follow","max-snippet":"max-snippet:-1","max-image-preview":"max-image-preview:large","max-video-preview":"max-video-preview:-1"},"canonical":"https:\/\/colmadosingular.com\/ca\/producto\/tomate-pelado-paolo-petrilli-314ml\/","og_locale":"ca_ES","og_type":"article","og_title":"TOMATE PELADO PAOLO PETRILLI 314ml - Colmado Singular","og_description":"PAOLO PETRILLI, LA MEJOR FRUTA ROJA  \u00a1Qu\u00e9 tomate, el de Pietro Petrilli! Ha sabido dar con la f\u00f3rmula para sacar un tomate con sabor a tomate, un producto sabroso, de textura suave y fibrosa. Su t\u00e9cnica de renovaci\u00f3n de los cepos marca diferencias. Los tomates reposan al sol hasta que adquieren el nivel de maduraci\u00f3n id\u00f3neo: tersos y brillantes por fuera, tiernos y apetecibles por dentro. Pelarlos es la clave. Los tomates se recogen a mano y se someten a una delicada extracci\u00f3n de la piel. Una vez escaldados en agua hirviendo, se envasan en botes de vidrio de forma manual para que encajen a la perfecci\u00f3n. Sin aditivos, sin aceites, sin sal y sin vinagre. Solo una hoja de albahaca.  Producto con certificaci\u00f3n ecol\u00f3gica.","og_url":"https:\/\/colmadosingular.com\/ca\/producto\/tomate-pelado-paolo-petrilli-314ml\/","og_site_name":"Colmado Singular","article_modified_time":"2025-02-22T18:30:32+00:00","og_image":[{"width":800,"height":800,"url":"https:\/\/colmadosingular.com\/wp-content\/uploads\/2024\/08\/PP018_20230203_OK.jpg","type":"image\/jpeg"}],"twitter_card":"summary_large_image","twitter_misc":{"Temps estimat de lectura":"1 minut"},"schema":{"@context":"https:\/\/schema.org","@graph":[{"@type":"WebPage","@id":"https:\/\/colmadosingular.com\/ca\/producto\/tomate-pelado-paolo-petrilli-314ml\/","url":"https:\/\/colmadosingular.com\/ca\/producto\/tomate-pelado-paolo-petrilli-314ml\/","name":"TOMATE PELADO PAOLO PETRILLI 314ml - Colmado Singular","isPartOf":{"@id":"https:\/\/colmadosingular.com\/ca\/#website"},"primaryImageOfPage":{"@id":"https:\/\/colmadosingular.com\/ca\/producto\/tomate-pelado-paolo-petrilli-314ml\/#primaryimage"},"image":{"@id":"https:\/\/colmadosingular.com\/ca\/producto\/tomate-pelado-paolo-petrilli-314ml\/#primaryimage"},"thumbnailUrl":"https:\/\/colmadosingular.com\/wp-content\/uploads\/2024\/08\/PP018_20230203_OK.jpg","datePublished":"2024-08-12T14:19:27+00:00","dateModified":"2025-02-22T18:30:32+00:00","breadcrumb":{"@id":"https:\/\/colmadosingular.com\/ca\/producto\/tomate-pelado-paolo-petrilli-314ml\/#breadcrumb"},"inLanguage":"ca","potentialAction":[{"@type":"ReadAction","target":["https:\/\/colmadosingular.com\/ca\/producto\/tomate-pelado-paolo-petrilli-314ml\/"]}]},{"@type":"ImageObject","inLanguage":"ca","@id":"https:\/\/colmadosingular.com\/ca\/producto\/tomate-pelado-paolo-petrilli-314ml\/#primaryimage","url":"https:\/\/colmadosingular.com\/wp-content\/uploads\/2024\/08\/PP018_20230203_OK.jpg","contentUrl":"https:\/\/colmadosingular.com\/wp-content\/uploads\/2024\/08\/PP018_20230203_OK.jpg","width":800,"height":800},{"@type":"BreadcrumbList","@id":"https:\/\/colmadosingular.com\/ca\/producto\/tomate-pelado-paolo-petrilli-314ml\/#breadcrumb","itemListElement":[{"@type":"ListItem","position":1,"name":"Portada","item":"https:\/\/colmadosingular.com\/ca\/inici\/"},{"@type":"ListItem","position":2,"name":"BOTIGA","item":"https:\/\/colmadosingular.com\/ca\/shop\/"},{"@type":"ListItem","position":3,"name":"TOMATE PELADO PAOLO PETRILLI 314ml"}]},{"@type":"WebSite","@id":"https:\/\/colmadosingular.com\/ca\/#website","url":"https:\/\/colmadosingular.com\/ca\/","name":"Colmado Singular","description":"","publisher":{"@id":"https:\/\/colmadosingular.com\/ca\/#organization"},"potentialAction":[{"@type":"SearchAction","target":{"@type":"EntryPoint","urlTemplate":"https:\/\/colmadosingular.com\/ca\/?s={search_term_string}"},"query-input":{"@type":"PropertyValueSpecification","valueRequired":true,"valueName":"search_term_string"}}],"inLanguage":"ca"},{"@type":"Organization","@id":"https:\/\/colmadosingular.com\/ca\/#organization","name":"Colmado Singular","url":"https:\/\/colmadosingular.com\/ca\/","logo":{"@type":"ImageObject","inLanguage":"ca","@id":"https:\/\/colmadosingular.com\/ca\/#\/schema\/logo\/image\/","url":"https:\/\/colmadosingular.com\/wp-content\/uploads\/2024\/08\/logo-colmado.svg","contentUrl":"https:\/\/colmadosingular.com\/wp-content\/uploads\/2024\/08\/logo-colmado.svg","width":620,"height":50,"caption":"Colmado Singular"},"image":{"@id":"https:\/\/colmadosingular.com\/ca\/#\/schema\/logo\/image\/"}}]}},"_links":{"self":[{"href":"https:\/\/colmadosingular.com\/ca\/wp-json\/wp\/v2\/product\/987209","targetHints":{"allow":["GET"]}}],"collection":[{"href":"https:\/\/colmadosingular.com\/ca\/wp-json\/wp\/v2\/product"}],"about":[{"href":"https:\/\/colmadosingular.com\/ca\/wp-json\/wp\/v2\/types\/product"}],"wp:featuredmedia":[{"embeddable":true,"href":"https:\/\/colmadosingular.com\/ca\/wp-json\/wp\/v2\/media\/5319"}],"wp:attachment":[{"href":"https:\/\/colmadosingular.com\/ca\/wp-json\/wp\/v2\/media?parent=987209"}],"wp:term":[{"taxonomy":"product_brand","embeddable":true,"href":"https:\/\/colmadosingular.com\/ca\/wp-json\/wp\/v2\/product_brand?post=987209"},{"taxonomy":"product_cat","embeddable":true,"href":"https:\/\/colmadosingular.com\/ca\/wp-json\/wp\/v2\/product_cat?post=987209"},{"taxonomy":"product_tag","embeddable":true,"href":"https:\/\/colmadosingular.com\/ca\/wp-json\/wp\/v2\/product_tag?post=987209"}],"curies":[{"name":"wp","href":"https:\/\/api.w.org\/{rel}","templated":true}]}}